{"id":83562,"date":"2025-05-19T11:39:28","date_gmt":"2025-05-19T09:39:28","guid":{"rendered":"https:\/\/provansadekor.rs\/?post_type=product&#038;p=83562"},"modified":"2026-03-14T12:24:45","modified_gmt":"2026-03-14T11:24:45","slug":"buket-crveni-amazon-2","status":"publish","type":"product","link":"https:\/\/provansadekor.rs\/ru\/proizvod\/buket-crveni-amazon-2\/","title":{"rendered":"\u0411\u0443\u043a\u0435\u0442 \u043a\u0440\u0430\u0441\u043d\u0430\u044f \u0430\u043c\u0430\u0437\u043e\u043d\u043a\u0430"},"content":{"rendered":"<p><em>\u0412\u0438\u0434\u044b <strong>\u0446\u0432\u0435\u0442\u044b \u0432 \u0431\u0443\u043a\u0435\u0442\u0435<\/strong><\/em>: \u043a\u0440\u0430\u0441\u043d\u044b\u0439 \u0430\u043c\u0430\u0440\u0438\u043b\u043b\u0438\u0441, \u043a\u0440\u0430\u0441\u043d\u044b\u0439\/\u0437\u0435\u043b\u0435\u043d\u044b\u0439 \u0430\u043d\u0442\u0443\u0440\u0438\u0443\u043c, \u0431\u0440\u0443\u043d\u0438\u044f, \u0440\u0443\u0431\u0435\u043b\u043b\u0438\u043d\u0438, \u044d\u0432\u043a\u0430\u043b\u0438\u043f\u0442.<\/p>\n<p><em>\u0421\u043e\u043f\u0443\u0442\u0441\u0442\u0432\u0443\u044e\u0449\u0435\u0435 \u043e\u0444\u043e\u0440\u043c\u043b\u0435\u043d\u0438\u0435<\/em>: \u0431\u0435\u043b\u0430\u044f \u0434\u0435\u043a\u043e\u0440\u0430\u0442\u0438\u0432\u043d\u0430\u044f \u0431\u0443\u043c\u0430\u0433\u0430, \u0431\u043e\u0440\u0434\u043e\u0432\u0430\u044f \u0438 \u043a\u0440\u0430\u0441\u043d\u043e-\u0437\u043e\u043b\u043e\u0442\u0430\u044f \u0434\u0435\u043a\u043e\u0440\u0430\u0442\u0438\u0432\u043d\u0430\u044f \u0431\u0443\u043c\u0430\u0433\u0430, \u0431\u043e\u0440\u0434\u043e\u0432\u044b\u0439 \u0431\u0430\u043d\u0442 \u0438\u0437 \u043b\u0435\u043d\u0442\u044b \u0441 \u0441\u0435\u0440\u044b\u043c\u0438 \u043a\u0440\u0430\u044f\u043c\u0438.<\/p>\n<p>\u041a\u0440\u0430\u0441\u0438\u0432\u043e\u0435 \u0441\u043e\u0447\u0435\u0442\u0430\u043d\u0438\u0435 \u0430\u043c\u0430\u0440\u0438\u043b\u043b\u0438\u0441\u0430, \u0430\u043d\u0442\u0443\u0440\u0438\u0443\u043c\u0430, \u0431\u0440\u0443\u043d\u0438\u0438, \u0440\u0443\u0431\u0435\u043b\u0438\u043d\u0438\u0438 \u0438 \u044d\u0432\u043a\u0430\u043b\u0438\u043f\u0442\u0430, \u0438\u0434\u0435\u0430\u043b\u044c\u043d\u043e \u0437\u0430\u0432\u0435\u0440\u043d\u0443\u0442\u043e\u0435 \u0432 \u0431\u043e\u0440\u0434\u043e\u0432\u0443\u044e \u0431\u0443\u043c\u0430\u0433\u0443 \u0441 \u043a\u043e\u043c\u0431\u0438\u043d\u0438\u0440\u043e\u0432\u0430\u043d\u043d\u043e\u0439 \u0431\u043e\u0440\u0434\u043e\u0432\u043e\u0439 \u043b\u0435\u043d\u0442\u043e\u0439.<\/p>\n<p>\u0414\u0438\u043a\u0430\u044f \u0441\u0442\u0440\u0430\u0441\u0442\u044c \u0432 \u0431\u0443\u043a\u0435\u0442\u0435!<\/p>\n<h2><em><strong>\u0411\u0443\u043a\u0435\u0442 \u0446\u0432\u0435\u0442\u043e\u0432, \u0414\u043e\u0441\u0442\u0430\u0432\u043a\u0430 \u0446\u0432\u0435\u0442\u043e\u0432 \u0411\u0435\u043b\u0433\u0440\u0430\u0434<\/strong><\/em><\/h2>","protected":false},"excerpt":{"rendered":"<p>Vrste cve\u0107a u buketu: crveni amarilis, crveno\/zeleni anturium, , brunia, rubelini, eukaliptus. Prate\u0107a dekoracija: beli dekorativni papir, bordo i crveno\/zlatni dekorativni papir, ma\u0161na od bordo trake sa sivim ivicama. Prelepa kombinacija amarilisa, anturiuma, brunie, rubelinia i eukaliptusa savr\u0161eno upakovana u bordo papir sa kombinacijom bordo trake. Divlja strast u buketu! Buket cve\u0107a, Dostava cve\u0107a Beograd<\/p>","protected":false},"featured_media":30736,"template":"","meta":[],"product_brand":[],"product_cat":[115],"product_tag":[318],"class_list":{"0":"post-83562","1":"product","2":"type-product","3":"status-publish","4":"has-post-thumbnail","6":"product_cat-buketi-cveca","7":"product_tag-crvene-ruze","9":"first","10":"outofstock","11":"shipping-taxable","12":"purchasable","13":"product-type-simple"},"yoast_head":"<!-- This site is optimized with the Yoast SEO Premium plugin v20.9 (Yoast SEO v26.5) - https:\/\/yoast.com\/wordpress\/plugins\/seo\/ -->\n<title>Buket crveni amazon &#8211; Provansa Dekor<\/title>\n<meta name=\"description\" content=\"Prelepa kombinacija amarilisa, anturiuma, brunie, rubelinia i eukaliptusa savr\u0161eno upakovana u bordo papir sa kombinacijom bordo trake.Divlja strast u buketu!Buket cve\u0107a, Dostava cve\u0107a Beograd\" \/>\n<meta name=\"robots\" content=\"index, follow, max-snippet:-1, max-image-preview:large, max-video-preview:-1\" \/>\n<link rel=\"canonical\" href=\"https:\/\/provansadekor.rs\/ru\/proizvod\/buket-crveni-amazon-2\/\" \/>\n<meta property=\"og:locale\" content=\"ru_RU\" \/>\n<meta property=\"og:type\" content=\"article\" \/>\n<meta property=\"og:title\" content=\"Buket crveni amazon\" \/>\n<meta property=\"og:description\" content=\"Prelepa kombinacija amarilisa, anturiuma, brunie, rubelinia i eukaliptusa savr\u0161eno upakovana u bordo papir sa kombinacijom bordo trake.Divlja strast u buketu!Buket cve\u0107a, Dostava cve\u0107a Beograd\" \/>\n<meta property=\"og:url\" content=\"https:\/\/provansadekor.rs\/ru\/proizvod\/buket-crveni-amazon-2\/\" \/>\n<meta property=\"og:site_name\" content=\"Provansa Dekor\" \/>\n<meta property=\"article:publisher\" content=\"https:\/\/www.facebook.com\/provansadekor\" \/>\n<meta property=\"article:modified_time\" content=\"2026-03-14T11:24:45+00:00\" \/>\n<meta property=\"og:image\" content=\"https:\/\/provansadekor.rs\/wp-content\/uploads\/2020\/10\/amarilis2.jpg\" \/>\n\t<meta property=\"og:image:width\" content=\"1350\" \/>\n\t<meta property=\"og:image:height\" content=\"1800\" \/>\n\t<meta property=\"og:image:type\" content=\"image\/jpeg\" \/>\n<meta name=\"twitter:card\" content=\"summary_large_image\" \/>\n<meta name=\"twitter:label1\" content=\"\u041f\u0440\u0438\u043c\u0435\u0440\u043d\u043e\u0435 \u0432\u0440\u0435\u043c\u044f \u0434\u043b\u044f \u0447\u0442\u0435\u043d\u0438\u044f\" \/>\n\t<meta name=\"twitter:data1\" content=\"1 \u043c\u0438\u043d\u0443\u0442\u0430\" \/>\n<script type=\"application\/ld+json\" class=\"yoast-schema-graph\">{\"@context\":\"https:\/\/schema.org\",\"@graph\":[{\"@type\":[\"WebPage\",\"ItemPage\"],\"@id\":\"https:\/\/provansadekor.rs\/proizvod\/buket-crveni-amazon-2\/\",\"url\":\"https:\/\/provansadekor.rs\/proizvod\/buket-crveni-amazon-2\/\",\"name\":\"Buket crveni amazon &#8211; Provansa Dekor\",\"isPartOf\":{\"@id\":\"https:\/\/provansadekor.rs\/#website\"},\"primaryImageOfPage\":{\"@id\":\"https:\/\/provansadekor.rs\/proizvod\/buket-crveni-amazon-2\/#primaryimage\"},\"image\":{\"@id\":\"https:\/\/provansadekor.rs\/proizvod\/buket-crveni-amazon-2\/#primaryimage\"},\"thumbnailUrl\":\"https:\/\/provansadekor.rs\/wp-content\/uploads\/2020\/10\/amarilis2.jpg\",\"datePublished\":\"2025-05-19T09:39:28+00:00\",\"dateModified\":\"2026-03-14T11:24:45+00:00\",\"description\":\"Prelepa kombinacija amarilisa, anturiuma, brunie, rubelinia i eukaliptusa savr\u0161eno upakovana u bordo papir sa kombinacijom bordo trake.Divlja strast u buketu!Buket cve\u0107a, Dostava cve\u0107a Beograd\",\"breadcrumb\":{\"@id\":\"https:\/\/provansadekor.rs\/proizvod\/buket-crveni-amazon-2\/#breadcrumb\"},\"inLanguage\":\"ru-RU\",\"potentialAction\":[{\"@type\":\"ReadAction\",\"target\":[\"https:\/\/provansadekor.rs\/proizvod\/buket-crveni-amazon-2\/\"]}]},{\"@type\":\"ImageObject\",\"inLanguage\":\"ru-RU\",\"@id\":\"https:\/\/provansadekor.rs\/proizvod\/buket-crveni-amazon-2\/#primaryimage\",\"url\":\"https:\/\/provansadekor.rs\/wp-content\/uploads\/2020\/10\/amarilis2.jpg\",\"contentUrl\":\"https:\/\/provansadekor.rs\/wp-content\/uploads\/2020\/10\/amarilis2.jpg\",\"width\":1350,\"height\":1800},{\"@type\":\"BreadcrumbList\",\"@id\":\"https:\/\/provansadekor.rs\/proizvod\/buket-crveni-amazon-2\/#breadcrumb\",\"itemListElement\":[{\"@type\":\"ListItem\",\"position\":1,\"name\":\"\u041f\u043e\u0447\u0435\u0442\u043d\u0430\",\"item\":\"https:\/\/provansadekor.rs\/\"},{\"@type\":\"ListItem\",\"position\":2,\"name\":\"\u041f\u0440\u043e\u0438\u0437\u0432\u043e\u0434\u0438\",\"item\":\"https:\/\/provansadekor.rs\/shop\/\"},{\"@type\":\"ListItem\",\"position\":3,\"name\":\"Buket crveni amazon\"}]},{\"@type\":\"WebSite\",\"@id\":\"https:\/\/provansadekor.rs\/#website\",\"url\":\"https:\/\/provansadekor.rs\/\",\"name\":\"Provansa Dekor\",\"description\":\"Dostava cve\u0107a Beograd - Organizacija i Dekoracija doga\u0111aja - Ure\u0111enje zelenih povr\u0161ina\",\"publisher\":{\"@id\":\"https:\/\/provansadekor.rs\/#organization\"},\"potentialAction\":[{\"@type\":\"SearchAction\",\"target\":{\"@type\":\"EntryPoint\",\"urlTemplate\":\"https:\/\/provansadekor.rs\/?s={search_term_string}\"},\"query-input\":{\"@type\":\"PropertyValueSpecification\",\"valueRequired\":true,\"valueName\":\"search_term_string\"}}],\"inLanguage\":\"ru-RU\"},{\"@type\":\"Organization\",\"@id\":\"https:\/\/provansadekor.rs\/#organization\",\"name\":\"Provansa Dekor Cve\u0107ara Beograd\",\"url\":\"https:\/\/provansadekor.rs\/\",\"logo\":{\"@type\":\"ImageObject\",\"inLanguage\":\"ru-RU\",\"@id\":\"https:\/\/provansadekor.rs\/#\/schema\/logo\/image\/\",\"url\":\"https:\/\/provansadekor.rs\/wp-content\/uploads\/2022\/03\/logo-provansa.jpg\",\"contentUrl\":\"https:\/\/provansadekor.rs\/wp-content\/uploads\/2022\/03\/logo-provansa.jpg\",\"width\":200,\"height\":200,\"caption\":\"Provansa Dekor Cve\u0107ara Beograd\"},\"image\":{\"@id\":\"https:\/\/provansadekor.rs\/#\/schema\/logo\/image\/\"},\"sameAs\":[\"https:\/\/www.facebook.com\/provansadekor\",\"https:\/\/www.instagram.com\/provansadekor\/\"]}]}<\/script>\n<!-- \/ Yoast SEO Premium plugin. -->","yoast_head_json":{"title":"Buket crveni amazon &#8211; Provansa Dekor","description":"\u041a\u0440\u0430\u0441\u0438\u0432\u043e\u0435 \u0441\u043e\u0447\u0435\u0442\u0430\u043d\u0438\u0435 \u0430\u043c\u0430\u0440\u0438\u043b\u043b\u0438\u0441\u0430, \u0430\u043d\u0442\u0443\u0440\u0438\u0443\u043c\u0430, \u0431\u0440\u0443\u043d\u0438\u0438, \u0440\u0443\u0431\u0435\u043b\u0438\u043d\u0438\u0438 \u0438 \u044d\u0432\u043a\u0430\u043b\u0438\u043f\u0442\u0430, \u0438\u0434\u0435\u0430\u043b\u044c\u043d\u043e \u0437\u0430\u0432\u0435\u0440\u043d\u0443\u0442\u043e\u0435 \u0432 \u0431\u043e\u0440\u0434\u043e\u0432\u0443\u044e \u0431\u0443\u043c\u0430\u0433\u0443 \u0441 \u043a\u043e\u043c\u0431\u0438\u043d\u0438\u0440\u043e\u0432\u0430\u043d\u043d\u043e\u0439 \u0431\u043e\u0440\u0434\u043e\u0432\u043e\u0439 \u043b\u0435\u043d\u0442\u043e\u0439.\u0414\u0438\u043a\u0430\u044f \u0441\u0442\u0440\u0430\u0441\u0442\u044c \u0432 \u0431\u0443\u043a\u0435\u0442\u0435!\u0411\u0443\u043a\u0435\u0442 \u0446\u0432\u0435\u0442\u043e\u0432, \u0414\u043e\u0441\u0442\u0430\u0432\u043a\u0430 \u0446\u0432\u0435\u0442\u043e\u0432 \u0411\u0435\u043b\u0433\u0440\u0430\u0434","robots":{"index":"index","follow":"follow","max-snippet":"max-snippet:-1","max-image-preview":"max-image-preview:large","max-video-preview":"max-video-preview:-1"},"canonical":"https:\/\/provansadekor.rs\/ru\/proizvod\/buket-crveni-amazon-2\/","og_locale":"ru_RU","og_type":"article","og_title":"Buket crveni amazon","og_description":"Prelepa kombinacija amarilisa, anturiuma, brunie, rubelinia i eukaliptusa savr\u0161eno upakovana u bordo papir sa kombinacijom bordo trake.Divlja strast u buketu!Buket cve\u0107a, Dostava cve\u0107a Beograd","og_url":"https:\/\/provansadekor.rs\/ru\/proizvod\/buket-crveni-amazon-2\/","og_site_name":"Provansa Dekor","article_publisher":"https:\/\/www.facebook.com\/provansadekor","article_modified_time":"2026-03-14T11:24:45+00:00","og_image":[{"width":1350,"height":1800,"url":"https:\/\/provansadekor.rs\/wp-content\/uploads\/2020\/10\/amarilis2.jpg","type":"image\/jpeg"}],"twitter_card":"summary_large_image","twitter_misc":{"\u041f\u0440\u0438\u043c\u0435\u0440\u043d\u043e\u0435 \u0432\u0440\u0435\u043c\u044f \u0434\u043b\u044f \u0447\u0442\u0435\u043d\u0438\u044f":"1 \u043c\u0438\u043d\u0443\u0442\u0430"},"schema":{"@context":"https:\/\/schema.org","@graph":[{"@type":["WebPage","ItemPage"],"@id":"https:\/\/provansadekor.rs\/proizvod\/buket-crveni-amazon-2\/","url":"https:\/\/provansadekor.rs\/proizvod\/buket-crveni-amazon-2\/","name":"Buket crveni amazon &#8211; Provansa Dekor","isPartOf":{"@id":"https:\/\/provansadekor.rs\/#website"},"primaryImageOfPage":{"@id":"https:\/\/provansadekor.rs\/proizvod\/buket-crveni-amazon-2\/#primaryimage"},"image":{"@id":"https:\/\/provansadekor.rs\/proizvod\/buket-crveni-amazon-2\/#primaryimage"},"thumbnailUrl":"https:\/\/provansadekor.rs\/wp-content\/uploads\/2020\/10\/amarilis2.jpg","datePublished":"2025-05-19T09:39:28+00:00","dateModified":"2026-03-14T11:24:45+00:00","description":"\u041a\u0440\u0430\u0441\u0438\u0432\u043e\u0435 \u0441\u043e\u0447\u0435\u0442\u0430\u043d\u0438\u0435 \u0430\u043c\u0430\u0440\u0438\u043b\u043b\u0438\u0441\u0430, \u0430\u043d\u0442\u0443\u0440\u0438\u0443\u043c\u0430, \u0431\u0440\u0443\u043d\u0438\u0438, \u0440\u0443\u0431\u0435\u043b\u0438\u043d\u0438\u0438 \u0438 \u044d\u0432\u043a\u0430\u043b\u0438\u043f\u0442\u0430, \u0438\u0434\u0435\u0430\u043b\u044c\u043d\u043e \u0437\u0430\u0432\u0435\u0440\u043d\u0443\u0442\u043e\u0435 \u0432 \u0431\u043e\u0440\u0434\u043e\u0432\u0443\u044e \u0431\u0443\u043c\u0430\u0433\u0443 \u0441 \u043a\u043e\u043c\u0431\u0438\u043d\u0438\u0440\u043e\u0432\u0430\u043d\u043d\u043e\u0439 \u0431\u043e\u0440\u0434\u043e\u0432\u043e\u0439 \u043b\u0435\u043d\u0442\u043e\u0439.\u0414\u0438\u043a\u0430\u044f \u0441\u0442\u0440\u0430\u0441\u0442\u044c \u0432 \u0431\u0443\u043a\u0435\u0442\u0435!\u0411\u0443\u043a\u0435\u0442 \u0446\u0432\u0435\u0442\u043e\u0432, \u0414\u043e\u0441\u0442\u0430\u0432\u043a\u0430 \u0446\u0432\u0435\u0442\u043e\u0432 \u0411\u0435\u043b\u0433\u0440\u0430\u0434","breadcrumb":{"@id":"https:\/\/provansadekor.rs\/proizvod\/buket-crveni-amazon-2\/#breadcrumb"},"inLanguage":"ru-RU","potentialAction":[{"@type":"ReadAction","target":["https:\/\/provansadekor.rs\/proizvod\/buket-crveni-amazon-2\/"]}]},{"@type":"ImageObject","inLanguage":"ru-RU","@id":"https:\/\/provansadekor.rs\/proizvod\/buket-crveni-amazon-2\/#primaryimage","url":"https:\/\/provansadekor.rs\/wp-content\/uploads\/2020\/10\/amarilis2.jpg","contentUrl":"https:\/\/provansadekor.rs\/wp-content\/uploads\/2020\/10\/amarilis2.jpg","width":1350,"height":1800},{"@type":"BreadcrumbList","@id":"https:\/\/provansadekor.rs\/proizvod\/buket-crveni-amazon-2\/#breadcrumb","itemListElement":[{"@type":"ListItem","position":1,"name":"\u041f\u043e\u0447\u0435\u0442\u043d\u0430","item":"https:\/\/provansadekor.rs\/"},{"@type":"ListItem","position":2,"name":"\u041f\u0440\u043e\u0438\u0437\u0432\u043e\u0434\u0438","item":"https:\/\/provansadekor.rs\/shop\/"},{"@type":"ListItem","position":3,"name":"Buket crveni amazon"}]},{"@type":"WebSite","@id":"https:\/\/provansadekor.rs\/#website","url":"https:\/\/provansadekor.rs\/","name":"\u041f\u0440\u043e\u0432\u0430\u043d\u0441 \u0414\u0435\u043a\u043e\u0440","description":"\u0414\u043e\u0441\u0442\u0430\u0432\u043a\u0430 \u0446\u0432\u0435\u0442\u043e\u0432 \u0411\u0435\u043b\u0433\u0440\u0430\u0434 - \u041e\u0440\u0433\u0430\u043d\u0438\u0437\u0430\u0446\u0438\u044f \u0438 \u043e\u0444\u043e\u0440\u043c\u043b\u0435\u043d\u0438\u0435 \u043c\u0435\u0440\u043e\u043f\u0440\u0438\u044f\u0442\u0438\u0439 - \u041b\u0430\u043d\u0434\u0448\u0430\u0444\u0442\u043d\u044b\u0439 \u0434\u0438\u0437\u0430\u0439\u043d","publisher":{"@id":"https:\/\/provansadekor.rs\/#organization"},"potentialAction":[{"@type":"SearchAction","target":{"@type":"EntryPoint","urlTemplate":"https:\/\/provansadekor.rs\/?s={search_term_string}"},"query-input":{"@type":"PropertyValueSpecification","valueRequired":true,"valueName":"search_term_string"}}],"inLanguage":"ru-RU"},{"@type":"Organization","@id":"https:\/\/provansadekor.rs\/#organization","name":"\u0426\u0432\u0435\u0442\u043e\u0447\u043d\u044b\u0439 \u043c\u0430\u0433\u0430\u0437\u0438\u043d \u041f\u0440\u043e\u0432\u0430\u043d\u0441 \u0414\u0435\u043a\u043e\u0440 \u0411\u0435\u043b\u0433\u0440\u0430\u0434","url":"https:\/\/provansadekor.rs\/","logo":{"@type":"ImageObject","inLanguage":"ru-RU","@id":"https:\/\/provansadekor.rs\/#\/schema\/logo\/image\/","url":"https:\/\/provansadekor.rs\/wp-content\/uploads\/2022\/03\/logo-provansa.jpg","contentUrl":"https:\/\/provansadekor.rs\/wp-content\/uploads\/2022\/03\/logo-provansa.jpg","width":200,"height":200,"caption":"Provansa Dekor Cve\u0107ara Beograd"},"image":{"@id":"https:\/\/provansadekor.rs\/#\/schema\/logo\/image\/"},"sameAs":["https:\/\/www.facebook.com\/provansadekor","https:\/\/www.instagram.com\/provansadekor\/"]}]}},"_links":{"self":[{"href":"https:\/\/provansadekor.rs\/ru\/wp-json\/wp\/v2\/product\/83562","targetHints":{"allow":["GET"]}}],"collection":[{"href":"https:\/\/provansadekor.rs\/ru\/wp-json\/wp\/v2\/product"}],"about":[{"href":"https:\/\/provansadekor.rs\/ru\/wp-json\/wp\/v2\/types\/product"}],"version-history":[{"count":1,"href":"https:\/\/provansadekor.rs\/ru\/wp-json\/wp\/v2\/product\/83562\/revisions"}],"predecessor-version":[{"id":83563,"href":"https:\/\/provansadekor.rs\/ru\/wp-json\/wp\/v2\/product\/83562\/revisions\/83563"}],"wp:featuredmedia":[{"embeddable":true,"href":"https:\/\/provansadekor.rs\/ru\/wp-json\/wp\/v2\/media\/30736"}],"wp:attachment":[{"href":"https:\/\/provansadekor.rs\/ru\/wp-json\/wp\/v2\/media?parent=83562"}],"wp:term":[{"taxonomy":"product_brand","embeddable":true,"href":"https:\/\/provansadekor.rs\/ru\/wp-json\/wp\/v2\/product_brand?post=83562"},{"taxonomy":"product_cat","embeddable":true,"href":"https:\/\/provansadekor.rs\/ru\/wp-json\/wp\/v2\/product_cat?post=83562"},{"taxonomy":"product_tag","embeddable":true,"href":"https:\/\/provansadekor.rs\/ru\/wp-json\/wp\/v2\/product_tag?post=83562"}],"curies":[{"name":"wp","href":"https:\/\/api.w.org\/{rel}","templated":true}]}}