{"id":69775,"date":"2022-11-11T14:12:00","date_gmt":"2022-11-11T13:12:00","guid":{"rendered":"https:\/\/provansadekor.rs\/?post_type=product&#038;p=69775"},"modified":"2026-03-13T11:33:16","modified_gmt":"2026-03-13T10:33:16","slug":"rodjenje-deteta-02","status":"publish","type":"product","link":"https:\/\/provansadekor.rs\/ru\/proizvod\/\u0440\u043e\u0436\u0434\u0435\u043d\u0438\u0435-\u0440\u0435\u0431\u0435\u043d\u043a\u0430-02\/","title":{"rendered":"Plavi obla\u010di\u0107"},"content":{"rendered":"<p>\u0412\u0438\u0434\u044b \u0446\u0432\u0435\u0442\u043e\u0432 \u0432 \u043a\u043e\u043c\u043f\u043e\u0437\u0438\u0446\u0438\u0438: \u0431\u0435\u043b\u0430\u044f \u0440\u043e\u0437\u0430, \u0431\u0435\u043b\u0430\u044f \u0445\u0440\u0438\u0437\u0430\u043d\u0442\u0435\u043c\u0430, \u0445\u0440\u0438\u0437\u0430\u043d\u0442\u0435\u043c\u0430 \u0439\u043e\u043a\u043e \u043e\u043d\u043e, \u043c\u0438\u043d\u0438 \u0431\u0435\u043b\u0430\u044f \u0433\u0432\u043e\u0437\u0434\u0438\u043a\u0430, \u044d\u0432\u043a\u0430\u043b\u0438\u043f\u0442.<\/p>\n<p>Prate\u0107a dekoracija: ru\u010dno radjena drvena kutija , ma\u0161na od sive satenske trake.<\/p>\n<p>\u0421\u0430\u043c\u0430\u044f \u043c\u0438\u043b\u0430\u044f \u0446\u0432\u0435\u0442\u043e\u0447\u043d\u0430\u044f \u043a\u043e\u043c\u043f\u043e\u0437\u0438\u0446\u0438\u044f \u0434\u043b\u044f \u043c\u0430\u043b\u044b\u0448\u0435\u0439. \u0421\u0434\u0435\u043b\u0430\u0439\u0442\u0435 \u0441\u0432\u043e\u0438\u043c \u0440\u043e\u0434\u0438\u0442\u0435\u043b\u044f\u043c \u043e\u0434\u043e\u043b\u0436\u0435\u043d\u0438\u0435 \u0438 \u043f\u0440\u0438\u043e\u0431\u0440\u0435\u0442\u0438\u0442\u0435 \u0435\u0449\u0435 \u043e\u0434\u0438\u043d \u0434\u0435\u043a\u043e\u0440\u0430\u0442\u0438\u0432\u043d\u044b\u0439 \u043a\u043e\u043d\u0442\u0435\u0439\u043d\u0435\u0440 \u0434\u043b\u044f \u0445\u0440\u0430\u043d\u0435\u043d\u0438\u044f, \u0430 \u0434\u043e \u0442\u0435\u0445 \u043f\u043e\u0440 \u043e\u043d\u0438 \u0441\u043c\u043e\u0433\u0443\u0442 \u043d\u0430\u0441\u043b\u0430\u0436\u0434\u0430\u0442\u044c\u0441\u044f \u043a\u0440\u0430\u0441\u0438\u0432\u044b\u043c \u0438 \u0430\u0440\u043e\u043c\u0430\u0442\u043d\u044b\u043c \u0446\u0432\u0435\u0442\u043e\u0447\u043d\u044b\u043c \u0442\u0432\u043e\u0440\u0435\u043d\u0438\u0435\u043c.<\/p>\n<p>\u0417\u0430\u043a\u0430\u0437\u044b\u0432\u0430\u0439\u0442\u0435 \u043e\u043d\u043b\u0430\u0439\u043d \u0441 \u0431\u044b\u0441\u0442\u0440\u043e\u0439 \u0438 \u0431\u0435\u0437\u043e\u043f\u0430\u0441\u043d\u043e\u0439 \u0434\u043e\u0441\u0442\u0430\u0432\u043a\u043e\u0439.<\/p>\n<p>\u041c\u044b \u0436\u0434\u0435\u043c \u0432\u0430\u0441!<\/p>","protected":false},"excerpt":{"rendered":"<p>Vrste cve\u0107a u aran\u017emanu: bela ru\u017ea, bela hrizantema, hrizantema yoko ono, mini beli karanfil, eukaliptus. Prate\u0107a dekoracija: ru\u010dno radjena drvena kutija , ma\u0161na od sive satenske trake. Najsladji cvetni aran\u017eman za bebe. U\u010dinite roditeljima uslugu i obezbedite jo\u0161 jednu dekorativnu posudu za odlaganje, a do tada u\u017eiva\u0107e u predivnoj i mirisnoj cvetnoj kreaciji. Naru\u010dite online [&hellip;]<\/p>","protected":false},"featured_media":84362,"template":"","meta":[],"product_brand":[],"product_cat":[163,116],"product_tag":[],"class_list":{"0":"post-69775","1":"product","2":"type-product","3":"status-publish","4":"has-post-thumbnail","6":"product_cat-poklon-za-bebe","7":"product_cat-cvetni-aranzmani","9":"first","10":"instock","11":"shipping-taxable","12":"purchasable","13":"product-type-simple"},"yoast_head":"<!-- This site is optimized with the Yoast SEO Premium plugin v20.9 (Yoast SEO v26.5) - https:\/\/yoast.com\/wordpress\/plugins\/seo\/ -->\n<title>Plavi obla\u010di\u0107 &#8211; Provansa Dekor<\/title>\n<meta name=\"robots\" content=\"index, follow, max-snippet:-1, max-image-preview:large, max-video-preview:-1\" \/>\n<link rel=\"canonical\" href=\"https:\/\/provansadekor.rs\/ru\/proizvod\/\u0440\u043e\u0436\u0434\u0435\u043d\u0438\u0435-\u0440\u0435\u0431\u0435\u043d\u043a\u0430-02\/\" \/>\n<meta property=\"og:locale\" content=\"ru_RU\" \/>\n<meta property=\"og:type\" content=\"article\" \/>\n<meta property=\"og:title\" content=\"Plavi obla\u010di\u0107\" \/>\n<meta property=\"og:description\" content=\"Vrste cve\u0107a u aran\u017emanu: bela ru\u017ea, bela hrizantema, hrizantema yoko ono, mini beli karanfil, eukaliptus. Prate\u0107a dekoracija: ru\u010dno radjena drvena kutija , ma\u0161na od sive satenske trake. Najsladji cvetni aran\u017eman za bebe. U\u010dinite roditeljima uslugu i obezbedite jo\u0161 jednu dekorativnu posudu za odlaganje, a do tada u\u017eiva\u0107e u predivnoj i mirisnoj cvetnoj kreaciji. Naru\u010dite online [&hellip;]\" \/>\n<meta property=\"og:url\" content=\"https:\/\/provansadekor.rs\/ru\/proizvod\/\u0440\u043e\u0436\u0434\u0435\u043d\u0438\u0435-\u0440\u0435\u0431\u0435\u043d\u043a\u0430-02\/\" \/>\n<meta property=\"og:site_name\" content=\"Provansa Dekor\" \/>\n<meta property=\"article:publisher\" content=\"https:\/\/www.facebook.com\/provansadekor\" \/>\n<meta property=\"article:modified_time\" content=\"2026-03-13T10:33:16+00:00\" \/>\n<meta property=\"og:image\" content=\"https:\/\/provansadekor.rs\/wp-content\/uploads\/2025\/07\/DSC_9188-scaled.jpg\" \/>\n\t<meta property=\"og:image:width\" content=\"2560\" \/>\n\t<meta property=\"og:image:height\" content=\"1658\" \/>\n\t<meta property=\"og:image:type\" content=\"image\/jpeg\" \/>\n<meta name=\"twitter:card\" content=\"summary_large_image\" \/>\n<meta name=\"twitter:label1\" content=\"\u041f\u0440\u0438\u043c\u0435\u0440\u043d\u043e\u0435 \u0432\u0440\u0435\u043c\u044f \u0434\u043b\u044f \u0447\u0442\u0435\u043d\u0438\u044f\" \/>\n\t<meta name=\"twitter:data1\" content=\"1 \u043c\u0438\u043d\u0443\u0442\u0430\" \/>\n<script type=\"application\/ld+json\" class=\"yoast-schema-graph\">{\"@context\":\"https:\/\/schema.org\",\"@graph\":[{\"@type\":[\"WebPage\",\"ItemPage\"],\"@id\":\"https:\/\/provansadekor.rs\/proizvod\/rodjenje-deteta-02\/\",\"url\":\"https:\/\/provansadekor.rs\/proizvod\/rodjenje-deteta-02\/\",\"name\":\"Plavi obla\u010di\u0107 &#8211; Provansa Dekor\",\"isPartOf\":{\"@id\":\"https:\/\/provansadekor.rs\/#website\"},\"primaryImageOfPage\":{\"@id\":\"https:\/\/provansadekor.rs\/proizvod\/rodjenje-deteta-02\/#primaryimage\"},\"image\":{\"@id\":\"https:\/\/provansadekor.rs\/proizvod\/rodjenje-deteta-02\/#primaryimage\"},\"thumbnailUrl\":\"https:\/\/provansadekor.rs\/wp-content\/uploads\/2025\/07\/DSC_9188-scaled.jpg\",\"datePublished\":\"2022-11-11T13:12:00+00:00\",\"dateModified\":\"2026-03-13T10:33:16+00:00\",\"breadcrumb\":{\"@id\":\"https:\/\/provansadekor.rs\/proizvod\/rodjenje-deteta-02\/#breadcrumb\"},\"inLanguage\":\"ru-RU\",\"potentialAction\":[{\"@type\":\"ReadAction\",\"target\":[\"https:\/\/provansadekor.rs\/proizvod\/rodjenje-deteta-02\/\"]}]},{\"@type\":\"ImageObject\",\"inLanguage\":\"ru-RU\",\"@id\":\"https:\/\/provansadekor.rs\/proizvod\/rodjenje-deteta-02\/#primaryimage\",\"url\":\"https:\/\/provansadekor.rs\/wp-content\/uploads\/2025\/07\/DSC_9188-scaled.jpg\",\"contentUrl\":\"https:\/\/provansadekor.rs\/wp-content\/uploads\/2025\/07\/DSC_9188-scaled.jpg\",\"width\":2560,\"height\":1658},{\"@type\":\"BreadcrumbList\",\"@id\":\"https:\/\/provansadekor.rs\/proizvod\/rodjenje-deteta-02\/#breadcrumb\",\"itemListElement\":[{\"@type\":\"ListItem\",\"position\":1,\"name\":\"\u041f\u043e\u0447\u0435\u0442\u043d\u0430\",\"item\":\"https:\/\/provansadekor.rs\/\"},{\"@type\":\"ListItem\",\"position\":2,\"name\":\"\u041f\u0440\u043e\u0438\u0437\u0432\u043e\u0434\u0438\",\"item\":\"https:\/\/provansadekor.rs\/shop\/\"},{\"@type\":\"ListItem\",\"position\":3,\"name\":\"Plavi obla\u010di\u0107\"}]},{\"@type\":\"WebSite\",\"@id\":\"https:\/\/provansadekor.rs\/#website\",\"url\":\"https:\/\/provansadekor.rs\/\",\"name\":\"Provansa Dekor\",\"description\":\"Dostava cve\u0107a Beograd - Organizacija i Dekoracija doga\u0111aja - Ure\u0111enje zelenih povr\u0161ina\",\"publisher\":{\"@id\":\"https:\/\/provansadekor.rs\/#organization\"},\"potentialAction\":[{\"@type\":\"SearchAction\",\"target\":{\"@type\":\"EntryPoint\",\"urlTemplate\":\"https:\/\/provansadekor.rs\/?s={search_term_string}\"},\"query-input\":{\"@type\":\"PropertyValueSpecification\",\"valueRequired\":true,\"valueName\":\"search_term_string\"}}],\"inLanguage\":\"ru-RU\"},{\"@type\":\"Organization\",\"@id\":\"https:\/\/provansadekor.rs\/#organization\",\"name\":\"Provansa Dekor Cve\u0107ara Beograd\",\"url\":\"https:\/\/provansadekor.rs\/\",\"logo\":{\"@type\":\"ImageObject\",\"inLanguage\":\"ru-RU\",\"@id\":\"https:\/\/provansadekor.rs\/#\/schema\/logo\/image\/\",\"url\":\"https:\/\/provansadekor.rs\/wp-content\/uploads\/2022\/03\/logo-provansa.jpg\",\"contentUrl\":\"https:\/\/provansadekor.rs\/wp-content\/uploads\/2022\/03\/logo-provansa.jpg\",\"width\":200,\"height\":200,\"caption\":\"Provansa Dekor Cve\u0107ara Beograd\"},\"image\":{\"@id\":\"https:\/\/provansadekor.rs\/#\/schema\/logo\/image\/\"},\"sameAs\":[\"https:\/\/www.facebook.com\/provansadekor\",\"https:\/\/www.instagram.com\/provansadekor\/\"]}]}<\/script>\n<!-- \/ Yoast SEO Premium plugin. -->","yoast_head_json":{"title":"Plavi obla\u010di\u0107 &#8211; Provansa Dekor","robots":{"index":"index","follow":"follow","max-snippet":"max-snippet:-1","max-image-preview":"max-image-preview:large","max-video-preview":"max-video-preview:-1"},"canonical":"https:\/\/provansadekor.rs\/ru\/proizvod\/\u0440\u043e\u0436\u0434\u0435\u043d\u0438\u0435-\u0440\u0435\u0431\u0435\u043d\u043a\u0430-02\/","og_locale":"ru_RU","og_type":"article","og_title":"Plavi obla\u010di\u0107","og_description":"Vrste cve\u0107a u aran\u017emanu: bela ru\u017ea, bela hrizantema, hrizantema yoko ono, mini beli karanfil, eukaliptus. Prate\u0107a dekoracija: ru\u010dno radjena drvena kutija , ma\u0161na od sive satenske trake. Najsladji cvetni aran\u017eman za bebe. U\u010dinite roditeljima uslugu i obezbedite jo\u0161 jednu dekorativnu posudu za odlaganje, a do tada u\u017eiva\u0107e u predivnoj i mirisnoj cvetnoj kreaciji. Naru\u010dite online [&hellip;]","og_url":"https:\/\/provansadekor.rs\/ru\/proizvod\/\u0440\u043e\u0436\u0434\u0435\u043d\u0438\u0435-\u0440\u0435\u0431\u0435\u043d\u043a\u0430-02\/","og_site_name":"Provansa Dekor","article_publisher":"https:\/\/www.facebook.com\/provansadekor","article_modified_time":"2026-03-13T10:33:16+00:00","og_image":[{"width":2560,"height":1658,"url":"https:\/\/provansadekor.rs\/wp-content\/uploads\/2025\/07\/DSC_9188-scaled.jpg","type":"image\/jpeg"}],"twitter_card":"summary_large_image","twitter_misc":{"\u041f\u0440\u0438\u043c\u0435\u0440\u043d\u043e\u0435 \u0432\u0440\u0435\u043c\u044f \u0434\u043b\u044f \u0447\u0442\u0435\u043d\u0438\u044f":"1 \u043c\u0438\u043d\u0443\u0442\u0430"},"schema":{"@context":"https:\/\/schema.org","@graph":[{"@type":["WebPage","ItemPage"],"@id":"https:\/\/provansadekor.rs\/proizvod\/rodjenje-deteta-02\/","url":"https:\/\/provansadekor.rs\/proizvod\/rodjenje-deteta-02\/","name":"Plavi obla\u010di\u0107 &#8211; Provansa Dekor","isPartOf":{"@id":"https:\/\/provansadekor.rs\/#website"},"primaryImageOfPage":{"@id":"https:\/\/provansadekor.rs\/proizvod\/rodjenje-deteta-02\/#primaryimage"},"image":{"@id":"https:\/\/provansadekor.rs\/proizvod\/rodjenje-deteta-02\/#primaryimage"},"thumbnailUrl":"https:\/\/provansadekor.rs\/wp-content\/uploads\/2025\/07\/DSC_9188-scaled.jpg","datePublished":"2022-11-11T13:12:00+00:00","dateModified":"2026-03-13T10:33:16+00:00","breadcrumb":{"@id":"https:\/\/provansadekor.rs\/proizvod\/rodjenje-deteta-02\/#breadcrumb"},"inLanguage":"ru-RU","potentialAction":[{"@type":"ReadAction","target":["https:\/\/provansadekor.rs\/proizvod\/rodjenje-deteta-02\/"]}]},{"@type":"ImageObject","inLanguage":"ru-RU","@id":"https:\/\/provansadekor.rs\/proizvod\/rodjenje-deteta-02\/#primaryimage","url":"https:\/\/provansadekor.rs\/wp-content\/uploads\/2025\/07\/DSC_9188-scaled.jpg","contentUrl":"https:\/\/provansadekor.rs\/wp-content\/uploads\/2025\/07\/DSC_9188-scaled.jpg","width":2560,"height":1658},{"@type":"BreadcrumbList","@id":"https:\/\/provansadekor.rs\/proizvod\/rodjenje-deteta-02\/#breadcrumb","itemListElement":[{"@type":"ListItem","position":1,"name":"\u041f\u043e\u0447\u0435\u0442\u043d\u0430","item":"https:\/\/provansadekor.rs\/"},{"@type":"ListItem","position":2,"name":"\u041f\u0440\u043e\u0438\u0437\u0432\u043e\u0434\u0438","item":"https:\/\/provansadekor.rs\/shop\/"},{"@type":"ListItem","position":3,"name":"Plavi obla\u010di\u0107"}]},{"@type":"WebSite","@id":"https:\/\/provansadekor.rs\/#website","url":"https:\/\/provansadekor.rs\/","name":"\u041f\u0440\u043e\u0432\u0430\u043d\u0441 \u0414\u0435\u043a\u043e\u0440","description":"\u0414\u043e\u0441\u0442\u0430\u0432\u043a\u0430 \u0446\u0432\u0435\u0442\u043e\u0432 \u0411\u0435\u043b\u0433\u0440\u0430\u0434 - \u041e\u0440\u0433\u0430\u043d\u0438\u0437\u0430\u0446\u0438\u044f \u0438 \u043e\u0444\u043e\u0440\u043c\u043b\u0435\u043d\u0438\u0435 \u043c\u0435\u0440\u043e\u043f\u0440\u0438\u044f\u0442\u0438\u0439 - \u041b\u0430\u043d\u0434\u0448\u0430\u0444\u0442\u043d\u044b\u0439 \u0434\u0438\u0437\u0430\u0439\u043d","publisher":{"@id":"https:\/\/provansadekor.rs\/#organization"},"potentialAction":[{"@type":"SearchAction","target":{"@type":"EntryPoint","urlTemplate":"https:\/\/provansadekor.rs\/?s={search_term_string}"},"query-input":{"@type":"PropertyValueSpecification","valueRequired":true,"valueName":"search_term_string"}}],"inLanguage":"ru-RU"},{"@type":"Organization","@id":"https:\/\/provansadekor.rs\/#organization","name":"\u0426\u0432\u0435\u0442\u043e\u0447\u043d\u044b\u0439 \u043c\u0430\u0433\u0430\u0437\u0438\u043d \u041f\u0440\u043e\u0432\u0430\u043d\u0441 \u0414\u0435\u043a\u043e\u0440 \u0411\u0435\u043b\u0433\u0440\u0430\u0434","url":"https:\/\/provansadekor.rs\/","logo":{"@type":"ImageObject","inLanguage":"ru-RU","@id":"https:\/\/provansadekor.rs\/#\/schema\/logo\/image\/","url":"https:\/\/provansadekor.rs\/wp-content\/uploads\/2022\/03\/logo-provansa.jpg","contentUrl":"https:\/\/provansadekor.rs\/wp-content\/uploads\/2022\/03\/logo-provansa.jpg","width":200,"height":200,"caption":"Provansa Dekor Cve\u0107ara Beograd"},"image":{"@id":"https:\/\/provansadekor.rs\/#\/schema\/logo\/image\/"},"sameAs":["https:\/\/www.facebook.com\/provansadekor","https:\/\/www.instagram.com\/provansadekor\/"]}]}},"_links":{"self":[{"href":"https:\/\/provansadekor.rs\/ru\/wp-json\/wp\/v2\/product\/69775","targetHints":{"allow":["GET"]}}],"collection":[{"href":"https:\/\/provansadekor.rs\/ru\/wp-json\/wp\/v2\/product"}],"about":[{"href":"https:\/\/provansadekor.rs\/ru\/wp-json\/wp\/v2\/types\/product"}],"version-history":[{"count":4,"href":"https:\/\/provansadekor.rs\/ru\/wp-json\/wp\/v2\/product\/69775\/revisions"}],"predecessor-version":[{"id":84370,"href":"https:\/\/provansadekor.rs\/ru\/wp-json\/wp\/v2\/product\/69775\/revisions\/84370"}],"wp:featuredmedia":[{"embeddable":true,"href":"https:\/\/provansadekor.rs\/ru\/wp-json\/wp\/v2\/media\/84362"}],"wp:attachment":[{"href":"https:\/\/provansadekor.rs\/ru\/wp-json\/wp\/v2\/media?parent=69775"}],"wp:term":[{"taxonomy":"product_brand","embeddable":true,"href":"https:\/\/provansadekor.rs\/ru\/wp-json\/wp\/v2\/product_brand?post=69775"},{"taxonomy":"product_cat","embeddable":true,"href":"https:\/\/provansadekor.rs\/ru\/wp-json\/wp\/v2\/product_cat?post=69775"},{"taxonomy":"product_tag","embeddable":true,"href":"https:\/\/provansadekor.rs\/ru\/wp-json\/wp\/v2\/product_tag?post=69775"}],"curies":[{"name":"wp","href":"https:\/\/api.w.org\/{rel}","templated":true}]}}