{"id":5403,"date":"2019-11-30T10:07:26","date_gmt":"2019-11-30T10:07:26","guid":{"rendered":"http:\/\/provansadekor.rs\/?post_type=product&#038;p=5403"},"modified":"2026-03-13T11:36:34","modified_gmt":"2026-03-13T10:36:34","slug":"aranzman-korpa-09","status":"publish","type":"product","link":"https:\/\/provansadekor.rs\/ru\/proizvod\/raspolozenie-korzina-09\/","title":{"rendered":"\u0420\u043e\u0441\u043a\u043e\u0448\u043d\u0430\u044f \u0432\u043e\u043b\u043d\u0430 \u044f\u0440\u043a\u0438\u0445 \u0446\u0432\u0435\u0442\u043e\u0432"},"content":{"rendered":"<p>\u0412\u0438\u0434\u044b <strong>\u0446\u0432\u0435\u0442\u044b \u0432 \u043a\u043e\u043c\u043f\u043e\u0437\u0438\u0446\u0438\u0438<\/strong>:<strong> \u0444\u0438\u043e\u043b\u0435\u0442\u043e\u0432\u0430\u044f \u0440\u043e\u0437\u0430, \u0440\u043e\u0437\u043e\u0432\u0430\u044f \u0440\u043e\u0437\u0430<\/strong>, \u043e\u0440\u0430\u043d\u0436\u0435\u0432\u0430\u044f \u0438 \u0436\u0435\u043b\u0442\u043e-\u043e\u0440\u0430\u043d\u0436\u0435\u0432\u0430\u044f \u0440\u043e\u0437\u0430, \u0446\u0438\u043a\u043b\u0430\u043c\u0435\u043d <strong>\u0440\u043e\u0437\u0430<\/strong>, \u041a\u0440\u0430\u0441\u043d\u044b\u0439 <strong>\u043f\u043e\u043c\u0430\u0434\u0430<\/strong>\u0430, \u043b\u0438\u0437\u0438\u0430\u043d\u0442\u0443\u0441 \u0440\u043e\u0437\u043e\u0432\u044b\u0439, \u0433\u0432\u043e\u0437\u0434\u0438\u043a\u0430 \u0440\u043e\u0437\u043e\u0432\u0430\u044f, \u0445\u0440\u0438\u0437\u0430\u043d\u0442\u0435\u043c\u0430 \u0431\u0435\u043b\u0430\u044f, \u0436\u0435\u043b\u0442\u0430\u044f \u0438 \u0446\u0438\u043a\u043b\u0430\u043c\u0435\u043d\u043e\u0432\u0430\u044f, \u0433\u043e\u0440\u0442\u0435\u043d\u0437\u0438\u044f \u0437\u0435\u043b\u0435\u043d\u043e-\u0441\u0438\u0440\u0435\u043d\u0435\u0432\u0430\u044f, \u043e\u0440\u0445\u0438\u0434\u0435\u044f \u0437\u0435\u043b\u0435\u043d\u0430\u044f, \u043e\u0440\u0445\u0438\u0434\u0435\u044f \u0436\u0435\u043b\u0442\u0430\u044f, \u0430\u043b\u044c\u0441\u0442\u0440\u043e\u043c\u0435\u0440\u0438\u044f \u0444\u0438\u043e\u043b\u0435\u0442\u043e\u0432\u0430\u044f, \u0441\u043e\u043b\u0438\u0434\u0430\u0433\u043e, \u043f\u0438\u0442\u0442\u043e\u0441\u043f\u043e\u0440\u0443\u043c.<\/p>\n<p>\u0421\u043e\u043f\u0443\u0442\u0441\u0442\u0432\u0443\u044e\u0449\u0435\u0435 \u0443\u043a\u0440\u0430\u0448\u0435\u043d\u0438\u0435: \u043f\u043b\u0435\u0442\u0435\u043d\u0430\u044f \u043a\u043e\u0440\u0437\u0438\u043d\u0430 \u043a\u043e\u0440\u0438\u0447\u043d\u0435\u0432\u043e\u0433\u043e \u0446\u0432\u0435\u0442\u0430.<\/p>\n<p>\u0412\u0441\u0435 \u043f\u0440\u0435\u043a\u0440\u0430\u0441\u043d\u043e\u0435 \u0434\u043b\u0438\u0442\u0441\u044f \u043d\u0435\u0434\u043e\u043b\u0433\u043e, \u043d\u043e \u0437\u0430\u043f\u043e\u043c\u0438\u043d\u0430\u0435\u0442\u0441\u044f \u043d\u0430\u0432\u0441\u0435\u0433\u0434\u0430. \u0417\u0430\u043a\u0430\u0436\u0438 \u044d\u0442\u043e\u0442 <strong>\u0440\u043e\u0441\u043a\u043e\u0448\u043d\u0430\u044f \u043a\u043e\u043c\u043f\u043e\u0437\u0438\u0446\u0438\u044f \u0438\u0437 \u0441\u0430\u043c\u044b\u0445 \u043a\u0440\u0430\u0441\u0438\u0432\u044b\u0445 \u0446\u0432\u0435\u0442\u043e\u0432<\/strong> \u0438 \u043e\u0441\u0442\u0430\u0442\u044c\u0441\u044f \u0432 \u0447\u044c\u0435\u0439-\u0442\u043e \u043f\u0430\u043c\u044f\u0442\u0438 \u043a\u0430\u043a \u0441\u0430\u043c\u043e\u0435 \u043f\u0440\u0435\u043a\u0440\u0430\u0441\u043d\u043e\u0435 \u0432\u043e\u0441\u043f\u043e\u043c\u0438\u043d\u0430\u043d\u0438\u0435.<\/p>\n<p>\u0418\u0434\u0435\u0430\u043b\u044c\u043d\u044b\u0439 <strong>\u043f\u043e\u0434\u0430\u0440\u043e\u043a \u043d\u0430 \u0434\u0435\u043d\u044c \u0440\u043e\u0436\u0434\u0435\u043d\u0438\u044f<\/strong>, \u043f\u043e\u0434\u0430\u0440\u043e\u043a \u043d\u0430 \u044e\u0431\u0438\u043b\u0435\u0439, \u043f\u043e\u0434\u0430\u0440\u043e\u043a \u043d\u0430 \u0441\u043e\u0432\u0435\u0440\u0448\u0435\u043d\u043d\u043e\u043b\u0435\u0442\u0438\u0435, \u043f\u043e\u0434\u0430\u0440\u043e\u043a \u043d\u0430 \u0441\u0432\u0430\u0434\u044c\u0431\u0443 \u0438\u043b\u0438 \u0440\u043e\u0436\u0434\u0435\u043d\u0438\u0435 \u0440\u0435\u0431\u0435\u043d\u043a\u0430.<\/p>\n<p>\u041d\u0430\u0448 <strong>\u0438\u043d\u0442\u0435\u0440\u043d\u0435\u0442-\u043c\u0430\u0433\u0430\u0437\u0438\u043d \u0446\u0432\u0435\u0442\u043e\u0432<\/strong> \u0437\u0434\u0435\u0441\u044c \u0438 \u0434\u043b\u044f \u0442\u0435\u0431\u044f<strong> \u0434\u043e\u0441\u0442\u0430\u0432\u043a\u0430 \u043d\u0430 \u0434\u043e\u043c.<\/strong><\/p>\n<h2 style=\"text-align: center;\"><strong>\u0426\u0432\u0435\u0442\u043e\u0447\u043d\u044b\u0435 \u043a\u043e\u043c\u043f\u043e\u0437\u0438\u0446\u0438\u0438, \u0446\u0432\u0435\u0442\u043e\u0447\u043d\u044b\u0439 \u043c\u0430\u0433\u0430\u0437\u0438\u043d \u0411\u0435\u043b\u0433\u0440\u0430\u0434\u00a0<\/strong><\/h2>\n<p>&nbsp;<\/p>","protected":false},"excerpt":{"rendered":"<p>\u0412\u0438\u0434\u044b \u0446\u0432\u0435\u0442\u043e\u0432 \u0432 \u043a\u043e\u043c\u043f\u043e\u0437\u0438\u0446\u0438\u0438: \u0444\u0438\u043e\u043b\u0435\u0442\u043e\u0432\u0430\u044f \u0440\u043e\u0437\u0430, \u0440\u043e\u0437\u043e\u0432\u0430\u044f \u0440\u043e\u0437\u0430, \u043e\u0440\u0430\u043d\u0436\u0435\u0432\u0430\u044f \u0438 \u0436\u0435\u043b\u0442\u043e-\u043e\u0440\u0430\u043d\u0436\u0435\u0432\u0430\u044f \u0440\u043e\u0437\u0430, \u0446\u0438\u043a\u043b\u0430\u043c\u0435\u043d\u043e\u0432\u0430\u044f \u0440\u043e\u0437\u0430, \u043a\u0440\u0430\u0441\u043d\u0430\u044f \u0440\u043e\u0437\u0430, \u0440\u043e\u0437\u043e\u0432\u044b\u0439 \u043b\u0438\u0437\u0438\u0430\u043d\u0442\u0443\u0441, \u0440\u043e\u0437\u043e\u0432\u0430\u044f \u0433\u0432\u043e\u0437\u0434\u0438\u043a\u0430, \u0431\u0435\u043b\u0430\u044f, \u0436\u0435\u043b\u0442\u0430\u044f \u0438 \u0446\u0438\u043a\u043b\u0430\u043c\u0435\u043d\u043e\u0432\u0430\u044f \u0445\u0440\u0438\u0437\u0430\u043d\u0442\u0435\u043c\u0430, \u0437\u0435\u043b\u0435\u043d\u043e-\u0441\u0438\u0440\u0435\u043d\u0435\u0432\u0430\u044f \u0433\u043e\u0440\u0442\u0435\u043d\u0437\u0438\u044f, \u0437\u0435\u043b\u0435\u043d\u0430\u044f \u043e\u0440\u0445\u0438\u0434\u0435\u044f, \u0436\u0435\u043b\u0442\u0430\u044f \u043e\u0440\u0445\u0438\u0434\u0435\u044f, \u0430\u043b\u044c\u0441\u0442\u0440\u043e\u043c\u0435\u0440\u0438\u044f \u043f\u0443\u0440\u043f\u0443\u0440\u043d\u0430\u044f, \u0441\u043e\u043b\u0438\u0434\u0430\u0433\u043e, \u043f\u0438\u0442\u0442\u043e\u0441\u043f\u043e\u0440\u0443\u043c. \u0421\u043e\u043f\u0443\u0442\u0441\u0442\u0432\u0443\u044e\u0449\u0435\u0435 \u0443\u043a\u0440\u0430\u0448\u0435\u043d\u0438\u0435: \u043f\u043b\u0435\u0442\u0435\u043d\u0430\u044f \u043a\u043e\u0440\u0437\u0438\u043d\u0430 \u043a\u043e\u0440\u0438\u0447\u043d\u0435\u0432\u043e\u0433\u043e \u0446\u0432\u0435\u0442\u0430. \u0412\u0441\u0435 \u043f\u0440\u0435\u043a\u0440\u0430\u0441\u043d\u043e\u0435 \u0434\u043b\u0438\u0442\u0441\u044f \u043d\u0435\u0434\u043e\u043b\u0433\u043e, \u043d\u043e \u0437\u0430\u043f\u043e\u043c\u0438\u043d\u0430\u0435\u0442\u0441\u044f \u043d\u0430\u0432\u0441\u0435\u0433\u0434\u0430. \u0417\u0430\u043a\u0430\u0436\u0438\u0442\u0435 \u044d\u0442\u0443 \u0440\u043e\u0441\u043a\u043e\u0448\u044c [\u2026]<\/p>","protected":false},"featured_media":5386,"template":"","meta":[],"product_brand":[],"product_cat":[168],"product_tag":[],"class_list":{"0":"post-5403","1":"product","2":"type-product","3":"status-publish","4":"has-post-thumbnail","6":"product_cat-luksuzni-aranzmani","8":"first","9":"instock","10":"featured","11":"shipping-taxable","12":"purchasable","13":"product-type-simple"},"yoast_head":"<!-- This site is optimized with the Yoast SEO Premium plugin v20.9 (Yoast SEO v26.5) - https:\/\/yoast.com\/wordpress\/plugins\/seo\/ -->\n<title>Luksuzni val od \u0161arenog cve\u0107a &#8211; Provansa Dekor<\/title>\n<meta name=\"description\" content=\"Savr\u0161en poklon za rodjendan, poklon za godi\u0161njicu, poklon za punoletstvo, poklon za ven\u010danje ili rodjenje deteta.Na\u0161a online cve\u0107ara je tu za vas, kao i dostava na ku\u0107nu adresu.Cvetni aran\u017emani, cve\u0107ara Beograd\u00a0\" \/>\n<meta name=\"robots\" content=\"index, follow, max-snippet:-1, max-image-preview:large, max-video-preview:-1\" \/>\n<link rel=\"canonical\" href=\"https:\/\/provansadekor.rs\/ru\/proizvod\/raspolozenie-korzina-09\/\" \/>\n<meta property=\"og:locale\" content=\"ru_RU\" \/>\n<meta property=\"og:type\" content=\"article\" \/>\n<meta property=\"og:title\" content=\"Luksuzni val od \u0161arenog cve\u0107a\" \/>\n<meta property=\"og:description\" content=\"Savr\u0161en poklon za rodjendan, poklon za godi\u0161njicu, poklon za punoletstvo, poklon za ven\u010danje ili rodjenje deteta.Na\u0161a online cve\u0107ara je tu za vas, kao i dostava na ku\u0107nu adresu.Cvetni aran\u017emani, cve\u0107ara Beograd\u00a0\" \/>\n<meta property=\"og:url\" content=\"https:\/\/provansadekor.rs\/ru\/proizvod\/raspolozenie-korzina-09\/\" \/>\n<meta property=\"og:site_name\" content=\"Provansa Dekor\" \/>\n<meta property=\"article:publisher\" content=\"https:\/\/www.facebook.com\/provansadekor\" \/>\n<meta property=\"article:modified_time\" content=\"2026-03-13T10:36:34+00:00\" \/>\n<meta property=\"og:image\" content=\"https:\/\/provansadekor.rs\/wp-content\/uploads\/2019\/11\/IMG-798a3b9033005b89d0f5272d28dc519c-V.jpg\" \/>\n\t<meta property=\"og:image:width\" content=\"1600\" \/>\n\t<meta property=\"og:image:height\" content=\"1200\" \/>\n\t<meta property=\"og:image:type\" content=\"image\/jpeg\" \/>\n<meta name=\"twitter:card\" content=\"summary_large_image\" \/>\n<meta name=\"twitter:label1\" content=\"\u041f\u0440\u0438\u043c\u0435\u0440\u043d\u043e\u0435 \u0432\u0440\u0435\u043c\u044f \u0434\u043b\u044f \u0447\u0442\u0435\u043d\u0438\u044f\" \/>\n\t<meta name=\"twitter:data1\" content=\"1 \u043c\u0438\u043d\u0443\u0442\u0430\" \/>\n<script type=\"application\/ld+json\" class=\"yoast-schema-graph\">{\"@context\":\"https:\/\/schema.org\",\"@graph\":[{\"@type\":[\"WebPage\",\"ItemPage\"],\"@id\":\"https:\/\/provansadekor.rs\/proizvod\/aranzman-korpa-09\/\",\"url\":\"https:\/\/provansadekor.rs\/proizvod\/aranzman-korpa-09\/\",\"name\":\"Luksuzni val od \u0161arenog cve\u0107a &#8211; Provansa Dekor\",\"isPartOf\":{\"@id\":\"https:\/\/provansadekor.rs\/#website\"},\"primaryImageOfPage\":{\"@id\":\"https:\/\/provansadekor.rs\/proizvod\/aranzman-korpa-09\/#primaryimage\"},\"image\":{\"@id\":\"https:\/\/provansadekor.rs\/proizvod\/aranzman-korpa-09\/#primaryimage\"},\"thumbnailUrl\":\"https:\/\/provansadekor.rs\/wp-content\/uploads\/2019\/11\/IMG-798a3b9033005b89d0f5272d28dc519c-V.jpg\",\"datePublished\":\"2019-11-30T10:07:26+00:00\",\"dateModified\":\"2026-03-13T10:36:34+00:00\",\"description\":\"Savr\u0161en poklon za rodjendan, poklon za godi\u0161njicu, poklon za punoletstvo, poklon za ven\u010danje ili rodjenje deteta.Na\u0161a online cve\u0107ara je tu za vas, kao i dostava na ku\u0107nu adresu.Cvetni aran\u017emani, cve\u0107ara Beograd\u00a0\",\"breadcrumb\":{\"@id\":\"https:\/\/provansadekor.rs\/proizvod\/aranzman-korpa-09\/#breadcrumb\"},\"inLanguage\":\"ru-RU\",\"potentialAction\":[{\"@type\":\"ReadAction\",\"target\":[\"https:\/\/provansadekor.rs\/proizvod\/aranzman-korpa-09\/\"]}]},{\"@type\":\"ImageObject\",\"inLanguage\":\"ru-RU\",\"@id\":\"https:\/\/provansadekor.rs\/proizvod\/aranzman-korpa-09\/#primaryimage\",\"url\":\"https:\/\/provansadekor.rs\/wp-content\/uploads\/2019\/11\/IMG-798a3b9033005b89d0f5272d28dc519c-V.jpg\",\"contentUrl\":\"https:\/\/provansadekor.rs\/wp-content\/uploads\/2019\/11\/IMG-798a3b9033005b89d0f5272d28dc519c-V.jpg\",\"width\":1600,\"height\":1200},{\"@type\":\"BreadcrumbList\",\"@id\":\"https:\/\/provansadekor.rs\/proizvod\/aranzman-korpa-09\/#breadcrumb\",\"itemListElement\":[{\"@type\":\"ListItem\",\"position\":1,\"name\":\"\u041f\u043e\u0447\u0435\u0442\u043d\u0430\",\"item\":\"https:\/\/provansadekor.rs\/\"},{\"@type\":\"ListItem\",\"position\":2,\"name\":\"\u041f\u0440\u043e\u0438\u0437\u0432\u043e\u0434\u0438\",\"item\":\"https:\/\/provansadekor.rs\/shop\/\"},{\"@type\":\"ListItem\",\"position\":3,\"name\":\"Luksuzni val od \u0161arenog cve\u0107a\"}]},{\"@type\":\"WebSite\",\"@id\":\"https:\/\/provansadekor.rs\/#website\",\"url\":\"https:\/\/provansadekor.rs\/\",\"name\":\"Provansa Dekor\",\"description\":\"Dostava cve\u0107a Beograd - Organizacija i Dekoracija doga\u0111aja - Ure\u0111enje zelenih povr\u0161ina\",\"publisher\":{\"@id\":\"https:\/\/provansadekor.rs\/#organization\"},\"potentialAction\":[{\"@type\":\"SearchAction\",\"target\":{\"@type\":\"EntryPoint\",\"urlTemplate\":\"https:\/\/provansadekor.rs\/?s={search_term_string}\"},\"query-input\":{\"@type\":\"PropertyValueSpecification\",\"valueRequired\":true,\"valueName\":\"search_term_string\"}}],\"inLanguage\":\"ru-RU\"},{\"@type\":\"Organization\",\"@id\":\"https:\/\/provansadekor.rs\/#organization\",\"name\":\"Provansa Dekor Cve\u0107ara Beograd\",\"url\":\"https:\/\/provansadekor.rs\/\",\"logo\":{\"@type\":\"ImageObject\",\"inLanguage\":\"ru-RU\",\"@id\":\"https:\/\/provansadekor.rs\/#\/schema\/logo\/image\/\",\"url\":\"https:\/\/provansadekor.rs\/wp-content\/uploads\/2022\/03\/logo-provansa.jpg\",\"contentUrl\":\"https:\/\/provansadekor.rs\/wp-content\/uploads\/2022\/03\/logo-provansa.jpg\",\"width\":200,\"height\":200,\"caption\":\"Provansa Dekor Cve\u0107ara Beograd\"},\"image\":{\"@id\":\"https:\/\/provansadekor.rs\/#\/schema\/logo\/image\/\"},\"sameAs\":[\"https:\/\/www.facebook.com\/provansadekor\",\"https:\/\/www.instagram.com\/provansadekor\/\"]}]}<\/script>\n<!-- \/ Yoast SEO Premium plugin. -->","yoast_head_json":{"title":"\u0420\u043e\u0441\u043a\u043e\u0448\u043d\u0430\u044f \u0432\u043e\u043b\u043d\u0430 \u044f\u0440\u043a\u0438\u0445 \u0446\u0432\u0435\u0442\u043e\u0432 - \u0414\u0435\u043a\u043e\u0440 \u041f\u0440\u043e\u0432\u0430\u043d\u0441","description":"\u0418\u0434\u0435\u0430\u043b\u044c\u043d\u044b\u0439 \u043f\u043e\u0434\u0430\u0440\u043e\u043a \u043d\u0430 \u0434\u0435\u043d\u044c \u0440\u043e\u0436\u0434\u0435\u043d\u0438\u044f, \u044e\u0431\u0438\u043b\u0435\u0439, \u043f\u043e\u0434\u0430\u0440\u043e\u043a \u043d\u0430 \u0441\u043e\u0432\u0435\u0440\u0448\u0435\u043d\u043d\u043e\u043b\u0435\u0442\u0438\u0435, \u0441\u0432\u0430\u0434\u0435\u0431\u043d\u044b\u0439 \u043f\u043e\u0434\u0430\u0440\u043e\u043a \u0438\u043b\u0438 \u0440\u043e\u0436\u0434\u0435\u043d\u0438\u0435 \u0440\u0435\u0431\u0435\u043d\u043a\u0430. \u0414\u043b\u044f \u0412\u0430\u0441 \u0440\u0430\u0431\u043e\u0442\u0430\u0435\u0442 \u043d\u0430\u0448 \u0438\u043d\u0442\u0435\u0440\u043d\u0435\u0442-\u043c\u0430\u0433\u0430\u0437\u0438\u043d \u0446\u0432\u0435\u0442\u043e\u0432, \u0430 \u0442\u0430\u043a\u0436\u0435 \u0434\u043e\u0441\u0442\u0430\u0432\u043a\u0430 \u043d\u0430 \u0434\u043e\u043c. \u0426\u0432\u0435\u0442\u043e\u0447\u043d\u044b\u0435 \u043a\u043e\u043c\u043f\u043e\u0437\u0438\u0446\u0438\u0438, \u0446\u0432\u0435\u0442\u043e\u0447\u043d\u044b\u0439 \u043c\u0430\u0433\u0430\u0437\u0438\u043d \u0411\u0435\u043b\u0433\u0440\u0430\u0434\u00a0","robots":{"index":"index","follow":"follow","max-snippet":"max-snippet:-1","max-image-preview":"max-image-preview:large","max-video-preview":"max-video-preview:-1"},"canonical":"https:\/\/provansadekor.rs\/ru\/proizvod\/raspolozenie-korzina-09\/","og_locale":"ru_RU","og_type":"article","og_title":"Luksuzni val od \u0161arenog cve\u0107a","og_description":"Savr\u0161en poklon za rodjendan, poklon za godi\u0161njicu, poklon za punoletstvo, poklon za ven\u010danje ili rodjenje deteta.Na\u0161a online cve\u0107ara je tu za vas, kao i dostava na ku\u0107nu adresu.Cvetni aran\u017emani, cve\u0107ara Beograd\u00a0","og_url":"https:\/\/provansadekor.rs\/ru\/proizvod\/raspolozenie-korzina-09\/","og_site_name":"Provansa Dekor","article_publisher":"https:\/\/www.facebook.com\/provansadekor","article_modified_time":"2026-03-13T10:36:34+00:00","og_image":[{"width":1600,"height":1200,"url":"https:\/\/provansadekor.rs\/wp-content\/uploads\/2019\/11\/IMG-798a3b9033005b89d0f5272d28dc519c-V.jpg","type":"image\/jpeg"}],"twitter_card":"summary_large_image","twitter_misc":{"\u041f\u0440\u0438\u043c\u0435\u0440\u043d\u043e\u0435 \u0432\u0440\u0435\u043c\u044f \u0434\u043b\u044f \u0447\u0442\u0435\u043d\u0438\u044f":"1 \u043c\u0438\u043d\u0443\u0442\u0430"},"schema":{"@context":"https:\/\/schema.org","@graph":[{"@type":["WebPage","ItemPage"],"@id":"https:\/\/provansadekor.rs\/proizvod\/aranzman-korpa-09\/","url":"https:\/\/provansadekor.rs\/proizvod\/aranzman-korpa-09\/","name":"\u0420\u043e\u0441\u043a\u043e\u0448\u043d\u0430\u044f \u0432\u043e\u043b\u043d\u0430 \u044f\u0440\u043a\u0438\u0445 \u0446\u0432\u0435\u0442\u043e\u0432 - \u0414\u0435\u043a\u043e\u0440 \u041f\u0440\u043e\u0432\u0430\u043d\u0441","isPartOf":{"@id":"https:\/\/provansadekor.rs\/#website"},"primaryImageOfPage":{"@id":"https:\/\/provansadekor.rs\/proizvod\/aranzman-korpa-09\/#primaryimage"},"image":{"@id":"https:\/\/provansadekor.rs\/proizvod\/aranzman-korpa-09\/#primaryimage"},"thumbnailUrl":"https:\/\/provansadekor.rs\/wp-content\/uploads\/2019\/11\/IMG-798a3b9033005b89d0f5272d28dc519c-V.jpg","datePublished":"2019-11-30T10:07:26+00:00","dateModified":"2026-03-13T10:36:34+00:00","description":"\u0418\u0434\u0435\u0430\u043b\u044c\u043d\u044b\u0439 \u043f\u043e\u0434\u0430\u0440\u043e\u043a \u043d\u0430 \u0434\u0435\u043d\u044c \u0440\u043e\u0436\u0434\u0435\u043d\u0438\u044f, \u044e\u0431\u0438\u043b\u0435\u0439, \u043f\u043e\u0434\u0430\u0440\u043e\u043a \u043d\u0430 \u0441\u043e\u0432\u0435\u0440\u0448\u0435\u043d\u043d\u043e\u043b\u0435\u0442\u0438\u0435, \u0441\u0432\u0430\u0434\u0435\u0431\u043d\u044b\u0439 \u043f\u043e\u0434\u0430\u0440\u043e\u043a \u0438\u043b\u0438 \u0440\u043e\u0436\u0434\u0435\u043d\u0438\u0435 \u0440\u0435\u0431\u0435\u043d\u043a\u0430. \u0414\u043b\u044f \u0412\u0430\u0441 \u0440\u0430\u0431\u043e\u0442\u0430\u0435\u0442 \u043d\u0430\u0448 \u0438\u043d\u0442\u0435\u0440\u043d\u0435\u0442-\u043c\u0430\u0433\u0430\u0437\u0438\u043d \u0446\u0432\u0435\u0442\u043e\u0432, \u0430 \u0442\u0430\u043a\u0436\u0435 \u0434\u043e\u0441\u0442\u0430\u0432\u043a\u0430 \u043d\u0430 \u0434\u043e\u043c. \u0426\u0432\u0435\u0442\u043e\u0447\u043d\u044b\u0435 \u043a\u043e\u043c\u043f\u043e\u0437\u0438\u0446\u0438\u0438, \u0446\u0432\u0435\u0442\u043e\u0447\u043d\u044b\u0439 \u043c\u0430\u0433\u0430\u0437\u0438\u043d \u0411\u0435\u043b\u0433\u0440\u0430\u0434\u00a0","breadcrumb":{"@id":"https:\/\/provansadekor.rs\/proizvod\/aranzman-korpa-09\/#breadcrumb"},"inLanguage":"ru-RU","potentialAction":[{"@type":"ReadAction","target":["https:\/\/provansadekor.rs\/proizvod\/aranzman-korpa-09\/"]}]},{"@type":"ImageObject","inLanguage":"ru-RU","@id":"https:\/\/provansadekor.rs\/proizvod\/aranzman-korpa-09\/#primaryimage","url":"https:\/\/provansadekor.rs\/wp-content\/uploads\/2019\/11\/IMG-798a3b9033005b89d0f5272d28dc519c-V.jpg","contentUrl":"https:\/\/provansadekor.rs\/wp-content\/uploads\/2019\/11\/IMG-798a3b9033005b89d0f5272d28dc519c-V.jpg","width":1600,"height":1200},{"@type":"BreadcrumbList","@id":"https:\/\/provansadekor.rs\/proizvod\/aranzman-korpa-09\/#breadcrumb","itemListElement":[{"@type":"ListItem","position":1,"name":"\u041f\u043e\u0447\u0435\u0442\u043d\u0430","item":"https:\/\/provansadekor.rs\/"},{"@type":"ListItem","position":2,"name":"\u041f\u0440\u043e\u0438\u0437\u0432\u043e\u0434\u0438","item":"https:\/\/provansadekor.rs\/shop\/"},{"@type":"ListItem","position":3,"name":"Luksuzni val od \u0161arenog cve\u0107a"}]},{"@type":"WebSite","@id":"https:\/\/provansadekor.rs\/#website","url":"https:\/\/provansadekor.rs\/","name":"\u041f\u0440\u043e\u0432\u0430\u043d\u0441 \u0414\u0435\u043a\u043e\u0440","description":"\u0414\u043e\u0441\u0442\u0430\u0432\u043a\u0430 \u0446\u0432\u0435\u0442\u043e\u0432 \u0411\u0435\u043b\u0433\u0440\u0430\u0434 - \u041e\u0440\u0433\u0430\u043d\u0438\u0437\u0430\u0446\u0438\u044f \u0438 \u043e\u0444\u043e\u0440\u043c\u043b\u0435\u043d\u0438\u0435 \u043c\u0435\u0440\u043e\u043f\u0440\u0438\u044f\u0442\u0438\u0439 - \u041b\u0430\u043d\u0434\u0448\u0430\u0444\u0442\u043d\u044b\u0439 \u0434\u0438\u0437\u0430\u0439\u043d","publisher":{"@id":"https:\/\/provansadekor.rs\/#organization"},"potentialAction":[{"@type":"SearchAction","target":{"@type":"EntryPoint","urlTemplate":"https:\/\/provansadekor.rs\/?s={search_term_string}"},"query-input":{"@type":"PropertyValueSpecification","valueRequired":true,"valueName":"search_term_string"}}],"inLanguage":"ru-RU"},{"@type":"Organization","@id":"https:\/\/provansadekor.rs\/#organization","name":"\u0426\u0432\u0435\u0442\u043e\u0447\u043d\u044b\u0439 \u043c\u0430\u0433\u0430\u0437\u0438\u043d \u041f\u0440\u043e\u0432\u0430\u043d\u0441 \u0414\u0435\u043a\u043e\u0440 \u0411\u0435\u043b\u0433\u0440\u0430\u0434","url":"https:\/\/provansadekor.rs\/","logo":{"@type":"ImageObject","inLanguage":"ru-RU","@id":"https:\/\/provansadekor.rs\/#\/schema\/logo\/image\/","url":"https:\/\/provansadekor.rs\/wp-content\/uploads\/2022\/03\/logo-provansa.jpg","contentUrl":"https:\/\/provansadekor.rs\/wp-content\/uploads\/2022\/03\/logo-provansa.jpg","width":200,"height":200,"caption":"Provansa Dekor Cve\u0107ara Beograd"},"image":{"@id":"https:\/\/provansadekor.rs\/#\/schema\/logo\/image\/"},"sameAs":["https:\/\/www.facebook.com\/provansadekor","https:\/\/www.instagram.com\/provansadekor\/"]}]}},"_links":{"self":[{"href":"https:\/\/provansadekor.rs\/ru\/wp-json\/wp\/v2\/product\/5403","targetHints":{"allow":["GET"]}}],"collection":[{"href":"https:\/\/provansadekor.rs\/ru\/wp-json\/wp\/v2\/product"}],"about":[{"href":"https:\/\/provansadekor.rs\/ru\/wp-json\/wp\/v2\/types\/product"}],"version-history":[{"count":4,"href":"https:\/\/provansadekor.rs\/ru\/wp-json\/wp\/v2\/product\/5403\/revisions"}],"predecessor-version":[{"id":67646,"href":"https:\/\/provansadekor.rs\/ru\/wp-json\/wp\/v2\/product\/5403\/revisions\/67646"}],"wp:featuredmedia":[{"embeddable":true,"href":"https:\/\/provansadekor.rs\/ru\/wp-json\/wp\/v2\/media\/5386"}],"wp:attachment":[{"href":"https:\/\/provansadekor.rs\/ru\/wp-json\/wp\/v2\/media?parent=5403"}],"wp:term":[{"taxonomy":"product_brand","embeddable":true,"href":"https:\/\/provansadekor.rs\/ru\/wp-json\/wp\/v2\/product_brand?post=5403"},{"taxonomy":"product_cat","embeddable":true,"href":"https:\/\/provansadekor.rs\/ru\/wp-json\/wp\/v2\/product_cat?post=5403"},{"taxonomy":"product_tag","embeddable":true,"href":"https:\/\/provansadekor.rs\/ru\/wp-json\/wp\/v2\/product_tag?post=5403"}],"curies":[{"name":"wp","href":"https:\/\/api.w.org\/{rel}","templated":true}]}}