{"id":48874,"date":"2022-02-11T04:12:34","date_gmt":"2022-02-11T03:12:34","guid":{"rendered":"http:\/\/provansadekor.rs\/?post_type=product&#038;p=48874"},"modified":"2026-03-13T11:33:21","modified_gmt":"2026-03-13T10:33:21","slug":"zaljubljeni-aranzman-crvenih-ruza","status":"publish","type":"product","link":"https:\/\/provansadekor.rs\/ru\/proizvod\/\u043a\u043e\u043c\u043f\u043e\u0437\u0438\u0446\u0438\u044f-\u043b\u044e\u0431\u043e\u0432\u043d\u0438\u043a\u043e\u0432-\u043a\u0440\u0430\u0441\u043d\u044b\u0445-\u0440\u043e\u0437\/","title":{"rendered":"\u041d\u0435\u0436\u043d\u0430\u044f \u043a\u043e\u043c\u043f\u043e\u0437\u0438\u0446\u0438\u044f \u0438\u0437 \u043a\u0440\u0430\u0441\u043d\u044b\u0445 \u0440\u043e\u0437"},"content":{"rendered":"<p><em>\u0420\u0430\u0437\u043d\u043e\u0432\u0438\u0434\u043d\u043e\u0441\u0442\u044c<\/em><strong><em> \u0446\u0432\u0435\u0442\u044b \u0432 \u043a\u043e\u043c\u043f\u043e\u0437\u0438\u0446\u0438\u0438<\/em><\/strong>: <strong>\u043a\u0440\u0430\u0441\u043d\u044b\u0435 \u0440\u043e\u0437\u044b<\/strong>.<\/p>\n<p><em>\u0421\u043e\u043f\u0443\u0442\u0441\u0442\u0432\u0443\u044e\u0449\u0435\u0435 \u043e\u0444\u043e\u0440\u043c\u043b\u0435\u043d\u0438\u0435<\/em>: \u0437\u043e\u043b\u043e\u0442\u0438\u0441\u0442\u043e-\u0431\u0435\u043b\u044b\u0439 \u0434\u0435\u043a\u043e\u0440\u0430\u0442\u0438\u0432\u043d\u044b\u0439<strong> \u043a\u043e\u0440\u043e\u0431\u043a\u0430 \u0432 \u0444\u043e\u0440\u043c\u0435 \u0441\u0435\u0440\u0434\u0446\u0430<\/strong>, \u043a\u0440\u0430\u0441\u043d\u044b\u0439 \u0431\u0430\u043d\u0442 \u0438 \u043a\u0440\u0430\u0441\u043e\u0447\u043d\u044b\u0439 \u0437\u043e\u043b\u043e\u0442\u043e\u0439 \u0438 \u0431\u0435\u043b\u044b\u0439 \u0431\u0430\u043d\u0442.<\/p>\n<p>\u041a\u0440\u0430\u0441\u0438\u0432\u044b\u0439 <strong>\u0446\u0432\u0435\u0442\u043e\u0447\u043d\u0430\u044f \u043a\u043e\u043c\u043f\u043e\u0437\u0438\u0446\u0438\u044f<\/strong> \u0438\u0437 <strong>\u0441\u0432\u0435\u0436\u0438\u0435 \u043a\u0440\u0430\u0441\u043d\u044b\u0435 \u0440\u043e\u0437\u044b<\/strong> \u0443\u043f\u0430\u043a\u043e\u0432\u0430\u043d \u0432 \u044d\u043b\u0435\u0433\u0430\u043d\u0442\u043d\u0443\u044e \u043a\u043e\u0440\u043e\u0431\u043e\u0447\u043a\u0443 \u0432 \u0444\u043e\u0440\u043c\u0435 \u0441\u0435\u0440\u0434\u0446\u0430, \u0443\u043a\u0440\u0430\u0448\u0435\u043d\u043d\u0443\u044e \u0434\u0432\u043e\u0439\u043d\u044b\u043c \u0431\u0430\u043d\u0442\u043e\u043c \u0441 \u0433\u0430\u0440\u043c\u043e\u043d\u0438\u0447\u043d\u044b\u043c \u0446\u0432\u0435\u0442\u043e\u0432\u044b\u043c \u0441\u043e\u0447\u0435\u0442\u0430\u043d\u0438\u0435\u043c. \u0418\u043c\u0435\u043d\u043d\u043e \u0441 \u044d\u0442\u0438\u043c <strong>\u0434\u043e\u0433\u043e\u0432\u043e\u0440\u0435\u043d\u043d\u043e\u0441\u0442\u044c<\/strong> \u0432\u044b \u0441\u0434\u0435\u043b\u0430\u0435\u0442\u0435 \u043a\u043e\u043c\u0443-\u0442\u043e \u043f\u0440\u0438\u044f\u0442\u043d\u043e\u0435 \u0438 \u043f\u043e\u043a\u0430\u0436\u0435\u0442\u0435, \u0447\u0442\u043e \u0432\u0430\u043c \u043d\u0435 \u0432\u0441\u0435 \u0440\u0430\u0432\u043d\u043e.<\/p>\n<h2 style=\"text-align: center;\"><strong>\u0426\u0432\u0435\u0442\u043e\u0447\u043d\u0430\u044f \u043a\u043e\u043c\u043f\u043e\u0437\u0438\u0446\u0438\u044f<\/strong> \u0438\u0437 <strong>\u0441\u0432\u0435\u0436\u0438\u0435 \u043a\u0440\u0430\u0441\u043d\u044b\u0435 \u0440\u043e\u0437\u044b, <\/strong>Cvecara \u041e\u043d\u043b\u0430\u0439\u043d<\/h2>","protected":false},"excerpt":{"rendered":"<p>Vrsta cve\u0107a u aran\u017emanu: crvene ru\u017ee. Prate\u0107a dekoracija: zlatno bela ukrasna kutija u obliku srca, crvena ma\u0161na i \u0161arena zlatno bela ma\u0161na. Predivni cvetni aran\u017eman od sve\u017eih crvenih ru\u017ea upakovan u elegantnu kutiju u obliku srca ukra\u0161en duplom ma\u0161nom sa skladnom kombinacijom boja. Ovim posebnim aran\u017emanom \u0107ete nekome ulep\u0161ati dan i pokazati da vam je [&hellip;]<\/p>","protected":false},"featured_media":48875,"template":"","meta":[],"product_brand":[],"product_cat":[116],"product_tag":[],"class_list":{"0":"post-48874","1":"product","2":"type-product","3":"status-publish","4":"has-post-thumbnail","6":"product_cat-cvetni-aranzmani","8":"first","9":"instock","10":"featured","11":"shipping-taxable","12":"purchasable","13":"product-type-simple"},"yoast_head":"<!-- This site is optimized with the Yoast SEO Premium plugin v20.9 (Yoast SEO v26.5) - https:\/\/yoast.com\/wordpress\/plugins\/seo\/ -->\n<title>Zaljubljeni aran\u017eman crvenih ru\u017ea &#8211; Provansa Dekor<\/title>\n<meta name=\"description\" content=\"Predivni cvetni aran\u017eman od sve\u017eih crvenih ru\u017ea upakovan u elegantnu kutiju u obliku srca ukra\u0161en duplom ma\u0161nom sa skladnom kombinacijom boja. Ovim posebnim aran\u017emanom \u0107ete nekome ulep\u0161ati dan i pokazati da vam je stalo.Cvetni aran\u017eman od sve\u017eih crvenih ru\u017ea, Cvecara Online\" \/>\n<meta name=\"robots\" content=\"index, follow, max-snippet:-1, max-image-preview:large, max-video-preview:-1\" \/>\n<link rel=\"canonical\" href=\"https:\/\/provansadekor.rs\/ru\/proizvod\/\u043a\u043e\u043c\u043f\u043e\u0437\u0438\u0446\u0438\u044f-\u043b\u044e\u0431\u043e\u0432\u043d\u0438\u043a\u043e\u0432-\u043a\u0440\u0430\u0441\u043d\u044b\u0445-\u0440\u043e\u0437\/\" \/>\n<meta property=\"og:locale\" content=\"ru_RU\" \/>\n<meta property=\"og:type\" content=\"article\" \/>\n<meta property=\"og:title\" content=\"Zaljubljeni aran\u017eman crvenih ru\u017ea\" \/>\n<meta property=\"og:description\" content=\"Predivni cvetni aran\u017eman od sve\u017eih crvenih ru\u017ea upakovan u elegantnu kutiju u obliku srca ukra\u0161en duplom ma\u0161nom sa skladnom kombinacijom boja. Ovim posebnim aran\u017emanom \u0107ete nekome ulep\u0161ati dan i pokazati da vam je stalo.Cvetni aran\u017eman od sve\u017eih crvenih ru\u017ea, Cvecara Online\" \/>\n<meta property=\"og:url\" content=\"https:\/\/provansadekor.rs\/ru\/proizvod\/\u043a\u043e\u043c\u043f\u043e\u0437\u0438\u0446\u0438\u044f-\u043b\u044e\u0431\u043e\u0432\u043d\u0438\u043a\u043e\u0432-\u043a\u0440\u0430\u0441\u043d\u044b\u0445-\u0440\u043e\u0437\/\" \/>\n<meta property=\"og:site_name\" content=\"Provansa Dekor\" \/>\n<meta property=\"article:publisher\" content=\"https:\/\/www.facebook.com\/provansadekor\" \/>\n<meta property=\"article:modified_time\" content=\"2026-03-13T10:33:21+00:00\" \/>\n<meta property=\"og:image\" content=\"https:\/\/provansadekor.rs\/wp-content\/uploads\/2022\/02\/SAS-0556-2.jpg\" \/>\n\t<meta property=\"og:image:width\" content=\"1000\" \/>\n\t<meta property=\"og:image:height\" content=\"1000\" \/>\n\t<meta property=\"og:image:type\" content=\"image\/jpeg\" \/>\n<meta name=\"twitter:card\" content=\"summary_large_image\" \/>\n<meta name=\"twitter:label1\" content=\"\u041f\u0440\u0438\u043c\u0435\u0440\u043d\u043e\u0435 \u0432\u0440\u0435\u043c\u044f \u0434\u043b\u044f \u0447\u0442\u0435\u043d\u0438\u044f\" \/>\n\t<meta name=\"twitter:data1\" content=\"1 \u043c\u0438\u043d\u0443\u0442\u0430\" \/>\n<script type=\"application\/ld+json\" class=\"yoast-schema-graph\">{\"@context\":\"https:\/\/schema.org\",\"@graph\":[{\"@type\":[\"WebPage\",\"ItemPage\"],\"@id\":\"https:\/\/provansadekor.rs\/proizvod\/zaljubljeni-aranzman-crvenih-ruza\/\",\"url\":\"https:\/\/provansadekor.rs\/proizvod\/zaljubljeni-aranzman-crvenih-ruza\/\",\"name\":\"Zaljubljeni aran\u017eman crvenih ru\u017ea &#8211; Provansa Dekor\",\"isPartOf\":{\"@id\":\"https:\/\/provansadekor.rs\/#website\"},\"primaryImageOfPage\":{\"@id\":\"https:\/\/provansadekor.rs\/proizvod\/zaljubljeni-aranzman-crvenih-ruza\/#primaryimage\"},\"image\":{\"@id\":\"https:\/\/provansadekor.rs\/proizvod\/zaljubljeni-aranzman-crvenih-ruza\/#primaryimage\"},\"thumbnailUrl\":\"https:\/\/provansadekor.rs\/wp-content\/uploads\/2022\/02\/SAS-0556-2.jpg\",\"datePublished\":\"2022-02-11T03:12:34+00:00\",\"dateModified\":\"2026-03-13T10:33:21+00:00\",\"description\":\"Predivni cvetni aran\u017eman od sve\u017eih crvenih ru\u017ea upakovan u elegantnu kutiju u obliku srca ukra\u0161en duplom ma\u0161nom sa skladnom kombinacijom boja. Ovim posebnim aran\u017emanom \u0107ete nekome ulep\u0161ati dan i pokazati da vam je stalo.Cvetni aran\u017eman od sve\u017eih crvenih ru\u017ea, Cvecara Online\",\"breadcrumb\":{\"@id\":\"https:\/\/provansadekor.rs\/proizvod\/zaljubljeni-aranzman-crvenih-ruza\/#breadcrumb\"},\"inLanguage\":\"ru-RU\",\"potentialAction\":[{\"@type\":\"ReadAction\",\"target\":[\"https:\/\/provansadekor.rs\/proizvod\/zaljubljeni-aranzman-crvenih-ruza\/\"]}]},{\"@type\":\"ImageObject\",\"inLanguage\":\"ru-RU\",\"@id\":\"https:\/\/provansadekor.rs\/proizvod\/zaljubljeni-aranzman-crvenih-ruza\/#primaryimage\",\"url\":\"https:\/\/provansadekor.rs\/wp-content\/uploads\/2022\/02\/SAS-0556-2.jpg\",\"contentUrl\":\"https:\/\/provansadekor.rs\/wp-content\/uploads\/2022\/02\/SAS-0556-2.jpg\",\"width\":1000,\"height\":1000},{\"@type\":\"BreadcrumbList\",\"@id\":\"https:\/\/provansadekor.rs\/proizvod\/zaljubljeni-aranzman-crvenih-ruza\/#breadcrumb\",\"itemListElement\":[{\"@type\":\"ListItem\",\"position\":1,\"name\":\"\u041f\u043e\u0447\u0435\u0442\u043d\u0430\",\"item\":\"https:\/\/provansadekor.rs\/\"},{\"@type\":\"ListItem\",\"position\":2,\"name\":\"\u041f\u0440\u043e\u0438\u0437\u0432\u043e\u0434\u0438\",\"item\":\"https:\/\/provansadekor.rs\/shop\/\"},{\"@type\":\"ListItem\",\"position\":3,\"name\":\"Zaljubljeni aran\u017eman crvenih ru\u017ea\"}]},{\"@type\":\"WebSite\",\"@id\":\"https:\/\/provansadekor.rs\/#website\",\"url\":\"https:\/\/provansadekor.rs\/\",\"name\":\"Provansa Dekor\",\"description\":\"Dostava cve\u0107a Beograd - Organizacija i Dekoracija doga\u0111aja - Ure\u0111enje zelenih povr\u0161ina\",\"publisher\":{\"@id\":\"https:\/\/provansadekor.rs\/#organization\"},\"potentialAction\":[{\"@type\":\"SearchAction\",\"target\":{\"@type\":\"EntryPoint\",\"urlTemplate\":\"https:\/\/provansadekor.rs\/?s={search_term_string}\"},\"query-input\":{\"@type\":\"PropertyValueSpecification\",\"valueRequired\":true,\"valueName\":\"search_term_string\"}}],\"inLanguage\":\"ru-RU\"},{\"@type\":\"Organization\",\"@id\":\"https:\/\/provansadekor.rs\/#organization\",\"name\":\"Provansa Dekor Cve\u0107ara Beograd\",\"url\":\"https:\/\/provansadekor.rs\/\",\"logo\":{\"@type\":\"ImageObject\",\"inLanguage\":\"ru-RU\",\"@id\":\"https:\/\/provansadekor.rs\/#\/schema\/logo\/image\/\",\"url\":\"https:\/\/provansadekor.rs\/wp-content\/uploads\/2022\/03\/logo-provansa.jpg\",\"contentUrl\":\"https:\/\/provansadekor.rs\/wp-content\/uploads\/2022\/03\/logo-provansa.jpg\",\"width\":200,\"height\":200,\"caption\":\"Provansa Dekor Cve\u0107ara Beograd\"},\"image\":{\"@id\":\"https:\/\/provansadekor.rs\/#\/schema\/logo\/image\/\"},\"sameAs\":[\"https:\/\/www.facebook.com\/provansadekor\",\"https:\/\/www.instagram.com\/provansadekor\/\"]}]}<\/script>\n<!-- \/ Yoast SEO Premium plugin. -->","yoast_head_json":{"title":"\u041a\u043e\u043c\u043f\u043e\u0437\u0438\u0446\u0438\u044f \u0438\u0437 \u0432\u043b\u044e\u0431\u043b\u0435\u043d\u043d\u044b\u0445 \u043a\u0440\u0430\u0441\u043d\u044b\u0445 \u0440\u043e\u0437 - \u0414\u0435\u043a\u043e\u0440 \u041f\u0440\u043e\u0432\u0430\u043d\u0441","description":"\u041a\u0440\u0430\u0441\u0438\u0432\u0430\u044f \u0446\u0432\u0435\u0442\u043e\u0447\u043d\u0430\u044f \u043a\u043e\u043c\u043f\u043e\u0437\u0438\u0446\u0438\u044f \u0438\u0437 \u0441\u0432\u0435\u0436\u0438\u0445 \u043a\u0440\u0430\u0441\u043d\u044b\u0445 \u0440\u043e\u0437, \u0443\u043f\u0430\u043a\u043e\u0432\u0430\u043d\u043d\u0430\u044f \u0432 \u044d\u043b\u0435\u0433\u0430\u043d\u0442\u043d\u0443\u044e \u043a\u043e\u0440\u043e\u0431\u043a\u0443 \u0432 \u0444\u043e\u0440\u043c\u0435 \u0441\u0435\u0440\u0434\u0446\u0430, \u0443\u043a\u0440\u0430\u0448\u0435\u043d\u043d\u0443\u044e \u0434\u0432\u043e\u0439\u043d\u044b\u043c \u0431\u0430\u043d\u0442\u043e\u043c \u0441 \u0433\u0430\u0440\u043c\u043e\u043d\u0438\u0447\u043d\u044b\u043c \u0441\u043e\u0447\u0435\u0442\u0430\u043d\u0438\u0435\u043c \u0446\u0432\u0435\u0442\u043e\u0432. \u0421 \u043f\u043e\u043c\u043e\u0449\u044c\u044e \u044d\u0442\u043e\u0439 \u043e\u0441\u043e\u0431\u0435\u043d\u043d\u043e\u0439 \u043a\u043e\u043c\u043f\u043e\u0437\u0438\u0446\u0438\u0438 \u0432\u044b \u0443\u043a\u0440\u0430\u0441\u0438\u0442\u0435 \u0447\u0435\u0439-\u0442\u043e \u0434\u0435\u043d\u044c \u0438 \u043f\u0440\u043e\u044f\u0432\u0438\u0442\u0435 \u0441\u0432\u043e\u044e \u0437\u0430\u0431\u043e\u0442\u0443. \u0426\u0432\u0435\u0442\u043e\u0447\u043d\u0430\u044f \u043a\u043e\u043c\u043f\u043e\u0437\u0438\u0446\u0438\u044f \u0438\u0437 \u0441\u0432\u0435\u0436\u0438\u0445 \u043a\u0440\u0430\u0441\u043d\u044b\u0445 \u0440\u043e\u0437, Cvecara Online.","robots":{"index":"index","follow":"follow","max-snippet":"max-snippet:-1","max-image-preview":"max-image-preview:large","max-video-preview":"max-video-preview:-1"},"canonical":"https:\/\/provansadekor.rs\/ru\/proizvod\/\u043a\u043e\u043c\u043f\u043e\u0437\u0438\u0446\u0438\u044f-\u043b\u044e\u0431\u043e\u0432\u043d\u0438\u043a\u043e\u0432-\u043a\u0440\u0430\u0441\u043d\u044b\u0445-\u0440\u043e\u0437\/","og_locale":"ru_RU","og_type":"article","og_title":"Zaljubljeni aran\u017eman crvenih ru\u017ea","og_description":"Predivni cvetni aran\u017eman od sve\u017eih crvenih ru\u017ea upakovan u elegantnu kutiju u obliku srca ukra\u0161en duplom ma\u0161nom sa skladnom kombinacijom boja. Ovim posebnim aran\u017emanom \u0107ete nekome ulep\u0161ati dan i pokazati da vam je stalo.Cvetni aran\u017eman od sve\u017eih crvenih ru\u017ea, Cvecara Online","og_url":"https:\/\/provansadekor.rs\/ru\/proizvod\/\u043a\u043e\u043c\u043f\u043e\u0437\u0438\u0446\u0438\u044f-\u043b\u044e\u0431\u043e\u0432\u043d\u0438\u043a\u043e\u0432-\u043a\u0440\u0430\u0441\u043d\u044b\u0445-\u0440\u043e\u0437\/","og_site_name":"Provansa Dekor","article_publisher":"https:\/\/www.facebook.com\/provansadekor","article_modified_time":"2026-03-13T10:33:21+00:00","og_image":[{"width":1000,"height":1000,"url":"https:\/\/provansadekor.rs\/wp-content\/uploads\/2022\/02\/SAS-0556-2.jpg","type":"image\/jpeg"}],"twitter_card":"summary_large_image","twitter_misc":{"\u041f\u0440\u0438\u043c\u0435\u0440\u043d\u043e\u0435 \u0432\u0440\u0435\u043c\u044f \u0434\u043b\u044f \u0447\u0442\u0435\u043d\u0438\u044f":"1 \u043c\u0438\u043d\u0443\u0442\u0430"},"schema":{"@context":"https:\/\/schema.org","@graph":[{"@type":["WebPage","ItemPage"],"@id":"https:\/\/provansadekor.rs\/proizvod\/zaljubljeni-aranzman-crvenih-ruza\/","url":"https:\/\/provansadekor.rs\/proizvod\/zaljubljeni-aranzman-crvenih-ruza\/","name":"\u041a\u043e\u043c\u043f\u043e\u0437\u0438\u0446\u0438\u044f \u0438\u0437 \u0432\u043b\u044e\u0431\u043b\u0435\u043d\u043d\u044b\u0445 \u043a\u0440\u0430\u0441\u043d\u044b\u0445 \u0440\u043e\u0437 - \u0414\u0435\u043a\u043e\u0440 \u041f\u0440\u043e\u0432\u0430\u043d\u0441","isPartOf":{"@id":"https:\/\/provansadekor.rs\/#website"},"primaryImageOfPage":{"@id":"https:\/\/provansadekor.rs\/proizvod\/zaljubljeni-aranzman-crvenih-ruza\/#primaryimage"},"image":{"@id":"https:\/\/provansadekor.rs\/proizvod\/zaljubljeni-aranzman-crvenih-ruza\/#primaryimage"},"thumbnailUrl":"https:\/\/provansadekor.rs\/wp-content\/uploads\/2022\/02\/SAS-0556-2.jpg","datePublished":"2022-02-11T03:12:34+00:00","dateModified":"2026-03-13T10:33:21+00:00","description":"\u041a\u0440\u0430\u0441\u0438\u0432\u0430\u044f \u0446\u0432\u0435\u0442\u043e\u0447\u043d\u0430\u044f \u043a\u043e\u043c\u043f\u043e\u0437\u0438\u0446\u0438\u044f \u0438\u0437 \u0441\u0432\u0435\u0436\u0438\u0445 \u043a\u0440\u0430\u0441\u043d\u044b\u0445 \u0440\u043e\u0437, \u0443\u043f\u0430\u043a\u043e\u0432\u0430\u043d\u043d\u0430\u044f \u0432 \u044d\u043b\u0435\u0433\u0430\u043d\u0442\u043d\u0443\u044e \u043a\u043e\u0440\u043e\u0431\u043a\u0443 \u0432 \u0444\u043e\u0440\u043c\u0435 \u0441\u0435\u0440\u0434\u0446\u0430, \u0443\u043a\u0440\u0430\u0448\u0435\u043d\u043d\u0443\u044e \u0434\u0432\u043e\u0439\u043d\u044b\u043c \u0431\u0430\u043d\u0442\u043e\u043c \u0441 \u0433\u0430\u0440\u043c\u043e\u043d\u0438\u0447\u043d\u044b\u043c \u0441\u043e\u0447\u0435\u0442\u0430\u043d\u0438\u0435\u043c \u0446\u0432\u0435\u0442\u043e\u0432. \u0421 \u043f\u043e\u043c\u043e\u0449\u044c\u044e \u044d\u0442\u043e\u0439 \u043e\u0441\u043e\u0431\u0435\u043d\u043d\u043e\u0439 \u043a\u043e\u043c\u043f\u043e\u0437\u0438\u0446\u0438\u0438 \u0432\u044b \u0443\u043a\u0440\u0430\u0441\u0438\u0442\u0435 \u0447\u0435\u0439-\u0442\u043e \u0434\u0435\u043d\u044c \u0438 \u043f\u0440\u043e\u044f\u0432\u0438\u0442\u0435 \u0441\u0432\u043e\u044e \u0437\u0430\u0431\u043e\u0442\u0443. \u0426\u0432\u0435\u0442\u043e\u0447\u043d\u0430\u044f \u043a\u043e\u043c\u043f\u043e\u0437\u0438\u0446\u0438\u044f \u0438\u0437 \u0441\u0432\u0435\u0436\u0438\u0445 \u043a\u0440\u0430\u0441\u043d\u044b\u0445 \u0440\u043e\u0437, Cvecara Online.","breadcrumb":{"@id":"https:\/\/provansadekor.rs\/proizvod\/zaljubljeni-aranzman-crvenih-ruza\/#breadcrumb"},"inLanguage":"ru-RU","potentialAction":[{"@type":"ReadAction","target":["https:\/\/provansadekor.rs\/proizvod\/zaljubljeni-aranzman-crvenih-ruza\/"]}]},{"@type":"ImageObject","inLanguage":"ru-RU","@id":"https:\/\/provansadekor.rs\/proizvod\/zaljubljeni-aranzman-crvenih-ruza\/#primaryimage","url":"https:\/\/provansadekor.rs\/wp-content\/uploads\/2022\/02\/SAS-0556-2.jpg","contentUrl":"https:\/\/provansadekor.rs\/wp-content\/uploads\/2022\/02\/SAS-0556-2.jpg","width":1000,"height":1000},{"@type":"BreadcrumbList","@id":"https:\/\/provansadekor.rs\/proizvod\/zaljubljeni-aranzman-crvenih-ruza\/#breadcrumb","itemListElement":[{"@type":"ListItem","position":1,"name":"\u041f\u043e\u0447\u0435\u0442\u043d\u0430","item":"https:\/\/provansadekor.rs\/"},{"@type":"ListItem","position":2,"name":"\u041f\u0440\u043e\u0438\u0437\u0432\u043e\u0434\u0438","item":"https:\/\/provansadekor.rs\/shop\/"},{"@type":"ListItem","position":3,"name":"Zaljubljeni aran\u017eman crvenih ru\u017ea"}]},{"@type":"WebSite","@id":"https:\/\/provansadekor.rs\/#website","url":"https:\/\/provansadekor.rs\/","name":"\u041f\u0440\u043e\u0432\u0430\u043d\u0441 \u0414\u0435\u043a\u043e\u0440","description":"\u0414\u043e\u0441\u0442\u0430\u0432\u043a\u0430 \u0446\u0432\u0435\u0442\u043e\u0432 \u0411\u0435\u043b\u0433\u0440\u0430\u0434 - \u041e\u0440\u0433\u0430\u043d\u0438\u0437\u0430\u0446\u0438\u044f \u0438 \u043e\u0444\u043e\u0440\u043c\u043b\u0435\u043d\u0438\u0435 \u043c\u0435\u0440\u043e\u043f\u0440\u0438\u044f\u0442\u0438\u0439 - \u041b\u0430\u043d\u0434\u0448\u0430\u0444\u0442\u043d\u044b\u0439 \u0434\u0438\u0437\u0430\u0439\u043d","publisher":{"@id":"https:\/\/provansadekor.rs\/#organization"},"potentialAction":[{"@type":"SearchAction","target":{"@type":"EntryPoint","urlTemplate":"https:\/\/provansadekor.rs\/?s={search_term_string}"},"query-input":{"@type":"PropertyValueSpecification","valueRequired":true,"valueName":"search_term_string"}}],"inLanguage":"ru-RU"},{"@type":"Organization","@id":"https:\/\/provansadekor.rs\/#organization","name":"\u0426\u0432\u0435\u0442\u043e\u0447\u043d\u044b\u0439 \u043c\u0430\u0433\u0430\u0437\u0438\u043d \u041f\u0440\u043e\u0432\u0430\u043d\u0441 \u0414\u0435\u043a\u043e\u0440 \u0411\u0435\u043b\u0433\u0440\u0430\u0434","url":"https:\/\/provansadekor.rs\/","logo":{"@type":"ImageObject","inLanguage":"ru-RU","@id":"https:\/\/provansadekor.rs\/#\/schema\/logo\/image\/","url":"https:\/\/provansadekor.rs\/wp-content\/uploads\/2022\/03\/logo-provansa.jpg","contentUrl":"https:\/\/provansadekor.rs\/wp-content\/uploads\/2022\/03\/logo-provansa.jpg","width":200,"height":200,"caption":"Provansa Dekor Cve\u0107ara Beograd"},"image":{"@id":"https:\/\/provansadekor.rs\/#\/schema\/logo\/image\/"},"sameAs":["https:\/\/www.facebook.com\/provansadekor","https:\/\/www.instagram.com\/provansadekor\/"]}]}},"_links":{"self":[{"href":"https:\/\/provansadekor.rs\/ru\/wp-json\/wp\/v2\/product\/48874","targetHints":{"allow":["GET"]}}],"collection":[{"href":"https:\/\/provansadekor.rs\/ru\/wp-json\/wp\/v2\/product"}],"about":[{"href":"https:\/\/provansadekor.rs\/ru\/wp-json\/wp\/v2\/types\/product"}],"version-history":[{"count":6,"href":"https:\/\/provansadekor.rs\/ru\/wp-json\/wp\/v2\/product\/48874\/revisions"}],"predecessor-version":[{"id":67666,"href":"https:\/\/provansadekor.rs\/ru\/wp-json\/wp\/v2\/product\/48874\/revisions\/67666"}],"wp:featuredmedia":[{"embeddable":true,"href":"https:\/\/provansadekor.rs\/ru\/wp-json\/wp\/v2\/media\/48875"}],"wp:attachment":[{"href":"https:\/\/provansadekor.rs\/ru\/wp-json\/wp\/v2\/media?parent=48874"}],"wp:term":[{"taxonomy":"product_brand","embeddable":true,"href":"https:\/\/provansadekor.rs\/ru\/wp-json\/wp\/v2\/product_brand?post=48874"},{"taxonomy":"product_cat","embeddable":true,"href":"https:\/\/provansadekor.rs\/ru\/wp-json\/wp\/v2\/product_cat?post=48874"},{"taxonomy":"product_tag","embeddable":true,"href":"https:\/\/provansadekor.rs\/ru\/wp-json\/wp\/v2\/product_tag?post=48874"}],"curies":[{"name":"wp","href":"https:\/\/api.w.org\/{rel}","templated":true}]}}