{"id":48850,"date":"2022-02-11T03:59:27","date_gmt":"2022-02-11T02:59:27","guid":{"rendered":"http:\/\/provansadekor.rs\/?post_type=product&#038;p=48850"},"modified":"2026-03-07T16:05:12","modified_gmt":"2026-03-07T15:05:12","slug":"slatki-poljubac-lila-ruza-u-aranzmanu","status":"publish","type":"product","link":"https:\/\/provansadekor.rs\/ru\/proizvod\/sladki-pocelu-siren-roza-v-aranzir\/","title":{"rendered":"\u0421\u043b\u0430\u0434\u043a\u0438\u0439 \u043f\u043e\u0446\u0435\u043b\u0443\u0439 \u0441\u0438\u0440\u0435\u043d\u0435\u0432\u044b\u0445 \u0440\u043e\u0437 \u0432 \u043a\u043e\u043c\u043f\u043e\u0437\u0438\u0446\u0438\u0438"},"content":{"rendered":"<p><em>\u0412\u0438\u0434\u044b <strong>\u0446\u0432\u0435\u0442\u044b \u0432 \u043a\u043e\u043c\u043f\u043e\u0437\u0438\u0446\u0438\u0438<\/strong><\/em>: lila ru\u017ea, beli lizijantus,hrizantema, eukaliptus, limonium.<\/p>\n<p><em>\u0421\u043e\u043f\u0443\u0442\u0441\u0442\u0432\u0443\u044e\u0449\u0435\u0435 \u043e\u0444\u043e\u0440\u043c\u043b\u0435\u043d\u0438\u0435<\/em>:\u00a0 drvena kockasta kutija, lila ma\u0161na<\/p>\n<p><strong>\u0426\u0432\u0435\u0442\u044b \u0432 \u0440\u043e\u0437\u043e\u0432\u043e\u0439 \u043a\u043e\u0440\u043e\u0431\u043a\u0435.<\/strong>e, kockastog oblika, ne\u017ena kombinacija govori svoju ne\u017enu pri\u010du,\u00a0 savr\u0161en poklon va\u0161oj voljenoj osobi. Priklju\u010dite joj se i ulep\u0161ajte joj dan.<\/p>\n<p>\u0414\u0435\u043a\u043b\u0430\u0440\u0430\u0446\u0438\u044f \u043f\u0440\u043e\u0434\u0443\u043a\u0442\u0430, \u0441\u0442\u0440\u0430\u043d\u0430 \u043f\u0440\u043e\u0438\u0441\u0445\u043e\u0436\u0434\u0435\u043d\u0438\u044f \u0438 \u043f\u0440\u043e\u0438\u0437\u0432\u043e\u0434\u0438\u0442\u0435\u043b\u044c \u0443\u043a\u0430\u0437\u0430\u043d\u044b \u043d\u0430 \u044d\u0442\u0438\u043a\u0435\u0442\u043a\u0435 \u0441\u0430\u043c\u043e\u0433\u043e \u043f\u0440\u043e\u0434\u0443\u043a\u0442\u0430.<\/p>\n<h2 style=\"text-align: center;\"><strong>\u0426\u0432\u0435\u0442\u044b \u0432 \u043a\u043e\u0440\u043e\u0431\u043a\u0435, \u0414\u043e\u0441\u0442\u0430\u0432\u043a\u0430 \u0446\u0432\u0435\u0442\u043e\u0432<\/strong><\/h2>\n<p>&nbsp;<\/p>","protected":false},"excerpt":{"rendered":"<p>Vrste cve\u0107a u aran\u017emanu: lila ru\u017ea, beli lizijantus,hrizantema, eukaliptus, limonium. Prate\u0107a dekoracija:\u00a0 drvena kockasta kutija, lila ma\u0161na Cve\u0107e u kutiji roze boje, kockastog oblika, ne\u017ena kombinacija govori svoju ne\u017enu pri\u010du,\u00a0 savr\u0161en poklon va\u0161oj voljenoj osobi. Priklju\u010dite joj se i ulep\u0161ajte joj dan. Deklaracija proizvoda, zemlja porekla i proizvodja\u010d su dostupni na etiketi samog proizvoda. Cve\u0107e [&hellip;]<\/p>","protected":false},"featured_media":84375,"template":"","meta":[],"product_brand":[324],"product_cat":[320,116],"product_tag":[323],"class_list":{"0":"post-48850","1":"product","2":"type-product","3":"status-publish","4":"has-post-thumbnail","6":"product_brand-jesen-2025-by-provansa-dekor","7":"product_cat-8-mart","8":"product_cat-cvetni-aranzmani","9":"product_tag-sept25","11":"first","12":"instock","13":"shipping-taxable","14":"purchasable","15":"product-type-simple"},"yoast_head":"<!-- This site is optimized with the Yoast SEO Premium plugin v20.9 (Yoast SEO v26.5) - https:\/\/yoast.com\/wordpress\/plugins\/seo\/ -->\n<title>Slatki poljubac lila ru\u017ea u aran\u017emanu &#8211; Provansa Dekor<\/title>\n<meta name=\"description\" content=\"Cve\u0107e u kutiji crne boje, kru\u017enog oblika i prozirnog uzvi\u0161enja sa \u010dokoladicama. Ne\u017ena kombinacija lila ru\u017ea, krem lizijantusa i \u010di\u010dka govori svoju ne\u017enu pri\u010du. Priklju\u010dite joj se i zasladite ne\u010diji dan.Cve\u0107e u kutiji, Dostava Cve\u0107a\" \/>\n<meta name=\"robots\" content=\"index, follow, max-snippet:-1, max-image-preview:large, max-video-preview:-1\" \/>\n<link rel=\"canonical\" href=\"https:\/\/provansadekor.rs\/ru\/proizvod\/sladki-pocelu-siren-roza-v-aranzir\/\" \/>\n<meta property=\"og:locale\" content=\"ru_RU\" \/>\n<meta property=\"og:type\" content=\"article\" \/>\n<meta property=\"og:title\" content=\"Slatki poljubac lila ru\u017ea u aran\u017emanu\" \/>\n<meta property=\"og:description\" content=\"Cve\u0107e u kutiji crne boje, kru\u017enog oblika i prozirnog uzvi\u0161enja sa \u010dokoladicama. Ne\u017ena kombinacija lila ru\u017ea, krem lizijantusa i \u010di\u010dka govori svoju ne\u017enu pri\u010du. Priklju\u010dite joj se i zasladite ne\u010diji dan.Cve\u0107e u kutiji, Dostava Cve\u0107a\" \/>\n<meta property=\"og:url\" content=\"https:\/\/provansadekor.rs\/ru\/proizvod\/sladki-pocelu-siren-roza-v-aranzir\/\" \/>\n<meta property=\"og:site_name\" content=\"Provansa Dekor\" \/>\n<meta property=\"article:publisher\" content=\"https:\/\/www.facebook.com\/provansadekor\" \/>\n<meta property=\"article:modified_time\" content=\"2026-03-07T15:05:12+00:00\" \/>\n<meta property=\"og:image\" content=\"https:\/\/provansadekor.rs\/wp-content\/uploads\/2025\/07\/DSC_9140-scaled.jpg\" \/>\n\t<meta property=\"og:image:width\" content=\"2560\" \/>\n\t<meta property=\"og:image:height\" content=\"1761\" \/>\n\t<meta property=\"og:image:type\" content=\"image\/jpeg\" \/>\n<meta name=\"twitter:card\" content=\"summary_large_image\" \/>\n<meta name=\"twitter:label1\" content=\"\u041f\u0440\u0438\u043c\u0435\u0440\u043d\u043e\u0435 \u0432\u0440\u0435\u043c\u044f \u0434\u043b\u044f \u0447\u0442\u0435\u043d\u0438\u044f\" \/>\n\t<meta name=\"twitter:data1\" content=\"1 \u043c\u0438\u043d\u0443\u0442\u0430\" \/>\n<script type=\"application\/ld+json\" class=\"yoast-schema-graph\">{\"@context\":\"https:\/\/schema.org\",\"@graph\":[{\"@type\":[\"WebPage\",\"ItemPage\"],\"@id\":\"https:\/\/provansadekor.rs\/proizvod\/slatki-poljubac-lila-ruza-u-aranzmanu\/\",\"url\":\"https:\/\/provansadekor.rs\/proizvod\/slatki-poljubac-lila-ruza-u-aranzmanu\/\",\"name\":\"Slatki poljubac lila ru\u017ea u aran\u017emanu &#8211; Provansa Dekor\",\"isPartOf\":{\"@id\":\"https:\/\/provansadekor.rs\/#website\"},\"primaryImageOfPage\":{\"@id\":\"https:\/\/provansadekor.rs\/proizvod\/slatki-poljubac-lila-ruza-u-aranzmanu\/#primaryimage\"},\"image\":{\"@id\":\"https:\/\/provansadekor.rs\/proizvod\/slatki-poljubac-lila-ruza-u-aranzmanu\/#primaryimage\"},\"thumbnailUrl\":\"https:\/\/provansadekor.rs\/wp-content\/uploads\/2025\/07\/DSC_9140-scaled.jpg\",\"datePublished\":\"2022-02-11T02:59:27+00:00\",\"dateModified\":\"2026-03-07T15:05:12+00:00\",\"description\":\"Cve\u0107e u kutiji crne boje, kru\u017enog oblika i prozirnog uzvi\u0161enja sa \u010dokoladicama. Ne\u017ena kombinacija lila ru\u017ea, krem lizijantusa i \u010di\u010dka govori svoju ne\u017enu pri\u010du. Priklju\u010dite joj se i zasladite ne\u010diji dan.Cve\u0107e u kutiji, Dostava Cve\u0107a\",\"breadcrumb\":{\"@id\":\"https:\/\/provansadekor.rs\/proizvod\/slatki-poljubac-lila-ruza-u-aranzmanu\/#breadcrumb\"},\"inLanguage\":\"ru-RU\",\"potentialAction\":[{\"@type\":\"ReadAction\",\"target\":[\"https:\/\/provansadekor.rs\/proizvod\/slatki-poljubac-lila-ruza-u-aranzmanu\/\"]}]},{\"@type\":\"ImageObject\",\"inLanguage\":\"ru-RU\",\"@id\":\"https:\/\/provansadekor.rs\/proizvod\/slatki-poljubac-lila-ruza-u-aranzmanu\/#primaryimage\",\"url\":\"https:\/\/provansadekor.rs\/wp-content\/uploads\/2025\/07\/DSC_9140-scaled.jpg\",\"contentUrl\":\"https:\/\/provansadekor.rs\/wp-content\/uploads\/2025\/07\/DSC_9140-scaled.jpg\",\"width\":2560,\"height\":1761},{\"@type\":\"BreadcrumbList\",\"@id\":\"https:\/\/provansadekor.rs\/proizvod\/slatki-poljubac-lila-ruza-u-aranzmanu\/#breadcrumb\",\"itemListElement\":[{\"@type\":\"ListItem\",\"position\":1,\"name\":\"\u041f\u043e\u0447\u0435\u0442\u043d\u0430\",\"item\":\"https:\/\/provansadekor.rs\/\"},{\"@type\":\"ListItem\",\"position\":2,\"name\":\"\u041f\u0440\u043e\u0438\u0437\u0432\u043e\u0434\u0438\",\"item\":\"https:\/\/provansadekor.rs\/shop\/\"},{\"@type\":\"ListItem\",\"position\":3,\"name\":\"Slatki poljubac lila ru\u017ea u aran\u017emanu\"}]},{\"@type\":\"WebSite\",\"@id\":\"https:\/\/provansadekor.rs\/#website\",\"url\":\"https:\/\/provansadekor.rs\/\",\"name\":\"Provansa Dekor\",\"description\":\"Dostava cve\u0107a Beograd - Organizacija i Dekoracija doga\u0111aja - Ure\u0111enje zelenih povr\u0161ina\",\"publisher\":{\"@id\":\"https:\/\/provansadekor.rs\/#organization\"},\"potentialAction\":[{\"@type\":\"SearchAction\",\"target\":{\"@type\":\"EntryPoint\",\"urlTemplate\":\"https:\/\/provansadekor.rs\/?s={search_term_string}\"},\"query-input\":{\"@type\":\"PropertyValueSpecification\",\"valueRequired\":true,\"valueName\":\"search_term_string\"}}],\"inLanguage\":\"ru-RU\"},{\"@type\":\"Organization\",\"@id\":\"https:\/\/provansadekor.rs\/#organization\",\"name\":\"Provansa Dekor Cve\u0107ara Beograd\",\"url\":\"https:\/\/provansadekor.rs\/\",\"logo\":{\"@type\":\"ImageObject\",\"inLanguage\":\"ru-RU\",\"@id\":\"https:\/\/provansadekor.rs\/#\/schema\/logo\/image\/\",\"url\":\"https:\/\/provansadekor.rs\/wp-content\/uploads\/2022\/03\/logo-provansa.jpg\",\"contentUrl\":\"https:\/\/provansadekor.rs\/wp-content\/uploads\/2022\/03\/logo-provansa.jpg\",\"width\":200,\"height\":200,\"caption\":\"Provansa Dekor Cve\u0107ara Beograd\"},\"image\":{\"@id\":\"https:\/\/provansadekor.rs\/#\/schema\/logo\/image\/\"},\"sameAs\":[\"https:\/\/www.facebook.com\/provansadekor\",\"https:\/\/www.instagram.com\/provansadekor\/\"]}]}<\/script>\n<!-- \/ Yoast SEO Premium plugin. -->","yoast_head_json":{"title":"\u041d\u0435\u0436\u043d\u044b\u0439 \u043f\u043e\u0446\u0435\u043b\u0443\u0439 \u0441\u0438\u0440\u0435\u043d\u0435\u0432\u044b\u0445 \u0440\u043e\u0437 \u0432 \u043a\u043e\u043c\u043f\u043e\u0437\u0438\u0446\u0438\u0438 - \u0414\u0435\u043a\u043e\u0440 \u041f\u0440\u043e\u0432\u0430\u043d\u0441","description":"\u0426\u0432\u0435\u0442\u044b \u0432 \u0447\u0435\u0440\u043d\u043e\u0439 \u043a\u043e\u0440\u043e\u0431\u043e\u0447\u043a\u0435 \u043a\u0440\u0443\u0433\u043b\u043e\u0439 \u0444\u043e\u0440\u043c\u044b \u0438 \u043f\u0440\u043e\u0437\u0440\u0430\u0447\u043d\u043e\u043c \u0432\u043e\u0437\u0432\u044b\u0448\u0435\u043d\u0438\u0438 \u0441 \u043f\u043b\u0438\u0442\u043a\u0430\u043c\u0438 \u0448\u043e\u043a\u043e\u043b\u0430\u0434\u0430. \u041d\u0435\u0436\u043d\u043e\u0435 \u0441\u043e\u0447\u0435\u0442\u0430\u043d\u0438\u0435 \u0441\u0438\u0440\u0435\u043d\u0435\u0432\u044b\u0445 \u0440\u043e\u0437, \u043a\u0440\u0435\u043c\u043e\u0432\u043e\u0433\u043e \u043b\u0438\u0437\u0438\u0430\u043d\u0442\u0443\u0441\u0430 \u0438 \u0447\u0435\u0440\u0442\u043e\u043f\u043e\u043b\u043e\u0445\u0430 \u0440\u0430\u0441\u0441\u043a\u0430\u0437\u044b\u0432\u0430\u0435\u0442 \u0441\u0432\u043e\u044e \u043d\u0435\u0436\u043d\u0443\u044e \u0438\u0441\u0442\u043e\u0440\u0438\u044e. \u041f\u0440\u0438\u0441\u043e\u0435\u0434\u0438\u043d\u044f\u0439\u0442\u0435\u0441\u044c \u043a \u043d\u0435\u0439 \u0438 \u0441\u0434\u0435\u043b\u0430\u0439\u0442\u0435 \u0447\u0435\u0439-\u0442\u043e \u0434\u0435\u043d\u044c \u043f\u0440\u0438\u044f\u0442\u043d\u0435\u0435.\u0426\u0432\u0435\u0442\u044b \u0432 \u043a\u043e\u0440\u043e\u0431\u043a\u0435, \u0414\u043e\u0441\u0442\u0430\u0432\u043a\u0430 \u0446\u0432\u0435\u0442\u043e\u0432.","robots":{"index":"index","follow":"follow","max-snippet":"max-snippet:-1","max-image-preview":"max-image-preview:large","max-video-preview":"max-video-preview:-1"},"canonical":"https:\/\/provansadekor.rs\/ru\/proizvod\/sladki-pocelu-siren-roza-v-aranzir\/","og_locale":"ru_RU","og_type":"article","og_title":"Slatki poljubac lila ru\u017ea u aran\u017emanu","og_description":"Cve\u0107e u kutiji crne boje, kru\u017enog oblika i prozirnog uzvi\u0161enja sa \u010dokoladicama. Ne\u017ena kombinacija lila ru\u017ea, krem lizijantusa i \u010di\u010dka govori svoju ne\u017enu pri\u010du. Priklju\u010dite joj se i zasladite ne\u010diji dan.Cve\u0107e u kutiji, Dostava Cve\u0107a","og_url":"https:\/\/provansadekor.rs\/ru\/proizvod\/sladki-pocelu-siren-roza-v-aranzir\/","og_site_name":"Provansa Dekor","article_publisher":"https:\/\/www.facebook.com\/provansadekor","article_modified_time":"2026-03-07T15:05:12+00:00","og_image":[{"width":2560,"height":1761,"url":"https:\/\/provansadekor.rs\/wp-content\/uploads\/2025\/07\/DSC_9140-scaled.jpg","type":"image\/jpeg"}],"twitter_card":"summary_large_image","twitter_misc":{"\u041f\u0440\u0438\u043c\u0435\u0440\u043d\u043e\u0435 \u0432\u0440\u0435\u043c\u044f \u0434\u043b\u044f \u0447\u0442\u0435\u043d\u0438\u044f":"1 \u043c\u0438\u043d\u0443\u0442\u0430"},"schema":{"@context":"https:\/\/schema.org","@graph":[{"@type":["WebPage","ItemPage"],"@id":"https:\/\/provansadekor.rs\/proizvod\/slatki-poljubac-lila-ruza-u-aranzmanu\/","url":"https:\/\/provansadekor.rs\/proizvod\/slatki-poljubac-lila-ruza-u-aranzmanu\/","name":"\u041d\u0435\u0436\u043d\u044b\u0439 \u043f\u043e\u0446\u0435\u043b\u0443\u0439 \u0441\u0438\u0440\u0435\u043d\u0435\u0432\u044b\u0445 \u0440\u043e\u0437 \u0432 \u043a\u043e\u043c\u043f\u043e\u0437\u0438\u0446\u0438\u0438 - \u0414\u0435\u043a\u043e\u0440 \u041f\u0440\u043e\u0432\u0430\u043d\u0441","isPartOf":{"@id":"https:\/\/provansadekor.rs\/#website"},"primaryImageOfPage":{"@id":"https:\/\/provansadekor.rs\/proizvod\/slatki-poljubac-lila-ruza-u-aranzmanu\/#primaryimage"},"image":{"@id":"https:\/\/provansadekor.rs\/proizvod\/slatki-poljubac-lila-ruza-u-aranzmanu\/#primaryimage"},"thumbnailUrl":"https:\/\/provansadekor.rs\/wp-content\/uploads\/2025\/07\/DSC_9140-scaled.jpg","datePublished":"2022-02-11T02:59:27+00:00","dateModified":"2026-03-07T15:05:12+00:00","description":"\u0426\u0432\u0435\u0442\u044b \u0432 \u0447\u0435\u0440\u043d\u043e\u0439 \u043a\u043e\u0440\u043e\u0431\u043e\u0447\u043a\u0435 \u043a\u0440\u0443\u0433\u043b\u043e\u0439 \u0444\u043e\u0440\u043c\u044b \u0438 \u043f\u0440\u043e\u0437\u0440\u0430\u0447\u043d\u043e\u043c \u0432\u043e\u0437\u0432\u044b\u0448\u0435\u043d\u0438\u0438 \u0441 \u043f\u043b\u0438\u0442\u043a\u0430\u043c\u0438 \u0448\u043e\u043a\u043e\u043b\u0430\u0434\u0430. \u041d\u0435\u0436\u043d\u043e\u0435 \u0441\u043e\u0447\u0435\u0442\u0430\u043d\u0438\u0435 \u0441\u0438\u0440\u0435\u043d\u0435\u0432\u044b\u0445 \u0440\u043e\u0437, \u043a\u0440\u0435\u043c\u043e\u0432\u043e\u0433\u043e \u043b\u0438\u0437\u0438\u0430\u043d\u0442\u0443\u0441\u0430 \u0438 \u0447\u0435\u0440\u0442\u043e\u043f\u043e\u043b\u043e\u0445\u0430 \u0440\u0430\u0441\u0441\u043a\u0430\u0437\u044b\u0432\u0430\u0435\u0442 \u0441\u0432\u043e\u044e \u043d\u0435\u0436\u043d\u0443\u044e \u0438\u0441\u0442\u043e\u0440\u0438\u044e. \u041f\u0440\u0438\u0441\u043e\u0435\u0434\u0438\u043d\u044f\u0439\u0442\u0435\u0441\u044c \u043a \u043d\u0435\u0439 \u0438 \u0441\u0434\u0435\u043b\u0430\u0439\u0442\u0435 \u0447\u0435\u0439-\u0442\u043e \u0434\u0435\u043d\u044c \u043f\u0440\u0438\u044f\u0442\u043d\u0435\u0435.\u0426\u0432\u0435\u0442\u044b \u0432 \u043a\u043e\u0440\u043e\u0431\u043a\u0435, \u0414\u043e\u0441\u0442\u0430\u0432\u043a\u0430 \u0446\u0432\u0435\u0442\u043e\u0432.","breadcrumb":{"@id":"https:\/\/provansadekor.rs\/proizvod\/slatki-poljubac-lila-ruza-u-aranzmanu\/#breadcrumb"},"inLanguage":"ru-RU","potentialAction":[{"@type":"ReadAction","target":["https:\/\/provansadekor.rs\/proizvod\/slatki-poljubac-lila-ruza-u-aranzmanu\/"]}]},{"@type":"ImageObject","inLanguage":"ru-RU","@id":"https:\/\/provansadekor.rs\/proizvod\/slatki-poljubac-lila-ruza-u-aranzmanu\/#primaryimage","url":"https:\/\/provansadekor.rs\/wp-content\/uploads\/2025\/07\/DSC_9140-scaled.jpg","contentUrl":"https:\/\/provansadekor.rs\/wp-content\/uploads\/2025\/07\/DSC_9140-scaled.jpg","width":2560,"height":1761},{"@type":"BreadcrumbList","@id":"https:\/\/provansadekor.rs\/proizvod\/slatki-poljubac-lila-ruza-u-aranzmanu\/#breadcrumb","itemListElement":[{"@type":"ListItem","position":1,"name":"\u041f\u043e\u0447\u0435\u0442\u043d\u0430","item":"https:\/\/provansadekor.rs\/"},{"@type":"ListItem","position":2,"name":"\u041f\u0440\u043e\u0438\u0437\u0432\u043e\u0434\u0438","item":"https:\/\/provansadekor.rs\/shop\/"},{"@type":"ListItem","position":3,"name":"Slatki poljubac lila ru\u017ea u aran\u017emanu"}]},{"@type":"WebSite","@id":"https:\/\/provansadekor.rs\/#website","url":"https:\/\/provansadekor.rs\/","name":"\u041f\u0440\u043e\u0432\u0430\u043d\u0441 \u0414\u0435\u043a\u043e\u0440","description":"\u0414\u043e\u0441\u0442\u0430\u0432\u043a\u0430 \u0446\u0432\u0435\u0442\u043e\u0432 \u0411\u0435\u043b\u0433\u0440\u0430\u0434 - \u041e\u0440\u0433\u0430\u043d\u0438\u0437\u0430\u0446\u0438\u044f \u0438 \u043e\u0444\u043e\u0440\u043c\u043b\u0435\u043d\u0438\u0435 \u043c\u0435\u0440\u043e\u043f\u0440\u0438\u044f\u0442\u0438\u0439 - \u041b\u0430\u043d\u0434\u0448\u0430\u0444\u0442\u043d\u044b\u0439 \u0434\u0438\u0437\u0430\u0439\u043d","publisher":{"@id":"https:\/\/provansadekor.rs\/#organization"},"potentialAction":[{"@type":"SearchAction","target":{"@type":"EntryPoint","urlTemplate":"https:\/\/provansadekor.rs\/?s={search_term_string}"},"query-input":{"@type":"PropertyValueSpecification","valueRequired":true,"valueName":"search_term_string"}}],"inLanguage":"ru-RU"},{"@type":"Organization","@id":"https:\/\/provansadekor.rs\/#organization","name":"\u0426\u0432\u0435\u0442\u043e\u0447\u043d\u044b\u0439 \u043c\u0430\u0433\u0430\u0437\u0438\u043d \u041f\u0440\u043e\u0432\u0430\u043d\u0441 \u0414\u0435\u043a\u043e\u0440 \u0411\u0435\u043b\u0433\u0440\u0430\u0434","url":"https:\/\/provansadekor.rs\/","logo":{"@type":"ImageObject","inLanguage":"ru-RU","@id":"https:\/\/provansadekor.rs\/#\/schema\/logo\/image\/","url":"https:\/\/provansadekor.rs\/wp-content\/uploads\/2022\/03\/logo-provansa.jpg","contentUrl":"https:\/\/provansadekor.rs\/wp-content\/uploads\/2022\/03\/logo-provansa.jpg","width":200,"height":200,"caption":"Provansa Dekor Cve\u0107ara Beograd"},"image":{"@id":"https:\/\/provansadekor.rs\/#\/schema\/logo\/image\/"},"sameAs":["https:\/\/www.facebook.com\/provansadekor","https:\/\/www.instagram.com\/provansadekor\/"]}]}},"_links":{"self":[{"href":"https:\/\/provansadekor.rs\/ru\/wp-json\/wp\/v2\/product\/48850","targetHints":{"allow":["GET"]}}],"collection":[{"href":"https:\/\/provansadekor.rs\/ru\/wp-json\/wp\/v2\/product"}],"about":[{"href":"https:\/\/provansadekor.rs\/ru\/wp-json\/wp\/v2\/types\/product"}],"version-history":[{"count":14,"href":"https:\/\/provansadekor.rs\/ru\/wp-json\/wp\/v2\/product\/48850\/revisions"}],"predecessor-version":[{"id":84388,"href":"https:\/\/provansadekor.rs\/ru\/wp-json\/wp\/v2\/product\/48850\/revisions\/84388"}],"wp:featuredmedia":[{"embeddable":true,"href":"https:\/\/provansadekor.rs\/ru\/wp-json\/wp\/v2\/media\/84375"}],"wp:attachment":[{"href":"https:\/\/provansadekor.rs\/ru\/wp-json\/wp\/v2\/media?parent=48850"}],"wp:term":[{"taxonomy":"product_brand","embeddable":true,"href":"https:\/\/provansadekor.rs\/ru\/wp-json\/wp\/v2\/product_brand?post=48850"},{"taxonomy":"product_cat","embeddable":true,"href":"https:\/\/provansadekor.rs\/ru\/wp-json\/wp\/v2\/product_cat?post=48850"},{"taxonomy":"product_tag","embeddable":true,"href":"https:\/\/provansadekor.rs\/ru\/wp-json\/wp\/v2\/product_tag?post=48850"}],"curies":[{"name":"wp","href":"https:\/\/api.w.org\/{rel}","templated":true}]}}