{"id":48844,"date":"2022-02-11T03:57:08","date_gmt":"2022-02-11T02:57:08","guid":{"rendered":"http:\/\/provansadekor.rs\/?post_type=product&#038;p=48844"},"modified":"2026-03-08T16:28:32","modified_gmt":"2026-03-08T15:28:32","slug":"ljubavna-kreacija-u-aranzmanu","status":"publish","type":"product","link":"https:\/\/provansadekor.rs\/ru\/proizvod\/\u043b\u044e\u0431\u043e\u0432\u044c-\u0442\u0432\u043e\u0440\u0435\u043d\u0438\u0435-\u0432-\u0430\u0440\u0430\u043d\u0436\u0438\u0440\u043e\u0432\u043a\u0435\/","title":{"rendered":"\u041b\u044e\u0431\u043e\u0432\u043d\u043e\u0435 \u0442\u0432\u043e\u0440\u0435\u043d\u0438\u0435 \u0432 \u0430\u0440\u0430\u043d\u0436\u0438\u0440\u043e\u0432\u043a\u0435"},"content":{"rendered":"<p><em>\u0412\u0438\u0434\u044b <strong>\u0446\u0432\u0435\u0442\u044b \u0432 \u043a\u043e\u043c\u043f\u043e\u0437\u0438\u0446\u0438\u0438<\/strong><\/em><strong>: \u043a\u0440\u0430\u0441\u043d\u044b\u0435 \u0440\u043e\u0437\u044b<\/strong>, \u0441\u0432\u0435\u0436\u0438\u0439 \u044d\u0432\u043a\u0430\u043b\u0438\u043f\u0442.<\/p>\n<p><em>\u0421\u043e\u043f\u0440\u043e\u0432\u043e\u0436\u0434\u0430\u044e\u0449\u0438\u0439 <strong>\u0443\u043a\u0440\u0430\u0448\u0435\u043d\u0438\u0435<\/strong><\/em><strong>:<\/strong> \u0447\u0435\u0440\u043d\u0430\u044f \u0434\u0435\u043a\u043e\u0440\u0430\u0442\u0438\u0432\u043d\u0430\u044f \u043a\u043e\u0440\u043e\u0431\u043e\u0447\u043a\u0430, \u043a\u0440\u0430\u0441\u043d\u044b\u0439 \u0430\u0442\u043b\u0430\u0441\u043d\u044b\u0439 \u0431\u0430\u043d\u0442, \u0447\u0435\u0440\u043d\u044b\u0439 \u0444\u0438\u0440\u043c\u0435\u043d\u043d\u044b\u0439 \u0431\u0430\u043d\u0442 \u0441 \u043b\u043e\u0433\u043e\u0442\u0438\u043f\u043e\u043c \u041f\u0440\u043e\u0432\u0430\u043d\u0441\u0430, \u043e\u0442\u043a\u0440\u044b\u0442\u043a\u0430-\u043f\u043e\u0441\u0432\u044f\u0449\u0435\u043d\u0438\u0435.<\/p>\n<p>\u0418\u0434\u0435\u0430\u043b\u044c\u043d\u043e\u0435 \u0441\u043e\u0432\u043f\u0430\u0434\u0435\u043d\u0438\u0435 <strong>\u043a\u0440\u0430\u0441\u043d\u044b\u0435 \u0440\u043e\u0437\u044b<\/strong> \u0438 \u0441\u0432\u0435\u0436\u0438\u0439 \u044d\u0432\u043a\u0430\u043b\u0438\u043f\u0442 \u0432 \u044d\u043b\u0435\u0433\u0430\u043d\u0442\u043d\u043e\u0439 \u0447\u0435\u0440\u043d\u043e\u0439 \u043a\u043e\u0440\u043e\u0431\u043e\u0447\u043a\u0435 \u2014 \u0441\u043e\u0447\u0435\u0442\u0430\u043d\u0438\u0435 \u043f\u0440\u043e\u0441\u0442\u043e\u0442\u044b \u0438 \u0440\u043e\u0441\u043a\u043e\u0448\u0438 \u0432 \u043c\u0438\u043d\u0438\u0430\u0442\u044e\u0440\u0435. <strong>\u0414\u043e\u0433\u043e\u0432\u043e\u0440\u0435\u043d\u043d\u043e\u0441\u0442\u044c<\/strong> \u044d\u0442\u043e \u0434\u043e\u043f\u043e\u043b\u043d\u0438\u0442 \u0432\u0441\u0435 \u0432\u0430\u0448\u0438 \u043e\u0441\u043e\u0431\u044b\u0435 \u0441\u043b\u0443\u0447\u0430\u0438.<\/p>\n<p>&nbsp;<\/p>\n<h2 style=\"text-align: center;\"><strong>\u041a\u043e\u043c\u043f\u043e\u0437\u0438\u0446\u0438\u044f \u0438\u0437 \u043a\u0440\u0430\u0441\u043d\u044b\u0445 \u0440\u043e\u0437 \u0438 \u0441\u0432\u0435\u0436\u0435\u0433\u043e \u044d\u0432\u043a\u0430\u043b\u0438\u043f\u0442\u0430 - \u0414\u043e\u0441\u0442\u0430\u0432\u043a\u0430 \u0446\u0432\u0435\u0442\u043e\u0432 \u0411\u0435\u043b\u0433\u0440\u0430\u0434<em>\u0434\u0430<\/em><\/strong><\/h2>","protected":false},"excerpt":{"rendered":"<p>Vrste cve\u0107a u aran\u017emanu: crvene ru\u017ee, sve\u017ei eukaliptus. Prate\u0107a dekoracija: crna dekorativna box kutija, crvena satenska ma\u0161na, crna brendirana ma\u0161na sa logotipom Provanse, kartica sa posvetom. Savr\u0161en spoj crvenih ru\u017ea i sve\u017eeg eukaliptusa u elegantnom crnom box-u kao spoj jednostavnosti i luksuza u malom. Aran\u017eman koji \u0107e upotpuniti sve va\u0161e posebne prilike. &nbsp; Aran\u017eman crvenih [&hellip;]<\/p>","protected":false},"featured_media":48845,"template":"","meta":[],"product_brand":[327],"product_cat":[320,169],"product_tag":[],"class_list":{"0":"post-48844","1":"product","2":"type-product","3":"status-publish","4":"has-post-thumbnail","6":"product_brand-do5","7":"product_cat-8-mart","8":"product_cat-dan-zaljubljenih","10":"first","11":"instock","12":"featured","13":"shipping-taxable","14":"purchasable","15":"product-type-simple"},"yoast_head":"<!-- This site is optimized with the Yoast SEO Premium plugin v20.9 (Yoast SEO v26.5) - https:\/\/yoast.com\/wordpress\/plugins\/seo\/ -->\n<title>Ljubavna kreacija u aran\u017emanu &#8211; Provansa Dekor<\/title>\n<meta name=\"description\" content=\"Savr\u0161en spoj crvenih ru\u017ea i sve\u017eeg eukaliptusa u elegantnom crnom box-u kao spoj jednostavnosti i luksuza u malom. Aran\u017eman koji \u0107e upotpuniti sve va\u0161e posebne prilike.Aran\u017eman crvenih ru\u017ea, sve\u017ei eukaliptus - Beograd dostava cve\u0107a\" \/>\n<meta name=\"robots\" content=\"index, follow, max-snippet:-1, max-image-preview:large, max-video-preview:-1\" \/>\n<link rel=\"canonical\" href=\"https:\/\/provansadekor.rs\/ru\/proizvod\/\u043b\u044e\u0431\u043e\u0432\u044c-\u0442\u0432\u043e\u0440\u0435\u043d\u0438\u0435-\u0432-\u0430\u0440\u0430\u043d\u0436\u0438\u0440\u043e\u0432\u043a\u0435\/\" \/>\n<meta property=\"og:locale\" content=\"ru_RU\" \/>\n<meta property=\"og:type\" content=\"article\" \/>\n<meta property=\"og:title\" content=\"Ljubavna kreacija u aran\u017emanu\" \/>\n<meta property=\"og:description\" content=\"Savr\u0161en spoj crvenih ru\u017ea i sve\u017eeg eukaliptusa u elegantnom crnom box-u kao spoj jednostavnosti i luksuza u malom. Aran\u017eman koji \u0107e upotpuniti sve va\u0161e posebne prilike.Aran\u017eman crvenih ru\u017ea, sve\u017ei eukaliptus - Beograd dostava cve\u0107a\" \/>\n<meta property=\"og:url\" content=\"https:\/\/provansadekor.rs\/ru\/proizvod\/\u043b\u044e\u0431\u043e\u0432\u044c-\u0442\u0432\u043e\u0440\u0435\u043d\u0438\u0435-\u0432-\u0430\u0440\u0430\u043d\u0436\u0438\u0440\u043e\u0432\u043a\u0435\/\" \/>\n<meta property=\"og:site_name\" content=\"Provansa Dekor\" \/>\n<meta property=\"article:publisher\" content=\"https:\/\/www.facebook.com\/provansadekor\" \/>\n<meta property=\"article:modified_time\" content=\"2026-03-08T15:28:32+00:00\" \/>\n<meta property=\"og:image\" content=\"https:\/\/provansadekor.rs\/wp-content\/uploads\/2022\/02\/SAS-9809.jpg\" \/>\n\t<meta property=\"og:image:width\" content=\"1000\" \/>\n\t<meta property=\"og:image:height\" content=\"1000\" \/>\n\t<meta property=\"og:image:type\" content=\"image\/jpeg\" \/>\n<meta name=\"twitter:card\" content=\"summary_large_image\" \/>\n<meta name=\"twitter:label1\" content=\"\u041f\u0440\u0438\u043c\u0435\u0440\u043d\u043e\u0435 \u0432\u0440\u0435\u043c\u044f \u0434\u043b\u044f \u0447\u0442\u0435\u043d\u0438\u044f\" \/>\n\t<meta name=\"twitter:data1\" content=\"1 \u043c\u0438\u043d\u0443\u0442\u0430\" \/>\n<script type=\"application\/ld+json\" class=\"yoast-schema-graph\">{\"@context\":\"https:\/\/schema.org\",\"@graph\":[{\"@type\":[\"WebPage\",\"ItemPage\"],\"@id\":\"https:\/\/provansadekor.rs\/proizvod\/ljubavna-kreacija-u-aranzmanu\/\",\"url\":\"https:\/\/provansadekor.rs\/proizvod\/ljubavna-kreacija-u-aranzmanu\/\",\"name\":\"Ljubavna kreacija u aran\u017emanu &#8211; Provansa Dekor\",\"isPartOf\":{\"@id\":\"https:\/\/provansadekor.rs\/#website\"},\"primaryImageOfPage\":{\"@id\":\"https:\/\/provansadekor.rs\/proizvod\/ljubavna-kreacija-u-aranzmanu\/#primaryimage\"},\"image\":{\"@id\":\"https:\/\/provansadekor.rs\/proizvod\/ljubavna-kreacija-u-aranzmanu\/#primaryimage\"},\"thumbnailUrl\":\"https:\/\/provansadekor.rs\/wp-content\/uploads\/2022\/02\/SAS-9809.jpg\",\"datePublished\":\"2022-02-11T02:57:08+00:00\",\"dateModified\":\"2026-03-08T15:28:32+00:00\",\"description\":\"Savr\u0161en spoj crvenih ru\u017ea i sve\u017eeg eukaliptusa u elegantnom crnom box-u kao spoj jednostavnosti i luksuza u malom. Aran\u017eman koji \u0107e upotpuniti sve va\u0161e posebne prilike.Aran\u017eman crvenih ru\u017ea, sve\u017ei eukaliptus - Beograd dostava cve\u0107a\",\"breadcrumb\":{\"@id\":\"https:\/\/provansadekor.rs\/proizvod\/ljubavna-kreacija-u-aranzmanu\/#breadcrumb\"},\"inLanguage\":\"ru-RU\",\"potentialAction\":[{\"@type\":\"ReadAction\",\"target\":[\"https:\/\/provansadekor.rs\/proizvod\/ljubavna-kreacija-u-aranzmanu\/\"]}]},{\"@type\":\"ImageObject\",\"inLanguage\":\"ru-RU\",\"@id\":\"https:\/\/provansadekor.rs\/proizvod\/ljubavna-kreacija-u-aranzmanu\/#primaryimage\",\"url\":\"https:\/\/provansadekor.rs\/wp-content\/uploads\/2022\/02\/SAS-9809.jpg\",\"contentUrl\":\"https:\/\/provansadekor.rs\/wp-content\/uploads\/2022\/02\/SAS-9809.jpg\",\"width\":1000,\"height\":1000},{\"@type\":\"BreadcrumbList\",\"@id\":\"https:\/\/provansadekor.rs\/proizvod\/ljubavna-kreacija-u-aranzmanu\/#breadcrumb\",\"itemListElement\":[{\"@type\":\"ListItem\",\"position\":1,\"name\":\"\u041f\u043e\u0447\u0435\u0442\u043d\u0430\",\"item\":\"https:\/\/provansadekor.rs\/\"},{\"@type\":\"ListItem\",\"position\":2,\"name\":\"\u041f\u0440\u043e\u0438\u0437\u0432\u043e\u0434\u0438\",\"item\":\"https:\/\/provansadekor.rs\/shop\/\"},{\"@type\":\"ListItem\",\"position\":3,\"name\":\"Ljubavna kreacija u aran\u017emanu\"}]},{\"@type\":\"WebSite\",\"@id\":\"https:\/\/provansadekor.rs\/#website\",\"url\":\"https:\/\/provansadekor.rs\/\",\"name\":\"Provansa Dekor\",\"description\":\"Dostava cve\u0107a Beograd - Organizacija i Dekoracija doga\u0111aja - Ure\u0111enje zelenih povr\u0161ina\",\"publisher\":{\"@id\":\"https:\/\/provansadekor.rs\/#organization\"},\"potentialAction\":[{\"@type\":\"SearchAction\",\"target\":{\"@type\":\"EntryPoint\",\"urlTemplate\":\"https:\/\/provansadekor.rs\/?s={search_term_string}\"},\"query-input\":{\"@type\":\"PropertyValueSpecification\",\"valueRequired\":true,\"valueName\":\"search_term_string\"}}],\"inLanguage\":\"ru-RU\"},{\"@type\":\"Organization\",\"@id\":\"https:\/\/provansadekor.rs\/#organization\",\"name\":\"Provansa Dekor Cve\u0107ara Beograd\",\"url\":\"https:\/\/provansadekor.rs\/\",\"logo\":{\"@type\":\"ImageObject\",\"inLanguage\":\"ru-RU\",\"@id\":\"https:\/\/provansadekor.rs\/#\/schema\/logo\/image\/\",\"url\":\"https:\/\/provansadekor.rs\/wp-content\/uploads\/2022\/03\/logo-provansa.jpg\",\"contentUrl\":\"https:\/\/provansadekor.rs\/wp-content\/uploads\/2022\/03\/logo-provansa.jpg\",\"width\":200,\"height\":200,\"caption\":\"Provansa Dekor Cve\u0107ara Beograd\"},\"image\":{\"@id\":\"https:\/\/provansadekor.rs\/#\/schema\/logo\/image\/\"},\"sameAs\":[\"https:\/\/www.facebook.com\/provansadekor\",\"https:\/\/www.instagram.com\/provansadekor\/\"]}]}<\/script>\n<!-- \/ Yoast SEO Premium plugin. -->","yoast_head_json":{"title":"\u0422\u0432\u043e\u0440\u0435\u043d\u0438\u0435 \u043b\u044e\u0431\u0432\u0438 \u0432 \u043a\u043e\u043c\u043f\u043e\u0437\u0438\u0446\u0438\u0438 - \u0414\u0435\u043a\u043e\u0440 \u041f\u0440\u043e\u0432\u0430\u043d\u0441","description":"\u0418\u0434\u0435\u0430\u043b\u044c\u043d\u043e\u0435 \u0441\u043e\u0447\u0435\u0442\u0430\u043d\u0438\u0435 \u043a\u0440\u0430\u0441\u043d\u044b\u0445 \u0440\u043e\u0437 \u0438 \u0441\u0432\u0435\u0436\u0435\u0433\u043e \u044d\u0432\u043a\u0430\u043b\u0438\u043f\u0442\u0430 \u0432 \u044d\u043b\u0435\u0433\u0430\u043d\u0442\u043d\u043e\u0439 \u0447\u0435\u0440\u043d\u043e\u0439 \u043a\u043e\u0440\u043e\u0431\u043a\u0435 \u2013 \u0441\u043e\u0447\u0435\u0442\u0430\u043d\u0438\u0435 \u043f\u0440\u043e\u0441\u0442\u043e\u0442\u044b \u0438 \u0440\u043e\u0441\u043a\u043e\u0448\u0438 \u0432 \u043c\u0438\u043d\u0438\u0430\u0442\u044e\u0440\u0435. \u041a\u043e\u043c\u043f\u043e\u0437\u0438\u0446\u0438\u044f, \u043a\u043e\u0442\u043e\u0440\u0430\u044f \u0443\u043a\u0440\u0430\u0441\u0438\u0442 \u0432\u0441\u0435 \u0432\u0430\u0448\u0438 \u0442\u043e\u0440\u0436\u0435\u0441\u0442\u0432\u0430.\u041a\u043e\u043c\u043f\u043e\u0437\u0438\u0446\u0438\u044f \u0438\u0437 \u043a\u0440\u0430\u0441\u043d\u044b\u0445 \u0440\u043e\u0437 \u0438 \u0441\u0432\u0435\u0436\u0435\u0433\u043e \u044d\u0432\u043a\u0430\u043b\u0438\u043f\u0442\u0430 - \u0414\u043e\u0441\u0442\u0430\u0432\u043a\u0430 \u0446\u0432\u0435\u0442\u043e\u0432 \u0432 \u0411\u0435\u043b\u0433\u0440\u0430\u0434\u0435","robots":{"index":"index","follow":"follow","max-snippet":"max-snippet:-1","max-image-preview":"max-image-preview:large","max-video-preview":"max-video-preview:-1"},"canonical":"https:\/\/provansadekor.rs\/ru\/proizvod\/\u043b\u044e\u0431\u043e\u0432\u044c-\u0442\u0432\u043e\u0440\u0435\u043d\u0438\u0435-\u0432-\u0430\u0440\u0430\u043d\u0436\u0438\u0440\u043e\u0432\u043a\u0435\/","og_locale":"ru_RU","og_type":"article","og_title":"Ljubavna kreacija u aran\u017emanu","og_description":"Savr\u0161en spoj crvenih ru\u017ea i sve\u017eeg eukaliptusa u elegantnom crnom box-u kao spoj jednostavnosti i luksuza u malom. Aran\u017eman koji \u0107e upotpuniti sve va\u0161e posebne prilike.Aran\u017eman crvenih ru\u017ea, sve\u017ei eukaliptus - Beograd dostava cve\u0107a","og_url":"https:\/\/provansadekor.rs\/ru\/proizvod\/\u043b\u044e\u0431\u043e\u0432\u044c-\u0442\u0432\u043e\u0440\u0435\u043d\u0438\u0435-\u0432-\u0430\u0440\u0430\u043d\u0436\u0438\u0440\u043e\u0432\u043a\u0435\/","og_site_name":"Provansa Dekor","article_publisher":"https:\/\/www.facebook.com\/provansadekor","article_modified_time":"2026-03-08T15:28:32+00:00","og_image":[{"width":1000,"height":1000,"url":"https:\/\/provansadekor.rs\/wp-content\/uploads\/2022\/02\/SAS-9809.jpg","type":"image\/jpeg"}],"twitter_card":"summary_large_image","twitter_misc":{"\u041f\u0440\u0438\u043c\u0435\u0440\u043d\u043e\u0435 \u0432\u0440\u0435\u043c\u044f \u0434\u043b\u044f \u0447\u0442\u0435\u043d\u0438\u044f":"1 \u043c\u0438\u043d\u0443\u0442\u0430"},"schema":{"@context":"https:\/\/schema.org","@graph":[{"@type":["WebPage","ItemPage"],"@id":"https:\/\/provansadekor.rs\/proizvod\/ljubavna-kreacija-u-aranzmanu\/","url":"https:\/\/provansadekor.rs\/proizvod\/ljubavna-kreacija-u-aranzmanu\/","name":"\u0422\u0432\u043e\u0440\u0435\u043d\u0438\u0435 \u043b\u044e\u0431\u0432\u0438 \u0432 \u043a\u043e\u043c\u043f\u043e\u0437\u0438\u0446\u0438\u0438 - \u0414\u0435\u043a\u043e\u0440 \u041f\u0440\u043e\u0432\u0430\u043d\u0441","isPartOf":{"@id":"https:\/\/provansadekor.rs\/#website"},"primaryImageOfPage":{"@id":"https:\/\/provansadekor.rs\/proizvod\/ljubavna-kreacija-u-aranzmanu\/#primaryimage"},"image":{"@id":"https:\/\/provansadekor.rs\/proizvod\/ljubavna-kreacija-u-aranzmanu\/#primaryimage"},"thumbnailUrl":"https:\/\/provansadekor.rs\/wp-content\/uploads\/2022\/02\/SAS-9809.jpg","datePublished":"2022-02-11T02:57:08+00:00","dateModified":"2026-03-08T15:28:32+00:00","description":"\u0418\u0434\u0435\u0430\u043b\u044c\u043d\u043e\u0435 \u0441\u043e\u0447\u0435\u0442\u0430\u043d\u0438\u0435 \u043a\u0440\u0430\u0441\u043d\u044b\u0445 \u0440\u043e\u0437 \u0438 \u0441\u0432\u0435\u0436\u0435\u0433\u043e \u044d\u0432\u043a\u0430\u043b\u0438\u043f\u0442\u0430 \u0432 \u044d\u043b\u0435\u0433\u0430\u043d\u0442\u043d\u043e\u0439 \u0447\u0435\u0440\u043d\u043e\u0439 \u043a\u043e\u0440\u043e\u0431\u043a\u0435 \u2013 \u0441\u043e\u0447\u0435\u0442\u0430\u043d\u0438\u0435 \u043f\u0440\u043e\u0441\u0442\u043e\u0442\u044b \u0438 \u0440\u043e\u0441\u043a\u043e\u0448\u0438 \u0432 \u043c\u0438\u043d\u0438\u0430\u0442\u044e\u0440\u0435. \u041a\u043e\u043c\u043f\u043e\u0437\u0438\u0446\u0438\u044f, \u043a\u043e\u0442\u043e\u0440\u0430\u044f \u0443\u043a\u0440\u0430\u0441\u0438\u0442 \u0432\u0441\u0435 \u0432\u0430\u0448\u0438 \u0442\u043e\u0440\u0436\u0435\u0441\u0442\u0432\u0430.\u041a\u043e\u043c\u043f\u043e\u0437\u0438\u0446\u0438\u044f \u0438\u0437 \u043a\u0440\u0430\u0441\u043d\u044b\u0445 \u0440\u043e\u0437 \u0438 \u0441\u0432\u0435\u0436\u0435\u0433\u043e \u044d\u0432\u043a\u0430\u043b\u0438\u043f\u0442\u0430 - \u0414\u043e\u0441\u0442\u0430\u0432\u043a\u0430 \u0446\u0432\u0435\u0442\u043e\u0432 \u0432 \u0411\u0435\u043b\u0433\u0440\u0430\u0434\u0435","breadcrumb":{"@id":"https:\/\/provansadekor.rs\/proizvod\/ljubavna-kreacija-u-aranzmanu\/#breadcrumb"},"inLanguage":"ru-RU","potentialAction":[{"@type":"ReadAction","target":["https:\/\/provansadekor.rs\/proizvod\/ljubavna-kreacija-u-aranzmanu\/"]}]},{"@type":"ImageObject","inLanguage":"ru-RU","@id":"https:\/\/provansadekor.rs\/proizvod\/ljubavna-kreacija-u-aranzmanu\/#primaryimage","url":"https:\/\/provansadekor.rs\/wp-content\/uploads\/2022\/02\/SAS-9809.jpg","contentUrl":"https:\/\/provansadekor.rs\/wp-content\/uploads\/2022\/02\/SAS-9809.jpg","width":1000,"height":1000},{"@type":"BreadcrumbList","@id":"https:\/\/provansadekor.rs\/proizvod\/ljubavna-kreacija-u-aranzmanu\/#breadcrumb","itemListElement":[{"@type":"ListItem","position":1,"name":"\u041f\u043e\u0447\u0435\u0442\u043d\u0430","item":"https:\/\/provansadekor.rs\/"},{"@type":"ListItem","position":2,"name":"\u041f\u0440\u043e\u0438\u0437\u0432\u043e\u0434\u0438","item":"https:\/\/provansadekor.rs\/shop\/"},{"@type":"ListItem","position":3,"name":"Ljubavna kreacija u aran\u017emanu"}]},{"@type":"WebSite","@id":"https:\/\/provansadekor.rs\/#website","url":"https:\/\/provansadekor.rs\/","name":"\u041f\u0440\u043e\u0432\u0430\u043d\u0441 \u0414\u0435\u043a\u043e\u0440","description":"\u0414\u043e\u0441\u0442\u0430\u0432\u043a\u0430 \u0446\u0432\u0435\u0442\u043e\u0432 \u0411\u0435\u043b\u0433\u0440\u0430\u0434 - \u041e\u0440\u0433\u0430\u043d\u0438\u0437\u0430\u0446\u0438\u044f \u0438 \u043e\u0444\u043e\u0440\u043c\u043b\u0435\u043d\u0438\u0435 \u043c\u0435\u0440\u043e\u043f\u0440\u0438\u044f\u0442\u0438\u0439 - \u041b\u0430\u043d\u0434\u0448\u0430\u0444\u0442\u043d\u044b\u0439 \u0434\u0438\u0437\u0430\u0439\u043d","publisher":{"@id":"https:\/\/provansadekor.rs\/#organization"},"potentialAction":[{"@type":"SearchAction","target":{"@type":"EntryPoint","urlTemplate":"https:\/\/provansadekor.rs\/?s={search_term_string}"},"query-input":{"@type":"PropertyValueSpecification","valueRequired":true,"valueName":"search_term_string"}}],"inLanguage":"ru-RU"},{"@type":"Organization","@id":"https:\/\/provansadekor.rs\/#organization","name":"\u0426\u0432\u0435\u0442\u043e\u0447\u043d\u044b\u0439 \u043c\u0430\u0433\u0430\u0437\u0438\u043d \u041f\u0440\u043e\u0432\u0430\u043d\u0441 \u0414\u0435\u043a\u043e\u0440 \u0411\u0435\u043b\u0433\u0440\u0430\u0434","url":"https:\/\/provansadekor.rs\/","logo":{"@type":"ImageObject","inLanguage":"ru-RU","@id":"https:\/\/provansadekor.rs\/#\/schema\/logo\/image\/","url":"https:\/\/provansadekor.rs\/wp-content\/uploads\/2022\/03\/logo-provansa.jpg","contentUrl":"https:\/\/provansadekor.rs\/wp-content\/uploads\/2022\/03\/logo-provansa.jpg","width":200,"height":200,"caption":"Provansa Dekor Cve\u0107ara Beograd"},"image":{"@id":"https:\/\/provansadekor.rs\/#\/schema\/logo\/image\/"},"sameAs":["https:\/\/www.facebook.com\/provansadekor","https:\/\/www.instagram.com\/provansadekor\/"]}]}},"_links":{"self":[{"href":"https:\/\/provansadekor.rs\/ru\/wp-json\/wp\/v2\/product\/48844","targetHints":{"allow":["GET"]}}],"collection":[{"href":"https:\/\/provansadekor.rs\/ru\/wp-json\/wp\/v2\/product"}],"about":[{"href":"https:\/\/provansadekor.rs\/ru\/wp-json\/wp\/v2\/types\/product"}],"version-history":[{"count":6,"href":"https:\/\/provansadekor.rs\/ru\/wp-json\/wp\/v2\/product\/48844\/revisions"}],"predecessor-version":[{"id":67660,"href":"https:\/\/provansadekor.rs\/ru\/wp-json\/wp\/v2\/product\/48844\/revisions\/67660"}],"wp:featuredmedia":[{"embeddable":true,"href":"https:\/\/provansadekor.rs\/ru\/wp-json\/wp\/v2\/media\/48845"}],"wp:attachment":[{"href":"https:\/\/provansadekor.rs\/ru\/wp-json\/wp\/v2\/media?parent=48844"}],"wp:term":[{"taxonomy":"product_brand","embeddable":true,"href":"https:\/\/provansadekor.rs\/ru\/wp-json\/wp\/v2\/product_brand?post=48844"},{"taxonomy":"product_cat","embeddable":true,"href":"https:\/\/provansadekor.rs\/ru\/wp-json\/wp\/v2\/product_cat?post=48844"},{"taxonomy":"product_tag","embeddable":true,"href":"https:\/\/provansadekor.rs\/ru\/wp-json\/wp\/v2\/product_tag?post=48844"}],"curies":[{"name":"wp","href":"https:\/\/api.w.org\/{rel}","templated":true}]}}