{"id":4716,"date":"2019-11-08T13:56:35","date_gmt":"2019-11-08T12:56:35","guid":{"rendered":"http:\/\/provansadekor.rs\/?post_type=product&#038;p=4716"},"modified":"2026-03-18T16:21:25","modified_gmt":"2026-03-18T15:21:25","slug":"101-bela-ruza-sa-ferrerom-kao-savrsen-spoj-u-box-u","status":"publish","type":"product","link":"https:\/\/provansadekor.rs\/ru\/proizvod\/101-bela-ruza-sa-ferrerom-kao-savrsen-spoj-u-box-u\/","title":{"rendered":"101 \u0440\u043e\u0437\u0430 \u043a\u0430\u043a \u0433\u043b\u0430\u043c\u0443\u0440 \u0432 \u043a\u043e\u0440\u043e\u0431\u043a\u0435"},"content":{"rendered":"<h2>101 Bela ru\u017ea sa ferrerom<\/h2>\n<p><a href=\"https:\/\/provansadekor.rs\/kategorija-proizvoda\/101-ruza\/\"><strong>101 Bela ru\u017ea<\/strong><\/a> sa ferrerom za ukus i miris.<\/p>\n<p><em>\u0412\u0438\u0434\u044b \u0446\u0432\u0435\u0442\u043e\u0432 \u0432 \u043a\u043e\u043c\u043f\u043e\u0437\u0438\u0446\u0438\u0438<\/em>: bele ru\u017ee.<\/p>\n<p><em>\u0421\u043e\u043f\u0443\u0442\u0441\u0442\u0432\u0443\u044e\u0449\u0435\u0435 \u043e\u0444\u043e\u0440\u043c\u043b\u0435\u043d\u0438\u0435<\/em>: bela dekorativna okrugla kutija, pampas, ferrero rocher, zlatna satenska ma\u0161na i prugasta dekorativna ma\u0161na u plavo-beloj boji.<\/p>\n<p>Savr\u0161ena kombinacija <strong>101 \u0440\u043e\u0437\u0430<\/strong> u beloj boji sa slatkim zalogajima ferrero rochera upakovane u beli okrugli box sa kombinacijom dve ma\u0161ne.<\/p>\n<p>Ta\u010dnije celokupan do\u017eivljaj ovog poklona odi\u0161e glamurom. Slikanje i preno\u0161enje od usta do usta kako je lepo je neizbe\u017eno, kao i trajne uspomene koje \u0107e nastati. Ako osoba voli ne\u017ene boje ovaj poklon \u0107e na nju ostaviti izuzetan utisak. Moramo da napomenemo jo\u0161 da je ova <strong>101 \u0440\u043e\u0437\u0430<\/strong> u\u017eivo jo\u0161 glamuroznija!!!<\/p>\n<h2><a href=\"https:\/\/provansadekor.rs\/online-cvecara\/\"><strong>\u0414\u043e\u0441\u0442\u0430\u0432\u043a\u0430 \u0446\u0432\u0435\u0442\u043e\u0432<\/strong><\/a> je besplatna za <strong>\u0411\u0435\u043b\u044b\u0439 \u0433\u043e\u0440\u043e\u0434<\/strong>.<\/h2>","protected":false},"excerpt":{"rendered":"<p>101 Bela ru\u017ea sa ferrerom 101 Bela ru\u017ea sa ferrerom za ukus i miris. Vrste cve\u0107a u aran\u017emanu: bele ru\u017ee. Prate\u0107a dekoracija: bela dekorativna okrugla kutija, pampas, ferrero rocher, zlatna satenska ma\u0161na i prugasta dekorativna ma\u0161na u plavo-beloj boji. Savr\u0161ena kombinacija 101 ru\u017ee u beloj boji sa slatkim zalogajima ferrero rochera upakovane u beli okrugli [&hellip;]<\/p>","protected":false},"featured_media":4701,"template":"","meta":[],"product_brand":[],"product_cat":[162],"product_tag":[],"class_list":{"0":"post-4716","1":"product","2":"type-product","3":"status-publish","4":"has-post-thumbnail","6":"product_cat-101-ruza","8":"first","9":"instock","10":"shipping-taxable","11":"purchasable","12":"product-type-simple"},"yoast_head":"<!-- This site is optimized with the Yoast SEO Premium plugin v20.9 (Yoast SEO v26.5) - https:\/\/yoast.com\/wordpress\/plugins\/seo\/ -->\n<title>101 Bela ru\u017ea sa ferrerom &#8211; Provansa Dekor<\/title>\n<meta name=\"description\" content=\"Savr\u0161ena kombinacija 101 bela ru\u017ea sa ferrerom predstavlja slatki zalogaj upakovan u beli okrugli box sa kombinacijom dve ma\u0161ne.\" \/>\n<meta name=\"robots\" content=\"index, follow, max-snippet:-1, max-image-preview:large, max-video-preview:-1\" \/>\n<link rel=\"canonical\" href=\"https:\/\/provansadekor.rs\/ru\/proizvod\/101-bela-ruza-sa-ferrerom-kao-savrsen-spoj-u-box-u\/\" \/>\n<meta property=\"og:locale\" content=\"ru_RU\" \/>\n<meta property=\"og:type\" content=\"article\" \/>\n<meta property=\"og:title\" content=\"101 Ru\u017ea kao glamur u kutiji\" \/>\n<meta property=\"og:description\" content=\"Savr\u0161ena kombinacija 101 bela ru\u017ea sa ferrerom predstavlja slatki zalogaj upakovan u beli okrugli box sa kombinacijom dve ma\u0161ne.\" \/>\n<meta property=\"og:url\" content=\"https:\/\/provansadekor.rs\/ru\/proizvod\/101-bela-ruza-sa-ferrerom-kao-savrsen-spoj-u-box-u\/\" \/>\n<meta property=\"og:site_name\" content=\"Provansa Dekor\" \/>\n<meta property=\"article:publisher\" content=\"https:\/\/www.facebook.com\/provansadekor\" \/>\n<meta property=\"article:modified_time\" content=\"2026-03-18T15:21:25+00:00\" \/>\n<meta property=\"og:image\" content=\"https:\/\/provansadekor.rs\/wp-content\/uploads\/2019\/11\/IMG-068488304012b2d881e372182eb10ff0-V.jpg\" \/>\n\t<meta property=\"og:image:width\" content=\"1600\" \/>\n\t<meta property=\"og:image:height\" content=\"1600\" \/>\n\t<meta property=\"og:image:type\" content=\"image\/jpeg\" \/>\n<meta name=\"twitter:card\" content=\"summary_large_image\" \/>\n<meta name=\"twitter:label1\" content=\"\u041f\u0440\u0438\u043c\u0435\u0440\u043d\u043e\u0435 \u0432\u0440\u0435\u043c\u044f \u0434\u043b\u044f \u0447\u0442\u0435\u043d\u0438\u044f\" \/>\n\t<meta name=\"twitter:data1\" content=\"1 \u043c\u0438\u043d\u0443\u0442\u0430\" \/>\n<script type=\"application\/ld+json\" class=\"yoast-schema-graph\">{\"@context\":\"https:\/\/schema.org\",\"@graph\":[{\"@type\":[\"WebPage\",\"ItemPage\"],\"@id\":\"https:\/\/provansadekor.rs\/proizvod\/101-bela-ruza-sa-ferrerom-kao-savrsen-spoj-u-box-u\/\",\"url\":\"https:\/\/provansadekor.rs\/proizvod\/101-bela-ruza-sa-ferrerom-kao-savrsen-spoj-u-box-u\/\",\"name\":\"101 Bela ru\u017ea sa ferrerom &#8211; Provansa Dekor\",\"isPartOf\":{\"@id\":\"https:\/\/provansadekor.rs\/#website\"},\"primaryImageOfPage\":{\"@id\":\"https:\/\/provansadekor.rs\/proizvod\/101-bela-ruza-sa-ferrerom-kao-savrsen-spoj-u-box-u\/#primaryimage\"},\"image\":{\"@id\":\"https:\/\/provansadekor.rs\/proizvod\/101-bela-ruza-sa-ferrerom-kao-savrsen-spoj-u-box-u\/#primaryimage\"},\"thumbnailUrl\":\"https:\/\/provansadekor.rs\/wp-content\/uploads\/2019\/11\/IMG-068488304012b2d881e372182eb10ff0-V.jpg\",\"datePublished\":\"2019-11-08T12:56:35+00:00\",\"dateModified\":\"2026-03-18T15:21:25+00:00\",\"description\":\"Savr\u0161ena kombinacija 101 bela ru\u017ea sa ferrerom predstavlja slatki zalogaj upakovan u beli okrugli box sa kombinacijom dve ma\u0161ne.\",\"breadcrumb\":{\"@id\":\"https:\/\/provansadekor.rs\/proizvod\/101-bela-ruza-sa-ferrerom-kao-savrsen-spoj-u-box-u\/#breadcrumb\"},\"inLanguage\":\"ru-RU\",\"potentialAction\":[{\"@type\":\"ReadAction\",\"target\":[\"https:\/\/provansadekor.rs\/proizvod\/101-bela-ruza-sa-ferrerom-kao-savrsen-spoj-u-box-u\/\"]}]},{\"@type\":\"ImageObject\",\"inLanguage\":\"ru-RU\",\"@id\":\"https:\/\/provansadekor.rs\/proizvod\/101-bela-ruza-sa-ferrerom-kao-savrsen-spoj-u-box-u\/#primaryimage\",\"url\":\"https:\/\/provansadekor.rs\/wp-content\/uploads\/2019\/11\/IMG-068488304012b2d881e372182eb10ff0-V.jpg\",\"contentUrl\":\"https:\/\/provansadekor.rs\/wp-content\/uploads\/2019\/11\/IMG-068488304012b2d881e372182eb10ff0-V.jpg\",\"width\":1600,\"height\":1600,\"caption\":\"101 bela ruza sa ferrerom - cve\u0107ara Provansa Dekor - Dostava cve\u0107a Beograd\"},{\"@type\":\"BreadcrumbList\",\"@id\":\"https:\/\/provansadekor.rs\/proizvod\/101-bela-ruza-sa-ferrerom-kao-savrsen-spoj-u-box-u\/#breadcrumb\",\"itemListElement\":[{\"@type\":\"ListItem\",\"position\":1,\"name\":\"\u041f\u043e\u0447\u0435\u0442\u043d\u0430\",\"item\":\"https:\/\/provansadekor.rs\/\"},{\"@type\":\"ListItem\",\"position\":2,\"name\":\"\u041f\u0440\u043e\u0438\u0437\u0432\u043e\u0434\u0438\",\"item\":\"https:\/\/provansadekor.rs\/shop\/\"},{\"@type\":\"ListItem\",\"position\":3,\"name\":\"101 Ru\u017ea kao glamur u kutiji\"}]},{\"@type\":\"WebSite\",\"@id\":\"https:\/\/provansadekor.rs\/#website\",\"url\":\"https:\/\/provansadekor.rs\/\",\"name\":\"Provansa Dekor\",\"description\":\"Dostava cve\u0107a Beograd - Organizacija i Dekoracija doga\u0111aja - Ure\u0111enje zelenih povr\u0161ina\",\"publisher\":{\"@id\":\"https:\/\/provansadekor.rs\/#organization\"},\"potentialAction\":[{\"@type\":\"SearchAction\",\"target\":{\"@type\":\"EntryPoint\",\"urlTemplate\":\"https:\/\/provansadekor.rs\/?s={search_term_string}\"},\"query-input\":{\"@type\":\"PropertyValueSpecification\",\"valueRequired\":true,\"valueName\":\"search_term_string\"}}],\"inLanguage\":\"ru-RU\"},{\"@type\":\"Organization\",\"@id\":\"https:\/\/provansadekor.rs\/#organization\",\"name\":\"Provansa Dekor Cve\u0107ara Beograd\",\"url\":\"https:\/\/provansadekor.rs\/\",\"logo\":{\"@type\":\"ImageObject\",\"inLanguage\":\"ru-RU\",\"@id\":\"https:\/\/provansadekor.rs\/#\/schema\/logo\/image\/\",\"url\":\"https:\/\/provansadekor.rs\/wp-content\/uploads\/2022\/03\/logo-provansa.jpg\",\"contentUrl\":\"https:\/\/provansadekor.rs\/wp-content\/uploads\/2022\/03\/logo-provansa.jpg\",\"width\":200,\"height\":200,\"caption\":\"Provansa Dekor Cve\u0107ara Beograd\"},\"image\":{\"@id\":\"https:\/\/provansadekor.rs\/#\/schema\/logo\/image\/\"},\"sameAs\":[\"https:\/\/www.facebook.com\/provansadekor\",\"https:\/\/www.instagram.com\/provansadekor\/\"]}]}<\/script>\n<!-- \/ Yoast SEO Premium plugin. -->","yoast_head_json":{"title":"101 Bela ru\u017ea sa ferrerom &#8211; Provansa Dekor","description":"Savr\u0161ena kombinacija 101 bela ru\u017ea sa ferrerom predstavlja slatki zalogaj upakovan u beli okrugli box sa kombinacijom dve ma\u0161ne.","robots":{"index":"index","follow":"follow","max-snippet":"max-snippet:-1","max-image-preview":"max-image-preview:large","max-video-preview":"max-video-preview:-1"},"canonical":"https:\/\/provansadekor.rs\/ru\/proizvod\/101-bela-ruza-sa-ferrerom-kao-savrsen-spoj-u-box-u\/","og_locale":"ru_RU","og_type":"article","og_title":"101 Ru\u017ea kao glamur u kutiji","og_description":"Savr\u0161ena kombinacija 101 bela ru\u017ea sa ferrerom predstavlja slatki zalogaj upakovan u beli okrugli box sa kombinacijom dve ma\u0161ne.","og_url":"https:\/\/provansadekor.rs\/ru\/proizvod\/101-bela-ruza-sa-ferrerom-kao-savrsen-spoj-u-box-u\/","og_site_name":"Provansa Dekor","article_publisher":"https:\/\/www.facebook.com\/provansadekor","article_modified_time":"2026-03-18T15:21:25+00:00","og_image":[{"width":1600,"height":1600,"url":"https:\/\/provansadekor.rs\/wp-content\/uploads\/2019\/11\/IMG-068488304012b2d881e372182eb10ff0-V.jpg","type":"image\/jpeg"}],"twitter_card":"summary_large_image","twitter_misc":{"\u041f\u0440\u0438\u043c\u0435\u0440\u043d\u043e\u0435 \u0432\u0440\u0435\u043c\u044f \u0434\u043b\u044f \u0447\u0442\u0435\u043d\u0438\u044f":"1 \u043c\u0438\u043d\u0443\u0442\u0430"},"schema":{"@context":"https:\/\/schema.org","@graph":[{"@type":["WebPage","ItemPage"],"@id":"https:\/\/provansadekor.rs\/proizvod\/101-bela-ruza-sa-ferrerom-kao-savrsen-spoj-u-box-u\/","url":"https:\/\/provansadekor.rs\/proizvod\/101-bela-ruza-sa-ferrerom-kao-savrsen-spoj-u-box-u\/","name":"101 Bela ru\u017ea sa ferrerom &#8211; Provansa Dekor","isPartOf":{"@id":"https:\/\/provansadekor.rs\/#website"},"primaryImageOfPage":{"@id":"https:\/\/provansadekor.rs\/proizvod\/101-bela-ruza-sa-ferrerom-kao-savrsen-spoj-u-box-u\/#primaryimage"},"image":{"@id":"https:\/\/provansadekor.rs\/proizvod\/101-bela-ruza-sa-ferrerom-kao-savrsen-spoj-u-box-u\/#primaryimage"},"thumbnailUrl":"https:\/\/provansadekor.rs\/wp-content\/uploads\/2019\/11\/IMG-068488304012b2d881e372182eb10ff0-V.jpg","datePublished":"2019-11-08T12:56:35+00:00","dateModified":"2026-03-18T15:21:25+00:00","description":"Savr\u0161ena kombinacija 101 bela ru\u017ea sa ferrerom predstavlja slatki zalogaj upakovan u beli okrugli box sa kombinacijom dve ma\u0161ne.","breadcrumb":{"@id":"https:\/\/provansadekor.rs\/proizvod\/101-bela-ruza-sa-ferrerom-kao-savrsen-spoj-u-box-u\/#breadcrumb"},"inLanguage":"ru-RU","potentialAction":[{"@type":"ReadAction","target":["https:\/\/provansadekor.rs\/proizvod\/101-bela-ruza-sa-ferrerom-kao-savrsen-spoj-u-box-u\/"]}]},{"@type":"ImageObject","inLanguage":"ru-RU","@id":"https:\/\/provansadekor.rs\/proizvod\/101-bela-ruza-sa-ferrerom-kao-savrsen-spoj-u-box-u\/#primaryimage","url":"https:\/\/provansadekor.rs\/wp-content\/uploads\/2019\/11\/IMG-068488304012b2d881e372182eb10ff0-V.jpg","contentUrl":"https:\/\/provansadekor.rs\/wp-content\/uploads\/2019\/11\/IMG-068488304012b2d881e372182eb10ff0-V.jpg","width":1600,"height":1600,"caption":"101 bela ruza sa ferrerom - cve\u0107ara Provansa Dekor - Dostava cve\u0107a Beograd"},{"@type":"BreadcrumbList","@id":"https:\/\/provansadekor.rs\/proizvod\/101-bela-ruza-sa-ferrerom-kao-savrsen-spoj-u-box-u\/#breadcrumb","itemListElement":[{"@type":"ListItem","position":1,"name":"\u041f\u043e\u0447\u0435\u0442\u043d\u0430","item":"https:\/\/provansadekor.rs\/"},{"@type":"ListItem","position":2,"name":"\u041f\u0440\u043e\u0438\u0437\u0432\u043e\u0434\u0438","item":"https:\/\/provansadekor.rs\/shop\/"},{"@type":"ListItem","position":3,"name":"101 Ru\u017ea kao glamur u kutiji"}]},{"@type":"WebSite","@id":"https:\/\/provansadekor.rs\/#website","url":"https:\/\/provansadekor.rs\/","name":"\u041f\u0440\u043e\u0432\u0430\u043d\u0441 \u0414\u0435\u043a\u043e\u0440","description":"\u0414\u043e\u0441\u0442\u0430\u0432\u043a\u0430 \u0446\u0432\u0435\u0442\u043e\u0432 \u0411\u0435\u043b\u0433\u0440\u0430\u0434 - \u041e\u0440\u0433\u0430\u043d\u0438\u0437\u0430\u0446\u0438\u044f \u0438 \u043e\u0444\u043e\u0440\u043c\u043b\u0435\u043d\u0438\u0435 \u043c\u0435\u0440\u043e\u043f\u0440\u0438\u044f\u0442\u0438\u0439 - \u041b\u0430\u043d\u0434\u0448\u0430\u0444\u0442\u043d\u044b\u0439 \u0434\u0438\u0437\u0430\u0439\u043d","publisher":{"@id":"https:\/\/provansadekor.rs\/#organization"},"potentialAction":[{"@type":"SearchAction","target":{"@type":"EntryPoint","urlTemplate":"https:\/\/provansadekor.rs\/?s={search_term_string}"},"query-input":{"@type":"PropertyValueSpecification","valueRequired":true,"valueName":"search_term_string"}}],"inLanguage":"ru-RU"},{"@type":"Organization","@id":"https:\/\/provansadekor.rs\/#organization","name":"\u0426\u0432\u0435\u0442\u043e\u0447\u043d\u044b\u0439 \u043c\u0430\u0433\u0430\u0437\u0438\u043d \u041f\u0440\u043e\u0432\u0430\u043d\u0441 \u0414\u0435\u043a\u043e\u0440 \u0411\u0435\u043b\u0433\u0440\u0430\u0434","url":"https:\/\/provansadekor.rs\/","logo":{"@type":"ImageObject","inLanguage":"ru-RU","@id":"https:\/\/provansadekor.rs\/#\/schema\/logo\/image\/","url":"https:\/\/provansadekor.rs\/wp-content\/uploads\/2022\/03\/logo-provansa.jpg","contentUrl":"https:\/\/provansadekor.rs\/wp-content\/uploads\/2022\/03\/logo-provansa.jpg","width":200,"height":200,"caption":"Provansa Dekor Cve\u0107ara Beograd"},"image":{"@id":"https:\/\/provansadekor.rs\/#\/schema\/logo\/image\/"},"sameAs":["https:\/\/www.facebook.com\/provansadekor","https:\/\/www.instagram.com\/provansadekor\/"]}]}},"_links":{"self":[{"href":"https:\/\/provansadekor.rs\/ru\/wp-json\/wp\/v2\/product\/4716","targetHints":{"allow":["GET"]}}],"collection":[{"href":"https:\/\/provansadekor.rs\/ru\/wp-json\/wp\/v2\/product"}],"about":[{"href":"https:\/\/provansadekor.rs\/ru\/wp-json\/wp\/v2\/types\/product"}],"version-history":[{"count":5,"href":"https:\/\/provansadekor.rs\/ru\/wp-json\/wp\/v2\/product\/4716\/revisions"}],"predecessor-version":[{"id":70603,"href":"https:\/\/provansadekor.rs\/ru\/wp-json\/wp\/v2\/product\/4716\/revisions\/70603"}],"wp:featuredmedia":[{"embeddable":true,"href":"https:\/\/provansadekor.rs\/ru\/wp-json\/wp\/v2\/media\/4701"}],"wp:attachment":[{"href":"https:\/\/provansadekor.rs\/ru\/wp-json\/wp\/v2\/media?parent=4716"}],"wp:term":[{"taxonomy":"product_brand","embeddable":true,"href":"https:\/\/provansadekor.rs\/ru\/wp-json\/wp\/v2\/product_brand?post=4716"},{"taxonomy":"product_cat","embeddable":true,"href":"https:\/\/provansadekor.rs\/ru\/wp-json\/wp\/v2\/product_cat?post=4716"},{"taxonomy":"product_tag","embeddable":true,"href":"https:\/\/provansadekor.rs\/ru\/wp-json\/wp\/v2\/product_tag?post=4716"}],"curies":[{"name":"wp","href":"https:\/\/api.w.org\/{rel}","templated":true}]}}