{"id":4680,"date":"2019-10-29T10:25:25","date_gmt":"2019-10-29T09:25:25","guid":{"rendered":"http:\/\/provansadekor.rs\/?post_type=product&#038;p=4680"},"modified":"2026-03-18T16:22:01","modified_gmt":"2026-03-18T15:22:01","slug":"101-ruza-u-luksuznom-buketu-kada-zelite-da-budete-zapazeni","status":"publish","type":"product","link":"https:\/\/provansadekor.rs\/ru\/proizvod\/101-ruza-u-luksuznom-buketu-kada-zelite-da-budete-zapazeni\/","title":{"rendered":"Luksuzna kombinacija 101 ru\u017ee i \u010dokolade"},"content":{"rendered":"<h2>101 Ru\u017ea u luksuznom buketu<\/h2>\n<p>101 Ru\u017ea u luksuznom buketu od crnog papira da va\u0161a pojava odi\u0161e luksuzom.<\/p>\n<p><em>\u0412\u0438\u0434\u044b \u0446\u0432\u0435\u0442\u043e\u0432 \u0432 \u0431\u0443\u043a\u0435\u0442\u0435<\/em>: \u043a\u0440\u0430\u0441\u043d\u044b\u0435 \u0440\u043e\u0437\u044b.<\/p>\n<p><em>\u0421\u043e\u043f\u0443\u0442\u0441\u0442\u0432\u0443\u044e\u0449\u0435\u0435 \u043e\u0444\u043e\u0440\u043c\u043b\u0435\u043d\u0438\u0435<\/em>: be\u017e eva pena, dekorativni crni papir, tanka crvena satens ma\u0161na, \u0161iroka crvena satenska ma\u0161na i bela traka, \u010dokoladna bombonjera.<\/p>\n<p>Buket od crvenih ru\u017ea je ne\u0161to nezamenljivo i nepogre\u0161ivo, pogotovo kada je <a href=\"https:\/\/provansadekor.rs\/kategorija-proizvoda\/101-ruza\/\"><strong>101 \u0440\u043e\u0437\u0430<\/strong><\/a> u pitanju. Zamislite ulazak na vrata sa ovakvim buketom! <strong>\u0411\u0443\u043a\u0435\u0442<\/strong> je napravljen od <strong>101 ru<\/strong>\u017ee, umotane u eva penu, zatim u elegantni vodootporni crni papir, ovo savr\u0161enstvo upotpunjeno je \u010dokoladnom bombonjerom premijum kvaliteta. Ma\u0161na je napravljena od tri vrste trake i na sebi ima pe\u010dat u vidu ukrasnog dijamanta. Veliki trud i puno ljubavi se ula\u017ee svaki put kada se pravi buket u kojem se nalazi <strong>101 \u0440\u043e\u0437\u0430<\/strong>. Ponosni smo \u0161to mo\u017eemo da ponudimo ovakav proizvod.<\/p>\n<h2><a href=\"https:\/\/provansadekor.rs\/online-cvecara\/\">\u0414\u043e\u0441\u0442\u0430\u0432\u043a\u0430 \u0446\u0432\u0435\u0442\u043e\u0432<\/a> je besplatna za Beograd.<\/h2>","protected":false},"excerpt":{"rendered":"<p>101 Ru\u017ea u luksuznom buketu 101 Ru\u017ea u luksuznom buketu od crnog papira da va\u0161a pojava odi\u0161e luksuzom. Vrste cve\u0107a u buketu: crvene ru\u017ee. Prate\u0107a dekoracija: be\u017e eva pena, dekorativni crni papir, tanka crvena satens ma\u0161na, \u0161iroka crvena satenska ma\u0161na i bela traka, \u010dokoladna bombonjera. Buket od crvenih ru\u017ea je ne\u0161to nezamenljivo i nepogre\u0161ivo, pogotovo [&hellip;]<\/p>","protected":false},"featured_media":4663,"template":"","meta":[],"product_brand":[],"product_cat":[162],"product_tag":[319,318],"class_list":{"0":"post-4680","1":"product","2":"type-product","3":"status-publish","4":"has-post-thumbnail","6":"product_cat-101-ruza","7":"product_tag-101-crvena-ruza","8":"product_tag-crvene-ruze","10":"first","11":"instock","12":"shipping-taxable","13":"purchasable","14":"product-type-simple"},"yoast_head":"<!-- This site is optimized with the Yoast SEO Premium plugin v20.9 (Yoast SEO v26.5) - https:\/\/yoast.com\/wordpress\/plugins\/seo\/ -->\n<title>101 Ru\u017ea u luksuznom buketu &#8211; Provansa Dekor<\/title>\n<meta name=\"description\" content=\"101 Ru\u017ea u luksuznom buketu fantasti\u010dan izbor za glamurozna okupljanja kada zelite da se istaknete. Zamislite ulazak na vrata sa ovakvim buketom!\" \/>\n<meta name=\"robots\" content=\"index, follow, max-snippet:-1, max-image-preview:large, max-video-preview:-1\" \/>\n<link rel=\"canonical\" href=\"https:\/\/provansadekor.rs\/ru\/proizvod\/101-ruza-u-luksuznom-buketu-kada-zelite-da-budete-zapazeni\/\" \/>\n<meta property=\"og:locale\" content=\"ru_RU\" \/>\n<meta property=\"og:type\" content=\"article\" \/>\n<meta property=\"og:title\" content=\"Luksuzna kombinacija 101 ru\u017ee i \u010dokolade\" \/>\n<meta property=\"og:description\" content=\"101 Ru\u017ea u luksuznom buketu fantasti\u010dan izbor za glamurozna okupljanja kada zelite da se istaknete. Zamislite ulazak na vrata sa ovakvim buketom!\" \/>\n<meta property=\"og:url\" content=\"https:\/\/provansadekor.rs\/ru\/proizvod\/101-ruza-u-luksuznom-buketu-kada-zelite-da-budete-zapazeni\/\" \/>\n<meta property=\"og:site_name\" content=\"Provansa Dekor\" \/>\n<meta property=\"article:publisher\" content=\"https:\/\/www.facebook.com\/provansadekor\" \/>\n<meta property=\"article:modified_time\" content=\"2026-03-18T15:22:01+00:00\" \/>\n<meta property=\"og:image\" content=\"https:\/\/provansadekor.rs\/wp-content\/uploads\/2019\/10\/101-sm-4.jpg\" \/>\n\t<meta property=\"og:image:width\" content=\"1600\" \/>\n\t<meta property=\"og:image:height\" content=\"1600\" \/>\n\t<meta property=\"og:image:type\" content=\"image\/jpeg\" \/>\n<meta name=\"twitter:card\" content=\"summary_large_image\" \/>\n<meta name=\"twitter:label1\" content=\"\u041f\u0440\u0438\u043c\u0435\u0440\u043d\u043e\u0435 \u0432\u0440\u0435\u043c\u044f \u0434\u043b\u044f \u0447\u0442\u0435\u043d\u0438\u044f\" \/>\n\t<meta name=\"twitter:data1\" content=\"1 \u043c\u0438\u043d\u0443\u0442\u0430\" \/>\n<script type=\"application\/ld+json\" class=\"yoast-schema-graph\">{\"@context\":\"https:\/\/schema.org\",\"@graph\":[{\"@type\":[\"WebPage\",\"ItemPage\"],\"@id\":\"https:\/\/provansadekor.rs\/proizvod\/101-ruza-u-luksuznom-buketu-kada-zelite-da-budete-zapazeni\/\",\"url\":\"https:\/\/provansadekor.rs\/proizvod\/101-ruza-u-luksuznom-buketu-kada-zelite-da-budete-zapazeni\/\",\"name\":\"101 Ru\u017ea u luksuznom buketu &#8211; Provansa Dekor\",\"isPartOf\":{\"@id\":\"https:\/\/provansadekor.rs\/#website\"},\"primaryImageOfPage\":{\"@id\":\"https:\/\/provansadekor.rs\/proizvod\/101-ruza-u-luksuznom-buketu-kada-zelite-da-budete-zapazeni\/#primaryimage\"},\"image\":{\"@id\":\"https:\/\/provansadekor.rs\/proizvod\/101-ruza-u-luksuznom-buketu-kada-zelite-da-budete-zapazeni\/#primaryimage\"},\"thumbnailUrl\":\"https:\/\/provansadekor.rs\/wp-content\/uploads\/2019\/10\/101-sm-4.jpg\",\"datePublished\":\"2019-10-29T09:25:25+00:00\",\"dateModified\":\"2026-03-18T15:22:01+00:00\",\"description\":\"101 Ru\u017ea u luksuznom buketu fantasti\u010dan izbor za glamurozna okupljanja kada zelite da se istaknete. Zamislite ulazak na vrata sa ovakvim buketom!\",\"breadcrumb\":{\"@id\":\"https:\/\/provansadekor.rs\/proizvod\/101-ruza-u-luksuznom-buketu-kada-zelite-da-budete-zapazeni\/#breadcrumb\"},\"inLanguage\":\"ru-RU\",\"potentialAction\":[{\"@type\":\"ReadAction\",\"target\":[\"https:\/\/provansadekor.rs\/proizvod\/101-ruza-u-luksuznom-buketu-kada-zelite-da-budete-zapazeni\/\"]}]},{\"@type\":\"ImageObject\",\"inLanguage\":\"ru-RU\",\"@id\":\"https:\/\/provansadekor.rs\/proizvod\/101-ruza-u-luksuznom-buketu-kada-zelite-da-budete-zapazeni\/#primaryimage\",\"url\":\"https:\/\/provansadekor.rs\/wp-content\/uploads\/2019\/10\/101-sm-4.jpg\",\"contentUrl\":\"https:\/\/provansadekor.rs\/wp-content\/uploads\/2019\/10\/101-sm-4.jpg\",\"width\":1600,\"height\":1600,\"caption\":\"101 Ru\u017ea u luksuznom buketu - Cve\u0107ara Provansa Dekor - Online cve\u0107ara - Dostava cve\u0107a\"},{\"@type\":\"BreadcrumbList\",\"@id\":\"https:\/\/provansadekor.rs\/proizvod\/101-ruza-u-luksuznom-buketu-kada-zelite-da-budete-zapazeni\/#breadcrumb\",\"itemListElement\":[{\"@type\":\"ListItem\",\"position\":1,\"name\":\"\u041f\u043e\u0447\u0435\u0442\u043d\u0430\",\"item\":\"https:\/\/provansadekor.rs\/\"},{\"@type\":\"ListItem\",\"position\":2,\"name\":\"\u041f\u0440\u043e\u0438\u0437\u0432\u043e\u0434\u0438\",\"item\":\"https:\/\/provansadekor.rs\/shop\/\"},{\"@type\":\"ListItem\",\"position\":3,\"name\":\"Luksuzna kombinacija 101 ru\u017ee i \u010dokolade\"}]},{\"@type\":\"WebSite\",\"@id\":\"https:\/\/provansadekor.rs\/#website\",\"url\":\"https:\/\/provansadekor.rs\/\",\"name\":\"Provansa Dekor\",\"description\":\"Dostava cve\u0107a Beograd - Organizacija i Dekoracija doga\u0111aja - Ure\u0111enje zelenih povr\u0161ina\",\"publisher\":{\"@id\":\"https:\/\/provansadekor.rs\/#organization\"},\"potentialAction\":[{\"@type\":\"SearchAction\",\"target\":{\"@type\":\"EntryPoint\",\"urlTemplate\":\"https:\/\/provansadekor.rs\/?s={search_term_string}\"},\"query-input\":{\"@type\":\"PropertyValueSpecification\",\"valueRequired\":true,\"valueName\":\"search_term_string\"}}],\"inLanguage\":\"ru-RU\"},{\"@type\":\"Organization\",\"@id\":\"https:\/\/provansadekor.rs\/#organization\",\"name\":\"Provansa Dekor Cve\u0107ara Beograd\",\"url\":\"https:\/\/provansadekor.rs\/\",\"logo\":{\"@type\":\"ImageObject\",\"inLanguage\":\"ru-RU\",\"@id\":\"https:\/\/provansadekor.rs\/#\/schema\/logo\/image\/\",\"url\":\"https:\/\/provansadekor.rs\/wp-content\/uploads\/2022\/03\/logo-provansa.jpg\",\"contentUrl\":\"https:\/\/provansadekor.rs\/wp-content\/uploads\/2022\/03\/logo-provansa.jpg\",\"width\":200,\"height\":200,\"caption\":\"Provansa Dekor Cve\u0107ara Beograd\"},\"image\":{\"@id\":\"https:\/\/provansadekor.rs\/#\/schema\/logo\/image\/\"},\"sameAs\":[\"https:\/\/www.facebook.com\/provansadekor\",\"https:\/\/www.instagram.com\/provansadekor\/\"]}]}<\/script>\n<!-- \/ Yoast SEO Premium plugin. -->","yoast_head_json":{"title":"101 Ru\u017ea u luksuznom buketu &#8211; Provansa Dekor","description":"101 Ru\u017ea u luksuznom buketu fantasti\u010dan izbor za glamurozna okupljanja kada zelite da se istaknete. Zamislite ulazak na vrata sa ovakvim buketom!","robots":{"index":"index","follow":"follow","max-snippet":"max-snippet:-1","max-image-preview":"max-image-preview:large","max-video-preview":"max-video-preview:-1"},"canonical":"https:\/\/provansadekor.rs\/ru\/proizvod\/101-ruza-u-luksuznom-buketu-kada-zelite-da-budete-zapazeni\/","og_locale":"ru_RU","og_type":"article","og_title":"Luksuzna kombinacija 101 ru\u017ee i \u010dokolade","og_description":"101 Ru\u017ea u luksuznom buketu fantasti\u010dan izbor za glamurozna okupljanja kada zelite da se istaknete. Zamislite ulazak na vrata sa ovakvim buketom!","og_url":"https:\/\/provansadekor.rs\/ru\/proizvod\/101-ruza-u-luksuznom-buketu-kada-zelite-da-budete-zapazeni\/","og_site_name":"Provansa Dekor","article_publisher":"https:\/\/www.facebook.com\/provansadekor","article_modified_time":"2026-03-18T15:22:01+00:00","og_image":[{"width":1600,"height":1600,"url":"https:\/\/provansadekor.rs\/wp-content\/uploads\/2019\/10\/101-sm-4.jpg","type":"image\/jpeg"}],"twitter_card":"summary_large_image","twitter_misc":{"\u041f\u0440\u0438\u043c\u0435\u0440\u043d\u043e\u0435 \u0432\u0440\u0435\u043c\u044f \u0434\u043b\u044f \u0447\u0442\u0435\u043d\u0438\u044f":"1 \u043c\u0438\u043d\u0443\u0442\u0430"},"schema":{"@context":"https:\/\/schema.org","@graph":[{"@type":["WebPage","ItemPage"],"@id":"https:\/\/provansadekor.rs\/proizvod\/101-ruza-u-luksuznom-buketu-kada-zelite-da-budete-zapazeni\/","url":"https:\/\/provansadekor.rs\/proizvod\/101-ruza-u-luksuznom-buketu-kada-zelite-da-budete-zapazeni\/","name":"101 Ru\u017ea u luksuznom buketu &#8211; Provansa Dekor","isPartOf":{"@id":"https:\/\/provansadekor.rs\/#website"},"primaryImageOfPage":{"@id":"https:\/\/provansadekor.rs\/proizvod\/101-ruza-u-luksuznom-buketu-kada-zelite-da-budete-zapazeni\/#primaryimage"},"image":{"@id":"https:\/\/provansadekor.rs\/proizvod\/101-ruza-u-luksuznom-buketu-kada-zelite-da-budete-zapazeni\/#primaryimage"},"thumbnailUrl":"https:\/\/provansadekor.rs\/wp-content\/uploads\/2019\/10\/101-sm-4.jpg","datePublished":"2019-10-29T09:25:25+00:00","dateModified":"2026-03-18T15:22:01+00:00","description":"101 Ru\u017ea u luksuznom buketu fantasti\u010dan izbor za glamurozna okupljanja kada zelite da se istaknete. Zamislite ulazak na vrata sa ovakvim buketom!","breadcrumb":{"@id":"https:\/\/provansadekor.rs\/proizvod\/101-ruza-u-luksuznom-buketu-kada-zelite-da-budete-zapazeni\/#breadcrumb"},"inLanguage":"ru-RU","potentialAction":[{"@type":"ReadAction","target":["https:\/\/provansadekor.rs\/proizvod\/101-ruza-u-luksuznom-buketu-kada-zelite-da-budete-zapazeni\/"]}]},{"@type":"ImageObject","inLanguage":"ru-RU","@id":"https:\/\/provansadekor.rs\/proizvod\/101-ruza-u-luksuznom-buketu-kada-zelite-da-budete-zapazeni\/#primaryimage","url":"https:\/\/provansadekor.rs\/wp-content\/uploads\/2019\/10\/101-sm-4.jpg","contentUrl":"https:\/\/provansadekor.rs\/wp-content\/uploads\/2019\/10\/101-sm-4.jpg","width":1600,"height":1600,"caption":"101 Ru\u017ea u luksuznom buketu - Cve\u0107ara Provansa Dekor - Online cve\u0107ara - Dostava cve\u0107a"},{"@type":"BreadcrumbList","@id":"https:\/\/provansadekor.rs\/proizvod\/101-ruza-u-luksuznom-buketu-kada-zelite-da-budete-zapazeni\/#breadcrumb","itemListElement":[{"@type":"ListItem","position":1,"name":"\u041f\u043e\u0447\u0435\u0442\u043d\u0430","item":"https:\/\/provansadekor.rs\/"},{"@type":"ListItem","position":2,"name":"\u041f\u0440\u043e\u0438\u0437\u0432\u043e\u0434\u0438","item":"https:\/\/provansadekor.rs\/shop\/"},{"@type":"ListItem","position":3,"name":"Luksuzna kombinacija 101 ru\u017ee i \u010dokolade"}]},{"@type":"WebSite","@id":"https:\/\/provansadekor.rs\/#website","url":"https:\/\/provansadekor.rs\/","name":"\u041f\u0440\u043e\u0432\u0430\u043d\u0441 \u0414\u0435\u043a\u043e\u0440","description":"\u0414\u043e\u0441\u0442\u0430\u0432\u043a\u0430 \u0446\u0432\u0435\u0442\u043e\u0432 \u0411\u0435\u043b\u0433\u0440\u0430\u0434 - \u041e\u0440\u0433\u0430\u043d\u0438\u0437\u0430\u0446\u0438\u044f \u0438 \u043e\u0444\u043e\u0440\u043c\u043b\u0435\u043d\u0438\u0435 \u043c\u0435\u0440\u043e\u043f\u0440\u0438\u044f\u0442\u0438\u0439 - \u041b\u0430\u043d\u0434\u0448\u0430\u0444\u0442\u043d\u044b\u0439 \u0434\u0438\u0437\u0430\u0439\u043d","publisher":{"@id":"https:\/\/provansadekor.rs\/#organization"},"potentialAction":[{"@type":"SearchAction","target":{"@type":"EntryPoint","urlTemplate":"https:\/\/provansadekor.rs\/?s={search_term_string}"},"query-input":{"@type":"PropertyValueSpecification","valueRequired":true,"valueName":"search_term_string"}}],"inLanguage":"ru-RU"},{"@type":"Organization","@id":"https:\/\/provansadekor.rs\/#organization","name":"\u0426\u0432\u0435\u0442\u043e\u0447\u043d\u044b\u0439 \u043c\u0430\u0433\u0430\u0437\u0438\u043d \u041f\u0440\u043e\u0432\u0430\u043d\u0441 \u0414\u0435\u043a\u043e\u0440 \u0411\u0435\u043b\u0433\u0440\u0430\u0434","url":"https:\/\/provansadekor.rs\/","logo":{"@type":"ImageObject","inLanguage":"ru-RU","@id":"https:\/\/provansadekor.rs\/#\/schema\/logo\/image\/","url":"https:\/\/provansadekor.rs\/wp-content\/uploads\/2022\/03\/logo-provansa.jpg","contentUrl":"https:\/\/provansadekor.rs\/wp-content\/uploads\/2022\/03\/logo-provansa.jpg","width":200,"height":200,"caption":"Provansa Dekor Cve\u0107ara Beograd"},"image":{"@id":"https:\/\/provansadekor.rs\/#\/schema\/logo\/image\/"},"sameAs":["https:\/\/www.facebook.com\/provansadekor","https:\/\/www.instagram.com\/provansadekor\/"]}]}},"_links":{"self":[{"href":"https:\/\/provansadekor.rs\/ru\/wp-json\/wp\/v2\/product\/4680","targetHints":{"allow":["GET"]}}],"collection":[{"href":"https:\/\/provansadekor.rs\/ru\/wp-json\/wp\/v2\/product"}],"about":[{"href":"https:\/\/provansadekor.rs\/ru\/wp-json\/wp\/v2\/types\/product"}],"version-history":[{"count":8,"href":"https:\/\/provansadekor.rs\/ru\/wp-json\/wp\/v2\/product\/4680\/revisions"}],"predecessor-version":[{"id":82020,"href":"https:\/\/provansadekor.rs\/ru\/wp-json\/wp\/v2\/product\/4680\/revisions\/82020"}],"wp:featuredmedia":[{"embeddable":true,"href":"https:\/\/provansadekor.rs\/ru\/wp-json\/wp\/v2\/media\/4663"}],"wp:attachment":[{"href":"https:\/\/provansadekor.rs\/ru\/wp-json\/wp\/v2\/media?parent=4680"}],"wp:term":[{"taxonomy":"product_brand","embeddable":true,"href":"https:\/\/provansadekor.rs\/ru\/wp-json\/wp\/v2\/product_brand?post=4680"},{"taxonomy":"product_cat","embeddable":true,"href":"https:\/\/provansadekor.rs\/ru\/wp-json\/wp\/v2\/product_cat?post=4680"},{"taxonomy":"product_tag","embeddable":true,"href":"https:\/\/provansadekor.rs\/ru\/wp-json\/wp\/v2\/product_tag?post=4680"}],"curies":[{"name":"wp","href":"https:\/\/api.w.org\/{rel}","templated":true}]}}