{"id":4544,"date":"2019-09-11T13:20:31","date_gmt":"2019-09-11T11:20:31","guid":{"rendered":"http:\/\/provansadekor.rs\/?post_type=product&#038;p=4544"},"modified":"2026-03-07T16:05:28","modified_gmt":"2026-03-07T15:05:28","slug":"predivna-101-sarena-ruza-za-vedre-dane","status":"publish","type":"product","link":"https:\/\/provansadekor.rs\/ru\/proizvod\/predivna-101-sarena-ruza-za-vedre-dane\/","title":{"rendered":"\u041a\u0440\u0430\u0441\u0438\u0432\u0430\u044f \u043a\u0440\u0430\u0441\u043e\u0447\u043d\u0430\u044f \u043a\u043e\u0440\u043e\u0431\u043a\u0430 \u0441\u043e 101 \u0440\u043e\u0437\u043e\u0439."},"content":{"rendered":"<h2>101 \u0160arena ru\u017ea<\/h2>\n<p><a href=\"https:\/\/provansadekor.rs\/kategorija-proizvoda\/101-ruza\/\"><strong>101 \u0160arena ru\u017ea<\/strong><\/a> za trenutke radosti.<\/p>\n<p><em>\u0412\u0438\u0434\u044b \u0446\u0432\u0435\u0442\u043e\u0432 \u0432 \u043a\u043e\u043c\u043f\u043e\u0437\u0438\u0446\u0438\u0438<\/em>: <strong>bele ru\u017ee, crvene ru\u017ee, \u017eute ru\u017ee, narand\u017easte ru\u017ee, ljubi\u010daste ru\u017ee.<\/strong><\/p>\n<p><em>\u0421\u043e\u043f\u0443\u0442\u0441\u0442\u0432\u0443\u044e\u0449\u0435\u0435 \u043e\u0444\u043e\u0440\u043c\u043b\u0435\u043d\u0438\u0435<\/em>: beli pli\u0161ani box, tanka satenska traka, \u0161arena pamu\u010dna ma\u0161na.<\/p>\n<p>Imamo ne\u0161to zanimljivo za vas <strong>101 \u0440\u043e\u0437\u0430<\/strong> na malo \u0161areniji na\u010din. Kao \u0161to znamo, postoje osobe kojima \u0107e ovo biti neuporedivo bolji izbor od bilo koje druge <strong>101 \u0440\u043e\u0437\u0430<\/strong> klasi\u010dnijih boja. Ako poznajete tu osobu i znate da \u0107e joj ovo pokazati va\u0161u upu\u0107enost u njen ukus, naru\u010dite ovu prelepu \u0161arenu korpu!<\/p>\n<h2>\u0411\u0435\u0441\u043f\u043b\u0430\u0442\u043d\u043e <a href=\"https:\/\/provansadekor.rs\/online-cvecara\/\">\u0434\u043e\u0441\u0442\u0430\u0432\u043a\u0430 \u0446\u0432\u0435\u0442\u043e\u0432<\/a> \u043d\u0430 \u0442\u0435\u0440\u0440\u0438\u0442\u043e\u0440\u0438\u0438 \u0411\u0435\u043b\u0433\u0440\u0430\u0434\u0430.<\/h2>","protected":false},"excerpt":{"rendered":"<p>101 \u0160arena ru\u017ea 101 \u0160arena ru\u017ea za trenutke radosti. Vrste cve\u0107a u aran\u017emanu: bele ru\u017ee, crvene ru\u017ee, \u017eute ru\u017ee, narand\u017easte ru\u017ee, ljubi\u010daste ru\u017ee. Prate\u0107a dekoracija: beli pli\u0161ani box, tanka satenska traka, \u0161arena pamu\u010dna ma\u0161na. Imamo ne\u0161to zanimljivo za vas 101 ru\u017ea na malo \u0161areniji na\u010din. Kao \u0161to znamo, postoje osobe kojima \u0107e ovo biti neuporedivo [&hellip;]<\/p>","protected":false},"featured_media":64488,"template":"","meta":[],"product_brand":[],"product_cat":[320,162],"product_tag":[],"class_list":{"0":"post-4544","1":"product","2":"type-product","3":"status-publish","4":"has-post-thumbnail","6":"product_cat-8-mart","7":"product_cat-101-ruza","9":"first","10":"instock","11":"sale","12":"shipping-taxable","13":"purchasable","14":"product-type-simple"},"yoast_head":"<!-- This site is optimized with the Yoast SEO Premium plugin v20.9 (Yoast SEO v26.5) - https:\/\/yoast.com\/wordpress\/plugins\/seo\/ -->\n<title>101 \u0160arena ru\u017ea &#8211; Provansa Dekor<\/title>\n<meta name=\"description\" content=\"Imamo ne\u0161to zanimljivo za vas 101 \u0161arena ru\u017ea na malo druga\u010diji na\u010din. Kao \u0161to znamo, postoje osobe kojima \u0107e ovo biti neuporedivo bolji izbor od bilo \u010dega.\" \/>\n<meta name=\"robots\" content=\"index, follow, max-snippet:-1, max-image-preview:large, max-video-preview:-1\" \/>\n<link rel=\"canonical\" href=\"https:\/\/provansadekor.rs\/ru\/proizvod\/predivna-101-sarena-ruza-za-vedre-dane\/\" \/>\n<meta property=\"og:locale\" content=\"ru_RU\" \/>\n<meta property=\"og:type\" content=\"article\" \/>\n<meta property=\"og:title\" content=\"Predivni \u0161areni box sa 101 ru\u017eom\" \/>\n<meta property=\"og:description\" content=\"Imamo ne\u0161to zanimljivo za vas 101 \u0161arena ru\u017ea na malo druga\u010diji na\u010din. Kao \u0161to znamo, postoje osobe kojima \u0107e ovo biti neuporedivo bolji izbor od bilo \u010dega.\" \/>\n<meta property=\"og:url\" content=\"https:\/\/provansadekor.rs\/ru\/proizvod\/predivna-101-sarena-ruza-za-vedre-dane\/\" \/>\n<meta property=\"og:site_name\" content=\"Provansa Dekor\" \/>\n<meta property=\"article:publisher\" content=\"https:\/\/www.facebook.com\/provansadekor\" \/>\n<meta property=\"article:modified_time\" content=\"2026-03-07T15:05:28+00:00\" \/>\n<meta property=\"og:image\" content=\"https:\/\/provansadekor.rs\/wp-content\/uploads\/2022\/08\/5-2.jpg\" \/>\n\t<meta property=\"og:image:width\" content=\"900\" \/>\n\t<meta property=\"og:image:height\" content=\"900\" \/>\n\t<meta property=\"og:image:type\" content=\"image\/jpeg\" \/>\n<meta name=\"twitter:card\" content=\"summary_large_image\" \/>\n<meta name=\"twitter:label1\" content=\"\u041f\u0440\u0438\u043c\u0435\u0440\u043d\u043e\u0435 \u0432\u0440\u0435\u043c\u044f \u0434\u043b\u044f \u0447\u0442\u0435\u043d\u0438\u044f\" \/>\n\t<meta name=\"twitter:data1\" content=\"1 \u043c\u0438\u043d\u0443\u0442\u0430\" \/>\n<script type=\"application\/ld+json\" class=\"yoast-schema-graph\">{\"@context\":\"https:\/\/schema.org\",\"@graph\":[{\"@type\":[\"WebPage\",\"ItemPage\"],\"@id\":\"https:\/\/provansadekor.rs\/proizvod\/predivna-101-sarena-ruza-za-vedre-dane\/\",\"url\":\"https:\/\/provansadekor.rs\/proizvod\/predivna-101-sarena-ruza-za-vedre-dane\/\",\"name\":\"101 \u0160arena ru\u017ea &#8211; Provansa Dekor\",\"isPartOf\":{\"@id\":\"https:\/\/provansadekor.rs\/#website\"},\"primaryImageOfPage\":{\"@id\":\"https:\/\/provansadekor.rs\/proizvod\/predivna-101-sarena-ruza-za-vedre-dane\/#primaryimage\"},\"image\":{\"@id\":\"https:\/\/provansadekor.rs\/proizvod\/predivna-101-sarena-ruza-za-vedre-dane\/#primaryimage\"},\"thumbnailUrl\":\"https:\/\/provansadekor.rs\/wp-content\/uploads\/2022\/08\/5-2.jpg\",\"datePublished\":\"2019-09-11T11:20:31+00:00\",\"dateModified\":\"2026-03-07T15:05:28+00:00\",\"description\":\"Imamo ne\u0161to zanimljivo za vas 101 \u0161arena ru\u017ea na malo druga\u010diji na\u010din. Kao \u0161to znamo, postoje osobe kojima \u0107e ovo biti neuporedivo bolji izbor od bilo \u010dega.\",\"breadcrumb\":{\"@id\":\"https:\/\/provansadekor.rs\/proizvod\/predivna-101-sarena-ruza-za-vedre-dane\/#breadcrumb\"},\"inLanguage\":\"ru-RU\",\"potentialAction\":[{\"@type\":\"ReadAction\",\"target\":[\"https:\/\/provansadekor.rs\/proizvod\/predivna-101-sarena-ruza-za-vedre-dane\/\"]}]},{\"@type\":\"ImageObject\",\"inLanguage\":\"ru-RU\",\"@id\":\"https:\/\/provansadekor.rs\/proizvod\/predivna-101-sarena-ruza-za-vedre-dane\/#primaryimage\",\"url\":\"https:\/\/provansadekor.rs\/wp-content\/uploads\/2022\/08\/5-2.jpg\",\"contentUrl\":\"https:\/\/provansadekor.rs\/wp-content\/uploads\/2022\/08\/5-2.jpg\",\"width\":900,\"height\":900,\"caption\":\"101 \u0161arena ru\u017ea u kutiji - Cve\u0107ara Provansa Dekor Beograd - Dostava Cve\u0107a\"},{\"@type\":\"BreadcrumbList\",\"@id\":\"https:\/\/provansadekor.rs\/proizvod\/predivna-101-sarena-ruza-za-vedre-dane\/#breadcrumb\",\"itemListElement\":[{\"@type\":\"ListItem\",\"position\":1,\"name\":\"\u041f\u043e\u0447\u0435\u0442\u043d\u0430\",\"item\":\"https:\/\/provansadekor.rs\/\"},{\"@type\":\"ListItem\",\"position\":2,\"name\":\"\u041f\u0440\u043e\u0438\u0437\u0432\u043e\u0434\u0438\",\"item\":\"https:\/\/provansadekor.rs\/shop\/\"},{\"@type\":\"ListItem\",\"position\":3,\"name\":\"Predivni \u0161areni box sa 101 ru\u017eom\"}]},{\"@type\":\"WebSite\",\"@id\":\"https:\/\/provansadekor.rs\/#website\",\"url\":\"https:\/\/provansadekor.rs\/\",\"name\":\"Provansa Dekor\",\"description\":\"Dostava cve\u0107a Beograd - Organizacija i Dekoracija doga\u0111aja - Ure\u0111enje zelenih povr\u0161ina\",\"publisher\":{\"@id\":\"https:\/\/provansadekor.rs\/#organization\"},\"potentialAction\":[{\"@type\":\"SearchAction\",\"target\":{\"@type\":\"EntryPoint\",\"urlTemplate\":\"https:\/\/provansadekor.rs\/?s={search_term_string}\"},\"query-input\":{\"@type\":\"PropertyValueSpecification\",\"valueRequired\":true,\"valueName\":\"search_term_string\"}}],\"inLanguage\":\"ru-RU\"},{\"@type\":\"Organization\",\"@id\":\"https:\/\/provansadekor.rs\/#organization\",\"name\":\"Provansa Dekor Cve\u0107ara Beograd\",\"url\":\"https:\/\/provansadekor.rs\/\",\"logo\":{\"@type\":\"ImageObject\",\"inLanguage\":\"ru-RU\",\"@id\":\"https:\/\/provansadekor.rs\/#\/schema\/logo\/image\/\",\"url\":\"https:\/\/provansadekor.rs\/wp-content\/uploads\/2022\/03\/logo-provansa.jpg\",\"contentUrl\":\"https:\/\/provansadekor.rs\/wp-content\/uploads\/2022\/03\/logo-provansa.jpg\",\"width\":200,\"height\":200,\"caption\":\"Provansa Dekor Cve\u0107ara Beograd\"},\"image\":{\"@id\":\"https:\/\/provansadekor.rs\/#\/schema\/logo\/image\/\"},\"sameAs\":[\"https:\/\/www.facebook.com\/provansadekor\",\"https:\/\/www.instagram.com\/provansadekor\/\"]}]}<\/script>\n<!-- \/ Yoast SEO Premium plugin. -->","yoast_head_json":{"title":"101 \u0160arena ru\u017ea &#8211; Provansa Dekor","description":"Imamo ne\u0161to zanimljivo za vas 101 \u0161arena ru\u017ea na malo druga\u010diji na\u010din. Kao \u0161to znamo, postoje osobe kojima \u0107e ovo biti neuporedivo bolji izbor od bilo \u010dega.","robots":{"index":"index","follow":"follow","max-snippet":"max-snippet:-1","max-image-preview":"max-image-preview:large","max-video-preview":"max-video-preview:-1"},"canonical":"https:\/\/provansadekor.rs\/ru\/proizvod\/predivna-101-sarena-ruza-za-vedre-dane\/","og_locale":"ru_RU","og_type":"article","og_title":"Predivni \u0161areni box sa 101 ru\u017eom","og_description":"Imamo ne\u0161to zanimljivo za vas 101 \u0161arena ru\u017ea na malo druga\u010diji na\u010din. Kao \u0161to znamo, postoje osobe kojima \u0107e ovo biti neuporedivo bolji izbor od bilo \u010dega.","og_url":"https:\/\/provansadekor.rs\/ru\/proizvod\/predivna-101-sarena-ruza-za-vedre-dane\/","og_site_name":"Provansa Dekor","article_publisher":"https:\/\/www.facebook.com\/provansadekor","article_modified_time":"2026-03-07T15:05:28+00:00","og_image":[{"width":900,"height":900,"url":"https:\/\/provansadekor.rs\/wp-content\/uploads\/2022\/08\/5-2.jpg","type":"image\/jpeg"}],"twitter_card":"summary_large_image","twitter_misc":{"\u041f\u0440\u0438\u043c\u0435\u0440\u043d\u043e\u0435 \u0432\u0440\u0435\u043c\u044f \u0434\u043b\u044f \u0447\u0442\u0435\u043d\u0438\u044f":"1 \u043c\u0438\u043d\u0443\u0442\u0430"},"schema":{"@context":"https:\/\/schema.org","@graph":[{"@type":["WebPage","ItemPage"],"@id":"https:\/\/provansadekor.rs\/proizvod\/predivna-101-sarena-ruza-za-vedre-dane\/","url":"https:\/\/provansadekor.rs\/proizvod\/predivna-101-sarena-ruza-za-vedre-dane\/","name":"101 \u0160arena ru\u017ea &#8211; Provansa Dekor","isPartOf":{"@id":"https:\/\/provansadekor.rs\/#website"},"primaryImageOfPage":{"@id":"https:\/\/provansadekor.rs\/proizvod\/predivna-101-sarena-ruza-za-vedre-dane\/#primaryimage"},"image":{"@id":"https:\/\/provansadekor.rs\/proizvod\/predivna-101-sarena-ruza-za-vedre-dane\/#primaryimage"},"thumbnailUrl":"https:\/\/provansadekor.rs\/wp-content\/uploads\/2022\/08\/5-2.jpg","datePublished":"2019-09-11T11:20:31+00:00","dateModified":"2026-03-07T15:05:28+00:00","description":"Imamo ne\u0161to zanimljivo za vas 101 \u0161arena ru\u017ea na malo druga\u010diji na\u010din. Kao \u0161to znamo, postoje osobe kojima \u0107e ovo biti neuporedivo bolji izbor od bilo \u010dega.","breadcrumb":{"@id":"https:\/\/provansadekor.rs\/proizvod\/predivna-101-sarena-ruza-za-vedre-dane\/#breadcrumb"},"inLanguage":"ru-RU","potentialAction":[{"@type":"ReadAction","target":["https:\/\/provansadekor.rs\/proizvod\/predivna-101-sarena-ruza-za-vedre-dane\/"]}]},{"@type":"ImageObject","inLanguage":"ru-RU","@id":"https:\/\/provansadekor.rs\/proizvod\/predivna-101-sarena-ruza-za-vedre-dane\/#primaryimage","url":"https:\/\/provansadekor.rs\/wp-content\/uploads\/2022\/08\/5-2.jpg","contentUrl":"https:\/\/provansadekor.rs\/wp-content\/uploads\/2022\/08\/5-2.jpg","width":900,"height":900,"caption":"101 \u0161arena ru\u017ea u kutiji - Cve\u0107ara Provansa Dekor Beograd - Dostava Cve\u0107a"},{"@type":"BreadcrumbList","@id":"https:\/\/provansadekor.rs\/proizvod\/predivna-101-sarena-ruza-za-vedre-dane\/#breadcrumb","itemListElement":[{"@type":"ListItem","position":1,"name":"\u041f\u043e\u0447\u0435\u0442\u043d\u0430","item":"https:\/\/provansadekor.rs\/"},{"@type":"ListItem","position":2,"name":"\u041f\u0440\u043e\u0438\u0437\u0432\u043e\u0434\u0438","item":"https:\/\/provansadekor.rs\/shop\/"},{"@type":"ListItem","position":3,"name":"Predivni \u0161areni box sa 101 ru\u017eom"}]},{"@type":"WebSite","@id":"https:\/\/provansadekor.rs\/#website","url":"https:\/\/provansadekor.rs\/","name":"\u041f\u0440\u043e\u0432\u0430\u043d\u0441 \u0414\u0435\u043a\u043e\u0440","description":"\u0414\u043e\u0441\u0442\u0430\u0432\u043a\u0430 \u0446\u0432\u0435\u0442\u043e\u0432 \u0411\u0435\u043b\u0433\u0440\u0430\u0434 - \u041e\u0440\u0433\u0430\u043d\u0438\u0437\u0430\u0446\u0438\u044f \u0438 \u043e\u0444\u043e\u0440\u043c\u043b\u0435\u043d\u0438\u0435 \u043c\u0435\u0440\u043e\u043f\u0440\u0438\u044f\u0442\u0438\u0439 - \u041b\u0430\u043d\u0434\u0448\u0430\u0444\u0442\u043d\u044b\u0439 \u0434\u0438\u0437\u0430\u0439\u043d","publisher":{"@id":"https:\/\/provansadekor.rs\/#organization"},"potentialAction":[{"@type":"SearchAction","target":{"@type":"EntryPoint","urlTemplate":"https:\/\/provansadekor.rs\/?s={search_term_string}"},"query-input":{"@type":"PropertyValueSpecification","valueRequired":true,"valueName":"search_term_string"}}],"inLanguage":"ru-RU"},{"@type":"Organization","@id":"https:\/\/provansadekor.rs\/#organization","name":"\u0426\u0432\u0435\u0442\u043e\u0447\u043d\u044b\u0439 \u043c\u0430\u0433\u0430\u0437\u0438\u043d \u041f\u0440\u043e\u0432\u0430\u043d\u0441 \u0414\u0435\u043a\u043e\u0440 \u0411\u0435\u043b\u0433\u0440\u0430\u0434","url":"https:\/\/provansadekor.rs\/","logo":{"@type":"ImageObject","inLanguage":"ru-RU","@id":"https:\/\/provansadekor.rs\/#\/schema\/logo\/image\/","url":"https:\/\/provansadekor.rs\/wp-content\/uploads\/2022\/03\/logo-provansa.jpg","contentUrl":"https:\/\/provansadekor.rs\/wp-content\/uploads\/2022\/03\/logo-provansa.jpg","width":200,"height":200,"caption":"Provansa Dekor Cve\u0107ara Beograd"},"image":{"@id":"https:\/\/provansadekor.rs\/#\/schema\/logo\/image\/"},"sameAs":["https:\/\/www.facebook.com\/provansadekor","https:\/\/www.instagram.com\/provansadekor\/"]}]}},"_links":{"self":[{"href":"https:\/\/provansadekor.rs\/ru\/wp-json\/wp\/v2\/product\/4544","targetHints":{"allow":["GET"]}}],"collection":[{"href":"https:\/\/provansadekor.rs\/ru\/wp-json\/wp\/v2\/product"}],"about":[{"href":"https:\/\/provansadekor.rs\/ru\/wp-json\/wp\/v2\/types\/product"}],"version-history":[{"count":9,"href":"https:\/\/provansadekor.rs\/ru\/wp-json\/wp\/v2\/product\/4544\/revisions"}],"predecessor-version":[{"id":70606,"href":"https:\/\/provansadekor.rs\/ru\/wp-json\/wp\/v2\/product\/4544\/revisions\/70606"}],"wp:featuredmedia":[{"embeddable":true,"href":"https:\/\/provansadekor.rs\/ru\/wp-json\/wp\/v2\/media\/64488"}],"wp:attachment":[{"href":"https:\/\/provansadekor.rs\/ru\/wp-json\/wp\/v2\/media?parent=4544"}],"wp:term":[{"taxonomy":"product_brand","embeddable":true,"href":"https:\/\/provansadekor.rs\/ru\/wp-json\/wp\/v2\/product_brand?post=4544"},{"taxonomy":"product_cat","embeddable":true,"href":"https:\/\/provansadekor.rs\/ru\/wp-json\/wp\/v2\/product_cat?post=4544"},{"taxonomy":"product_tag","embeddable":true,"href":"https:\/\/provansadekor.rs\/ru\/wp-json\/wp\/v2\/product_tag?post=4544"}],"curies":[{"name":"wp","href":"https:\/\/api.w.org\/{rel}","templated":true}]}}