{"id":4472,"date":"2019-08-15T14:10:30","date_gmt":"2019-08-15T12:10:30","guid":{"rendered":"http:\/\/provansadekor.rs\/?post_type=product&#038;p=4472"},"modified":"2026-03-07T16:05:29","modified_gmt":"2026-03-07T15:05:29","slug":"rustican-aranzman-ruza-sa-picem-i-cokoladom","status":"publish","type":"product","link":"https:\/\/provansadekor.rs\/ru\/proizvod\/derevenska-kompozici-roza-s-picce\/","title":{"rendered":"\u0414\u0435\u0440\u0435\u0432\u0435\u043d\u0441\u043a\u0430\u044f \u043a\u043e\u043c\u043f\u043e\u0437\u0438\u0446\u0438\u044f \u0438\u0437 \u0440\u043e\u0437 \u0441 \u043d\u0430\u043f\u0438\u0442\u043a\u043e\u043c \u0438 \u0448\u043e\u043a\u043e\u043b\u0430\u0434\u043e\u043c"},"content":{"rendered":"<p><em>\u0412\u0438\u0434\u044b \u0446\u0432\u0435\u0442\u043e\u0432 \u0432 <strong>\u0434\u043e\u0433\u043e\u0432\u043e\u0440\u0435\u043d\u043d\u043e\u0441\u0442\u044c<\/strong><\/em>: \u0430\u0431\u0440\u0438\u043a\u043e\u0441 <strong>\u0440\u043e\u0437\u044b<\/strong>, \u0421\u0435\u043d\u0435\u0446\u0438\u044f, \u041f\u0430\u043c\u043f\u0430\u0441\u044b.<\/p>\n<p><em>\u0421\u043e\u043f\u0443\u0442\u0441\u0442\u0432\u0443\u044e\u0449\u0435\u0435 \u043e\u0444\u043e\u0440\u043c\u043b\u0435\u043d\u0438\u0435<\/em>\u0412 \u0441\u043e\u0441\u0442\u0430\u0432\u0435: \u0431\u0435\u043b\u0430\u044f \u043a\u043e\u0440\u043e\u0431\u043a\u0430, \u043f\u043e\u043b\u043e\u0441\u0430\u0442\u044b\u0439 \u0431\u0430\u043d\u0442 \u0438\u0437 \u0431\u0435\u043b\u043e-\u043a\u043e\u0440\u0438\u0447\u043d\u0435\u0432\u043e\u0439 \u043b\u0435\u043d\u0442\u044b, \u043d\u0430\u043f\u0438\u0442\u043e\u043a Moet, \u0448\u043e\u043a\u043e\u043b\u0430\u0434 Ferrero Rocher.<\/p>\n<p>\u0420\u0430\u0441\u0442\u043e\u043f\u0438\u0442\u0435 \u0447\u044c\u0435-\u0442\u043e \u0441\u0435\u0440\u0434\u0446\u0435 \u044d\u0442\u0438\u043c \u0438\u043d\u0442\u0435\u0440\u0435\u0441\u043d\u044b\u043c \u0441\u043e\u0447\u0435\u0442\u0430\u043d\u0438\u0435\u043c \u0436\u0438\u0437\u043d\u0435\u0440\u0430\u0434\u043e\u0441\u0442\u043d\u044b\u0445 \u0430\u0431\u0440\u0438\u043a\u043e\u0441\u043e\u0432. <strong>\u0440\u043e\u0437\u0430<\/strong> \u0438 \u0434\u0435\u0440\u0435\u0432\u0435\u043d\u0441\u043a\u043e\u0439 \u0443\u043f\u0430\u043a\u043e\u0432\u043a\u0435, \u043f\u043e\u0434\u0441\u043b\u0430\u0441\u0442\u0438\u0442\u0435 \u0441\u0432\u043e\u0439 \u0434\u0435\u043d\u044c \u0448\u043e\u043a\u043e\u043b\u0430\u0434\u043d\u044b\u043c\u0438 \u043f\u0440\u0430\u043b\u0438\u043d\u0435 \u0438 \u0441\u043e\u0433\u0440\u0435\u0439\u0442\u0435 \u0434\u0443\u0448\u0443 \u043d\u0430\u043f\u0438\u0442\u043a\u043e\u043c.<\/p>\n<p>\u041f\u043e\u043b\u043d\u044b\u0439 \u043e\u043f\u044b\u0442 \u0441\u043a\u0440\u044b\u0442 \u0432 \u043d\u0430\u0448\u0435\u043c<strong> \u043e\u043d\u043b\u0430\u0439\u043d-\u0444\u043b\u043e\u0440\u0438\u0441\u0442\u044b<\/strong> \u0432\u043c\u0435\u0441\u0442\u0435 \u0441 <strong>\u0434\u043e\u0441\u0442\u0430\u0432\u043a\u0430 \u043d\u0430 \u0434\u043e\u043c<\/strong>.<\/p>\n<p>\u0414\u0435\u043a\u043b\u0430\u0440\u0430\u0446\u0438\u044f \u043f\u0440\u043e\u0434\u0443\u043a\u0442\u0430, \u0441\u0442\u0440\u0430\u043d\u0430 \u043f\u0440\u043e\u0438\u0441\u0445\u043e\u0436\u0434\u0435\u043d\u0438\u044f \u0438 \u043f\u0440\u043e\u0438\u0437\u0432\u043e\u0434\u0438\u0442\u0435\u043b\u044c \u0443\u043a\u0430\u0437\u0430\u043d\u044b \u043d\u0430 \u044d\u0442\u0438\u043a\u0435\u0442\u043a\u0435 \u0441\u0430\u043c\u043e\u0433\u043e \u043f\u0440\u043e\u0434\u0443\u043a\u0442\u0430.<\/p>\n<h2 style=\"text-align: center;\">\u041a\u043e\u043c\u043f\u043e\u0437\u0438\u0446\u0438\u044f \u0438\u0437 \u0440\u043e\u0437 \u0441 \u043d\u0430\u043f\u0438\u0442\u043a\u043e\u043c \u0438 \u0448\u043e\u043a\u043e\u043b\u0430\u0434\u043e\u043c, \u0434\u043e\u0441\u0442\u0430\u0432\u043a\u0430 <strong>\u043d\u0430 \u0434\u043e\u043c\u0430\u0448\u043d\u0438\u0439 \u0430\u0434\u0440\u0435\u0441<\/strong>.<\/h2>","protected":false},"excerpt":{"rendered":"<p>Vrste cve\u0107a u aran\u017emanu: kajsija ru\u017ee, senecija, pampas. Prate\u0107a dekoracija: beli box, ma\u0161na od prugaste belo-braon trake, pi\u0107e Moet, \u010dokolada Ferrero Rocher. Istopite ne\u010dije srce ovom interesantnom kombinacijom veselih kajsija ru\u017ea i rusti\u010dnog pakovanja, zasladite dan \u010dokoladnim pralinama i zagrejte du\u0161u pi\u0107em. Jedan kompletan do\u017eivljaj krije se u na\u0161oj online cve\u0107ari uz dostavu na ku\u0107nu [&hellip;]<\/p>","protected":false},"featured_media":67013,"template":"","meta":[],"product_brand":[],"product_cat":[320,168,146],"product_tag":[],"class_list":{"0":"post-4472","1":"product","2":"type-product","3":"status-publish","4":"has-post-thumbnail","6":"product_cat-8-mart","7":"product_cat-luksuzni-aranzmani","8":"product_cat-cvece-u-kutiji","10":"first","11":"instock","12":"shipping-taxable","13":"purchasable","14":"product-type-simple"},"yoast_head":"<!-- This site is optimized with the Yoast SEO Premium plugin v20.9 (Yoast SEO v26.5) - https:\/\/yoast.com\/wordpress\/plugins\/seo\/ -->\n<title>Rusti\u010dan aran\u017eman ru\u017ea sa pi\u0107em i \u010dokoladom &#8211; Provansa Dekor<\/title>\n<meta name=\"description\" content=\"Aran\u017eman ru\u017ea sa pi\u0107em i \u010dokoladom, Kombinacija veselih ru\u017ea i rusti\u010dnog pakovanja, zasladite dan \u010dokoladnim pralinama i zagrejte du\u0161u pi\u0107em. Dostava na ku\u0107nu adresu.\" \/>\n<meta name=\"robots\" content=\"index, follow, max-snippet:-1, max-image-preview:large, max-video-preview:-1\" \/>\n<link rel=\"canonical\" href=\"https:\/\/provansadekor.rs\/ru\/proizvod\/derevenska-kompozici-roza-s-picce\/\" \/>\n<meta property=\"og:locale\" content=\"ru_RU\" \/>\n<meta property=\"og:type\" content=\"article\" \/>\n<meta property=\"og:title\" content=\"Rusti\u010dan aran\u017eman ru\u017ea sa pi\u0107em i \u010dokoladom\" \/>\n<meta property=\"og:description\" content=\"Aran\u017eman ru\u017ea sa pi\u0107em i \u010dokoladom, Kombinacija veselih ru\u017ea i rusti\u010dnog pakovanja, zasladite dan \u010dokoladnim pralinama i zagrejte du\u0161u pi\u0107em. Dostava na ku\u0107nu adresu.\" \/>\n<meta property=\"og:url\" content=\"https:\/\/provansadekor.rs\/ru\/proizvod\/derevenska-kompozici-roza-s-picce\/\" \/>\n<meta property=\"og:site_name\" content=\"Provansa Dekor\" \/>\n<meta property=\"article:publisher\" content=\"https:\/\/www.facebook.com\/provansadekor\" \/>\n<meta property=\"article:modified_time\" content=\"2026-03-07T15:05:29+00:00\" \/>\n<meta property=\"og:image\" content=\"https:\/\/provansadekor.rs\/wp-content\/uploads\/2022\/10\/15.jpg\" \/>\n\t<meta property=\"og:image:width\" content=\"900\" \/>\n\t<meta property=\"og:image:height\" content=\"900\" \/>\n\t<meta property=\"og:image:type\" content=\"image\/jpeg\" \/>\n<meta name=\"twitter:card\" content=\"summary_large_image\" \/>\n<meta name=\"twitter:label1\" content=\"\u041f\u0440\u0438\u043c\u0435\u0440\u043d\u043e\u0435 \u0432\u0440\u0435\u043c\u044f \u0434\u043b\u044f \u0447\u0442\u0435\u043d\u0438\u044f\" \/>\n\t<meta name=\"twitter:data1\" content=\"1 \u043c\u0438\u043d\u0443\u0442\u0430\" \/>\n<script type=\"application\/ld+json\" class=\"yoast-schema-graph\">{\"@context\":\"https:\/\/schema.org\",\"@graph\":[{\"@type\":[\"WebPage\",\"ItemPage\"],\"@id\":\"https:\/\/provansadekor.rs\/proizvod\/rustican-aranzman-ruza-sa-picem-i-cokoladom\/\",\"url\":\"https:\/\/provansadekor.rs\/proizvod\/rustican-aranzman-ruza-sa-picem-i-cokoladom\/\",\"name\":\"Rusti\u010dan aran\u017eman ru\u017ea sa pi\u0107em i \u010dokoladom &#8211; Provansa Dekor\",\"isPartOf\":{\"@id\":\"https:\/\/provansadekor.rs\/#website\"},\"primaryImageOfPage\":{\"@id\":\"https:\/\/provansadekor.rs\/proizvod\/rustican-aranzman-ruza-sa-picem-i-cokoladom\/#primaryimage\"},\"image\":{\"@id\":\"https:\/\/provansadekor.rs\/proizvod\/rustican-aranzman-ruza-sa-picem-i-cokoladom\/#primaryimage\"},\"thumbnailUrl\":\"https:\/\/provansadekor.rs\/wp-content\/uploads\/2022\/10\/15.jpg\",\"datePublished\":\"2019-08-15T12:10:30+00:00\",\"dateModified\":\"2026-03-07T15:05:29+00:00\",\"description\":\"Aran\u017eman ru\u017ea sa pi\u0107em i \u010dokoladom, Kombinacija veselih ru\u017ea i rusti\u010dnog pakovanja, zasladite dan \u010dokoladnim pralinama i zagrejte du\u0161u pi\u0107em. Dostava na ku\u0107nu adresu.\",\"breadcrumb\":{\"@id\":\"https:\/\/provansadekor.rs\/proizvod\/rustican-aranzman-ruza-sa-picem-i-cokoladom\/#breadcrumb\"},\"inLanguage\":\"ru-RU\",\"potentialAction\":[{\"@type\":\"ReadAction\",\"target\":[\"https:\/\/provansadekor.rs\/proizvod\/rustican-aranzman-ruza-sa-picem-i-cokoladom\/\"]}]},{\"@type\":\"ImageObject\",\"inLanguage\":\"ru-RU\",\"@id\":\"https:\/\/provansadekor.rs\/proizvod\/rustican-aranzman-ruza-sa-picem-i-cokoladom\/#primaryimage\",\"url\":\"https:\/\/provansadekor.rs\/wp-content\/uploads\/2022\/10\/15.jpg\",\"contentUrl\":\"https:\/\/provansadekor.rs\/wp-content\/uploads\/2022\/10\/15.jpg\",\"width\":900,\"height\":900},{\"@type\":\"BreadcrumbList\",\"@id\":\"https:\/\/provansadekor.rs\/proizvod\/rustican-aranzman-ruza-sa-picem-i-cokoladom\/#breadcrumb\",\"itemListElement\":[{\"@type\":\"ListItem\",\"position\":1,\"name\":\"\u041f\u043e\u0447\u0435\u0442\u043d\u0430\",\"item\":\"https:\/\/provansadekor.rs\/\"},{\"@type\":\"ListItem\",\"position\":2,\"name\":\"\u041f\u0440\u043e\u0438\u0437\u0432\u043e\u0434\u0438\",\"item\":\"https:\/\/provansadekor.rs\/shop\/\"},{\"@type\":\"ListItem\",\"position\":3,\"name\":\"Rusti\u010dan aran\u017eman ru\u017ea sa pi\u0107em i \u010dokoladom\"}]},{\"@type\":\"WebSite\",\"@id\":\"https:\/\/provansadekor.rs\/#website\",\"url\":\"https:\/\/provansadekor.rs\/\",\"name\":\"Provansa Dekor\",\"description\":\"Dostava cve\u0107a Beograd - Organizacija i Dekoracija doga\u0111aja - Ure\u0111enje zelenih povr\u0161ina\",\"publisher\":{\"@id\":\"https:\/\/provansadekor.rs\/#organization\"},\"potentialAction\":[{\"@type\":\"SearchAction\",\"target\":{\"@type\":\"EntryPoint\",\"urlTemplate\":\"https:\/\/provansadekor.rs\/?s={search_term_string}\"},\"query-input\":{\"@type\":\"PropertyValueSpecification\",\"valueRequired\":true,\"valueName\":\"search_term_string\"}}],\"inLanguage\":\"ru-RU\"},{\"@type\":\"Organization\",\"@id\":\"https:\/\/provansadekor.rs\/#organization\",\"name\":\"Provansa Dekor Cve\u0107ara Beograd\",\"url\":\"https:\/\/provansadekor.rs\/\",\"logo\":{\"@type\":\"ImageObject\",\"inLanguage\":\"ru-RU\",\"@id\":\"https:\/\/provansadekor.rs\/#\/schema\/logo\/image\/\",\"url\":\"https:\/\/provansadekor.rs\/wp-content\/uploads\/2022\/03\/logo-provansa.jpg\",\"contentUrl\":\"https:\/\/provansadekor.rs\/wp-content\/uploads\/2022\/03\/logo-provansa.jpg\",\"width\":200,\"height\":200,\"caption\":\"Provansa Dekor Cve\u0107ara Beograd\"},\"image\":{\"@id\":\"https:\/\/provansadekor.rs\/#\/schema\/logo\/image\/\"},\"sameAs\":[\"https:\/\/www.facebook.com\/provansadekor\",\"https:\/\/www.instagram.com\/provansadekor\/\"]}]}<\/script>\n<!-- \/ Yoast SEO Premium plugin. -->","yoast_head_json":{"title":"Rusti\u010dan aran\u017eman ru\u017ea sa pi\u0107em i \u010dokoladom &#8211; Provansa Dekor","description":"\u041a\u043e\u043c\u043f\u043e\u0437\u0438\u0446\u0438\u044f \u0438\u0437 \u0440\u043e\u0437 \u0441 \u043d\u0430\u043f\u0438\u0442\u043a\u043e\u043c \u0438 \u0448\u043e\u043a\u043e\u043b\u0430\u0434\u043e\u043c. \u0421\u043e\u0447\u0435\u0442\u0430\u043d\u0438\u0435 \u0432\u0435\u0441\u0435\u043b\u044b\u0445 \u0440\u043e\u0437 \u0438 \u0434\u0435\u0440\u0435\u0432\u0435\u043d\u0441\u043a\u043e\u0439 \u0443\u043f\u0430\u043a\u043e\u0432\u043a\u0438 \u043f\u043e\u0434\u0441\u043b\u0430\u0441\u0442\u0438\u0442 \u0432\u0430\u0448 \u0434\u0435\u043d\u044c \u0448\u043e\u043a\u043e\u043b\u0430\u0434\u043d\u044b\u043c\u0438 \u043f\u0440\u0430\u043b\u0438\u043d\u0435 \u0438 \u0441\u043e\u0433\u0440\u0435\u0435\u0442 \u0434\u0443\u0448\u0443 \u043d\u0430\u043f\u0438\u0442\u043a\u043e\u043c. \u0414\u043e\u0441\u0442\u0430\u0432\u043a\u0430 \u043d\u0430 \u0434\u043e\u043c.","robots":{"index":"index","follow":"follow","max-snippet":"max-snippet:-1","max-image-preview":"max-image-preview:large","max-video-preview":"max-video-preview:-1"},"canonical":"https:\/\/provansadekor.rs\/ru\/proizvod\/derevenska-kompozici-roza-s-picce\/","og_locale":"ru_RU","og_type":"article","og_title":"Rusti\u010dan aran\u017eman ru\u017ea sa pi\u0107em i \u010dokoladom","og_description":"Aran\u017eman ru\u017ea sa pi\u0107em i \u010dokoladom, Kombinacija veselih ru\u017ea i rusti\u010dnog pakovanja, zasladite dan \u010dokoladnim pralinama i zagrejte du\u0161u pi\u0107em. Dostava na ku\u0107nu adresu.","og_url":"https:\/\/provansadekor.rs\/ru\/proizvod\/derevenska-kompozici-roza-s-picce\/","og_site_name":"Provansa Dekor","article_publisher":"https:\/\/www.facebook.com\/provansadekor","article_modified_time":"2026-03-07T15:05:29+00:00","og_image":[{"width":900,"height":900,"url":"https:\/\/provansadekor.rs\/wp-content\/uploads\/2022\/10\/15.jpg","type":"image\/jpeg"}],"twitter_card":"summary_large_image","twitter_misc":{"\u041f\u0440\u0438\u043c\u0435\u0440\u043d\u043e\u0435 \u0432\u0440\u0435\u043c\u044f \u0434\u043b\u044f \u0447\u0442\u0435\u043d\u0438\u044f":"1 \u043c\u0438\u043d\u0443\u0442\u0430"},"schema":{"@context":"https:\/\/schema.org","@graph":[{"@type":["WebPage","ItemPage"],"@id":"https:\/\/provansadekor.rs\/proizvod\/rustican-aranzman-ruza-sa-picem-i-cokoladom\/","url":"https:\/\/provansadekor.rs\/proizvod\/rustican-aranzman-ruza-sa-picem-i-cokoladom\/","name":"Rusti\u010dan aran\u017eman ru\u017ea sa pi\u0107em i \u010dokoladom &#8211; Provansa Dekor","isPartOf":{"@id":"https:\/\/provansadekor.rs\/#website"},"primaryImageOfPage":{"@id":"https:\/\/provansadekor.rs\/proizvod\/rustican-aranzman-ruza-sa-picem-i-cokoladom\/#primaryimage"},"image":{"@id":"https:\/\/provansadekor.rs\/proizvod\/rustican-aranzman-ruza-sa-picem-i-cokoladom\/#primaryimage"},"thumbnailUrl":"https:\/\/provansadekor.rs\/wp-content\/uploads\/2022\/10\/15.jpg","datePublished":"2019-08-15T12:10:30+00:00","dateModified":"2026-03-07T15:05:29+00:00","description":"\u041a\u043e\u043c\u043f\u043e\u0437\u0438\u0446\u0438\u044f \u0438\u0437 \u0440\u043e\u0437 \u0441 \u043d\u0430\u043f\u0438\u0442\u043a\u043e\u043c \u0438 \u0448\u043e\u043a\u043e\u043b\u0430\u0434\u043e\u043c. \u0421\u043e\u0447\u0435\u0442\u0430\u043d\u0438\u0435 \u0432\u0435\u0441\u0435\u043b\u044b\u0445 \u0440\u043e\u0437 \u0438 \u0434\u0435\u0440\u0435\u0432\u0435\u043d\u0441\u043a\u043e\u0439 \u0443\u043f\u0430\u043a\u043e\u0432\u043a\u0438 \u043f\u043e\u0434\u0441\u043b\u0430\u0441\u0442\u0438\u0442 \u0432\u0430\u0448 \u0434\u0435\u043d\u044c \u0448\u043e\u043a\u043e\u043b\u0430\u0434\u043d\u044b\u043c\u0438 \u043f\u0440\u0430\u043b\u0438\u043d\u0435 \u0438 \u0441\u043e\u0433\u0440\u0435\u0435\u0442 \u0434\u0443\u0448\u0443 \u043d\u0430\u043f\u0438\u0442\u043a\u043e\u043c. \u0414\u043e\u0441\u0442\u0430\u0432\u043a\u0430 \u043d\u0430 \u0434\u043e\u043c.","breadcrumb":{"@id":"https:\/\/provansadekor.rs\/proizvod\/rustican-aranzman-ruza-sa-picem-i-cokoladom\/#breadcrumb"},"inLanguage":"ru-RU","potentialAction":[{"@type":"ReadAction","target":["https:\/\/provansadekor.rs\/proizvod\/rustican-aranzman-ruza-sa-picem-i-cokoladom\/"]}]},{"@type":"ImageObject","inLanguage":"ru-RU","@id":"https:\/\/provansadekor.rs\/proizvod\/rustican-aranzman-ruza-sa-picem-i-cokoladom\/#primaryimage","url":"https:\/\/provansadekor.rs\/wp-content\/uploads\/2022\/10\/15.jpg","contentUrl":"https:\/\/provansadekor.rs\/wp-content\/uploads\/2022\/10\/15.jpg","width":900,"height":900},{"@type":"BreadcrumbList","@id":"https:\/\/provansadekor.rs\/proizvod\/rustican-aranzman-ruza-sa-picem-i-cokoladom\/#breadcrumb","itemListElement":[{"@type":"ListItem","position":1,"name":"\u041f\u043e\u0447\u0435\u0442\u043d\u0430","item":"https:\/\/provansadekor.rs\/"},{"@type":"ListItem","position":2,"name":"\u041f\u0440\u043e\u0438\u0437\u0432\u043e\u0434\u0438","item":"https:\/\/provansadekor.rs\/shop\/"},{"@type":"ListItem","position":3,"name":"Rusti\u010dan aran\u017eman ru\u017ea sa pi\u0107em i \u010dokoladom"}]},{"@type":"WebSite","@id":"https:\/\/provansadekor.rs\/#website","url":"https:\/\/provansadekor.rs\/","name":"\u041f\u0440\u043e\u0432\u0430\u043d\u0441 \u0414\u0435\u043a\u043e\u0440","description":"\u0414\u043e\u0441\u0442\u0430\u0432\u043a\u0430 \u0446\u0432\u0435\u0442\u043e\u0432 \u0411\u0435\u043b\u0433\u0440\u0430\u0434 - \u041e\u0440\u0433\u0430\u043d\u0438\u0437\u0430\u0446\u0438\u044f \u0438 \u043e\u0444\u043e\u0440\u043c\u043b\u0435\u043d\u0438\u0435 \u043c\u0435\u0440\u043e\u043f\u0440\u0438\u044f\u0442\u0438\u0439 - \u041b\u0430\u043d\u0434\u0448\u0430\u0444\u0442\u043d\u044b\u0439 \u0434\u0438\u0437\u0430\u0439\u043d","publisher":{"@id":"https:\/\/provansadekor.rs\/#organization"},"potentialAction":[{"@type":"SearchAction","target":{"@type":"EntryPoint","urlTemplate":"https:\/\/provansadekor.rs\/?s={search_term_string}"},"query-input":{"@type":"PropertyValueSpecification","valueRequired":true,"valueName":"search_term_string"}}],"inLanguage":"ru-RU"},{"@type":"Organization","@id":"https:\/\/provansadekor.rs\/#organization","name":"\u0426\u0432\u0435\u0442\u043e\u0447\u043d\u044b\u0439 \u043c\u0430\u0433\u0430\u0437\u0438\u043d \u041f\u0440\u043e\u0432\u0430\u043d\u0441 \u0414\u0435\u043a\u043e\u0440 \u0411\u0435\u043b\u0433\u0440\u0430\u0434","url":"https:\/\/provansadekor.rs\/","logo":{"@type":"ImageObject","inLanguage":"ru-RU","@id":"https:\/\/provansadekor.rs\/#\/schema\/logo\/image\/","url":"https:\/\/provansadekor.rs\/wp-content\/uploads\/2022\/03\/logo-provansa.jpg","contentUrl":"https:\/\/provansadekor.rs\/wp-content\/uploads\/2022\/03\/logo-provansa.jpg","width":200,"height":200,"caption":"Provansa Dekor Cve\u0107ara Beograd"},"image":{"@id":"https:\/\/provansadekor.rs\/#\/schema\/logo\/image\/"},"sameAs":["https:\/\/www.facebook.com\/provansadekor","https:\/\/www.instagram.com\/provansadekor\/"]}]}},"_links":{"self":[{"href":"https:\/\/provansadekor.rs\/ru\/wp-json\/wp\/v2\/product\/4472","targetHints":{"allow":["GET"]}}],"collection":[{"href":"https:\/\/provansadekor.rs\/ru\/wp-json\/wp\/v2\/product"}],"about":[{"href":"https:\/\/provansadekor.rs\/ru\/wp-json\/wp\/v2\/types\/product"}],"version-history":[{"count":7,"href":"https:\/\/provansadekor.rs\/ru\/wp-json\/wp\/v2\/product\/4472\/revisions"}],"predecessor-version":[{"id":77164,"href":"https:\/\/provansadekor.rs\/ru\/wp-json\/wp\/v2\/product\/4472\/revisions\/77164"}],"wp:featuredmedia":[{"embeddable":true,"href":"https:\/\/provansadekor.rs\/ru\/wp-json\/wp\/v2\/media\/67013"}],"wp:attachment":[{"href":"https:\/\/provansadekor.rs\/ru\/wp-json\/wp\/v2\/media?parent=4472"}],"wp:term":[{"taxonomy":"product_brand","embeddable":true,"href":"https:\/\/provansadekor.rs\/ru\/wp-json\/wp\/v2\/product_brand?post=4472"},{"taxonomy":"product_cat","embeddable":true,"href":"https:\/\/provansadekor.rs\/ru\/wp-json\/wp\/v2\/product_cat?post=4472"},{"taxonomy":"product_tag","embeddable":true,"href":"https:\/\/provansadekor.rs\/ru\/wp-json\/wp\/v2\/product_tag?post=4472"}],"curies":[{"name":"wp","href":"https:\/\/api.w.org\/{rel}","templated":true}]}}