{"id":3640,"date":"2019-06-10T22:14:05","date_gmt":"2019-06-10T22:14:05","guid":{"rendered":"http:\/\/provansadekor.rs\/?post_type=product&#038;p=3640"},"modified":"2026-03-08T16:28:39","modified_gmt":"2026-03-08T15:28:39","slug":"biserni-buket-crvenih-ruza","status":"publish","type":"product","link":"https:\/\/provansadekor.rs\/ru\/proizvod\/\u0436\u0435\u043c\u0447\u0443\u0436\u043d\u044b\u0439-\u0431\u0443\u043a\u0435\u0442-\u0438\u0437-\u043a\u0440\u0430\u0441\u043d\u044b\u0445-\u0440\u043e\u0437\/","title":{"rendered":"\u0416\u0435\u043c\u0447\u0443\u0436\u043d\u044b\u0439 \u0431\u0443\u043a\u0435\u0442 \u043a\u0440\u0430\u0441\u043d\u044b\u0445 \u0440\u043e\u0437."},"content":{"rendered":"<p><em>\u0412\u0438\u0434\u044b<\/em><strong><em> \u0446\u0432\u0435\u0442\u044b \u0432 \u0431\u0443\u043a\u0435\u0442\u0435<\/em>: \u043a\u0440\u0430\u0441\u043d\u044b\u0435 \u0440\u043e\u0437\u044b,<\/strong> \u043b\u0438\u0437\u0438\u0430\u043d\u0442\u0443\u0441 \u0431\u0435\u043b\u044b\u0439, \u043a\u043e\u043b\u043e\u043a\u043e\u043b\u044c\u0447\u0438\u043a \u0437\u0435\u043b\u0435\u043d\u044b\u0439.<\/p>\n<p><em>\u0421\u043e\u043f\u0443\u0442\u0441\u0442\u0432\u0443\u044e\u0449\u0435\u0435 \u043e\u0444\u043e\u0440\u043c\u043b\u0435\u043d\u0438\u0435<\/em><strong>:<\/strong> \u0431\u0435\u043b\u0430\u044f \u0441\u0435\u0442\u043a\u0430, \u0431\u043e\u0440\u0434\u043e\u0432\u0430\u044f \u0431\u0443\u043c\u0430\u0433\u0430, \u0443\u043a\u0440\u0430\u0448\u0435\u043d\u043d\u0430\u044f \u0431\u0435\u043b\u044b\u043c \u0436\u0435\u043c\u0447\u0443\u0433\u043e\u043c, \u0431\u043e\u0440\u0434\u043e\u0432\u044b\u0439 \u0438 \u0431\u0435\u043b\u044b\u0439 \u0431\u0430\u043d\u0442\u0438\u043a.<\/p>\n<p>\u0414\u043e\u043c\u0438\u043d\u0430\u043d\u0442\u043d\u044b\u0439 <strong>\u043a\u0440\u0430\u0441\u043d\u043e\u0442\u0430 \u0440\u043e\u0437<\/strong> \u0432 \u0441\u043e\u0447\u0435\u0442\u0430\u043d\u0438\u0438 \u0441 \u043b\u0438\u0437\u0438\u0430\u043d\u0442\u0443\u0441\u043e\u043c \u0438 \u0437\u0435\u043b\u0435\u043d\u044b\u043c \u043a\u043e\u043b\u043e\u043a\u043e\u043b\u044c\u0447\u0438\u043a\u043e\u043c, \u0437\u0430\u0432\u0435\u0440\u043d\u0443\u0442\u044b\u043c\u0438 \u0432 \u0431\u043e\u0440\u0434\u043e\u0432\u0443\u044e \u0431\u0443\u043c\u0430\u0433\u0443, \u0443\u043a\u0440\u0430\u0448\u0435\u043d\u043d\u0443\u044e \u0436\u0435\u043c\u0447\u0443\u0433\u043e\u043c, \u043f\u043e\u043b\u0443\u0447\u0430\u0435\u0442\u0441\u044f \u0438\u0434\u0435\u0430\u043b\u044c\u043d\u043e\u0435 \u0446\u0432\u0435\u0442\u043e\u0447\u043d\u043e\u0435 \u0441\u043e\u0447\u0435\u0442\u0430\u043d\u0438\u0435. <strong>\u0411\u0443\u043a\u0435\u0442 \u0446\u0432\u0435\u0442\u043e\u0432<\/strong> \u0430 \u0431\u043e\u043a\u0430\u043b \u0432\u0438\u043d\u0430 \u0441\u0434\u0435\u043b\u0430\u0435\u0442 \u044d\u0442\u0438 \u043c\u043e\u043c\u0435\u043d\u0442\u044b \u043d\u0435\u0437\u0430\u0431\u044b\u0432\u0430\u0435\u043c\u044b\u043c\u0438. \u041c\u044b \u0440\u0430\u0431\u043e\u0442\u0430\u0435\u043c \u0434\u043b\u044f \u0432\u0430\u0441 \u0441\u0435\u043c\u044c \u0434\u043d\u0435\u0439 \u0432 \u043d\u0435\u0434\u0435\u043b\u044e \u0441 \u0431\u044b\u0441\u0442\u0440\u043e\u0439 \u0438 \u0431\u0435\u0437\u043e\u043f\u0430\u0441\u043d\u043e\u0439 \u0434\u043e\u0441\u0442\u0430\u0432\u043a\u043e\u0439 \u043c\u0435\u043d\u0435\u0435 \u0447\u0435\u043c \u0437\u0430 \u0447\u0430\u0441.<\/p>\n<h2 style=\"text-align: center;\"><strong>\u0411\u0443\u043a\u0435\u0442 \u043a\u0440\u0430\u0441\u043d\u044b\u0445 \u0440\u043e\u0437, \u0414\u043e\u0441\u0442\u0430\u0432\u043a\u0430 \u0446\u0432\u0435\u0442\u043e\u0432<em>\u0411\u0435\u043b\u0433\u0440\u0430\u0434\u00a0<\/em><\/strong><\/h2>","protected":false},"excerpt":{"rendered":"<p>Vrste cve\u0107a u buketu: crvene ru\u017ee, beli lizijantus, green bell. Prate\u0107a dekoracija: bela mre\u017eica, bordo papir ukra\u0161en belim biserima, bordo i bela ma\u0161na. Dominantno crvenilo ru\u017ea u kombinaciji sa lizijantusom i green bell-om upakovan u bordo papir ukra\u0161en biserima predstavlja savr\u0161enu cvetnu kombinaciju. Buket cve\u0107a i \u010da\u0161a vina u\u010dini\u0107e te trenutke nezaboravnim. Tu smo za [&hellip;]<\/p>","protected":false},"featured_media":67078,"template":"","meta":[],"product_brand":[327],"product_cat":[320,169,115],"product_tag":[318],"class_list":{"0":"post-3640","1":"product","2":"type-product","3":"status-publish","4":"has-post-thumbnail","6":"product_brand-do5","7":"product_cat-8-mart","8":"product_cat-dan-zaljubljenih","9":"product_cat-buketi-cveca","10":"product_tag-crvene-ruze","12":"first","13":"instock","14":"shipping-taxable","15":"purchasable","16":"product-type-simple"},"yoast_head":"<!-- This site is optimized with the Yoast SEO Premium plugin v20.9 (Yoast SEO v26.5) - https:\/\/yoast.com\/wordpress\/plugins\/seo\/ -->\n<title>Biserni buket crvenih ru\u017ea &#8211; Provansa Dekor<\/title>\n<meta name=\"description\" content=\"Buket cve\u0107a i \u010da\u0161a vina u\u010dini\u0107e te trenutke nezaboravnim. Tu smo za vas sedam dana u nedelji uz brzu i sigurnu dostavu ne du\u017eu od sat vremena.\" \/>\n<meta name=\"robots\" content=\"index, follow, max-snippet:-1, max-image-preview:large, max-video-preview:-1\" \/>\n<link rel=\"canonical\" href=\"https:\/\/provansadekor.rs\/ru\/proizvod\/\u0436\u0435\u043c\u0447\u0443\u0436\u043d\u044b\u0439-\u0431\u0443\u043a\u0435\u0442-\u0438\u0437-\u043a\u0440\u0430\u0441\u043d\u044b\u0445-\u0440\u043e\u0437\/\" \/>\n<meta property=\"og:locale\" content=\"ru_RU\" \/>\n<meta property=\"og:type\" content=\"article\" \/>\n<meta property=\"og:title\" content=\"Biserni buket crvenih ru\u017ea\" \/>\n<meta property=\"og:description\" content=\"Buket cve\u0107a i \u010da\u0161a vina u\u010dini\u0107e te trenutke nezaboravnim. Tu smo za vas sedam dana u nedelji uz brzu i sigurnu dostavu ne du\u017eu od sat vremena.\" \/>\n<meta property=\"og:url\" content=\"https:\/\/provansadekor.rs\/ru\/proizvod\/\u0436\u0435\u043c\u0447\u0443\u0436\u043d\u044b\u0439-\u0431\u0443\u043a\u0435\u0442-\u0438\u0437-\u043a\u0440\u0430\u0441\u043d\u044b\u0445-\u0440\u043e\u0437\/\" \/>\n<meta property=\"og:site_name\" content=\"Provansa Dekor\" \/>\n<meta property=\"article:publisher\" content=\"https:\/\/www.facebook.com\/provansadekor\" \/>\n<meta property=\"article:modified_time\" content=\"2026-03-08T15:28:39+00:00\" \/>\n<meta property=\"og:image\" content=\"https:\/\/provansadekor.rs\/wp-content\/uploads\/2022\/10\/15-1.jpg\" \/>\n\t<meta property=\"og:image:width\" content=\"900\" \/>\n\t<meta property=\"og:image:height\" content=\"900\" \/>\n\t<meta property=\"og:image:type\" content=\"image\/jpeg\" \/>\n<meta name=\"twitter:card\" content=\"summary_large_image\" \/>\n<meta name=\"twitter:label1\" content=\"\u041f\u0440\u0438\u043c\u0435\u0440\u043d\u043e\u0435 \u0432\u0440\u0435\u043c\u044f \u0434\u043b\u044f \u0447\u0442\u0435\u043d\u0438\u044f\" \/>\n\t<meta name=\"twitter:data1\" content=\"1 \u043c\u0438\u043d\u0443\u0442\u0430\" \/>\n<script type=\"application\/ld+json\" class=\"yoast-schema-graph\">{\"@context\":\"https:\/\/schema.org\",\"@graph\":[{\"@type\":[\"WebPage\",\"ItemPage\"],\"@id\":\"https:\/\/provansadekor.rs\/proizvod\/biserni-buket-crvenih-ruza\/\",\"url\":\"https:\/\/provansadekor.rs\/proizvod\/biserni-buket-crvenih-ruza\/\",\"name\":\"Biserni buket crvenih ru\u017ea &#8211; Provansa Dekor\",\"isPartOf\":{\"@id\":\"https:\/\/provansadekor.rs\/#website\"},\"primaryImageOfPage\":{\"@id\":\"https:\/\/provansadekor.rs\/proizvod\/biserni-buket-crvenih-ruza\/#primaryimage\"},\"image\":{\"@id\":\"https:\/\/provansadekor.rs\/proizvod\/biserni-buket-crvenih-ruza\/#primaryimage\"},\"thumbnailUrl\":\"https:\/\/provansadekor.rs\/wp-content\/uploads\/2022\/10\/15-1.jpg\",\"datePublished\":\"2019-06-10T22:14:05+00:00\",\"dateModified\":\"2026-03-08T15:28:39+00:00\",\"description\":\"Buket cve\u0107a i \u010da\u0161a vina u\u010dini\u0107e te trenutke nezaboravnim. Tu smo za vas sedam dana u nedelji uz brzu i sigurnu dostavu ne du\u017eu od sat vremena.\",\"breadcrumb\":{\"@id\":\"https:\/\/provansadekor.rs\/proizvod\/biserni-buket-crvenih-ruza\/#breadcrumb\"},\"inLanguage\":\"ru-RU\",\"potentialAction\":[{\"@type\":\"ReadAction\",\"target\":[\"https:\/\/provansadekor.rs\/proizvod\/biserni-buket-crvenih-ruza\/\"]}]},{\"@type\":\"ImageObject\",\"inLanguage\":\"ru-RU\",\"@id\":\"https:\/\/provansadekor.rs\/proizvod\/biserni-buket-crvenih-ruza\/#primaryimage\",\"url\":\"https:\/\/provansadekor.rs\/wp-content\/uploads\/2022\/10\/15-1.jpg\",\"contentUrl\":\"https:\/\/provansadekor.rs\/wp-content\/uploads\/2022\/10\/15-1.jpg\",\"width\":900,\"height\":900},{\"@type\":\"BreadcrumbList\",\"@id\":\"https:\/\/provansadekor.rs\/proizvod\/biserni-buket-crvenih-ruza\/#breadcrumb\",\"itemListElement\":[{\"@type\":\"ListItem\",\"position\":1,\"name\":\"\u041f\u043e\u0447\u0435\u0442\u043d\u0430\",\"item\":\"https:\/\/provansadekor.rs\/\"},{\"@type\":\"ListItem\",\"position\":2,\"name\":\"\u041f\u0440\u043e\u0438\u0437\u0432\u043e\u0434\u0438\",\"item\":\"https:\/\/provansadekor.rs\/shop\/\"},{\"@type\":\"ListItem\",\"position\":3,\"name\":\"Biserni buket crvenih ru\u017ea\"}]},{\"@type\":\"WebSite\",\"@id\":\"https:\/\/provansadekor.rs\/#website\",\"url\":\"https:\/\/provansadekor.rs\/\",\"name\":\"Provansa Dekor\",\"description\":\"Dostava cve\u0107a Beograd - Organizacija i Dekoracija doga\u0111aja - Ure\u0111enje zelenih povr\u0161ina\",\"publisher\":{\"@id\":\"https:\/\/provansadekor.rs\/#organization\"},\"potentialAction\":[{\"@type\":\"SearchAction\",\"target\":{\"@type\":\"EntryPoint\",\"urlTemplate\":\"https:\/\/provansadekor.rs\/?s={search_term_string}\"},\"query-input\":{\"@type\":\"PropertyValueSpecification\",\"valueRequired\":true,\"valueName\":\"search_term_string\"}}],\"inLanguage\":\"ru-RU\"},{\"@type\":\"Organization\",\"@id\":\"https:\/\/provansadekor.rs\/#organization\",\"name\":\"Provansa Dekor Cve\u0107ara Beograd\",\"url\":\"https:\/\/provansadekor.rs\/\",\"logo\":{\"@type\":\"ImageObject\",\"inLanguage\":\"ru-RU\",\"@id\":\"https:\/\/provansadekor.rs\/#\/schema\/logo\/image\/\",\"url\":\"https:\/\/provansadekor.rs\/wp-content\/uploads\/2022\/03\/logo-provansa.jpg\",\"contentUrl\":\"https:\/\/provansadekor.rs\/wp-content\/uploads\/2022\/03\/logo-provansa.jpg\",\"width\":200,\"height\":200,\"caption\":\"Provansa Dekor Cve\u0107ara Beograd\"},\"image\":{\"@id\":\"https:\/\/provansadekor.rs\/#\/schema\/logo\/image\/\"},\"sameAs\":[\"https:\/\/www.facebook.com\/provansadekor\",\"https:\/\/www.instagram.com\/provansadekor\/\"]}]}<\/script>\n<!-- \/ Yoast SEO Premium plugin. -->","yoast_head_json":{"title":"\u0416\u0435\u043c\u0447\u0443\u0436\u043d\u044b\u0439 \u0431\u0443\u043a\u0435\u0442 \u043a\u0440\u0430\u0441\u043d\u044b\u0445 \u0440\u043e\u0437 - \u0414\u0435\u043a\u043e\u0440 \u041f\u0440\u043e\u0432\u0430\u043d\u0441","description":"\u0411\u0443\u043a\u0435\u0442 \u0446\u0432\u0435\u0442\u043e\u0432 \u0438 \u0431\u043e\u043a\u0430\u043b \u0432\u0438\u043d\u0430 \u0441\u0434\u0435\u043b\u0430\u044e\u0442 \u044d\u0442\u0438 \u043c\u0438\u043d\u0443\u0442\u044b \u043d\u0435\u0437\u0430\u0431\u044b\u0432\u0430\u0435\u043c\u044b\u043c\u0438. \u041c\u044b \u0440\u0430\u0431\u043e\u0442\u0430\u0435\u043c \u0434\u043b\u044f \u0432\u0430\u0441 \u0441\u0435\u043c\u044c \u0434\u043d\u0435\u0439 \u0432 \u043d\u0435\u0434\u0435\u043b\u044e \u0441 \u0431\u044b\u0441\u0442\u0440\u043e\u0439 \u0438 \u0431\u0435\u0437\u043e\u043f\u0430\u0441\u043d\u043e\u0439 \u0434\u043e\u0441\u0442\u0430\u0432\u043a\u043e\u0439 \u043c\u0435\u043d\u0435\u0435 \u0447\u0435\u043c \u0437\u0430 \u0447\u0430\u0441.","robots":{"index":"index","follow":"follow","max-snippet":"max-snippet:-1","max-image-preview":"max-image-preview:large","max-video-preview":"max-video-preview:-1"},"canonical":"https:\/\/provansadekor.rs\/ru\/proizvod\/\u0436\u0435\u043c\u0447\u0443\u0436\u043d\u044b\u0439-\u0431\u0443\u043a\u0435\u0442-\u0438\u0437-\u043a\u0440\u0430\u0441\u043d\u044b\u0445-\u0440\u043e\u0437\/","og_locale":"ru_RU","og_type":"article","og_title":"Biserni buket crvenih ru\u017ea","og_description":"Buket cve\u0107a i \u010da\u0161a vina u\u010dini\u0107e te trenutke nezaboravnim. Tu smo za vas sedam dana u nedelji uz brzu i sigurnu dostavu ne du\u017eu od sat vremena.","og_url":"https:\/\/provansadekor.rs\/ru\/proizvod\/\u0436\u0435\u043c\u0447\u0443\u0436\u043d\u044b\u0439-\u0431\u0443\u043a\u0435\u0442-\u0438\u0437-\u043a\u0440\u0430\u0441\u043d\u044b\u0445-\u0440\u043e\u0437\/","og_site_name":"Provansa Dekor","article_publisher":"https:\/\/www.facebook.com\/provansadekor","article_modified_time":"2026-03-08T15:28:39+00:00","og_image":[{"width":900,"height":900,"url":"https:\/\/provansadekor.rs\/wp-content\/uploads\/2022\/10\/15-1.jpg","type":"image\/jpeg"}],"twitter_card":"summary_large_image","twitter_misc":{"\u041f\u0440\u0438\u043c\u0435\u0440\u043d\u043e\u0435 \u0432\u0440\u0435\u043c\u044f \u0434\u043b\u044f \u0447\u0442\u0435\u043d\u0438\u044f":"1 \u043c\u0438\u043d\u0443\u0442\u0430"},"schema":{"@context":"https:\/\/schema.org","@graph":[{"@type":["WebPage","ItemPage"],"@id":"https:\/\/provansadekor.rs\/proizvod\/biserni-buket-crvenih-ruza\/","url":"https:\/\/provansadekor.rs\/proizvod\/biserni-buket-crvenih-ruza\/","name":"\u0416\u0435\u043c\u0447\u0443\u0436\u043d\u044b\u0439 \u0431\u0443\u043a\u0435\u0442 \u043a\u0440\u0430\u0441\u043d\u044b\u0445 \u0440\u043e\u0437 - \u0414\u0435\u043a\u043e\u0440 \u041f\u0440\u043e\u0432\u0430\u043d\u0441","isPartOf":{"@id":"https:\/\/provansadekor.rs\/#website"},"primaryImageOfPage":{"@id":"https:\/\/provansadekor.rs\/proizvod\/biserni-buket-crvenih-ruza\/#primaryimage"},"image":{"@id":"https:\/\/provansadekor.rs\/proizvod\/biserni-buket-crvenih-ruza\/#primaryimage"},"thumbnailUrl":"https:\/\/provansadekor.rs\/wp-content\/uploads\/2022\/10\/15-1.jpg","datePublished":"2019-06-10T22:14:05+00:00","dateModified":"2026-03-08T15:28:39+00:00","description":"\u0411\u0443\u043a\u0435\u0442 \u0446\u0432\u0435\u0442\u043e\u0432 \u0438 \u0431\u043e\u043a\u0430\u043b \u0432\u0438\u043d\u0430 \u0441\u0434\u0435\u043b\u0430\u044e\u0442 \u044d\u0442\u0438 \u043c\u0438\u043d\u0443\u0442\u044b \u043d\u0435\u0437\u0430\u0431\u044b\u0432\u0430\u0435\u043c\u044b\u043c\u0438. \u041c\u044b \u0440\u0430\u0431\u043e\u0442\u0430\u0435\u043c \u0434\u043b\u044f \u0432\u0430\u0441 \u0441\u0435\u043c\u044c \u0434\u043d\u0435\u0439 \u0432 \u043d\u0435\u0434\u0435\u043b\u044e \u0441 \u0431\u044b\u0441\u0442\u0440\u043e\u0439 \u0438 \u0431\u0435\u0437\u043e\u043f\u0430\u0441\u043d\u043e\u0439 \u0434\u043e\u0441\u0442\u0430\u0432\u043a\u043e\u0439 \u043c\u0435\u043d\u0435\u0435 \u0447\u0435\u043c \u0437\u0430 \u0447\u0430\u0441.","breadcrumb":{"@id":"https:\/\/provansadekor.rs\/proizvod\/biserni-buket-crvenih-ruza\/#breadcrumb"},"inLanguage":"ru-RU","potentialAction":[{"@type":"ReadAction","target":["https:\/\/provansadekor.rs\/proizvod\/biserni-buket-crvenih-ruza\/"]}]},{"@type":"ImageObject","inLanguage":"ru-RU","@id":"https:\/\/provansadekor.rs\/proizvod\/biserni-buket-crvenih-ruza\/#primaryimage","url":"https:\/\/provansadekor.rs\/wp-content\/uploads\/2022\/10\/15-1.jpg","contentUrl":"https:\/\/provansadekor.rs\/wp-content\/uploads\/2022\/10\/15-1.jpg","width":900,"height":900},{"@type":"BreadcrumbList","@id":"https:\/\/provansadekor.rs\/proizvod\/biserni-buket-crvenih-ruza\/#breadcrumb","itemListElement":[{"@type":"ListItem","position":1,"name":"\u041f\u043e\u0447\u0435\u0442\u043d\u0430","item":"https:\/\/provansadekor.rs\/"},{"@type":"ListItem","position":2,"name":"\u041f\u0440\u043e\u0438\u0437\u0432\u043e\u0434\u0438","item":"https:\/\/provansadekor.rs\/shop\/"},{"@type":"ListItem","position":3,"name":"Biserni buket crvenih ru\u017ea"}]},{"@type":"WebSite","@id":"https:\/\/provansadekor.rs\/#website","url":"https:\/\/provansadekor.rs\/","name":"\u041f\u0440\u043e\u0432\u0430\u043d\u0441 \u0414\u0435\u043a\u043e\u0440","description":"\u0414\u043e\u0441\u0442\u0430\u0432\u043a\u0430 \u0446\u0432\u0435\u0442\u043e\u0432 \u0411\u0435\u043b\u0433\u0440\u0430\u0434 - \u041e\u0440\u0433\u0430\u043d\u0438\u0437\u0430\u0446\u0438\u044f \u0438 \u043e\u0444\u043e\u0440\u043c\u043b\u0435\u043d\u0438\u0435 \u043c\u0435\u0440\u043e\u043f\u0440\u0438\u044f\u0442\u0438\u0439 - \u041b\u0430\u043d\u0434\u0448\u0430\u0444\u0442\u043d\u044b\u0439 \u0434\u0438\u0437\u0430\u0439\u043d","publisher":{"@id":"https:\/\/provansadekor.rs\/#organization"},"potentialAction":[{"@type":"SearchAction","target":{"@type":"EntryPoint","urlTemplate":"https:\/\/provansadekor.rs\/?s={search_term_string}"},"query-input":{"@type":"PropertyValueSpecification","valueRequired":true,"valueName":"search_term_string"}}],"inLanguage":"ru-RU"},{"@type":"Organization","@id":"https:\/\/provansadekor.rs\/#organization","name":"\u0426\u0432\u0435\u0442\u043e\u0447\u043d\u044b\u0439 \u043c\u0430\u0433\u0430\u0437\u0438\u043d \u041f\u0440\u043e\u0432\u0430\u043d\u0441 \u0414\u0435\u043a\u043e\u0440 \u0411\u0435\u043b\u0433\u0440\u0430\u0434","url":"https:\/\/provansadekor.rs\/","logo":{"@type":"ImageObject","inLanguage":"ru-RU","@id":"https:\/\/provansadekor.rs\/#\/schema\/logo\/image\/","url":"https:\/\/provansadekor.rs\/wp-content\/uploads\/2022\/03\/logo-provansa.jpg","contentUrl":"https:\/\/provansadekor.rs\/wp-content\/uploads\/2022\/03\/logo-provansa.jpg","width":200,"height":200,"caption":"Provansa Dekor Cve\u0107ara Beograd"},"image":{"@id":"https:\/\/provansadekor.rs\/#\/schema\/logo\/image\/"},"sameAs":["https:\/\/www.facebook.com\/provansadekor","https:\/\/www.instagram.com\/provansadekor\/"]}]}},"_links":{"self":[{"href":"https:\/\/provansadekor.rs\/ru\/wp-json\/wp\/v2\/product\/3640","targetHints":{"allow":["GET"]}}],"collection":[{"href":"https:\/\/provansadekor.rs\/ru\/wp-json\/wp\/v2\/product"}],"about":[{"href":"https:\/\/provansadekor.rs\/ru\/wp-json\/wp\/v2\/types\/product"}],"version-history":[{"count":7,"href":"https:\/\/provansadekor.rs\/ru\/wp-json\/wp\/v2\/product\/3640\/revisions"}],"predecessor-version":[{"id":67361,"href":"https:\/\/provansadekor.rs\/ru\/wp-json\/wp\/v2\/product\/3640\/revisions\/67361"}],"wp:featuredmedia":[{"embeddable":true,"href":"https:\/\/provansadekor.rs\/ru\/wp-json\/wp\/v2\/media\/67078"}],"wp:attachment":[{"href":"https:\/\/provansadekor.rs\/ru\/wp-json\/wp\/v2\/media?parent=3640"}],"wp:term":[{"taxonomy":"product_brand","embeddable":true,"href":"https:\/\/provansadekor.rs\/ru\/wp-json\/wp\/v2\/product_brand?post=3640"},{"taxonomy":"product_cat","embeddable":true,"href":"https:\/\/provansadekor.rs\/ru\/wp-json\/wp\/v2\/product_cat?post=3640"},{"taxonomy":"product_tag","embeddable":true,"href":"https:\/\/provansadekor.rs\/ru\/wp-json\/wp\/v2\/product_tag?post=3640"}],"curies":[{"name":"wp","href":"https:\/\/api.w.org\/{rel}","templated":true}]}}