{"id":35689,"date":"2022-01-25T17:41:03","date_gmt":"2022-01-25T16:41:03","guid":{"rendered":"http:\/\/provansadekor.rs\/?post_type=product&#038;p=35689"},"modified":"2026-03-14T12:50:16","modified_gmt":"2026-03-14T11:50:16","slug":"aranzman-lux-05","status":"publish","type":"product","link":"https:\/\/provansadekor.rs\/ru\/proizvod\/\u0440\u0430\u0441\u043f\u043e\u043b\u043e\u0436\u0435\u043d\u0438\u0435-\u043b\u044e\u043a\u0441-05\/","title":{"rendered":"\u0420\u043e\u0441\u043a\u043e\u0448\u043d\u0430\u044f \u043a\u043e\u043c\u043f\u043e\u0437\u0438\u0446\u0438\u044f - 05"},"content":{"rendered":"<p>\u0412\u0435\u043b\u0438\u043a\u043e\u043b\u0435\u043f\u043d\u044b\u0439, <strong>\u0440\u043e\u0441\u043a\u043e\u0448\u043d\u0430\u044f \u043a\u043e\u043c\u043f\u043e\u0437\u0438\u0446\u0438\u044f<\/strong> \u0441\u0438\u043d\u0435-\u0440\u043e\u0437\u043e\u0432\u044b\u0435 \u0446\u0432\u0435\u0442\u0430 \u0443\u043a\u0440\u0430\u0448\u0430\u044e\u0442 \u0446\u0432\u0435\u0442\u043e\u0447\u043d\u044b\u0435 \u043a\u0440\u0430\u0441\u0430\u0432\u0438\u0446\u044b, \u0442\u0430\u043a\u0438\u0435 \u043a\u0430\u043a \u0433\u043e\u0440\u0442\u0435\u043d\u0437\u0438\u0438, \u043e\u0440\u0445\u0438\u0434\u0435\u0438, \u0440\u043e\u0437\u044b, <wbr \/>\u043b\u0438\u0437\u0438\u0430\u043d\u0442\u0443\u0441, \u0433\u0432\u043e\u0437\u0434\u0438\u043a\u0430, \u0432\u043e\u0441\u043a,<wbr \/>\u043b\u0438\u043c\u043e\u043d\u0438\u0443\u043c, \u0430\u043b\u044c\u0441\u0442\u0440\u043e\u043c\u0435\u0440\u0438\u044f.<\/p>\n<h2 style=\"text-align: center;\"><strong>\u0420\u043e\u0441\u043a\u043e\u0448\u043d\u044b\u0435 \u0446\u0432\u0435\u0442\u043e\u0447\u043d\u044b\u0435 \u043a\u043e\u043c\u043f\u043e\u0437\u0438\u0446\u0438\u0438, \u0414\u043e\u0441\u0442\u0430\u0432\u043a\u0430 \u0446\u0432\u0435\u0442\u043e\u0432 \u0411\u0435\u043b\u0433\u0440\u0430\u0434\u00a0<\/strong><\/h2>","protected":false},"excerpt":{"rendered":"<p>Predivan, luksuzni aran\u017eman plavo-roze boje krase cvetne lepotice poput hortenzija, orhideja, ru\u017ea, lizijantus, karanfil, wax,limonijum, alstromerija. Luksuzni cvetni aran\u017emani, Dostava cve\u0107a Beograd\u00a0<\/p>","protected":false},"featured_media":36752,"template":"","meta":[],"product_brand":[],"product_cat":[168],"product_tag":[],"class_list":{"0":"post-35689","1":"product","2":"type-product","3":"status-publish","4":"has-post-thumbnail","6":"product_cat-luksuzni-aranzmani","8":"first","9":"outofstock","10":"shipping-taxable","11":"purchasable","12":"product-type-simple"},"yoast_head":"<!-- This site is optimized with the Yoast SEO Premium plugin v20.9 (Yoast SEO v26.5) - https:\/\/yoast.com\/wordpress\/plugins\/seo\/ -->\n<title>Luksuzni aran\u017eman - 05 | Provansa Dekor<\/title>\n<meta name=\"description\" content=\"Predivan, luksuzni aran\u017eman plavo-roze boje krase cvetne lepotice poput hortenzija, orhideja, ru\u017ea, lizijantus, karanfil, wax,limonijum, alstromerija.\" \/>\n<meta name=\"robots\" content=\"index, follow, max-snippet:-1, max-image-preview:large, max-video-preview:-1\" \/>\n<link rel=\"canonical\" href=\"https:\/\/provansadekor.rs\/ru\/proizvod\/\u0440\u0430\u0441\u043f\u043e\u043b\u043e\u0436\u0435\u043d\u0438\u0435-\u043b\u044e\u043a\u0441-05\/\" \/>\n<meta property=\"og:locale\" content=\"ru_RU\" \/>\n<meta property=\"og:type\" content=\"article\" \/>\n<meta property=\"og:title\" content=\"Luksuzni aran\u017eman - 05\" \/>\n<meta property=\"og:description\" content=\"Predivan, luksuzni aran\u017eman plavo-roze boje krase cvetne lepotice poput hortenzija, orhideja, ru\u017ea, lizijantus, karanfil, wax,limonijum, alstromerija.\" \/>\n<meta property=\"og:url\" content=\"https:\/\/provansadekor.rs\/ru\/proizvod\/\u0440\u0430\u0441\u043f\u043e\u043b\u043e\u0436\u0435\u043d\u0438\u0435-\u043b\u044e\u043a\u0441-05\/\" \/>\n<meta property=\"og:site_name\" content=\"Provansa Dekor\" \/>\n<meta property=\"article:publisher\" content=\"https:\/\/www.facebook.com\/provansadekor\" \/>\n<meta property=\"article:modified_time\" content=\"2026-03-14T11:50:16+00:00\" \/>\n<meta property=\"og:image\" content=\"https:\/\/provansadekor.rs\/wp-content\/uploads\/2021\/10\/Luksuzni-aranzman-05.jpg\" \/>\n\t<meta property=\"og:image:width\" content=\"675\" \/>\n\t<meta property=\"og:image:height\" content=\"900\" \/>\n\t<meta property=\"og:image:type\" content=\"image\/jpeg\" \/>\n<meta name=\"twitter:card\" content=\"summary_large_image\" \/>\n<meta name=\"twitter:label1\" content=\"\u041f\u0440\u0438\u043c\u0435\u0440\u043d\u043e\u0435 \u0432\u0440\u0435\u043c\u044f \u0434\u043b\u044f \u0447\u0442\u0435\u043d\u0438\u044f\" \/>\n\t<meta name=\"twitter:data1\" content=\"1 \u043c\u0438\u043d\u0443\u0442\u0430\" \/>\n<script type=\"application\/ld+json\" class=\"yoast-schema-graph\">{\"@context\":\"https:\/\/schema.org\",\"@graph\":[{\"@type\":[\"WebPage\",\"ItemPage\"],\"@id\":\"https:\/\/provansadekor.rs\/proizvod\/aranzman-lux-05\/\",\"url\":\"https:\/\/provansadekor.rs\/proizvod\/aranzman-lux-05\/\",\"name\":\"Luksuzni aran\u017eman - 05 | Provansa Dekor\",\"isPartOf\":{\"@id\":\"https:\/\/provansadekor.rs\/#website\"},\"primaryImageOfPage\":{\"@id\":\"https:\/\/provansadekor.rs\/proizvod\/aranzman-lux-05\/#primaryimage\"},\"image\":{\"@id\":\"https:\/\/provansadekor.rs\/proizvod\/aranzman-lux-05\/#primaryimage\"},\"thumbnailUrl\":\"https:\/\/provansadekor.rs\/wp-content\/uploads\/2021\/10\/Luksuzni-aranzman-05.jpg\",\"datePublished\":\"2022-01-25T16:41:03+00:00\",\"dateModified\":\"2026-03-14T11:50:16+00:00\",\"description\":\"Predivan, luksuzni aran\u017eman plavo-roze boje krase cvetne lepotice poput hortenzija, orhideja, ru\u017ea, lizijantus, karanfil, wax,limonijum, alstromerija.\",\"breadcrumb\":{\"@id\":\"https:\/\/provansadekor.rs\/proizvod\/aranzman-lux-05\/#breadcrumb\"},\"inLanguage\":\"ru-RU\",\"potentialAction\":[{\"@type\":\"ReadAction\",\"target\":[\"https:\/\/provansadekor.rs\/proizvod\/aranzman-lux-05\/\"]}]},{\"@type\":\"ImageObject\",\"inLanguage\":\"ru-RU\",\"@id\":\"https:\/\/provansadekor.rs\/proizvod\/aranzman-lux-05\/#primaryimage\",\"url\":\"https:\/\/provansadekor.rs\/wp-content\/uploads\/2021\/10\/Luksuzni-aranzman-05.jpg\",\"contentUrl\":\"https:\/\/provansadekor.rs\/wp-content\/uploads\/2021\/10\/Luksuzni-aranzman-05.jpg\",\"width\":675,\"height\":900},{\"@type\":\"BreadcrumbList\",\"@id\":\"https:\/\/provansadekor.rs\/proizvod\/aranzman-lux-05\/#breadcrumb\",\"itemListElement\":[{\"@type\":\"ListItem\",\"position\":1,\"name\":\"\u041f\u043e\u0447\u0435\u0442\u043d\u0430\",\"item\":\"https:\/\/provansadekor.rs\/\"},{\"@type\":\"ListItem\",\"position\":2,\"name\":\"\u041f\u0440\u043e\u0438\u0437\u0432\u043e\u0434\u0438\",\"item\":\"https:\/\/provansadekor.rs\/shop\/\"},{\"@type\":\"ListItem\",\"position\":3,\"name\":\"Luksuzni aran\u017eman &#8211; 05\"}]},{\"@type\":\"WebSite\",\"@id\":\"https:\/\/provansadekor.rs\/#website\",\"url\":\"https:\/\/provansadekor.rs\/\",\"name\":\"Provansa Dekor\",\"description\":\"Dostava cve\u0107a Beograd - Organizacija i Dekoracija doga\u0111aja - Ure\u0111enje zelenih povr\u0161ina\",\"publisher\":{\"@id\":\"https:\/\/provansadekor.rs\/#organization\"},\"potentialAction\":[{\"@type\":\"SearchAction\",\"target\":{\"@type\":\"EntryPoint\",\"urlTemplate\":\"https:\/\/provansadekor.rs\/?s={search_term_string}\"},\"query-input\":{\"@type\":\"PropertyValueSpecification\",\"valueRequired\":true,\"valueName\":\"search_term_string\"}}],\"inLanguage\":\"ru-RU\"},{\"@type\":\"Organization\",\"@id\":\"https:\/\/provansadekor.rs\/#organization\",\"name\":\"Provansa Dekor Cve\u0107ara Beograd\",\"url\":\"https:\/\/provansadekor.rs\/\",\"logo\":{\"@type\":\"ImageObject\",\"inLanguage\":\"ru-RU\",\"@id\":\"https:\/\/provansadekor.rs\/#\/schema\/logo\/image\/\",\"url\":\"https:\/\/provansadekor.rs\/wp-content\/uploads\/2022\/03\/logo-provansa.jpg\",\"contentUrl\":\"https:\/\/provansadekor.rs\/wp-content\/uploads\/2022\/03\/logo-provansa.jpg\",\"width\":200,\"height\":200,\"caption\":\"Provansa Dekor Cve\u0107ara Beograd\"},\"image\":{\"@id\":\"https:\/\/provansadekor.rs\/#\/schema\/logo\/image\/\"},\"sameAs\":[\"https:\/\/www.facebook.com\/provansadekor\",\"https:\/\/www.instagram.com\/provansadekor\/\"]}]}<\/script>\n<!-- \/ Yoast SEO Premium plugin. -->","yoast_head_json":{"title":"\u0420\u043e\u0441\u043a\u043e\u0448\u043d\u0430\u044f \u043a\u043e\u043c\u043f\u043e\u0437\u0438\u0446\u0438\u044f - 05 | \u041f\u0440\u043e\u0432\u0430\u043d\u0441 \u0414\u0435\u043a\u043e\u0440","description":"\u041a\u0440\u0430\u0441\u0438\u0432\u0430\u044f, \u0440\u043e\u0441\u043a\u043e\u0448\u043d\u0430\u044f \u043a\u043e\u043c\u043f\u043e\u0437\u0438\u0446\u0438\u044f \u0441\u0438\u043d\u0435-\u0440\u043e\u0437\u043e\u0432\u044b\u0445 \u0442\u043e\u043d\u043e\u0432 \u0443\u043a\u0440\u0430\u0448\u0435\u043d\u0430 \u0446\u0432\u0435\u0442\u043e\u0447\u043d\u044b\u043c\u0438 \u043a\u0440\u0430\u0441\u0430\u0432\u0438\u0446\u0430\u043c\u0438, \u0442\u0430\u043a\u0438\u043c\u0438 \u043a\u0430\u043a \u0433\u043e\u0440\u0442\u0435\u043d\u0437\u0438\u0438, \u043e\u0440\u0445\u0438\u0434\u0435\u0438, \u0440\u043e\u0437\u044b, \u043b\u0438\u0437\u0438\u0430\u043d\u0442\u0443\u0441\u044b, \u0433\u0432\u043e\u0437\u0434\u0438\u043a\u0438, \u0432\u043e\u0441\u043a\u043e\u0432\u0438\u0446\u0430, \u043b\u0438\u043c\u043e\u043d\u0438\u0443\u043c, \u0430\u043b\u044c\u0441\u0442\u0440\u043e\u043c\u0435\u0440\u0438\u044f.","robots":{"index":"index","follow":"follow","max-snippet":"max-snippet:-1","max-image-preview":"max-image-preview:large","max-video-preview":"max-video-preview:-1"},"canonical":"https:\/\/provansadekor.rs\/ru\/proizvod\/\u0440\u0430\u0441\u043f\u043e\u043b\u043e\u0436\u0435\u043d\u0438\u0435-\u043b\u044e\u043a\u0441-05\/","og_locale":"ru_RU","og_type":"article","og_title":"Luksuzni aran\u017eman - 05","og_description":"Predivan, luksuzni aran\u017eman plavo-roze boje krase cvetne lepotice poput hortenzija, orhideja, ru\u017ea, lizijantus, karanfil, wax,limonijum, alstromerija.","og_url":"https:\/\/provansadekor.rs\/ru\/proizvod\/\u0440\u0430\u0441\u043f\u043e\u043b\u043e\u0436\u0435\u043d\u0438\u0435-\u043b\u044e\u043a\u0441-05\/","og_site_name":"Provansa Dekor","article_publisher":"https:\/\/www.facebook.com\/provansadekor","article_modified_time":"2026-03-14T11:50:16+00:00","og_image":[{"width":675,"height":900,"url":"https:\/\/provansadekor.rs\/wp-content\/uploads\/2021\/10\/Luksuzni-aranzman-05.jpg","type":"image\/jpeg"}],"twitter_card":"summary_large_image","twitter_misc":{"\u041f\u0440\u0438\u043c\u0435\u0440\u043d\u043e\u0435 \u0432\u0440\u0435\u043c\u044f \u0434\u043b\u044f \u0447\u0442\u0435\u043d\u0438\u044f":"1 \u043c\u0438\u043d\u0443\u0442\u0430"},"schema":{"@context":"https:\/\/schema.org","@graph":[{"@type":["WebPage","ItemPage"],"@id":"https:\/\/provansadekor.rs\/proizvod\/aranzman-lux-05\/","url":"https:\/\/provansadekor.rs\/proizvod\/aranzman-lux-05\/","name":"\u0420\u043e\u0441\u043a\u043e\u0448\u043d\u0430\u044f \u043a\u043e\u043c\u043f\u043e\u0437\u0438\u0446\u0438\u044f - 05 | \u041f\u0440\u043e\u0432\u0430\u043d\u0441 \u0414\u0435\u043a\u043e\u0440","isPartOf":{"@id":"https:\/\/provansadekor.rs\/#website"},"primaryImageOfPage":{"@id":"https:\/\/provansadekor.rs\/proizvod\/aranzman-lux-05\/#primaryimage"},"image":{"@id":"https:\/\/provansadekor.rs\/proizvod\/aranzman-lux-05\/#primaryimage"},"thumbnailUrl":"https:\/\/provansadekor.rs\/wp-content\/uploads\/2021\/10\/Luksuzni-aranzman-05.jpg","datePublished":"2022-01-25T16:41:03+00:00","dateModified":"2026-03-14T11:50:16+00:00","description":"\u041a\u0440\u0430\u0441\u0438\u0432\u0430\u044f, \u0440\u043e\u0441\u043a\u043e\u0448\u043d\u0430\u044f \u043a\u043e\u043c\u043f\u043e\u0437\u0438\u0446\u0438\u044f \u0441\u0438\u043d\u0435-\u0440\u043e\u0437\u043e\u0432\u044b\u0445 \u0442\u043e\u043d\u043e\u0432 \u0443\u043a\u0440\u0430\u0448\u0435\u043d\u0430 \u0446\u0432\u0435\u0442\u043e\u0447\u043d\u044b\u043c\u0438 \u043a\u0440\u0430\u0441\u0430\u0432\u0438\u0446\u0430\u043c\u0438, \u0442\u0430\u043a\u0438\u043c\u0438 \u043a\u0430\u043a \u0433\u043e\u0440\u0442\u0435\u043d\u0437\u0438\u0438, \u043e\u0440\u0445\u0438\u0434\u0435\u0438, \u0440\u043e\u0437\u044b, \u043b\u0438\u0437\u0438\u0430\u043d\u0442\u0443\u0441\u044b, \u0433\u0432\u043e\u0437\u0434\u0438\u043a\u0438, \u0432\u043e\u0441\u043a\u043e\u0432\u0438\u0446\u0430, \u043b\u0438\u043c\u043e\u043d\u0438\u0443\u043c, \u0430\u043b\u044c\u0441\u0442\u0440\u043e\u043c\u0435\u0440\u0438\u044f.","breadcrumb":{"@id":"https:\/\/provansadekor.rs\/proizvod\/aranzman-lux-05\/#breadcrumb"},"inLanguage":"ru-RU","potentialAction":[{"@type":"ReadAction","target":["https:\/\/provansadekor.rs\/proizvod\/aranzman-lux-05\/"]}]},{"@type":"ImageObject","inLanguage":"ru-RU","@id":"https:\/\/provansadekor.rs\/proizvod\/aranzman-lux-05\/#primaryimage","url":"https:\/\/provansadekor.rs\/wp-content\/uploads\/2021\/10\/Luksuzni-aranzman-05.jpg","contentUrl":"https:\/\/provansadekor.rs\/wp-content\/uploads\/2021\/10\/Luksuzni-aranzman-05.jpg","width":675,"height":900},{"@type":"BreadcrumbList","@id":"https:\/\/provansadekor.rs\/proizvod\/aranzman-lux-05\/#breadcrumb","itemListElement":[{"@type":"ListItem","position":1,"name":"\u041f\u043e\u0447\u0435\u0442\u043d\u0430","item":"https:\/\/provansadekor.rs\/"},{"@type":"ListItem","position":2,"name":"\u041f\u0440\u043e\u0438\u0437\u0432\u043e\u0434\u0438","item":"https:\/\/provansadekor.rs\/shop\/"},{"@type":"ListItem","position":3,"name":"Luksuzni aran\u017eman &#8211; 05"}]},{"@type":"WebSite","@id":"https:\/\/provansadekor.rs\/#website","url":"https:\/\/provansadekor.rs\/","name":"\u041f\u0440\u043e\u0432\u0430\u043d\u0441 \u0414\u0435\u043a\u043e\u0440","description":"\u0414\u043e\u0441\u0442\u0430\u0432\u043a\u0430 \u0446\u0432\u0435\u0442\u043e\u0432 \u0411\u0435\u043b\u0433\u0440\u0430\u0434 - \u041e\u0440\u0433\u0430\u043d\u0438\u0437\u0430\u0446\u0438\u044f \u0438 \u043e\u0444\u043e\u0440\u043c\u043b\u0435\u043d\u0438\u0435 \u043c\u0435\u0440\u043e\u043f\u0440\u0438\u044f\u0442\u0438\u0439 - \u041b\u0430\u043d\u0434\u0448\u0430\u0444\u0442\u043d\u044b\u0439 \u0434\u0438\u0437\u0430\u0439\u043d","publisher":{"@id":"https:\/\/provansadekor.rs\/#organization"},"potentialAction":[{"@type":"SearchAction","target":{"@type":"EntryPoint","urlTemplate":"https:\/\/provansadekor.rs\/?s={search_term_string}"},"query-input":{"@type":"PropertyValueSpecification","valueRequired":true,"valueName":"search_term_string"}}],"inLanguage":"ru-RU"},{"@type":"Organization","@id":"https:\/\/provansadekor.rs\/#organization","name":"\u0426\u0432\u0435\u0442\u043e\u0447\u043d\u044b\u0439 \u043c\u0430\u0433\u0430\u0437\u0438\u043d \u041f\u0440\u043e\u0432\u0430\u043d\u0441 \u0414\u0435\u043a\u043e\u0440 \u0411\u0435\u043b\u0433\u0440\u0430\u0434","url":"https:\/\/provansadekor.rs\/","logo":{"@type":"ImageObject","inLanguage":"ru-RU","@id":"https:\/\/provansadekor.rs\/#\/schema\/logo\/image\/","url":"https:\/\/provansadekor.rs\/wp-content\/uploads\/2022\/03\/logo-provansa.jpg","contentUrl":"https:\/\/provansadekor.rs\/wp-content\/uploads\/2022\/03\/logo-provansa.jpg","width":200,"height":200,"caption":"Provansa Dekor Cve\u0107ara Beograd"},"image":{"@id":"https:\/\/provansadekor.rs\/#\/schema\/logo\/image\/"},"sameAs":["https:\/\/www.facebook.com\/provansadekor","https:\/\/www.instagram.com\/provansadekor\/"]}]}},"_links":{"self":[{"href":"https:\/\/provansadekor.rs\/ru\/wp-json\/wp\/v2\/product\/35689","targetHints":{"allow":["GET"]}}],"collection":[{"href":"https:\/\/provansadekor.rs\/ru\/wp-json\/wp\/v2\/product"}],"about":[{"href":"https:\/\/provansadekor.rs\/ru\/wp-json\/wp\/v2\/types\/product"}],"version-history":[{"count":2,"href":"https:\/\/provansadekor.rs\/ru\/wp-json\/wp\/v2\/product\/35689\/revisions"}],"predecessor-version":[{"id":67638,"href":"https:\/\/provansadekor.rs\/ru\/wp-json\/wp\/v2\/product\/35689\/revisions\/67638"}],"wp:featuredmedia":[{"embeddable":true,"href":"https:\/\/provansadekor.rs\/ru\/wp-json\/wp\/v2\/media\/36752"}],"wp:attachment":[{"href":"https:\/\/provansadekor.rs\/ru\/wp-json\/wp\/v2\/media?parent=35689"}],"wp:term":[{"taxonomy":"product_brand","embeddable":true,"href":"https:\/\/provansadekor.rs\/ru\/wp-json\/wp\/v2\/product_brand?post=35689"},{"taxonomy":"product_cat","embeddable":true,"href":"https:\/\/provansadekor.rs\/ru\/wp-json\/wp\/v2\/product_cat?post=35689"},{"taxonomy":"product_tag","embeddable":true,"href":"https:\/\/provansadekor.rs\/ru\/wp-json\/wp\/v2\/product_tag?post=35689"}],"curies":[{"name":"wp","href":"https:\/\/api.w.org\/{rel}","templated":true}]}}