{"id":3419,"date":"2019-06-09T13:16:36","date_gmt":"2019-06-09T13:16:36","guid":{"rendered":"http:\/\/provansadekor.rs\/?post_type=product&#038;p=3419"},"modified":"2026-03-08T16:28:40","modified_gmt":"2026-03-08T15:28:40","slug":"aranzman-05","status":"publish","type":"product","link":"https:\/\/provansadekor.rs\/ru\/proizvod\/aranzman-05\/","title":{"rendered":"Dodir svetlosti u kutiji ljubavi"},"content":{"rendered":"<p>&nbsp;<\/p>\n<p>Idealan poklon za rodjendan, poklon iznenadjenja, poklon za voljenu osobu ili jednostavno odli\u010dan gest kao znak pa\u017enje.<\/p>\n<p>\u041d\u0430\u0448 <strong>\u0438\u043d\u0442\u0435\u0440\u043d\u0435\u0442-\u043c\u0430\u0433\u0430\u0437\u0438\u043d \u0446\u0432\u0435\u0442\u043e\u0432<\/strong> \u0437\u0434\u0435\u0441\u044c \u0434\u043b\u044f \u0432\u0430\u0441 \u0441\u0435\u043c\u044c \u0434\u043d\u0435\u0439 \u0432 \u043d\u0435\u0434\u0435\u043b\u044e, \u0430 \u0442\u0430\u043a\u0436\u0435 \u0434\u043e\u0441\u0442\u0430\u0432\u043a\u0430 \u043d\u0430 \u0434\u043e\u043c.<\/p>\n<p>\u0414\u0435\u043a\u043b\u0430\u0440\u0430\u0446\u0438\u044f \u043f\u0440\u043e\u0434\u0443\u043a\u0442\u0430, \u0441\u0442\u0440\u0430\u043d\u0430 \u043f\u0440\u043e\u0438\u0441\u0445\u043e\u0436\u0434\u0435\u043d\u0438\u044f \u0438 \u043f\u0440\u043e\u0438\u0437\u0432\u043e\u0434\u0438\u0442\u0435\u043b\u044c \u0443\u043a\u0430\u0437\u0430\u043d\u044b \u043d\u0430 \u044d\u0442\u0438\u043a\u0435\u0442\u043a\u0435 \u0441\u0430\u043c\u043e\u0433\u043e \u043f\u0440\u043e\u0434\u0443\u043a\u0442\u0430.<\/p>\n<h2 style=\"text-align: center;\"><strong>Aran\u017eman u obliku srca: crvena ru\u017ea, online cve\u0107ara Beograd<\/strong><\/h2>\n<p>&nbsp;<\/p>","protected":false},"excerpt":{"rendered":"<p>&nbsp; Idealan poklon za rodjendan, poklon iznenadjenja, poklon za voljenu osobu ili jednostavno odli\u010dan gest kao znak pa\u017enje. Na\u0161a online cve\u0107ara je tu za vas sedam dana u nedelji, kao i dostava na ku\u0107nu adresu. Deklaracija proizvoda, zemlja porekla i proizvodja\u010d su dostupni na etiketi samog proizvoda. Aran\u017eman u obliku srca: crvena ru\u017ea, online cve\u0107ara [&hellip;]<\/p>","protected":false},"featured_media":84240,"template":"","meta":[],"product_brand":[327,324],"product_cat":[320,169,163,116],"product_tag":[323],"class_list":{"0":"post-3419","1":"product","2":"type-product","3":"status-publish","4":"has-post-thumbnail","6":"product_brand-do5","7":"product_brand-jesen-2025-by-provansa-dekor","8":"product_cat-8-mart","9":"product_cat-dan-zaljubljenih","10":"product_cat-poklon-za-bebe","11":"product_cat-cvetni-aranzmani","12":"product_tag-sept25","14":"first","15":"instock","16":"shipping-taxable","17":"purchasable","18":"product-type-simple"},"yoast_head":"<!-- This site is optimized with the Yoast SEO Premium plugin v20.9 (Yoast SEO v26.5) - https:\/\/yoast.com\/wordpress\/plugins\/seo\/ -->\n<title>Dodir svetlosti u kutiji ljubavi &#8211; Provansa Dekor<\/title>\n<meta name=\"description\" content=\"Vrste cve\u0107a u aran\u017emanu: crvena ru\u017ea.Prate\u0107a dekoracija: crveni box u obliku srca, Kinder-jaja, crvena ma\u0161na od satenske trake, bela ma\u0161na od tanke satenske trake. Aran\u017eman u obliku srca: crvena ru\u017ea, online cve\u0107ara Beograd\" \/>\n<meta name=\"robots\" content=\"index, follow, max-snippet:-1, max-image-preview:large, max-video-preview:-1\" \/>\n<link rel=\"canonical\" href=\"https:\/\/provansadekor.rs\/ru\/proizvod\/aranzman-05\/\" \/>\n<meta property=\"og:locale\" content=\"ru_RU\" \/>\n<meta property=\"og:type\" content=\"article\" \/>\n<meta property=\"og:title\" content=\"Dodir svetlosti u kutiji ljubavi\" \/>\n<meta property=\"og:description\" content=\"Vrste cve\u0107a u aran\u017emanu: crvena ru\u017ea.Prate\u0107a dekoracija: crveni box u obliku srca, Kinder-jaja, crvena ma\u0161na od satenske trake, bela ma\u0161na od tanke satenske trake. Aran\u017eman u obliku srca: crvena ru\u017ea, online cve\u0107ara Beograd\" \/>\n<meta property=\"og:url\" content=\"https:\/\/provansadekor.rs\/ru\/proizvod\/aranzman-05\/\" \/>\n<meta property=\"og:site_name\" content=\"Provansa Dekor\" \/>\n<meta property=\"article:publisher\" content=\"https:\/\/www.facebook.com\/provansadekor\" \/>\n<meta property=\"article:modified_time\" content=\"2026-03-08T15:28:40+00:00\" \/>\n<meta property=\"og:image\" content=\"https:\/\/provansadekor.rs\/wp-content\/uploads\/2025\/07\/DSC_8842a-scaled.jpg\" \/>\n\t<meta property=\"og:image:width\" content=\"2560\" \/>\n\t<meta property=\"og:image:height\" content=\"1438\" \/>\n\t<meta property=\"og:image:type\" content=\"image\/jpeg\" \/>\n<meta name=\"twitter:card\" content=\"summary_large_image\" \/>\n<meta name=\"twitter:label1\" content=\"\u041f\u0440\u0438\u043c\u0435\u0440\u043d\u043e\u0435 \u0432\u0440\u0435\u043c\u044f \u0434\u043b\u044f \u0447\u0442\u0435\u043d\u0438\u044f\" \/>\n\t<meta name=\"twitter:data1\" content=\"1 \u043c\u0438\u043d\u0443\u0442\u0430\" \/>\n<script type=\"application\/ld+json\" class=\"yoast-schema-graph\">{\"@context\":\"https:\/\/schema.org\",\"@graph\":[{\"@type\":[\"WebPage\",\"ItemPage\"],\"@id\":\"https:\/\/provansadekor.rs\/proizvod\/aranzman-05\/\",\"url\":\"https:\/\/provansadekor.rs\/proizvod\/aranzman-05\/\",\"name\":\"Dodir svetlosti u kutiji ljubavi &#8211; Provansa Dekor\",\"isPartOf\":{\"@id\":\"https:\/\/provansadekor.rs\/#website\"},\"primaryImageOfPage\":{\"@id\":\"https:\/\/provansadekor.rs\/proizvod\/aranzman-05\/#primaryimage\"},\"image\":{\"@id\":\"https:\/\/provansadekor.rs\/proizvod\/aranzman-05\/#primaryimage\"},\"thumbnailUrl\":\"https:\/\/provansadekor.rs\/wp-content\/uploads\/2025\/07\/DSC_8842a-scaled.jpg\",\"datePublished\":\"2019-06-09T13:16:36+00:00\",\"dateModified\":\"2026-03-08T15:28:40+00:00\",\"description\":\"Vrste cve\u0107a u aran\u017emanu: crvena ru\u017ea.Prate\u0107a dekoracija: crveni box u obliku srca, Kinder-jaja, crvena ma\u0161na od satenske trake, bela ma\u0161na od tanke satenske trake. Aran\u017eman u obliku srca: crvena ru\u017ea, online cve\u0107ara Beograd\",\"breadcrumb\":{\"@id\":\"https:\/\/provansadekor.rs\/proizvod\/aranzman-05\/#breadcrumb\"},\"inLanguage\":\"ru-RU\",\"potentialAction\":[{\"@type\":\"ReadAction\",\"target\":[\"https:\/\/provansadekor.rs\/proizvod\/aranzman-05\/\"]}]},{\"@type\":\"ImageObject\",\"inLanguage\":\"ru-RU\",\"@id\":\"https:\/\/provansadekor.rs\/proizvod\/aranzman-05\/#primaryimage\",\"url\":\"https:\/\/provansadekor.rs\/wp-content\/uploads\/2025\/07\/DSC_8842a-scaled.jpg\",\"contentUrl\":\"https:\/\/provansadekor.rs\/wp-content\/uploads\/2025\/07\/DSC_8842a-scaled.jpg\",\"width\":2560,\"height\":1438},{\"@type\":\"BreadcrumbList\",\"@id\":\"https:\/\/provansadekor.rs\/proizvod\/aranzman-05\/#breadcrumb\",\"itemListElement\":[{\"@type\":\"ListItem\",\"position\":1,\"name\":\"\u041f\u043e\u0447\u0435\u0442\u043d\u0430\",\"item\":\"https:\/\/provansadekor.rs\/\"},{\"@type\":\"ListItem\",\"position\":2,\"name\":\"\u041f\u0440\u043e\u0438\u0437\u0432\u043e\u0434\u0438\",\"item\":\"https:\/\/provansadekor.rs\/shop\/\"},{\"@type\":\"ListItem\",\"position\":3,\"name\":\"Dodir svetlosti u kutiji ljubavi\"}]},{\"@type\":\"WebSite\",\"@id\":\"https:\/\/provansadekor.rs\/#website\",\"url\":\"https:\/\/provansadekor.rs\/\",\"name\":\"Provansa Dekor\",\"description\":\"Dostava cve\u0107a Beograd - Organizacija i Dekoracija doga\u0111aja - Ure\u0111enje zelenih povr\u0161ina\",\"publisher\":{\"@id\":\"https:\/\/provansadekor.rs\/#organization\"},\"potentialAction\":[{\"@type\":\"SearchAction\",\"target\":{\"@type\":\"EntryPoint\",\"urlTemplate\":\"https:\/\/provansadekor.rs\/?s={search_term_string}\"},\"query-input\":{\"@type\":\"PropertyValueSpecification\",\"valueRequired\":true,\"valueName\":\"search_term_string\"}}],\"inLanguage\":\"ru-RU\"},{\"@type\":\"Organization\",\"@id\":\"https:\/\/provansadekor.rs\/#organization\",\"name\":\"Provansa Dekor Cve\u0107ara Beograd\",\"url\":\"https:\/\/provansadekor.rs\/\",\"logo\":{\"@type\":\"ImageObject\",\"inLanguage\":\"ru-RU\",\"@id\":\"https:\/\/provansadekor.rs\/#\/schema\/logo\/image\/\",\"url\":\"https:\/\/provansadekor.rs\/wp-content\/uploads\/2022\/03\/logo-provansa.jpg\",\"contentUrl\":\"https:\/\/provansadekor.rs\/wp-content\/uploads\/2022\/03\/logo-provansa.jpg\",\"width\":200,\"height\":200,\"caption\":\"Provansa Dekor Cve\u0107ara Beograd\"},\"image\":{\"@id\":\"https:\/\/provansadekor.rs\/#\/schema\/logo\/image\/\"},\"sameAs\":[\"https:\/\/www.facebook.com\/provansadekor\",\"https:\/\/www.instagram.com\/provansadekor\/\"]}]}<\/script>\n<!-- \/ Yoast SEO Premium plugin. -->","yoast_head_json":{"title":"Dodir svetlosti u kutiji ljubavi &#8211; Provansa Dekor","description":"Vrste cve\u0107a u aran\u017emanu: crvena ru\u017ea.Prate\u0107a dekoracija: crveni box u obliku srca, Kinder-jaja, crvena ma\u0161na od satenske trake, bela ma\u0161na od tanke satenske trake. Aran\u017eman u obliku srca: crvena ru\u017ea, online cve\u0107ara Beograd","robots":{"index":"index","follow":"follow","max-snippet":"max-snippet:-1","max-image-preview":"max-image-preview:large","max-video-preview":"max-video-preview:-1"},"canonical":"https:\/\/provansadekor.rs\/ru\/proizvod\/aranzman-05\/","og_locale":"ru_RU","og_type":"article","og_title":"Dodir svetlosti u kutiji ljubavi","og_description":"Vrste cve\u0107a u aran\u017emanu: crvena ru\u017ea.Prate\u0107a dekoracija: crveni box u obliku srca, Kinder-jaja, crvena ma\u0161na od satenske trake, bela ma\u0161na od tanke satenske trake. Aran\u017eman u obliku srca: crvena ru\u017ea, online cve\u0107ara Beograd","og_url":"https:\/\/provansadekor.rs\/ru\/proizvod\/aranzman-05\/","og_site_name":"Provansa Dekor","article_publisher":"https:\/\/www.facebook.com\/provansadekor","article_modified_time":"2026-03-08T15:28:40+00:00","og_image":[{"width":2560,"height":1438,"url":"https:\/\/provansadekor.rs\/wp-content\/uploads\/2025\/07\/DSC_8842a-scaled.jpg","type":"image\/jpeg"}],"twitter_card":"summary_large_image","twitter_misc":{"\u041f\u0440\u0438\u043c\u0435\u0440\u043d\u043e\u0435 \u0432\u0440\u0435\u043c\u044f \u0434\u043b\u044f \u0447\u0442\u0435\u043d\u0438\u044f":"1 \u043c\u0438\u043d\u0443\u0442\u0430"},"schema":{"@context":"https:\/\/schema.org","@graph":[{"@type":["WebPage","ItemPage"],"@id":"https:\/\/provansadekor.rs\/proizvod\/aranzman-05\/","url":"https:\/\/provansadekor.rs\/proizvod\/aranzman-05\/","name":"Dodir svetlosti u kutiji ljubavi &#8211; Provansa Dekor","isPartOf":{"@id":"https:\/\/provansadekor.rs\/#website"},"primaryImageOfPage":{"@id":"https:\/\/provansadekor.rs\/proizvod\/aranzman-05\/#primaryimage"},"image":{"@id":"https:\/\/provansadekor.rs\/proizvod\/aranzman-05\/#primaryimage"},"thumbnailUrl":"https:\/\/provansadekor.rs\/wp-content\/uploads\/2025\/07\/DSC_8842a-scaled.jpg","datePublished":"2019-06-09T13:16:36+00:00","dateModified":"2026-03-08T15:28:40+00:00","description":"Vrste cve\u0107a u aran\u017emanu: crvena ru\u017ea.Prate\u0107a dekoracija: crveni box u obliku srca, Kinder-jaja, crvena ma\u0161na od satenske trake, bela ma\u0161na od tanke satenske trake. Aran\u017eman u obliku srca: crvena ru\u017ea, online cve\u0107ara Beograd","breadcrumb":{"@id":"https:\/\/provansadekor.rs\/proizvod\/aranzman-05\/#breadcrumb"},"inLanguage":"ru-RU","potentialAction":[{"@type":"ReadAction","target":["https:\/\/provansadekor.rs\/proizvod\/aranzman-05\/"]}]},{"@type":"ImageObject","inLanguage":"ru-RU","@id":"https:\/\/provansadekor.rs\/proizvod\/aranzman-05\/#primaryimage","url":"https:\/\/provansadekor.rs\/wp-content\/uploads\/2025\/07\/DSC_8842a-scaled.jpg","contentUrl":"https:\/\/provansadekor.rs\/wp-content\/uploads\/2025\/07\/DSC_8842a-scaled.jpg","width":2560,"height":1438},{"@type":"BreadcrumbList","@id":"https:\/\/provansadekor.rs\/proizvod\/aranzman-05\/#breadcrumb","itemListElement":[{"@type":"ListItem","position":1,"name":"\u041f\u043e\u0447\u0435\u0442\u043d\u0430","item":"https:\/\/provansadekor.rs\/"},{"@type":"ListItem","position":2,"name":"\u041f\u0440\u043e\u0438\u0437\u0432\u043e\u0434\u0438","item":"https:\/\/provansadekor.rs\/shop\/"},{"@type":"ListItem","position":3,"name":"Dodir svetlosti u kutiji ljubavi"}]},{"@type":"WebSite","@id":"https:\/\/provansadekor.rs\/#website","url":"https:\/\/provansadekor.rs\/","name":"\u041f\u0440\u043e\u0432\u0430\u043d\u0441 \u0414\u0435\u043a\u043e\u0440","description":"\u0414\u043e\u0441\u0442\u0430\u0432\u043a\u0430 \u0446\u0432\u0435\u0442\u043e\u0432 \u0411\u0435\u043b\u0433\u0440\u0430\u0434 - \u041e\u0440\u0433\u0430\u043d\u0438\u0437\u0430\u0446\u0438\u044f \u0438 \u043e\u0444\u043e\u0440\u043c\u043b\u0435\u043d\u0438\u0435 \u043c\u0435\u0440\u043e\u043f\u0440\u0438\u044f\u0442\u0438\u0439 - \u041b\u0430\u043d\u0434\u0448\u0430\u0444\u0442\u043d\u044b\u0439 \u0434\u0438\u0437\u0430\u0439\u043d","publisher":{"@id":"https:\/\/provansadekor.rs\/#organization"},"potentialAction":[{"@type":"SearchAction","target":{"@type":"EntryPoint","urlTemplate":"https:\/\/provansadekor.rs\/?s={search_term_string}"},"query-input":{"@type":"PropertyValueSpecification","valueRequired":true,"valueName":"search_term_string"}}],"inLanguage":"ru-RU"},{"@type":"Organization","@id":"https:\/\/provansadekor.rs\/#organization","name":"\u0426\u0432\u0435\u0442\u043e\u0447\u043d\u044b\u0439 \u043c\u0430\u0433\u0430\u0437\u0438\u043d \u041f\u0440\u043e\u0432\u0430\u043d\u0441 \u0414\u0435\u043a\u043e\u0440 \u0411\u0435\u043b\u0433\u0440\u0430\u0434","url":"https:\/\/provansadekor.rs\/","logo":{"@type":"ImageObject","inLanguage":"ru-RU","@id":"https:\/\/provansadekor.rs\/#\/schema\/logo\/image\/","url":"https:\/\/provansadekor.rs\/wp-content\/uploads\/2022\/03\/logo-provansa.jpg","contentUrl":"https:\/\/provansadekor.rs\/wp-content\/uploads\/2022\/03\/logo-provansa.jpg","width":200,"height":200,"caption":"Provansa Dekor Cve\u0107ara Beograd"},"image":{"@id":"https:\/\/provansadekor.rs\/#\/schema\/logo\/image\/"},"sameAs":["https:\/\/www.facebook.com\/provansadekor","https:\/\/www.instagram.com\/provansadekor\/"]}]}},"_links":{"self":[{"href":"https:\/\/provansadekor.rs\/ru\/wp-json\/wp\/v2\/product\/3419","targetHints":{"allow":["GET"]}}],"collection":[{"href":"https:\/\/provansadekor.rs\/ru\/wp-json\/wp\/v2\/product"}],"about":[{"href":"https:\/\/provansadekor.rs\/ru\/wp-json\/wp\/v2\/types\/product"}],"version-history":[{"count":7,"href":"https:\/\/provansadekor.rs\/ru\/wp-json\/wp\/v2\/product\/3419\/revisions"}],"predecessor-version":[{"id":84246,"href":"https:\/\/provansadekor.rs\/ru\/wp-json\/wp\/v2\/product\/3419\/revisions\/84246"}],"wp:featuredmedia":[{"embeddable":true,"href":"https:\/\/provansadekor.rs\/ru\/wp-json\/wp\/v2\/media\/84240"}],"wp:attachment":[{"href":"https:\/\/provansadekor.rs\/ru\/wp-json\/wp\/v2\/media?parent=3419"}],"wp:term":[{"taxonomy":"product_brand","embeddable":true,"href":"https:\/\/provansadekor.rs\/ru\/wp-json\/wp\/v2\/product_brand?post=3419"},{"taxonomy":"product_cat","embeddable":true,"href":"https:\/\/provansadekor.rs\/ru\/wp-json\/wp\/v2\/product_cat?post=3419"},{"taxonomy":"product_tag","embeddable":true,"href":"https:\/\/provansadekor.rs\/ru\/wp-json\/wp\/v2\/product_tag?post=3419"}],"curies":[{"name":"wp","href":"https:\/\/api.w.org\/{rel}","templated":true}]}}