{"id":3413,"date":"2019-06-09T13:06:09","date_gmt":"2019-06-09T13:06:09","guid":{"rendered":"http:\/\/provansadekor.rs\/?post_type=product&#038;p=3413"},"modified":"2026-03-14T12:45:49","modified_gmt":"2026-03-14T11:45:49","slug":"buket-18","status":"publish","type":"product","link":"https:\/\/provansadekor.rs\/ru\/proizvod\/buket-18\/","title":{"rendered":"\u041c\u0435\u0434\u043e\u0432\u044b\u0439 \u0431\u0443\u043a\u0435\u0442 \u0438\u0437 \u043a\u0440\u0430\u0441\u043d\u044b\u0445 \u0440\u043e\u0437"},"content":{"rendered":"<p>\u0412\u0438\u0434\u044b <strong>\u0446\u0432\u0435\u0442\u044b \u0432 \u0431\u0443\u043a\u0435\u0442\u0435: \u043a\u0440\u0430\u0441\u043d\u0430\u044f \u0440\u043e\u0437\u0430,<\/strong> trefer.<\/p>\n<p>Prate\u0107a dekoracija: dekorativni sivi papir sa diskretnim belim prugama uz ivice, bordo ma\u0161na, braon pli\u0161ani meda.<\/p>\n<p>Medeni <strong>\u0431\u0443\u043a\u0435\u0442<\/strong> otmenih crvenih <strong>\u0440\u043e\u0437\u0430<\/strong> dekorisan razigranim treferom koji dodatno krasi detalj mini pli\u0161anog medveda. Ostavite svoje prisustvo u medenim o\u010dima i mirisima ru\u017ea. Idealan poklon za rodjendan, poklon za kr\u0161tenje, poklon za godi\u0161njicu ili drugi vama bitan datum.<\/p>\n<h2 style=\"text-align: center;\"><strong> Buket crvenih ru\u017ea, Dostava Beograd\u00a0<\/strong><\/h2>","protected":false},"excerpt":{"rendered":"<p>Vrste cve\u0107a u buketu: crvena ru\u017ea, trefer. Prate\u0107a dekoracija: dekorativni sivi papir sa diskretnim belim prugama uz ivice, bordo ma\u0161na, braon pli\u0161ani meda. Medeni buket otmenih crvenih ru\u017ea dekorisan razigranim treferom koji dodatno krasi detalj mini pli\u0161anog medveda. Ostavite svoje prisustvo u medenim o\u010dima i mirisima ru\u017ea. Idealan poklon za rodjendan, poklon za kr\u0161tenje, poklon [&hellip;]<\/p>","protected":false},"featured_media":7148,"template":"","meta":[],"product_brand":[],"product_cat":[115],"product_tag":[],"class_list":{"0":"post-3413","1":"product","2":"type-product","3":"status-publish","4":"has-post-thumbnail","6":"product_cat-buketi-cveca","8":"first","9":"outofstock","10":"shipping-taxable","11":"purchasable","12":"product-type-simple"},"yoast_head":"<!-- This site is optimized with the Yoast SEO Premium plugin v20.9 (Yoast SEO v26.5) - https:\/\/yoast.com\/wordpress\/plugins\/seo\/ -->\n<title>Medeni buket crvenih ru\u017ea &#8211; Provansa Dekor<\/title>\n<meta name=\"description\" content=\"Medeni buket otmenih crvenih ru\u017ea dekorisan razigranim treferom koji dodatno krasi detalj mini pli\u0161anog medveda. Dostava Beograd\u00a0\" \/>\n<meta name=\"robots\" content=\"index, follow, max-snippet:-1, max-image-preview:large, max-video-preview:-1\" \/>\n<link rel=\"canonical\" href=\"https:\/\/provansadekor.rs\/ru\/proizvod\/buket-18\/\" \/>\n<meta property=\"og:locale\" content=\"ru_RU\" \/>\n<meta property=\"og:type\" content=\"article\" \/>\n<meta property=\"og:title\" content=\"Medeni buket crvenih ru\u017ea\" \/>\n<meta property=\"og:description\" content=\"Medeni buket otmenih crvenih ru\u017ea dekorisan razigranim treferom koji dodatno krasi detalj mini pli\u0161anog medveda. Dostava Beograd\u00a0\" \/>\n<meta property=\"og:url\" content=\"https:\/\/provansadekor.rs\/ru\/proizvod\/buket-18\/\" \/>\n<meta property=\"og:site_name\" content=\"Provansa Dekor\" \/>\n<meta property=\"article:publisher\" content=\"https:\/\/www.facebook.com\/provansadekor\" \/>\n<meta property=\"article:modified_time\" content=\"2026-03-14T11:45:49+00:00\" \/>\n<meta property=\"og:image\" content=\"https:\/\/provansadekor.rs\/wp-content\/uploads\/2020\/01\/IMG-82abeaa7e839aebdeee4bd05bf701905-V.jpg\" \/>\n\t<meta property=\"og:image:width\" content=\"1600\" \/>\n\t<meta property=\"og:image:height\" content=\"1600\" \/>\n\t<meta property=\"og:image:type\" content=\"image\/jpeg\" \/>\n<meta name=\"twitter:card\" content=\"summary_large_image\" \/>\n<meta name=\"twitter:label1\" content=\"\u041f\u0440\u0438\u043c\u0435\u0440\u043d\u043e\u0435 \u0432\u0440\u0435\u043c\u044f \u0434\u043b\u044f \u0447\u0442\u0435\u043d\u0438\u044f\" \/>\n\t<meta name=\"twitter:data1\" content=\"1 \u043c\u0438\u043d\u0443\u0442\u0430\" \/>\n<script type=\"application\/ld+json\" class=\"yoast-schema-graph\">{\"@context\":\"https:\/\/schema.org\",\"@graph\":[{\"@type\":[\"WebPage\",\"ItemPage\"],\"@id\":\"https:\/\/provansadekor.rs\/proizvod\/buket-18\/\",\"url\":\"https:\/\/provansadekor.rs\/proizvod\/buket-18\/\",\"name\":\"Medeni buket crvenih ru\u017ea &#8211; Provansa Dekor\",\"isPartOf\":{\"@id\":\"https:\/\/provansadekor.rs\/#website\"},\"primaryImageOfPage\":{\"@id\":\"https:\/\/provansadekor.rs\/proizvod\/buket-18\/#primaryimage\"},\"image\":{\"@id\":\"https:\/\/provansadekor.rs\/proizvod\/buket-18\/#primaryimage\"},\"thumbnailUrl\":\"https:\/\/provansadekor.rs\/wp-content\/uploads\/2020\/01\/IMG-82abeaa7e839aebdeee4bd05bf701905-V.jpg\",\"datePublished\":\"2019-06-09T13:06:09+00:00\",\"dateModified\":\"2026-03-14T11:45:49+00:00\",\"description\":\"Medeni buket otmenih crvenih ru\u017ea dekorisan razigranim treferom koji dodatno krasi detalj mini pli\u0161anog medveda. Dostava Beograd\u00a0\",\"breadcrumb\":{\"@id\":\"https:\/\/provansadekor.rs\/proizvod\/buket-18\/#breadcrumb\"},\"inLanguage\":\"ru-RU\",\"potentialAction\":[{\"@type\":\"ReadAction\",\"target\":[\"https:\/\/provansadekor.rs\/proizvod\/buket-18\/\"]}]},{\"@type\":\"ImageObject\",\"inLanguage\":\"ru-RU\",\"@id\":\"https:\/\/provansadekor.rs\/proizvod\/buket-18\/#primaryimage\",\"url\":\"https:\/\/provansadekor.rs\/wp-content\/uploads\/2020\/01\/IMG-82abeaa7e839aebdeee4bd05bf701905-V.jpg\",\"contentUrl\":\"https:\/\/provansadekor.rs\/wp-content\/uploads\/2020\/01\/IMG-82abeaa7e839aebdeee4bd05bf701905-V.jpg\",\"width\":1600,\"height\":1600},{\"@type\":\"BreadcrumbList\",\"@id\":\"https:\/\/provansadekor.rs\/proizvod\/buket-18\/#breadcrumb\",\"itemListElement\":[{\"@type\":\"ListItem\",\"position\":1,\"name\":\"\u041f\u043e\u0447\u0435\u0442\u043d\u0430\",\"item\":\"https:\/\/provansadekor.rs\/\"},{\"@type\":\"ListItem\",\"position\":2,\"name\":\"\u041f\u0440\u043e\u0438\u0437\u0432\u043e\u0434\u0438\",\"item\":\"https:\/\/provansadekor.rs\/shop\/\"},{\"@type\":\"ListItem\",\"position\":3,\"name\":\"Medeni buket crvenih ru\u017ea\"}]},{\"@type\":\"WebSite\",\"@id\":\"https:\/\/provansadekor.rs\/#website\",\"url\":\"https:\/\/provansadekor.rs\/\",\"name\":\"Provansa Dekor\",\"description\":\"Dostava cve\u0107a Beograd - Organizacija i Dekoracija doga\u0111aja - Ure\u0111enje zelenih povr\u0161ina\",\"publisher\":{\"@id\":\"https:\/\/provansadekor.rs\/#organization\"},\"potentialAction\":[{\"@type\":\"SearchAction\",\"target\":{\"@type\":\"EntryPoint\",\"urlTemplate\":\"https:\/\/provansadekor.rs\/?s={search_term_string}\"},\"query-input\":{\"@type\":\"PropertyValueSpecification\",\"valueRequired\":true,\"valueName\":\"search_term_string\"}}],\"inLanguage\":\"ru-RU\"},{\"@type\":\"Organization\",\"@id\":\"https:\/\/provansadekor.rs\/#organization\",\"name\":\"Provansa Dekor Cve\u0107ara Beograd\",\"url\":\"https:\/\/provansadekor.rs\/\",\"logo\":{\"@type\":\"ImageObject\",\"inLanguage\":\"ru-RU\",\"@id\":\"https:\/\/provansadekor.rs\/#\/schema\/logo\/image\/\",\"url\":\"https:\/\/provansadekor.rs\/wp-content\/uploads\/2022\/03\/logo-provansa.jpg\",\"contentUrl\":\"https:\/\/provansadekor.rs\/wp-content\/uploads\/2022\/03\/logo-provansa.jpg\",\"width\":200,\"height\":200,\"caption\":\"Provansa Dekor Cve\u0107ara Beograd\"},\"image\":{\"@id\":\"https:\/\/provansadekor.rs\/#\/schema\/logo\/image\/\"},\"sameAs\":[\"https:\/\/www.facebook.com\/provansadekor\",\"https:\/\/www.instagram.com\/provansadekor\/\"]}]}<\/script>\n<!-- \/ Yoast SEO Premium plugin. -->","yoast_head_json":{"title":"Medeni buket crvenih ru\u017ea &#8211; Provansa Dekor","description":"Medeni buket otmenih crvenih ru\u017ea dekorisan razigranim treferom koji dodatno krasi detalj mini pli\u0161anog medveda. Dostava Beograd\u00a0","robots":{"index":"index","follow":"follow","max-snippet":"max-snippet:-1","max-image-preview":"max-image-preview:large","max-video-preview":"max-video-preview:-1"},"canonical":"https:\/\/provansadekor.rs\/ru\/proizvod\/buket-18\/","og_locale":"ru_RU","og_type":"article","og_title":"Medeni buket crvenih ru\u017ea","og_description":"Medeni buket otmenih crvenih ru\u017ea dekorisan razigranim treferom koji dodatno krasi detalj mini pli\u0161anog medveda. Dostava Beograd\u00a0","og_url":"https:\/\/provansadekor.rs\/ru\/proizvod\/buket-18\/","og_site_name":"Provansa Dekor","article_publisher":"https:\/\/www.facebook.com\/provansadekor","article_modified_time":"2026-03-14T11:45:49+00:00","og_image":[{"width":1600,"height":1600,"url":"https:\/\/provansadekor.rs\/wp-content\/uploads\/2020\/01\/IMG-82abeaa7e839aebdeee4bd05bf701905-V.jpg","type":"image\/jpeg"}],"twitter_card":"summary_large_image","twitter_misc":{"\u041f\u0440\u0438\u043c\u0435\u0440\u043d\u043e\u0435 \u0432\u0440\u0435\u043c\u044f \u0434\u043b\u044f \u0447\u0442\u0435\u043d\u0438\u044f":"1 \u043c\u0438\u043d\u0443\u0442\u0430"},"schema":{"@context":"https:\/\/schema.org","@graph":[{"@type":["WebPage","ItemPage"],"@id":"https:\/\/provansadekor.rs\/proizvod\/buket-18\/","url":"https:\/\/provansadekor.rs\/proizvod\/buket-18\/","name":"Medeni buket crvenih ru\u017ea &#8211; Provansa Dekor","isPartOf":{"@id":"https:\/\/provansadekor.rs\/#website"},"primaryImageOfPage":{"@id":"https:\/\/provansadekor.rs\/proizvod\/buket-18\/#primaryimage"},"image":{"@id":"https:\/\/provansadekor.rs\/proizvod\/buket-18\/#primaryimage"},"thumbnailUrl":"https:\/\/provansadekor.rs\/wp-content\/uploads\/2020\/01\/IMG-82abeaa7e839aebdeee4bd05bf701905-V.jpg","datePublished":"2019-06-09T13:06:09+00:00","dateModified":"2026-03-14T11:45:49+00:00","description":"Medeni buket otmenih crvenih ru\u017ea dekorisan razigranim treferom koji dodatno krasi detalj mini pli\u0161anog medveda. Dostava Beograd\u00a0","breadcrumb":{"@id":"https:\/\/provansadekor.rs\/proizvod\/buket-18\/#breadcrumb"},"inLanguage":"ru-RU","potentialAction":[{"@type":"ReadAction","target":["https:\/\/provansadekor.rs\/proizvod\/buket-18\/"]}]},{"@type":"ImageObject","inLanguage":"ru-RU","@id":"https:\/\/provansadekor.rs\/proizvod\/buket-18\/#primaryimage","url":"https:\/\/provansadekor.rs\/wp-content\/uploads\/2020\/01\/IMG-82abeaa7e839aebdeee4bd05bf701905-V.jpg","contentUrl":"https:\/\/provansadekor.rs\/wp-content\/uploads\/2020\/01\/IMG-82abeaa7e839aebdeee4bd05bf701905-V.jpg","width":1600,"height":1600},{"@type":"BreadcrumbList","@id":"https:\/\/provansadekor.rs\/proizvod\/buket-18\/#breadcrumb","itemListElement":[{"@type":"ListItem","position":1,"name":"\u041f\u043e\u0447\u0435\u0442\u043d\u0430","item":"https:\/\/provansadekor.rs\/"},{"@type":"ListItem","position":2,"name":"\u041f\u0440\u043e\u0438\u0437\u0432\u043e\u0434\u0438","item":"https:\/\/provansadekor.rs\/shop\/"},{"@type":"ListItem","position":3,"name":"Medeni buket crvenih ru\u017ea"}]},{"@type":"WebSite","@id":"https:\/\/provansadekor.rs\/#website","url":"https:\/\/provansadekor.rs\/","name":"\u041f\u0440\u043e\u0432\u0430\u043d\u0441 \u0414\u0435\u043a\u043e\u0440","description":"\u0414\u043e\u0441\u0442\u0430\u0432\u043a\u0430 \u0446\u0432\u0435\u0442\u043e\u0432 \u0411\u0435\u043b\u0433\u0440\u0430\u0434 - \u041e\u0440\u0433\u0430\u043d\u0438\u0437\u0430\u0446\u0438\u044f \u0438 \u043e\u0444\u043e\u0440\u043c\u043b\u0435\u043d\u0438\u0435 \u043c\u0435\u0440\u043e\u043f\u0440\u0438\u044f\u0442\u0438\u0439 - \u041b\u0430\u043d\u0434\u0448\u0430\u0444\u0442\u043d\u044b\u0439 \u0434\u0438\u0437\u0430\u0439\u043d","publisher":{"@id":"https:\/\/provansadekor.rs\/#organization"},"potentialAction":[{"@type":"SearchAction","target":{"@type":"EntryPoint","urlTemplate":"https:\/\/provansadekor.rs\/?s={search_term_string}"},"query-input":{"@type":"PropertyValueSpecification","valueRequired":true,"valueName":"search_term_string"}}],"inLanguage":"ru-RU"},{"@type":"Organization","@id":"https:\/\/provansadekor.rs\/#organization","name":"\u0426\u0432\u0435\u0442\u043e\u0447\u043d\u044b\u0439 \u043c\u0430\u0433\u0430\u0437\u0438\u043d \u041f\u0440\u043e\u0432\u0430\u043d\u0441 \u0414\u0435\u043a\u043e\u0440 \u0411\u0435\u043b\u0433\u0440\u0430\u0434","url":"https:\/\/provansadekor.rs\/","logo":{"@type":"ImageObject","inLanguage":"ru-RU","@id":"https:\/\/provansadekor.rs\/#\/schema\/logo\/image\/","url":"https:\/\/provansadekor.rs\/wp-content\/uploads\/2022\/03\/logo-provansa.jpg","contentUrl":"https:\/\/provansadekor.rs\/wp-content\/uploads\/2022\/03\/logo-provansa.jpg","width":200,"height":200,"caption":"Provansa Dekor Cve\u0107ara Beograd"},"image":{"@id":"https:\/\/provansadekor.rs\/#\/schema\/logo\/image\/"},"sameAs":["https:\/\/www.facebook.com\/provansadekor","https:\/\/www.instagram.com\/provansadekor\/"]}]}},"_links":{"self":[{"href":"https:\/\/provansadekor.rs\/ru\/wp-json\/wp\/v2\/product\/3413","targetHints":{"allow":["GET"]}}],"collection":[{"href":"https:\/\/provansadekor.rs\/ru\/wp-json\/wp\/v2\/product"}],"about":[{"href":"https:\/\/provansadekor.rs\/ru\/wp-json\/wp\/v2\/types\/product"}],"version-history":[{"count":4,"href":"https:\/\/provansadekor.rs\/ru\/wp-json\/wp\/v2\/product\/3413\/revisions"}],"predecessor-version":[{"id":67365,"href":"https:\/\/provansadekor.rs\/ru\/wp-json\/wp\/v2\/product\/3413\/revisions\/67365"}],"wp:featuredmedia":[{"embeddable":true,"href":"https:\/\/provansadekor.rs\/ru\/wp-json\/wp\/v2\/media\/7148"}],"wp:attachment":[{"href":"https:\/\/provansadekor.rs\/ru\/wp-json\/wp\/v2\/media?parent=3413"}],"wp:term":[{"taxonomy":"product_brand","embeddable":true,"href":"https:\/\/provansadekor.rs\/ru\/wp-json\/wp\/v2\/product_brand?post=3413"},{"taxonomy":"product_cat","embeddable":true,"href":"https:\/\/provansadekor.rs\/ru\/wp-json\/wp\/v2\/product_cat?post=3413"},{"taxonomy":"product_tag","embeddable":true,"href":"https:\/\/provansadekor.rs\/ru\/wp-json\/wp\/v2\/product_tag?post=3413"}],"curies":[{"name":"wp","href":"https:\/\/api.w.org\/{rel}","templated":true}]}}