{"id":33996,"date":"2022-02-05T17:27:19","date_gmt":"2022-02-05T16:27:19","guid":{"rendered":"http:\/\/provansadekor.rs\/?post_type=product&#038;p=33996"},"modified":"2026-03-18T16:16:01","modified_gmt":"2026-03-18T15:16:01","slug":"101-crvena-ruza-u-korpi-za-trenutke-koji-ne-prolaze","status":"publish","type":"product","link":"https:\/\/provansadekor.rs\/ru\/proizvod\/101-crvena-ruza-u-korpi-za-trenutke-koji-ne-prolaze\/","title":{"rendered":"101 \u041a\u0440\u0430\u0441\u043d\u0430\u044f \u0440\u043e\u0437\u0430 \u0432 \u043a\u043e\u0440\u0437\u0438\u043d\u0435 \u0434\u043b\u044f \u043c\u043e\u043c\u0435\u043d\u0442\u043e\u0432, \u043a\u043e\u0442\u043e\u0440\u044b\u0435 \u043d\u0438\u043a\u043e\u0433\u0434\u0430 \u043d\u0435 \u043f\u0440\u043e\u0445\u043e\u0434\u044f\u0442"},"content":{"rendered":"<h2>101 crvena ru\u017ea u korpi za trenutke koji ne prolaze<\/h2>\n<p><strong>101 crvena ru\u017ea u korpi<\/strong> za trenutke koji ne prolaze je poklon koji \u0107e odu\u0161eviti svaku \u017eenu.<\/p>\n<p><em>\u0412\u0438\u0434\u044b <\/em><em>\u0446\u0432\u0435\u0442\u044b \u0432 \u043a\u043e\u043c\u043f\u043e\u0437\u0438\u0446\u0438\u0438<\/em>:<strong> \u043a\u0440\u0430\u0441\u043d\u044b\u0435 \u0440\u043e\u0437\u044b.<\/strong><\/p>\n<p><em>\u0421\u043e\u043f\u0443\u0442\u0441\u0442\u0432\u0443\u044e\u0449\u0435\u0435 \u043e\u0444\u043e\u0440\u043c\u043b\u0435\u043d\u0438\u0435<\/em><strong>:<\/strong> ru\u010dno pletena korpa od pru\u0107a, satenska ma\u0161na crvene boje i \u0161arena roze ma\u0161na, kartica sa posvetom.<\/p>\n<p>Savr\u0161en spoj ru\u010dno pletena korpa od pru\u0107a i<a href=\"https:\/\/provansadekor.rs\/101-ruza-dostava-beograd\/\"> <strong>101 \u0440\u043e\u0437\u0430<\/strong><\/a> sa kombinacijom dve ma\u0161ne razli\u010ditih boja predstavlja savr\u0161eni poklon za svaku priliku. Iznenadi je na pravi na\u010din!<\/p>\n<p><a href=\"https:\/\/provansadekor.rs\/online-cvecara\/\">Dostava cve\u0107a u Beogradu u najkra\u0107em roku<\/a>.<\/p>\n<h2><\/h2>","protected":false},"excerpt":{"rendered":"<p>101 crvena ru\u017ea u korpi za trenutke koji ne prolaze 101 crvena ru\u017ea u korpi za trenutke koji ne prolaze je poklon koji \u0107e odu\u0161eviti svaku \u017eenu. Vrste cve\u0107a u aran\u017emanu: crvene ru\u017ee. Prate\u0107a dekoracija: ru\u010dno pletena korpa od pru\u0107a, satenska ma\u0161na crvene boje i \u0161arena roze ma\u0161na, kartica sa posvetom. Savr\u0161en spoj ru\u010dno pletena [&hellip;]<\/p>","protected":false},"featured_media":64519,"template":"","meta":[],"product_brand":[],"product_cat":[162],"product_tag":[319,318],"class_list":{"0":"post-33996","1":"product","2":"type-product","3":"status-publish","4":"has-post-thumbnail","6":"product_cat-101-ruza","7":"product_tag-101-crvena-ruza","8":"product_tag-crvene-ruze","10":"first","11":"instock","12":"shipping-taxable","13":"purchasable","14":"product-type-simple"},"yoast_head":"<!-- This site is optimized with the Yoast SEO Premium plugin v20.9 (Yoast SEO v26.5) - https:\/\/yoast.com\/wordpress\/plugins\/seo\/ -->\n<title>101 crvena ru\u017ea u korpi od pru\u0107a &#8211; Provansa Dekor<\/title>\n<meta name=\"description\" content=\"101 crvena ru\u017ea u pletenoj korpi sa kombinacijom dve ma\u0161ne razli\u010ditih boja predstavlja savr\u0161eni poklon za svaku priliku. Dostava cve\u0107a u Beogradu za 1h!\" \/>\n<meta name=\"robots\" content=\"index, follow, max-snippet:-1, max-image-preview:large, max-video-preview:-1\" \/>\n<link rel=\"canonical\" href=\"https:\/\/provansadekor.rs\/ru\/proizvod\/101-crvena-ruza-u-korpi-za-trenutke-koji-ne-prolaze\/\" \/>\n<meta property=\"og:locale\" content=\"ru_RU\" \/>\n<meta property=\"og:type\" content=\"article\" \/>\n<meta property=\"og:title\" content=\"101 Crvena ru\u017ea u korpi za trenutke koji ne prolaze\" \/>\n<meta property=\"og:description\" content=\"101 crvena ru\u017ea u pletenoj korpi sa kombinacijom dve ma\u0161ne razli\u010ditih boja predstavlja savr\u0161eni poklon za svaku priliku. Dostava cve\u0107a u Beogradu za 1h!\" \/>\n<meta property=\"og:url\" content=\"https:\/\/provansadekor.rs\/ru\/proizvod\/101-crvena-ruza-u-korpi-za-trenutke-koji-ne-prolaze\/\" \/>\n<meta property=\"og:site_name\" content=\"Provansa Dekor\" \/>\n<meta property=\"article:publisher\" content=\"https:\/\/www.facebook.com\/provansadekor\" \/>\n<meta property=\"article:modified_time\" content=\"2026-03-18T15:16:01+00:00\" \/>\n<meta property=\"og:image\" content=\"https:\/\/provansadekor.rs\/wp-content\/uploads\/2022\/08\/36.jpg\" \/>\n\t<meta property=\"og:image:width\" content=\"900\" \/>\n\t<meta property=\"og:image:height\" content=\"900\" \/>\n\t<meta property=\"og:image:type\" content=\"image\/jpeg\" \/>\n<meta name=\"twitter:card\" content=\"summary_large_image\" \/>\n<meta name=\"twitter:label1\" content=\"\u041f\u0440\u0438\u043c\u0435\u0440\u043d\u043e\u0435 \u0432\u0440\u0435\u043c\u044f \u0434\u043b\u044f \u0447\u0442\u0435\u043d\u0438\u044f\" \/>\n\t<meta name=\"twitter:data1\" content=\"1 \u043c\u0438\u043d\u0443\u0442\u0430\" \/>\n<script type=\"application\/ld+json\" class=\"yoast-schema-graph\">{\"@context\":\"https:\/\/schema.org\",\"@graph\":[{\"@type\":[\"WebPage\",\"ItemPage\"],\"@id\":\"https:\/\/provansadekor.rs\/proizvod\/101-crvena-ruza-u-korpi-za-trenutke-koji-ne-prolaze\/\",\"url\":\"https:\/\/provansadekor.rs\/proizvod\/101-crvena-ruza-u-korpi-za-trenutke-koji-ne-prolaze\/\",\"name\":\"101 crvena ru\u017ea u korpi od pru\u0107a &#8211; Provansa Dekor\",\"isPartOf\":{\"@id\":\"https:\/\/provansadekor.rs\/#website\"},\"primaryImageOfPage\":{\"@id\":\"https:\/\/provansadekor.rs\/proizvod\/101-crvena-ruza-u-korpi-za-trenutke-koji-ne-prolaze\/#primaryimage\"},\"image\":{\"@id\":\"https:\/\/provansadekor.rs\/proizvod\/101-crvena-ruza-u-korpi-za-trenutke-koji-ne-prolaze\/#primaryimage\"},\"thumbnailUrl\":\"https:\/\/provansadekor.rs\/wp-content\/uploads\/2022\/08\/36.jpg\",\"datePublished\":\"2022-02-05T16:27:19+00:00\",\"dateModified\":\"2026-03-18T15:16:01+00:00\",\"description\":\"101 crvena ru\u017ea u pletenoj korpi sa kombinacijom dve ma\u0161ne razli\u010ditih boja predstavlja savr\u0161eni poklon za svaku priliku. Dostava cve\u0107a u Beogradu za 1h!\",\"breadcrumb\":{\"@id\":\"https:\/\/provansadekor.rs\/proizvod\/101-crvena-ruza-u-korpi-za-trenutke-koji-ne-prolaze\/#breadcrumb\"},\"inLanguage\":\"ru-RU\",\"potentialAction\":[{\"@type\":\"ReadAction\",\"target\":[\"https:\/\/provansadekor.rs\/proizvod\/101-crvena-ruza-u-korpi-za-trenutke-koji-ne-prolaze\/\"]}]},{\"@type\":\"ImageObject\",\"inLanguage\":\"ru-RU\",\"@id\":\"https:\/\/provansadekor.rs\/proizvod\/101-crvena-ruza-u-korpi-za-trenutke-koji-ne-prolaze\/#primaryimage\",\"url\":\"https:\/\/provansadekor.rs\/wp-content\/uploads\/2022\/08\/36.jpg\",\"contentUrl\":\"https:\/\/provansadekor.rs\/wp-content\/uploads\/2022\/08\/36.jpg\",\"width\":900,\"height\":900,\"caption\":\"101 crvena ru\u017ea u korpi - cve\u0107ara provansa dekor - dostava cve\u0107a Beograd\"},{\"@type\":\"BreadcrumbList\",\"@id\":\"https:\/\/provansadekor.rs\/proizvod\/101-crvena-ruza-u-korpi-za-trenutke-koji-ne-prolaze\/#breadcrumb\",\"itemListElement\":[{\"@type\":\"ListItem\",\"position\":1,\"name\":\"\u041f\u043e\u0447\u0435\u0442\u043d\u0430\",\"item\":\"https:\/\/provansadekor.rs\/\"},{\"@type\":\"ListItem\",\"position\":2,\"name\":\"\u041f\u0440\u043e\u0438\u0437\u0432\u043e\u0434\u0438\",\"item\":\"https:\/\/provansadekor.rs\/shop\/\"},{\"@type\":\"ListItem\",\"position\":3,\"name\":\"101 Crvena ru\u017ea u korpi za trenutke koji ne prolaze\"}]},{\"@type\":\"WebSite\",\"@id\":\"https:\/\/provansadekor.rs\/#website\",\"url\":\"https:\/\/provansadekor.rs\/\",\"name\":\"Provansa Dekor\",\"description\":\"Dostava cve\u0107a Beograd - Organizacija i Dekoracija doga\u0111aja - Ure\u0111enje zelenih povr\u0161ina\",\"publisher\":{\"@id\":\"https:\/\/provansadekor.rs\/#organization\"},\"potentialAction\":[{\"@type\":\"SearchAction\",\"target\":{\"@type\":\"EntryPoint\",\"urlTemplate\":\"https:\/\/provansadekor.rs\/?s={search_term_string}\"},\"query-input\":{\"@type\":\"PropertyValueSpecification\",\"valueRequired\":true,\"valueName\":\"search_term_string\"}}],\"inLanguage\":\"ru-RU\"},{\"@type\":\"Organization\",\"@id\":\"https:\/\/provansadekor.rs\/#organization\",\"name\":\"Provansa Dekor Cve\u0107ara Beograd\",\"url\":\"https:\/\/provansadekor.rs\/\",\"logo\":{\"@type\":\"ImageObject\",\"inLanguage\":\"ru-RU\",\"@id\":\"https:\/\/provansadekor.rs\/#\/schema\/logo\/image\/\",\"url\":\"https:\/\/provansadekor.rs\/wp-content\/uploads\/2022\/03\/logo-provansa.jpg\",\"contentUrl\":\"https:\/\/provansadekor.rs\/wp-content\/uploads\/2022\/03\/logo-provansa.jpg\",\"width\":200,\"height\":200,\"caption\":\"Provansa Dekor Cve\u0107ara Beograd\"},\"image\":{\"@id\":\"https:\/\/provansadekor.rs\/#\/schema\/logo\/image\/\"},\"sameAs\":[\"https:\/\/www.facebook.com\/provansadekor\",\"https:\/\/www.instagram.com\/provansadekor\/\"]}]}<\/script>\n<!-- \/ Yoast SEO Premium plugin. -->","yoast_head_json":{"title":"101 crvena ru\u017ea u korpi od pru\u0107a &#8211; Provansa Dekor","description":"101 crvena ru\u017ea u pletenoj korpi sa kombinacijom dve ma\u0161ne razli\u010ditih boja predstavlja savr\u0161eni poklon za svaku priliku. Dostava cve\u0107a u Beogradu za 1h!","robots":{"index":"index","follow":"follow","max-snippet":"max-snippet:-1","max-image-preview":"max-image-preview:large","max-video-preview":"max-video-preview:-1"},"canonical":"https:\/\/provansadekor.rs\/ru\/proizvod\/101-crvena-ruza-u-korpi-za-trenutke-koji-ne-prolaze\/","og_locale":"ru_RU","og_type":"article","og_title":"101 Crvena ru\u017ea u korpi za trenutke koji ne prolaze","og_description":"101 crvena ru\u017ea u pletenoj korpi sa kombinacijom dve ma\u0161ne razli\u010ditih boja predstavlja savr\u0161eni poklon za svaku priliku. Dostava cve\u0107a u Beogradu za 1h!","og_url":"https:\/\/provansadekor.rs\/ru\/proizvod\/101-crvena-ruza-u-korpi-za-trenutke-koji-ne-prolaze\/","og_site_name":"Provansa Dekor","article_publisher":"https:\/\/www.facebook.com\/provansadekor","article_modified_time":"2026-03-18T15:16:01+00:00","og_image":[{"width":900,"height":900,"url":"https:\/\/provansadekor.rs\/wp-content\/uploads\/2022\/08\/36.jpg","type":"image\/jpeg"}],"twitter_card":"summary_large_image","twitter_misc":{"\u041f\u0440\u0438\u043c\u0435\u0440\u043d\u043e\u0435 \u0432\u0440\u0435\u043c\u044f \u0434\u043b\u044f \u0447\u0442\u0435\u043d\u0438\u044f":"1 \u043c\u0438\u043d\u0443\u0442\u0430"},"schema":{"@context":"https:\/\/schema.org","@graph":[{"@type":["WebPage","ItemPage"],"@id":"https:\/\/provansadekor.rs\/proizvod\/101-crvena-ruza-u-korpi-za-trenutke-koji-ne-prolaze\/","url":"https:\/\/provansadekor.rs\/proizvod\/101-crvena-ruza-u-korpi-za-trenutke-koji-ne-prolaze\/","name":"101 crvena ru\u017ea u korpi od pru\u0107a &#8211; Provansa Dekor","isPartOf":{"@id":"https:\/\/provansadekor.rs\/#website"},"primaryImageOfPage":{"@id":"https:\/\/provansadekor.rs\/proizvod\/101-crvena-ruza-u-korpi-za-trenutke-koji-ne-prolaze\/#primaryimage"},"image":{"@id":"https:\/\/provansadekor.rs\/proizvod\/101-crvena-ruza-u-korpi-za-trenutke-koji-ne-prolaze\/#primaryimage"},"thumbnailUrl":"https:\/\/provansadekor.rs\/wp-content\/uploads\/2022\/08\/36.jpg","datePublished":"2022-02-05T16:27:19+00:00","dateModified":"2026-03-18T15:16:01+00:00","description":"101 crvena ru\u017ea u pletenoj korpi sa kombinacijom dve ma\u0161ne razli\u010ditih boja predstavlja savr\u0161eni poklon za svaku priliku. Dostava cve\u0107a u Beogradu za 1h!","breadcrumb":{"@id":"https:\/\/provansadekor.rs\/proizvod\/101-crvena-ruza-u-korpi-za-trenutke-koji-ne-prolaze\/#breadcrumb"},"inLanguage":"ru-RU","potentialAction":[{"@type":"ReadAction","target":["https:\/\/provansadekor.rs\/proizvod\/101-crvena-ruza-u-korpi-za-trenutke-koji-ne-prolaze\/"]}]},{"@type":"ImageObject","inLanguage":"ru-RU","@id":"https:\/\/provansadekor.rs\/proizvod\/101-crvena-ruza-u-korpi-za-trenutke-koji-ne-prolaze\/#primaryimage","url":"https:\/\/provansadekor.rs\/wp-content\/uploads\/2022\/08\/36.jpg","contentUrl":"https:\/\/provansadekor.rs\/wp-content\/uploads\/2022\/08\/36.jpg","width":900,"height":900,"caption":"101 crvena ru\u017ea u korpi - cve\u0107ara provansa dekor - dostava cve\u0107a Beograd"},{"@type":"BreadcrumbList","@id":"https:\/\/provansadekor.rs\/proizvod\/101-crvena-ruza-u-korpi-za-trenutke-koji-ne-prolaze\/#breadcrumb","itemListElement":[{"@type":"ListItem","position":1,"name":"\u041f\u043e\u0447\u0435\u0442\u043d\u0430","item":"https:\/\/provansadekor.rs\/"},{"@type":"ListItem","position":2,"name":"\u041f\u0440\u043e\u0438\u0437\u0432\u043e\u0434\u0438","item":"https:\/\/provansadekor.rs\/shop\/"},{"@type":"ListItem","position":3,"name":"101 Crvena ru\u017ea u korpi za trenutke koji ne prolaze"}]},{"@type":"WebSite","@id":"https:\/\/provansadekor.rs\/#website","url":"https:\/\/provansadekor.rs\/","name":"\u041f\u0440\u043e\u0432\u0430\u043d\u0441 \u0414\u0435\u043a\u043e\u0440","description":"\u0414\u043e\u0441\u0442\u0430\u0432\u043a\u0430 \u0446\u0432\u0435\u0442\u043e\u0432 \u0411\u0435\u043b\u0433\u0440\u0430\u0434 - \u041e\u0440\u0433\u0430\u043d\u0438\u0437\u0430\u0446\u0438\u044f \u0438 \u043e\u0444\u043e\u0440\u043c\u043b\u0435\u043d\u0438\u0435 \u043c\u0435\u0440\u043e\u043f\u0440\u0438\u044f\u0442\u0438\u0439 - \u041b\u0430\u043d\u0434\u0448\u0430\u0444\u0442\u043d\u044b\u0439 \u0434\u0438\u0437\u0430\u0439\u043d","publisher":{"@id":"https:\/\/provansadekor.rs\/#organization"},"potentialAction":[{"@type":"SearchAction","target":{"@type":"EntryPoint","urlTemplate":"https:\/\/provansadekor.rs\/?s={search_term_string}"},"query-input":{"@type":"PropertyValueSpecification","valueRequired":true,"valueName":"search_term_string"}}],"inLanguage":"ru-RU"},{"@type":"Organization","@id":"https:\/\/provansadekor.rs\/#organization","name":"\u0426\u0432\u0435\u0442\u043e\u0447\u043d\u044b\u0439 \u043c\u0430\u0433\u0430\u0437\u0438\u043d \u041f\u0440\u043e\u0432\u0430\u043d\u0441 \u0414\u0435\u043a\u043e\u0440 \u0411\u0435\u043b\u0433\u0440\u0430\u0434","url":"https:\/\/provansadekor.rs\/","logo":{"@type":"ImageObject","inLanguage":"ru-RU","@id":"https:\/\/provansadekor.rs\/#\/schema\/logo\/image\/","url":"https:\/\/provansadekor.rs\/wp-content\/uploads\/2022\/03\/logo-provansa.jpg","contentUrl":"https:\/\/provansadekor.rs\/wp-content\/uploads\/2022\/03\/logo-provansa.jpg","width":200,"height":200,"caption":"Provansa Dekor Cve\u0107ara Beograd"},"image":{"@id":"https:\/\/provansadekor.rs\/#\/schema\/logo\/image\/"},"sameAs":["https:\/\/www.facebook.com\/provansadekor","https:\/\/www.instagram.com\/provansadekor\/"]}]}},"_links":{"self":[{"href":"https:\/\/provansadekor.rs\/ru\/wp-json\/wp\/v2\/product\/33996","targetHints":{"allow":["GET"]}}],"collection":[{"href":"https:\/\/provansadekor.rs\/ru\/wp-json\/wp\/v2\/product"}],"about":[{"href":"https:\/\/provansadekor.rs\/ru\/wp-json\/wp\/v2\/types\/product"}],"version-history":[{"count":9,"href":"https:\/\/provansadekor.rs\/ru\/wp-json\/wp\/v2\/product\/33996\/revisions"}],"predecessor-version":[{"id":70378,"href":"https:\/\/provansadekor.rs\/ru\/wp-json\/wp\/v2\/product\/33996\/revisions\/70378"}],"wp:featuredmedia":[{"embeddable":true,"href":"https:\/\/provansadekor.rs\/ru\/wp-json\/wp\/v2\/media\/64519"}],"wp:attachment":[{"href":"https:\/\/provansadekor.rs\/ru\/wp-json\/wp\/v2\/media?parent=33996"}],"wp:term":[{"taxonomy":"product_brand","embeddable":true,"href":"https:\/\/provansadekor.rs\/ru\/wp-json\/wp\/v2\/product_brand?post=33996"},{"taxonomy":"product_cat","embeddable":true,"href":"https:\/\/provansadekor.rs\/ru\/wp-json\/wp\/v2\/product_cat?post=33996"},{"taxonomy":"product_tag","embeddable":true,"href":"https:\/\/provansadekor.rs\/ru\/wp-json\/wp\/v2\/product_tag?post=33996"}],"curies":[{"name":"wp","href":"https:\/\/api.w.org\/{rel}","templated":true}]}}