{"id":33884,"date":"2022-02-05T13:20:28","date_gmt":"2022-02-05T12:20:28","guid":{"rendered":"http:\/\/provansadekor.rs\/?post_type=product&#038;p=33884"},"modified":"2026-03-18T16:16:40","modified_gmt":"2026-03-18T15:16:40","slug":"101-ruza-u-buketu-za-trenutke-koji-ce-se-prepricavati","status":"publish","type":"product","link":"https:\/\/provansadekor.rs\/ru\/proizvod\/101-\u0440\u043e\u0437\u0430-\u0432-\u0431\u0443\u043a\u0435\u0442\u0435-\u0434\u043b\u044f-\u043c\u043e\u043c\u0435\u043d\u0442\u043e\u0432-\u043a\u043e\u0442\u043e\u0440\u044b\u0435-\u0431\u0443\/","title":{"rendered":"101 \u0440\u043e\u0437\u0430 \u0432 \u0431\u0443\u043a\u0435\u0442\u0435 \u0434\u043b\u044f \u043c\u043e\u043c\u0435\u043d\u0442\u043e\u0432, \u043a\u043e\u0442\u043e\u0440\u044b\u0435 \u0437\u0430\u043f\u043e\u043c\u043d\u044f\u0442\u0441\u044f"},"content":{"rendered":"<div class=\"main-content col-lg-9\">\n<div id=\"primary\" class=\"content-area\">\n<h2>101 \u0440\u043e\u0437\u0430 \u0432 \u0431\u0443\u043a\u0435\u0442\u0435 \u0434\u043b\u044f \u043c\u043e\u043c\u0435\u043d\u0442\u043e\u0432, \u043a\u043e\u0442\u043e\u0440\u044b\u0435 \u0437\u0430\u043f\u043e\u043c\u043d\u044f\u0442\u0441\u044f<\/h2>\n<p><a href=\"https:\/\/provansadekor.rs\/101-ruza-dostava-beograd\/\"><strong>101 \u0420\u043e\u0437\u0430 \u0432 \u0431\u0443\u043a\u0435\u0442\u0435<\/strong><\/a> \u0434\u043b\u044f \u043c\u043e\u043c\u0435\u043d\u0442\u043e\u0432, \u043a\u043e\u0442\u043e\u0440\u044b\u0435 \u0437\u0430\u0441\u0442\u0430\u0432\u044f\u0442 \u0432\u0430\u0448\u0438\u0445 \u0431\u043b\u0438\u0437\u043a\u0438\u0445 \u0437\u0430\u0442\u0430\u0438\u0442\u044c \u0434\u044b\u0445\u0430\u043d\u0438\u0435.<\/p>\n<p><em>\u0412\u0438\u0434\u044b \u0446\u0432\u0435\u0442\u043e\u0432 \u0432 \u0431\u0443\u043a\u0435\u0442\u0435<\/em>:<strong> \u043a\u0440\u0430\u0441\u043d\u044b\u0435 \u0440\u043e\u0437\u044b.<\/strong><\/p>\n<p><em>\u0421\u043e\u043f\u0443\u0442\u0441\u0442\u0432\u0443\u044e\u0449\u0435\u0435 \u043e\u0444\u043e\u0440\u043c\u043b\u0435\u043d\u0438\u0435<\/em>: \u0411\u0443\u043c\u0430\u0433\u0430 Natron \u0431\u0435\u0436\u0435\u0432\u043e\u0433\u043e \u0446\u0432\u0435\u0442\u0430, \u0447\u0435\u0440\u043d\u044b\u0439 \u043a\u0440\u0443\u0436\u0435\u0432\u043d\u043e\u0439 \u0431\u0430\u043d\u0442, \u0431\u0430\u043d\u0442 \u0432 \u0447\u0435\u0440\u043d\u043e-\u0431\u0435\u043b\u0443\u044e \u043f\u043e\u043b\u043e\u0441\u043a\u0443.<\/p>\n<div id=\"product-30600\" class=\"product type-product post-30600 status-publish first instock product_cat-online-cvecara product_cat-101-ruza product_cat-luksuzni-aranzmani product_cat-buketi-cveca has-post-thumbnail shipping-taxable purchasable product-type-simple product-layout-default\">\n<div id=\"product-tab\" class=\"woocommerce-tabs woocommerce-tabs-hl3swnrn resp-htabs\">\n<div class=\"resp-tabs-container\">\n<div id=\"tab-description\" class=\"tab-content resp-tab-content resp-tab-content-active\" aria-labelledby=\"tab_item-0\">\n<div id=\"product-16134\" class=\"product type-product post-16134 status-publish first instock product_cat-101-ruza has-post-thumbnail featured shipping-taxable purchasable product-type-simple product-layout-default\">\n<div id=\"product-tab\" class=\"woocommerce-tabs woocommerce-tabs-s7fckep7 resp-htabs\">\n<div class=\"resp-tabs-container\">\n<div id=\"tab-description\" class=\"tab-content resp-tab-content resp-tab-content-active\" aria-labelledby=\"tab_item-1\">\n<p><strong>101 \u0440\u043e\u0437\u0430<\/strong> \u043a\u043e\u0442\u043e\u0440\u044b\u0439 \u0442\u0449\u0430\u0442\u0435\u043b\u044c\u043d\u043e \u043f\u043e\u0434\u043e\u0431\u0440\u0430\u043d \u0438 \u0441\u043e\u0431\u0440\u0430\u043d \u0432 \u0431\u0443\u043a\u0435\u0442, \u0443\u043a\u0440\u0430\u0448\u0435\u043d\u043d\u044b\u0439 \u0441\u043e\u0434\u043e\u0432\u043e\u0439 \u0431\u0443\u043c\u0430\u0433\u043e\u0439 \u0438 \u0441\u043e\u0447\u0435\u0442\u0430\u043d\u0438\u0435\u043c \u0434\u0432\u0443\u0445\u0446\u0432\u0435\u0442\u043d\u044b\u0445 \u0431\u0430\u043d\u0442\u043e\u0432 \u2013 \u0432\u0430\u0448 \u0438\u0434\u0435\u0430\u043b\u044c\u043d\u044b\u0439 \u043f\u043e\u0434\u0430\u0440\u043e\u043a \u043b\u044e\u0431\u0438\u043c\u043e\u043c\u0443 \u0447\u0435\u043b\u043e\u0432\u0435\u043a\u0443. \u0412\u043d\u0443\u0448\u0438\u0442\u0435\u043b\u044c\u043d\u044b\u0439 \u0440\u0430\u0437\u043c\u0435\u0440 <strong>\u0431\u0443\u043a\u0435\u0442<\/strong> \u043e\u0441\u0442\u0430\u0432\u0438\u0442 \u043f\u043e\u043b\u0443\u0447\u0430\u0442\u0435\u043b\u044f \u0437\u0430\u0442\u0430\u0438\u0432\u0448\u0438\u043c \u0434\u044b\u0445\u0430\u043d\u0438\u0435 \u0438 \u0432 \u043d\u0435\u0434\u043e\u0443\u043c\u0435\u043d\u0438\u0438. \u041c\u043e\u043c\u0435\u043d\u0442, \u043a\u043e\u0442\u043e\u0440\u044b\u0439 \u0431\u0443\u0434\u0443\u0442 \u0432\u0441\u043f\u043e\u043c\u0438\u043d\u0430\u0442\u044c \u0433\u043e\u0434\u0430\u043c\u0438!<\/p>\n<h3>\u0412\u044b\u0431\u0435\u0440\u0438\u0442\u0435 \u0441\u0432\u043e\u0439 \u0438\u0434\u0435\u0430\u043b\u044c\u043d\u044b\u0439 \u043f\u043e\u0434\u0430\u0440\u043e\u043a<\/h3>\n<ul>\n<li>\n<h4>101 \u0440\u043e\u0437\u0430,<\/h4>\n<\/li>\n<li>\n<h4>201, 301\u2026 \u0434\u0430\u0436\u0435 1001 \u0440\u043e\u0437\u0430!<\/h4>\n<\/li>\n<li>\n<h4>\u0431\u0443\u043a\u0435\u0442\u044b \u0440\u043e\u0437,<\/h4>\n<\/li>\n<li>\n<h4>101 \u0420\u043e\u0437\u0430 \u0432 \u043a\u043e\u0440\u043e\u0431\u043a\u0435,<\/h4>\n<\/li>\n<li>\n<h4>\u0420\u043e\u0441\u043a\u043e\u0448\u043d\u044b\u0435 \u043a\u043e\u043c\u043f\u043e\u0437\u0438\u0446\u0438\u0438 \u0438 \u043f\u043e\u0434\u0430\u0440\u043a\u0438.<\/h4>\n<\/li>\n<\/ul>\n<p>\u041d\u0438\u0447\u0442\u043e \u0434\u0440\u0443\u0433\u043e\u0435 \u043d\u0435 \u043e\u0442\u043f\u0440\u0430\u0432\u0438\u0442 \u0441\u043e\u043e\u0431\u0449\u0435\u043d\u0438\u0435 \u0442\u0430\u043a \u0433\u0440\u043e\u043c\u043a\u043e \u0438 \u044f\u0441\u043d\u043e, \u043a\u0430\u043a \u043e\u043d\u0438. <strong>\u0440\u043e\u0437\u044b<\/strong>. \u0418 \u043d\u0438 \u0431\u043e\u043b\u044c\u0448\u0435, \u043d\u0438 \u043c\u0435\u043d\u044c\u0448\u0435 <strong>101<\/strong>! \u041c\u043e\u0436\u0435\u0442 \u0431\u044b\u0442\u044c\u00a0<strong>101 \u0440\u043e\u0437\u0430<\/strong>\u00a0\u043d\u0435\u0434\u043e\u0441\u0442\u0430\u0442\u043e\u0447\u043d\u043e?<\/p>\n<h1>101 \u0440\u043e\u0437\u0430, <a href=\"https:\/\/provansadekor.rs\/online-cvecara\/\">\u0414\u043e\u0441\u0442\u0430\u0432\u043a\u0430 \u0446\u0432\u0435\u0442\u043e\u0432 \u0411\u0435\u043b\u0433\u0440\u0430\u0434<\/a><\/h1>\n<\/div>\n<\/div>\n<\/div>\n<\/div>\n<\/div>\n<\/div>\n<\/div>\n<\/div>\n<p>&nbsp;<\/p>\n<\/div>\n<\/div>\n<div class=\"col-lg-3 sidebar porto-woo-product-sidebar right-sidebar mobile-sidebar\">\n<div class=\"pin-wrapper\">\n<div class=\"sticky-active\" data-plugin-sticky=\"\" data-plugin-options=\"{&quot;autoInit&quot;: true, &quot;minWidth&quot;: 992, &quot;containerSelector&quot;: &quot;.main-content-wrap&quot;,&quot;autoFit&quot;:true, &quot;paddingOffsetBottom&quot;: 10}\">\n<div class=\"sidebar-content\">\n<aside id=\"block-widget-2\" class=\"widget widget-block\">\n<div class=\"block\">\n<div class=\"pb-edit-link\" data-title=\"Edit block: Woo Sidebar Banner\" data-link=\"http:\/\/provansadekor.rs\/wp-admin\/post.php?post=286&amp;action=edit\"><\/div>\n<div class=\"porto-block has-pb-edit\" title=\"\" data-original-title=\"\">\n<div class=\"vc_row wpb_row row\">\n<div class=\"vc_column_container col-md-12\">\n<div class=\"wpb_wrapper vc_column-inner\">\n<div class=\"porto-feature-box wpb_content_element feature-bottom-margin m-b-md\">\n<div class=\"feature-box feature-box-primary feature-box-style-2\">\n<div class=\"feature-box-icon feature-box-icon-primary\"><\/div>\n<\/div>\n<\/div>\n<\/div>\n<\/div>\n<\/div>\n<\/div>\n<\/div>\n<\/aside>\n<\/div>\n<\/div>\n<\/div>\n<\/div>","protected":false},"excerpt":{"rendered":"<p>101 \u0440\u043e\u0437\u0430 \u0432 \u0431\u0443\u043a\u0435\u0442\u0435 \u0434\u043b\u044f \u043c\u043e\u043c\u0435\u043d\u0442\u043e\u0432, \u043a\u043e\u0442\u043e\u0440\u044b\u0435 \u0431\u0443\u0434\u0443\u0442 \u043f\u0435\u0440\u0435\u0441\u043a\u0430\u0437\u0430\u043d\u044b 101 \u0440\u043e\u0437\u0430 \u0432 \u0431\u0443\u043a\u0435\u0442\u0435 \u0434\u043b\u044f \u043c\u043e\u043c\u0435\u043d\u0442\u043e\u0432, \u043a\u043e\u0442\u043e\u0440\u044b\u0435 \u0437\u0430\u0441\u0442\u0430\u0432\u044f\u0442 \u0432\u0430\u0448\u0438\u0445 \u0431\u043b\u0438\u0437\u043a\u0438\u0445 \u0437\u0430\u0442\u0430\u0438\u0442\u044c \u0434\u044b\u0445\u0430\u043d\u0438\u0435. \u0412\u0438\u0434\u044b \u0446\u0432\u0435\u0442\u043e\u0432 \u0432 \u0431\u0443\u043a\u0435\u0442\u0435: \u043a\u0440\u0430\u0441\u043d\u044b\u0435 \u0440\u043e\u0437\u044b. \u0421\u043e\u043f\u0443\u0442\u0441\u0442\u0432\u0443\u044e\u0449\u0435\u0435 \u0443\u043a\u0440\u0430\u0448\u0435\u043d\u0438\u0435: \u0431\u0443\u043c\u0430\u0433\u0430 Natron \u0431\u0435\u0436\u0435\u0432\u043e\u0433\u043e \u0446\u0432\u0435\u0442\u0430, \u0447\u0435\u0440\u043d\u044b\u0439 \u043a\u0440\u0443\u0436\u0435\u0432\u043d\u043e\u0439 \u0431\u0430\u043d\u0442, \u0431\u0430\u043d\u0442 \u0432 \u0447\u0435\u0440\u043d\u043e-\u0431\u0435\u043b\u0443\u044e \u043f\u043e\u043b\u043e\u0441\u043a\u0443. 101 \u0440\u043e\u0437\u0430, \u0442\u0449\u0430\u0442\u0435\u043b\u044c\u043d\u043e \u043e\u0442\u043e\u0431\u0440\u0430\u043d\u043d\u044b\u0435 \u0438 \u0441\u043e\u0431\u0440\u0430\u043d\u043d\u044b\u0435 \u0432 \u0431\u0443\u043a\u0435\u0442, \u0443\u043a\u0440\u0430\u0448\u0435\u043d\u043d\u044b\u0439 \u043d\u0430\u0442\u0440\u043e\u043d\u043e\u043c [...]<\/p>","protected":false},"featured_media":33769,"template":"","meta":[],"product_brand":[324],"product_cat":[320,162,169,115,286],"product_tag":[319,269,318,283,323],"class_list":{"0":"post-33884","1":"product","2":"type-product","3":"status-publish","4":"has-post-thumbnail","6":"product_brand-jesen-2025-by-provansa-dekor","7":"product_cat-8-mart","8":"product_cat-101-ruza","9":"product_cat-dan-zaljubljenih","10":"product_cat-buketi-cveca","11":"product_cat-xxl-buketi","12":"product_tag-101-crvena-ruza","13":"product_tag-101-ruza","14":"product_tag-crvene-ruze","15":"product_tag-dostava-cveca-beograd","16":"product_tag-sept25","18":"first","19":"instock","20":"shipping-taxable","21":"purchasable","22":"product-type-simple"},"yoast_head":"<!-- This site is optimized with the Yoast SEO Premium plugin v20.9 (Yoast SEO v26.5) - https:\/\/yoast.com\/wordpress\/plugins\/seo\/ -->\n<title>101 Ru\u017ea u buketu za prepri\u010davanje &#8211; Provansa Dekor<\/title>\n<meta name=\"description\" content=\"101 ru\u017ea u buketu pa\u017eljivo birana jer ne postoji ni\u0161ta sli\u010dno \u0161to \u0107e tako jasno i glasno poslati poruku kao \u0161to su to ru\u017ee. I to ni vi\u0161e ni manje, nego 101!\" \/>\n<meta name=\"robots\" content=\"index, follow, max-snippet:-1, max-image-preview:large, max-video-preview:-1\" \/>\n<link rel=\"canonical\" href=\"https:\/\/provansadekor.rs\/ru\/proizvod\/101-\u0440\u043e\u0437\u0430-\u0432-\u0431\u0443\u043a\u0435\u0442\u0435-\u0434\u043b\u044f-\u043c\u043e\u043c\u0435\u043d\u0442\u043e\u0432-\u043a\u043e\u0442\u043e\u0440\u044b\u0435-\u0431\u0443\/\" \/>\n<meta property=\"og:locale\" content=\"ru_RU\" \/>\n<meta property=\"og:type\" content=\"article\" \/>\n<meta property=\"og:title\" content=\"101 Ru\u017ea u buketu za trenutke koji \u0107e se prepri\u010davati\" \/>\n<meta property=\"og:description\" content=\"101 ru\u017ea u buketu pa\u017eljivo birana jer ne postoji ni\u0161ta sli\u010dno \u0161to \u0107e tako jasno i glasno poslati poruku kao \u0161to su to ru\u017ee. I to ni vi\u0161e ni manje, nego 101!\" \/>\n<meta property=\"og:url\" content=\"https:\/\/provansadekor.rs\/ru\/proizvod\/101-\u0440\u043e\u0437\u0430-\u0432-\u0431\u0443\u043a\u0435\u0442\u0435-\u0434\u043b\u044f-\u043c\u043e\u043c\u0435\u043d\u0442\u043e\u0432-\u043a\u043e\u0442\u043e\u0440\u044b\u0435-\u0431\u0443\/\" \/>\n<meta property=\"og:site_name\" content=\"Provansa Dekor\" \/>\n<meta property=\"article:publisher\" content=\"https:\/\/www.facebook.com\/provansadekor\" \/>\n<meta property=\"article:modified_time\" content=\"2026-03-18T15:16:40+00:00\" \/>\n<meta property=\"og:image\" content=\"https:\/\/provansadekor.rs\/wp-content\/uploads\/2021\/05\/IMG-20210327-WA0006.jpg\" \/>\n\t<meta property=\"og:image:width\" content=\"1200\" \/>\n\t<meta property=\"og:image:height\" content=\"1600\" \/>\n\t<meta property=\"og:image:type\" content=\"image\/jpeg\" \/>\n<meta name=\"twitter:card\" content=\"summary_large_image\" \/>\n<meta name=\"twitter:label1\" content=\"\u041f\u0440\u0438\u043c\u0435\u0440\u043d\u043e\u0435 \u0432\u0440\u0435\u043c\u044f \u0434\u043b\u044f \u0447\u0442\u0435\u043d\u0438\u044f\" \/>\n\t<meta name=\"twitter:data1\" content=\"1 \u043c\u0438\u043d\u0443\u0442\u0430\" \/>\n<script type=\"application\/ld+json\" class=\"yoast-schema-graph\">{\"@context\":\"https:\/\/schema.org\",\"@graph\":[{\"@type\":[\"WebPage\",\"ItemPage\"],\"@id\":\"https:\/\/provansadekor.rs\/proizvod\/101-ruza-u-buketu-za-trenutke-koji-ce-se-prepricavati\/\",\"url\":\"https:\/\/provansadekor.rs\/proizvod\/101-ruza-u-buketu-za-trenutke-koji-ce-se-prepricavati\/\",\"name\":\"101 Ru\u017ea u buketu za prepri\u010davanje &#8211; Provansa Dekor\",\"isPartOf\":{\"@id\":\"https:\/\/provansadekor.rs\/#website\"},\"primaryImageOfPage\":{\"@id\":\"https:\/\/provansadekor.rs\/proizvod\/101-ruza-u-buketu-za-trenutke-koji-ce-se-prepricavati\/#primaryimage\"},\"image\":{\"@id\":\"https:\/\/provansadekor.rs\/proizvod\/101-ruza-u-buketu-za-trenutke-koji-ce-se-prepricavati\/#primaryimage\"},\"thumbnailUrl\":\"https:\/\/provansadekor.rs\/wp-content\/uploads\/2021\/05\/IMG-20210327-WA0006.jpg\",\"datePublished\":\"2022-02-05T12:20:28+00:00\",\"dateModified\":\"2026-03-18T15:16:40+00:00\",\"description\":\"101 ru\u017ea u buketu pa\u017eljivo birana jer ne postoji ni\u0161ta sli\u010dno \u0161to \u0107e tako jasno i glasno poslati poruku kao \u0161to su to ru\u017ee. I to ni vi\u0161e ni manje, nego 101!\",\"breadcrumb\":{\"@id\":\"https:\/\/provansadekor.rs\/proizvod\/101-ruza-u-buketu-za-trenutke-koji-ce-se-prepricavati\/#breadcrumb\"},\"inLanguage\":\"ru-RU\",\"potentialAction\":[{\"@type\":\"ReadAction\",\"target\":[\"https:\/\/provansadekor.rs\/proizvod\/101-ruza-u-buketu-za-trenutke-koji-ce-se-prepricavati\/\"]}]},{\"@type\":\"ImageObject\",\"inLanguage\":\"ru-RU\",\"@id\":\"https:\/\/provansadekor.rs\/proizvod\/101-ruza-u-buketu-za-trenutke-koji-ce-se-prepricavati\/#primaryimage\",\"url\":\"https:\/\/provansadekor.rs\/wp-content\/uploads\/2021\/05\/IMG-20210327-WA0006.jpg\",\"contentUrl\":\"https:\/\/provansadekor.rs\/wp-content\/uploads\/2021\/05\/IMG-20210327-WA0006.jpg\",\"width\":1200,\"height\":1600,\"caption\":\"101 Ru\u017ea u buketu - Dostava cve\u0107a - Provansa Dekor Beograd\"},{\"@type\":\"BreadcrumbList\",\"@id\":\"https:\/\/provansadekor.rs\/proizvod\/101-ruza-u-buketu-za-trenutke-koji-ce-se-prepricavati\/#breadcrumb\",\"itemListElement\":[{\"@type\":\"ListItem\",\"position\":1,\"name\":\"\u041f\u043e\u0447\u0435\u0442\u043d\u0430\",\"item\":\"https:\/\/provansadekor.rs\/\"},{\"@type\":\"ListItem\",\"position\":2,\"name\":\"\u041f\u0440\u043e\u0438\u0437\u0432\u043e\u0434\u0438\",\"item\":\"https:\/\/provansadekor.rs\/shop\/\"},{\"@type\":\"ListItem\",\"position\":3,\"name\":\"101 Ru\u017ea u buketu za trenutke koji \u0107e se prepri\u010davati\"}]},{\"@type\":\"WebSite\",\"@id\":\"https:\/\/provansadekor.rs\/#website\",\"url\":\"https:\/\/provansadekor.rs\/\",\"name\":\"Provansa Dekor\",\"description\":\"Dostava cve\u0107a Beograd - Organizacija i Dekoracija doga\u0111aja - Ure\u0111enje zelenih povr\u0161ina\",\"publisher\":{\"@id\":\"https:\/\/provansadekor.rs\/#organization\"},\"potentialAction\":[{\"@type\":\"SearchAction\",\"target\":{\"@type\":\"EntryPoint\",\"urlTemplate\":\"https:\/\/provansadekor.rs\/?s={search_term_string}\"},\"query-input\":{\"@type\":\"PropertyValueSpecification\",\"valueRequired\":true,\"valueName\":\"search_term_string\"}}],\"inLanguage\":\"ru-RU\"},{\"@type\":\"Organization\",\"@id\":\"https:\/\/provansadekor.rs\/#organization\",\"name\":\"Provansa Dekor Cve\u0107ara Beograd\",\"url\":\"https:\/\/provansadekor.rs\/\",\"logo\":{\"@type\":\"ImageObject\",\"inLanguage\":\"ru-RU\",\"@id\":\"https:\/\/provansadekor.rs\/#\/schema\/logo\/image\/\",\"url\":\"https:\/\/provansadekor.rs\/wp-content\/uploads\/2022\/03\/logo-provansa.jpg\",\"contentUrl\":\"https:\/\/provansadekor.rs\/wp-content\/uploads\/2022\/03\/logo-provansa.jpg\",\"width\":200,\"height\":200,\"caption\":\"Provansa Dekor Cve\u0107ara Beograd\"},\"image\":{\"@id\":\"https:\/\/provansadekor.rs\/#\/schema\/logo\/image\/\"},\"sameAs\":[\"https:\/\/www.facebook.com\/provansadekor\",\"https:\/\/www.instagram.com\/provansadekor\/\"]}]}<\/script>\n<!-- \/ Yoast SEO Premium plugin. -->","yoast_head_json":{"title":"101 \u0440\u043e\u0437\u0430 \u0432 \u043f\u0435\u0440\u0435\u0441\u043a\u0430\u0437\u044b\u0432\u0430\u044e\u0449\u0435\u043c \u0431\u0443\u043a\u0435\u0442\u0435 - \u0414\u0435\u043a\u043e\u0440 \u041f\u0440\u043e\u0432\u0430\u043d\u0441","description":"101 \u0440\u043e\u0437\u0430 \u0432 \u0431\u0443\u043a\u0435\u0442\u0435 \u0442\u0449\u0430\u0442\u0435\u043b\u044c\u043d\u043e \u043f\u043e\u0434\u043e\u0431\u0440\u0430\u043d\u0430, \u043f\u043e\u0442\u043e\u043c\u0443 \u0447\u0442\u043e \u043d\u0435\u0442 \u043d\u0438\u0447\u0435\u0433\u043e \u043f\u043e\u0434\u043e\u0431\u043d\u043e\u0433\u043e, \u0447\u0442\u043e \u043c\u043e\u0433\u043b\u043e \u0431\u044b \u043f\u0435\u0440\u0435\u0434\u0430\u0442\u044c \u0442\u0430\u043a\u043e\u0435 \u0433\u0440\u043e\u043c\u043a\u043e\u0435 \u0438 \u044f\u0441\u043d\u043e\u0435 \u043f\u043e\u0441\u043b\u0430\u043d\u0438\u0435, \u043a\u0430\u043a \u0440\u043e\u0437\u044b. \u0410 \u044d\u0442\u043e \u043d\u0435 \u0431\u043e\u043b\u044c\u0448\u0435 \u0438 \u043d\u0435 \u043c\u0435\u043d\u044c\u0448\u0435 101!","robots":{"index":"index","follow":"follow","max-snippet":"max-snippet:-1","max-image-preview":"max-image-preview:large","max-video-preview":"max-video-preview:-1"},"canonical":"https:\/\/provansadekor.rs\/ru\/proizvod\/101-\u0440\u043e\u0437\u0430-\u0432-\u0431\u0443\u043a\u0435\u0442\u0435-\u0434\u043b\u044f-\u043c\u043e\u043c\u0435\u043d\u0442\u043e\u0432-\u043a\u043e\u0442\u043e\u0440\u044b\u0435-\u0431\u0443\/","og_locale":"ru_RU","og_type":"article","og_title":"101 Ru\u017ea u buketu za trenutke koji \u0107e se prepri\u010davati","og_description":"101 ru\u017ea u buketu pa\u017eljivo birana jer ne postoji ni\u0161ta sli\u010dno \u0161to \u0107e tako jasno i glasno poslati poruku kao \u0161to su to ru\u017ee. I to ni vi\u0161e ni manje, nego 101!","og_url":"https:\/\/provansadekor.rs\/ru\/proizvod\/101-\u0440\u043e\u0437\u0430-\u0432-\u0431\u0443\u043a\u0435\u0442\u0435-\u0434\u043b\u044f-\u043c\u043e\u043c\u0435\u043d\u0442\u043e\u0432-\u043a\u043e\u0442\u043e\u0440\u044b\u0435-\u0431\u0443\/","og_site_name":"Provansa Dekor","article_publisher":"https:\/\/www.facebook.com\/provansadekor","article_modified_time":"2026-03-18T15:16:40+00:00","og_image":[{"width":1200,"height":1600,"url":"https:\/\/provansadekor.rs\/wp-content\/uploads\/2021\/05\/IMG-20210327-WA0006.jpg","type":"image\/jpeg"}],"twitter_card":"summary_large_image","twitter_misc":{"\u041f\u0440\u0438\u043c\u0435\u0440\u043d\u043e\u0435 \u0432\u0440\u0435\u043c\u044f \u0434\u043b\u044f \u0447\u0442\u0435\u043d\u0438\u044f":"1 \u043c\u0438\u043d\u0443\u0442\u0430"},"schema":{"@context":"https:\/\/schema.org","@graph":[{"@type":["WebPage","ItemPage"],"@id":"https:\/\/provansadekor.rs\/proizvod\/101-ruza-u-buketu-za-trenutke-koji-ce-se-prepricavati\/","url":"https:\/\/provansadekor.rs\/proizvod\/101-ruza-u-buketu-za-trenutke-koji-ce-se-prepricavati\/","name":"101 \u0440\u043e\u0437\u0430 \u0432 \u043f\u0435\u0440\u0435\u0441\u043a\u0430\u0437\u044b\u0432\u0430\u044e\u0449\u0435\u043c \u0431\u0443\u043a\u0435\u0442\u0435 - \u0414\u0435\u043a\u043e\u0440 \u041f\u0440\u043e\u0432\u0430\u043d\u0441","isPartOf":{"@id":"https:\/\/provansadekor.rs\/#website"},"primaryImageOfPage":{"@id":"https:\/\/provansadekor.rs\/proizvod\/101-ruza-u-buketu-za-trenutke-koji-ce-se-prepricavati\/#primaryimage"},"image":{"@id":"https:\/\/provansadekor.rs\/proizvod\/101-ruza-u-buketu-za-trenutke-koji-ce-se-prepricavati\/#primaryimage"},"thumbnailUrl":"https:\/\/provansadekor.rs\/wp-content\/uploads\/2021\/05\/IMG-20210327-WA0006.jpg","datePublished":"2022-02-05T12:20:28+00:00","dateModified":"2026-03-18T15:16:40+00:00","description":"101 \u0440\u043e\u0437\u0430 \u0432 \u0431\u0443\u043a\u0435\u0442\u0435 \u0442\u0449\u0430\u0442\u0435\u043b\u044c\u043d\u043e \u043f\u043e\u0434\u043e\u0431\u0440\u0430\u043d\u0430, \u043f\u043e\u0442\u043e\u043c\u0443 \u0447\u0442\u043e \u043d\u0435\u0442 \u043d\u0438\u0447\u0435\u0433\u043e \u043f\u043e\u0434\u043e\u0431\u043d\u043e\u0433\u043e, \u0447\u0442\u043e \u043c\u043e\u0433\u043b\u043e \u0431\u044b \u043f\u0435\u0440\u0435\u0434\u0430\u0442\u044c \u0442\u0430\u043a\u043e\u0435 \u0433\u0440\u043e\u043c\u043a\u043e\u0435 \u0438 \u044f\u0441\u043d\u043e\u0435 \u043f\u043e\u0441\u043b\u0430\u043d\u0438\u0435, \u043a\u0430\u043a \u0440\u043e\u0437\u044b. \u0410 \u044d\u0442\u043e \u043d\u0435 \u0431\u043e\u043b\u044c\u0448\u0435 \u0438 \u043d\u0435 \u043c\u0435\u043d\u044c\u0448\u0435 101!","breadcrumb":{"@id":"https:\/\/provansadekor.rs\/proizvod\/101-ruza-u-buketu-za-trenutke-koji-ce-se-prepricavati\/#breadcrumb"},"inLanguage":"ru-RU","potentialAction":[{"@type":"ReadAction","target":["https:\/\/provansadekor.rs\/proizvod\/101-ruza-u-buketu-za-trenutke-koji-ce-se-prepricavati\/"]}]},{"@type":"ImageObject","inLanguage":"ru-RU","@id":"https:\/\/provansadekor.rs\/proizvod\/101-ruza-u-buketu-za-trenutke-koji-ce-se-prepricavati\/#primaryimage","url":"https:\/\/provansadekor.rs\/wp-content\/uploads\/2021\/05\/IMG-20210327-WA0006.jpg","contentUrl":"https:\/\/provansadekor.rs\/wp-content\/uploads\/2021\/05\/IMG-20210327-WA0006.jpg","width":1200,"height":1600,"caption":"101 Ru\u017ea u buketu - Dostava cve\u0107a - Provansa Dekor Beograd"},{"@type":"BreadcrumbList","@id":"https:\/\/provansadekor.rs\/proizvod\/101-ruza-u-buketu-za-trenutke-koji-ce-se-prepricavati\/#breadcrumb","itemListElement":[{"@type":"ListItem","position":1,"name":"\u041f\u043e\u0447\u0435\u0442\u043d\u0430","item":"https:\/\/provansadekor.rs\/"},{"@type":"ListItem","position":2,"name":"\u041f\u0440\u043e\u0438\u0437\u0432\u043e\u0434\u0438","item":"https:\/\/provansadekor.rs\/shop\/"},{"@type":"ListItem","position":3,"name":"101 Ru\u017ea u buketu za trenutke koji \u0107e se prepri\u010davati"}]},{"@type":"WebSite","@id":"https:\/\/provansadekor.rs\/#website","url":"https:\/\/provansadekor.rs\/","name":"\u041f\u0440\u043e\u0432\u0430\u043d\u0441 \u0414\u0435\u043a\u043e\u0440","description":"\u0414\u043e\u0441\u0442\u0430\u0432\u043a\u0430 \u0446\u0432\u0435\u0442\u043e\u0432 \u0411\u0435\u043b\u0433\u0440\u0430\u0434 - \u041e\u0440\u0433\u0430\u043d\u0438\u0437\u0430\u0446\u0438\u044f \u0438 \u043e\u0444\u043e\u0440\u043c\u043b\u0435\u043d\u0438\u0435 \u043c\u0435\u0440\u043e\u043f\u0440\u0438\u044f\u0442\u0438\u0439 - \u041b\u0430\u043d\u0434\u0448\u0430\u0444\u0442\u043d\u044b\u0439 \u0434\u0438\u0437\u0430\u0439\u043d","publisher":{"@id":"https:\/\/provansadekor.rs\/#organization"},"potentialAction":[{"@type":"SearchAction","target":{"@type":"EntryPoint","urlTemplate":"https:\/\/provansadekor.rs\/?s={search_term_string}"},"query-input":{"@type":"PropertyValueSpecification","valueRequired":true,"valueName":"search_term_string"}}],"inLanguage":"ru-RU"},{"@type":"Organization","@id":"https:\/\/provansadekor.rs\/#organization","name":"\u0426\u0432\u0435\u0442\u043e\u0447\u043d\u044b\u0439 \u043c\u0430\u0433\u0430\u0437\u0438\u043d \u041f\u0440\u043e\u0432\u0430\u043d\u0441 \u0414\u0435\u043a\u043e\u0440 \u0411\u0435\u043b\u0433\u0440\u0430\u0434","url":"https:\/\/provansadekor.rs\/","logo":{"@type":"ImageObject","inLanguage":"ru-RU","@id":"https:\/\/provansadekor.rs\/#\/schema\/logo\/image\/","url":"https:\/\/provansadekor.rs\/wp-content\/uploads\/2022\/03\/logo-provansa.jpg","contentUrl":"https:\/\/provansadekor.rs\/wp-content\/uploads\/2022\/03\/logo-provansa.jpg","width":200,"height":200,"caption":"Provansa Dekor Cve\u0107ara Beograd"},"image":{"@id":"https:\/\/provansadekor.rs\/#\/schema\/logo\/image\/"},"sameAs":["https:\/\/www.facebook.com\/provansadekor","https:\/\/www.instagram.com\/provansadekor\/"]}]}},"_links":{"self":[{"href":"https:\/\/provansadekor.rs\/ru\/wp-json\/wp\/v2\/product\/33884","targetHints":{"allow":["GET"]}}],"collection":[{"href":"https:\/\/provansadekor.rs\/ru\/wp-json\/wp\/v2\/product"}],"about":[{"href":"https:\/\/provansadekor.rs\/ru\/wp-json\/wp\/v2\/types\/product"}],"version-history":[{"count":10,"href":"https:\/\/provansadekor.rs\/ru\/wp-json\/wp\/v2\/product\/33884\/revisions"}],"predecessor-version":[{"id":70390,"href":"https:\/\/provansadekor.rs\/ru\/wp-json\/wp\/v2\/product\/33884\/revisions\/70390"}],"wp:featuredmedia":[{"embeddable":true,"href":"https:\/\/provansadekor.rs\/ru\/wp-json\/wp\/v2\/media\/33769"}],"wp:attachment":[{"href":"https:\/\/provansadekor.rs\/ru\/wp-json\/wp\/v2\/media?parent=33884"}],"wp:term":[{"taxonomy":"product_brand","embeddable":true,"href":"https:\/\/provansadekor.rs\/ru\/wp-json\/wp\/v2\/product_brand?post=33884"},{"taxonomy":"product_cat","embeddable":true,"href":"https:\/\/provansadekor.rs\/ru\/wp-json\/wp\/v2\/product_cat?post=33884"},{"taxonomy":"product_tag","embeddable":true,"href":"https:\/\/provansadekor.rs\/ru\/wp-json\/wp\/v2\/product_tag?post=33884"}],"curies":[{"name":"wp","href":"https:\/\/api.w.org\/{rel}","templated":true}]}}