{"id":32185,"date":"2021-02-11T13:02:02","date_gmt":"2021-02-11T12:02:02","guid":{"rendered":"http:\/\/provansadekor.rs\/?post_type=product&#038;p=32185"},"modified":"2026-03-13T11:35:20","modified_gmt":"2026-03-13T10:35:20","slug":"buket-pastelna-lepotica","status":"publish","type":"product","link":"https:\/\/provansadekor.rs\/ru\/proizvod\/\u0431\u0443\u043a\u0435\u0442-\u043f\u0430\u0441\u0442\u0435\u043b\u044c-\u043a\u0440\u0430\u0441\u043e\u0442\u0430\/","title":{"rendered":"\u0411\u0443\u043a\u0435\u0442 \u043f\u0430\u0441\u0442\u0435\u043b\u044c\u043d\u044b\u0445 \u043a\u0440\u0430\u0441\u0430\u0432\u0438\u0446"},"content":{"rendered":"<p><em>\u0412\u0438\u0434\u044b <strong>\u0446\u0432\u0435\u0442\u044b \u0432 \u0431\u0443\u043a\u0435\u0442\u0435<\/strong><\/em><strong>: \u0440\u043e\u0437\u043e\u0432\u0430\u044f \u0438 \u0431\u0435\u043b\u0430\u044f \u0440\u043e\u0437\u0430<\/strong>, \u0431\u0435\u043b\u0430\u044f \u043e\u0440\u0445\u0438\u0434\u0435\u044f, \u0440\u043e\u0437\u043e\u0432\u0430\u044f \u043c\u0438\u043d\u0438-\u0440\u043e\u0437\u0430, \u0440\u043e\u0437\u043e\u0432\u0430\u044f \u0433\u0432\u043e\u0437\u0434\u0438\u043a\u0430, \u0430\u0431\u0440\u0438\u043a\u043e\u0441\u043e\u0432\u044b\u0439 \u043b\u0438\u0437\u0438\u0430\u043d\u0442\u0443\u0441, \u0431\u0435\u043b\u0430\u044f \u0445\u0440\u0438\u0437\u0430\u043d\u0442\u0435\u043c\u0430, \u0430\u0441\u0442\u0440\u0430\u043d\u0446\u0438\u044f, \u044d\u0432\u043a\u0430\u043b\u0438\u043f\u0442.<\/p>\n<p><em>\u0421\u043e\u043f\u0443\u0442\u0441\u0442\u0432\u0443\u044e\u0449\u0435\u0435 \u043e\u0444\u043e\u0440\u043c\u043b\u0435\u043d\u0438\u0435<\/em>: \u0434\u0435\u043a\u043e\u0440\u0430\u0442\u0438\u0432\u043d\u0430\u044f \u0431\u0443\u043c\u0430\u0433\u0430 \u043a\u0440\u0435\u043c\u043e\u0432\u043e-\u0431\u0435\u043b\u043e\u0433\u043e \u0446\u0432\u0435\u0442\u0430, \u0441\u043c\u0435\u0448\u0430\u043d\u043d\u0430\u044f \u0441 \u0431\u0435\u043b\u043e\u0439 \u0442\u0435\u043a\u0441\u0442\u0438\u043b\u044c\u043d\u043e\u0439 \u043b\u0435\u043d\u0442\u043e\u0439.<\/p>\n<p>\u0421\u043e\u0441\u0442\u043e\u0438\u0442 \u0438\u0437 <strong>\u0440\u043e\u0437\u0430<\/strong>, \u043e\u0440\u0445\u0438\u0434\u0435\u0438, \u0433\u0432\u043e\u0437\u0434\u0438\u043a\u0438, \u043b\u0438\u0437\u0438\u0430\u043d\u0442\u0443\u0441\u044b, \u0445\u0440\u0438\u0437\u0430\u043d\u0442\u0435\u043c\u044b, \u0430\u0441\u0442\u0440\u0430\u043d\u0446\u0438\u0438 \u0438 \u044d\u0432\u043a\u0430\u043b\u0438\u043f\u0442\u044b, \u0437\u0430\u0432\u0435\u0440\u043d\u0443\u0442\u044b\u0435 \u0432 \u043a\u0440\u0435\u043c\u043e\u0432\u043e-\u0431\u0435\u043b\u0443\u044e \u0434\u0435\u043a\u043e\u0440\u0430\u0442\u0438\u0432\u043d\u0443\u044e \u0431\u0443\u043c\u0430\u0433\u0443 \u0441 \u0431\u0435\u043b\u044b\u043c \u0431\u0430\u043d\u0442\u043e\u043c.<\/p>\n<p>\u0412\u043e\u0437\u043c\u043e\u0436\u043d\u043e\u0441\u0442\u044c \u043f\u043e\u0440\u0430\u0434\u043e\u0432\u0430\u0442\u044c \u043d\u0435\u0432\u0435\u0441\u0442\u0443 \u043d\u0430 \u0441\u0432\u0430\u0434\u044c\u0431\u0435 \u0442\u0449\u0430\u0442\u0435\u043b\u044c\u043d\u043e \u043f\u043e\u0434\u043e\u0431\u0440\u0430\u043d\u043d\u044b\u043c \u0442\u0432\u043e\u0440\u0435\u043d\u0438\u0435\u043c!<\/p>\n<p>&nbsp;<\/p>","protected":false},"excerpt":{"rendered":"<p>Vrste cve\u0107a u buketu: roze i bela ru\u017ea, bela orhideja, roze mini ru\u017ea, roze karanfil, kajsija lizijantus, bela hrizantema, astrancija, eukaliptus. Prate\u0107a dekoracija: krem beli dekorativni papir, me\u0161na od bele tekstilne trake. Sa\u010dinjen od ru\u017ea, orhideja, karanfila, lizijantusa, hrizantema, astrancije i eukaliptusa upakovan u krem beli dekorativni papir sa belom ma\u0161nom. Prilika da odu\u0161evite mladu [&hellip;]<\/p>","protected":false},"featured_media":32147,"template":"","meta":[],"product_brand":[],"product_cat":[115],"product_tag":[],"class_list":{"0":"post-32185","1":"product","2":"type-product","3":"status-publish","4":"has-post-thumbnail","6":"product_cat-buketi-cveca","8":"first","9":"instock","10":"shipping-taxable","11":"purchasable","12":"product-type-simple"},"yoast_head":"<!-- This site is optimized with the Yoast SEO Premium plugin v20.9 (Yoast SEO v26.5) - https:\/\/yoast.com\/wordpress\/plugins\/seo\/ -->\n<title>Buket pastelna lepotica &#8211; Provansa Dekor<\/title>\n<meta name=\"description\" content=\"Vrste cve\u0107a u buketu: roze i bela ru\u017ea, bela orhideja, roze mini ru\u017ea, roze karanfil, kajsija lizijantus, bela hrizantema, astrancija, eukaliptus. Prate\u0107a dekoracija: krem beli dekorativni papir, me\u0161na od bele tekstilne trake.\" \/>\n<meta name=\"robots\" content=\"index, follow, max-snippet:-1, max-image-preview:large, max-video-preview:-1\" \/>\n<link rel=\"canonical\" href=\"https:\/\/provansadekor.rs\/ru\/proizvod\/\u0431\u0443\u043a\u0435\u0442-\u043f\u0430\u0441\u0442\u0435\u043b\u044c-\u043a\u0440\u0430\u0441\u043e\u0442\u0430\/\" \/>\n<meta property=\"og:locale\" content=\"ru_RU\" \/>\n<meta property=\"og:type\" content=\"article\" \/>\n<meta property=\"og:title\" content=\"Buket pastelna lepotica\" \/>\n<meta property=\"og:description\" content=\"Vrste cve\u0107a u buketu: roze i bela ru\u017ea, bela orhideja, roze mini ru\u017ea, roze karanfil, kajsija lizijantus, bela hrizantema, astrancija, eukaliptus. Prate\u0107a dekoracija: krem beli dekorativni papir, me\u0161na od bele tekstilne trake.\" \/>\n<meta property=\"og:url\" content=\"https:\/\/provansadekor.rs\/ru\/proizvod\/\u0431\u0443\u043a\u0435\u0442-\u043f\u0430\u0441\u0442\u0435\u043b\u044c-\u043a\u0440\u0430\u0441\u043e\u0442\u0430\/\" \/>\n<meta property=\"og:site_name\" content=\"Provansa Dekor\" \/>\n<meta property=\"article:publisher\" content=\"https:\/\/www.facebook.com\/provansadekor\" \/>\n<meta property=\"article:modified_time\" content=\"2026-03-13T10:35:20+00:00\" \/>\n<meta property=\"og:image\" content=\"https:\/\/provansadekor.rs\/wp-content\/uploads\/2021\/02\/buket-sivi-3.jpg\" \/>\n\t<meta property=\"og:image:width\" content=\"949\" \/>\n\t<meta property=\"og:image:height\" content=\"979\" \/>\n\t<meta property=\"og:image:type\" content=\"image\/jpeg\" \/>\n<meta name=\"twitter:card\" content=\"summary_large_image\" \/>\n<meta name=\"twitter:label1\" content=\"\u041f\u0440\u0438\u043c\u0435\u0440\u043d\u043e\u0435 \u0432\u0440\u0435\u043c\u044f \u0434\u043b\u044f \u0447\u0442\u0435\u043d\u0438\u044f\" \/>\n\t<meta name=\"twitter:data1\" content=\"1 \u043c\u0438\u043d\u0443\u0442\u0430\" \/>\n<script type=\"application\/ld+json\" class=\"yoast-schema-graph\">{\"@context\":\"https:\/\/schema.org\",\"@graph\":[{\"@type\":[\"WebPage\",\"ItemPage\"],\"@id\":\"https:\/\/provansadekor.rs\/proizvod\/buket-pastelna-lepotica\/\",\"url\":\"https:\/\/provansadekor.rs\/proizvod\/buket-pastelna-lepotica\/\",\"name\":\"Buket pastelna lepotica &#8211; Provansa Dekor\",\"isPartOf\":{\"@id\":\"https:\/\/provansadekor.rs\/#website\"},\"primaryImageOfPage\":{\"@id\":\"https:\/\/provansadekor.rs\/proizvod\/buket-pastelna-lepotica\/#primaryimage\"},\"image\":{\"@id\":\"https:\/\/provansadekor.rs\/proizvod\/buket-pastelna-lepotica\/#primaryimage\"},\"thumbnailUrl\":\"https:\/\/provansadekor.rs\/wp-content\/uploads\/2021\/02\/buket-sivi-3.jpg\",\"datePublished\":\"2021-02-11T12:02:02+00:00\",\"dateModified\":\"2026-03-13T10:35:20+00:00\",\"description\":\"Vrste cve\u0107a u buketu: roze i bela ru\u017ea, bela orhideja, roze mini ru\u017ea, roze karanfil, kajsija lizijantus, bela hrizantema, astrancija, eukaliptus. Prate\u0107a dekoracija: krem beli dekorativni papir, me\u0161na od bele tekstilne trake.\",\"breadcrumb\":{\"@id\":\"https:\/\/provansadekor.rs\/proizvod\/buket-pastelna-lepotica\/#breadcrumb\"},\"inLanguage\":\"ru-RU\",\"potentialAction\":[{\"@type\":\"ReadAction\",\"target\":[\"https:\/\/provansadekor.rs\/proizvod\/buket-pastelna-lepotica\/\"]}]},{\"@type\":\"ImageObject\",\"inLanguage\":\"ru-RU\",\"@id\":\"https:\/\/provansadekor.rs\/proizvod\/buket-pastelna-lepotica\/#primaryimage\",\"url\":\"https:\/\/provansadekor.rs\/wp-content\/uploads\/2021\/02\/buket-sivi-3.jpg\",\"contentUrl\":\"https:\/\/provansadekor.rs\/wp-content\/uploads\/2021\/02\/buket-sivi-3.jpg\",\"width\":949,\"height\":979},{\"@type\":\"BreadcrumbList\",\"@id\":\"https:\/\/provansadekor.rs\/proizvod\/buket-pastelna-lepotica\/#breadcrumb\",\"itemListElement\":[{\"@type\":\"ListItem\",\"position\":1,\"name\":\"\u041f\u043e\u0447\u0435\u0442\u043d\u0430\",\"item\":\"https:\/\/provansadekor.rs\/\"},{\"@type\":\"ListItem\",\"position\":2,\"name\":\"\u041f\u0440\u043e\u0438\u0437\u0432\u043e\u0434\u0438\",\"item\":\"https:\/\/provansadekor.rs\/shop\/\"},{\"@type\":\"ListItem\",\"position\":3,\"name\":\"Buket pastelna lepotica\"}]},{\"@type\":\"WebSite\",\"@id\":\"https:\/\/provansadekor.rs\/#website\",\"url\":\"https:\/\/provansadekor.rs\/\",\"name\":\"Provansa Dekor\",\"description\":\"Dostava cve\u0107a Beograd - Organizacija i Dekoracija doga\u0111aja - Ure\u0111enje zelenih povr\u0161ina\",\"publisher\":{\"@id\":\"https:\/\/provansadekor.rs\/#organization\"},\"potentialAction\":[{\"@type\":\"SearchAction\",\"target\":{\"@type\":\"EntryPoint\",\"urlTemplate\":\"https:\/\/provansadekor.rs\/?s={search_term_string}\"},\"query-input\":{\"@type\":\"PropertyValueSpecification\",\"valueRequired\":true,\"valueName\":\"search_term_string\"}}],\"inLanguage\":\"ru-RU\"},{\"@type\":\"Organization\",\"@id\":\"https:\/\/provansadekor.rs\/#organization\",\"name\":\"Provansa Dekor Cve\u0107ara Beograd\",\"url\":\"https:\/\/provansadekor.rs\/\",\"logo\":{\"@type\":\"ImageObject\",\"inLanguage\":\"ru-RU\",\"@id\":\"https:\/\/provansadekor.rs\/#\/schema\/logo\/image\/\",\"url\":\"https:\/\/provansadekor.rs\/wp-content\/uploads\/2022\/03\/logo-provansa.jpg\",\"contentUrl\":\"https:\/\/provansadekor.rs\/wp-content\/uploads\/2022\/03\/logo-provansa.jpg\",\"width\":200,\"height\":200,\"caption\":\"Provansa Dekor Cve\u0107ara Beograd\"},\"image\":{\"@id\":\"https:\/\/provansadekor.rs\/#\/schema\/logo\/image\/\"},\"sameAs\":[\"https:\/\/www.facebook.com\/provansadekor\",\"https:\/\/www.instagram.com\/provansadekor\/\"]}]}<\/script>\n<!-- \/ Yoast SEO Premium plugin. -->","yoast_head_json":{"title":"\u041f\u0430\u0441\u0442\u0435\u043b\u044c\u043d\u044b\u0439 \u0431\u0443\u043a\u0435\u0442 \u043a\u0440\u0430\u0441\u043e\u0442\u044b - \u0414\u0435\u043a\u043e\u0440 \u041f\u0440\u043e\u0432\u0430\u043d\u0441","description":"\u0412\u0438\u0434\u044b \u0446\u0432\u0435\u0442\u043e\u0432 \u0432 \u0431\u0443\u043a\u0435\u0442\u0435: \u0440\u043e\u0437\u043e\u0432\u043e-\u0431\u0435\u043b\u0430\u044f \u0440\u043e\u0437\u0430, \u0431\u0435\u043b\u0430\u044f \u043e\u0440\u0445\u0438\u0434\u0435\u044f, \u0440\u043e\u0437\u043e\u0432\u0430\u044f \u043c\u0438\u043d\u0438-\u0440\u043e\u0437\u0430, \u0440\u043e\u0437\u043e\u0432\u0430\u044f \u0433\u0432\u043e\u0437\u0434\u0438\u043a\u0430, \u0430\u0431\u0440\u0438\u043a\u043e\u0441\u043e\u0432\u044b\u0439 \u043b\u0438\u0437\u0438\u0430\u043d\u0442\u0443\u0441, \u0431\u0435\u043b\u0430\u044f \u0445\u0440\u0438\u0437\u0430\u043d\u0442\u0435\u043c\u0430, \u0430\u0441\u0442\u0440\u0430\u043d\u0446\u0438\u044f, \u044d\u0432\u043a\u0430\u043b\u0438\u043f\u0442. \u0421\u043e\u043f\u0443\u0442\u0441\u0442\u0432\u0443\u044e\u0449\u0435\u0435 \u043e\u0444\u043e\u0440\u043c\u043b\u0435\u043d\u0438\u0435: \u0434\u0435\u043a\u043e\u0440\u0430\u0442\u0438\u0432\u043d\u0430\u044f \u0431\u0443\u043c\u0430\u0433\u0430 \u043a\u0440\u0435\u043c\u043e\u0432\u043e-\u0431\u0435\u043b\u043e\u0433\u043e \u0446\u0432\u0435\u0442\u0430, \u0441\u043c\u0435\u0448\u0430\u043d\u043d\u0430\u044f \u0441 \u0431\u0435\u043b\u043e\u0439 \u0442\u0435\u043a\u0441\u0442\u0438\u043b\u044c\u043d\u043e\u0439 \u043b\u0435\u043d\u0442\u043e\u0439.","robots":{"index":"index","follow":"follow","max-snippet":"max-snippet:-1","max-image-preview":"max-image-preview:large","max-video-preview":"max-video-preview:-1"},"canonical":"https:\/\/provansadekor.rs\/ru\/proizvod\/\u0431\u0443\u043a\u0435\u0442-\u043f\u0430\u0441\u0442\u0435\u043b\u044c-\u043a\u0440\u0430\u0441\u043e\u0442\u0430\/","og_locale":"ru_RU","og_type":"article","og_title":"Buket pastelna lepotica","og_description":"Vrste cve\u0107a u buketu: roze i bela ru\u017ea, bela orhideja, roze mini ru\u017ea, roze karanfil, kajsija lizijantus, bela hrizantema, astrancija, eukaliptus. Prate\u0107a dekoracija: krem beli dekorativni papir, me\u0161na od bele tekstilne trake.","og_url":"https:\/\/provansadekor.rs\/ru\/proizvod\/\u0431\u0443\u043a\u0435\u0442-\u043f\u0430\u0441\u0442\u0435\u043b\u044c-\u043a\u0440\u0430\u0441\u043e\u0442\u0430\/","og_site_name":"Provansa Dekor","article_publisher":"https:\/\/www.facebook.com\/provansadekor","article_modified_time":"2026-03-13T10:35:20+00:00","og_image":[{"width":949,"height":979,"url":"https:\/\/provansadekor.rs\/wp-content\/uploads\/2021\/02\/buket-sivi-3.jpg","type":"image\/jpeg"}],"twitter_card":"summary_large_image","twitter_misc":{"\u041f\u0440\u0438\u043c\u0435\u0440\u043d\u043e\u0435 \u0432\u0440\u0435\u043c\u044f \u0434\u043b\u044f \u0447\u0442\u0435\u043d\u0438\u044f":"1 \u043c\u0438\u043d\u0443\u0442\u0430"},"schema":{"@context":"https:\/\/schema.org","@graph":[{"@type":["WebPage","ItemPage"],"@id":"https:\/\/provansadekor.rs\/proizvod\/buket-pastelna-lepotica\/","url":"https:\/\/provansadekor.rs\/proizvod\/buket-pastelna-lepotica\/","name":"\u041f\u0430\u0441\u0442\u0435\u043b\u044c\u043d\u044b\u0439 \u0431\u0443\u043a\u0435\u0442 \u043a\u0440\u0430\u0441\u043e\u0442\u044b - \u0414\u0435\u043a\u043e\u0440 \u041f\u0440\u043e\u0432\u0430\u043d\u0441","isPartOf":{"@id":"https:\/\/provansadekor.rs\/#website"},"primaryImageOfPage":{"@id":"https:\/\/provansadekor.rs\/proizvod\/buket-pastelna-lepotica\/#primaryimage"},"image":{"@id":"https:\/\/provansadekor.rs\/proizvod\/buket-pastelna-lepotica\/#primaryimage"},"thumbnailUrl":"https:\/\/provansadekor.rs\/wp-content\/uploads\/2021\/02\/buket-sivi-3.jpg","datePublished":"2021-02-11T12:02:02+00:00","dateModified":"2026-03-13T10:35:20+00:00","description":"\u0412\u0438\u0434\u044b \u0446\u0432\u0435\u0442\u043e\u0432 \u0432 \u0431\u0443\u043a\u0435\u0442\u0435: \u0440\u043e\u0437\u043e\u0432\u043e-\u0431\u0435\u043b\u0430\u044f \u0440\u043e\u0437\u0430, \u0431\u0435\u043b\u0430\u044f \u043e\u0440\u0445\u0438\u0434\u0435\u044f, \u0440\u043e\u0437\u043e\u0432\u0430\u044f \u043c\u0438\u043d\u0438-\u0440\u043e\u0437\u0430, \u0440\u043e\u0437\u043e\u0432\u0430\u044f \u0433\u0432\u043e\u0437\u0434\u0438\u043a\u0430, \u0430\u0431\u0440\u0438\u043a\u043e\u0441\u043e\u0432\u044b\u0439 \u043b\u0438\u0437\u0438\u0430\u043d\u0442\u0443\u0441, \u0431\u0435\u043b\u0430\u044f \u0445\u0440\u0438\u0437\u0430\u043d\u0442\u0435\u043c\u0430, \u0430\u0441\u0442\u0440\u0430\u043d\u0446\u0438\u044f, \u044d\u0432\u043a\u0430\u043b\u0438\u043f\u0442. \u0421\u043e\u043f\u0443\u0442\u0441\u0442\u0432\u0443\u044e\u0449\u0435\u0435 \u043e\u0444\u043e\u0440\u043c\u043b\u0435\u043d\u0438\u0435: \u0434\u0435\u043a\u043e\u0440\u0430\u0442\u0438\u0432\u043d\u0430\u044f \u0431\u0443\u043c\u0430\u0433\u0430 \u043a\u0440\u0435\u043c\u043e\u0432\u043e-\u0431\u0435\u043b\u043e\u0433\u043e \u0446\u0432\u0435\u0442\u0430, \u0441\u043c\u0435\u0448\u0430\u043d\u043d\u0430\u044f \u0441 \u0431\u0435\u043b\u043e\u0439 \u0442\u0435\u043a\u0441\u0442\u0438\u043b\u044c\u043d\u043e\u0439 \u043b\u0435\u043d\u0442\u043e\u0439.","breadcrumb":{"@id":"https:\/\/provansadekor.rs\/proizvod\/buket-pastelna-lepotica\/#breadcrumb"},"inLanguage":"ru-RU","potentialAction":[{"@type":"ReadAction","target":["https:\/\/provansadekor.rs\/proizvod\/buket-pastelna-lepotica\/"]}]},{"@type":"ImageObject","inLanguage":"ru-RU","@id":"https:\/\/provansadekor.rs\/proizvod\/buket-pastelna-lepotica\/#primaryimage","url":"https:\/\/provansadekor.rs\/wp-content\/uploads\/2021\/02\/buket-sivi-3.jpg","contentUrl":"https:\/\/provansadekor.rs\/wp-content\/uploads\/2021\/02\/buket-sivi-3.jpg","width":949,"height":979},{"@type":"BreadcrumbList","@id":"https:\/\/provansadekor.rs\/proizvod\/buket-pastelna-lepotica\/#breadcrumb","itemListElement":[{"@type":"ListItem","position":1,"name":"\u041f\u043e\u0447\u0435\u0442\u043d\u0430","item":"https:\/\/provansadekor.rs\/"},{"@type":"ListItem","position":2,"name":"\u041f\u0440\u043e\u0438\u0437\u0432\u043e\u0434\u0438","item":"https:\/\/provansadekor.rs\/shop\/"},{"@type":"ListItem","position":3,"name":"Buket pastelna lepotica"}]},{"@type":"WebSite","@id":"https:\/\/provansadekor.rs\/#website","url":"https:\/\/provansadekor.rs\/","name":"\u041f\u0440\u043e\u0432\u0430\u043d\u0441 \u0414\u0435\u043a\u043e\u0440","description":"\u0414\u043e\u0441\u0442\u0430\u0432\u043a\u0430 \u0446\u0432\u0435\u0442\u043e\u0432 \u0411\u0435\u043b\u0433\u0440\u0430\u0434 - \u041e\u0440\u0433\u0430\u043d\u0438\u0437\u0430\u0446\u0438\u044f \u0438 \u043e\u0444\u043e\u0440\u043c\u043b\u0435\u043d\u0438\u0435 \u043c\u0435\u0440\u043e\u043f\u0440\u0438\u044f\u0442\u0438\u0439 - \u041b\u0430\u043d\u0434\u0448\u0430\u0444\u0442\u043d\u044b\u0439 \u0434\u0438\u0437\u0430\u0439\u043d","publisher":{"@id":"https:\/\/provansadekor.rs\/#organization"},"potentialAction":[{"@type":"SearchAction","target":{"@type":"EntryPoint","urlTemplate":"https:\/\/provansadekor.rs\/?s={search_term_string}"},"query-input":{"@type":"PropertyValueSpecification","valueRequired":true,"valueName":"search_term_string"}}],"inLanguage":"ru-RU"},{"@type":"Organization","@id":"https:\/\/provansadekor.rs\/#organization","name":"\u0426\u0432\u0435\u0442\u043e\u0447\u043d\u044b\u0439 \u043c\u0430\u0433\u0430\u0437\u0438\u043d \u041f\u0440\u043e\u0432\u0430\u043d\u0441 \u0414\u0435\u043a\u043e\u0440 \u0411\u0435\u043b\u0433\u0440\u0430\u0434","url":"https:\/\/provansadekor.rs\/","logo":{"@type":"ImageObject","inLanguage":"ru-RU","@id":"https:\/\/provansadekor.rs\/#\/schema\/logo\/image\/","url":"https:\/\/provansadekor.rs\/wp-content\/uploads\/2022\/03\/logo-provansa.jpg","contentUrl":"https:\/\/provansadekor.rs\/wp-content\/uploads\/2022\/03\/logo-provansa.jpg","width":200,"height":200,"caption":"Provansa Dekor Cve\u0107ara Beograd"},"image":{"@id":"https:\/\/provansadekor.rs\/#\/schema\/logo\/image\/"},"sameAs":["https:\/\/www.facebook.com\/provansadekor","https:\/\/www.instagram.com\/provansadekor\/"]}]}},"_links":{"self":[{"href":"https:\/\/provansadekor.rs\/ru\/wp-json\/wp\/v2\/product\/32185","targetHints":{"allow":["GET"]}}],"collection":[{"href":"https:\/\/provansadekor.rs\/ru\/wp-json\/wp\/v2\/product"}],"about":[{"href":"https:\/\/provansadekor.rs\/ru\/wp-json\/wp\/v2\/types\/product"}],"version-history":[{"count":5,"href":"https:\/\/provansadekor.rs\/ru\/wp-json\/wp\/v2\/product\/32185\/revisions"}],"predecessor-version":[{"id":67296,"href":"https:\/\/provansadekor.rs\/ru\/wp-json\/wp\/v2\/product\/32185\/revisions\/67296"}],"wp:featuredmedia":[{"embeddable":true,"href":"https:\/\/provansadekor.rs\/ru\/wp-json\/wp\/v2\/media\/32147"}],"wp:attachment":[{"href":"https:\/\/provansadekor.rs\/ru\/wp-json\/wp\/v2\/media?parent=32185"}],"wp:term":[{"taxonomy":"product_brand","embeddable":true,"href":"https:\/\/provansadekor.rs\/ru\/wp-json\/wp\/v2\/product_brand?post=32185"},{"taxonomy":"product_cat","embeddable":true,"href":"https:\/\/provansadekor.rs\/ru\/wp-json\/wp\/v2\/product_cat?post=32185"},{"taxonomy":"product_tag","embeddable":true,"href":"https:\/\/provansadekor.rs\/ru\/wp-json\/wp\/v2\/product_tag?post=32185"}],"curies":[{"name":"wp","href":"https:\/\/api.w.org\/{rel}","templated":true}]}}