{"id":31450,"date":"2020-12-21T15:42:53","date_gmt":"2020-12-21T14:42:53","guid":{"rendered":"http:\/\/provansadekor.rs\/?post_type=product&#038;p=31450"},"modified":"2026-03-13T11:35:25","modified_gmt":"2026-03-13T10:35:25","slug":"spektakularna-101-ruza-u-korpi-sa-velikim-medveom","status":"publish","type":"product","link":"https:\/\/provansadekor.rs\/ru\/proizvod\/potrsaie-101-roza-v-korzine-s-bolsim\/","title":{"rendered":"\u042d\u0444\u0444\u0435\u043a\u0442\u043d\u0430\u044f 101 \u0440\u043e\u0437\u0430 \u0432 \u0431\u043e\u043b\u044c\u0448\u043e\u0439 \u043c\u0435\u0434\u043e\u0432\u043e\u0439 \u043a\u043e\u0440\u0437\u0438\u043d\u0435."},"content":{"rendered":"<h2>101 \u0420\u043e\u0437\u0430 \u0432 \u043a\u043e\u0440\u0437\u0438\u043d\u0435 \u0441 \u0431\u043e\u043b\u044c\u0448\u0438\u043c \u043c\u0438\u0448\u043a\u043e\u0439<\/h2>\n<p><a href=\"https:\/\/provansadekor.rs\/101-ruza-dostava-beograd\/\"><strong>101 \u0440\u043e\u0437\u0430<\/strong><\/a> \u0432 \u043a\u043e\u0440\u0437\u0438\u043d\u0435 \u0434\u043b\u044f \u0440\u043e\u043c\u0430\u043d\u0442\u0438\u0447\u0435\u0441\u043a\u0438\u0445 \u0438 \u043d\u0435\u043e\u0431\u044b\u0447\u043d\u044b\u0445 \u043c\u043e\u043c\u0435\u043d\u0442\u043e\u0432.<\/p>\n<p><em>\u0412\u0438\u0434\u044b \u0446\u0432\u0435\u0442\u043e\u0432 \u0432 \u043a\u043e\u043c\u043f\u043e\u0437\u0438\u0446\u0438\u0438<\/em>: \u043a\u0440\u0430\u0441\u043d\u044b\u0435 \u0440\u043e\u0437\u044b.<\/p>\n<p><em>\u0421\u043e\u043f\u0443\u0442\u0441\u0442\u0432\u0443\u044e\u0449\u0435\u0435 \u043e\u0444\u043e\u0440\u043c\u043b\u0435\u043d\u0438\u0435<\/em>\u0412 \u043a\u043e\u043c\u043f\u043b\u0435\u043a\u0442\u0435: \u0431\u0435\u043b\u0430\u044f \u043f\u043b\u0435\u0442\u0435\u043d\u0430\u044f \u043a\u043e\u0440\u0437\u0438\u043d\u0430, \u0431\u043e\u043b\u044c\u0448\u043e\u0439 \u043f\u043b\u044e\u0448\u0435\u0432\u044b\u0439 \u043c\u0438\u0448\u043a\u0430, \u043a\u0440\u0430\u0441\u043d\u044b\u0439 \u0434\u0435\u043a\u043e\u0440\u0430\u0442\u0438\u0432\u043d\u044b\u0439 \u0431\u0430\u043d\u0442.<\/p>\n<p>\u0413\u043b\u0430\u043c\u0443\u0440\u043d\u0430\u044f \u043f\u043b\u0435\u0442\u0435\u043d\u0430\u044f \u043a\u043e\u0440\u0437\u0438\u043d\u0430 \u0441\u043e 101 \u0440\u043e\u0437\u043e\u0439 \u043a\u0440\u0430\u0441\u043d\u043e\u0433\u043e \u0446\u0432\u0435\u0442\u0430 \u0441\u0442\u0430\u043d\u0435\u0442 \u043f\u0440\u0435\u043a\u0440\u0430\u0441\u043d\u044b\u043c \u043f\u043e\u0434\u0430\u0440\u043a\u043e\u043c \u043d\u0430 \u043b\u044e\u0431\u043e\u0439 \u043f\u0440\u0430\u0437\u0434\u043d\u0438\u043a. \u0414\u043e\u0431\u0430\u0432\u0438\u0432 \u043a \u044d\u0442\u043e\u043c\u0443 \u043e\u0433\u0440\u043e\u043c\u043d\u043e\u0433\u043e \u043f\u043b\u044e\u0448\u0435\u0432\u043e\u0433\u043e \u043c\u0438\u0448\u043a\u0443, \u043e\u0442 \u043a\u043e\u0442\u043e\u0440\u043e\u0433\u043e \u043f\u0435\u0440\u0435\u0445\u0432\u0430\u0442\u044b\u0432\u0430\u0435\u0442 \u0434\u044b\u0445\u0430\u043d\u0438\u0435 \u0441\u0432\u043e\u0438\u043c\u0438 \u0440\u0430\u0437\u043c\u0435\u0440\u0430\u043c\u0438, \u043c\u044b \u043f\u043e\u043b\u0443\u0447\u0430\u0435\u043c \u0432\u043e\u0437\u043c\u043e\u0436\u043d\u043e\u0441\u0442\u044c \u0441\u0431\u0438\u0442\u044c \u0441 \u043d\u043e\u0433 \u0434\u043e\u0440\u043e\u0433\u043e\u0433\u043e \u043d\u0430\u043c \u0447\u0435\u043b\u043e\u0432\u0435\u043a\u0430.<\/p>\n<h2 style=\"text-align: left;\"><a href=\"https:\/\/provansadekor.rs\/online-cvecara\/\">\u0418\u043d\u0442\u0435\u0440\u043d\u0435\u0442-\u043c\u0430\u0433\u0430\u0437\u0438\u043d \u0446\u0432\u0435\u0442\u043e\u0432<\/a>, \u0414\u043e\u0441\u0442\u0430\u0432\u043a\u0430 \u0446\u0432\u0435\u0442\u043e\u0432 \u0411\u0435\u043b\u0433\u0440\u0430\u0434<\/h2>","protected":false},"excerpt":{"rendered":"<p>101 \u0420\u043e\u0437\u0430 \u0432 \u043a\u043e\u0440\u0437\u0438\u043d\u0435 \u0441 \u0431\u043e\u043b\u044c\u0448\u0438\u043c \u043c\u0438\u0448\u043a\u043e\u0439 101 \u0420\u043e\u0437\u0430 \u0432 \u043a\u043e\u0440\u0437\u0438\u043d\u0435 \u0434\u043b\u044f \u0440\u043e\u043c\u0430\u043d\u0442\u0438\u0447\u0435\u0441\u043a\u0438\u0445 \u0438 \u043d\u0435\u043e\u0431\u044b\u0447\u043d\u044b\u0445 \u043c\u043e\u043c\u0435\u043d\u0442\u043e\u0432. \u0412\u0438\u0434\u044b \u0446\u0432\u0435\u0442\u043e\u0432 \u0432 \u043a\u043e\u043c\u043f\u043e\u0437\u0438\u0446\u0438\u0438: \u043a\u0440\u0430\u0441\u043d\u044b\u0435 \u0440\u043e\u0437\u044b. \u0421\u043e\u043f\u0443\u0442\u0441\u0442\u0432\u0443\u044e\u0449\u0435\u0435 \u0443\u043a\u0440\u0430\u0448\u0435\u043d\u0438\u0435: \u0431\u0435\u043b\u0430\u044f \u043f\u043b\u0435\u0442\u0435\u043d\u0430\u044f \u043a\u043e\u0440\u0437\u0438\u043d\u0430, \u0431\u043e\u043b\u044c\u0448\u043e\u0439 \u043f\u043b\u044e\u0448\u0435\u0432\u044b\u0439 \u043c\u0438\u0448\u043a\u0430, \u043a\u0440\u0430\u0441\u043d\u044b\u0439 \u0434\u0435\u043a\u043e\u0440\u0430\u0442\u0438\u0432\u043d\u044b\u0439 \u0431\u0430\u043d\u0442. \u0413\u043b\u0430\u043c\u0443\u0440\u043d\u0430\u044f \u043f\u043b\u0435\u0442\u0435\u043d\u0430\u044f \u043a\u043e\u0440\u0437\u0438\u043d\u0430 \u0441\u043e 101 \u0440\u043e\u0437\u043e\u0439 \u043a\u0440\u0430\u0441\u043d\u043e\u0433\u043e \u0446\u0432\u0435\u0442\u0430 \u0441\u0442\u0430\u043d\u0435\u0442 \u043f\u0440\u0435\u043a\u0440\u0430\u0441\u043d\u044b\u043c \u043f\u043e\u0434\u0430\u0440\u043a\u043e\u043c \u043d\u0430 \u043b\u044e\u0431\u043e\u0439 \u043f\u0440\u0430\u0437\u0434\u043d\u0438\u043a. \u0415\u0441\u043b\u0438 \u043c\u044b \u0434\u043e\u0431\u0430\u0432\u0438\u043c \u043a \u044d\u0442\u043e\u043c\u0443 \u043e\u0433\u0440\u043e\u043c\u043d\u043e\u0435 [...]<\/p>","protected":false},"featured_media":31439,"template":"","meta":[],"product_brand":[],"product_cat":[162,169],"product_tag":[],"class_list":{"0":"post-31450","1":"product","2":"type-product","3":"status-publish","4":"has-post-thumbnail","6":"product_cat-101-ruza","7":"product_cat-dan-zaljubljenih","9":"first","10":"instock","11":"featured","12":"shipping-taxable","13":"purchasable","14":"product-type-simple"},"yoast_head":"<!-- This site is optimized with the Yoast SEO Premium plugin v20.9 (Yoast SEO v26.5) - https:\/\/yoast.com\/wordpress\/plugins\/seo\/ -->\n<title>101 Ru\u017ea u korpi i medved &#8211; Provansa Dekor<\/title>\n<meta name=\"description\" content=\"101 Ru\u017ea u korpi od pru\u0107a predstavlja savr\u0161eni poklon za svaku priliku uz to dodamo jo\u0161 i ogromnog pli\u0161anog medveda koji svojim veli\u010dinom ostavlja bez daha.\" \/>\n<meta name=\"robots\" content=\"index, follow, max-snippet:-1, max-image-preview:large, max-video-preview:-1\" \/>\n<link rel=\"canonical\" href=\"https:\/\/provansadekor.rs\/ru\/proizvod\/potrsaie-101-roza-v-korzine-s-bolsim\/\" \/>\n<meta property=\"og:locale\" content=\"ru_RU\" \/>\n<meta property=\"og:type\" content=\"article\" \/>\n<meta property=\"og:title\" content=\"Spektakularna 101 ru\u017ea u korpi sa velikim medom\" \/>\n<meta property=\"og:description\" content=\"101 Ru\u017ea u korpi od pru\u0107a predstavlja savr\u0161eni poklon za svaku priliku uz to dodamo jo\u0161 i ogromnog pli\u0161anog medveda koji svojim veli\u010dinom ostavlja bez daha.\" \/>\n<meta property=\"og:url\" content=\"https:\/\/provansadekor.rs\/ru\/proizvod\/potrsaie-101-roza-v-korzine-s-bolsim\/\" \/>\n<meta property=\"og:site_name\" content=\"Provansa Dekor\" \/>\n<meta property=\"article:publisher\" content=\"https:\/\/www.facebook.com\/provansadekor\" \/>\n<meta property=\"article:modified_time\" content=\"2026-03-13T10:35:25+00:00\" \/>\n<meta property=\"og:image\" content=\"https:\/\/provansadekor.rs\/wp-content\/uploads\/2020\/12\/101-meda-4.jpg\" \/>\n\t<meta property=\"og:image:width\" content=\"721\" \/>\n\t<meta property=\"og:image:height\" content=\"1600\" \/>\n\t<meta property=\"og:image:type\" content=\"image\/jpeg\" \/>\n<meta name=\"twitter:card\" content=\"summary_large_image\" \/>\n<meta name=\"twitter:label1\" content=\"\u041f\u0440\u0438\u043c\u0435\u0440\u043d\u043e\u0435 \u0432\u0440\u0435\u043c\u044f \u0434\u043b\u044f \u0447\u0442\u0435\u043d\u0438\u044f\" \/>\n\t<meta name=\"twitter:data1\" content=\"1 \u043c\u0438\u043d\u0443\u0442\u0430\" \/>\n<script type=\"application\/ld+json\" class=\"yoast-schema-graph\">{\"@context\":\"https:\/\/schema.org\",\"@graph\":[{\"@type\":[\"WebPage\",\"ItemPage\"],\"@id\":\"https:\/\/provansadekor.rs\/proizvod\/spektakularna-101-ruza-u-korpi-sa-velikim-medveom\/\",\"url\":\"https:\/\/provansadekor.rs\/proizvod\/spektakularna-101-ruza-u-korpi-sa-velikim-medveom\/\",\"name\":\"101 Ru\u017ea u korpi i medved &#8211; Provansa Dekor\",\"isPartOf\":{\"@id\":\"https:\/\/provansadekor.rs\/#website\"},\"primaryImageOfPage\":{\"@id\":\"https:\/\/provansadekor.rs\/proizvod\/spektakularna-101-ruza-u-korpi-sa-velikim-medveom\/#primaryimage\"},\"image\":{\"@id\":\"https:\/\/provansadekor.rs\/proizvod\/spektakularna-101-ruza-u-korpi-sa-velikim-medveom\/#primaryimage\"},\"thumbnailUrl\":\"https:\/\/provansadekor.rs\/wp-content\/uploads\/2020\/12\/101-meda-4.jpg\",\"datePublished\":\"2020-12-21T14:42:53+00:00\",\"dateModified\":\"2026-03-13T10:35:25+00:00\",\"description\":\"101 Ru\u017ea u korpi od pru\u0107a predstavlja savr\u0161eni poklon za svaku priliku uz to dodamo jo\u0161 i ogromnog pli\u0161anog medveda koji svojim veli\u010dinom ostavlja bez daha.\",\"breadcrumb\":{\"@id\":\"https:\/\/provansadekor.rs\/proizvod\/spektakularna-101-ruza-u-korpi-sa-velikim-medveom\/#breadcrumb\"},\"inLanguage\":\"ru-RU\",\"potentialAction\":[{\"@type\":\"ReadAction\",\"target\":[\"https:\/\/provansadekor.rs\/proizvod\/spektakularna-101-ruza-u-korpi-sa-velikim-medveom\/\"]}]},{\"@type\":\"ImageObject\",\"inLanguage\":\"ru-RU\",\"@id\":\"https:\/\/provansadekor.rs\/proizvod\/spektakularna-101-ruza-u-korpi-sa-velikim-medveom\/#primaryimage\",\"url\":\"https:\/\/provansadekor.rs\/wp-content\/uploads\/2020\/12\/101-meda-4.jpg\",\"contentUrl\":\"https:\/\/provansadekor.rs\/wp-content\/uploads\/2020\/12\/101-meda-4.jpg\",\"width\":721,\"height\":1600,\"caption\":\"101 ru\u017ea u korpi - cve\u0107ara provansa dekor - dostava cve\u0107a Beograd\"},{\"@type\":\"BreadcrumbList\",\"@id\":\"https:\/\/provansadekor.rs\/proizvod\/spektakularna-101-ruza-u-korpi-sa-velikim-medveom\/#breadcrumb\",\"itemListElement\":[{\"@type\":\"ListItem\",\"position\":1,\"name\":\"\u041f\u043e\u0447\u0435\u0442\u043d\u0430\",\"item\":\"https:\/\/provansadekor.rs\/\"},{\"@type\":\"ListItem\",\"position\":2,\"name\":\"\u041f\u0440\u043e\u0438\u0437\u0432\u043e\u0434\u0438\",\"item\":\"https:\/\/provansadekor.rs\/shop\/\"},{\"@type\":\"ListItem\",\"position\":3,\"name\":\"Spektakularna 101 ru\u017ea u korpi sa velikim medom\"}]},{\"@type\":\"WebSite\",\"@id\":\"https:\/\/provansadekor.rs\/#website\",\"url\":\"https:\/\/provansadekor.rs\/\",\"name\":\"Provansa Dekor\",\"description\":\"Dostava cve\u0107a Beograd - Organizacija i Dekoracija doga\u0111aja - Ure\u0111enje zelenih povr\u0161ina\",\"publisher\":{\"@id\":\"https:\/\/provansadekor.rs\/#organization\"},\"potentialAction\":[{\"@type\":\"SearchAction\",\"target\":{\"@type\":\"EntryPoint\",\"urlTemplate\":\"https:\/\/provansadekor.rs\/?s={search_term_string}\"},\"query-input\":{\"@type\":\"PropertyValueSpecification\",\"valueRequired\":true,\"valueName\":\"search_term_string\"}}],\"inLanguage\":\"ru-RU\"},{\"@type\":\"Organization\",\"@id\":\"https:\/\/provansadekor.rs\/#organization\",\"name\":\"Provansa Dekor Cve\u0107ara Beograd\",\"url\":\"https:\/\/provansadekor.rs\/\",\"logo\":{\"@type\":\"ImageObject\",\"inLanguage\":\"ru-RU\",\"@id\":\"https:\/\/provansadekor.rs\/#\/schema\/logo\/image\/\",\"url\":\"https:\/\/provansadekor.rs\/wp-content\/uploads\/2022\/03\/logo-provansa.jpg\",\"contentUrl\":\"https:\/\/provansadekor.rs\/wp-content\/uploads\/2022\/03\/logo-provansa.jpg\",\"width\":200,\"height\":200,\"caption\":\"Provansa Dekor Cve\u0107ara Beograd\"},\"image\":{\"@id\":\"https:\/\/provansadekor.rs\/#\/schema\/logo\/image\/\"},\"sameAs\":[\"https:\/\/www.facebook.com\/provansadekor\",\"https:\/\/www.instagram.com\/provansadekor\/\"]}]}<\/script>\n<!-- \/ Yoast SEO Premium plugin. -->","yoast_head_json":{"title":"101 \u0420\u043e\u0437\u0430 \u0432 \u043a\u043e\u0440\u0437\u0438\u043d\u0435 \u0438 \u043c\u0438\u0448\u043a\u0430 - \u0414\u0435\u043a\u043e\u0440 \u041f\u0440\u043e\u0432\u0430\u043d\u0441","description":"101 \u0420\u043e\u0437\u0430 \u0432 \u043f\u043b\u0435\u0442\u0435\u043d\u043e\u0439 \u043a\u043e\u0440\u0437\u0438\u043d\u0435 \u2014 \u0438\u0434\u0435\u0430\u043b\u044c\u043d\u044b\u0439 \u043f\u043e\u0434\u0430\u0440\u043e\u043a \u043d\u0430 \u043b\u044e\u0431\u043e\u0439 \u0441\u043b\u0443\u0447\u0430\u0439, \u0430 \u0442\u0430\u043a\u0436\u0435 \u043e\u0433\u0440\u043e\u043c\u043d\u044b\u0439 \u043f\u043b\u044e\u0448\u0435\u0432\u044b\u0439 \u043c\u0438\u0448\u043a\u0430, \u043e\u0442 \u0440\u0430\u0437\u043c\u0435\u0440\u043e\u0432 \u043a\u043e\u0442\u043e\u0440\u043e\u0433\u043e \u0437\u0430\u0445\u0432\u0430\u0442\u044b\u0432\u0430\u0435\u0442 \u0434\u0443\u0445.","robots":{"index":"index","follow":"follow","max-snippet":"max-snippet:-1","max-image-preview":"max-image-preview:large","max-video-preview":"max-video-preview:-1"},"canonical":"https:\/\/provansadekor.rs\/ru\/proizvod\/potrsaie-101-roza-v-korzine-s-bolsim\/","og_locale":"ru_RU","og_type":"article","og_title":"Spektakularna 101 ru\u017ea u korpi sa velikim medom","og_description":"101 Ru\u017ea u korpi od pru\u0107a predstavlja savr\u0161eni poklon za svaku priliku uz to dodamo jo\u0161 i ogromnog pli\u0161anog medveda koji svojim veli\u010dinom ostavlja bez daha.","og_url":"https:\/\/provansadekor.rs\/ru\/proizvod\/potrsaie-101-roza-v-korzine-s-bolsim\/","og_site_name":"Provansa Dekor","article_publisher":"https:\/\/www.facebook.com\/provansadekor","article_modified_time":"2026-03-13T10:35:25+00:00","og_image":[{"width":721,"height":1600,"url":"https:\/\/provansadekor.rs\/wp-content\/uploads\/2020\/12\/101-meda-4.jpg","type":"image\/jpeg"}],"twitter_card":"summary_large_image","twitter_misc":{"\u041f\u0440\u0438\u043c\u0435\u0440\u043d\u043e\u0435 \u0432\u0440\u0435\u043c\u044f \u0434\u043b\u044f \u0447\u0442\u0435\u043d\u0438\u044f":"1 \u043c\u0438\u043d\u0443\u0442\u0430"},"schema":{"@context":"https:\/\/schema.org","@graph":[{"@type":["WebPage","ItemPage"],"@id":"https:\/\/provansadekor.rs\/proizvod\/spektakularna-101-ruza-u-korpi-sa-velikim-medveom\/","url":"https:\/\/provansadekor.rs\/proizvod\/spektakularna-101-ruza-u-korpi-sa-velikim-medveom\/","name":"101 \u0420\u043e\u0437\u0430 \u0432 \u043a\u043e\u0440\u0437\u0438\u043d\u0435 \u0438 \u043c\u0438\u0448\u043a\u0430 - \u0414\u0435\u043a\u043e\u0440 \u041f\u0440\u043e\u0432\u0430\u043d\u0441","isPartOf":{"@id":"https:\/\/provansadekor.rs\/#website"},"primaryImageOfPage":{"@id":"https:\/\/provansadekor.rs\/proizvod\/spektakularna-101-ruza-u-korpi-sa-velikim-medveom\/#primaryimage"},"image":{"@id":"https:\/\/provansadekor.rs\/proizvod\/spektakularna-101-ruza-u-korpi-sa-velikim-medveom\/#primaryimage"},"thumbnailUrl":"https:\/\/provansadekor.rs\/wp-content\/uploads\/2020\/12\/101-meda-4.jpg","datePublished":"2020-12-21T14:42:53+00:00","dateModified":"2026-03-13T10:35:25+00:00","description":"101 \u0420\u043e\u0437\u0430 \u0432 \u043f\u043b\u0435\u0442\u0435\u043d\u043e\u0439 \u043a\u043e\u0440\u0437\u0438\u043d\u0435 \u2014 \u0438\u0434\u0435\u0430\u043b\u044c\u043d\u044b\u0439 \u043f\u043e\u0434\u0430\u0440\u043e\u043a \u043d\u0430 \u043b\u044e\u0431\u043e\u0439 \u0441\u043b\u0443\u0447\u0430\u0439, \u0430 \u0442\u0430\u043a\u0436\u0435 \u043e\u0433\u0440\u043e\u043c\u043d\u044b\u0439 \u043f\u043b\u044e\u0448\u0435\u0432\u044b\u0439 \u043c\u0438\u0448\u043a\u0430, \u043e\u0442 \u0440\u0430\u0437\u043c\u0435\u0440\u043e\u0432 \u043a\u043e\u0442\u043e\u0440\u043e\u0433\u043e \u0437\u0430\u0445\u0432\u0430\u0442\u044b\u0432\u0430\u0435\u0442 \u0434\u0443\u0445.","breadcrumb":{"@id":"https:\/\/provansadekor.rs\/proizvod\/spektakularna-101-ruza-u-korpi-sa-velikim-medveom\/#breadcrumb"},"inLanguage":"ru-RU","potentialAction":[{"@type":"ReadAction","target":["https:\/\/provansadekor.rs\/proizvod\/spektakularna-101-ruza-u-korpi-sa-velikim-medveom\/"]}]},{"@type":"ImageObject","inLanguage":"ru-RU","@id":"https:\/\/provansadekor.rs\/proizvod\/spektakularna-101-ruza-u-korpi-sa-velikim-medveom\/#primaryimage","url":"https:\/\/provansadekor.rs\/wp-content\/uploads\/2020\/12\/101-meda-4.jpg","contentUrl":"https:\/\/provansadekor.rs\/wp-content\/uploads\/2020\/12\/101-meda-4.jpg","width":721,"height":1600,"caption":"101 ru\u017ea u korpi - cve\u0107ara provansa dekor - dostava cve\u0107a Beograd"},{"@type":"BreadcrumbList","@id":"https:\/\/provansadekor.rs\/proizvod\/spektakularna-101-ruza-u-korpi-sa-velikim-medveom\/#breadcrumb","itemListElement":[{"@type":"ListItem","position":1,"name":"\u041f\u043e\u0447\u0435\u0442\u043d\u0430","item":"https:\/\/provansadekor.rs\/"},{"@type":"ListItem","position":2,"name":"\u041f\u0440\u043e\u0438\u0437\u0432\u043e\u0434\u0438","item":"https:\/\/provansadekor.rs\/shop\/"},{"@type":"ListItem","position":3,"name":"Spektakularna 101 ru\u017ea u korpi sa velikim medom"}]},{"@type":"WebSite","@id":"https:\/\/provansadekor.rs\/#website","url":"https:\/\/provansadekor.rs\/","name":"\u041f\u0440\u043e\u0432\u0430\u043d\u0441 \u0414\u0435\u043a\u043e\u0440","description":"\u0414\u043e\u0441\u0442\u0430\u0432\u043a\u0430 \u0446\u0432\u0435\u0442\u043e\u0432 \u0411\u0435\u043b\u0433\u0440\u0430\u0434 - \u041e\u0440\u0433\u0430\u043d\u0438\u0437\u0430\u0446\u0438\u044f \u0438 \u043e\u0444\u043e\u0440\u043c\u043b\u0435\u043d\u0438\u0435 \u043c\u0435\u0440\u043e\u043f\u0440\u0438\u044f\u0442\u0438\u0439 - \u041b\u0430\u043d\u0434\u0448\u0430\u0444\u0442\u043d\u044b\u0439 \u0434\u0438\u0437\u0430\u0439\u043d","publisher":{"@id":"https:\/\/provansadekor.rs\/#organization"},"potentialAction":[{"@type":"SearchAction","target":{"@type":"EntryPoint","urlTemplate":"https:\/\/provansadekor.rs\/?s={search_term_string}"},"query-input":{"@type":"PropertyValueSpecification","valueRequired":true,"valueName":"search_term_string"}}],"inLanguage":"ru-RU"},{"@type":"Organization","@id":"https:\/\/provansadekor.rs\/#organization","name":"\u0426\u0432\u0435\u0442\u043e\u0447\u043d\u044b\u0439 \u043c\u0430\u0433\u0430\u0437\u0438\u043d \u041f\u0440\u043e\u0432\u0430\u043d\u0441 \u0414\u0435\u043a\u043e\u0440 \u0411\u0435\u043b\u0433\u0440\u0430\u0434","url":"https:\/\/provansadekor.rs\/","logo":{"@type":"ImageObject","inLanguage":"ru-RU","@id":"https:\/\/provansadekor.rs\/#\/schema\/logo\/image\/","url":"https:\/\/provansadekor.rs\/wp-content\/uploads\/2022\/03\/logo-provansa.jpg","contentUrl":"https:\/\/provansadekor.rs\/wp-content\/uploads\/2022\/03\/logo-provansa.jpg","width":200,"height":200,"caption":"Provansa Dekor Cve\u0107ara Beograd"},"image":{"@id":"https:\/\/provansadekor.rs\/#\/schema\/logo\/image\/"},"sameAs":["https:\/\/www.facebook.com\/provansadekor","https:\/\/www.instagram.com\/provansadekor\/"]}]}},"_links":{"self":[{"href":"https:\/\/provansadekor.rs\/ru\/wp-json\/wp\/v2\/product\/31450","targetHints":{"allow":["GET"]}}],"collection":[{"href":"https:\/\/provansadekor.rs\/ru\/wp-json\/wp\/v2\/product"}],"about":[{"href":"https:\/\/provansadekor.rs\/ru\/wp-json\/wp\/v2\/types\/product"}],"version-history":[{"count":11,"href":"https:\/\/provansadekor.rs\/ru\/wp-json\/wp\/v2\/product\/31450\/revisions"}],"predecessor-version":[{"id":70419,"href":"https:\/\/provansadekor.rs\/ru\/wp-json\/wp\/v2\/product\/31450\/revisions\/70419"}],"wp:featuredmedia":[{"embeddable":true,"href":"https:\/\/provansadekor.rs\/ru\/wp-json\/wp\/v2\/media\/31439"}],"wp:attachment":[{"href":"https:\/\/provansadekor.rs\/ru\/wp-json\/wp\/v2\/media?parent=31450"}],"wp:term":[{"taxonomy":"product_brand","embeddable":true,"href":"https:\/\/provansadekor.rs\/ru\/wp-json\/wp\/v2\/product_brand?post=31450"},{"taxonomy":"product_cat","embeddable":true,"href":"https:\/\/provansadekor.rs\/ru\/wp-json\/wp\/v2\/product_cat?post=31450"},{"taxonomy":"product_tag","embeddable":true,"href":"https:\/\/provansadekor.rs\/ru\/wp-json\/wp\/v2\/product_tag?post=31450"}],"curies":[{"name":"wp","href":"https:\/\/api.w.org\/{rel}","templated":true}]}}