{"id":31312,"date":"2020-12-11T12:45:47","date_gmt":"2020-12-11T11:45:47","guid":{"rendered":"http:\/\/provansadekor.rs\/?post_type=product&#038;p=31312"},"modified":"2026-03-14T12:59:56","modified_gmt":"2026-03-14T11:59:56","slug":"mala-paznja-za-velike-ljubavi","status":"publish","type":"product","link":"https:\/\/provansadekor.rs\/ru\/proizvod\/malo-vnimani\u044f-radi-bol\u044cso\u0439-l\u044ebvi\/","title":{"rendered":"\u041c\u0430\u043b\u0435\u043d\u044c\u043a\u043e\u0435 \u0432\u043d\u0438\u043c\u0430\u043d\u0438\u0435 \u0434\u043b\u044f \u0431\u043e\u043b\u044c\u0448\u043e\u0439 \u043b\u044e\u0431\u0432\u0438"},"content":{"rendered":"<p><em>\u0421\u043e\u043f\u0443\u0442\u0441\u0442\u0432\u0443\u044e\u0449\u0435\u0435 \u043e\u0444\u043e\u0440\u043c\u043b\u0435\u043d\u0438\u0435<\/em>\u0412 \u043d\u0430\u0431\u043e\u0440\u0435: \u0434\u0435\u043a\u043e\u0440\u0430\u0442\u0438\u0432\u043d\u0430\u044f \u043a\u043e\u0440\u043e\u0431\u043a\u0430-\u043a\u0443\u0431, \u043a\u043d\u0438\u0433\u0430, \u0434\u0435\u043a\u043e\u0440\u0430\u0442\u0438\u0432\u043d\u044b\u0439 \u0431\u0430\u043d\u0442, \u0434\u043e\u043c\u0438\u043a \u0434\u043b\u044f \u043e\u0445\u0440\u0430\u043d\u044b, \u043f\u043b\u0438\u0442\u043a\u0430 \u0448\u043e\u043a\u043e\u043b\u0430\u0434\u0430, \u0434\u0435\u043a\u043e\u0440\u0430\u0442\u0438\u0432\u043d\u044b\u0435 \u044d\u043b\u0435\u043c\u0435\u043d\u0442\u044b \u0434\u0435\u043a\u043e\u0440\u0430.<\/p>\n<p>\u041f\u043e\u0440\u0430\u0434\u0443\u0439\u0442\u0435 \u0435\u0433\u043e \u043a\u0440\u0430\u0441\u0438\u0432\u044b\u043c \u043f\u043e\u0434\u0430\u0440\u043a\u043e\u043c \u043d\u0430 \u0434\u0435\u043d\u044c \u0440\u043e\u0436\u0434\u0435\u043d\u0438\u044f, \u044e\u0431\u0438\u043b\u0435\u0439 \u0438\u043b\u0438 \u043f\u0440\u043e\u0441\u0442\u043e \u043d\u0435 \u043e\u0431\u044f\u0437\u0430\u0442\u0435\u043b\u044c\u043d\u043e \u043f\u043e\u0432\u043e\u0434...<\/p>\n<p>\u041d\u0430\u0448 <strong>\u043f\u043e\u0434\u0430\u0440\u043e\u0447\u043d\u0430\u044f \u043a\u043e\u0440\u043e\u0431\u043a\u0430 \u0434\u043b\u044f \u043d\u0435\u0433\u043e<\/strong> \u044d\u0442\u043e \u0432\u043e\u0437\u043c\u043e\u0436\u043d\u043e\u0441\u0442\u044c \u0438 \u0434\u043b\u044f \u043d\u0435\u0433\u043e \u043f\u043e\u0447\u0443\u0432\u0441\u0442\u0432\u043e\u0432\u0430\u0442\u044c \u0441\u0435\u0431\u044f \u043e\u0441\u043e\u0431\u0435\u043d\u043d\u044b\u043c!<\/p>\n<p>\u0414\u0435\u043a\u043b\u0430\u0440\u0430\u0446\u0438\u044f \u043f\u0440\u043e\u0434\u0443\u043a\u0442\u0430, \u0441\u0442\u0440\u0430\u043d\u0430 \u043f\u0440\u043e\u0438\u0441\u0445\u043e\u0436\u0434\u0435\u043d\u0438\u044f \u0438 \u043f\u0440\u043e\u0438\u0437\u0432\u043e\u0434\u0438\u0442\u0435\u043b\u044c \u0443\u043a\u0430\u0437\u0430\u043d\u044b \u043d\u0430 \u044d\u0442\u0438\u043a\u0435\u0442\u043a\u0435 \u0441\u0430\u043c\u043e\u0433\u043e \u043f\u0440\u043e\u0434\u0443\u043a\u0442\u0430.<\/p>\n<h2 style=\"text-align: center;\">\u041a\u043e\u0440\u043e\u0431\u043a\u0430 \u0430<strong>\u0441\u0442\u0438\u043f\u0435\u043d\u0434\u0438\u044f \u0434\u043b\u044f \u043d\u0435\u0433\u043e, \u043f\u043e\u0434\u0430\u0440\u043e\u043a, \u0434\u043e\u0441\u0442\u0430\u0432\u043a\u0430 \u0411\u0435\u043b\u0433\u0440\u0430\u0434\u00a0<\/strong><\/h2>\n<p>&nbsp;<\/p>\n<p>&nbsp;<\/p>\n<p>&nbsp;<\/p>\n<p>&nbsp;<\/p>","protected":false},"excerpt":{"rendered":"<p>\u0421\u043e\u043f\u0443\u0442\u0441\u0442\u0432\u0443\u044e\u0449\u0435\u0435 \u0443\u043a\u0440\u0430\u0448\u0435\u043d\u0438\u0435: \u0434\u0435\u043a\u043e\u0440\u0430\u0442\u0438\u0432\u043d\u0430\u044f \u043a\u043e\u0440\u043e\u0431\u043a\u0430-\u043a\u0443\u0431, \u043a\u043d\u0438\u0433\u0430, \u0434\u0435\u043a\u043e\u0440\u0430\u0442\u0438\u0432\u043d\u044b\u0439 \u0431\u0430\u043d\u0442\u0438\u043a, \u0434\u043e\u043c\u0438\u043a \u0434\u043b\u044f \u043e\u0445\u0440\u0430\u043d\u044b, \u0448\u043e\u043a\u043e\u043b\u0430\u0434\u043a\u0430, \u0434\u0435\u043a\u043e\u0440\u0430\u0442\u0438\u0432\u043d\u044b\u0435 \u0434\u0435\u043a\u043e\u0440\u0430\u0442\u0438\u0432\u043d\u044b\u0435 \u044d\u043b\u0435\u043c\u0435\u043d\u0442\u044b. \u041f\u043e\u0440\u0430\u0434\u0443\u0439\u0442\u0435 \u0435\u0433\u043e \u043a\u0440\u0430\u0441\u0438\u0432\u044b\u043c \u043f\u043e\u0434\u0430\u0440\u043a\u043e\u043c \u043d\u0430 \u0434\u0435\u043d\u044c \u0440\u043e\u0436\u0434\u0435\u043d\u0438\u044f, \u044e\u0431\u0438\u043b\u0435\u0439 \u0438\u043b\u0438 \u043f\u0440\u043e\u0441\u0442\u043e \u043d\u0435 \u043e\u0431\u044f\u0437\u0430\u0442\u0435\u043b\u044c\u043d\u043e \u043f\u043e\u0432\u043e\u0434... \u041d\u0430\u0448\u0430 \u043f\u043e\u0434\u0430\u0440\u043e\u0447\u043d\u0430\u044f \u043a\u043e\u0440\u043e\u0431\u043a\u0430 \u0434\u043b\u044f \u043d\u0435\u0433\u043e - \u044d\u0442\u043e \u0432\u043e\u0437\u043c\u043e\u0436\u043d\u043e\u0441\u0442\u044c \u0442\u043e\u0436\u0435 \u043f\u043e\u0434\u0430\u0440\u0438\u0442\u044c \u0435\u043c\u0443 \u043f\u043e\u0447\u0443\u0432\u0441\u0442\u0432\u043e\u0432\u0430\u0442\u044c \u0441\u0435\u0431\u044f \u043e\u0441\u043e\u0431\u0435\u043d\u043d\u044b\u043c! \u0414\u0435\u043a\u043b\u0430\u0440\u0430\u0446\u0438\u044f \u043f\u0440\u043e\u0434\u0443\u043a\u0442\u0430, \u0441\u0442\u0440\u0430\u043d\u0430 \u043f\u0440\u043e\u0438\u0441\u0445\u043e\u0436\u0434\u0435\u043d\u0438\u044f \u0438 \u043f\u0440\u043e\u0438\u0437\u0432\u043e\u0434\u0438\u0442\u0435\u043b\u044c \u0443\u043a\u0430\u0437\u0430\u043d\u044b \u043d\u0430 \u044d\u0442\u0438\u043a\u0435\u0442\u043a\u0435 \u0441\u0430\u043c\u043e\u0433\u043e \u043f\u0440\u043e\u0434\u0443\u043a\u0442\u0430. \u041a\u043e\u0440\u043e\u0431\u043a\u0430 [\u2026]<\/p>","protected":false},"featured_media":66905,"template":"","meta":[],"product_brand":[],"product_cat":[165],"product_tag":[],"class_list":{"0":"post-31312","1":"product","2":"type-product","3":"status-publish","4":"has-post-thumbnail","6":"product_cat-poklon-za-njega","8":"first","9":"outofstock","10":"shipping-taxable","11":"purchasable","12":"product-type-simple"},"yoast_head":"<!-- This site is optimized with the Yoast SEO Premium plugin v20.9 (Yoast SEO v26.5) - https:\/\/yoast.com\/wordpress\/plugins\/seo\/ -->\n<title>Mala pa\u017enja za velike ljubavi &#8211; Provansa Dekor<\/title>\n<meta name=\"description\" content=\"Na\u0161 poklon box aran\u017eman za njega je prilika da se i on oseti posebno!Box aran\u017eman za njega, poklon, dostava Beograd\u00a0\" \/>\n<meta name=\"robots\" content=\"index, follow, max-snippet:-1, max-image-preview:large, max-video-preview:-1\" \/>\n<link rel=\"canonical\" href=\"https:\/\/provansadekor.rs\/ru\/proizvod\/malo-vnimani\u044f-radi-bol\u044cso\u0439-l\u044ebvi\/\" \/>\n<meta property=\"og:locale\" content=\"ru_RU\" \/>\n<meta property=\"og:type\" content=\"article\" \/>\n<meta property=\"og:title\" content=\"Mala pa\u017enja za velike ljubavi\" \/>\n<meta property=\"og:description\" content=\"Na\u0161 poklon box aran\u017eman za njega je prilika da se i on oseti posebno!Box aran\u017eman za njega, poklon, dostava Beograd\u00a0\" \/>\n<meta property=\"og:url\" content=\"https:\/\/provansadekor.rs\/ru\/proizvod\/malo-vnimani\u044f-radi-bol\u044cso\u0439-l\u044ebvi\/\" \/>\n<meta property=\"og:site_name\" content=\"Provansa Dekor\" \/>\n<meta property=\"article:publisher\" content=\"https:\/\/www.facebook.com\/provansadekor\" \/>\n<meta property=\"article:modified_time\" content=\"2026-03-14T11:59:56+00:00\" \/>\n<meta property=\"og:image\" content=\"https:\/\/provansadekor.rs\/wp-content\/uploads\/2022\/10\/23.jpg\" \/>\n\t<meta property=\"og:image:width\" content=\"900\" \/>\n\t<meta property=\"og:image:height\" content=\"900\" \/>\n\t<meta property=\"og:image:type\" content=\"image\/jpeg\" \/>\n<meta name=\"twitter:card\" content=\"summary_large_image\" \/>\n<meta name=\"twitter:label1\" content=\"\u041f\u0440\u0438\u043c\u0435\u0440\u043d\u043e\u0435 \u0432\u0440\u0435\u043c\u044f \u0434\u043b\u044f \u0447\u0442\u0435\u043d\u0438\u044f\" \/>\n\t<meta name=\"twitter:data1\" content=\"1 \u043c\u0438\u043d\u0443\u0442\u0430\" \/>\n<script type=\"application\/ld+json\" class=\"yoast-schema-graph\">{\"@context\":\"https:\/\/schema.org\",\"@graph\":[{\"@type\":[\"WebPage\",\"ItemPage\"],\"@id\":\"https:\/\/provansadekor.rs\/proizvod\/mala-paznja-za-velike-ljubavi\/\",\"url\":\"https:\/\/provansadekor.rs\/proizvod\/mala-paznja-za-velike-ljubavi\/\",\"name\":\"Mala pa\u017enja za velike ljubavi &#8211; Provansa Dekor\",\"isPartOf\":{\"@id\":\"https:\/\/provansadekor.rs\/#website\"},\"primaryImageOfPage\":{\"@id\":\"https:\/\/provansadekor.rs\/proizvod\/mala-paznja-za-velike-ljubavi\/#primaryimage\"},\"image\":{\"@id\":\"https:\/\/provansadekor.rs\/proizvod\/mala-paznja-za-velike-ljubavi\/#primaryimage\"},\"thumbnailUrl\":\"https:\/\/provansadekor.rs\/wp-content\/uploads\/2022\/10\/23.jpg\",\"datePublished\":\"2020-12-11T11:45:47+00:00\",\"dateModified\":\"2026-03-14T11:59:56+00:00\",\"description\":\"Na\u0161 poklon box aran\u017eman za njega je prilika da se i on oseti posebno!Box aran\u017eman za njega, poklon, dostava Beograd\u00a0\",\"breadcrumb\":{\"@id\":\"https:\/\/provansadekor.rs\/proizvod\/mala-paznja-za-velike-ljubavi\/#breadcrumb\"},\"inLanguage\":\"ru-RU\",\"potentialAction\":[{\"@type\":\"ReadAction\",\"target\":[\"https:\/\/provansadekor.rs\/proizvod\/mala-paznja-za-velike-ljubavi\/\"]}]},{\"@type\":\"ImageObject\",\"inLanguage\":\"ru-RU\",\"@id\":\"https:\/\/provansadekor.rs\/proizvod\/mala-paznja-za-velike-ljubavi\/#primaryimage\",\"url\":\"https:\/\/provansadekor.rs\/wp-content\/uploads\/2022\/10\/23.jpg\",\"contentUrl\":\"https:\/\/provansadekor.rs\/wp-content\/uploads\/2022\/10\/23.jpg\",\"width\":900,\"height\":900},{\"@type\":\"BreadcrumbList\",\"@id\":\"https:\/\/provansadekor.rs\/proizvod\/mala-paznja-za-velike-ljubavi\/#breadcrumb\",\"itemListElement\":[{\"@type\":\"ListItem\",\"position\":1,\"name\":\"\u041f\u043e\u0447\u0435\u0442\u043d\u0430\",\"item\":\"https:\/\/provansadekor.rs\/\"},{\"@type\":\"ListItem\",\"position\":2,\"name\":\"\u041f\u0440\u043e\u0438\u0437\u0432\u043e\u0434\u0438\",\"item\":\"https:\/\/provansadekor.rs\/shop\/\"},{\"@type\":\"ListItem\",\"position\":3,\"name\":\"Mala pa\u017enja za velike ljubavi\"}]},{\"@type\":\"WebSite\",\"@id\":\"https:\/\/provansadekor.rs\/#website\",\"url\":\"https:\/\/provansadekor.rs\/\",\"name\":\"Provansa Dekor\",\"description\":\"Dostava cve\u0107a Beograd - Organizacija i Dekoracija doga\u0111aja - Ure\u0111enje zelenih povr\u0161ina\",\"publisher\":{\"@id\":\"https:\/\/provansadekor.rs\/#organization\"},\"potentialAction\":[{\"@type\":\"SearchAction\",\"target\":{\"@type\":\"EntryPoint\",\"urlTemplate\":\"https:\/\/provansadekor.rs\/?s={search_term_string}\"},\"query-input\":{\"@type\":\"PropertyValueSpecification\",\"valueRequired\":true,\"valueName\":\"search_term_string\"}}],\"inLanguage\":\"ru-RU\"},{\"@type\":\"Organization\",\"@id\":\"https:\/\/provansadekor.rs\/#organization\",\"name\":\"Provansa Dekor Cve\u0107ara Beograd\",\"url\":\"https:\/\/provansadekor.rs\/\",\"logo\":{\"@type\":\"ImageObject\",\"inLanguage\":\"ru-RU\",\"@id\":\"https:\/\/provansadekor.rs\/#\/schema\/logo\/image\/\",\"url\":\"https:\/\/provansadekor.rs\/wp-content\/uploads\/2022\/03\/logo-provansa.jpg\",\"contentUrl\":\"https:\/\/provansadekor.rs\/wp-content\/uploads\/2022\/03\/logo-provansa.jpg\",\"width\":200,\"height\":200,\"caption\":\"Provansa Dekor Cve\u0107ara Beograd\"},\"image\":{\"@id\":\"https:\/\/provansadekor.rs\/#\/schema\/logo\/image\/\"},\"sameAs\":[\"https:\/\/www.facebook.com\/provansadekor\",\"https:\/\/www.instagram.com\/provansadekor\/\"]}]}<\/script>\n<!-- \/ Yoast SEO Premium plugin. -->","yoast_head_json":{"title":"\u041c\u0430\u043b\u0435\u043d\u044c\u043a\u0430\u044f \u0437\u0430\u0431\u043e\u0442\u0430 \u0434\u043b\u044f \u0431\u043e\u043b\u044c\u0448\u043e\u0439 \u043b\u044e\u0431\u0432\u0438 \u2014 \u041f\u0440\u043e\u0432\u0430\u043d\u0441 \u0414\u0435\u043a\u043e\u0440","description":"\u041d\u0430\u0448\u0430 \u043f\u043e\u0434\u0430\u0440\u043e\u0447\u043d\u0430\u044f \u043a\u043e\u0440\u043e\u0431\u043a\u0430 \u0434\u043b\u044f \u043d\u0435\u0433\u043e \u2013 \u044d\u0442\u043e \u0432\u043e\u0437\u043c\u043e\u0436\u043d\u043e\u0441\u0442\u044c \u0438 \u0435\u043c\u0443 \u043f\u043e\u0447\u0443\u0432\u0441\u0442\u0432\u043e\u0432\u0430\u0442\u044c \u0441\u0435\u0431\u044f \u043e\u0441\u043e\u0431\u0435\u043d\u043d\u044b\u043c. \u041a\u043e\u0440\u043e\u0431\u043a\u0430 \u0434\u043b\u044f \u043d\u0435\u0433\u043e, \u043f\u043e\u0434\u0430\u0440\u043e\u043a, \u0434\u043e\u0441\u0442\u0430\u0432\u043a\u0430 \u0411\u0435\u043b\u0433\u0440\u0430\u0434!\u00a0","robots":{"index":"index","follow":"follow","max-snippet":"max-snippet:-1","max-image-preview":"max-image-preview:large","max-video-preview":"max-video-preview:-1"},"canonical":"https:\/\/provansadekor.rs\/ru\/proizvod\/malo-vnimani\u044f-radi-bol\u044cso\u0439-l\u044ebvi\/","og_locale":"ru_RU","og_type":"article","og_title":"Mala pa\u017enja za velike ljubavi","og_description":"Na\u0161 poklon box aran\u017eman za njega je prilika da se i on oseti posebno!Box aran\u017eman za njega, poklon, dostava Beograd\u00a0","og_url":"https:\/\/provansadekor.rs\/ru\/proizvod\/malo-vnimani\u044f-radi-bol\u044cso\u0439-l\u044ebvi\/","og_site_name":"Provansa Dekor","article_publisher":"https:\/\/www.facebook.com\/provansadekor","article_modified_time":"2026-03-14T11:59:56+00:00","og_image":[{"width":900,"height":900,"url":"https:\/\/provansadekor.rs\/wp-content\/uploads\/2022\/10\/23.jpg","type":"image\/jpeg"}],"twitter_card":"summary_large_image","twitter_misc":{"\u041f\u0440\u0438\u043c\u0435\u0440\u043d\u043e\u0435 \u0432\u0440\u0435\u043c\u044f \u0434\u043b\u044f \u0447\u0442\u0435\u043d\u0438\u044f":"1 \u043c\u0438\u043d\u0443\u0442\u0430"},"schema":{"@context":"https:\/\/schema.org","@graph":[{"@type":["WebPage","ItemPage"],"@id":"https:\/\/provansadekor.rs\/proizvod\/mala-paznja-za-velike-ljubavi\/","url":"https:\/\/provansadekor.rs\/proizvod\/mala-paznja-za-velike-ljubavi\/","name":"\u041c\u0430\u043b\u0435\u043d\u044c\u043a\u0430\u044f \u0437\u0430\u0431\u043e\u0442\u0430 \u0434\u043b\u044f \u0431\u043e\u043b\u044c\u0448\u043e\u0439 \u043b\u044e\u0431\u0432\u0438 \u2014 \u041f\u0440\u043e\u0432\u0430\u043d\u0441 \u0414\u0435\u043a\u043e\u0440","isPartOf":{"@id":"https:\/\/provansadekor.rs\/#website"},"primaryImageOfPage":{"@id":"https:\/\/provansadekor.rs\/proizvod\/mala-paznja-za-velike-ljubavi\/#primaryimage"},"image":{"@id":"https:\/\/provansadekor.rs\/proizvod\/mala-paznja-za-velike-ljubavi\/#primaryimage"},"thumbnailUrl":"https:\/\/provansadekor.rs\/wp-content\/uploads\/2022\/10\/23.jpg","datePublished":"2020-12-11T11:45:47+00:00","dateModified":"2026-03-14T11:59:56+00:00","description":"\u041d\u0430\u0448\u0430 \u043f\u043e\u0434\u0430\u0440\u043e\u0447\u043d\u0430\u044f \u043a\u043e\u0440\u043e\u0431\u043a\u0430 \u0434\u043b\u044f \u043d\u0435\u0433\u043e \u2013 \u044d\u0442\u043e \u0432\u043e\u0437\u043c\u043e\u0436\u043d\u043e\u0441\u0442\u044c \u0438 \u0435\u043c\u0443 \u043f\u043e\u0447\u0443\u0432\u0441\u0442\u0432\u043e\u0432\u0430\u0442\u044c \u0441\u0435\u0431\u044f \u043e\u0441\u043e\u0431\u0435\u043d\u043d\u044b\u043c. \u041a\u043e\u0440\u043e\u0431\u043a\u0430 \u0434\u043b\u044f \u043d\u0435\u0433\u043e, \u043f\u043e\u0434\u0430\u0440\u043e\u043a, \u0434\u043e\u0441\u0442\u0430\u0432\u043a\u0430 \u0411\u0435\u043b\u0433\u0440\u0430\u0434!\u00a0","breadcrumb":{"@id":"https:\/\/provansadekor.rs\/proizvod\/mala-paznja-za-velike-ljubavi\/#breadcrumb"},"inLanguage":"ru-RU","potentialAction":[{"@type":"ReadAction","target":["https:\/\/provansadekor.rs\/proizvod\/mala-paznja-za-velike-ljubavi\/"]}]},{"@type":"ImageObject","inLanguage":"ru-RU","@id":"https:\/\/provansadekor.rs\/proizvod\/mala-paznja-za-velike-ljubavi\/#primaryimage","url":"https:\/\/provansadekor.rs\/wp-content\/uploads\/2022\/10\/23.jpg","contentUrl":"https:\/\/provansadekor.rs\/wp-content\/uploads\/2022\/10\/23.jpg","width":900,"height":900},{"@type":"BreadcrumbList","@id":"https:\/\/provansadekor.rs\/proizvod\/mala-paznja-za-velike-ljubavi\/#breadcrumb","itemListElement":[{"@type":"ListItem","position":1,"name":"\u041f\u043e\u0447\u0435\u0442\u043d\u0430","item":"https:\/\/provansadekor.rs\/"},{"@type":"ListItem","position":2,"name":"\u041f\u0440\u043e\u0438\u0437\u0432\u043e\u0434\u0438","item":"https:\/\/provansadekor.rs\/shop\/"},{"@type":"ListItem","position":3,"name":"Mala pa\u017enja za velike ljubavi"}]},{"@type":"WebSite","@id":"https:\/\/provansadekor.rs\/#website","url":"https:\/\/provansadekor.rs\/","name":"\u041f\u0440\u043e\u0432\u0430\u043d\u0441 \u0414\u0435\u043a\u043e\u0440","description":"\u0414\u043e\u0441\u0442\u0430\u0432\u043a\u0430 \u0446\u0432\u0435\u0442\u043e\u0432 \u0411\u0435\u043b\u0433\u0440\u0430\u0434 - \u041e\u0440\u0433\u0430\u043d\u0438\u0437\u0430\u0446\u0438\u044f \u0438 \u043e\u0444\u043e\u0440\u043c\u043b\u0435\u043d\u0438\u0435 \u043c\u0435\u0440\u043e\u043f\u0440\u0438\u044f\u0442\u0438\u0439 - \u041b\u0430\u043d\u0434\u0448\u0430\u0444\u0442\u043d\u044b\u0439 \u0434\u0438\u0437\u0430\u0439\u043d","publisher":{"@id":"https:\/\/provansadekor.rs\/#organization"},"potentialAction":[{"@type":"SearchAction","target":{"@type":"EntryPoint","urlTemplate":"https:\/\/provansadekor.rs\/?s={search_term_string}"},"query-input":{"@type":"PropertyValueSpecification","valueRequired":true,"valueName":"search_term_string"}}],"inLanguage":"ru-RU"},{"@type":"Organization","@id":"https:\/\/provansadekor.rs\/#organization","name":"\u0426\u0432\u0435\u0442\u043e\u0447\u043d\u044b\u0439 \u043c\u0430\u0433\u0430\u0437\u0438\u043d \u041f\u0440\u043e\u0432\u0430\u043d\u0441 \u0414\u0435\u043a\u043e\u0440 \u0411\u0435\u043b\u0433\u0440\u0430\u0434","url":"https:\/\/provansadekor.rs\/","logo":{"@type":"ImageObject","inLanguage":"ru-RU","@id":"https:\/\/provansadekor.rs\/#\/schema\/logo\/image\/","url":"https:\/\/provansadekor.rs\/wp-content\/uploads\/2022\/03\/logo-provansa.jpg","contentUrl":"https:\/\/provansadekor.rs\/wp-content\/uploads\/2022\/03\/logo-provansa.jpg","width":200,"height":200,"caption":"Provansa Dekor Cve\u0107ara Beograd"},"image":{"@id":"https:\/\/provansadekor.rs\/#\/schema\/logo\/image\/"},"sameAs":["https:\/\/www.facebook.com\/provansadekor","https:\/\/www.instagram.com\/provansadekor\/"]}]}},"_links":{"self":[{"href":"https:\/\/provansadekor.rs\/ru\/wp-json\/wp\/v2\/product\/31312","targetHints":{"allow":["GET"]}}],"collection":[{"href":"https:\/\/provansadekor.rs\/ru\/wp-json\/wp\/v2\/product"}],"about":[{"href":"https:\/\/provansadekor.rs\/ru\/wp-json\/wp\/v2\/types\/product"}],"version-history":[{"count":5,"href":"https:\/\/provansadekor.rs\/ru\/wp-json\/wp\/v2\/product\/31312\/revisions"}],"predecessor-version":[{"id":77184,"href":"https:\/\/provansadekor.rs\/ru\/wp-json\/wp\/v2\/product\/31312\/revisions\/77184"}],"wp:featuredmedia":[{"embeddable":true,"href":"https:\/\/provansadekor.rs\/ru\/wp-json\/wp\/v2\/media\/66905"}],"wp:attachment":[{"href":"https:\/\/provansadekor.rs\/ru\/wp-json\/wp\/v2\/media?parent=31312"}],"wp:term":[{"taxonomy":"product_brand","embeddable":true,"href":"https:\/\/provansadekor.rs\/ru\/wp-json\/wp\/v2\/product_brand?post=31312"},{"taxonomy":"product_cat","embeddable":true,"href":"https:\/\/provansadekor.rs\/ru\/wp-json\/wp\/v2\/product_cat?post=31312"},{"taxonomy":"product_tag","embeddable":true,"href":"https:\/\/provansadekor.rs\/ru\/wp-json\/wp\/v2\/product_tag?post=31312"}],"curies":[{"name":"wp","href":"https:\/\/api.w.org\/{rel}","templated":true}]}}