{"id":65602,"date":"2022-08-23T19:48:20","date_gmt":"2022-08-23T17:48:20","guid":{"rendered":"https:\/\/provansadekor.rs\/?page_id=65602"},"modified":"2022-11-04T01:09:53","modified_gmt":"2022-11-04T00:09:53","slug":"sta-pokloniti-za-slavu","status":"publish","type":"page","link":"https:\/\/provansadekor.rs\/ru\/cto-podarit-za-slavu\/","title":{"rendered":"\u0421\u043b\u0430\u0432\u0430"},"content":{"rendered":"<div data-elementor-type=\"wp-page\" data-elementor-id=\"65602\" class=\"elementor elementor-65602\" data-elementor-post-type=\"page\">\n\t\t\t\t\t\t<header class=\"elementor-section elementor-top-section elementor-element elementor-element-151510bf elementor-section-height-min-height elementor-section-boxed elementor-section-height-default elementor-section-items-middle\" data-id=\"151510bf\" data-element_type=\"section\" data-settings=\"{&quot;background_background&quot;:&quot;classic&quot;}\">\n\t\t\t\t\t\t\t<div class=\"elementor-background-overlay\"><\/div>\n\t\t\t\t\t\t\t<div class=\"elementor-container elementor-column-gap-default\">\n\t\t\t\t\t<div class=\"elementor-column elementor-col-100 elementor-top-column elementor-element elementor-element-3abbe005\" data-id=\"3abbe005\" data-element_type=\"column\" data-settings=\"{&quot;background_background&quot;:&quot;classic&quot;}\">\n\t\t\t<div class=\"elementor-widget-wrap elementor-element-populated\">\n\t\t\t\t\t\t<section class=\"elementor-section elementor-inner-section elementor-element elementor-element-3bc7c557 elementor-section-boxed elementor-section-height-default elementor-section-height-default elementor-invisible\" data-id=\"3bc7c557\" data-element_type=\"section\" data-settings=\"{&quot;animation&quot;:&quot;fadeInUp&quot;}\">\n\t\t\t\t\t\t<div class=\"elementor-container elementor-column-gap-no\">\n\t\t\t\t\t<div class=\"elementor-column elementor-col-100 elementor-inner-column elementor-element elementor-element-3c081b25\" data-id=\"3c081b25\" data-element_type=\"column\">\n\t\t\t<div class=\"elementor-widget-wrap elementor-element-populated\">\n\t\t\t\t\t\t<div class=\"elementor-element elementor-element-3c39c08 elementor-widget-mobile__width-inherit elementor-widget elementor-widget-heading\" data-id=\"3c39c08\" data-element_type=\"widget\" data-widget_type=\"heading.default\">\n\t\t\t\t<div class=\"elementor-widget-container\">\n\t\t\t\t\t<h1 class=\"elementor-heading-title elementor-size-default\">\u0421\u0435\u043c\u044c\u044f \u0438 \u0434\u0440\u0443\u0437\u044c\u044f \u044f\u0432\u043b\u044f\u044e\u0442\u0441\u044f \u0441\u0442\u043e\u043b\u043f\u0430\u043c\u0438 \u043d\u0430\u0448\u0435\u0433\u043e \u043e\u0431\u0449\u0435\u0441\u0442\u0432\u0430 \u0438 \u0434\u0435\u043b\u0430\u044e\u0442 \u0436\u0438\u0437\u043d\u044c \u043f\u0440\u0435\u043a\u0440\u0430\u0441\u043d\u0435\u0435.<\/h1>\t\t\t\t<\/div>\n\t\t\t\t<\/div>\n\t\t\t\t<div class=\"elementor-element elementor-element-1825b639 elementor-widget__width-initial elementor-view-default elementor-widget elementor-widget-icon\" data-id=\"1825b639\" data-element_type=\"widget\" data-widget_type=\"icon.default\">\n\t\t\t\t<div class=\"elementor-widget-container\">\n\t\t\t\t\t\t\t<div class=\"elementor-icon-wrapper\">\n\t\t\t<a class=\"elementor-icon elementor-animation-push\" href=\"#101ruza\">\n\t\t\t<i aria-hidden=\"true\" class=\"fas fa-angle-down\"><\/i>\t\t\t<\/a>\n\t\t<\/div>\n\t\t\t\t\t\t<\/div>\n\t\t\t\t<\/div>\n\t\t\t\t\t<\/div>\n\t\t<\/div>\n\t\t\t\t\t<\/div>\n\t\t<\/section>\n\t\t\t\t\t<\/div>\n\t\t<\/div>\n\t\t\t\t\t<\/div>\n\t\t<\/header>\n\t\t\t\t<section class=\"elementor-section elementor-top-section elementor-element elementor-element-6816bd3b elementor-section-content-middle elementor-section-boxed elementor-section-height-default elementor-section-height-default\" data-id=\"6816bd3b\" data-element_type=\"section\" id=\"101ruza\">\n\t\t\t\t\t\t<div class=\"elementor-container elementor-column-gap-default\">\n\t\t\t\t\t<div class=\"elementor-column elementor-col-100 elementor-top-column elementor-element elementor-element-6f3e9fa8\" data-id=\"6f3e9fa8\" data-element_type=\"column\">\n\t\t\t<div class=\"elementor-widget-wrap elementor-element-populated\">\n\t\t\t\t\t\t<div class=\"elementor-element elementor-element-caddc51 elementor-widget elementor-widget-text-editor\" data-id=\"caddc51\" data-element_type=\"widget\" data-widget_type=\"text-editor.default\">\n\t\t\t\t<div class=\"elementor-widget-container\">\n\t\t\t\t\t\t\t\t\t<p><b><i>\u041f\u0440\u0435\u043a\u0440\u0430\u0441\u043d\u0430\u044f \u043c\u043d\u043e\u0433\u043e\u0432\u0435\u043a\u043e\u0432\u0430\u044f \u0442\u0440\u0430\u0434\u0438\u0446\u0438\u044f \u043f\u0440\u0430\u0437\u0434\u043d\u043e\u0432\u0430\u043d\u0438\u044f \u0441\u043b\u0430\u0432\u044b \u0432 \u043a\u0440\u0443\u0433\u0443 \u0441\u0435\u043c\u044c\u0438 \u0438 \u0434\u0440\u0443\u0437\u0435\u0439 \u0441\u043e\u0445\u0440\u0430\u043d\u044f\u0435\u0442 \u0438\u0441\u043a\u043e\u043d\u043d\u044b\u0435 \u0446\u0435\u043d\u043d\u043e\u0441\u0442\u0438 \u0438 \u0434\u0435\u043b\u0430\u0435\u0442 \u043d\u0430\u0441 \u043f\u043e\u0447\u0435\u0442\u043d\u044b\u043c\u0438 \u0433\u043e\u0441\u0442\u044f\u043c\u0438!<\/i><\/b><\/p>\t\t\t\t\t\t\t\t<\/div>\n\t\t\t\t<\/div>\n\t\t\t\t\t<\/div>\n\t\t<\/div>\n\t\t\t\t\t<\/div>\n\t\t<\/section>\n\t\t\t\t<section class=\"elementor-section elementor-top-section elementor-element elementor-element-51c6fda elementor-section-boxed elementor-section-height-default elementor-section-height-default\" data-id=\"51c6fda\" data-element_type=\"section\">\n\t\t\t\t\t\t<div class=\"elementor-container elementor-column-gap-default\">\n\t\t\t\t\t<div class=\"elementor-column elementor-col-50 elementor-top-column elementor-element elementor-element-39caf26\" data-id=\"39caf26\" data-element_type=\"column\">\n\t\t\t<div class=\"elementor-widget-wrap elementor-element-populated\">\n\t\t\t\t\t\t<div class=\"elementor-element elementor-element-d5a7ed5 elementor-widget elementor-widget-image\" data-id=\"d5a7ed5\" data-element_type=\"widget\" data-widget_type=\"image.default\">\n\t\t\t\t<div class=\"elementor-widget-container\">\n\t\t\t\t\t\t\t\t\t\t\t\t\t\t\t<img fetchpriority=\"high\" decoding=\"async\" width=\"750\" height=\"1000\" src=\"https:\/\/provansadekor.rs\/wp-content\/uploads\/2022\/08\/pokloni-za-slavu-2.jpg\" class=\"attachment-large size-large wp-image-65629\" alt=\"\" srcset=\"https:\/\/provansadekor.rs\/wp-content\/uploads\/2022\/08\/pokloni-za-slavu-2.jpg 750w, https:\/\/provansadekor.rs\/wp-content\/uploads\/2022\/08\/pokloni-za-slavu-2-225x300.jpg 225w, https:\/\/provansadekor.rs\/wp-content\/uploads\/2022\/08\/pokloni-za-slavu-2-700x933.jpg 700w\" sizes=\"(max-width: 750px) 100vw, 750px\" \/>\t\t\t\t\t\t\t\t\t\t\t\t\t\t\t<\/div>\n\t\t\t\t<\/div>\n\t\t\t\t\t<\/div>\n\t\t<\/div>\n\t\t\t\t<div class=\"elementor-column elementor-col-50 elementor-top-column elementor-element elementor-element-2755e70\" data-id=\"2755e70\" data-element_type=\"column\">\n\t\t\t<div class=\"elementor-widget-wrap elementor-element-populated\">\n\t\t\t\t\t\t<div class=\"elementor-element elementor-element-a054692 elementor-widget elementor-widget-text-editor\" data-id=\"a054692\" data-element_type=\"widget\" data-widget_type=\"text-editor.default\">\n\t\t\t\t<div class=\"elementor-widget-container\">\n\t\t\t\t\t\t\t\t\t<p><span style=\"font-weight: 400;\">\u0421\u0435\u043c\u044c\u044f <\/span><a href=\"https:\/\/provansadekor.rs\/proizvod\/aranzman-04-2\/\"><span style=\"font-weight: 400;\">\u0414\u0435\u043d\u044c \u043f\u043e\u043a\u0440\u043e\u0432\u0438\u0442\u0435\u043b\u044f<\/span><\/a><span style=\"font-weight: 400;\"> \u042d\u0442\u043e \u043e\u0434\u0438\u043d \u0438\u0437 \u0441\u0430\u043c\u044b\u0445 \u043f\u0440\u0435\u043a\u0440\u0430\u0441\u043d\u044b\u0445 \u0438 \u0432\u0430\u0436\u043d\u044b\u0445 \u0434\u043d\u0435\u0439 \u0432 \u0433\u043e\u0434\u0443.<\/span><\/p><p><span style=\"font-weight: 400;\">\u0412\u0435\u0447\u0435\u0440\u043d\u0438\u0435 \u043f\u043b\u0430\u0442\u044c\u044f, \u043d\u0430\u043a\u0440\u044b\u0442\u0438\u0435 \u0441\u0442\u043e\u043b\u0430, \u0443\u043b\u044b\u0431\u043a\u0438 \u0438 \u043e\u0431\u0449\u0435\u043d\u0438\u0435 \u2013 \u043c\u043e\u043c\u0435\u043d\u0442\u044b \u0440\u0430\u0434\u043e\u0441\u0442\u0438!\u00a0<\/span><\/p><p><span style=\"font-weight: 400;\">\u0421\u0432\u0435\u0447\u0430, \u043f\u0440\u0430\u0437\u0434\u043d\u0438\u0447\u043d\u044b\u0439 \u0442\u043e\u0440\u0442 \u0438 \u043e\u0436\u0438\u0434\u0430\u043d\u0438\u0435 \u0433\u043e\u0441\u0442\u0435\u0439 \u2013 \u0431\u043e\u043b\u044c\u0448\u0430\u044f \u0447\u0435\u0441\u0442\u044c \u0434\u043b\u044f \u0445\u043e\u0437\u044f\u0435\u0432.<\/span><\/p><p>\u00a0<\/p><ul><li><span style=\"font-weight: 400;\">\u0426\u0432\u0435\u0442\u044b \u0445\u043e\u0437\u044f\u0439\u043a\u0435 \u0438 \u043d\u0430\u043f\u0438\u0442\u043a\u0438 \u0445\u043e\u0437\u044f\u0438\u043d\u0443 \u2013 \u0441\u0434\u0435\u043b\u0430\u0439\u0442\u0435 \u044d\u0442\u043e \u0438\u0434\u0435\u0430\u043b\u044c\u043d\u043e <\/span><a href=\"https:\/\/provansadekor.rs\/proizvod\/poklon-za-slavu-06\/\"><span style=\"font-weight: 400;\">\u043f\u043e\u0434\u0430\u0440\u043e\u043a \u0437\u0430 \u0441\u043b\u0430\u0432\u0443<\/span><\/a><span style=\"font-weight: 400;\">.<\/span><\/li><\/ul><p>\u00a0<\/p><ul><li><span style=\"font-weight: 400;\">\u0415\u0441\u043b\u0438 \u0432\u044b \u043d\u0435 \u0441\u043c\u043e\u0436\u0435\u0442\u0435 \u043f\u0440\u0438\u0441\u0443\u0442\u0441\u0442\u0432\u043e\u0432\u0430\u0442\u044c, \u043f\u043e\u0436\u0430\u043b\u0443\u0439\u0441\u0442\u0430, \u0432\u044b\u0440\u0430\u0437\u0438\u0442\u0435 \u0441\u0432\u043e\u0435 \u043f\u043e\u0447\u0442\u0435\u043d\u0438\u0435 \u0434\u043e\u043c\u0443, \u043a\u043e\u0442\u043e\u0440\u044b\u0439 \u043f\u0440\u0430\u0437\u0434\u043d\u0443\u0435\u0442... <\/span><a href=\"https:\/\/provansadekor.rs\/kategorija-proizvoda\/poklon-za-slavu\/\"><span style=\"font-weight: 400;\">\u041e\u0442\u043f\u0440\u0430\u0432\u0438\u0442\u044c \u043f\u043e\u0434\u0430\u0440\u043e\u043a<\/span><\/a><span style=\"font-weight: 400;\"> \u043f\u0435\u0440\u0441\u043e\u043d\u0430\u043b\u0438\u0437\u0438\u0440\u043e\u0432\u0430\u043d\u043d\u043e\u0439 \u043f\u043e\u0437\u0434\u0440\u0430\u0432\u0438\u0442\u0435\u043b\u044c\u043d\u043e\u0439 \u043e\u0442\u043a\u0440\u044b\u0442\u043a\u043e\u0439 \u0438 \u0434\u043e\u043f\u043e\u043b\u043d\u0438\u0442\u0435 \u043f\u0440\u0430\u0437\u0434\u043d\u0438\u0447\u043d\u0443\u044e \u0430\u0442\u043c\u043e\u0441\u0444\u0435\u0440\u0443!<\/span><\/li><\/ul>\t\t\t\t\t\t\t\t<\/div>\n\t\t\t\t<\/div>\n\t\t\t\t\t<\/div>\n\t\t<\/div>\n\t\t\t\t\t<\/div>\n\t\t<\/section>\n\t\t\t\t<section class=\"elementor-section elementor-top-section elementor-element elementor-element-5e1b072 elementor-section-boxed elementor-section-height-default elementor-section-height-default\" data-id=\"5e1b072\" data-element_type=\"section\">\n\t\t\t\t\t\t<div class=\"elementor-container elementor-column-gap-default\">\n\t\t\t\t\t<div class=\"elementor-column elementor-col-100 elementor-top-column elementor-element elementor-element-118f5cd\" data-id=\"118f5cd\" data-element_type=\"column\" data-settings=\"{&quot;background_background&quot;:&quot;classic&quot;}\">\n\t\t\t<div class=\"elementor-widget-wrap elementor-element-populated\">\n\t\t\t\t\t\t<div class=\"elementor-element elementor-element-fe58aa7 elementor-align-center elementor-widget elementor-widget-button\" data-id=\"fe58aa7\" data-element_type=\"widget\" data-widget_type=\"button.default\">\n\t\t\t\t<div class=\"elementor-widget-container\">\n\t\t\t\t\t\t\t\t\t<div class=\"elementor-button-wrapper\">\n\t\t\t\t\t<a class=\"elementor-button elementor-button-link elementor-size-sm\" href=\"https:\/\/provansadekor.rs\/kategorija-proizvoda\/poklon-za-slavu\/\">\n\t\t\t\t\t\t<span class=\"elementor-button-content-wrapper\">\n\t\t\t\t\t\t\t\t\t<span class=\"elementor-button-text\">  \u0416\u0435\u043b\u0430\u0435\u043c \u043f\u0440\u0438\u044f\u0442\u043d\u043e \u043f\u0440\u043e\u0432\u0435\u0441\u0442\u0438 \u0432\u0440\u0435\u043c\u044f \u043f\u043e\u0434 \u0442\u043e\u0441\u0442\u043e\u043c \u0437\u0430 \u0431\u0443\u0434\u0443\u0449\u0435\u0435, \u043f\u043e\u043b\u043d\u043e\u0435 \u0441\u0447\u0430\u0441\u0442\u044c\u044f \u0438 \u0437\u0434\u043e\u0440\u043e\u0432\u044c\u044f!<\/span>\n\t\t\t\t\t<\/span>\n\t\t\t\t\t<\/a>\n\t\t\t\t<\/div>\n\t\t\t\t\t\t\t\t<\/div>\n\t\t\t\t<\/div>\n\t\t\t\t\t<\/div>\n\t\t<\/div>\n\t\t\t\t\t<\/div>\n\t\t<\/section>\n\t\t\t\t<\/div>","protected":false},"excerpt":{"rendered":"<p>Porodica i prijatelji stub su na\u0161eg dru\u0161tva i \u010dine \u017eivot lep\u0161im \u00a0 Predivna vekovna tradicija obele\u017eavanja slave sa porodicom i prijateljima, odr\u017eava iskonske vrednosti i \u010dini nas po\u010dastvovanim gostima! Porodi\u010dna slava jedan je od najlep\u0161ih i najva\u017enijih dana u godini. Sve\u010dana odela, priprema trpeze, osmesi i zajednica &#8211; trenuci radosti! Sve\u0107a, slavski kola\u010d i i\u0161\u010dekivanje [&hellip;]<\/p>","protected":false},"author":113,"featured_media":0,"parent":0,"menu_order":0,"comment_status":"closed","ping_status":"closed","template":"","meta":{"footnotes":""},"categories":[],"tags":[],"class_list":["post-65602","page","type-page","status-publish","hentry"],"yoast_head":"<!-- This site is optimized with the Yoast SEO Premium plugin v20.9 (Yoast SEO v26.5) - https:\/\/yoast.com\/wordpress\/plugins\/seo\/ -->\n<title>Slave &#8211; Provansa Dekor<\/title>\n<meta name=\"description\" content=\"Ukoliko ne mo\u017eete da prisustvujete, uka\u017eite po\u0161tovanje ku\u0107i koja slavi \u2013 po\u0161aljite poklon uz personalizovanu \u010destitku i upotpunite slavsku atmosferu!\" \/>\n<meta name=\"robots\" content=\"index, follow, max-snippet:-1, max-image-preview:large, max-video-preview:-1\" \/>\n<link rel=\"canonical\" href=\"https:\/\/provansadekor.rs\/ru\/cto-podarit-za-slavu\/\" \/>\n<meta property=\"og:locale\" content=\"ru_RU\" \/>\n<meta property=\"og:type\" content=\"article\" \/>\n<meta property=\"og:title\" content=\"Slave\" \/>\n<meta property=\"og:description\" content=\"Ukoliko ne mo\u017eete da prisustvujete, uka\u017eite po\u0161tovanje ku\u0107i koja slavi \u2013 po\u0161aljite poklon uz personalizovanu \u010destitku i upotpunite slavsku atmosferu!\" \/>\n<meta property=\"og:url\" content=\"https:\/\/provansadekor.rs\/ru\/cto-podarit-za-slavu\/\" \/>\n<meta property=\"og:site_name\" content=\"Provansa Dekor\" \/>\n<meta property=\"article:publisher\" content=\"https:\/\/www.facebook.com\/provansadekor\" \/>\n<meta property=\"article:modified_time\" content=\"2022-11-04T00:09:53+00:00\" \/>\n<meta property=\"og:image\" content=\"https:\/\/provansadekor.rs\/wp-content\/uploads\/2022\/08\/pokloni-za-slavu-2.jpg\" \/>\n<meta name=\"twitter:card\" content=\"summary_large_image\" \/>\n<meta name=\"twitter:label1\" content=\"\u041f\u0440\u0438\u043c\u0435\u0440\u043d\u043e\u0435 \u0432\u0440\u0435\u043c\u044f \u0434\u043b\u044f \u0447\u0442\u0435\u043d\u0438\u044f\" \/>\n\t<meta name=\"twitter:data1\" content=\"1 \u043c\u0438\u043d\u0443\u0442\u0430\" \/>\n<script type=\"application\/ld+json\" class=\"yoast-schema-graph\">{\"@context\":\"https:\/\/schema.org\",\"@graph\":[{\"@type\":\"WebPage\",\"@id\":\"https:\/\/provansadekor.rs\/sta-pokloniti-za-slavu\/\",\"url\":\"https:\/\/provansadekor.rs\/sta-pokloniti-za-slavu\/\",\"name\":\"Slave &#8211; Provansa Dekor\",\"isPartOf\":{\"@id\":\"https:\/\/provansadekor.rs\/#website\"},\"primaryImageOfPage\":{\"@id\":\"https:\/\/provansadekor.rs\/sta-pokloniti-za-slavu\/#primaryimage\"},\"image\":{\"@id\":\"https:\/\/provansadekor.rs\/sta-pokloniti-za-slavu\/#primaryimage\"},\"thumbnailUrl\":\"https:\/\/provansadekor.rs\/wp-content\/uploads\/2022\/08\/pokloni-za-slavu-2.jpg\",\"datePublished\":\"2022-08-23T17:48:20+00:00\",\"dateModified\":\"2022-11-04T00:09:53+00:00\",\"description\":\"Ukoliko ne mo\u017eete da prisustvujete, uka\u017eite po\u0161tovanje ku\u0107i koja slavi \u2013 po\u0161aljite poklon uz personalizovanu \u010destitku i upotpunite slavsku atmosferu!\",\"breadcrumb\":{\"@id\":\"https:\/\/provansadekor.rs\/sta-pokloniti-za-slavu\/#breadcrumb\"},\"inLanguage\":\"ru-RU\",\"potentialAction\":[{\"@type\":\"ReadAction\",\"target\":[\"https:\/\/provansadekor.rs\/sta-pokloniti-za-slavu\/\"]}]},{\"@type\":\"ImageObject\",\"inLanguage\":\"ru-RU\",\"@id\":\"https:\/\/provansadekor.rs\/sta-pokloniti-za-slavu\/#primaryimage\",\"url\":\"https:\/\/provansadekor.rs\/wp-content\/uploads\/2022\/08\/pokloni-za-slavu-2.jpg\",\"contentUrl\":\"https:\/\/provansadekor.rs\/wp-content\/uploads\/2022\/08\/pokloni-za-slavu-2.jpg\"},{\"@type\":\"BreadcrumbList\",\"@id\":\"https:\/\/provansadekor.rs\/sta-pokloniti-za-slavu\/#breadcrumb\",\"itemListElement\":[{\"@type\":\"ListItem\",\"position\":1,\"name\":\"\u041f\u043e\u0447\u0435\u0442\u043d\u0430\",\"item\":\"https:\/\/provansadekor.rs\/\"},{\"@type\":\"ListItem\",\"position\":2,\"name\":\"Slave\"}]},{\"@type\":\"WebSite\",\"@id\":\"https:\/\/provansadekor.rs\/#website\",\"url\":\"https:\/\/provansadekor.rs\/\",\"name\":\"Provansa Dekor\",\"description\":\"Dostava cve\u0107a Beograd - Organizacija i Dekoracija doga\u0111aja - Ure\u0111enje zelenih povr\u0161ina\",\"publisher\":{\"@id\":\"https:\/\/provansadekor.rs\/#organization\"},\"potentialAction\":[{\"@type\":\"SearchAction\",\"target\":{\"@type\":\"EntryPoint\",\"urlTemplate\":\"https:\/\/provansadekor.rs\/?s={search_term_string}\"},\"query-input\":{\"@type\":\"PropertyValueSpecification\",\"valueRequired\":true,\"valueName\":\"search_term_string\"}}],\"inLanguage\":\"ru-RU\"},{\"@type\":\"Organization\",\"@id\":\"https:\/\/provansadekor.rs\/#organization\",\"name\":\"Provansa Dekor Cve\u0107ara Beograd\",\"url\":\"https:\/\/provansadekor.rs\/\",\"logo\":{\"@type\":\"ImageObject\",\"inLanguage\":\"ru-RU\",\"@id\":\"https:\/\/provansadekor.rs\/#\/schema\/logo\/image\/\",\"url\":\"https:\/\/provansadekor.rs\/wp-content\/uploads\/2022\/03\/logo-provansa.jpg\",\"contentUrl\":\"https:\/\/provansadekor.rs\/wp-content\/uploads\/2022\/03\/logo-provansa.jpg\",\"width\":200,\"height\":200,\"caption\":\"Provansa Dekor Cve\u0107ara Beograd\"},\"image\":{\"@id\":\"https:\/\/provansadekor.rs\/#\/schema\/logo\/image\/\"},\"sameAs\":[\"https:\/\/www.facebook.com\/provansadekor\",\"https:\/\/www.instagram.com\/provansadekor\/\"]}]}<\/script>\n<!-- \/ Yoast SEO Premium plugin. -->","yoast_head_json":{"title":"\u0421\u043b\u0430\u0432\u0430 \u2013 \u0414\u0435\u043a\u043e\u0440 \u041f\u0440\u043e\u0432\u0430\u043d\u0441","description":"\u0415\u0441\u043b\u0438 \u0432\u044b \u043d\u0435 \u043c\u043e\u0436\u0435\u0442\u0435 \u043f\u0440\u0438\u0441\u0443\u0442\u0441\u0442\u0432\u043e\u0432\u0430\u0442\u044c, \u043f\u0440\u043e\u044f\u0432\u0438\u0442\u0435 \u0443\u0432\u0430\u0436\u0435\u043d\u0438\u0435 \u043a \u043f\u0440\u0430\u0437\u0434\u043d\u0443\u044e\u0449\u0435\u043c\u0443 \u2013 \u043e\u0442\u043f\u0440\u0430\u0432\u044c\u0442\u0435 \u043f\u043e\u0434\u0430\u0440\u043e\u043a \u0441 \u0438\u043c\u0435\u043d\u043d\u043e\u0439 \u043e\u0442\u043a\u0440\u044b\u0442\u043a\u043e\u0439 \u0438 \u0434\u043e\u043f\u043e\u043b\u043d\u0438\u0442\u0435 \u043f\u0440\u0430\u0437\u0434\u043d\u0438\u0447\u043d\u0443\u044e \u0430\u0442\u043c\u043e\u0441\u0444\u0435\u0440\u0443!","robots":{"index":"index","follow":"follow","max-snippet":"max-snippet:-1","max-image-preview":"max-image-preview:large","max-video-preview":"max-video-preview:-1"},"canonical":"https:\/\/provansadekor.rs\/ru\/cto-podarit-za-slavu\/","og_locale":"ru_RU","og_type":"article","og_title":"Slave","og_description":"Ukoliko ne mo\u017eete da prisustvujete, uka\u017eite po\u0161tovanje ku\u0107i koja slavi \u2013 po\u0161aljite poklon uz personalizovanu \u010destitku i upotpunite slavsku atmosferu!","og_url":"https:\/\/provansadekor.rs\/ru\/cto-podarit-za-slavu\/","og_site_name":"Provansa Dekor","article_publisher":"https:\/\/www.facebook.com\/provansadekor","article_modified_time":"2022-11-04T00:09:53+00:00","og_image":[{"url":"https:\/\/provansadekor.rs\/wp-content\/uploads\/2022\/08\/pokloni-za-slavu-2.jpg","type":"","width":"","height":""}],"twitter_card":"summary_large_image","twitter_misc":{"\u041f\u0440\u0438\u043c\u0435\u0440\u043d\u043e\u0435 \u0432\u0440\u0435\u043c\u044f \u0434\u043b\u044f \u0447\u0442\u0435\u043d\u0438\u044f":"1 \u043c\u0438\u043d\u0443\u0442\u0430"},"schema":{"@context":"https:\/\/schema.org","@graph":[{"@type":"WebPage","@id":"https:\/\/provansadekor.rs\/sta-pokloniti-za-slavu\/","url":"https:\/\/provansadekor.rs\/sta-pokloniti-za-slavu\/","name":"\u0421\u043b\u0430\u0432\u0430 \u2013 \u0414\u0435\u043a\u043e\u0440 \u041f\u0440\u043e\u0432\u0430\u043d\u0441","isPartOf":{"@id":"https:\/\/provansadekor.rs\/#website"},"primaryImageOfPage":{"@id":"https:\/\/provansadekor.rs\/sta-pokloniti-za-slavu\/#primaryimage"},"image":{"@id":"https:\/\/provansadekor.rs\/sta-pokloniti-za-slavu\/#primaryimage"},"thumbnailUrl":"https:\/\/provansadekor.rs\/wp-content\/uploads\/2022\/08\/pokloni-za-slavu-2.jpg","datePublished":"2022-08-23T17:48:20+00:00","dateModified":"2022-11-04T00:09:53+00:00","description":"\u0415\u0441\u043b\u0438 \u0432\u044b \u043d\u0435 \u043c\u043e\u0436\u0435\u0442\u0435 \u043f\u0440\u0438\u0441\u0443\u0442\u0441\u0442\u0432\u043e\u0432\u0430\u0442\u044c, \u043f\u0440\u043e\u044f\u0432\u0438\u0442\u0435 \u0443\u0432\u0430\u0436\u0435\u043d\u0438\u0435 \u043a \u043f\u0440\u0430\u0437\u0434\u043d\u0443\u044e\u0449\u0435\u043c\u0443 \u2013 \u043e\u0442\u043f\u0440\u0430\u0432\u044c\u0442\u0435 \u043f\u043e\u0434\u0430\u0440\u043e\u043a \u0441 \u0438\u043c\u0435\u043d\u043d\u043e\u0439 \u043e\u0442\u043a\u0440\u044b\u0442\u043a\u043e\u0439 \u0438 \u0434\u043e\u043f\u043e\u043b\u043d\u0438\u0442\u0435 \u043f\u0440\u0430\u0437\u0434\u043d\u0438\u0447\u043d\u0443\u044e \u0430\u0442\u043c\u043e\u0441\u0444\u0435\u0440\u0443!","breadcrumb":{"@id":"https:\/\/provansadekor.rs\/sta-pokloniti-za-slavu\/#breadcrumb"},"inLanguage":"ru-RU","potentialAction":[{"@type":"ReadAction","target":["https:\/\/provansadekor.rs\/sta-pokloniti-za-slavu\/"]}]},{"@type":"ImageObject","inLanguage":"ru-RU","@id":"https:\/\/provansadekor.rs\/sta-pokloniti-za-slavu\/#primaryimage","url":"https:\/\/provansadekor.rs\/wp-content\/uploads\/2022\/08\/pokloni-za-slavu-2.jpg","contentUrl":"https:\/\/provansadekor.rs\/wp-content\/uploads\/2022\/08\/pokloni-za-slavu-2.jpg"},{"@type":"BreadcrumbList","@id":"https:\/\/provansadekor.rs\/sta-pokloniti-za-slavu\/#breadcrumb","itemListElement":[{"@type":"ListItem","position":1,"name":"\u041f\u043e\u0447\u0435\u0442\u043d\u0430","item":"https:\/\/provansadekor.rs\/"},{"@type":"ListItem","position":2,"name":"Slave"}]},{"@type":"WebSite","@id":"https:\/\/provansadekor.rs\/#website","url":"https:\/\/provansadekor.rs\/","name":"\u041f\u0440\u043e\u0432\u0430\u043d\u0441 \u0414\u0435\u043a\u043e\u0440","description":"\u0414\u043e\u0441\u0442\u0430\u0432\u043a\u0430 \u0446\u0432\u0435\u0442\u043e\u0432 \u0411\u0435\u043b\u0433\u0440\u0430\u0434 - \u041e\u0440\u0433\u0430\u043d\u0438\u0437\u0430\u0446\u0438\u044f \u0438 \u043e\u0444\u043e\u0440\u043c\u043b\u0435\u043d\u0438\u0435 \u043c\u0435\u0440\u043e\u043f\u0440\u0438\u044f\u0442\u0438\u0439 - \u041b\u0430\u043d\u0434\u0448\u0430\u0444\u0442\u043d\u044b\u0439 \u0434\u0438\u0437\u0430\u0439\u043d","publisher":{"@id":"https:\/\/provansadekor.rs\/#organization"},"potentialAction":[{"@type":"SearchAction","target":{"@type":"EntryPoint","urlTemplate":"https:\/\/provansadekor.rs\/?s={search_term_string}"},"query-input":{"@type":"PropertyValueSpecification","valueRequired":true,"valueName":"search_term_string"}}],"inLanguage":"ru-RU"},{"@type":"Organization","@id":"https:\/\/provansadekor.rs\/#organization","name":"\u0426\u0432\u0435\u0442\u043e\u0447\u043d\u044b\u0439 \u043c\u0430\u0433\u0430\u0437\u0438\u043d \u041f\u0440\u043e\u0432\u0430\u043d\u0441 \u0414\u0435\u043a\u043e\u0440 \u0411\u0435\u043b\u0433\u0440\u0430\u0434","url":"https:\/\/provansadekor.rs\/","logo":{"@type":"ImageObject","inLanguage":"ru-RU","@id":"https:\/\/provansadekor.rs\/#\/schema\/logo\/image\/","url":"https:\/\/provansadekor.rs\/wp-content\/uploads\/2022\/03\/logo-provansa.jpg","contentUrl":"https:\/\/provansadekor.rs\/wp-content\/uploads\/2022\/03\/logo-provansa.jpg","width":200,"height":200,"caption":"Provansa Dekor Cve\u0107ara Beograd"},"image":{"@id":"https:\/\/provansadekor.rs\/#\/schema\/logo\/image\/"},"sameAs":["https:\/\/www.facebook.com\/provansadekor","https:\/\/www.instagram.com\/provansadekor\/"]}]}},"_links":{"self":[{"href":"https:\/\/provansadekor.rs\/ru\/wp-json\/wp\/v2\/pages\/65602","targetHints":{"allow":["GET"]}}],"collection":[{"href":"https:\/\/provansadekor.rs\/ru\/wp-json\/wp\/v2\/pages"}],"about":[{"href":"https:\/\/provansadekor.rs\/ru\/wp-json\/wp\/v2\/types\/page"}],"author":[{"embeddable":true,"href":"https:\/\/provansadekor.rs\/ru\/wp-json\/wp\/v2\/users\/113"}],"replies":[{"embeddable":true,"href":"https:\/\/provansadekor.rs\/ru\/wp-json\/wp\/v2\/comments?post=65602"}],"version-history":[{"count":50,"href":"https:\/\/provansadekor.rs\/ru\/wp-json\/wp\/v2\/pages\/65602\/revisions"}],"predecessor-version":[{"id":65965,"href":"https:\/\/provansadekor.rs\/ru\/wp-json\/wp\/v2\/pages\/65602\/revisions\/65965"}],"wp:attachment":[{"href":"https:\/\/provansadekor.rs\/ru\/wp-json\/wp\/v2\/media?parent=65602"}],"wp:term":[{"taxonomy":"category","embeddable":true,"href":"https:\/\/provansadekor.rs\/ru\/wp-json\/wp\/v2\/categories?post=65602"},{"taxonomy":"post_tag","embeddable":true,"href":"https:\/\/provansadekor.rs\/ru\/wp-json\/wp\/v2\/tags?post=65602"}],"curies":[{"name":"wp","href":"https:\/\/api.w.org\/{rel}","templated":true}]}}