{"id":2,"date":"2022-01-26T00:42:24","date_gmt":"2022-01-25T23:42:24","guid":{"rendered":"http:\/\/provansadekor.rs\/?page_id=2"},"modified":"2022-02-06T19:54:57","modified_gmt":"2022-02-06T18:54:57","slug":"uslovi-koriscenja-online-kupovine","status":"publish","type":"page","link":"https:\/\/provansadekor.rs\/ru\/uslovi-koriscenja-online-kupovine\/","title":{"rendered":"Uslovi kori\u0161\u0107enja online kupovine"},"content":{"rendered":"<div data-elementor-type=\"wp-page\" data-elementor-id=\"2\" class=\"elementor elementor-2\" data-elementor-post-type=\"page\">\n\t\t\t\t\t\t<section class=\"elementor-section elementor-top-section elementor-element elementor-element-2f73fea elementor-section-boxed elementor-section-height-default elementor-section-height-default\" data-id=\"2f73fea\" data-element_type=\"section\">\n\t\t\t\t\t\t<div class=\"elementor-container elementor-column-gap-default\">\n\t\t\t\t\t<div class=\"elementor-column elementor-col-100 elementor-top-column elementor-element elementor-element-c4384fe\" data-id=\"c4384fe\" data-element_type=\"column\">\n\t\t\t<div class=\"elementor-widget-wrap\">\n\t\t\t\t\t\t\t<\/div>\n\t\t<\/div>\n\t\t\t\t\t<\/div>\n\t\t<\/section>\n\t\t\t\t<section class=\"elementor-section elementor-top-section elementor-element elementor-element-3a142199 elementor-section-boxed elementor-section-height-default elementor-section-height-default\" data-id=\"3a142199\" data-element_type=\"section\">\n\t\t\t\t\t\t<div class=\"elementor-container elementor-column-gap-default\">\n\t\t\t\t\t<div class=\"elementor-column elementor-col-100 elementor-top-column elementor-element elementor-element-5b3a5dd8\" data-id=\"5b3a5dd8\" data-element_type=\"column\">\n\t\t\t<div class=\"elementor-widget-wrap elementor-element-populated\">\n\t\t\t\t\t\t<div class=\"elementor-element elementor-element-7ef7b7b elementor-widget elementor-widget-heading\" data-id=\"7ef7b7b\" data-element_type=\"widget\" data-widget_type=\"heading.default\">\n\t\t\t\t<div class=\"elementor-widget-container\">\n\t\t\t\t\t<h2 class=\"elementor-heading-title elementor-size-default\">Ukratko ceo proces i uslovi kori\u0161\u0107enja online kupovine<\/h2>\t\t\t\t<\/div>\n\t\t\t\t<\/div>\n\t\t\t\t<div class=\"elementor-element elementor-element-e169b1d elementor-widget elementor-widget-text-editor\" data-id=\"e169b1d\" data-element_type=\"widget\" data-widget_type=\"text-editor.default\">\n\t\t\t\t<div class=\"elementor-widget-container\">\n\t\t\t\t\t\t\t\t\t<ul><li><span style=\"font-weight: 400;\">Kupac obavi kupovinu pr<\/span><span style=\"font-weight: 400;\">eko interneta \u010dime se njegova sredstva u banci rezervi\u0161u za odgovaraju\u0107i iznos (tzv. autorizacija) &#8211; nakon toga<\/span><\/li><\/ul><ul><li><span style=\"font-weight: 400;\">Trgovac za obavljenu kupovinu dostavlja robu ili izvr\u0161ava uslugu i zatim zaklju\u010duje kupovinu tzv. selektovanjem transakcije za kliring (\u010dime se inicira finansijsko zadu\u017eenje kupca i prebacivanje novca na racun trgovca).<\/span><\/li><\/ul>\t\t\t\t\t\t\t\t<\/div>\n\t\t\t\t<\/div>\n\t\t\t\t<div class=\"elementor-element elementor-element-2ad02bb elementor-widget elementor-widget-heading\" data-id=\"2ad02bb\" data-element_type=\"widget\" data-widget_type=\"heading.default\">\n\t\t\t\t<div class=\"elementor-widget-container\">\n\t\t\t\t\t<h2 class=\"elementor-heading-title elementor-size-default\">Obaveze trgovca - dostava robe i izvr\u0161avanje usluge<\/h2>\t\t\t\t<\/div>\n\t\t\t\t<\/div>\n\t\t\t\t<div class=\"elementor-element elementor-element-c000caa elementor-widget elementor-widget-text-editor\" data-id=\"c000caa\" data-element_type=\"widget\" data-widget_type=\"text-editor.default\">\n\t\t\t\t<div class=\"elementor-widget-container\">\n\t\t\t\t\t\t\t\t\t<ul><li><span style=\"font-weight: 400;\">Trgovac koji klijentima nudi kupovinu robe ili usluga platnim karticama preko interneta ima obavezu da na svom sajtu istakne logotip platnih kartica koje prihvata.<\/span><\/li><li><span style=\"font-weight: 400;\">U cene koje se nalaze na sajtu, ura\u010dunati su svi propratni tro\u0161kovi sem dostave za odredjene aran\u017emane. Vi\u0161e o dostavi pronadjite ovde (link na stranicu dostave)<\/span><\/li><li><span style=\"font-weight: 400;\">U slu\u010daju da se predomislite dovoljno je samo da proizvod poni\u0161tite u korpi i ne popunjavate podatke za placanje.\u00a0<\/span><\/li><li><span style=\"font-weight: 400;\">\u00a0Ako pla\u0107anje vr\u0161ite inostranim karticama u valutama koje nisu RSD, dinarski iznos va\u0161e transakcije \u0107e automatski biti konvertovan, po kursu Narodne Banke Srbije, tog dana. Podaci o va\u0161im platnim karticama ostaju nam nepoznati i isklju\u010divo ih samo banka vidi.<\/span><\/li><li><span style=\"font-weight: 400;\">Dostavu i transport va\u0161ih porudzbina vr\u0161imo na\u0161im dostavnim vozilima ili nekom od kurirskih partnerskih ku\u0107a. Sve posledice ili o\u0161te\u0107enja prilikom dostave snosi prodavac.<\/span><\/li><li><span style=\"font-weight: 400;\">O\u010dekivano vreme dostave je ono koje zajedno dogovorimo, u slu\u010daju nekog velikog ka\u0161njenja bicete na vreme obave\u0161teni. Ako kasnimo, teroristi su nam oteli voza\u010da ili je grad zatvoren zbog vanzemaljaca i spre\u010deni smo da ispo\u0161tujemo vreme dostave. U tom slu\u010daju imate potpuno pravo da vratite aran\u017eman i dobijete povrt punog iznosa va\u0161ih sredstava.<\/span><\/li><li><span style=\"font-weight: 400;\">Prodavac je obavezan da kupcu dostavi dokaz o izvr\u0161enoj isporuci porudzbine.<\/span><\/li><\/ul>\t\t\t\t\t\t\t\t<\/div>\n\t\t\t\t<\/div>\n\t\t\t\t\t<\/div>\n\t\t<\/div>\n\t\t\t\t\t<\/div>\n\t\t<\/section>\n\t\t\t\t<\/div>","protected":false},"excerpt":{"rendered":"<p>Ukratko ceo proces i uslovi kori\u0161\u0107enja online kupovine Kupac obavi kupovinu preko interneta \u010dime se njegova sredstva u banci rezervi\u0161u za odgovaraju\u0107i iznos (tzv. autorizacija) &#8211; nakon toga Trgovac za obavljenu kupovinu dostavlja robu ili izvr\u0161ava uslugu i zatim zaklju\u010duje kupovinu tzv. selektovanjem transakcije za kliring (\u010dime se inicira finansijsko zadu\u017eenje kupca i prebacivanje novca [&hellip;]<\/p>","protected":false},"author":113,"featured_media":0,"parent":0,"menu_order":0,"comment_status":"closed","ping_status":"closed","template":"","meta":{"footnotes":""},"categories":[],"tags":[],"class_list":["post-2","page","type-page","status-publish","hentry"],"yoast_head":"<!-- This site is optimized with the Yoast SEO Premium plugin v20.9 (Yoast SEO v26.5) - https:\/\/yoast.com\/wordpress\/plugins\/seo\/ -->\n<title>Uslovi kori\u0161\u0107enja online kupovine &#8211; Provansa Dekor<\/title>\n<meta name=\"robots\" content=\"index, follow, max-snippet:-1, max-image-preview:large, max-video-preview:-1\" \/>\n<link rel=\"canonical\" href=\"https:\/\/provansadekor.rs\/ru\/uslovi-koriscenja-online-kupovine\/\" \/>\n<meta property=\"og:locale\" content=\"ru_RU\" \/>\n<meta property=\"og:type\" content=\"article\" \/>\n<meta property=\"og:title\" content=\"Uslovi kori\u0161\u0107enja online kupovine\" \/>\n<meta property=\"og:description\" content=\"Ukratko ceo proces i uslovi kori\u0161\u0107enja online kupovine Kupac obavi kupovinu preko interneta \u010dime se njegova sredstva u banci rezervi\u0161u za odgovaraju\u0107i iznos (tzv. autorizacija) &#8211; nakon toga Trgovac za obavljenu kupovinu dostavlja robu ili izvr\u0161ava uslugu i zatim zaklju\u010duje kupovinu tzv. selektovanjem transakcije za kliring (\u010dime se inicira finansijsko zadu\u017eenje kupca i prebacivanje novca [&hellip;]\" \/>\n<meta property=\"og:url\" content=\"https:\/\/provansadekor.rs\/ru\/uslovi-koriscenja-online-kupovine\/\" \/>\n<meta property=\"og:site_name\" content=\"Provansa Dekor\" \/>\n<meta property=\"article:publisher\" content=\"https:\/\/www.facebook.com\/provansadekor\" \/>\n<meta property=\"article:modified_time\" content=\"2022-02-06T18:54:57+00:00\" \/>\n<meta name=\"twitter:card\" content=\"summary_large_image\" \/>\n<meta name=\"twitter:label1\" content=\"\u041f\u0440\u0438\u043c\u0435\u0440\u043d\u043e\u0435 \u0432\u0440\u0435\u043c\u044f \u0434\u043b\u044f \u0447\u0442\u0435\u043d\u0438\u044f\" \/>\n\t<meta name=\"twitter:data1\" content=\"2 \u043c\u0438\u043d\u0443\u0442\u044b\" \/>\n<script type=\"application\/ld+json\" class=\"yoast-schema-graph\">{\"@context\":\"https:\/\/schema.org\",\"@graph\":[{\"@type\":\"WebPage\",\"@id\":\"https:\/\/provansadekor.rs\/uslovi-koriscenja-online-kupovine\/\",\"url\":\"https:\/\/provansadekor.rs\/uslovi-koriscenja-online-kupovine\/\",\"name\":\"Uslovi kori\u0161\u0107enja online kupovine &#8211; Provansa Dekor\",\"isPartOf\":{\"@id\":\"https:\/\/provansadekor.rs\/#website\"},\"datePublished\":\"2022-01-25T23:42:24+00:00\",\"dateModified\":\"2022-02-06T18:54:57+00:00\",\"breadcrumb\":{\"@id\":\"https:\/\/provansadekor.rs\/uslovi-koriscenja-online-kupovine\/#breadcrumb\"},\"inLanguage\":\"ru-RU\",\"potentialAction\":[{\"@type\":\"ReadAction\",\"target\":[\"https:\/\/provansadekor.rs\/uslovi-koriscenja-online-kupovine\/\"]}]},{\"@type\":\"BreadcrumbList\",\"@id\":\"https:\/\/provansadekor.rs\/uslovi-koriscenja-online-kupovine\/#breadcrumb\",\"itemListElement\":[{\"@type\":\"ListItem\",\"position\":1,\"name\":\"\u041f\u043e\u0447\u0435\u0442\u043d\u0430\",\"item\":\"https:\/\/provansadekor.rs\/\"},{\"@type\":\"ListItem\",\"position\":2,\"name\":\"Uslovi kori\u0161\u0107enja online kupovine\"}]},{\"@type\":\"WebSite\",\"@id\":\"https:\/\/provansadekor.rs\/#website\",\"url\":\"https:\/\/provansadekor.rs\/\",\"name\":\"Provansa Dekor\",\"description\":\"Dostava cve\u0107a Beograd - Organizacija i Dekoracija doga\u0111aja - Ure\u0111enje zelenih povr\u0161ina\",\"publisher\":{\"@id\":\"https:\/\/provansadekor.rs\/#organization\"},\"potentialAction\":[{\"@type\":\"SearchAction\",\"target\":{\"@type\":\"EntryPoint\",\"urlTemplate\":\"https:\/\/provansadekor.rs\/?s={search_term_string}\"},\"query-input\":{\"@type\":\"PropertyValueSpecification\",\"valueRequired\":true,\"valueName\":\"search_term_string\"}}],\"inLanguage\":\"ru-RU\"},{\"@type\":\"Organization\",\"@id\":\"https:\/\/provansadekor.rs\/#organization\",\"name\":\"Provansa Dekor Cve\u0107ara Beograd\",\"url\":\"https:\/\/provansadekor.rs\/\",\"logo\":{\"@type\":\"ImageObject\",\"inLanguage\":\"ru-RU\",\"@id\":\"https:\/\/provansadekor.rs\/#\/schema\/logo\/image\/\",\"url\":\"https:\/\/provansadekor.rs\/wp-content\/uploads\/2022\/03\/logo-provansa.jpg\",\"contentUrl\":\"https:\/\/provansadekor.rs\/wp-content\/uploads\/2022\/03\/logo-provansa.jpg\",\"width\":200,\"height\":200,\"caption\":\"Provansa Dekor Cve\u0107ara Beograd\"},\"image\":{\"@id\":\"https:\/\/provansadekor.rs\/#\/schema\/logo\/image\/\"},\"sameAs\":[\"https:\/\/www.facebook.com\/provansadekor\",\"https:\/\/www.instagram.com\/provansadekor\/\"]}]}<\/script>\n<!-- \/ Yoast SEO Premium plugin. -->","yoast_head_json":{"title":"Uslovi kori\u0161\u0107enja online kupovine &#8211; Provansa Dekor","robots":{"index":"index","follow":"follow","max-snippet":"max-snippet:-1","max-image-preview":"max-image-preview:large","max-video-preview":"max-video-preview:-1"},"canonical":"https:\/\/provansadekor.rs\/ru\/uslovi-koriscenja-online-kupovine\/","og_locale":"ru_RU","og_type":"article","og_title":"Uslovi kori\u0161\u0107enja online kupovine","og_description":"Ukratko ceo proces i uslovi kori\u0161\u0107enja online kupovine Kupac obavi kupovinu preko interneta \u010dime se njegova sredstva u banci rezervi\u0161u za odgovaraju\u0107i iznos (tzv. autorizacija) &#8211; nakon toga Trgovac za obavljenu kupovinu dostavlja robu ili izvr\u0161ava uslugu i zatim zaklju\u010duje kupovinu tzv. selektovanjem transakcije za kliring (\u010dime se inicira finansijsko zadu\u017eenje kupca i prebacivanje novca [&hellip;]","og_url":"https:\/\/provansadekor.rs\/ru\/uslovi-koriscenja-online-kupovine\/","og_site_name":"Provansa Dekor","article_publisher":"https:\/\/www.facebook.com\/provansadekor","article_modified_time":"2022-02-06T18:54:57+00:00","twitter_card":"summary_large_image","twitter_misc":{"\u041f\u0440\u0438\u043c\u0435\u0440\u043d\u043e\u0435 \u0432\u0440\u0435\u043c\u044f \u0434\u043b\u044f \u0447\u0442\u0435\u043d\u0438\u044f":"2 \u043c\u0438\u043d\u0443\u0442\u044b"},"schema":{"@context":"https:\/\/schema.org","@graph":[{"@type":"WebPage","@id":"https:\/\/provansadekor.rs\/uslovi-koriscenja-online-kupovine\/","url":"https:\/\/provansadekor.rs\/uslovi-koriscenja-online-kupovine\/","name":"Uslovi kori\u0161\u0107enja online kupovine &#8211; Provansa Dekor","isPartOf":{"@id":"https:\/\/provansadekor.rs\/#website"},"datePublished":"2022-01-25T23:42:24+00:00","dateModified":"2022-02-06T18:54:57+00:00","breadcrumb":{"@id":"https:\/\/provansadekor.rs\/uslovi-koriscenja-online-kupovine\/#breadcrumb"},"inLanguage":"ru-RU","potentialAction":[{"@type":"ReadAction","target":["https:\/\/provansadekor.rs\/uslovi-koriscenja-online-kupovine\/"]}]},{"@type":"BreadcrumbList","@id":"https:\/\/provansadekor.rs\/uslovi-koriscenja-online-kupovine\/#breadcrumb","itemListElement":[{"@type":"ListItem","position":1,"name":"\u041f\u043e\u0447\u0435\u0442\u043d\u0430","item":"https:\/\/provansadekor.rs\/"},{"@type":"ListItem","position":2,"name":"Uslovi kori\u0161\u0107enja online kupovine"}]},{"@type":"WebSite","@id":"https:\/\/provansadekor.rs\/#website","url":"https:\/\/provansadekor.rs\/","name":"\u041f\u0440\u043e\u0432\u0430\u043d\u0441 \u0414\u0435\u043a\u043e\u0440","description":"\u0414\u043e\u0441\u0442\u0430\u0432\u043a\u0430 \u0446\u0432\u0435\u0442\u043e\u0432 \u0411\u0435\u043b\u0433\u0440\u0430\u0434 - \u041e\u0440\u0433\u0430\u043d\u0438\u0437\u0430\u0446\u0438\u044f \u0438 \u043e\u0444\u043e\u0440\u043c\u043b\u0435\u043d\u0438\u0435 \u043c\u0435\u0440\u043e\u043f\u0440\u0438\u044f\u0442\u0438\u0439 - \u041b\u0430\u043d\u0434\u0448\u0430\u0444\u0442\u043d\u044b\u0439 \u0434\u0438\u0437\u0430\u0439\u043d","publisher":{"@id":"https:\/\/provansadekor.rs\/#organization"},"potentialAction":[{"@type":"SearchAction","target":{"@type":"EntryPoint","urlTemplate":"https:\/\/provansadekor.rs\/?s={search_term_string}"},"query-input":{"@type":"PropertyValueSpecification","valueRequired":true,"valueName":"search_term_string"}}],"inLanguage":"ru-RU"},{"@type":"Organization","@id":"https:\/\/provansadekor.rs\/#organization","name":"\u0426\u0432\u0435\u0442\u043e\u0447\u043d\u044b\u0439 \u043c\u0430\u0433\u0430\u0437\u0438\u043d \u041f\u0440\u043e\u0432\u0430\u043d\u0441 \u0414\u0435\u043a\u043e\u0440 \u0411\u0435\u043b\u0433\u0440\u0430\u0434","url":"https:\/\/provansadekor.rs\/","logo":{"@type":"ImageObject","inLanguage":"ru-RU","@id":"https:\/\/provansadekor.rs\/#\/schema\/logo\/image\/","url":"https:\/\/provansadekor.rs\/wp-content\/uploads\/2022\/03\/logo-provansa.jpg","contentUrl":"https:\/\/provansadekor.rs\/wp-content\/uploads\/2022\/03\/logo-provansa.jpg","width":200,"height":200,"caption":"Provansa Dekor Cve\u0107ara Beograd"},"image":{"@id":"https:\/\/provansadekor.rs\/#\/schema\/logo\/image\/"},"sameAs":["https:\/\/www.facebook.com\/provansadekor","https:\/\/www.instagram.com\/provansadekor\/"]}]}},"_links":{"self":[{"href":"https:\/\/provansadekor.rs\/ru\/wp-json\/wp\/v2\/pages\/2","targetHints":{"allow":["GET"]}}],"collection":[{"href":"https:\/\/provansadekor.rs\/ru\/wp-json\/wp\/v2\/pages"}],"about":[{"href":"https:\/\/provansadekor.rs\/ru\/wp-json\/wp\/v2\/types\/page"}],"author":[{"embeddable":true,"href":"https:\/\/provansadekor.rs\/ru\/wp-json\/wp\/v2\/users\/113"}],"replies":[{"embeddable":true,"href":"https:\/\/provansadekor.rs\/ru\/wp-json\/wp\/v2\/comments?post=2"}],"version-history":[{"count":0,"href":"https:\/\/provansadekor.rs\/ru\/wp-json\/wp\/v2\/pages\/2\/revisions"}],"wp:attachment":[{"href":"https:\/\/provansadekor.rs\/ru\/wp-json\/wp\/v2\/media?parent=2"}],"wp:term":[{"taxonomy":"category","embeddable":true,"href":"https:\/\/provansadekor.rs\/ru\/wp-json\/wp\/v2\/categories?post=2"},{"taxonomy":"post_tag","embeddable":true,"href":"https:\/\/provansadekor.rs\/ru\/wp-json\/wp\/v2\/tags?post=2"}],"curies":[{"name":"wp","href":"https:\/\/api.w.org\/{rel}","templated":true}]}}