{"id":78586,"date":"2024-02-29T11:54:39","date_gmt":"2024-02-29T10:54:39","guid":{"rendered":"https:\/\/provansadekor.rs\/?post_type=product&#038;p=78586"},"modified":"2026-03-07T16:05:09","modified_gmt":"2026-03-07T15:05:09","slug":"sanseverija-svekrvin-jezik","status":"publish","type":"product","link":"https:\/\/provansadekor.rs\/en\/proizvod\/sanseveria-mother-in-laws-tongue\/","title":{"rendered":"Sansevieria (Mother-in-law&#039;s tongue)"},"content":{"rendered":"<p>Due to the characteristic shape of the leaves of this plant, it is also called Mother-in-law&#039;s tongue. It is very resistant and does not require much commitment, except that you should avoid moving the plant, because it does not like changes. The height is about 40 cm. It is ideal for corridors and office spaces.<\/p>","protected":false},"excerpt":{"rendered":"<p>Due to the characteristic shape of the leaves of this plant, it is also called Mother-in-law&#039;s tongue. It is very resistant and does not require much commitment, except that you should avoid moving the plant, because it does not like changes. The height is about 40 cm. It is ideal for corridors and office spaces.<\/p>","protected":false},"featured_media":78578,"template":"","meta":[],"product_brand":[],"product_cat":[320,316],"product_tag":[],"class_list":{"0":"post-78586","1":"product","2":"type-product","3":"status-publish","4":"has-post-thumbnail","6":"product_cat-8-mart","7":"product_cat-saksijsko-cvece","9":"first","10":"instock","11":"shipping-taxable","12":"purchasable","13":"product-type-simple"},"yoast_head":"<!-- This site is optimized with the Yoast SEO Premium plugin v20.9 (Yoast SEO v26.5) - https:\/\/yoast.com\/wordpress\/plugins\/seo\/ -->\n<title>Sanseverija (Svekrvin jezik) &#8211; Provansa Dekor<\/title>\n<meta name=\"robots\" content=\"index, follow, max-snippet:-1, max-image-preview:large, max-video-preview:-1\" \/>\n<link rel=\"canonical\" href=\"https:\/\/provansadekor.rs\/en\/proizvod\/sanseveria-mother-in-laws-tongue\/\" \/>\n<meta property=\"og:locale\" content=\"en_US\" \/>\n<meta property=\"og:type\" content=\"article\" \/>\n<meta property=\"og:title\" content=\"Sanseverija (Svekrvin jezik)\" \/>\n<meta property=\"og:description\" content=\"Zbog karakteristi\u010dnog oblika listova ove biljke, ona se naziva jo\u0161 i Svekrvin jezik. Vrlo je otporna i ne zahteva veliku posve\u0107enost, osim \u0161to treba izbegavati preme\u0161tanje biljke, jer ne voli promene. Visina je oko 40cm. Idealna je za hodnike i kancelarijske prostore.\" \/>\n<meta property=\"og:url\" content=\"https:\/\/provansadekor.rs\/en\/proizvod\/sanseveria-mother-in-laws-tongue\/\" \/>\n<meta property=\"og:site_name\" content=\"Provansa Dekor\" \/>\n<meta property=\"article:publisher\" content=\"https:\/\/www.facebook.com\/provansadekor\" \/>\n<meta property=\"article:modified_time\" content=\"2026-03-07T15:05:09+00:00\" \/>\n<meta property=\"og:image\" content=\"https:\/\/provansadekor.rs\/wp-content\/uploads\/2024\/02\/4e8c7664-697e-11ed-a6e3-9a0e1f7d37cd-11.jpeg\" \/>\n\t<meta property=\"og:image:width\" content=\"1440\" \/>\n\t<meta property=\"og:image:height\" content=\"810\" \/>\n\t<meta property=\"og:image:type\" content=\"image\/jpeg\" \/>\n<meta name=\"twitter:card\" content=\"summary_large_image\" \/>\n<meta name=\"twitter:label1\" content=\"Est. reading time\" \/>\n\t<meta name=\"twitter:data1\" content=\"1 minute\" \/>\n<script type=\"application\/ld+json\" class=\"yoast-schema-graph\">{\"@context\":\"https:\/\/schema.org\",\"@graph\":[{\"@type\":[\"WebPage\",\"ItemPage\"],\"@id\":\"https:\/\/provansadekor.rs\/proizvod\/sanseverija-svekrvin-jezik\/\",\"url\":\"https:\/\/provansadekor.rs\/proizvod\/sanseverija-svekrvin-jezik\/\",\"name\":\"Sanseverija (Svekrvin jezik) &#8211; Provansa Dekor\",\"isPartOf\":{\"@id\":\"https:\/\/provansadekor.rs\/#website\"},\"primaryImageOfPage\":{\"@id\":\"https:\/\/provansadekor.rs\/proizvod\/sanseverija-svekrvin-jezik\/#primaryimage\"},\"image\":{\"@id\":\"https:\/\/provansadekor.rs\/proizvod\/sanseverija-svekrvin-jezik\/#primaryimage\"},\"thumbnailUrl\":\"https:\/\/provansadekor.rs\/wp-content\/uploads\/2024\/02\/4e8c7664-697e-11ed-a6e3-9a0e1f7d37cd-11.jpeg\",\"datePublished\":\"2024-02-29T10:54:39+00:00\",\"dateModified\":\"2026-03-07T15:05:09+00:00\",\"breadcrumb\":{\"@id\":\"https:\/\/provansadekor.rs\/proizvod\/sanseverija-svekrvin-jezik\/#breadcrumb\"},\"inLanguage\":\"en-US\",\"potentialAction\":[{\"@type\":\"ReadAction\",\"target\":[\"https:\/\/provansadekor.rs\/proizvod\/sanseverija-svekrvin-jezik\/\"]}]},{\"@type\":\"ImageObject\",\"inLanguage\":\"en-US\",\"@id\":\"https:\/\/provansadekor.rs\/proizvod\/sanseverija-svekrvin-jezik\/#primaryimage\",\"url\":\"https:\/\/provansadekor.rs\/wp-content\/uploads\/2024\/02\/4e8c7664-697e-11ed-a6e3-9a0e1f7d37cd-11.jpeg\",\"contentUrl\":\"https:\/\/provansadekor.rs\/wp-content\/uploads\/2024\/02\/4e8c7664-697e-11ed-a6e3-9a0e1f7d37cd-11.jpeg\",\"width\":1440,\"height\":810,\"caption\":\"saksijsko cvece - saksijske biljke\"},{\"@type\":\"BreadcrumbList\",\"@id\":\"https:\/\/provansadekor.rs\/proizvod\/sanseverija-svekrvin-jezik\/#breadcrumb\",\"itemListElement\":[{\"@type\":\"ListItem\",\"position\":1,\"name\":\"\u041f\u043e\u0447\u0435\u0442\u043d\u0430\",\"item\":\"https:\/\/provansadekor.rs\/\"},{\"@type\":\"ListItem\",\"position\":2,\"name\":\"\u041f\u0440\u043e\u0438\u0437\u0432\u043e\u0434\u0438\",\"item\":\"https:\/\/provansadekor.rs\/shop\/\"},{\"@type\":\"ListItem\",\"position\":3,\"name\":\"Sanseverija (Svekrvin jezik)\"}]},{\"@type\":\"WebSite\",\"@id\":\"https:\/\/provansadekor.rs\/#website\",\"url\":\"https:\/\/provansadekor.rs\/\",\"name\":\"Provansa Dekor\",\"description\":\"Dostava cve\u0107a Beograd - Organizacija i Dekoracija doga\u0111aja - Ure\u0111enje zelenih povr\u0161ina\",\"publisher\":{\"@id\":\"https:\/\/provansadekor.rs\/#organization\"},\"potentialAction\":[{\"@type\":\"SearchAction\",\"target\":{\"@type\":\"EntryPoint\",\"urlTemplate\":\"https:\/\/provansadekor.rs\/?s={search_term_string}\"},\"query-input\":{\"@type\":\"PropertyValueSpecification\",\"valueRequired\":true,\"valueName\":\"search_term_string\"}}],\"inLanguage\":\"en-US\"},{\"@type\":\"Organization\",\"@id\":\"https:\/\/provansadekor.rs\/#organization\",\"name\":\"Provansa Dekor Cve\u0107ara Beograd\",\"url\":\"https:\/\/provansadekor.rs\/\",\"logo\":{\"@type\":\"ImageObject\",\"inLanguage\":\"en-US\",\"@id\":\"https:\/\/provansadekor.rs\/#\/schema\/logo\/image\/\",\"url\":\"https:\/\/provansadekor.rs\/wp-content\/uploads\/2022\/03\/logo-provansa.jpg\",\"contentUrl\":\"https:\/\/provansadekor.rs\/wp-content\/uploads\/2022\/03\/logo-provansa.jpg\",\"width\":200,\"height\":200,\"caption\":\"Provansa Dekor Cve\u0107ara Beograd\"},\"image\":{\"@id\":\"https:\/\/provansadekor.rs\/#\/schema\/logo\/image\/\"},\"sameAs\":[\"https:\/\/www.facebook.com\/provansadekor\",\"https:\/\/www.instagram.com\/provansadekor\/\"]}]}<\/script>\n<!-- \/ Yoast SEO Premium plugin. -->","yoast_head_json":{"title":"Sanseveria (mother-in-law&#039;s language) \u2013 Provence Decor","robots":{"index":"index","follow":"follow","max-snippet":"max-snippet:-1","max-image-preview":"max-image-preview:large","max-video-preview":"max-video-preview:-1"},"canonical":"https:\/\/provansadekor.rs\/en\/proizvod\/sanseveria-mother-in-laws-tongue\/","og_locale":"en_US","og_type":"article","og_title":"Sanseverija (Svekrvin jezik)","og_description":"Zbog karakteristi\u010dnog oblika listova ove biljke, ona se naziva jo\u0161 i Svekrvin jezik. Vrlo je otporna i ne zahteva veliku posve\u0107enost, osim \u0161to treba izbegavati preme\u0161tanje biljke, jer ne voli promene. Visina je oko 40cm. Idealna je za hodnike i kancelarijske prostore.","og_url":"https:\/\/provansadekor.rs\/en\/proizvod\/sanseveria-mother-in-laws-tongue\/","og_site_name":"Provansa Dekor","article_publisher":"https:\/\/www.facebook.com\/provansadekor","article_modified_time":"2026-03-07T15:05:09+00:00","og_image":[{"width":1440,"height":810,"url":"https:\/\/provansadekor.rs\/wp-content\/uploads\/2024\/02\/4e8c7664-697e-11ed-a6e3-9a0e1f7d37cd-11.jpeg","type":"image\/jpeg"}],"twitter_card":"summary_large_image","twitter_misc":{"Est. reading time":"1 minute"},"schema":{"@context":"https:\/\/schema.org","@graph":[{"@type":["WebPage","ItemPage"],"@id":"https:\/\/provansadekor.rs\/proizvod\/sanseverija-svekrvin-jezik\/","url":"https:\/\/provansadekor.rs\/proizvod\/sanseverija-svekrvin-jezik\/","name":"Sanseveria (mother-in-law&#039;s language) \u2013 Provence Decor","isPartOf":{"@id":"https:\/\/provansadekor.rs\/#website"},"primaryImageOfPage":{"@id":"https:\/\/provansadekor.rs\/proizvod\/sanseverija-svekrvin-jezik\/#primaryimage"},"image":{"@id":"https:\/\/provansadekor.rs\/proizvod\/sanseverija-svekrvin-jezik\/#primaryimage"},"thumbnailUrl":"https:\/\/provansadekor.rs\/wp-content\/uploads\/2024\/02\/4e8c7664-697e-11ed-a6e3-9a0e1f7d37cd-11.jpeg","datePublished":"2024-02-29T10:54:39+00:00","dateModified":"2026-03-07T15:05:09+00:00","breadcrumb":{"@id":"https:\/\/provansadekor.rs\/proizvod\/sanseverija-svekrvin-jezik\/#breadcrumb"},"inLanguage":"en-US","potentialAction":[{"@type":"ReadAction","target":["https:\/\/provansadekor.rs\/proizvod\/sanseverija-svekrvin-jezik\/"]}]},{"@type":"ImageObject","inLanguage":"en-US","@id":"https:\/\/provansadekor.rs\/proizvod\/sanseverija-svekrvin-jezik\/#primaryimage","url":"https:\/\/provansadekor.rs\/wp-content\/uploads\/2024\/02\/4e8c7664-697e-11ed-a6e3-9a0e1f7d37cd-11.jpeg","contentUrl":"https:\/\/provansadekor.rs\/wp-content\/uploads\/2024\/02\/4e8c7664-697e-11ed-a6e3-9a0e1f7d37cd-11.jpeg","width":1440,"height":810,"caption":"saksijsko cvece - saksijske biljke"},{"@type":"BreadcrumbList","@id":"https:\/\/provansadekor.rs\/proizvod\/sanseverija-svekrvin-jezik\/#breadcrumb","itemListElement":[{"@type":"ListItem","position":1,"name":"\u041f\u043e\u0447\u0435\u0442\u043d\u0430","item":"https:\/\/provansadekor.rs\/"},{"@type":"ListItem","position":2,"name":"\u041f\u0440\u043e\u0438\u0437\u0432\u043e\u0434\u0438","item":"https:\/\/provansadekor.rs\/shop\/"},{"@type":"ListItem","position":3,"name":"Sanseverija (Svekrvin jezik)"}]},{"@type":"WebSite","@id":"https:\/\/provansadekor.rs\/#website","url":"https:\/\/provansadekor.rs\/","name":"Provence Decor","description":"Flower delivery Belgrade - Event organization and decoration - Landscaping","publisher":{"@id":"https:\/\/provansadekor.rs\/#organization"},"potentialAction":[{"@type":"SearchAction","target":{"@type":"EntryPoint","urlTemplate":"https:\/\/provansadekor.rs\/?s={search_term_string}"},"query-input":{"@type":"PropertyValueSpecification","valueRequired":true,"valueName":"search_term_string"}}],"inLanguage":"en-US"},{"@type":"Organization","@id":"https:\/\/provansadekor.rs\/#organization","name":"Provence Decor Flower Shop Belgrade","url":"https:\/\/provansadekor.rs\/","logo":{"@type":"ImageObject","inLanguage":"en-US","@id":"https:\/\/provansadekor.rs\/#\/schema\/logo\/image\/","url":"https:\/\/provansadekor.rs\/wp-content\/uploads\/2022\/03\/logo-provansa.jpg","contentUrl":"https:\/\/provansadekor.rs\/wp-content\/uploads\/2022\/03\/logo-provansa.jpg","width":200,"height":200,"caption":"Provansa Dekor Cve\u0107ara Beograd"},"image":{"@id":"https:\/\/provansadekor.rs\/#\/schema\/logo\/image\/"},"sameAs":["https:\/\/www.facebook.com\/provansadekor","https:\/\/www.instagram.com\/provansadekor\/"]}]}},"_links":{"self":[{"href":"https:\/\/provansadekor.rs\/en\/wp-json\/wp\/v2\/product\/78586","targetHints":{"allow":["GET"]}}],"collection":[{"href":"https:\/\/provansadekor.rs\/en\/wp-json\/wp\/v2\/product"}],"about":[{"href":"https:\/\/provansadekor.rs\/en\/wp-json\/wp\/v2\/types\/product"}],"version-history":[{"count":1,"href":"https:\/\/provansadekor.rs\/en\/wp-json\/wp\/v2\/product\/78586\/revisions"}],"predecessor-version":[{"id":78587,"href":"https:\/\/provansadekor.rs\/en\/wp-json\/wp\/v2\/product\/78586\/revisions\/78587"}],"wp:featuredmedia":[{"embeddable":true,"href":"https:\/\/provansadekor.rs\/en\/wp-json\/wp\/v2\/media\/78578"}],"wp:attachment":[{"href":"https:\/\/provansadekor.rs\/en\/wp-json\/wp\/v2\/media?parent=78586"}],"wp:term":[{"taxonomy":"product_brand","embeddable":true,"href":"https:\/\/provansadekor.rs\/en\/wp-json\/wp\/v2\/product_brand?post=78586"},{"taxonomy":"product_cat","embeddable":true,"href":"https:\/\/provansadekor.rs\/en\/wp-json\/wp\/v2\/product_cat?post=78586"},{"taxonomy":"product_tag","embeddable":true,"href":"https:\/\/provansadekor.rs\/en\/wp-json\/wp\/v2\/product_tag?post=78586"}],"curies":[{"name":"wp","href":"https:\/\/api.w.org\/{rel}","templated":true}]}}