{"id":78584,"date":"2024-02-29T11:52:36","date_gmt":"2024-02-29T10:52:36","guid":{"rendered":"https:\/\/provansadekor.rs\/?post_type=product&#038;p=78584"},"modified":"2026-03-07T16:05:10","modified_gmt":"2026-03-07T15:05:10","slug":"palma-srece-chamaedorea-elegans","status":"publish","type":"product","link":"https:\/\/provansadekor.rs\/en\/proizvod\/palm-luck-chamaedorea-elegans\/","title":{"rendered":"Lucky Palm (Chamaedorea elegans)"},"content":{"rendered":"<p>One of the easiest palms to grow indoors and requires virtually no maintenance. The lucky palm belongs to indoor flowers that love the dark and tolerate low light well. Comes with a ceramic pot.<\/p>","protected":false},"excerpt":{"rendered":"<p>One of the easiest palms to grow indoors and requires virtually no maintenance. The lucky palm belongs to indoor flowers that love the dark and tolerate low light well. Comes with a ceramic pot.<\/p>","protected":false},"featured_media":78577,"template":"","meta":[],"product_brand":[],"product_cat":[320,316],"product_tag":[],"class_list":{"0":"post-78584","1":"product","2":"type-product","3":"status-publish","4":"has-post-thumbnail","6":"product_cat-8-mart","7":"product_cat-saksijsko-cvece","9":"first","10":"instock","11":"shipping-taxable","12":"purchasable","13":"product-type-simple"},"yoast_head":"<!-- This site is optimized with the Yoast SEO Premium plugin v20.9 (Yoast SEO v26.5) - https:\/\/yoast.com\/wordpress\/plugins\/seo\/ -->\n<title>Palma sre\u0107e (Chamaedorea elegans) &#8211; Provansa Dekor<\/title>\n<meta name=\"robots\" content=\"index, follow, max-snippet:-1, max-image-preview:large, max-video-preview:-1\" \/>\n<link rel=\"canonical\" href=\"https:\/\/provansadekor.rs\/en\/proizvod\/palm-luck-chamaedorea-elegans\/\" \/>\n<meta property=\"og:locale\" content=\"en_US\" \/>\n<meta property=\"og:type\" content=\"article\" \/>\n<meta property=\"og:title\" content=\"Palma sre\u0107e (Chamaedorea elegans)\" \/>\n<meta property=\"og:description\" content=\"Jedna od najjednostavnijih palmi za uzgoj u zatvorenom prostoru i prakti\u010dno ne zahteva odr\u017eavanje. Palma sre\u0107e spada u sobno cve\u0107e koje voli tamu i dobro podnosi slabo osvetljenje. Dolazi sa kerami\u010dkom saksijom.\" \/>\n<meta property=\"og:url\" content=\"https:\/\/provansadekor.rs\/en\/proizvod\/palm-luck-chamaedorea-elegans\/\" \/>\n<meta property=\"og:site_name\" content=\"Provansa Dekor\" \/>\n<meta property=\"article:publisher\" content=\"https:\/\/www.facebook.com\/provansadekor\" \/>\n<meta property=\"article:modified_time\" content=\"2026-03-07T15:05:10+00:00\" \/>\n<meta property=\"og:image\" content=\"https:\/\/provansadekor.rs\/wp-content\/uploads\/2024\/02\/2f6e60ec-4bad-11ed-bea0-22d74cd22fa9-21.jpeg\" \/>\n\t<meta property=\"og:image:width\" content=\"1440\" \/>\n\t<meta property=\"og:image:height\" content=\"810\" \/>\n\t<meta property=\"og:image:type\" content=\"image\/jpeg\" \/>\n<meta name=\"twitter:card\" content=\"summary_large_image\" \/>\n<meta name=\"twitter:label1\" content=\"Est. reading time\" \/>\n\t<meta name=\"twitter:data1\" content=\"1 minute\" \/>\n<script type=\"application\/ld+json\" class=\"yoast-schema-graph\">{\"@context\":\"https:\/\/schema.org\",\"@graph\":[{\"@type\":[\"WebPage\",\"ItemPage\"],\"@id\":\"https:\/\/provansadekor.rs\/proizvod\/palma-srece-chamaedorea-elegans\/\",\"url\":\"https:\/\/provansadekor.rs\/proizvod\/palma-srece-chamaedorea-elegans\/\",\"name\":\"Palma sre\u0107e (Chamaedorea elegans) &#8211; Provansa Dekor\",\"isPartOf\":{\"@id\":\"https:\/\/provansadekor.rs\/#website\"},\"primaryImageOfPage\":{\"@id\":\"https:\/\/provansadekor.rs\/proizvod\/palma-srece-chamaedorea-elegans\/#primaryimage\"},\"image\":{\"@id\":\"https:\/\/provansadekor.rs\/proizvod\/palma-srece-chamaedorea-elegans\/#primaryimage\"},\"thumbnailUrl\":\"https:\/\/provansadekor.rs\/wp-content\/uploads\/2024\/02\/2f6e60ec-4bad-11ed-bea0-22d74cd22fa9-21.jpeg\",\"datePublished\":\"2024-02-29T10:52:36+00:00\",\"dateModified\":\"2026-03-07T15:05:10+00:00\",\"breadcrumb\":{\"@id\":\"https:\/\/provansadekor.rs\/proizvod\/palma-srece-chamaedorea-elegans\/#breadcrumb\"},\"inLanguage\":\"en-US\",\"potentialAction\":[{\"@type\":\"ReadAction\",\"target\":[\"https:\/\/provansadekor.rs\/proizvod\/palma-srece-chamaedorea-elegans\/\"]}]},{\"@type\":\"ImageObject\",\"inLanguage\":\"en-US\",\"@id\":\"https:\/\/provansadekor.rs\/proizvod\/palma-srece-chamaedorea-elegans\/#primaryimage\",\"url\":\"https:\/\/provansadekor.rs\/wp-content\/uploads\/2024\/02\/2f6e60ec-4bad-11ed-bea0-22d74cd22fa9-21.jpeg\",\"contentUrl\":\"https:\/\/provansadekor.rs\/wp-content\/uploads\/2024\/02\/2f6e60ec-4bad-11ed-bea0-22d74cd22fa9-21.jpeg\",\"width\":1440,\"height\":810,\"caption\":\"saksijske biljke - dostava cveca - sobne biljke\"},{\"@type\":\"BreadcrumbList\",\"@id\":\"https:\/\/provansadekor.rs\/proizvod\/palma-srece-chamaedorea-elegans\/#breadcrumb\",\"itemListElement\":[{\"@type\":\"ListItem\",\"position\":1,\"name\":\"\u041f\u043e\u0447\u0435\u0442\u043d\u0430\",\"item\":\"https:\/\/provansadekor.rs\/\"},{\"@type\":\"ListItem\",\"position\":2,\"name\":\"\u041f\u0440\u043e\u0438\u0437\u0432\u043e\u0434\u0438\",\"item\":\"https:\/\/provansadekor.rs\/shop\/\"},{\"@type\":\"ListItem\",\"position\":3,\"name\":\"Palma sre\u0107e (Chamaedorea elegans)\"}]},{\"@type\":\"WebSite\",\"@id\":\"https:\/\/provansadekor.rs\/#website\",\"url\":\"https:\/\/provansadekor.rs\/\",\"name\":\"Provansa Dekor\",\"description\":\"Dostava cve\u0107a Beograd - Organizacija i Dekoracija doga\u0111aja - Ure\u0111enje zelenih povr\u0161ina\",\"publisher\":{\"@id\":\"https:\/\/provansadekor.rs\/#organization\"},\"potentialAction\":[{\"@type\":\"SearchAction\",\"target\":{\"@type\":\"EntryPoint\",\"urlTemplate\":\"https:\/\/provansadekor.rs\/?s={search_term_string}\"},\"query-input\":{\"@type\":\"PropertyValueSpecification\",\"valueRequired\":true,\"valueName\":\"search_term_string\"}}],\"inLanguage\":\"en-US\"},{\"@type\":\"Organization\",\"@id\":\"https:\/\/provansadekor.rs\/#organization\",\"name\":\"Provansa Dekor Cve\u0107ara Beograd\",\"url\":\"https:\/\/provansadekor.rs\/\",\"logo\":{\"@type\":\"ImageObject\",\"inLanguage\":\"en-US\",\"@id\":\"https:\/\/provansadekor.rs\/#\/schema\/logo\/image\/\",\"url\":\"https:\/\/provansadekor.rs\/wp-content\/uploads\/2022\/03\/logo-provansa.jpg\",\"contentUrl\":\"https:\/\/provansadekor.rs\/wp-content\/uploads\/2022\/03\/logo-provansa.jpg\",\"width\":200,\"height\":200,\"caption\":\"Provansa Dekor Cve\u0107ara Beograd\"},\"image\":{\"@id\":\"https:\/\/provansadekor.rs\/#\/schema\/logo\/image\/\"},\"sameAs\":[\"https:\/\/www.facebook.com\/provansadekor\",\"https:\/\/www.instagram.com\/provansadekor\/\"]}]}<\/script>\n<!-- \/ Yoast SEO Premium plugin. -->","yoast_head_json":{"title":"Lucky Palm (Chamaedorea elegans) \u2013 Provence Decor","robots":{"index":"index","follow":"follow","max-snippet":"max-snippet:-1","max-image-preview":"max-image-preview:large","max-video-preview":"max-video-preview:-1"},"canonical":"https:\/\/provansadekor.rs\/en\/proizvod\/palm-luck-chamaedorea-elegans\/","og_locale":"en_US","og_type":"article","og_title":"Palma sre\u0107e (Chamaedorea elegans)","og_description":"Jedna od najjednostavnijih palmi za uzgoj u zatvorenom prostoru i prakti\u010dno ne zahteva odr\u017eavanje. Palma sre\u0107e spada u sobno cve\u0107e koje voli tamu i dobro podnosi slabo osvetljenje. Dolazi sa kerami\u010dkom saksijom.","og_url":"https:\/\/provansadekor.rs\/en\/proizvod\/palm-luck-chamaedorea-elegans\/","og_site_name":"Provansa Dekor","article_publisher":"https:\/\/www.facebook.com\/provansadekor","article_modified_time":"2026-03-07T15:05:10+00:00","og_image":[{"width":1440,"height":810,"url":"https:\/\/provansadekor.rs\/wp-content\/uploads\/2024\/02\/2f6e60ec-4bad-11ed-bea0-22d74cd22fa9-21.jpeg","type":"image\/jpeg"}],"twitter_card":"summary_large_image","twitter_misc":{"Est. reading time":"1 minute"},"schema":{"@context":"https:\/\/schema.org","@graph":[{"@type":["WebPage","ItemPage"],"@id":"https:\/\/provansadekor.rs\/proizvod\/palma-srece-chamaedorea-elegans\/","url":"https:\/\/provansadekor.rs\/proizvod\/palma-srece-chamaedorea-elegans\/","name":"Lucky Palm (Chamaedorea elegans) \u2013 Provence Decor","isPartOf":{"@id":"https:\/\/provansadekor.rs\/#website"},"primaryImageOfPage":{"@id":"https:\/\/provansadekor.rs\/proizvod\/palma-srece-chamaedorea-elegans\/#primaryimage"},"image":{"@id":"https:\/\/provansadekor.rs\/proizvod\/palma-srece-chamaedorea-elegans\/#primaryimage"},"thumbnailUrl":"https:\/\/provansadekor.rs\/wp-content\/uploads\/2024\/02\/2f6e60ec-4bad-11ed-bea0-22d74cd22fa9-21.jpeg","datePublished":"2024-02-29T10:52:36+00:00","dateModified":"2026-03-07T15:05:10+00:00","breadcrumb":{"@id":"https:\/\/provansadekor.rs\/proizvod\/palma-srece-chamaedorea-elegans\/#breadcrumb"},"inLanguage":"en-US","potentialAction":[{"@type":"ReadAction","target":["https:\/\/provansadekor.rs\/proizvod\/palma-srece-chamaedorea-elegans\/"]}]},{"@type":"ImageObject","inLanguage":"en-US","@id":"https:\/\/provansadekor.rs\/proizvod\/palma-srece-chamaedorea-elegans\/#primaryimage","url":"https:\/\/provansadekor.rs\/wp-content\/uploads\/2024\/02\/2f6e60ec-4bad-11ed-bea0-22d74cd22fa9-21.jpeg","contentUrl":"https:\/\/provansadekor.rs\/wp-content\/uploads\/2024\/02\/2f6e60ec-4bad-11ed-bea0-22d74cd22fa9-21.jpeg","width":1440,"height":810,"caption":"saksijske biljke - dostava cveca - sobne biljke"},{"@type":"BreadcrumbList","@id":"https:\/\/provansadekor.rs\/proizvod\/palma-srece-chamaedorea-elegans\/#breadcrumb","itemListElement":[{"@type":"ListItem","position":1,"name":"\u041f\u043e\u0447\u0435\u0442\u043d\u0430","item":"https:\/\/provansadekor.rs\/"},{"@type":"ListItem","position":2,"name":"\u041f\u0440\u043e\u0438\u0437\u0432\u043e\u0434\u0438","item":"https:\/\/provansadekor.rs\/shop\/"},{"@type":"ListItem","position":3,"name":"Palma sre\u0107e (Chamaedorea elegans)"}]},{"@type":"WebSite","@id":"https:\/\/provansadekor.rs\/#website","url":"https:\/\/provansadekor.rs\/","name":"Provence Decor","description":"Flower delivery Belgrade - Event organization and decoration - Landscaping","publisher":{"@id":"https:\/\/provansadekor.rs\/#organization"},"potentialAction":[{"@type":"SearchAction","target":{"@type":"EntryPoint","urlTemplate":"https:\/\/provansadekor.rs\/?s={search_term_string}"},"query-input":{"@type":"PropertyValueSpecification","valueRequired":true,"valueName":"search_term_string"}}],"inLanguage":"en-US"},{"@type":"Organization","@id":"https:\/\/provansadekor.rs\/#organization","name":"Provence Decor Flower Shop Belgrade","url":"https:\/\/provansadekor.rs\/","logo":{"@type":"ImageObject","inLanguage":"en-US","@id":"https:\/\/provansadekor.rs\/#\/schema\/logo\/image\/","url":"https:\/\/provansadekor.rs\/wp-content\/uploads\/2022\/03\/logo-provansa.jpg","contentUrl":"https:\/\/provansadekor.rs\/wp-content\/uploads\/2022\/03\/logo-provansa.jpg","width":200,"height":200,"caption":"Provansa Dekor Cve\u0107ara Beograd"},"image":{"@id":"https:\/\/provansadekor.rs\/#\/schema\/logo\/image\/"},"sameAs":["https:\/\/www.facebook.com\/provansadekor","https:\/\/www.instagram.com\/provansadekor\/"]}]}},"_links":{"self":[{"href":"https:\/\/provansadekor.rs\/en\/wp-json\/wp\/v2\/product\/78584","targetHints":{"allow":["GET"]}}],"collection":[{"href":"https:\/\/provansadekor.rs\/en\/wp-json\/wp\/v2\/product"}],"about":[{"href":"https:\/\/provansadekor.rs\/en\/wp-json\/wp\/v2\/types\/product"}],"version-history":[{"count":1,"href":"https:\/\/provansadekor.rs\/en\/wp-json\/wp\/v2\/product\/78584\/revisions"}],"predecessor-version":[{"id":78585,"href":"https:\/\/provansadekor.rs\/en\/wp-json\/wp\/v2\/product\/78584\/revisions\/78585"}],"wp:featuredmedia":[{"embeddable":true,"href":"https:\/\/provansadekor.rs\/en\/wp-json\/wp\/v2\/media\/78577"}],"wp:attachment":[{"href":"https:\/\/provansadekor.rs\/en\/wp-json\/wp\/v2\/media?parent=78584"}],"wp:term":[{"taxonomy":"product_brand","embeddable":true,"href":"https:\/\/provansadekor.rs\/en\/wp-json\/wp\/v2\/product_brand?post=78584"},{"taxonomy":"product_cat","embeddable":true,"href":"https:\/\/provansadekor.rs\/en\/wp-json\/wp\/v2\/product_cat?post=78584"},{"taxonomy":"product_tag","embeddable":true,"href":"https:\/\/provansadekor.rs\/en\/wp-json\/wp\/v2\/product_tag?post=78584"}],"curies":[{"name":"wp","href":"https:\/\/api.w.org\/{rel}","templated":true}]}}