{"id":78453,"date":"2024-02-22T14:55:09","date_gmt":"2024-02-22T13:55:09","guid":{"rendered":"https:\/\/provansadekor.rs\/?post_type=product&#038;p=78453"},"modified":"2026-03-14T12:31:15","modified_gmt":"2026-03-14T11:31:15","slug":"purple-hot-pink-s","status":"publish","type":"product","link":"https:\/\/provansadekor.rs\/en\/proizvod\/purple-hot-pink-s\/","title":{"rendered":"Purple hot pink S"},"content":{"rendered":"<table width=\"369\">\n<tbody>\n<tr>\n<td width=\"100\"><strong>Flower type<\/strong><\/td>\n<td width=\"132\"><strong>Shade<\/strong><\/td>\n<td width=\"137\"><strong>Number of Flowers in a Bouquet<\/strong><\/td>\n<\/tr>\n<tr>\n<td>Rose<\/td>\n<td>purple<\/td>\n<td>2<\/td>\n<\/tr>\n<tr>\n<td>Rose<\/td>\n<td>pink<\/td>\n<td>2<\/td>\n<\/tr>\n<tr>\n<td>Ruskus<\/td>\n<td>greenery<\/td>\n<td>2<\/td>\n<\/tr>\n<tr>\n<td>Chrysanthemum piece<\/td>\n<td>cyclamen<\/td>\n<td>2<\/td>\n<\/tr>\n<tr>\n<td>Eryngium<\/td>\n<td>blue<\/td>\n<td>1<\/td>\n<\/tr>\n<tr>\n<td>Matsumoto<\/td>\n<td>cyclamen<\/td>\n<td>2<\/td>\n<\/tr>\n<tr>\n<td>Veronica<\/td>\n<td>purple<\/td>\n<td>2<\/td>\n<\/tr>\n<tr>\n<td>Carnation<\/td>\n<td>cyclamen<\/td>\n<td>2<\/td>\n<\/tr>\n<tr>\n<td colspan=\"2\"><strong>Total Flowers in the Bouquet<\/strong><\/td>\n<td>15<\/td>\n<\/tr>\n<\/tbody>\n<\/table>","protected":false},"excerpt":{"rendered":"<p>Type of Flower Shade Number of Flowers in Bouquet Purple Rose 2 Pink Rose 2 Ruscus Greenery 2 Chrysanthemum Piece Cyclamen 2 Eringium Blue 1 Matsumoto Cyclamen 2 Veronica Violet 2 Carnation Cyclamen 2 Total Flowers in Bouquet 15<\/p>","protected":false},"featured_media":78686,"template":"","meta":[],"product_brand":[],"product_cat":[314],"product_tag":[],"class_list":{"0":"post-78453","1":"product","2":"type-product","3":"status-publish","4":"has-post-thumbnail","6":"product_cat-colombia-kolekcija","8":"first","9":"outofstock","10":"shipping-taxable","11":"purchasable","12":"product-type-simple"},"yoast_head":"<!-- This site is optimized with the Yoast SEO Premium plugin v20.9 (Yoast SEO v26.5) - https:\/\/yoast.com\/wordpress\/plugins\/seo\/ -->\n<title>Purple hot pink S &#8211; Provansa Dekor<\/title>\n<meta name=\"robots\" content=\"index, follow, max-snippet:-1, max-image-preview:large, max-video-preview:-1\" \/>\n<link rel=\"canonical\" href=\"https:\/\/provansadekor.rs\/en\/proizvod\/purple-hot-pink-s\/\" \/>\n<meta property=\"og:locale\" content=\"en_US\" \/>\n<meta property=\"og:type\" content=\"article\" \/>\n<meta property=\"og:title\" content=\"Purple hot pink S\" \/>\n<meta property=\"og:description\" content=\"Vrsta Cveta Nijansa Broj Cvetova u Buketu Ru\u017ea ljubi\u010dasta 2 Ru\u017ea roza 2 Ruskus zelenilo 2 Hrizantema komadna ciklama 2 Eringium plavi 1 Matsumoto ciklama 2 Veronika ljubi\u010dasta 2 Karanfil ciklama 2 Ukupno Cvetova u Buketu 15\" \/>\n<meta property=\"og:url\" content=\"https:\/\/provansadekor.rs\/en\/proizvod\/purple-hot-pink-s\/\" \/>\n<meta property=\"og:site_name\" content=\"Provansa Dekor\" \/>\n<meta property=\"article:publisher\" content=\"https:\/\/www.facebook.com\/provansadekor\" \/>\n<meta property=\"article:modified_time\" content=\"2026-03-14T11:31:15+00:00\" \/>\n<meta property=\"og:image\" content=\"https:\/\/provansadekor.rs\/wp-content\/uploads\/2024\/03\/purple-hot-s.jpg\" \/>\n\t<meta property=\"og:image:width\" content=\"1024\" \/>\n\t<meta property=\"og:image:height\" content=\"1024\" \/>\n\t<meta property=\"og:image:type\" content=\"image\/jpeg\" \/>\n<meta name=\"twitter:card\" content=\"summary_large_image\" \/>\n<meta name=\"twitter:label1\" content=\"Est. reading time\" \/>\n\t<meta name=\"twitter:data1\" content=\"1 minute\" \/>\n<script type=\"application\/ld+json\" class=\"yoast-schema-graph\">{\"@context\":\"https:\/\/schema.org\",\"@graph\":[{\"@type\":[\"WebPage\",\"ItemPage\"],\"@id\":\"https:\/\/provansadekor.rs\/proizvod\/purple-hot-pink-s\/\",\"url\":\"https:\/\/provansadekor.rs\/proizvod\/purple-hot-pink-s\/\",\"name\":\"Purple hot pink S &#8211; Provansa Dekor\",\"isPartOf\":{\"@id\":\"https:\/\/provansadekor.rs\/#website\"},\"primaryImageOfPage\":{\"@id\":\"https:\/\/provansadekor.rs\/proizvod\/purple-hot-pink-s\/#primaryimage\"},\"image\":{\"@id\":\"https:\/\/provansadekor.rs\/proizvod\/purple-hot-pink-s\/#primaryimage\"},\"thumbnailUrl\":\"https:\/\/provansadekor.rs\/wp-content\/uploads\/2024\/03\/purple-hot-s.jpg\",\"datePublished\":\"2024-02-22T13:55:09+00:00\",\"dateModified\":\"2026-03-14T11:31:15+00:00\",\"breadcrumb\":{\"@id\":\"https:\/\/provansadekor.rs\/proizvod\/purple-hot-pink-s\/#breadcrumb\"},\"inLanguage\":\"en-US\",\"potentialAction\":[{\"@type\":\"ReadAction\",\"target\":[\"https:\/\/provansadekor.rs\/proizvod\/purple-hot-pink-s\/\"]}]},{\"@type\":\"ImageObject\",\"inLanguage\":\"en-US\",\"@id\":\"https:\/\/provansadekor.rs\/proizvod\/purple-hot-pink-s\/#primaryimage\",\"url\":\"https:\/\/provansadekor.rs\/wp-content\/uploads\/2024\/03\/purple-hot-s.jpg\",\"contentUrl\":\"https:\/\/provansadekor.rs\/wp-content\/uploads\/2024\/03\/purple-hot-s.jpg\",\"width\":1024,\"height\":1024},{\"@type\":\"BreadcrumbList\",\"@id\":\"https:\/\/provansadekor.rs\/proizvod\/purple-hot-pink-s\/#breadcrumb\",\"itemListElement\":[{\"@type\":\"ListItem\",\"position\":1,\"name\":\"\u041f\u043e\u0447\u0435\u0442\u043d\u0430\",\"item\":\"https:\/\/provansadekor.rs\/\"},{\"@type\":\"ListItem\",\"position\":2,\"name\":\"\u041f\u0440\u043e\u0438\u0437\u0432\u043e\u0434\u0438\",\"item\":\"https:\/\/provansadekor.rs\/shop\/\"},{\"@type\":\"ListItem\",\"position\":3,\"name\":\"Purple hot pink S\"}]},{\"@type\":\"WebSite\",\"@id\":\"https:\/\/provansadekor.rs\/#website\",\"url\":\"https:\/\/provansadekor.rs\/\",\"name\":\"Provansa Dekor\",\"description\":\"Dostava cve\u0107a Beograd - Organizacija i Dekoracija doga\u0111aja - Ure\u0111enje zelenih povr\u0161ina\",\"publisher\":{\"@id\":\"https:\/\/provansadekor.rs\/#organization\"},\"potentialAction\":[{\"@type\":\"SearchAction\",\"target\":{\"@type\":\"EntryPoint\",\"urlTemplate\":\"https:\/\/provansadekor.rs\/?s={search_term_string}\"},\"query-input\":{\"@type\":\"PropertyValueSpecification\",\"valueRequired\":true,\"valueName\":\"search_term_string\"}}],\"inLanguage\":\"en-US\"},{\"@type\":\"Organization\",\"@id\":\"https:\/\/provansadekor.rs\/#organization\",\"name\":\"Provansa Dekor Cve\u0107ara Beograd\",\"url\":\"https:\/\/provansadekor.rs\/\",\"logo\":{\"@type\":\"ImageObject\",\"inLanguage\":\"en-US\",\"@id\":\"https:\/\/provansadekor.rs\/#\/schema\/logo\/image\/\",\"url\":\"https:\/\/provansadekor.rs\/wp-content\/uploads\/2022\/03\/logo-provansa.jpg\",\"contentUrl\":\"https:\/\/provansadekor.rs\/wp-content\/uploads\/2022\/03\/logo-provansa.jpg\",\"width\":200,\"height\":200,\"caption\":\"Provansa Dekor Cve\u0107ara Beograd\"},\"image\":{\"@id\":\"https:\/\/provansadekor.rs\/#\/schema\/logo\/image\/\"},\"sameAs\":[\"https:\/\/www.facebook.com\/provansadekor\",\"https:\/\/www.instagram.com\/provansadekor\/\"]}]}<\/script>\n<!-- \/ Yoast SEO Premium plugin. -->","yoast_head_json":{"title":"Purple hot pink S \u2013 Provence Decor","robots":{"index":"index","follow":"follow","max-snippet":"max-snippet:-1","max-image-preview":"max-image-preview:large","max-video-preview":"max-video-preview:-1"},"canonical":"https:\/\/provansadekor.rs\/en\/proizvod\/purple-hot-pink-s\/","og_locale":"en_US","og_type":"article","og_title":"Purple hot pink S","og_description":"Vrsta Cveta Nijansa Broj Cvetova u Buketu Ru\u017ea ljubi\u010dasta 2 Ru\u017ea roza 2 Ruskus zelenilo 2 Hrizantema komadna ciklama 2 Eringium plavi 1 Matsumoto ciklama 2 Veronika ljubi\u010dasta 2 Karanfil ciklama 2 Ukupno Cvetova u Buketu 15","og_url":"https:\/\/provansadekor.rs\/en\/proizvod\/purple-hot-pink-s\/","og_site_name":"Provansa Dekor","article_publisher":"https:\/\/www.facebook.com\/provansadekor","article_modified_time":"2026-03-14T11:31:15+00:00","og_image":[{"width":1024,"height":1024,"url":"https:\/\/provansadekor.rs\/wp-content\/uploads\/2024\/03\/purple-hot-s.jpg","type":"image\/jpeg"}],"twitter_card":"summary_large_image","twitter_misc":{"Est. reading time":"1 minute"},"schema":{"@context":"https:\/\/schema.org","@graph":[{"@type":["WebPage","ItemPage"],"@id":"https:\/\/provansadekor.rs\/proizvod\/purple-hot-pink-s\/","url":"https:\/\/provansadekor.rs\/proizvod\/purple-hot-pink-s\/","name":"Purple hot pink S \u2013 Provence Decor","isPartOf":{"@id":"https:\/\/provansadekor.rs\/#website"},"primaryImageOfPage":{"@id":"https:\/\/provansadekor.rs\/proizvod\/purple-hot-pink-s\/#primaryimage"},"image":{"@id":"https:\/\/provansadekor.rs\/proizvod\/purple-hot-pink-s\/#primaryimage"},"thumbnailUrl":"https:\/\/provansadekor.rs\/wp-content\/uploads\/2024\/03\/purple-hot-s.jpg","datePublished":"2024-02-22T13:55:09+00:00","dateModified":"2026-03-14T11:31:15+00:00","breadcrumb":{"@id":"https:\/\/provansadekor.rs\/proizvod\/purple-hot-pink-s\/#breadcrumb"},"inLanguage":"en-US","potentialAction":[{"@type":"ReadAction","target":["https:\/\/provansadekor.rs\/proizvod\/purple-hot-pink-s\/"]}]},{"@type":"ImageObject","inLanguage":"en-US","@id":"https:\/\/provansadekor.rs\/proizvod\/purple-hot-pink-s\/#primaryimage","url":"https:\/\/provansadekor.rs\/wp-content\/uploads\/2024\/03\/purple-hot-s.jpg","contentUrl":"https:\/\/provansadekor.rs\/wp-content\/uploads\/2024\/03\/purple-hot-s.jpg","width":1024,"height":1024},{"@type":"BreadcrumbList","@id":"https:\/\/provansadekor.rs\/proizvod\/purple-hot-pink-s\/#breadcrumb","itemListElement":[{"@type":"ListItem","position":1,"name":"\u041f\u043e\u0447\u0435\u0442\u043d\u0430","item":"https:\/\/provansadekor.rs\/"},{"@type":"ListItem","position":2,"name":"\u041f\u0440\u043e\u0438\u0437\u0432\u043e\u0434\u0438","item":"https:\/\/provansadekor.rs\/shop\/"},{"@type":"ListItem","position":3,"name":"Purple hot pink S"}]},{"@type":"WebSite","@id":"https:\/\/provansadekor.rs\/#website","url":"https:\/\/provansadekor.rs\/","name":"Provence Decor","description":"Flower delivery Belgrade - Event organization and decoration - Landscaping","publisher":{"@id":"https:\/\/provansadekor.rs\/#organization"},"potentialAction":[{"@type":"SearchAction","target":{"@type":"EntryPoint","urlTemplate":"https:\/\/provansadekor.rs\/?s={search_term_string}"},"query-input":{"@type":"PropertyValueSpecification","valueRequired":true,"valueName":"search_term_string"}}],"inLanguage":"en-US"},{"@type":"Organization","@id":"https:\/\/provansadekor.rs\/#organization","name":"Provence Decor Flower Shop Belgrade","url":"https:\/\/provansadekor.rs\/","logo":{"@type":"ImageObject","inLanguage":"en-US","@id":"https:\/\/provansadekor.rs\/#\/schema\/logo\/image\/","url":"https:\/\/provansadekor.rs\/wp-content\/uploads\/2022\/03\/logo-provansa.jpg","contentUrl":"https:\/\/provansadekor.rs\/wp-content\/uploads\/2022\/03\/logo-provansa.jpg","width":200,"height":200,"caption":"Provansa Dekor Cve\u0107ara Beograd"},"image":{"@id":"https:\/\/provansadekor.rs\/#\/schema\/logo\/image\/"},"sameAs":["https:\/\/www.facebook.com\/provansadekor","https:\/\/www.instagram.com\/provansadekor\/"]}]}},"_links":{"self":[{"href":"https:\/\/provansadekor.rs\/en\/wp-json\/wp\/v2\/product\/78453","targetHints":{"allow":["GET"]}}],"collection":[{"href":"https:\/\/provansadekor.rs\/en\/wp-json\/wp\/v2\/product"}],"about":[{"href":"https:\/\/provansadekor.rs\/en\/wp-json\/wp\/v2\/types\/product"}],"version-history":[{"count":1,"href":"https:\/\/provansadekor.rs\/en\/wp-json\/wp\/v2\/product\/78453\/revisions"}],"predecessor-version":[{"id":78454,"href":"https:\/\/provansadekor.rs\/en\/wp-json\/wp\/v2\/product\/78453\/revisions\/78454"}],"wp:featuredmedia":[{"embeddable":true,"href":"https:\/\/provansadekor.rs\/en\/wp-json\/wp\/v2\/media\/78686"}],"wp:attachment":[{"href":"https:\/\/provansadekor.rs\/en\/wp-json\/wp\/v2\/media?parent=78453"}],"wp:term":[{"taxonomy":"product_brand","embeddable":true,"href":"https:\/\/provansadekor.rs\/en\/wp-json\/wp\/v2\/product_brand?post=78453"},{"taxonomy":"product_cat","embeddable":true,"href":"https:\/\/provansadekor.rs\/en\/wp-json\/wp\/v2\/product_cat?post=78453"},{"taxonomy":"product_tag","embeddable":true,"href":"https:\/\/provansadekor.rs\/en\/wp-json\/wp\/v2\/product_tag?post=78453"}],"curies":[{"name":"wp","href":"https:\/\/api.w.org\/{rel}","templated":true}]}}