{"id":78416,"date":"2024-02-22T14:18:42","date_gmt":"2024-02-22T13:18:42","guid":{"rendered":"https:\/\/provansadekor.rs\/?post_type=product&#038;p=78416"},"modified":"2026-03-14T12:35:54","modified_gmt":"2026-03-14T11:35:54","slug":"lavander-blue-m","status":"publish","type":"product","link":"https:\/\/provansadekor.rs\/en\/proizvod\/lavender-blue-m\/","title":{"rendered":"Lavender blue M"},"content":{"rendered":"<table width=\"316\">\n<tbody>\n<tr>\n<td width=\"100\"><strong>Flower type<\/strong><\/td>\n<td width=\"127\"><strong>Shade<\/strong><\/td>\n<td width=\"89\"><strong>Number of Flowers in a Bouquet<\/strong><\/td>\n<\/tr>\n<tr>\n<td>Mattiola<\/td>\n<td>purple<\/td>\n<td>3<\/td>\n<\/tr>\n<tr>\n<td>Hydrangea<\/td>\n<td>pink<\/td>\n<td>1<\/td>\n<\/tr>\n<tr>\n<td>Mini callas<\/td>\n<td>purple<\/td>\n<td>3<\/td>\n<\/tr>\n<tr>\n<td>Rose<\/td>\n<td>pink<\/td>\n<td>3<\/td>\n<\/tr>\n<tr>\n<td>Aralia<\/td>\n<td>greenery<\/td>\n<td>2<\/td>\n<\/tr>\n<tr>\n<td>Chrysanthemum<\/td>\n<td>cyclamen<\/td>\n<td>2<\/td>\n<\/tr>\n<tr>\n<td>Eucalyptus<\/td>\n<td>greenery<\/td>\n<td>2<\/td>\n<\/tr>\n<tr>\n<td>Delphinium<\/td>\n<td>blue<\/td>\n<td>3<\/td>\n<\/tr>\n<tr>\n<td>Carnation<\/td>\n<td>pink<\/td>\n<td>3<\/td>\n<\/tr>\n<tr>\n<td colspan=\"2\"><strong>Total Flowers in the Bouquet<\/strong><\/td>\n<td>22<\/td>\n<\/tr>\n<\/tbody>\n<\/table>","protected":false},"excerpt":{"rendered":"<p>Type of Flower Shade Number of Flowers in Bouquet Matiola purple 3 Hydrangea pink 1 Mini calla lily purple 3 Rose pink 3 Aralia green 2 Chrysanthemum cyclamen 2 Eucalyptus green 2 Delphinium blue 3 Carnation pink 3 Total Flowers in Bouquet 22<\/p>","protected":false},"featured_media":78670,"template":"","meta":[],"product_brand":[],"product_cat":[314],"product_tag":[],"class_list":{"0":"post-78416","1":"product","2":"type-product","3":"status-publish","4":"has-post-thumbnail","6":"product_cat-colombia-kolekcija","8":"first","9":"outofstock","10":"shipping-taxable","11":"purchasable","12":"product-type-simple"},"yoast_head":"<!-- This site is optimized with the Yoast SEO Premium plugin v20.9 (Yoast SEO v26.5) - https:\/\/yoast.com\/wordpress\/plugins\/seo\/ -->\n<title>Lavander blue M &#8211; Provansa Dekor<\/title>\n<meta name=\"robots\" content=\"index, follow, max-snippet:-1, max-image-preview:large, max-video-preview:-1\" \/>\n<link rel=\"canonical\" href=\"https:\/\/provansadekor.rs\/en\/proizvod\/lavender-blue-m\/\" \/>\n<meta property=\"og:locale\" content=\"en_US\" \/>\n<meta property=\"og:type\" content=\"article\" \/>\n<meta property=\"og:title\" content=\"Lavander blue M\" \/>\n<meta property=\"og:description\" content=\"Vrsta Cveta Nijansa Broj Cvetova u Buketu Matiola ljubi\u010dasta 3 Hortenzija roza 1 Mini kala ljubi\u010dasta 3 Ru\u017ea roza 3 Aralia zelenilo 2 Hrizantema ciklama 2 Eukaliptus zelenilo 2 Delfinijum plava 3 Karanfil roze 3 Ukupno Cvetova u Buketu 22\" \/>\n<meta property=\"og:url\" content=\"https:\/\/provansadekor.rs\/en\/proizvod\/lavender-blue-m\/\" \/>\n<meta property=\"og:site_name\" content=\"Provansa Dekor\" \/>\n<meta property=\"article:publisher\" content=\"https:\/\/www.facebook.com\/provansadekor\" \/>\n<meta property=\"article:modified_time\" content=\"2026-03-14T11:35:54+00:00\" \/>\n<meta property=\"og:image\" content=\"https:\/\/provansadekor.rs\/wp-content\/uploads\/2024\/03\/lavander-blue-m.jpg\" \/>\n\t<meta property=\"og:image:width\" content=\"1024\" \/>\n\t<meta property=\"og:image:height\" content=\"1024\" \/>\n\t<meta property=\"og:image:type\" content=\"image\/jpeg\" \/>\n<meta name=\"twitter:card\" content=\"summary_large_image\" \/>\n<meta name=\"twitter:label1\" content=\"Est. reading time\" \/>\n\t<meta name=\"twitter:data1\" content=\"1 minute\" \/>\n<script type=\"application\/ld+json\" class=\"yoast-schema-graph\">{\"@context\":\"https:\/\/schema.org\",\"@graph\":[{\"@type\":[\"WebPage\",\"ItemPage\"],\"@id\":\"https:\/\/provansadekor.rs\/proizvod\/lavander-blue-m\/\",\"url\":\"https:\/\/provansadekor.rs\/proizvod\/lavander-blue-m\/\",\"name\":\"Lavander blue M &#8211; Provansa Dekor\",\"isPartOf\":{\"@id\":\"https:\/\/provansadekor.rs\/#website\"},\"primaryImageOfPage\":{\"@id\":\"https:\/\/provansadekor.rs\/proizvod\/lavander-blue-m\/#primaryimage\"},\"image\":{\"@id\":\"https:\/\/provansadekor.rs\/proizvod\/lavander-blue-m\/#primaryimage\"},\"thumbnailUrl\":\"https:\/\/provansadekor.rs\/wp-content\/uploads\/2024\/03\/lavander-blue-m.jpg\",\"datePublished\":\"2024-02-22T13:18:42+00:00\",\"dateModified\":\"2026-03-14T11:35:54+00:00\",\"breadcrumb\":{\"@id\":\"https:\/\/provansadekor.rs\/proizvod\/lavander-blue-m\/#breadcrumb\"},\"inLanguage\":\"en-US\",\"potentialAction\":[{\"@type\":\"ReadAction\",\"target\":[\"https:\/\/provansadekor.rs\/proizvod\/lavander-blue-m\/\"]}]},{\"@type\":\"ImageObject\",\"inLanguage\":\"en-US\",\"@id\":\"https:\/\/provansadekor.rs\/proizvod\/lavander-blue-m\/#primaryimage\",\"url\":\"https:\/\/provansadekor.rs\/wp-content\/uploads\/2024\/03\/lavander-blue-m.jpg\",\"contentUrl\":\"https:\/\/provansadekor.rs\/wp-content\/uploads\/2024\/03\/lavander-blue-m.jpg\",\"width\":1024,\"height\":1024},{\"@type\":\"BreadcrumbList\",\"@id\":\"https:\/\/provansadekor.rs\/proizvod\/lavander-blue-m\/#breadcrumb\",\"itemListElement\":[{\"@type\":\"ListItem\",\"position\":1,\"name\":\"\u041f\u043e\u0447\u0435\u0442\u043d\u0430\",\"item\":\"https:\/\/provansadekor.rs\/\"},{\"@type\":\"ListItem\",\"position\":2,\"name\":\"\u041f\u0440\u043e\u0438\u0437\u0432\u043e\u0434\u0438\",\"item\":\"https:\/\/provansadekor.rs\/shop\/\"},{\"@type\":\"ListItem\",\"position\":3,\"name\":\"Lavander blue M\"}]},{\"@type\":\"WebSite\",\"@id\":\"https:\/\/provansadekor.rs\/#website\",\"url\":\"https:\/\/provansadekor.rs\/\",\"name\":\"Provansa Dekor\",\"description\":\"Dostava cve\u0107a Beograd - Organizacija i Dekoracija doga\u0111aja - Ure\u0111enje zelenih povr\u0161ina\",\"publisher\":{\"@id\":\"https:\/\/provansadekor.rs\/#organization\"},\"potentialAction\":[{\"@type\":\"SearchAction\",\"target\":{\"@type\":\"EntryPoint\",\"urlTemplate\":\"https:\/\/provansadekor.rs\/?s={search_term_string}\"},\"query-input\":{\"@type\":\"PropertyValueSpecification\",\"valueRequired\":true,\"valueName\":\"search_term_string\"}}],\"inLanguage\":\"en-US\"},{\"@type\":\"Organization\",\"@id\":\"https:\/\/provansadekor.rs\/#organization\",\"name\":\"Provansa Dekor Cve\u0107ara Beograd\",\"url\":\"https:\/\/provansadekor.rs\/\",\"logo\":{\"@type\":\"ImageObject\",\"inLanguage\":\"en-US\",\"@id\":\"https:\/\/provansadekor.rs\/#\/schema\/logo\/image\/\",\"url\":\"https:\/\/provansadekor.rs\/wp-content\/uploads\/2022\/03\/logo-provansa.jpg\",\"contentUrl\":\"https:\/\/provansadekor.rs\/wp-content\/uploads\/2022\/03\/logo-provansa.jpg\",\"width\":200,\"height\":200,\"caption\":\"Provansa Dekor Cve\u0107ara Beograd\"},\"image\":{\"@id\":\"https:\/\/provansadekor.rs\/#\/schema\/logo\/image\/\"},\"sameAs\":[\"https:\/\/www.facebook.com\/provansadekor\",\"https:\/\/www.instagram.com\/provansadekor\/\"]}]}<\/script>\n<!-- \/ Yoast SEO Premium plugin. -->","yoast_head_json":{"title":"Lavender blue M \u2013 Provence Decor","robots":{"index":"index","follow":"follow","max-snippet":"max-snippet:-1","max-image-preview":"max-image-preview:large","max-video-preview":"max-video-preview:-1"},"canonical":"https:\/\/provansadekor.rs\/en\/proizvod\/lavender-blue-m\/","og_locale":"en_US","og_type":"article","og_title":"Lavander blue M","og_description":"Vrsta Cveta Nijansa Broj Cvetova u Buketu Matiola ljubi\u010dasta 3 Hortenzija roza 1 Mini kala ljubi\u010dasta 3 Ru\u017ea roza 3 Aralia zelenilo 2 Hrizantema ciklama 2 Eukaliptus zelenilo 2 Delfinijum plava 3 Karanfil roze 3 Ukupno Cvetova u Buketu 22","og_url":"https:\/\/provansadekor.rs\/en\/proizvod\/lavender-blue-m\/","og_site_name":"Provansa Dekor","article_publisher":"https:\/\/www.facebook.com\/provansadekor","article_modified_time":"2026-03-14T11:35:54+00:00","og_image":[{"width":1024,"height":1024,"url":"https:\/\/provansadekor.rs\/wp-content\/uploads\/2024\/03\/lavander-blue-m.jpg","type":"image\/jpeg"}],"twitter_card":"summary_large_image","twitter_misc":{"Est. reading time":"1 minute"},"schema":{"@context":"https:\/\/schema.org","@graph":[{"@type":["WebPage","ItemPage"],"@id":"https:\/\/provansadekor.rs\/proizvod\/lavander-blue-m\/","url":"https:\/\/provansadekor.rs\/proizvod\/lavander-blue-m\/","name":"Lavender blue M \u2013 Provence Decor","isPartOf":{"@id":"https:\/\/provansadekor.rs\/#website"},"primaryImageOfPage":{"@id":"https:\/\/provansadekor.rs\/proizvod\/lavander-blue-m\/#primaryimage"},"image":{"@id":"https:\/\/provansadekor.rs\/proizvod\/lavander-blue-m\/#primaryimage"},"thumbnailUrl":"https:\/\/provansadekor.rs\/wp-content\/uploads\/2024\/03\/lavander-blue-m.jpg","datePublished":"2024-02-22T13:18:42+00:00","dateModified":"2026-03-14T11:35:54+00:00","breadcrumb":{"@id":"https:\/\/provansadekor.rs\/proizvod\/lavander-blue-m\/#breadcrumb"},"inLanguage":"en-US","potentialAction":[{"@type":"ReadAction","target":["https:\/\/provansadekor.rs\/proizvod\/lavander-blue-m\/"]}]},{"@type":"ImageObject","inLanguage":"en-US","@id":"https:\/\/provansadekor.rs\/proizvod\/lavander-blue-m\/#primaryimage","url":"https:\/\/provansadekor.rs\/wp-content\/uploads\/2024\/03\/lavander-blue-m.jpg","contentUrl":"https:\/\/provansadekor.rs\/wp-content\/uploads\/2024\/03\/lavander-blue-m.jpg","width":1024,"height":1024},{"@type":"BreadcrumbList","@id":"https:\/\/provansadekor.rs\/proizvod\/lavander-blue-m\/#breadcrumb","itemListElement":[{"@type":"ListItem","position":1,"name":"\u041f\u043e\u0447\u0435\u0442\u043d\u0430","item":"https:\/\/provansadekor.rs\/"},{"@type":"ListItem","position":2,"name":"\u041f\u0440\u043e\u0438\u0437\u0432\u043e\u0434\u0438","item":"https:\/\/provansadekor.rs\/shop\/"},{"@type":"ListItem","position":3,"name":"Lavander blue M"}]},{"@type":"WebSite","@id":"https:\/\/provansadekor.rs\/#website","url":"https:\/\/provansadekor.rs\/","name":"Provence Decor","description":"Flower delivery Belgrade - Event organization and decoration - Landscaping","publisher":{"@id":"https:\/\/provansadekor.rs\/#organization"},"potentialAction":[{"@type":"SearchAction","target":{"@type":"EntryPoint","urlTemplate":"https:\/\/provansadekor.rs\/?s={search_term_string}"},"query-input":{"@type":"PropertyValueSpecification","valueRequired":true,"valueName":"search_term_string"}}],"inLanguage":"en-US"},{"@type":"Organization","@id":"https:\/\/provansadekor.rs\/#organization","name":"Provence Decor Flower Shop Belgrade","url":"https:\/\/provansadekor.rs\/","logo":{"@type":"ImageObject","inLanguage":"en-US","@id":"https:\/\/provansadekor.rs\/#\/schema\/logo\/image\/","url":"https:\/\/provansadekor.rs\/wp-content\/uploads\/2022\/03\/logo-provansa.jpg","contentUrl":"https:\/\/provansadekor.rs\/wp-content\/uploads\/2022\/03\/logo-provansa.jpg","width":200,"height":200,"caption":"Provansa Dekor Cve\u0107ara Beograd"},"image":{"@id":"https:\/\/provansadekor.rs\/#\/schema\/logo\/image\/"},"sameAs":["https:\/\/www.facebook.com\/provansadekor","https:\/\/www.instagram.com\/provansadekor\/"]}]}},"_links":{"self":[{"href":"https:\/\/provansadekor.rs\/en\/wp-json\/wp\/v2\/product\/78416","targetHints":{"allow":["GET"]}}],"collection":[{"href":"https:\/\/provansadekor.rs\/en\/wp-json\/wp\/v2\/product"}],"about":[{"href":"https:\/\/provansadekor.rs\/en\/wp-json\/wp\/v2\/types\/product"}],"version-history":[{"count":1,"href":"https:\/\/provansadekor.rs\/en\/wp-json\/wp\/v2\/product\/78416\/revisions"}],"predecessor-version":[{"id":78417,"href":"https:\/\/provansadekor.rs\/en\/wp-json\/wp\/v2\/product\/78416\/revisions\/78417"}],"wp:featuredmedia":[{"embeddable":true,"href":"https:\/\/provansadekor.rs\/en\/wp-json\/wp\/v2\/media\/78670"}],"wp:attachment":[{"href":"https:\/\/provansadekor.rs\/en\/wp-json\/wp\/v2\/media?parent=78416"}],"wp:term":[{"taxonomy":"product_brand","embeddable":true,"href":"https:\/\/provansadekor.rs\/en\/wp-json\/wp\/v2\/product_brand?post=78416"},{"taxonomy":"product_cat","embeddable":true,"href":"https:\/\/provansadekor.rs\/en\/wp-json\/wp\/v2\/product_cat?post=78416"},{"taxonomy":"product_tag","embeddable":true,"href":"https:\/\/provansadekor.rs\/en\/wp-json\/wp\/v2\/product_tag?post=78416"}],"curies":[{"name":"wp","href":"https:\/\/api.w.org\/{rel}","templated":true}]}}