{"id":7599,"date":"2022-02-03T15:40:45","date_gmt":"2022-02-03T14:40:45","guid":{"rendered":"http:\/\/provansadekor.rs\/?post_type=product&#038;p=7599"},"modified":"2026-03-13T11:35:04","modified_gmt":"2026-03-13T10:35:04","slug":"aranzman-za-dan-zaljubljenih-05","status":"publish","type":"product","link":"https:\/\/provansadekor.rs\/en\/proizvod\/arrangement-for-the-day-of-lovers-05\/","title":{"rendered":"Fiery white rose heart"},"content":{"rendered":"<p>Types of flowers in<strong> arrangement: red rose.<\/strong><\/p>\n<p>Accompanying decoration:<strong> white box<\/strong> with gold heart-shaped bottom, black satin ribbon with logo.<\/p>\n<p>Pierce one&#039;s heart with Cupid&#039;s arrow, as they pierce this <strong>red roses<\/strong>, gently and decisively. The perfect birthday gift, anniversary gift, Valentine&#039;s Day or March 8th gift.<\/p>\n<h2 style=\"text-align: center;\">White heart of roses, flower delivery<\/h2>","protected":false},"excerpt":{"rendered":"<p>Vrste cve\u0107a u aran\u017emanu: crvena ru\u017ea. Prate\u0107a dekoracija: beli box sa zlatnim dnom u obliku srca, crna satenska traka sa logotipom. Ubodite ne\u010dije srce Amorovom strelom, kao \u0161to ovo probadaju crvene ru\u017ee, ne\u017eno i odlu\u010dno. Savr\u0161en poklon za rodjendan, poklon za godi\u0161njicu, poklon za dan zaljubljenih ili Osmi mart. Belo srce od ru\u017ea, dostava cve\u0107a<\/p>","protected":false},"featured_media":49240,"template":"","meta":[],"product_brand":[],"product_cat":[169],"product_tag":[],"class_list":{"0":"post-7599","1":"product","2":"type-product","3":"status-publish","4":"has-post-thumbnail","6":"product_cat-dan-zaljubljenih","8":"first","9":"instock","10":"featured","11":"shipping-taxable","12":"purchasable","13":"product-type-simple"},"yoast_head":"<!-- This site is optimized with the Yoast SEO Premium plugin v20.9 (Yoast SEO v26.5) - https:\/\/yoast.com\/wordpress\/plugins\/seo\/ -->\n<title>Vatreno belo srce od ru\u017ea &#8211; Provansa Dekor<\/title>\n<meta name=\"description\" content=\"Ubodite ne\u010dije srce Amorovom strelom, kao \u0161to ovo probadaju crvene ru\u017ee, ne\u017eno i odlu\u010dno. Savr\u0161en poklon za rodjendan, poklon za godi\u0161njicu, poklon za dan zaljubljenih ili Osmi mart.Belo srce od ru\u017ea, dostava cve\u0107a\" \/>\n<meta name=\"robots\" content=\"index, follow, max-snippet:-1, max-image-preview:large, max-video-preview:-1\" \/>\n<link rel=\"canonical\" href=\"https:\/\/provansadekor.rs\/en\/proizvod\/arrangement-for-the-day-of-lovers-05\/\" \/>\n<meta property=\"og:locale\" content=\"en_US\" \/>\n<meta property=\"og:type\" content=\"article\" \/>\n<meta property=\"og:title\" content=\"Vatreno belo srce od ru\u017ea\" \/>\n<meta property=\"og:description\" content=\"Ubodite ne\u010dije srce Amorovom strelom, kao \u0161to ovo probadaju crvene ru\u017ee, ne\u017eno i odlu\u010dno. Savr\u0161en poklon za rodjendan, poklon za godi\u0161njicu, poklon za dan zaljubljenih ili Osmi mart.Belo srce od ru\u017ea, dostava cve\u0107a\" \/>\n<meta property=\"og:url\" content=\"https:\/\/provansadekor.rs\/en\/proizvod\/arrangement-for-the-day-of-lovers-05\/\" \/>\n<meta property=\"og:site_name\" content=\"Provansa Dekor\" \/>\n<meta property=\"article:publisher\" content=\"https:\/\/www.facebook.com\/provansadekor\" \/>\n<meta property=\"article:modified_time\" content=\"2026-03-13T10:35:04+00:00\" \/>\n<meta property=\"og:image\" content=\"https:\/\/provansadekor.rs\/wp-content\/uploads\/2020\/02\/SAS-0337-scaled-1.jpg\" \/>\n\t<meta property=\"og:image:width\" content=\"1000\" \/>\n\t<meta property=\"og:image:height\" content=\"1000\" \/>\n\t<meta property=\"og:image:type\" content=\"image\/jpeg\" \/>\n<meta name=\"twitter:card\" content=\"summary_large_image\" \/>\n<meta name=\"twitter:label1\" content=\"Est. reading time\" \/>\n\t<meta name=\"twitter:data1\" content=\"1 minute\" \/>\n<script type=\"application\/ld+json\" class=\"yoast-schema-graph\">{\"@context\":\"https:\/\/schema.org\",\"@graph\":[{\"@type\":[\"WebPage\",\"ItemPage\"],\"@id\":\"https:\/\/provansadekor.rs\/proizvod\/aranzman-za-dan-zaljubljenih-05\/\",\"url\":\"https:\/\/provansadekor.rs\/proizvod\/aranzman-za-dan-zaljubljenih-05\/\",\"name\":\"Vatreno belo srce od ru\u017ea &#8211; Provansa Dekor\",\"isPartOf\":{\"@id\":\"https:\/\/provansadekor.rs\/#website\"},\"primaryImageOfPage\":{\"@id\":\"https:\/\/provansadekor.rs\/proizvod\/aranzman-za-dan-zaljubljenih-05\/#primaryimage\"},\"image\":{\"@id\":\"https:\/\/provansadekor.rs\/proizvod\/aranzman-za-dan-zaljubljenih-05\/#primaryimage\"},\"thumbnailUrl\":\"https:\/\/provansadekor.rs\/wp-content\/uploads\/2020\/02\/SAS-0337-scaled-1.jpg\",\"datePublished\":\"2022-02-03T14:40:45+00:00\",\"dateModified\":\"2026-03-13T10:35:04+00:00\",\"description\":\"Ubodite ne\u010dije srce Amorovom strelom, kao \u0161to ovo probadaju crvene ru\u017ee, ne\u017eno i odlu\u010dno. Savr\u0161en poklon za rodjendan, poklon za godi\u0161njicu, poklon za dan zaljubljenih ili Osmi mart.Belo srce od ru\u017ea, dostava cve\u0107a\",\"breadcrumb\":{\"@id\":\"https:\/\/provansadekor.rs\/proizvod\/aranzman-za-dan-zaljubljenih-05\/#breadcrumb\"},\"inLanguage\":\"en-US\",\"potentialAction\":[{\"@type\":\"ReadAction\",\"target\":[\"https:\/\/provansadekor.rs\/proizvod\/aranzman-za-dan-zaljubljenih-05\/\"]}]},{\"@type\":\"ImageObject\",\"inLanguage\":\"en-US\",\"@id\":\"https:\/\/provansadekor.rs\/proizvod\/aranzman-za-dan-zaljubljenih-05\/#primaryimage\",\"url\":\"https:\/\/provansadekor.rs\/wp-content\/uploads\/2020\/02\/SAS-0337-scaled-1.jpg\",\"contentUrl\":\"https:\/\/provansadekor.rs\/wp-content\/uploads\/2020\/02\/SAS-0337-scaled-1.jpg\",\"width\":1000,\"height\":1000},{\"@type\":\"BreadcrumbList\",\"@id\":\"https:\/\/provansadekor.rs\/proizvod\/aranzman-za-dan-zaljubljenih-05\/#breadcrumb\",\"itemListElement\":[{\"@type\":\"ListItem\",\"position\":1,\"name\":\"\u041f\u043e\u0447\u0435\u0442\u043d\u0430\",\"item\":\"https:\/\/provansadekor.rs\/\"},{\"@type\":\"ListItem\",\"position\":2,\"name\":\"\u041f\u0440\u043e\u0438\u0437\u0432\u043e\u0434\u0438\",\"item\":\"https:\/\/provansadekor.rs\/shop\/\"},{\"@type\":\"ListItem\",\"position\":3,\"name\":\"Vatreno belo srce od ru\u017ea\"}]},{\"@type\":\"WebSite\",\"@id\":\"https:\/\/provansadekor.rs\/#website\",\"url\":\"https:\/\/provansadekor.rs\/\",\"name\":\"Provansa Dekor\",\"description\":\"Dostava cve\u0107a Beograd - Organizacija i Dekoracija doga\u0111aja - Ure\u0111enje zelenih povr\u0161ina\",\"publisher\":{\"@id\":\"https:\/\/provansadekor.rs\/#organization\"},\"potentialAction\":[{\"@type\":\"SearchAction\",\"target\":{\"@type\":\"EntryPoint\",\"urlTemplate\":\"https:\/\/provansadekor.rs\/?s={search_term_string}\"},\"query-input\":{\"@type\":\"PropertyValueSpecification\",\"valueRequired\":true,\"valueName\":\"search_term_string\"}}],\"inLanguage\":\"en-US\"},{\"@type\":\"Organization\",\"@id\":\"https:\/\/provansadekor.rs\/#organization\",\"name\":\"Provansa Dekor Cve\u0107ara Beograd\",\"url\":\"https:\/\/provansadekor.rs\/\",\"logo\":{\"@type\":\"ImageObject\",\"inLanguage\":\"en-US\",\"@id\":\"https:\/\/provansadekor.rs\/#\/schema\/logo\/image\/\",\"url\":\"https:\/\/provansadekor.rs\/wp-content\/uploads\/2022\/03\/logo-provansa.jpg\",\"contentUrl\":\"https:\/\/provansadekor.rs\/wp-content\/uploads\/2022\/03\/logo-provansa.jpg\",\"width\":200,\"height\":200,\"caption\":\"Provansa Dekor Cve\u0107ara Beograd\"},\"image\":{\"@id\":\"https:\/\/provansadekor.rs\/#\/schema\/logo\/image\/\"},\"sameAs\":[\"https:\/\/www.facebook.com\/provansadekor\",\"https:\/\/www.instagram.com\/provansadekor\/\"]}]}<\/script>\n<!-- \/ Yoast SEO Premium plugin. -->","yoast_head_json":{"title":"Fiery white heart of roses - Provence Decor","description":"Pierce one&#039;s heart with Cupid&#039;s arrow, as red roses do, tenderly and decisively. Perfect birthday gift, anniversary gift, Valentine&#039;s Day gift or March 8th gift. White rose heart, flower delivery","robots":{"index":"index","follow":"follow","max-snippet":"max-snippet:-1","max-image-preview":"max-image-preview:large","max-video-preview":"max-video-preview:-1"},"canonical":"https:\/\/provansadekor.rs\/en\/proizvod\/arrangement-for-the-day-of-lovers-05\/","og_locale":"en_US","og_type":"article","og_title":"Vatreno belo srce od ru\u017ea","og_description":"Ubodite ne\u010dije srce Amorovom strelom, kao \u0161to ovo probadaju crvene ru\u017ee, ne\u017eno i odlu\u010dno. Savr\u0161en poklon za rodjendan, poklon za godi\u0161njicu, poklon za dan zaljubljenih ili Osmi mart.Belo srce od ru\u017ea, dostava cve\u0107a","og_url":"https:\/\/provansadekor.rs\/en\/proizvod\/arrangement-for-the-day-of-lovers-05\/","og_site_name":"Provansa Dekor","article_publisher":"https:\/\/www.facebook.com\/provansadekor","article_modified_time":"2026-03-13T10:35:04+00:00","og_image":[{"width":1000,"height":1000,"url":"https:\/\/provansadekor.rs\/wp-content\/uploads\/2020\/02\/SAS-0337-scaled-1.jpg","type":"image\/jpeg"}],"twitter_card":"summary_large_image","twitter_misc":{"Est. reading time":"1 minute"},"schema":{"@context":"https:\/\/schema.org","@graph":[{"@type":["WebPage","ItemPage"],"@id":"https:\/\/provansadekor.rs\/proizvod\/aranzman-za-dan-zaljubljenih-05\/","url":"https:\/\/provansadekor.rs\/proizvod\/aranzman-za-dan-zaljubljenih-05\/","name":"Fiery white heart of roses - Provence Decor","isPartOf":{"@id":"https:\/\/provansadekor.rs\/#website"},"primaryImageOfPage":{"@id":"https:\/\/provansadekor.rs\/proizvod\/aranzman-za-dan-zaljubljenih-05\/#primaryimage"},"image":{"@id":"https:\/\/provansadekor.rs\/proizvod\/aranzman-za-dan-zaljubljenih-05\/#primaryimage"},"thumbnailUrl":"https:\/\/provansadekor.rs\/wp-content\/uploads\/2020\/02\/SAS-0337-scaled-1.jpg","datePublished":"2022-02-03T14:40:45+00:00","dateModified":"2026-03-13T10:35:04+00:00","description":"Pierce one&#039;s heart with Cupid&#039;s arrow, as red roses do, tenderly and decisively. Perfect birthday gift, anniversary gift, Valentine&#039;s Day gift or March 8th gift. White rose heart, flower delivery","breadcrumb":{"@id":"https:\/\/provansadekor.rs\/proizvod\/aranzman-za-dan-zaljubljenih-05\/#breadcrumb"},"inLanguage":"en-US","potentialAction":[{"@type":"ReadAction","target":["https:\/\/provansadekor.rs\/proizvod\/aranzman-za-dan-zaljubljenih-05\/"]}]},{"@type":"ImageObject","inLanguage":"en-US","@id":"https:\/\/provansadekor.rs\/proizvod\/aranzman-za-dan-zaljubljenih-05\/#primaryimage","url":"https:\/\/provansadekor.rs\/wp-content\/uploads\/2020\/02\/SAS-0337-scaled-1.jpg","contentUrl":"https:\/\/provansadekor.rs\/wp-content\/uploads\/2020\/02\/SAS-0337-scaled-1.jpg","width":1000,"height":1000},{"@type":"BreadcrumbList","@id":"https:\/\/provansadekor.rs\/proizvod\/aranzman-za-dan-zaljubljenih-05\/#breadcrumb","itemListElement":[{"@type":"ListItem","position":1,"name":"\u041f\u043e\u0447\u0435\u0442\u043d\u0430","item":"https:\/\/provansadekor.rs\/"},{"@type":"ListItem","position":2,"name":"\u041f\u0440\u043e\u0438\u0437\u0432\u043e\u0434\u0438","item":"https:\/\/provansadekor.rs\/shop\/"},{"@type":"ListItem","position":3,"name":"Vatreno belo srce od ru\u017ea"}]},{"@type":"WebSite","@id":"https:\/\/provansadekor.rs\/#website","url":"https:\/\/provansadekor.rs\/","name":"Provence Decor","description":"Flower delivery Belgrade - Event organization and decoration - Landscaping","publisher":{"@id":"https:\/\/provansadekor.rs\/#organization"},"potentialAction":[{"@type":"SearchAction","target":{"@type":"EntryPoint","urlTemplate":"https:\/\/provansadekor.rs\/?s={search_term_string}"},"query-input":{"@type":"PropertyValueSpecification","valueRequired":true,"valueName":"search_term_string"}}],"inLanguage":"en-US"},{"@type":"Organization","@id":"https:\/\/provansadekor.rs\/#organization","name":"Provence Decor Flower Shop Belgrade","url":"https:\/\/provansadekor.rs\/","logo":{"@type":"ImageObject","inLanguage":"en-US","@id":"https:\/\/provansadekor.rs\/#\/schema\/logo\/image\/","url":"https:\/\/provansadekor.rs\/wp-content\/uploads\/2022\/03\/logo-provansa.jpg","contentUrl":"https:\/\/provansadekor.rs\/wp-content\/uploads\/2022\/03\/logo-provansa.jpg","width":200,"height":200,"caption":"Provansa Dekor Cve\u0107ara Beograd"},"image":{"@id":"https:\/\/provansadekor.rs\/#\/schema\/logo\/image\/"},"sameAs":["https:\/\/www.facebook.com\/provansadekor","https:\/\/www.instagram.com\/provansadekor\/"]}]}},"_links":{"self":[{"href":"https:\/\/provansadekor.rs\/en\/wp-json\/wp\/v2\/product\/7599","targetHints":{"allow":["GET"]}}],"collection":[{"href":"https:\/\/provansadekor.rs\/en\/wp-json\/wp\/v2\/product"}],"about":[{"href":"https:\/\/provansadekor.rs\/en\/wp-json\/wp\/v2\/types\/product"}],"version-history":[{"count":4,"href":"https:\/\/provansadekor.rs\/en\/wp-json\/wp\/v2\/product\/7599\/revisions"}],"predecessor-version":[{"id":67674,"href":"https:\/\/provansadekor.rs\/en\/wp-json\/wp\/v2\/product\/7599\/revisions\/67674"}],"wp:featuredmedia":[{"embeddable":true,"href":"https:\/\/provansadekor.rs\/en\/wp-json\/wp\/v2\/media\/49240"}],"wp:attachment":[{"href":"https:\/\/provansadekor.rs\/en\/wp-json\/wp\/v2\/media?parent=7599"}],"wp:term":[{"taxonomy":"product_brand","embeddable":true,"href":"https:\/\/provansadekor.rs\/en\/wp-json\/wp\/v2\/product_brand?post=7599"},{"taxonomy":"product_cat","embeddable":true,"href":"https:\/\/provansadekor.rs\/en\/wp-json\/wp\/v2\/product_cat?post=7599"},{"taxonomy":"product_tag","embeddable":true,"href":"https:\/\/provansadekor.rs\/en\/wp-json\/wp\/v2\/product_tag?post=7599"}],"curies":[{"name":"wp","href":"https:\/\/api.w.org\/{rel}","templated":true}]}}