{"id":7567,"date":"2022-02-03T14:47:34","date_gmt":"2022-02-03T13:47:34","guid":{"rendered":"http:\/\/provansadekor.rs\/?post_type=product&#038;p=7567"},"modified":"2026-03-14T12:53:21","modified_gmt":"2026-03-14T11:53:21","slug":"vecna-ruza-za-secanje-dugo","status":"publish","type":"product","link":"https:\/\/provansadekor.rs\/en\/proizvod\/eternal-rose-to-remember-for-long\/","title":{"rendered":"An eternal rose to remember for a long time"},"content":{"rendered":"<p><em>Type c<strong>larger in the arrangement<\/strong><\/em><strong>: dehydrated rose in purple<\/strong>.<\/p>\n<p><em>Accompanying decoration<\/em>: lilac satin ribbon, transparent decorative bell, raffia, dry decorative plants.<\/p>\n<p><strong>Eternal rose<\/strong> in the transparent bell is right<strong> a rose<\/strong> which goes through a certain procedure in order to extend its shelf life, can remain preserved in this way for up to 5 years.<\/p>\n<p>Surprise your loved one with this perfect gift!<\/p>\n<h2 style=\"text-align: center;\"><strong>Dehydrated rose in purple, <\/strong>Sale and delivery of flowers in Belgrade<\/h2>","protected":false},"excerpt":{"rendered":"<p>Vrsta cve\u0107a u aran\u017emanu: dehidrirana ru\u017ea u ljubi\u010dastoj boji. Prate\u0107a dekoracija: lila satenska traka, providno dekorativno zvono, rafija, suve dekorativne biljke. Ve\u010dna ru\u017ea u providnom zvonu je prava ru\u017ea koja prolazi kroz odre\u0111enu proceduru kako bi joj se produ\u017eio vek trajanja, mo\u017ee da ostane i do 5 godina ovako o\u010duvana. Iznenadite vama dragu osobu ovim [&hellip;]<\/p>","protected":false},"featured_media":64503,"template":"","meta":[],"product_brand":[],"product_cat":[175],"product_tag":[],"class_list":{"0":"post-7567","1":"product","2":"type-product","3":"status-publish","4":"has-post-thumbnail","6":"product_cat-vecna-ruza","8":"first","9":"outofstock","10":"shipping-taxable","11":"purchasable","12":"product-type-simple"},"yoast_head":"<!-- This site is optimized with the Yoast SEO Premium plugin v20.9 (Yoast SEO v26.5) - https:\/\/yoast.com\/wordpress\/plugins\/seo\/ -->\n<title>Ve\u010dna ru\u017ea za se\u0107anje dugo &#8211; Provansa Dekor<\/title>\n<meta name=\"description\" content=\"Ve\u010dna ru\u017ea u providnom zvonu je prava ru\u017ea koja prolazi kroz odre\u0111enu proceduru kako bi joj se produ\u017eio vek trajanja, mo\u017ee da ostane i do 5 godina ovako o\u010duvana.Iznenadite vama dragu osobu ovim savr\u0161enim poklonom!Dehidrirana ru\u017ea u ljubi\u010dastoj boji, Prodaja i dostava cve\u0107a u Beogradu\" \/>\n<meta name=\"robots\" content=\"index, follow, max-snippet:-1, max-image-preview:large, max-video-preview:-1\" \/>\n<link rel=\"canonical\" href=\"https:\/\/provansadekor.rs\/en\/proizvod\/eternal-rose-to-remember-for-long\/\" \/>\n<meta property=\"og:locale\" content=\"en_US\" \/>\n<meta property=\"og:type\" content=\"article\" \/>\n<meta property=\"og:title\" content=\"Ve\u010dna ru\u017ea za se\u0107anje dugo\" \/>\n<meta property=\"og:description\" content=\"Ve\u010dna ru\u017ea u providnom zvonu je prava ru\u017ea koja prolazi kroz odre\u0111enu proceduru kako bi joj se produ\u017eio vek trajanja, mo\u017ee da ostane i do 5 godina ovako o\u010duvana.Iznenadite vama dragu osobu ovim savr\u0161enim poklonom!Dehidrirana ru\u017ea u ljubi\u010dastoj boji, Prodaja i dostava cve\u0107a u Beogradu\" \/>\n<meta property=\"og:url\" content=\"https:\/\/provansadekor.rs\/en\/proizvod\/eternal-rose-to-remember-for-long\/\" \/>\n<meta property=\"og:site_name\" content=\"Provansa Dekor\" \/>\n<meta property=\"article:publisher\" content=\"https:\/\/www.facebook.com\/provansadekor\" \/>\n<meta property=\"article:modified_time\" content=\"2026-03-14T11:53:21+00:00\" \/>\n<meta property=\"og:image\" content=\"https:\/\/provansadekor.rs\/wp-content\/uploads\/2022\/08\/20.jpg\" \/>\n\t<meta property=\"og:image:width\" content=\"900\" \/>\n\t<meta property=\"og:image:height\" content=\"900\" \/>\n\t<meta property=\"og:image:type\" content=\"image\/jpeg\" \/>\n<meta name=\"twitter:card\" content=\"summary_large_image\" \/>\n<meta name=\"twitter:label1\" content=\"Est. reading time\" \/>\n\t<meta name=\"twitter:data1\" content=\"1 minute\" \/>\n<script type=\"application\/ld+json\" class=\"yoast-schema-graph\">{\"@context\":\"https:\/\/schema.org\",\"@graph\":[{\"@type\":[\"WebPage\",\"ItemPage\"],\"@id\":\"https:\/\/provansadekor.rs\/proizvod\/vecna-ruza-za-secanje-dugo\/\",\"url\":\"https:\/\/provansadekor.rs\/proizvod\/vecna-ruza-za-secanje-dugo\/\",\"name\":\"Ve\u010dna ru\u017ea za se\u0107anje dugo &#8211; Provansa Dekor\",\"isPartOf\":{\"@id\":\"https:\/\/provansadekor.rs\/#website\"},\"primaryImageOfPage\":{\"@id\":\"https:\/\/provansadekor.rs\/proizvod\/vecna-ruza-za-secanje-dugo\/#primaryimage\"},\"image\":{\"@id\":\"https:\/\/provansadekor.rs\/proizvod\/vecna-ruza-za-secanje-dugo\/#primaryimage\"},\"thumbnailUrl\":\"https:\/\/provansadekor.rs\/wp-content\/uploads\/2022\/08\/20.jpg\",\"datePublished\":\"2022-02-03T13:47:34+00:00\",\"dateModified\":\"2026-03-14T11:53:21+00:00\",\"description\":\"Ve\u010dna ru\u017ea u providnom zvonu je prava ru\u017ea koja prolazi kroz odre\u0111enu proceduru kako bi joj se produ\u017eio vek trajanja, mo\u017ee da ostane i do 5 godina ovako o\u010duvana.Iznenadite vama dragu osobu ovim savr\u0161enim poklonom!Dehidrirana ru\u017ea u ljubi\u010dastoj boji, Prodaja i dostava cve\u0107a u Beogradu\",\"breadcrumb\":{\"@id\":\"https:\/\/provansadekor.rs\/proizvod\/vecna-ruza-za-secanje-dugo\/#breadcrumb\"},\"inLanguage\":\"en-US\",\"potentialAction\":[{\"@type\":\"ReadAction\",\"target\":[\"https:\/\/provansadekor.rs\/proizvod\/vecna-ruza-za-secanje-dugo\/\"]}]},{\"@type\":\"ImageObject\",\"inLanguage\":\"en-US\",\"@id\":\"https:\/\/provansadekor.rs\/proizvod\/vecna-ruza-za-secanje-dugo\/#primaryimage\",\"url\":\"https:\/\/provansadekor.rs\/wp-content\/uploads\/2022\/08\/20.jpg\",\"contentUrl\":\"https:\/\/provansadekor.rs\/wp-content\/uploads\/2022\/08\/20.jpg\",\"width\":900,\"height\":900},{\"@type\":\"BreadcrumbList\",\"@id\":\"https:\/\/provansadekor.rs\/proizvod\/vecna-ruza-za-secanje-dugo\/#breadcrumb\",\"itemListElement\":[{\"@type\":\"ListItem\",\"position\":1,\"name\":\"\u041f\u043e\u0447\u0435\u0442\u043d\u0430\",\"item\":\"https:\/\/provansadekor.rs\/\"},{\"@type\":\"ListItem\",\"position\":2,\"name\":\"\u041f\u0440\u043e\u0438\u0437\u0432\u043e\u0434\u0438\",\"item\":\"https:\/\/provansadekor.rs\/shop\/\"},{\"@type\":\"ListItem\",\"position\":3,\"name\":\"Ve\u010dna ru\u017ea za se\u0107anje dugo\"}]},{\"@type\":\"WebSite\",\"@id\":\"https:\/\/provansadekor.rs\/#website\",\"url\":\"https:\/\/provansadekor.rs\/\",\"name\":\"Provansa Dekor\",\"description\":\"Dostava cve\u0107a Beograd - Organizacija i Dekoracija doga\u0111aja - Ure\u0111enje zelenih povr\u0161ina\",\"publisher\":{\"@id\":\"https:\/\/provansadekor.rs\/#organization\"},\"potentialAction\":[{\"@type\":\"SearchAction\",\"target\":{\"@type\":\"EntryPoint\",\"urlTemplate\":\"https:\/\/provansadekor.rs\/?s={search_term_string}\"},\"query-input\":{\"@type\":\"PropertyValueSpecification\",\"valueRequired\":true,\"valueName\":\"search_term_string\"}}],\"inLanguage\":\"en-US\"},{\"@type\":\"Organization\",\"@id\":\"https:\/\/provansadekor.rs\/#organization\",\"name\":\"Provansa Dekor Cve\u0107ara Beograd\",\"url\":\"https:\/\/provansadekor.rs\/\",\"logo\":{\"@type\":\"ImageObject\",\"inLanguage\":\"en-US\",\"@id\":\"https:\/\/provansadekor.rs\/#\/schema\/logo\/image\/\",\"url\":\"https:\/\/provansadekor.rs\/wp-content\/uploads\/2022\/03\/logo-provansa.jpg\",\"contentUrl\":\"https:\/\/provansadekor.rs\/wp-content\/uploads\/2022\/03\/logo-provansa.jpg\",\"width\":200,\"height\":200,\"caption\":\"Provansa Dekor Cve\u0107ara Beograd\"},\"image\":{\"@id\":\"https:\/\/provansadekor.rs\/#\/schema\/logo\/image\/\"},\"sameAs\":[\"https:\/\/www.facebook.com\/provansadekor\",\"https:\/\/www.instagram.com\/provansadekor\/\"]}]}<\/script>\n<!-- \/ Yoast SEO Premium plugin. -->","yoast_head_json":{"title":"Eternal rose for a long memory - Provence Decor","description":"The eternal rose in a transparent bell is a real rose that goes through a certain procedure in order to extend its life, it can remain preserved for up to 5 years. Surprise your loved one with this perfect gift! Dehydrated rose in purple color, Sale and delivery of flowers in Belgrade","robots":{"index":"index","follow":"follow","max-snippet":"max-snippet:-1","max-image-preview":"max-image-preview:large","max-video-preview":"max-video-preview:-1"},"canonical":"https:\/\/provansadekor.rs\/en\/proizvod\/eternal-rose-to-remember-for-long\/","og_locale":"en_US","og_type":"article","og_title":"Ve\u010dna ru\u017ea za se\u0107anje dugo","og_description":"Ve\u010dna ru\u017ea u providnom zvonu je prava ru\u017ea koja prolazi kroz odre\u0111enu proceduru kako bi joj se produ\u017eio vek trajanja, mo\u017ee da ostane i do 5 godina ovako o\u010duvana.Iznenadite vama dragu osobu ovim savr\u0161enim poklonom!Dehidrirana ru\u017ea u ljubi\u010dastoj boji, Prodaja i dostava cve\u0107a u Beogradu","og_url":"https:\/\/provansadekor.rs\/en\/proizvod\/eternal-rose-to-remember-for-long\/","og_site_name":"Provansa Dekor","article_publisher":"https:\/\/www.facebook.com\/provansadekor","article_modified_time":"2026-03-14T11:53:21+00:00","og_image":[{"width":900,"height":900,"url":"https:\/\/provansadekor.rs\/wp-content\/uploads\/2022\/08\/20.jpg","type":"image\/jpeg"}],"twitter_card":"summary_large_image","twitter_misc":{"Est. reading time":"1 minute"},"schema":{"@context":"https:\/\/schema.org","@graph":[{"@type":["WebPage","ItemPage"],"@id":"https:\/\/provansadekor.rs\/proizvod\/vecna-ruza-za-secanje-dugo\/","url":"https:\/\/provansadekor.rs\/proizvod\/vecna-ruza-za-secanje-dugo\/","name":"Eternal rose for a long memory - Provence Decor","isPartOf":{"@id":"https:\/\/provansadekor.rs\/#website"},"primaryImageOfPage":{"@id":"https:\/\/provansadekor.rs\/proizvod\/vecna-ruza-za-secanje-dugo\/#primaryimage"},"image":{"@id":"https:\/\/provansadekor.rs\/proizvod\/vecna-ruza-za-secanje-dugo\/#primaryimage"},"thumbnailUrl":"https:\/\/provansadekor.rs\/wp-content\/uploads\/2022\/08\/20.jpg","datePublished":"2022-02-03T13:47:34+00:00","dateModified":"2026-03-14T11:53:21+00:00","description":"The eternal rose in a transparent bell is a real rose that goes through a certain procedure in order to extend its life, it can remain preserved for up to 5 years. Surprise your loved one with this perfect gift! Dehydrated rose in purple color, Sale and delivery of flowers in Belgrade","breadcrumb":{"@id":"https:\/\/provansadekor.rs\/proizvod\/vecna-ruza-za-secanje-dugo\/#breadcrumb"},"inLanguage":"en-US","potentialAction":[{"@type":"ReadAction","target":["https:\/\/provansadekor.rs\/proizvod\/vecna-ruza-za-secanje-dugo\/"]}]},{"@type":"ImageObject","inLanguage":"en-US","@id":"https:\/\/provansadekor.rs\/proizvod\/vecna-ruza-za-secanje-dugo\/#primaryimage","url":"https:\/\/provansadekor.rs\/wp-content\/uploads\/2022\/08\/20.jpg","contentUrl":"https:\/\/provansadekor.rs\/wp-content\/uploads\/2022\/08\/20.jpg","width":900,"height":900},{"@type":"BreadcrumbList","@id":"https:\/\/provansadekor.rs\/proizvod\/vecna-ruza-za-secanje-dugo\/#breadcrumb","itemListElement":[{"@type":"ListItem","position":1,"name":"\u041f\u043e\u0447\u0435\u0442\u043d\u0430","item":"https:\/\/provansadekor.rs\/"},{"@type":"ListItem","position":2,"name":"\u041f\u0440\u043e\u0438\u0437\u0432\u043e\u0434\u0438","item":"https:\/\/provansadekor.rs\/shop\/"},{"@type":"ListItem","position":3,"name":"Ve\u010dna ru\u017ea za se\u0107anje dugo"}]},{"@type":"WebSite","@id":"https:\/\/provansadekor.rs\/#website","url":"https:\/\/provansadekor.rs\/","name":"Provence Decor","description":"Flower delivery Belgrade - Event organization and decoration - Landscaping","publisher":{"@id":"https:\/\/provansadekor.rs\/#organization"},"potentialAction":[{"@type":"SearchAction","target":{"@type":"EntryPoint","urlTemplate":"https:\/\/provansadekor.rs\/?s={search_term_string}"},"query-input":{"@type":"PropertyValueSpecification","valueRequired":true,"valueName":"search_term_string"}}],"inLanguage":"en-US"},{"@type":"Organization","@id":"https:\/\/provansadekor.rs\/#organization","name":"Provence Decor Flower Shop Belgrade","url":"https:\/\/provansadekor.rs\/","logo":{"@type":"ImageObject","inLanguage":"en-US","@id":"https:\/\/provansadekor.rs\/#\/schema\/logo\/image\/","url":"https:\/\/provansadekor.rs\/wp-content\/uploads\/2022\/03\/logo-provansa.jpg","contentUrl":"https:\/\/provansadekor.rs\/wp-content\/uploads\/2022\/03\/logo-provansa.jpg","width":200,"height":200,"caption":"Provansa Dekor Cve\u0107ara Beograd"},"image":{"@id":"https:\/\/provansadekor.rs\/#\/schema\/logo\/image\/"},"sameAs":["https:\/\/www.facebook.com\/provansadekor","https:\/\/www.instagram.com\/provansadekor\/"]}]}},"_links":{"self":[{"href":"https:\/\/provansadekor.rs\/en\/wp-json\/wp\/v2\/product\/7567","targetHints":{"allow":["GET"]}}],"collection":[{"href":"https:\/\/provansadekor.rs\/en\/wp-json\/wp\/v2\/product"}],"about":[{"href":"https:\/\/provansadekor.rs\/en\/wp-json\/wp\/v2\/types\/product"}],"version-history":[{"count":5,"href":"https:\/\/provansadekor.rs\/en\/wp-json\/wp\/v2\/product\/7567\/revisions"}],"predecessor-version":[{"id":67623,"href":"https:\/\/provansadekor.rs\/en\/wp-json\/wp\/v2\/product\/7567\/revisions\/67623"}],"wp:featuredmedia":[{"embeddable":true,"href":"https:\/\/provansadekor.rs\/en\/wp-json\/wp\/v2\/media\/64503"}],"wp:attachment":[{"href":"https:\/\/provansadekor.rs\/en\/wp-json\/wp\/v2\/media?parent=7567"}],"wp:term":[{"taxonomy":"product_brand","embeddable":true,"href":"https:\/\/provansadekor.rs\/en\/wp-json\/wp\/v2\/product_brand?post=7567"},{"taxonomy":"product_cat","embeddable":true,"href":"https:\/\/provansadekor.rs\/en\/wp-json\/wp\/v2\/product_cat?post=7567"},{"taxonomy":"product_tag","embeddable":true,"href":"https:\/\/provansadekor.rs\/en\/wp-json\/wp\/v2\/product_tag?post=7567"}],"curies":[{"name":"wp","href":"https:\/\/api.w.org\/{rel}","templated":true}]}}