{"id":7564,"date":"2020-02-03T13:25:42","date_gmt":"2020-02-03T12:25:42","guid":{"rendered":"http:\/\/provansadekor.rs\/?post_type=product&#038;p=7564"},"modified":"2026-03-08T16:28:35","modified_gmt":"2026-03-08T15:28:35","slug":"graciozni-buket-ruza","status":"publish","type":"product","link":"https:\/\/provansadekor.rs\/en\/proizvod\/graceful-bouquet-rose\/","title":{"rendered":"A graceful bouquet of roses"},"content":{"rendered":"<p><strong><em>The type of flowers in the bouquet<\/em>: red roses.<\/strong><\/p>\n<p><em>Accompanying <strong>decoration<\/strong><\/em><strong>:<\/strong> beige eva foam, bow made of mesh burgundy ribbon.<\/p>\n<p>Fresh<strong> red roses<\/strong> wrapped in an eva foam bouquet with a net bow. Express your love in the right way and cherish it so that it lasts as long as possible. We are here for you 24\/7 with <strong>online store<\/strong> with fast and safe delivery.<\/p>\n<h2 style=\"text-align: center;\"><strong>Red Roses - Delivery C<em>larger<\/em><\/strong><\/h2>","protected":false},"excerpt":{"rendered":"<p>Vrsta cve\u0107a u buketu: crvene ru\u017ee. Prate\u0107a dekoracija: be\u017e eva pena, ma\u0161na od mre\u017easte bordo trake. Sve\u017ee crvene ru\u017ee upakovane u buket od eva pene sa mre\u017eastom ma\u0161nom. Iska\u017eite svoju ljubav na pravi na\u010din i negujte je da bi \u0161to du\u017ee trajala. Tu smo za vas 24\/7 sa online prodavnicom uz brzu i sigurnu dostavu. [&hellip;]<\/p>","protected":false},"featured_media":68324,"template":"","meta":[],"product_brand":[327,325],"product_cat":[320,169,115],"product_tag":[318],"class_list":{"0":"post-7564","1":"product","2":"type-product","3":"status-publish","4":"has-post-thumbnail","6":"product_brand-do5","7":"product_brand-slavska-kolekcija-2025","8":"product_cat-8-mart","9":"product_cat-dan-zaljubljenih","10":"product_cat-buketi-cveca","11":"product_tag-crvene-ruze","13":"first","14":"instock","15":"featured","16":"shipping-taxable","17":"purchasable","18":"product-type-simple"},"yoast_head":"<!-- This site is optimized with the Yoast SEO Premium plugin v20.9 (Yoast SEO v26.5) - https:\/\/yoast.com\/wordpress\/plugins\/seo\/ -->\n<title>Graciozni buket ru\u017ea &#8211; Provansa Dekor<\/title>\n<meta name=\"description\" content=\"Sve\u017ee crvene ru\u017ee upakovane u buket od eva pene sa mre\u017eastom ma\u0161nom. Iska\u017eite svoju ljubav na pravi na\u010din i negujte je da bi \u0161to du\u017ee trajala.\" \/>\n<meta name=\"robots\" content=\"index, follow, max-snippet:-1, max-image-preview:large, max-video-preview:-1\" \/>\n<link rel=\"canonical\" href=\"https:\/\/provansadekor.rs\/en\/proizvod\/graceful-bouquet-rose\/\" \/>\n<meta property=\"og:locale\" content=\"en_US\" \/>\n<meta property=\"og:type\" content=\"article\" \/>\n<meta property=\"og:title\" content=\"Graciozni buket ru\u017ea\" \/>\n<meta property=\"og:description\" content=\"Sve\u017ee crvene ru\u017ee upakovane u buket od eva pene sa mre\u017eastom ma\u0161nom. Iska\u017eite svoju ljubav na pravi na\u010din i negujte je da bi \u0161to du\u017ee trajala.\" \/>\n<meta property=\"og:url\" content=\"https:\/\/provansadekor.rs\/en\/proizvod\/graceful-bouquet-rose\/\" \/>\n<meta property=\"og:site_name\" content=\"Provansa Dekor\" \/>\n<meta property=\"article:publisher\" content=\"https:\/\/www.facebook.com\/provansadekor\" \/>\n<meta property=\"article:modified_time\" content=\"2026-03-08T15:28:35+00:00\" \/>\n<meta property=\"og:image\" content=\"https:\/\/provansadekor.rs\/wp-content\/uploads\/2022\/10\/1-9.jpg\" \/>\n\t<meta property=\"og:image:width\" content=\"900\" \/>\n\t<meta property=\"og:image:height\" content=\"900\" \/>\n\t<meta property=\"og:image:type\" content=\"image\/jpeg\" \/>\n<meta name=\"twitter:card\" content=\"summary_large_image\" \/>\n<meta name=\"twitter:label1\" content=\"Est. reading time\" \/>\n\t<meta name=\"twitter:data1\" content=\"1 minute\" \/>\n<script type=\"application\/ld+json\" class=\"yoast-schema-graph\">{\"@context\":\"https:\/\/schema.org\",\"@graph\":[{\"@type\":[\"WebPage\",\"ItemPage\"],\"@id\":\"https:\/\/provansadekor.rs\/proizvod\/graciozni-buket-ruza\/\",\"url\":\"https:\/\/provansadekor.rs\/proizvod\/graciozni-buket-ruza\/\",\"name\":\"Graciozni buket ru\u017ea &#8211; Provansa Dekor\",\"isPartOf\":{\"@id\":\"https:\/\/provansadekor.rs\/#website\"},\"primaryImageOfPage\":{\"@id\":\"https:\/\/provansadekor.rs\/proizvod\/graciozni-buket-ruza\/#primaryimage\"},\"image\":{\"@id\":\"https:\/\/provansadekor.rs\/proizvod\/graciozni-buket-ruza\/#primaryimage\"},\"thumbnailUrl\":\"https:\/\/provansadekor.rs\/wp-content\/uploads\/2022\/10\/1-9.jpg\",\"datePublished\":\"2020-02-03T12:25:42+00:00\",\"dateModified\":\"2026-03-08T15:28:35+00:00\",\"description\":\"Sve\u017ee crvene ru\u017ee upakovane u buket od eva pene sa mre\u017eastom ma\u0161nom. Iska\u017eite svoju ljubav na pravi na\u010din i negujte je da bi \u0161to du\u017ee trajala.\",\"breadcrumb\":{\"@id\":\"https:\/\/provansadekor.rs\/proizvod\/graciozni-buket-ruza\/#breadcrumb\"},\"inLanguage\":\"en-US\",\"potentialAction\":[{\"@type\":\"ReadAction\",\"target\":[\"https:\/\/provansadekor.rs\/proizvod\/graciozni-buket-ruza\/\"]}]},{\"@type\":\"ImageObject\",\"inLanguage\":\"en-US\",\"@id\":\"https:\/\/provansadekor.rs\/proizvod\/graciozni-buket-ruza\/#primaryimage\",\"url\":\"https:\/\/provansadekor.rs\/wp-content\/uploads\/2022\/10\/1-9.jpg\",\"contentUrl\":\"https:\/\/provansadekor.rs\/wp-content\/uploads\/2022\/10\/1-9.jpg\",\"width\":900,\"height\":900},{\"@type\":\"BreadcrumbList\",\"@id\":\"https:\/\/provansadekor.rs\/proizvod\/graciozni-buket-ruza\/#breadcrumb\",\"itemListElement\":[{\"@type\":\"ListItem\",\"position\":1,\"name\":\"\u041f\u043e\u0447\u0435\u0442\u043d\u0430\",\"item\":\"https:\/\/provansadekor.rs\/\"},{\"@type\":\"ListItem\",\"position\":2,\"name\":\"\u041f\u0440\u043e\u0438\u0437\u0432\u043e\u0434\u0438\",\"item\":\"https:\/\/provansadekor.rs\/shop\/\"},{\"@type\":\"ListItem\",\"position\":3,\"name\":\"Graciozni buket ru\u017ea\"}]},{\"@type\":\"WebSite\",\"@id\":\"https:\/\/provansadekor.rs\/#website\",\"url\":\"https:\/\/provansadekor.rs\/\",\"name\":\"Provansa Dekor\",\"description\":\"Dostava cve\u0107a Beograd - Organizacija i Dekoracija doga\u0111aja - Ure\u0111enje zelenih povr\u0161ina\",\"publisher\":{\"@id\":\"https:\/\/provansadekor.rs\/#organization\"},\"potentialAction\":[{\"@type\":\"SearchAction\",\"target\":{\"@type\":\"EntryPoint\",\"urlTemplate\":\"https:\/\/provansadekor.rs\/?s={search_term_string}\"},\"query-input\":{\"@type\":\"PropertyValueSpecification\",\"valueRequired\":true,\"valueName\":\"search_term_string\"}}],\"inLanguage\":\"en-US\"},{\"@type\":\"Organization\",\"@id\":\"https:\/\/provansadekor.rs\/#organization\",\"name\":\"Provansa Dekor Cve\u0107ara Beograd\",\"url\":\"https:\/\/provansadekor.rs\/\",\"logo\":{\"@type\":\"ImageObject\",\"inLanguage\":\"en-US\",\"@id\":\"https:\/\/provansadekor.rs\/#\/schema\/logo\/image\/\",\"url\":\"https:\/\/provansadekor.rs\/wp-content\/uploads\/2022\/03\/logo-provansa.jpg\",\"contentUrl\":\"https:\/\/provansadekor.rs\/wp-content\/uploads\/2022\/03\/logo-provansa.jpg\",\"width\":200,\"height\":200,\"caption\":\"Provansa Dekor Cve\u0107ara Beograd\"},\"image\":{\"@id\":\"https:\/\/provansadekor.rs\/#\/schema\/logo\/image\/\"},\"sameAs\":[\"https:\/\/www.facebook.com\/provansadekor\",\"https:\/\/www.instagram.com\/provansadekor\/\"]}]}<\/script>\n<!-- \/ Yoast SEO Premium plugin. -->","yoast_head_json":{"title":"Graceful bouquet of roses \u2013 Provence Decor","description":"Fresh red roses wrapped in an eva foam bouquet with a mesh bow. Express your love in the right way and cherish it so that it lasts as long as possible.","robots":{"index":"index","follow":"follow","max-snippet":"max-snippet:-1","max-image-preview":"max-image-preview:large","max-video-preview":"max-video-preview:-1"},"canonical":"https:\/\/provansadekor.rs\/en\/proizvod\/graceful-bouquet-rose\/","og_locale":"en_US","og_type":"article","og_title":"Graciozni buket ru\u017ea","og_description":"Sve\u017ee crvene ru\u017ee upakovane u buket od eva pene sa mre\u017eastom ma\u0161nom. Iska\u017eite svoju ljubav na pravi na\u010din i negujte je da bi \u0161to du\u017ee trajala.","og_url":"https:\/\/provansadekor.rs\/en\/proizvod\/graceful-bouquet-rose\/","og_site_name":"Provansa Dekor","article_publisher":"https:\/\/www.facebook.com\/provansadekor","article_modified_time":"2026-03-08T15:28:35+00:00","og_image":[{"width":900,"height":900,"url":"https:\/\/provansadekor.rs\/wp-content\/uploads\/2022\/10\/1-9.jpg","type":"image\/jpeg"}],"twitter_card":"summary_large_image","twitter_misc":{"Est. reading time":"1 minute"},"schema":{"@context":"https:\/\/schema.org","@graph":[{"@type":["WebPage","ItemPage"],"@id":"https:\/\/provansadekor.rs\/proizvod\/graciozni-buket-ruza\/","url":"https:\/\/provansadekor.rs\/proizvod\/graciozni-buket-ruza\/","name":"Graceful bouquet of roses \u2013 Provence Decor","isPartOf":{"@id":"https:\/\/provansadekor.rs\/#website"},"primaryImageOfPage":{"@id":"https:\/\/provansadekor.rs\/proizvod\/graciozni-buket-ruza\/#primaryimage"},"image":{"@id":"https:\/\/provansadekor.rs\/proizvod\/graciozni-buket-ruza\/#primaryimage"},"thumbnailUrl":"https:\/\/provansadekor.rs\/wp-content\/uploads\/2022\/10\/1-9.jpg","datePublished":"2020-02-03T12:25:42+00:00","dateModified":"2026-03-08T15:28:35+00:00","description":"Fresh red roses wrapped in an eva foam bouquet with a mesh bow. Express your love in the right way and cherish it so that it lasts as long as possible.","breadcrumb":{"@id":"https:\/\/provansadekor.rs\/proizvod\/graciozni-buket-ruza\/#breadcrumb"},"inLanguage":"en-US","potentialAction":[{"@type":"ReadAction","target":["https:\/\/provansadekor.rs\/proizvod\/graciozni-buket-ruza\/"]}]},{"@type":"ImageObject","inLanguage":"en-US","@id":"https:\/\/provansadekor.rs\/proizvod\/graciozni-buket-ruza\/#primaryimage","url":"https:\/\/provansadekor.rs\/wp-content\/uploads\/2022\/10\/1-9.jpg","contentUrl":"https:\/\/provansadekor.rs\/wp-content\/uploads\/2022\/10\/1-9.jpg","width":900,"height":900},{"@type":"BreadcrumbList","@id":"https:\/\/provansadekor.rs\/proizvod\/graciozni-buket-ruza\/#breadcrumb","itemListElement":[{"@type":"ListItem","position":1,"name":"\u041f\u043e\u0447\u0435\u0442\u043d\u0430","item":"https:\/\/provansadekor.rs\/"},{"@type":"ListItem","position":2,"name":"\u041f\u0440\u043e\u0438\u0437\u0432\u043e\u0434\u0438","item":"https:\/\/provansadekor.rs\/shop\/"},{"@type":"ListItem","position":3,"name":"Graciozni buket ru\u017ea"}]},{"@type":"WebSite","@id":"https:\/\/provansadekor.rs\/#website","url":"https:\/\/provansadekor.rs\/","name":"Provence Decor","description":"Flower delivery Belgrade - Event organization and decoration - Landscaping","publisher":{"@id":"https:\/\/provansadekor.rs\/#organization"},"potentialAction":[{"@type":"SearchAction","target":{"@type":"EntryPoint","urlTemplate":"https:\/\/provansadekor.rs\/?s={search_term_string}"},"query-input":{"@type":"PropertyValueSpecification","valueRequired":true,"valueName":"search_term_string"}}],"inLanguage":"en-US"},{"@type":"Organization","@id":"https:\/\/provansadekor.rs\/#organization","name":"Provence Decor Flower Shop Belgrade","url":"https:\/\/provansadekor.rs\/","logo":{"@type":"ImageObject","inLanguage":"en-US","@id":"https:\/\/provansadekor.rs\/#\/schema\/logo\/image\/","url":"https:\/\/provansadekor.rs\/wp-content\/uploads\/2022\/03\/logo-provansa.jpg","contentUrl":"https:\/\/provansadekor.rs\/wp-content\/uploads\/2022\/03\/logo-provansa.jpg","width":200,"height":200,"caption":"Provansa Dekor Cve\u0107ara Beograd"},"image":{"@id":"https:\/\/provansadekor.rs\/#\/schema\/logo\/image\/"},"sameAs":["https:\/\/www.facebook.com\/provansadekor","https:\/\/www.instagram.com\/provansadekor\/"]}]}},"_links":{"self":[{"href":"https:\/\/provansadekor.rs\/en\/wp-json\/wp\/v2\/product\/7564","targetHints":{"allow":["GET"]}}],"collection":[{"href":"https:\/\/provansadekor.rs\/en\/wp-json\/wp\/v2\/product"}],"about":[{"href":"https:\/\/provansadekor.rs\/en\/wp-json\/wp\/v2\/types\/product"}],"version-history":[{"count":7,"href":"https:\/\/provansadekor.rs\/en\/wp-json\/wp\/v2\/product\/7564\/revisions"}],"predecessor-version":[{"id":68328,"href":"https:\/\/provansadekor.rs\/en\/wp-json\/wp\/v2\/product\/7564\/revisions\/68328"}],"wp:featuredmedia":[{"embeddable":true,"href":"https:\/\/provansadekor.rs\/en\/wp-json\/wp\/v2\/media\/68324"}],"wp:attachment":[{"href":"https:\/\/provansadekor.rs\/en\/wp-json\/wp\/v2\/media?parent=7564"}],"wp:term":[{"taxonomy":"product_brand","embeddable":true,"href":"https:\/\/provansadekor.rs\/en\/wp-json\/wp\/v2\/product_brand?post=7564"},{"taxonomy":"product_cat","embeddable":true,"href":"https:\/\/provansadekor.rs\/en\/wp-json\/wp\/v2\/product_cat?post=7564"},{"taxonomy":"product_tag","embeddable":true,"href":"https:\/\/provansadekor.rs\/en\/wp-json\/wp\/v2\/product_tag?post=7564"}],"curies":[{"name":"wp","href":"https:\/\/api.w.org\/{rel}","templated":true}]}}