{"id":7327,"date":"2022-02-07T09:12:32","date_gmt":"2022-02-07T08:12:32","guid":{"rendered":"http:\/\/provansadekor.rs\/?post_type=product&#038;p=7327"},"modified":"2026-03-13T11:34:20","modified_gmt":"2026-03-13T10:34:20","slug":"meda-od-plisanih-kuglica-02","status":"publish","type":"product","link":"https:\/\/provansadekor.rs\/en\/proizvod\/honey-from-fluffed-balls-02\/","title":{"rendered":"Vanilla pawpaw"},"content":{"rendered":"<p><strong>Rose honey<\/strong> vanilla color, melts in appearance but strengthens emotions.<\/p>\n<p>Decorated with two bows of striped gray and white ribbon and pink satin ribbon, it is ready to be an original gift for Valentine&#039;s Day, for a birthday, coming of age, anniversary gift or simply a surprise gift.<\/p>\n<p>&nbsp;<\/p>","protected":false},"excerpt":{"rendered":"<p>Honey made from vanilla-colored roses melts in appearance but strengthens emotions. Decorated with two bows of striped gray and white ribbon and pink satin ribbon, it is ready to be an original gift for Valentine&#039;s Day, for a birthday, coming of age, anniversary gift or simply a surprise gift. &nbsp;<\/p>","protected":false},"featured_media":47346,"template":"","meta":[],"product_brand":[],"product_cat":[176],"product_tag":[],"class_list":{"0":"post-7327","1":"product","2":"type-product","3":"status-publish","4":"has-post-thumbnail","6":"product_cat-meda-od-cveca","8":"first","9":"instock","10":"shipping-taxable","11":"purchasable","12":"product-type-simple"},"yoast_head":"<!-- This site is optimized with the Yoast SEO Premium plugin v20.9 (Yoast SEO v26.5) - https:\/\/yoast.com\/wordpress\/plugins\/seo\/ -->\n<title>Vanila \u0161apa &#8211; Provansa Dekor<\/title>\n<meta name=\"description\" content=\"Meda od ru\u017eica boje vanile, izgledom topi ali emocije ja\u010da.Oki\u0107en dvema ma\u0161nama od prugaste sivo-bele trake i roze satenske trake spreman\" \/>\n<meta name=\"robots\" content=\"index, follow, max-snippet:-1, max-image-preview:large, max-video-preview:-1\" \/>\n<link rel=\"canonical\" href=\"https:\/\/provansadekor.rs\/en\/proizvod\/honey-from-fluffed-balls-02\/\" \/>\n<meta property=\"og:locale\" content=\"en_US\" \/>\n<meta property=\"og:type\" content=\"article\" \/>\n<meta property=\"og:title\" content=\"Vanila \u0161apa\" \/>\n<meta property=\"og:description\" content=\"Meda od ru\u017eica boje vanile, izgledom topi ali emocije ja\u010da.Oki\u0107en dvema ma\u0161nama od prugaste sivo-bele trake i roze satenske trake spreman\" \/>\n<meta property=\"og:url\" content=\"https:\/\/provansadekor.rs\/en\/proizvod\/honey-from-fluffed-balls-02\/\" \/>\n<meta property=\"og:site_name\" content=\"Provansa Dekor\" \/>\n<meta property=\"article:publisher\" content=\"https:\/\/www.facebook.com\/provansadekor\" \/>\n<meta property=\"article:modified_time\" content=\"2026-03-13T10:34:20+00:00\" \/>\n<meta property=\"og:image\" content=\"https:\/\/provansadekor.rs\/wp-content\/uploads\/2020\/01\/Meda-od-ruzica-12-1-1.jpg\" \/>\n\t<meta property=\"og:image:width\" content=\"506\" \/>\n\t<meta property=\"og:image:height\" content=\"900\" \/>\n\t<meta property=\"og:image:type\" content=\"image\/jpeg\" \/>\n<meta name=\"twitter:card\" content=\"summary_large_image\" \/>\n<meta name=\"twitter:label1\" content=\"Est. reading time\" \/>\n\t<meta name=\"twitter:data1\" content=\"1 minute\" \/>\n<script type=\"application\/ld+json\" class=\"yoast-schema-graph\">{\"@context\":\"https:\/\/schema.org\",\"@graph\":[{\"@type\":[\"WebPage\",\"ItemPage\"],\"@id\":\"https:\/\/provansadekor.rs\/proizvod\/meda-od-plisanih-kuglica-02\/\",\"url\":\"https:\/\/provansadekor.rs\/proizvod\/meda-od-plisanih-kuglica-02\/\",\"name\":\"Vanila \u0161apa &#8211; Provansa Dekor\",\"isPartOf\":{\"@id\":\"https:\/\/provansadekor.rs\/#website\"},\"primaryImageOfPage\":{\"@id\":\"https:\/\/provansadekor.rs\/proizvod\/meda-od-plisanih-kuglica-02\/#primaryimage\"},\"image\":{\"@id\":\"https:\/\/provansadekor.rs\/proizvod\/meda-od-plisanih-kuglica-02\/#primaryimage\"},\"thumbnailUrl\":\"https:\/\/provansadekor.rs\/wp-content\/uploads\/2020\/01\/Meda-od-ruzica-12-1-1.jpg\",\"datePublished\":\"2022-02-07T08:12:32+00:00\",\"dateModified\":\"2026-03-13T10:34:20+00:00\",\"description\":\"Meda od ru\u017eica boje vanile, izgledom topi ali emocije ja\u010da.Oki\u0107en dvema ma\u0161nama od prugaste sivo-bele trake i roze satenske trake spreman\",\"breadcrumb\":{\"@id\":\"https:\/\/provansadekor.rs\/proizvod\/meda-od-plisanih-kuglica-02\/#breadcrumb\"},\"inLanguage\":\"en-US\",\"potentialAction\":[{\"@type\":\"ReadAction\",\"target\":[\"https:\/\/provansadekor.rs\/proizvod\/meda-od-plisanih-kuglica-02\/\"]}]},{\"@type\":\"ImageObject\",\"inLanguage\":\"en-US\",\"@id\":\"https:\/\/provansadekor.rs\/proizvod\/meda-od-plisanih-kuglica-02\/#primaryimage\",\"url\":\"https:\/\/provansadekor.rs\/wp-content\/uploads\/2020\/01\/Meda-od-ruzica-12-1-1.jpg\",\"contentUrl\":\"https:\/\/provansadekor.rs\/wp-content\/uploads\/2020\/01\/Meda-od-ruzica-12-1-1.jpg\",\"width\":506,\"height\":900},{\"@type\":\"BreadcrumbList\",\"@id\":\"https:\/\/provansadekor.rs\/proizvod\/meda-od-plisanih-kuglica-02\/#breadcrumb\",\"itemListElement\":[{\"@type\":\"ListItem\",\"position\":1,\"name\":\"\u041f\u043e\u0447\u0435\u0442\u043d\u0430\",\"item\":\"https:\/\/provansadekor.rs\/\"},{\"@type\":\"ListItem\",\"position\":2,\"name\":\"\u041f\u0440\u043e\u0438\u0437\u0432\u043e\u0434\u0438\",\"item\":\"https:\/\/provansadekor.rs\/shop\/\"},{\"@type\":\"ListItem\",\"position\":3,\"name\":\"Vanila \u0161apa\"}]},{\"@type\":\"WebSite\",\"@id\":\"https:\/\/provansadekor.rs\/#website\",\"url\":\"https:\/\/provansadekor.rs\/\",\"name\":\"Provansa Dekor\",\"description\":\"Dostava cve\u0107a Beograd - Organizacija i Dekoracija doga\u0111aja - Ure\u0111enje zelenih povr\u0161ina\",\"publisher\":{\"@id\":\"https:\/\/provansadekor.rs\/#organization\"},\"potentialAction\":[{\"@type\":\"SearchAction\",\"target\":{\"@type\":\"EntryPoint\",\"urlTemplate\":\"https:\/\/provansadekor.rs\/?s={search_term_string}\"},\"query-input\":{\"@type\":\"PropertyValueSpecification\",\"valueRequired\":true,\"valueName\":\"search_term_string\"}}],\"inLanguage\":\"en-US\"},{\"@type\":\"Organization\",\"@id\":\"https:\/\/provansadekor.rs\/#organization\",\"name\":\"Provansa Dekor Cve\u0107ara Beograd\",\"url\":\"https:\/\/provansadekor.rs\/\",\"logo\":{\"@type\":\"ImageObject\",\"inLanguage\":\"en-US\",\"@id\":\"https:\/\/provansadekor.rs\/#\/schema\/logo\/image\/\",\"url\":\"https:\/\/provansadekor.rs\/wp-content\/uploads\/2022\/03\/logo-provansa.jpg\",\"contentUrl\":\"https:\/\/provansadekor.rs\/wp-content\/uploads\/2022\/03\/logo-provansa.jpg\",\"width\":200,\"height\":200,\"caption\":\"Provansa Dekor Cve\u0107ara Beograd\"},\"image\":{\"@id\":\"https:\/\/provansadekor.rs\/#\/schema\/logo\/image\/\"},\"sameAs\":[\"https:\/\/www.facebook.com\/provansadekor\",\"https:\/\/www.instagram.com\/provansadekor\/\"]}]}<\/script>\n<!-- \/ Yoast SEO Premium plugin. -->","yoast_head_json":{"title":"Vanilla paw \u2013 Provence Decor","description":"Honey made from vanilla-colored roses, melts in appearance but emotions are stronger. Decorated with two bows made of striped gray-white ribbon and pink satin ribbon, ready","robots":{"index":"index","follow":"follow","max-snippet":"max-snippet:-1","max-image-preview":"max-image-preview:large","max-video-preview":"max-video-preview:-1"},"canonical":"https:\/\/provansadekor.rs\/en\/proizvod\/honey-from-fluffed-balls-02\/","og_locale":"en_US","og_type":"article","og_title":"Vanila \u0161apa","og_description":"Meda od ru\u017eica boje vanile, izgledom topi ali emocije ja\u010da.Oki\u0107en dvema ma\u0161nama od prugaste sivo-bele trake i roze satenske trake spreman","og_url":"https:\/\/provansadekor.rs\/en\/proizvod\/honey-from-fluffed-balls-02\/","og_site_name":"Provansa Dekor","article_publisher":"https:\/\/www.facebook.com\/provansadekor","article_modified_time":"2026-03-13T10:34:20+00:00","og_image":[{"width":506,"height":900,"url":"https:\/\/provansadekor.rs\/wp-content\/uploads\/2020\/01\/Meda-od-ruzica-12-1-1.jpg","type":"image\/jpeg"}],"twitter_card":"summary_large_image","twitter_misc":{"Est. reading time":"1 minute"},"schema":{"@context":"https:\/\/schema.org","@graph":[{"@type":["WebPage","ItemPage"],"@id":"https:\/\/provansadekor.rs\/proizvod\/meda-od-plisanih-kuglica-02\/","url":"https:\/\/provansadekor.rs\/proizvod\/meda-od-plisanih-kuglica-02\/","name":"Vanilla paw \u2013 Provence Decor","isPartOf":{"@id":"https:\/\/provansadekor.rs\/#website"},"primaryImageOfPage":{"@id":"https:\/\/provansadekor.rs\/proizvod\/meda-od-plisanih-kuglica-02\/#primaryimage"},"image":{"@id":"https:\/\/provansadekor.rs\/proizvod\/meda-od-plisanih-kuglica-02\/#primaryimage"},"thumbnailUrl":"https:\/\/provansadekor.rs\/wp-content\/uploads\/2020\/01\/Meda-od-ruzica-12-1-1.jpg","datePublished":"2022-02-07T08:12:32+00:00","dateModified":"2026-03-13T10:34:20+00:00","description":"Honey made from vanilla-colored roses, melts in appearance but emotions are stronger. Decorated with two bows made of striped gray-white ribbon and pink satin ribbon, ready","breadcrumb":{"@id":"https:\/\/provansadekor.rs\/proizvod\/meda-od-plisanih-kuglica-02\/#breadcrumb"},"inLanguage":"en-US","potentialAction":[{"@type":"ReadAction","target":["https:\/\/provansadekor.rs\/proizvod\/meda-od-plisanih-kuglica-02\/"]}]},{"@type":"ImageObject","inLanguage":"en-US","@id":"https:\/\/provansadekor.rs\/proizvod\/meda-od-plisanih-kuglica-02\/#primaryimage","url":"https:\/\/provansadekor.rs\/wp-content\/uploads\/2020\/01\/Meda-od-ruzica-12-1-1.jpg","contentUrl":"https:\/\/provansadekor.rs\/wp-content\/uploads\/2020\/01\/Meda-od-ruzica-12-1-1.jpg","width":506,"height":900},{"@type":"BreadcrumbList","@id":"https:\/\/provansadekor.rs\/proizvod\/meda-od-plisanih-kuglica-02\/#breadcrumb","itemListElement":[{"@type":"ListItem","position":1,"name":"\u041f\u043e\u0447\u0435\u0442\u043d\u0430","item":"https:\/\/provansadekor.rs\/"},{"@type":"ListItem","position":2,"name":"\u041f\u0440\u043e\u0438\u0437\u0432\u043e\u0434\u0438","item":"https:\/\/provansadekor.rs\/shop\/"},{"@type":"ListItem","position":3,"name":"Vanila \u0161apa"}]},{"@type":"WebSite","@id":"https:\/\/provansadekor.rs\/#website","url":"https:\/\/provansadekor.rs\/","name":"Provence Decor","description":"Flower delivery Belgrade - Event organization and decoration - Landscaping","publisher":{"@id":"https:\/\/provansadekor.rs\/#organization"},"potentialAction":[{"@type":"SearchAction","target":{"@type":"EntryPoint","urlTemplate":"https:\/\/provansadekor.rs\/?s={search_term_string}"},"query-input":{"@type":"PropertyValueSpecification","valueRequired":true,"valueName":"search_term_string"}}],"inLanguage":"en-US"},{"@type":"Organization","@id":"https:\/\/provansadekor.rs\/#organization","name":"Provence Decor Flower Shop Belgrade","url":"https:\/\/provansadekor.rs\/","logo":{"@type":"ImageObject","inLanguage":"en-US","@id":"https:\/\/provansadekor.rs\/#\/schema\/logo\/image\/","url":"https:\/\/provansadekor.rs\/wp-content\/uploads\/2022\/03\/logo-provansa.jpg","contentUrl":"https:\/\/provansadekor.rs\/wp-content\/uploads\/2022\/03\/logo-provansa.jpg","width":200,"height":200,"caption":"Provansa Dekor Cve\u0107ara Beograd"},"image":{"@id":"https:\/\/provansadekor.rs\/#\/schema\/logo\/image\/"},"sameAs":["https:\/\/www.facebook.com\/provansadekor","https:\/\/www.instagram.com\/provansadekor\/"]}]}},"_links":{"self":[{"href":"https:\/\/provansadekor.rs\/en\/wp-json\/wp\/v2\/product\/7327","targetHints":{"allow":["GET"]}}],"collection":[{"href":"https:\/\/provansadekor.rs\/en\/wp-json\/wp\/v2\/product"}],"about":[{"href":"https:\/\/provansadekor.rs\/en\/wp-json\/wp\/v2\/types\/product"}],"version-history":[{"count":5,"href":"https:\/\/provansadekor.rs\/en\/wp-json\/wp\/v2\/product\/7327\/revisions"}],"predecessor-version":[{"id":67566,"href":"https:\/\/provansadekor.rs\/en\/wp-json\/wp\/v2\/product\/7327\/revisions\/67566"}],"wp:featuredmedia":[{"embeddable":true,"href":"https:\/\/provansadekor.rs\/en\/wp-json\/wp\/v2\/media\/47346"}],"wp:attachment":[{"href":"https:\/\/provansadekor.rs\/en\/wp-json\/wp\/v2\/media?parent=7327"}],"wp:term":[{"taxonomy":"product_brand","embeddable":true,"href":"https:\/\/provansadekor.rs\/en\/wp-json\/wp\/v2\/product_brand?post=7327"},{"taxonomy":"product_cat","embeddable":true,"href":"https:\/\/provansadekor.rs\/en\/wp-json\/wp\/v2\/product_cat?post=7327"},{"taxonomy":"product_tag","embeddable":true,"href":"https:\/\/provansadekor.rs\/en\/wp-json\/wp\/v2\/product_tag?post=7327"}],"curies":[{"name":"wp","href":"https:\/\/api.w.org\/{rel}","templated":true}]}}