{"id":69779,"date":"2022-11-11T14:14:02","date_gmt":"2022-11-11T13:14:02","guid":{"rendered":"https:\/\/provansadekor.rs\/?post_type=product&#038;p=69779"},"modified":"2026-03-14T12:55:34","modified_gmt":"2026-03-14T11:55:34","slug":"rodjenje-deteta-04","status":"publish","type":"product","link":"https:\/\/provansadekor.rs\/en\/proizvod\/birth-child-04\/","title":{"rendered":"Smiling flower monkey for babies"},"content":{"rendered":"<p>Types of flowers in the arrangement: white rose, white lizijnatus, apricot carnation, pampas.<\/p>\n<p>Accompanying decoration: a handmade box representing a monkey, a bow made of yellow satin ribbon.<\/p>\n<p>The birth of a child is an opportunity to let your imagination run wild and sink into the most creative ideas. This flower arrangement will express the spirit of childhood and playfulness through its interesting outlines and wonderful combination of flowers.<\/p>\n<p>Order online with fast and secure delivery.<\/p>","protected":false},"excerpt":{"rendered":"<p>Types of flowers in the arrangement: white rose, white lizijnatus, apricot carnation, pampas. Accompanying decoration: a handmade box representing a monkey, a bow made of yellow satin ribbon. The birth of a child is an opportunity to let your imagination run wild and sink into the most creative ideas. This flower arrangement will express the spirit of childhood and playfulness through its interesting outlines and a wonderful combination [...]<\/p>","protected":false},"featured_media":69753,"template":"","meta":[],"product_brand":[],"product_cat":[163],"product_tag":[],"class_list":{"0":"post-69779","1":"product","2":"type-product","3":"status-publish","4":"has-post-thumbnail","6":"product_cat-poklon-za-bebe","8":"first","9":"outofstock","10":"shipping-taxable","11":"purchasable","12":"product-type-simple"},"yoast_head":"<!-- This site is optimized with the Yoast SEO Premium plugin v20.9 (Yoast SEO v26.5) - https:\/\/yoast.com\/wordpress\/plugins\/seo\/ -->\n<title>Nasmejano cvetno majmun\u010de za bebe &#8211; Provansa Dekor<\/title>\n<meta name=\"robots\" content=\"index, follow, max-snippet:-1, max-image-preview:large, max-video-preview:-1\" \/>\n<link rel=\"canonical\" href=\"https:\/\/provansadekor.rs\/en\/proizvod\/birth-child-04\/\" \/>\n<meta property=\"og:locale\" content=\"en_US\" \/>\n<meta property=\"og:type\" content=\"article\" \/>\n<meta property=\"og:title\" content=\"Nasmejano cvetno majmun\u010de za bebe\" \/>\n<meta property=\"og:description\" content=\"Vrste cve\u0107a u aran\u017emanu: bela ru\u017ea, beli lizijnatus, kajsija karanfil, pampas. Prate\u0107a dekoracija: ru\u010dno radjena kutija koja reprezentuje majmun\u010de, ma\u0161na od \u017eute satenske trake. Rodjenje deteta je prilika da pustite ma\u0161ti na volju i utonete u najkreativnije ideje. Ovaj cvetni aran\u017eman \u0107e upravo izraziti duh detinjstva i razigranosti kroz svoje interesantne obrise i predivnu kombinaciju [&hellip;]\" \/>\n<meta property=\"og:url\" content=\"https:\/\/provansadekor.rs\/en\/proizvod\/birth-child-04\/\" \/>\n<meta property=\"og:site_name\" content=\"Provansa Dekor\" \/>\n<meta property=\"article:publisher\" content=\"https:\/\/www.facebook.com\/provansadekor\" \/>\n<meta property=\"article:modified_time\" content=\"2026-03-14T11:55:34+00:00\" \/>\n<meta property=\"og:image\" content=\"https:\/\/provansadekor.rs\/wp-content\/uploads\/2022\/11\/4-6.jpg\" \/>\n\t<meta property=\"og:image:width\" content=\"900\" \/>\n\t<meta property=\"og:image:height\" content=\"900\" \/>\n\t<meta property=\"og:image:type\" content=\"image\/jpeg\" \/>\n<meta name=\"twitter:card\" content=\"summary_large_image\" \/>\n<meta name=\"twitter:label1\" content=\"Est. reading time\" \/>\n\t<meta name=\"twitter:data1\" content=\"1 minute\" \/>\n<script type=\"application\/ld+json\" class=\"yoast-schema-graph\">{\"@context\":\"https:\/\/schema.org\",\"@graph\":[{\"@type\":[\"WebPage\",\"ItemPage\"],\"@id\":\"https:\/\/provansadekor.rs\/proizvod\/rodjenje-deteta-04\/\",\"url\":\"https:\/\/provansadekor.rs\/proizvod\/rodjenje-deteta-04\/\",\"name\":\"Nasmejano cvetno majmun\u010de za bebe &#8211; Provansa Dekor\",\"isPartOf\":{\"@id\":\"https:\/\/provansadekor.rs\/#website\"},\"primaryImageOfPage\":{\"@id\":\"https:\/\/provansadekor.rs\/proizvod\/rodjenje-deteta-04\/#primaryimage\"},\"image\":{\"@id\":\"https:\/\/provansadekor.rs\/proizvod\/rodjenje-deteta-04\/#primaryimage\"},\"thumbnailUrl\":\"https:\/\/provansadekor.rs\/wp-content\/uploads\/2022\/11\/4-6.jpg\",\"datePublished\":\"2022-11-11T13:14:02+00:00\",\"dateModified\":\"2026-03-14T11:55:34+00:00\",\"breadcrumb\":{\"@id\":\"https:\/\/provansadekor.rs\/proizvod\/rodjenje-deteta-04\/#breadcrumb\"},\"inLanguage\":\"en-US\",\"potentialAction\":[{\"@type\":\"ReadAction\",\"target\":[\"https:\/\/provansadekor.rs\/proizvod\/rodjenje-deteta-04\/\"]}]},{\"@type\":\"ImageObject\",\"inLanguage\":\"en-US\",\"@id\":\"https:\/\/provansadekor.rs\/proizvod\/rodjenje-deteta-04\/#primaryimage\",\"url\":\"https:\/\/provansadekor.rs\/wp-content\/uploads\/2022\/11\/4-6.jpg\",\"contentUrl\":\"https:\/\/provansadekor.rs\/wp-content\/uploads\/2022\/11\/4-6.jpg\",\"width\":900,\"height\":900},{\"@type\":\"BreadcrumbList\",\"@id\":\"https:\/\/provansadekor.rs\/proizvod\/rodjenje-deteta-04\/#breadcrumb\",\"itemListElement\":[{\"@type\":\"ListItem\",\"position\":1,\"name\":\"\u041f\u043e\u0447\u0435\u0442\u043d\u0430\",\"item\":\"https:\/\/provansadekor.rs\/\"},{\"@type\":\"ListItem\",\"position\":2,\"name\":\"\u041f\u0440\u043e\u0438\u0437\u0432\u043e\u0434\u0438\",\"item\":\"https:\/\/provansadekor.rs\/shop\/\"},{\"@type\":\"ListItem\",\"position\":3,\"name\":\"Nasmejano cvetno majmun\u010de za bebe\"}]},{\"@type\":\"WebSite\",\"@id\":\"https:\/\/provansadekor.rs\/#website\",\"url\":\"https:\/\/provansadekor.rs\/\",\"name\":\"Provansa Dekor\",\"description\":\"Dostava cve\u0107a Beograd - Organizacija i Dekoracija doga\u0111aja - Ure\u0111enje zelenih povr\u0161ina\",\"publisher\":{\"@id\":\"https:\/\/provansadekor.rs\/#organization\"},\"potentialAction\":[{\"@type\":\"SearchAction\",\"target\":{\"@type\":\"EntryPoint\",\"urlTemplate\":\"https:\/\/provansadekor.rs\/?s={search_term_string}\"},\"query-input\":{\"@type\":\"PropertyValueSpecification\",\"valueRequired\":true,\"valueName\":\"search_term_string\"}}],\"inLanguage\":\"en-US\"},{\"@type\":\"Organization\",\"@id\":\"https:\/\/provansadekor.rs\/#organization\",\"name\":\"Provansa Dekor Cve\u0107ara Beograd\",\"url\":\"https:\/\/provansadekor.rs\/\",\"logo\":{\"@type\":\"ImageObject\",\"inLanguage\":\"en-US\",\"@id\":\"https:\/\/provansadekor.rs\/#\/schema\/logo\/image\/\",\"url\":\"https:\/\/provansadekor.rs\/wp-content\/uploads\/2022\/03\/logo-provansa.jpg\",\"contentUrl\":\"https:\/\/provansadekor.rs\/wp-content\/uploads\/2022\/03\/logo-provansa.jpg\",\"width\":200,\"height\":200,\"caption\":\"Provansa Dekor Cve\u0107ara Beograd\"},\"image\":{\"@id\":\"https:\/\/provansadekor.rs\/#\/schema\/logo\/image\/\"},\"sameAs\":[\"https:\/\/www.facebook.com\/provansadekor\",\"https:\/\/www.instagram.com\/provansadekor\/\"]}]}<\/script>\n<!-- \/ Yoast SEO Premium plugin. -->","yoast_head_json":{"title":"Smiling flower monkey for babies - Provence Decor","robots":{"index":"index","follow":"follow","max-snippet":"max-snippet:-1","max-image-preview":"max-image-preview:large","max-video-preview":"max-video-preview:-1"},"canonical":"https:\/\/provansadekor.rs\/en\/proizvod\/birth-child-04\/","og_locale":"en_US","og_type":"article","og_title":"Nasmejano cvetno majmun\u010de za bebe","og_description":"Vrste cve\u0107a u aran\u017emanu: bela ru\u017ea, beli lizijnatus, kajsija karanfil, pampas. Prate\u0107a dekoracija: ru\u010dno radjena kutija koja reprezentuje majmun\u010de, ma\u0161na od \u017eute satenske trake. Rodjenje deteta je prilika da pustite ma\u0161ti na volju i utonete u najkreativnije ideje. Ovaj cvetni aran\u017eman \u0107e upravo izraziti duh detinjstva i razigranosti kroz svoje interesantne obrise i predivnu kombinaciju [&hellip;]","og_url":"https:\/\/provansadekor.rs\/en\/proizvod\/birth-child-04\/","og_site_name":"Provansa Dekor","article_publisher":"https:\/\/www.facebook.com\/provansadekor","article_modified_time":"2026-03-14T11:55:34+00:00","og_image":[{"width":900,"height":900,"url":"https:\/\/provansadekor.rs\/wp-content\/uploads\/2022\/11\/4-6.jpg","type":"image\/jpeg"}],"twitter_card":"summary_large_image","twitter_misc":{"Est. reading time":"1 minute"},"schema":{"@context":"https:\/\/schema.org","@graph":[{"@type":["WebPage","ItemPage"],"@id":"https:\/\/provansadekor.rs\/proizvod\/rodjenje-deteta-04\/","url":"https:\/\/provansadekor.rs\/proizvod\/rodjenje-deteta-04\/","name":"Smiling flower monkey for babies - Provence Decor","isPartOf":{"@id":"https:\/\/provansadekor.rs\/#website"},"primaryImageOfPage":{"@id":"https:\/\/provansadekor.rs\/proizvod\/rodjenje-deteta-04\/#primaryimage"},"image":{"@id":"https:\/\/provansadekor.rs\/proizvod\/rodjenje-deteta-04\/#primaryimage"},"thumbnailUrl":"https:\/\/provansadekor.rs\/wp-content\/uploads\/2022\/11\/4-6.jpg","datePublished":"2022-11-11T13:14:02+00:00","dateModified":"2026-03-14T11:55:34+00:00","breadcrumb":{"@id":"https:\/\/provansadekor.rs\/proizvod\/rodjenje-deteta-04\/#breadcrumb"},"inLanguage":"en-US","potentialAction":[{"@type":"ReadAction","target":["https:\/\/provansadekor.rs\/proizvod\/rodjenje-deteta-04\/"]}]},{"@type":"ImageObject","inLanguage":"en-US","@id":"https:\/\/provansadekor.rs\/proizvod\/rodjenje-deteta-04\/#primaryimage","url":"https:\/\/provansadekor.rs\/wp-content\/uploads\/2022\/11\/4-6.jpg","contentUrl":"https:\/\/provansadekor.rs\/wp-content\/uploads\/2022\/11\/4-6.jpg","width":900,"height":900},{"@type":"BreadcrumbList","@id":"https:\/\/provansadekor.rs\/proizvod\/rodjenje-deteta-04\/#breadcrumb","itemListElement":[{"@type":"ListItem","position":1,"name":"\u041f\u043e\u0447\u0435\u0442\u043d\u0430","item":"https:\/\/provansadekor.rs\/"},{"@type":"ListItem","position":2,"name":"\u041f\u0440\u043e\u0438\u0437\u0432\u043e\u0434\u0438","item":"https:\/\/provansadekor.rs\/shop\/"},{"@type":"ListItem","position":3,"name":"Nasmejano cvetno majmun\u010de za bebe"}]},{"@type":"WebSite","@id":"https:\/\/provansadekor.rs\/#website","url":"https:\/\/provansadekor.rs\/","name":"Provence Decor","description":"Flower delivery Belgrade - Event organization and decoration - Landscaping","publisher":{"@id":"https:\/\/provansadekor.rs\/#organization"},"potentialAction":[{"@type":"SearchAction","target":{"@type":"EntryPoint","urlTemplate":"https:\/\/provansadekor.rs\/?s={search_term_string}"},"query-input":{"@type":"PropertyValueSpecification","valueRequired":true,"valueName":"search_term_string"}}],"inLanguage":"en-US"},{"@type":"Organization","@id":"https:\/\/provansadekor.rs\/#organization","name":"Provence Decor Flower Shop Belgrade","url":"https:\/\/provansadekor.rs\/","logo":{"@type":"ImageObject","inLanguage":"en-US","@id":"https:\/\/provansadekor.rs\/#\/schema\/logo\/image\/","url":"https:\/\/provansadekor.rs\/wp-content\/uploads\/2022\/03\/logo-provansa.jpg","contentUrl":"https:\/\/provansadekor.rs\/wp-content\/uploads\/2022\/03\/logo-provansa.jpg","width":200,"height":200,"caption":"Provansa Dekor Cve\u0107ara Beograd"},"image":{"@id":"https:\/\/provansadekor.rs\/#\/schema\/logo\/image\/"},"sameAs":["https:\/\/www.facebook.com\/provansadekor","https:\/\/www.instagram.com\/provansadekor\/"]}]}},"_links":{"self":[{"href":"https:\/\/provansadekor.rs\/en\/wp-json\/wp\/v2\/product\/69779","targetHints":{"allow":["GET"]}}],"collection":[{"href":"https:\/\/provansadekor.rs\/en\/wp-json\/wp\/v2\/product"}],"about":[{"href":"https:\/\/provansadekor.rs\/en\/wp-json\/wp\/v2\/types\/product"}],"version-history":[{"count":3,"href":"https:\/\/provansadekor.rs\/en\/wp-json\/wp\/v2\/product\/69779\/revisions"}],"predecessor-version":[{"id":69884,"href":"https:\/\/provansadekor.rs\/en\/wp-json\/wp\/v2\/product\/69779\/revisions\/69884"}],"wp:featuredmedia":[{"embeddable":true,"href":"https:\/\/provansadekor.rs\/en\/wp-json\/wp\/v2\/media\/69753"}],"wp:attachment":[{"href":"https:\/\/provansadekor.rs\/en\/wp-json\/wp\/v2\/media?parent=69779"}],"wp:term":[{"taxonomy":"product_brand","embeddable":true,"href":"https:\/\/provansadekor.rs\/en\/wp-json\/wp\/v2\/product_brand?post=69779"},{"taxonomy":"product_cat","embeddable":true,"href":"https:\/\/provansadekor.rs\/en\/wp-json\/wp\/v2\/product_cat?post=69779"},{"taxonomy":"product_tag","embeddable":true,"href":"https:\/\/provansadekor.rs\/en\/wp-json\/wp\/v2\/product_tag?post=69779"}],"curies":[{"name":"wp","href":"https:\/\/api.w.org\/{rel}","templated":true}]}}