{"id":69773,"date":"2022-11-11T14:10:34","date_gmt":"2022-11-11T13:10:34","guid":{"rendered":"https:\/\/provansadekor.rs\/?post_type=product&#038;p=69773"},"modified":"2026-03-13T11:33:17","modified_gmt":"2026-03-13T10:33:17","slug":"rodjenje-deteta-01","status":"publish","type":"product","link":"https:\/\/provansadekor.rs\/en\/proizvod\/birth-child-01\/","title":{"rendered":"Roze obla\u010di\u0107"},"content":{"rendered":"<p>Types of flowers in the arrangement: pink rose, mini pink and white carnation, white chrysanthemum, pink limonium, eucalyptus.<\/p>\n<p>Prate\u0107a dekoracija: ru\u010dno radjena drvena kutija , ma\u0161na od roze satenske trake.<\/p>\n<p>Interesantan cvetni aran\u017eman, prelep je i odgovaraju\u0107i poklon za rodjenje deteta. To je period \u017eivota savr\u0161eno oslikan na ovaj na\u010din- mek, zabavan, kreativan i mirisan.<\/p>","protected":false},"excerpt":{"rendered":"<p>Vrste cve\u0107a u aran\u017emanu: roze ru\u017ea, mini roze i beli karanfil, bela hrizantema, roze limonium, eukaliptus. Prate\u0107a dekoracija: ru\u010dno radjena drvena kutija , ma\u0161na od roze satenske trake. Interesantan cvetni aran\u017eman, prelep je i odgovaraju\u0107i poklon za rodjenje deteta. To je period \u017eivota savr\u0161eno oslikan na ovaj na\u010din- mek, zabavan, kreativan i mirisan.<\/p>","protected":false},"featured_media":84366,"template":"","meta":[],"product_brand":[],"product_cat":[163,116],"product_tag":[],"class_list":{"0":"post-69773","1":"product","2":"type-product","3":"status-publish","4":"has-post-thumbnail","6":"product_cat-poklon-za-bebe","7":"product_cat-cvetni-aranzmani","9":"first","10":"instock","11":"shipping-taxable","12":"purchasable","13":"product-type-simple"},"yoast_head":"<!-- This site is optimized with the Yoast SEO Premium plugin v20.9 (Yoast SEO v26.5) - https:\/\/yoast.com\/wordpress\/plugins\/seo\/ -->\n<title>Roze obla\u010di\u0107 &#8211; Provansa Dekor<\/title>\n<meta name=\"robots\" content=\"index, follow, max-snippet:-1, max-image-preview:large, max-video-preview:-1\" \/>\n<link rel=\"canonical\" href=\"https:\/\/provansadekor.rs\/en\/proizvod\/birth-child-01\/\" \/>\n<meta property=\"og:locale\" content=\"en_US\" \/>\n<meta property=\"og:type\" content=\"article\" \/>\n<meta property=\"og:title\" content=\"Roze obla\u010di\u0107\" \/>\n<meta property=\"og:description\" content=\"Vrste cve\u0107a u aran\u017emanu: roze ru\u017ea, mini roze i beli karanfil, bela hrizantema, roze limonium, eukaliptus. Prate\u0107a dekoracija: ru\u010dno radjena drvena kutija , ma\u0161na od roze satenske trake. Interesantan cvetni aran\u017eman, prelep je i odgovaraju\u0107i poklon za rodjenje deteta. To je period \u017eivota savr\u0161eno oslikan na ovaj na\u010din- mek, zabavan, kreativan i mirisan.\" \/>\n<meta property=\"og:url\" content=\"https:\/\/provansadekor.rs\/en\/proizvod\/birth-child-01\/\" \/>\n<meta property=\"og:site_name\" content=\"Provansa Dekor\" \/>\n<meta property=\"article:publisher\" content=\"https:\/\/www.facebook.com\/provansadekor\" \/>\n<meta property=\"article:modified_time\" content=\"2026-03-13T10:33:17+00:00\" \/>\n<meta property=\"og:image\" content=\"https:\/\/provansadekor.rs\/wp-content\/uploads\/2025\/07\/DSC_9179-scaled.jpg\" \/>\n\t<meta property=\"og:image:width\" content=\"2560\" \/>\n\t<meta property=\"og:image:height\" content=\"1438\" \/>\n\t<meta property=\"og:image:type\" content=\"image\/jpeg\" \/>\n<meta name=\"twitter:card\" content=\"summary_large_image\" \/>\n<meta name=\"twitter:label1\" content=\"Est. reading time\" \/>\n\t<meta name=\"twitter:data1\" content=\"1 minute\" \/>\n<script type=\"application\/ld+json\" class=\"yoast-schema-graph\">{\"@context\":\"https:\/\/schema.org\",\"@graph\":[{\"@type\":[\"WebPage\",\"ItemPage\"],\"@id\":\"https:\/\/provansadekor.rs\/proizvod\/rodjenje-deteta-01\/\",\"url\":\"https:\/\/provansadekor.rs\/proizvod\/rodjenje-deteta-01\/\",\"name\":\"Roze obla\u010di\u0107 &#8211; Provansa Dekor\",\"isPartOf\":{\"@id\":\"https:\/\/provansadekor.rs\/#website\"},\"primaryImageOfPage\":{\"@id\":\"https:\/\/provansadekor.rs\/proizvod\/rodjenje-deteta-01\/#primaryimage\"},\"image\":{\"@id\":\"https:\/\/provansadekor.rs\/proizvod\/rodjenje-deteta-01\/#primaryimage\"},\"thumbnailUrl\":\"https:\/\/provansadekor.rs\/wp-content\/uploads\/2025\/07\/DSC_9179-scaled.jpg\",\"datePublished\":\"2022-11-11T13:10:34+00:00\",\"dateModified\":\"2026-03-13T10:33:17+00:00\",\"breadcrumb\":{\"@id\":\"https:\/\/provansadekor.rs\/proizvod\/rodjenje-deteta-01\/#breadcrumb\"},\"inLanguage\":\"en-US\",\"potentialAction\":[{\"@type\":\"ReadAction\",\"target\":[\"https:\/\/provansadekor.rs\/proizvod\/rodjenje-deteta-01\/\"]}]},{\"@type\":\"ImageObject\",\"inLanguage\":\"en-US\",\"@id\":\"https:\/\/provansadekor.rs\/proizvod\/rodjenje-deteta-01\/#primaryimage\",\"url\":\"https:\/\/provansadekor.rs\/wp-content\/uploads\/2025\/07\/DSC_9179-scaled.jpg\",\"contentUrl\":\"https:\/\/provansadekor.rs\/wp-content\/uploads\/2025\/07\/DSC_9179-scaled.jpg\",\"width\":2560,\"height\":1438},{\"@type\":\"BreadcrumbList\",\"@id\":\"https:\/\/provansadekor.rs\/proizvod\/rodjenje-deteta-01\/#breadcrumb\",\"itemListElement\":[{\"@type\":\"ListItem\",\"position\":1,\"name\":\"\u041f\u043e\u0447\u0435\u0442\u043d\u0430\",\"item\":\"https:\/\/provansadekor.rs\/\"},{\"@type\":\"ListItem\",\"position\":2,\"name\":\"\u041f\u0440\u043e\u0438\u0437\u0432\u043e\u0434\u0438\",\"item\":\"https:\/\/provansadekor.rs\/shop\/\"},{\"@type\":\"ListItem\",\"position\":3,\"name\":\"Roze obla\u010di\u0107\"}]},{\"@type\":\"WebSite\",\"@id\":\"https:\/\/provansadekor.rs\/#website\",\"url\":\"https:\/\/provansadekor.rs\/\",\"name\":\"Provansa Dekor\",\"description\":\"Dostava cve\u0107a Beograd - Organizacija i Dekoracija doga\u0111aja - Ure\u0111enje zelenih povr\u0161ina\",\"publisher\":{\"@id\":\"https:\/\/provansadekor.rs\/#organization\"},\"potentialAction\":[{\"@type\":\"SearchAction\",\"target\":{\"@type\":\"EntryPoint\",\"urlTemplate\":\"https:\/\/provansadekor.rs\/?s={search_term_string}\"},\"query-input\":{\"@type\":\"PropertyValueSpecification\",\"valueRequired\":true,\"valueName\":\"search_term_string\"}}],\"inLanguage\":\"en-US\"},{\"@type\":\"Organization\",\"@id\":\"https:\/\/provansadekor.rs\/#organization\",\"name\":\"Provansa Dekor Cve\u0107ara Beograd\",\"url\":\"https:\/\/provansadekor.rs\/\",\"logo\":{\"@type\":\"ImageObject\",\"inLanguage\":\"en-US\",\"@id\":\"https:\/\/provansadekor.rs\/#\/schema\/logo\/image\/\",\"url\":\"https:\/\/provansadekor.rs\/wp-content\/uploads\/2022\/03\/logo-provansa.jpg\",\"contentUrl\":\"https:\/\/provansadekor.rs\/wp-content\/uploads\/2022\/03\/logo-provansa.jpg\",\"width\":200,\"height\":200,\"caption\":\"Provansa Dekor Cve\u0107ara Beograd\"},\"image\":{\"@id\":\"https:\/\/provansadekor.rs\/#\/schema\/logo\/image\/\"},\"sameAs\":[\"https:\/\/www.facebook.com\/provansadekor\",\"https:\/\/www.instagram.com\/provansadekor\/\"]}]}<\/script>\n<!-- \/ Yoast SEO Premium plugin. -->","yoast_head_json":{"title":"Roze obla\u010di\u0107 &#8211; Provansa Dekor","robots":{"index":"index","follow":"follow","max-snippet":"max-snippet:-1","max-image-preview":"max-image-preview:large","max-video-preview":"max-video-preview:-1"},"canonical":"https:\/\/provansadekor.rs\/en\/proizvod\/birth-child-01\/","og_locale":"en_US","og_type":"article","og_title":"Roze obla\u010di\u0107","og_description":"Vrste cve\u0107a u aran\u017emanu: roze ru\u017ea, mini roze i beli karanfil, bela hrizantema, roze limonium, eukaliptus. Prate\u0107a dekoracija: ru\u010dno radjena drvena kutija , ma\u0161na od roze satenske trake. Interesantan cvetni aran\u017eman, prelep je i odgovaraju\u0107i poklon za rodjenje deteta. To je period \u017eivota savr\u0161eno oslikan na ovaj na\u010din- mek, zabavan, kreativan i mirisan.","og_url":"https:\/\/provansadekor.rs\/en\/proizvod\/birth-child-01\/","og_site_name":"Provansa Dekor","article_publisher":"https:\/\/www.facebook.com\/provansadekor","article_modified_time":"2026-03-13T10:33:17+00:00","og_image":[{"width":2560,"height":1438,"url":"https:\/\/provansadekor.rs\/wp-content\/uploads\/2025\/07\/DSC_9179-scaled.jpg","type":"image\/jpeg"}],"twitter_card":"summary_large_image","twitter_misc":{"Est. reading time":"1 minute"},"schema":{"@context":"https:\/\/schema.org","@graph":[{"@type":["WebPage","ItemPage"],"@id":"https:\/\/provansadekor.rs\/proizvod\/rodjenje-deteta-01\/","url":"https:\/\/provansadekor.rs\/proizvod\/rodjenje-deteta-01\/","name":"Roze obla\u010di\u0107 &#8211; Provansa Dekor","isPartOf":{"@id":"https:\/\/provansadekor.rs\/#website"},"primaryImageOfPage":{"@id":"https:\/\/provansadekor.rs\/proizvod\/rodjenje-deteta-01\/#primaryimage"},"image":{"@id":"https:\/\/provansadekor.rs\/proizvod\/rodjenje-deteta-01\/#primaryimage"},"thumbnailUrl":"https:\/\/provansadekor.rs\/wp-content\/uploads\/2025\/07\/DSC_9179-scaled.jpg","datePublished":"2022-11-11T13:10:34+00:00","dateModified":"2026-03-13T10:33:17+00:00","breadcrumb":{"@id":"https:\/\/provansadekor.rs\/proizvod\/rodjenje-deteta-01\/#breadcrumb"},"inLanguage":"en-US","potentialAction":[{"@type":"ReadAction","target":["https:\/\/provansadekor.rs\/proizvod\/rodjenje-deteta-01\/"]}]},{"@type":"ImageObject","inLanguage":"en-US","@id":"https:\/\/provansadekor.rs\/proizvod\/rodjenje-deteta-01\/#primaryimage","url":"https:\/\/provansadekor.rs\/wp-content\/uploads\/2025\/07\/DSC_9179-scaled.jpg","contentUrl":"https:\/\/provansadekor.rs\/wp-content\/uploads\/2025\/07\/DSC_9179-scaled.jpg","width":2560,"height":1438},{"@type":"BreadcrumbList","@id":"https:\/\/provansadekor.rs\/proizvod\/rodjenje-deteta-01\/#breadcrumb","itemListElement":[{"@type":"ListItem","position":1,"name":"\u041f\u043e\u0447\u0435\u0442\u043d\u0430","item":"https:\/\/provansadekor.rs\/"},{"@type":"ListItem","position":2,"name":"\u041f\u0440\u043e\u0438\u0437\u0432\u043e\u0434\u0438","item":"https:\/\/provansadekor.rs\/shop\/"},{"@type":"ListItem","position":3,"name":"Roze obla\u010di\u0107"}]},{"@type":"WebSite","@id":"https:\/\/provansadekor.rs\/#website","url":"https:\/\/provansadekor.rs\/","name":"Provence Decor","description":"Flower delivery Belgrade - Event organization and decoration - Landscaping","publisher":{"@id":"https:\/\/provansadekor.rs\/#organization"},"potentialAction":[{"@type":"SearchAction","target":{"@type":"EntryPoint","urlTemplate":"https:\/\/provansadekor.rs\/?s={search_term_string}"},"query-input":{"@type":"PropertyValueSpecification","valueRequired":true,"valueName":"search_term_string"}}],"inLanguage":"en-US"},{"@type":"Organization","@id":"https:\/\/provansadekor.rs\/#organization","name":"Provence Decor Flower Shop Belgrade","url":"https:\/\/provansadekor.rs\/","logo":{"@type":"ImageObject","inLanguage":"en-US","@id":"https:\/\/provansadekor.rs\/#\/schema\/logo\/image\/","url":"https:\/\/provansadekor.rs\/wp-content\/uploads\/2022\/03\/logo-provansa.jpg","contentUrl":"https:\/\/provansadekor.rs\/wp-content\/uploads\/2022\/03\/logo-provansa.jpg","width":200,"height":200,"caption":"Provansa Dekor Cve\u0107ara Beograd"},"image":{"@id":"https:\/\/provansadekor.rs\/#\/schema\/logo\/image\/"},"sameAs":["https:\/\/www.facebook.com\/provansadekor","https:\/\/www.instagram.com\/provansadekor\/"]}]}},"_links":{"self":[{"href":"https:\/\/provansadekor.rs\/en\/wp-json\/wp\/v2\/product\/69773","targetHints":{"allow":["GET"]}}],"collection":[{"href":"https:\/\/provansadekor.rs\/en\/wp-json\/wp\/v2\/product"}],"about":[{"href":"https:\/\/provansadekor.rs\/en\/wp-json\/wp\/v2\/types\/product"}],"version-history":[{"count":5,"href":"https:\/\/provansadekor.rs\/en\/wp-json\/wp\/v2\/product\/69773\/revisions"}],"predecessor-version":[{"id":84371,"href":"https:\/\/provansadekor.rs\/en\/wp-json\/wp\/v2\/product\/69773\/revisions\/84371"}],"wp:featuredmedia":[{"embeddable":true,"href":"https:\/\/provansadekor.rs\/en\/wp-json\/wp\/v2\/media\/84366"}],"wp:attachment":[{"href":"https:\/\/provansadekor.rs\/en\/wp-json\/wp\/v2\/media?parent=69773"}],"wp:term":[{"taxonomy":"product_brand","embeddable":true,"href":"https:\/\/provansadekor.rs\/en\/wp-json\/wp\/v2\/product_brand?post=69773"},{"taxonomy":"product_cat","embeddable":true,"href":"https:\/\/provansadekor.rs\/en\/wp-json\/wp\/v2\/product_cat?post=69773"},{"taxonomy":"product_tag","embeddable":true,"href":"https:\/\/provansadekor.rs\/en\/wp-json\/wp\/v2\/product_tag?post=69773"}],"curies":[{"name":"wp","href":"https:\/\/api.w.org\/{rel}","templated":true}]}}