{"id":5403,"date":"2019-11-30T10:07:26","date_gmt":"2019-11-30T10:07:26","guid":{"rendered":"http:\/\/provansadekor.rs\/?post_type=product&#038;p=5403"},"modified":"2026-03-13T11:36:34","modified_gmt":"2026-03-13T10:36:34","slug":"aranzman-korpa-09","status":"publish","type":"product","link":"https:\/\/provansadekor.rs\/en\/proizvod\/arrangement-basket-09\/","title":{"rendered":"A luxurious wave of colorful flowers"},"content":{"rendered":"<p>Kinds of <strong>flowers in an arrangement<\/strong>:<strong> purple rose, pink rose<\/strong>, orange and yellow-orange rose, cyclamen <strong>a rose<\/strong>, Red <strong>lipstick<\/strong>a, pink lisianthus, pink carnation, white, yellow and cyclamen chrysanthemum, green-lilac hydrangea, green orchid, yellow orchid, purple alstroemeria, solidago, pittosporum.<\/p>\n<p>Accompanying decoration: brown woven basket.<\/p>\n<p>Everything that is beautiful lasts a short time, but is remembered forever. Order this one <strong>a luxurious arrangement of the most beautiful flowers<\/strong> and remain engraved in someone&#039;s memory as the most beautiful memory.<\/p>\n<p>Perfect <strong>birthday gift<\/strong>, a gift for an anniversary, a coming of age gift, a gift for a wedding or the birth of a child.<\/p>\n<p>Our <strong>online flower shop<\/strong> is here for you as well<strong> home delivery.<\/strong><\/p>\n<h2 style=\"text-align: center;\"><strong>Flower arrangements, Belgrade flower shop\u00a0<\/strong><\/h2>\n<p>&nbsp;<\/p>","protected":false},"excerpt":{"rendered":"<p>Types of flowers in the arrangement: purple rose, pink rose, orange and yellow-orange rose, cyclamen rose, red rose, pink lisianthus, pink carnation, white, yellow and cyclamen chrysanthemum, green-lilac hydrangea, green orchid, yellow orchid, purple alstroemeria, solidago, pittosporum. Accompanying decoration: brown woven basket. Everything that is beautiful lasts a short time, but is remembered forever. Order this luxury [\u2026]<\/p>","protected":false},"featured_media":5386,"template":"","meta":[],"product_brand":[],"product_cat":[168],"product_tag":[],"class_list":{"0":"post-5403","1":"product","2":"type-product","3":"status-publish","4":"has-post-thumbnail","6":"product_cat-luksuzni-aranzmani","8":"first","9":"instock","10":"featured","11":"shipping-taxable","12":"purchasable","13":"product-type-simple"},"yoast_head":"<!-- This site is optimized with the Yoast SEO Premium plugin v20.9 (Yoast SEO v26.5) - https:\/\/yoast.com\/wordpress\/plugins\/seo\/ -->\n<title>Luksuzni val od \u0161arenog cve\u0107a &#8211; Provansa Dekor<\/title>\n<meta name=\"description\" content=\"Savr\u0161en poklon za rodjendan, poklon za godi\u0161njicu, poklon za punoletstvo, poklon za ven\u010danje ili rodjenje deteta.Na\u0161a online cve\u0107ara je tu za vas, kao i dostava na ku\u0107nu adresu.Cvetni aran\u017emani, cve\u0107ara Beograd\u00a0\" \/>\n<meta name=\"robots\" content=\"index, follow, max-snippet:-1, max-image-preview:large, max-video-preview:-1\" \/>\n<link rel=\"canonical\" href=\"https:\/\/provansadekor.rs\/en\/proizvod\/arrangement-basket-09\/\" \/>\n<meta property=\"og:locale\" content=\"en_US\" \/>\n<meta property=\"og:type\" content=\"article\" \/>\n<meta property=\"og:title\" content=\"Luksuzni val od \u0161arenog cve\u0107a\" \/>\n<meta property=\"og:description\" content=\"Savr\u0161en poklon za rodjendan, poklon za godi\u0161njicu, poklon za punoletstvo, poklon za ven\u010danje ili rodjenje deteta.Na\u0161a online cve\u0107ara je tu za vas, kao i dostava na ku\u0107nu adresu.Cvetni aran\u017emani, cve\u0107ara Beograd\u00a0\" \/>\n<meta property=\"og:url\" content=\"https:\/\/provansadekor.rs\/en\/proizvod\/arrangement-basket-09\/\" \/>\n<meta property=\"og:site_name\" content=\"Provansa Dekor\" \/>\n<meta property=\"article:publisher\" content=\"https:\/\/www.facebook.com\/provansadekor\" \/>\n<meta property=\"article:modified_time\" content=\"2026-03-13T10:36:34+00:00\" \/>\n<meta property=\"og:image\" content=\"https:\/\/provansadekor.rs\/wp-content\/uploads\/2019\/11\/IMG-798a3b9033005b89d0f5272d28dc519c-V.jpg\" \/>\n\t<meta property=\"og:image:width\" content=\"1600\" \/>\n\t<meta property=\"og:image:height\" content=\"1200\" \/>\n\t<meta property=\"og:image:type\" content=\"image\/jpeg\" \/>\n<meta name=\"twitter:card\" content=\"summary_large_image\" \/>\n<meta name=\"twitter:label1\" content=\"Est. reading time\" \/>\n\t<meta name=\"twitter:data1\" content=\"1 minute\" \/>\n<script type=\"application\/ld+json\" class=\"yoast-schema-graph\">{\"@context\":\"https:\/\/schema.org\",\"@graph\":[{\"@type\":[\"WebPage\",\"ItemPage\"],\"@id\":\"https:\/\/provansadekor.rs\/proizvod\/aranzman-korpa-09\/\",\"url\":\"https:\/\/provansadekor.rs\/proizvod\/aranzman-korpa-09\/\",\"name\":\"Luksuzni val od \u0161arenog cve\u0107a &#8211; Provansa Dekor\",\"isPartOf\":{\"@id\":\"https:\/\/provansadekor.rs\/#website\"},\"primaryImageOfPage\":{\"@id\":\"https:\/\/provansadekor.rs\/proizvod\/aranzman-korpa-09\/#primaryimage\"},\"image\":{\"@id\":\"https:\/\/provansadekor.rs\/proizvod\/aranzman-korpa-09\/#primaryimage\"},\"thumbnailUrl\":\"https:\/\/provansadekor.rs\/wp-content\/uploads\/2019\/11\/IMG-798a3b9033005b89d0f5272d28dc519c-V.jpg\",\"datePublished\":\"2019-11-30T10:07:26+00:00\",\"dateModified\":\"2026-03-13T10:36:34+00:00\",\"description\":\"Savr\u0161en poklon za rodjendan, poklon za godi\u0161njicu, poklon za punoletstvo, poklon za ven\u010danje ili rodjenje deteta.Na\u0161a online cve\u0107ara je tu za vas, kao i dostava na ku\u0107nu adresu.Cvetni aran\u017emani, cve\u0107ara Beograd\u00a0\",\"breadcrumb\":{\"@id\":\"https:\/\/provansadekor.rs\/proizvod\/aranzman-korpa-09\/#breadcrumb\"},\"inLanguage\":\"en-US\",\"potentialAction\":[{\"@type\":\"ReadAction\",\"target\":[\"https:\/\/provansadekor.rs\/proizvod\/aranzman-korpa-09\/\"]}]},{\"@type\":\"ImageObject\",\"inLanguage\":\"en-US\",\"@id\":\"https:\/\/provansadekor.rs\/proizvod\/aranzman-korpa-09\/#primaryimage\",\"url\":\"https:\/\/provansadekor.rs\/wp-content\/uploads\/2019\/11\/IMG-798a3b9033005b89d0f5272d28dc519c-V.jpg\",\"contentUrl\":\"https:\/\/provansadekor.rs\/wp-content\/uploads\/2019\/11\/IMG-798a3b9033005b89d0f5272d28dc519c-V.jpg\",\"width\":1600,\"height\":1200},{\"@type\":\"BreadcrumbList\",\"@id\":\"https:\/\/provansadekor.rs\/proizvod\/aranzman-korpa-09\/#breadcrumb\",\"itemListElement\":[{\"@type\":\"ListItem\",\"position\":1,\"name\":\"\u041f\u043e\u0447\u0435\u0442\u043d\u0430\",\"item\":\"https:\/\/provansadekor.rs\/\"},{\"@type\":\"ListItem\",\"position\":2,\"name\":\"\u041f\u0440\u043e\u0438\u0437\u0432\u043e\u0434\u0438\",\"item\":\"https:\/\/provansadekor.rs\/shop\/\"},{\"@type\":\"ListItem\",\"position\":3,\"name\":\"Luksuzni val od \u0161arenog cve\u0107a\"}]},{\"@type\":\"WebSite\",\"@id\":\"https:\/\/provansadekor.rs\/#website\",\"url\":\"https:\/\/provansadekor.rs\/\",\"name\":\"Provansa Dekor\",\"description\":\"Dostava cve\u0107a Beograd - Organizacija i Dekoracija doga\u0111aja - Ure\u0111enje zelenih povr\u0161ina\",\"publisher\":{\"@id\":\"https:\/\/provansadekor.rs\/#organization\"},\"potentialAction\":[{\"@type\":\"SearchAction\",\"target\":{\"@type\":\"EntryPoint\",\"urlTemplate\":\"https:\/\/provansadekor.rs\/?s={search_term_string}\"},\"query-input\":{\"@type\":\"PropertyValueSpecification\",\"valueRequired\":true,\"valueName\":\"search_term_string\"}}],\"inLanguage\":\"en-US\"},{\"@type\":\"Organization\",\"@id\":\"https:\/\/provansadekor.rs\/#organization\",\"name\":\"Provansa Dekor Cve\u0107ara Beograd\",\"url\":\"https:\/\/provansadekor.rs\/\",\"logo\":{\"@type\":\"ImageObject\",\"inLanguage\":\"en-US\",\"@id\":\"https:\/\/provansadekor.rs\/#\/schema\/logo\/image\/\",\"url\":\"https:\/\/provansadekor.rs\/wp-content\/uploads\/2022\/03\/logo-provansa.jpg\",\"contentUrl\":\"https:\/\/provansadekor.rs\/wp-content\/uploads\/2022\/03\/logo-provansa.jpg\",\"width\":200,\"height\":200,\"caption\":\"Provansa Dekor Cve\u0107ara Beograd\"},\"image\":{\"@id\":\"https:\/\/provansadekor.rs\/#\/schema\/logo\/image\/\"},\"sameAs\":[\"https:\/\/www.facebook.com\/provansadekor\",\"https:\/\/www.instagram.com\/provansadekor\/\"]}]}<\/script>\n<!-- \/ Yoast SEO Premium plugin. -->","yoast_head_json":{"title":"Luxurious wave of colorful flowers - Provence Decor","description":"The perfect birthday gift, anniversary gift, coming-of-age gift, wedding gift or the birth of a child. Our online flower shop is here for you, as well as home delivery. Flower arrangements, flower shop Belgrade\u00a0","robots":{"index":"index","follow":"follow","max-snippet":"max-snippet:-1","max-image-preview":"max-image-preview:large","max-video-preview":"max-video-preview:-1"},"canonical":"https:\/\/provansadekor.rs\/en\/proizvod\/arrangement-basket-09\/","og_locale":"en_US","og_type":"article","og_title":"Luksuzni val od \u0161arenog cve\u0107a","og_description":"Savr\u0161en poklon za rodjendan, poklon za godi\u0161njicu, poklon za punoletstvo, poklon za ven\u010danje ili rodjenje deteta.Na\u0161a online cve\u0107ara je tu za vas, kao i dostava na ku\u0107nu adresu.Cvetni aran\u017emani, cve\u0107ara Beograd\u00a0","og_url":"https:\/\/provansadekor.rs\/en\/proizvod\/arrangement-basket-09\/","og_site_name":"Provansa Dekor","article_publisher":"https:\/\/www.facebook.com\/provansadekor","article_modified_time":"2026-03-13T10:36:34+00:00","og_image":[{"width":1600,"height":1200,"url":"https:\/\/provansadekor.rs\/wp-content\/uploads\/2019\/11\/IMG-798a3b9033005b89d0f5272d28dc519c-V.jpg","type":"image\/jpeg"}],"twitter_card":"summary_large_image","twitter_misc":{"Est. reading time":"1 minute"},"schema":{"@context":"https:\/\/schema.org","@graph":[{"@type":["WebPage","ItemPage"],"@id":"https:\/\/provansadekor.rs\/proizvod\/aranzman-korpa-09\/","url":"https:\/\/provansadekor.rs\/proizvod\/aranzman-korpa-09\/","name":"Luxurious wave of colorful flowers - Provence Decor","isPartOf":{"@id":"https:\/\/provansadekor.rs\/#website"},"primaryImageOfPage":{"@id":"https:\/\/provansadekor.rs\/proizvod\/aranzman-korpa-09\/#primaryimage"},"image":{"@id":"https:\/\/provansadekor.rs\/proizvod\/aranzman-korpa-09\/#primaryimage"},"thumbnailUrl":"https:\/\/provansadekor.rs\/wp-content\/uploads\/2019\/11\/IMG-798a3b9033005b89d0f5272d28dc519c-V.jpg","datePublished":"2019-11-30T10:07:26+00:00","dateModified":"2026-03-13T10:36:34+00:00","description":"The perfect birthday gift, anniversary gift, coming-of-age gift, wedding gift or the birth of a child. Our online flower shop is here for you, as well as home delivery. Flower arrangements, flower shop Belgrade\u00a0","breadcrumb":{"@id":"https:\/\/provansadekor.rs\/proizvod\/aranzman-korpa-09\/#breadcrumb"},"inLanguage":"en-US","potentialAction":[{"@type":"ReadAction","target":["https:\/\/provansadekor.rs\/proizvod\/aranzman-korpa-09\/"]}]},{"@type":"ImageObject","inLanguage":"en-US","@id":"https:\/\/provansadekor.rs\/proizvod\/aranzman-korpa-09\/#primaryimage","url":"https:\/\/provansadekor.rs\/wp-content\/uploads\/2019\/11\/IMG-798a3b9033005b89d0f5272d28dc519c-V.jpg","contentUrl":"https:\/\/provansadekor.rs\/wp-content\/uploads\/2019\/11\/IMG-798a3b9033005b89d0f5272d28dc519c-V.jpg","width":1600,"height":1200},{"@type":"BreadcrumbList","@id":"https:\/\/provansadekor.rs\/proizvod\/aranzman-korpa-09\/#breadcrumb","itemListElement":[{"@type":"ListItem","position":1,"name":"\u041f\u043e\u0447\u0435\u0442\u043d\u0430","item":"https:\/\/provansadekor.rs\/"},{"@type":"ListItem","position":2,"name":"\u041f\u0440\u043e\u0438\u0437\u0432\u043e\u0434\u0438","item":"https:\/\/provansadekor.rs\/shop\/"},{"@type":"ListItem","position":3,"name":"Luksuzni val od \u0161arenog cve\u0107a"}]},{"@type":"WebSite","@id":"https:\/\/provansadekor.rs\/#website","url":"https:\/\/provansadekor.rs\/","name":"Provence Decor","description":"Flower delivery Belgrade - Event organization and decoration - Landscaping","publisher":{"@id":"https:\/\/provansadekor.rs\/#organization"},"potentialAction":[{"@type":"SearchAction","target":{"@type":"EntryPoint","urlTemplate":"https:\/\/provansadekor.rs\/?s={search_term_string}"},"query-input":{"@type":"PropertyValueSpecification","valueRequired":true,"valueName":"search_term_string"}}],"inLanguage":"en-US"},{"@type":"Organization","@id":"https:\/\/provansadekor.rs\/#organization","name":"Provence Decor Flower Shop Belgrade","url":"https:\/\/provansadekor.rs\/","logo":{"@type":"ImageObject","inLanguage":"en-US","@id":"https:\/\/provansadekor.rs\/#\/schema\/logo\/image\/","url":"https:\/\/provansadekor.rs\/wp-content\/uploads\/2022\/03\/logo-provansa.jpg","contentUrl":"https:\/\/provansadekor.rs\/wp-content\/uploads\/2022\/03\/logo-provansa.jpg","width":200,"height":200,"caption":"Provansa Dekor Cve\u0107ara Beograd"},"image":{"@id":"https:\/\/provansadekor.rs\/#\/schema\/logo\/image\/"},"sameAs":["https:\/\/www.facebook.com\/provansadekor","https:\/\/www.instagram.com\/provansadekor\/"]}]}},"_links":{"self":[{"href":"https:\/\/provansadekor.rs\/en\/wp-json\/wp\/v2\/product\/5403","targetHints":{"allow":["GET"]}}],"collection":[{"href":"https:\/\/provansadekor.rs\/en\/wp-json\/wp\/v2\/product"}],"about":[{"href":"https:\/\/provansadekor.rs\/en\/wp-json\/wp\/v2\/types\/product"}],"version-history":[{"count":4,"href":"https:\/\/provansadekor.rs\/en\/wp-json\/wp\/v2\/product\/5403\/revisions"}],"predecessor-version":[{"id":67646,"href":"https:\/\/provansadekor.rs\/en\/wp-json\/wp\/v2\/product\/5403\/revisions\/67646"}],"wp:featuredmedia":[{"embeddable":true,"href":"https:\/\/provansadekor.rs\/en\/wp-json\/wp\/v2\/media\/5386"}],"wp:attachment":[{"href":"https:\/\/provansadekor.rs\/en\/wp-json\/wp\/v2\/media?parent=5403"}],"wp:term":[{"taxonomy":"product_brand","embeddable":true,"href":"https:\/\/provansadekor.rs\/en\/wp-json\/wp\/v2\/product_brand?post=5403"},{"taxonomy":"product_cat","embeddable":true,"href":"https:\/\/provansadekor.rs\/en\/wp-json\/wp\/v2\/product_cat?post=5403"},{"taxonomy":"product_tag","embeddable":true,"href":"https:\/\/provansadekor.rs\/en\/wp-json\/wp\/v2\/product_tag?post=5403"}],"curies":[{"name":"wp","href":"https:\/\/api.w.org\/{rel}","templated":true}]}}