{"id":4960,"date":"2019-11-15T09:30:46","date_gmt":"2019-11-15T09:30:46","guid":{"rendered":"http:\/\/provansadekor.rs\/?post_type=product&#038;p=4960"},"modified":"2026-03-13T11:36:35","modified_gmt":"2026-03-13T10:36:35","slug":"aranzman-korpa-07","status":"publish","type":"product","link":"https:\/\/provansadekor.rs\/en\/proizvod\/arrangement-basket-07\/","title":{"rendered":"Happy birthday arrangement in a basket"},"content":{"rendered":"<p>Kinds of <strong>flowers in an arrangement: roses<\/strong> in red and white, yellow calla, yellow freesia, white carnation, chrysanthemum yoko ono, sedum, mountain grass, eucalyptus, solidadjo.<\/p>\n<p>Accompanying decoration: balloons in red, blue, green, yellow and white, wooden pick (happy birthday), knitted balls in red and cream, drink, Kinder bueno chocolates, decorative butterfly, satin bow in blue and striped navy white textile ribbons, hand-woven white basket.<\/p>\n<p class=\"p1\"><span class=\"s1\">Awaken the child in someone. The most beautiful emotions from childhood woven into flowers and its cheerful combination of colors. Place order<strong> arrangement in our online flower shop<\/strong>, and there is also <strong>home delivery<\/strong>.<\/span><\/p>\n<p>Product declaration, country of origin and manufacturer are available on the label of the product itself.<\/p>\n<h2><strong>Birthday arrangement in a basket, delivery <span class=\"s1\">flowers Belgrade\u00a0<\/span><\/strong><\/h2>","protected":false},"excerpt":{"rendered":"<p>Vrste cve\u0107a u aran\u017emanu: ru\u017ee u crvenoj i beloj boji, \u017euta kala, \u017euta frezija, beli karanfil, hrizantema yoko ono, sedum, bergras, eukaliptus, solidadjo. Prate\u0107a dekoracija: baloni u crvenoj, plavoj, zelenoj, \u017eutoj i beloj boji, drveni pik( happy birthday), pletene loptice u crvenoj i krem boji, pi\u0107e, \u010dokoladice Kinder bueno, ukrasni leptir, satenska ma\u0161na u plavoj [&hellip;]<\/p>","protected":false},"featured_media":4953,"template":"","meta":[],"product_brand":[],"product_cat":[168],"product_tag":[],"class_list":{"0":"post-4960","1":"product","2":"type-product","3":"status-publish","4":"has-post-thumbnail","6":"product_cat-luksuzni-aranzmani","8":"first","9":"instock","10":"shipping-taxable","11":"purchasable","12":"product-type-simple"},"yoast_head":"<!-- This site is optimized with the Yoast SEO Premium plugin v20.9 (Yoast SEO v26.5) - https:\/\/yoast.com\/wordpress\/plugins\/seo\/ -->\n<title>Veseli rodjendanski aran\u017eman u korpi &#8211; Provansa Dekor<\/title>\n<meta name=\"description\" content=\"Probudite dete u nekome. Najlep\u0161e emocije iz detinjstva satkane u cve\u0107u i njegovoj veseloj kombinaciji boja. Naru\u010dite aran\u017eman u na\u0161oj online cve\u0107ari, a tu je i dostava na ku\u0107nu adresu.Rodjendanski aran\u017eman u korpi, dostava cve\u0107a Beograd\u00a0\" \/>\n<meta name=\"robots\" content=\"index, follow, max-snippet:-1, max-image-preview:large, max-video-preview:-1\" \/>\n<link rel=\"canonical\" href=\"https:\/\/provansadekor.rs\/en\/proizvod\/arrangement-basket-07\/\" \/>\n<meta property=\"og:locale\" content=\"en_US\" \/>\n<meta property=\"og:type\" content=\"article\" \/>\n<meta property=\"og:title\" content=\"Veseli rodjendanski aran\u017eman u korpi\" \/>\n<meta property=\"og:description\" content=\"Probudite dete u nekome. Najlep\u0161e emocije iz detinjstva satkane u cve\u0107u i njegovoj veseloj kombinaciji boja. Naru\u010dite aran\u017eman u na\u0161oj online cve\u0107ari, a tu je i dostava na ku\u0107nu adresu.Rodjendanski aran\u017eman u korpi, dostava cve\u0107a Beograd\u00a0\" \/>\n<meta property=\"og:url\" content=\"https:\/\/provansadekor.rs\/en\/proizvod\/arrangement-basket-07\/\" \/>\n<meta property=\"og:site_name\" content=\"Provansa Dekor\" \/>\n<meta property=\"article:publisher\" content=\"https:\/\/www.facebook.com\/provansadekor\" \/>\n<meta property=\"article:modified_time\" content=\"2026-03-13T10:36:35+00:00\" \/>\n<meta property=\"og:image\" content=\"https:\/\/provansadekor.rs\/wp-content\/uploads\/2019\/11\/IMG-1016166b30d6e7c1a708852e09c01955-V.jpg\" \/>\n\t<meta property=\"og:image:width\" content=\"1280\" \/>\n\t<meta property=\"og:image:height\" content=\"1280\" \/>\n\t<meta property=\"og:image:type\" content=\"image\/jpeg\" \/>\n<meta name=\"twitter:card\" content=\"summary_large_image\" \/>\n<meta name=\"twitter:label1\" content=\"Est. reading time\" \/>\n\t<meta name=\"twitter:data1\" content=\"1 minute\" \/>\n<script type=\"application\/ld+json\" class=\"yoast-schema-graph\">{\"@context\":\"https:\/\/schema.org\",\"@graph\":[{\"@type\":[\"WebPage\",\"ItemPage\"],\"@id\":\"https:\/\/provansadekor.rs\/proizvod\/aranzman-korpa-07\/\",\"url\":\"https:\/\/provansadekor.rs\/proizvod\/aranzman-korpa-07\/\",\"name\":\"Veseli rodjendanski aran\u017eman u korpi &#8211; Provansa Dekor\",\"isPartOf\":{\"@id\":\"https:\/\/provansadekor.rs\/#website\"},\"primaryImageOfPage\":{\"@id\":\"https:\/\/provansadekor.rs\/proizvod\/aranzman-korpa-07\/#primaryimage\"},\"image\":{\"@id\":\"https:\/\/provansadekor.rs\/proizvod\/aranzman-korpa-07\/#primaryimage\"},\"thumbnailUrl\":\"https:\/\/provansadekor.rs\/wp-content\/uploads\/2019\/11\/IMG-1016166b30d6e7c1a708852e09c01955-V.jpg\",\"datePublished\":\"2019-11-15T09:30:46+00:00\",\"dateModified\":\"2026-03-13T10:36:35+00:00\",\"description\":\"Probudite dete u nekome. Najlep\u0161e emocije iz detinjstva satkane u cve\u0107u i njegovoj veseloj kombinaciji boja. Naru\u010dite aran\u017eman u na\u0161oj online cve\u0107ari, a tu je i dostava na ku\u0107nu adresu.Rodjendanski aran\u017eman u korpi, dostava cve\u0107a Beograd\u00a0\",\"breadcrumb\":{\"@id\":\"https:\/\/provansadekor.rs\/proizvod\/aranzman-korpa-07\/#breadcrumb\"},\"inLanguage\":\"en-US\",\"potentialAction\":[{\"@type\":\"ReadAction\",\"target\":[\"https:\/\/provansadekor.rs\/proizvod\/aranzman-korpa-07\/\"]}]},{\"@type\":\"ImageObject\",\"inLanguage\":\"en-US\",\"@id\":\"https:\/\/provansadekor.rs\/proizvod\/aranzman-korpa-07\/#primaryimage\",\"url\":\"https:\/\/provansadekor.rs\/wp-content\/uploads\/2019\/11\/IMG-1016166b30d6e7c1a708852e09c01955-V.jpg\",\"contentUrl\":\"https:\/\/provansadekor.rs\/wp-content\/uploads\/2019\/11\/IMG-1016166b30d6e7c1a708852e09c01955-V.jpg\",\"width\":1280,\"height\":1280},{\"@type\":\"BreadcrumbList\",\"@id\":\"https:\/\/provansadekor.rs\/proizvod\/aranzman-korpa-07\/#breadcrumb\",\"itemListElement\":[{\"@type\":\"ListItem\",\"position\":1,\"name\":\"\u041f\u043e\u0447\u0435\u0442\u043d\u0430\",\"item\":\"https:\/\/provansadekor.rs\/\"},{\"@type\":\"ListItem\",\"position\":2,\"name\":\"\u041f\u0440\u043e\u0438\u0437\u0432\u043e\u0434\u0438\",\"item\":\"https:\/\/provansadekor.rs\/shop\/\"},{\"@type\":\"ListItem\",\"position\":3,\"name\":\"Veseli rodjendanski aran\u017eman u korpi\"}]},{\"@type\":\"WebSite\",\"@id\":\"https:\/\/provansadekor.rs\/#website\",\"url\":\"https:\/\/provansadekor.rs\/\",\"name\":\"Provansa Dekor\",\"description\":\"Dostava cve\u0107a Beograd - Organizacija i Dekoracija doga\u0111aja - Ure\u0111enje zelenih povr\u0161ina\",\"publisher\":{\"@id\":\"https:\/\/provansadekor.rs\/#organization\"},\"potentialAction\":[{\"@type\":\"SearchAction\",\"target\":{\"@type\":\"EntryPoint\",\"urlTemplate\":\"https:\/\/provansadekor.rs\/?s={search_term_string}\"},\"query-input\":{\"@type\":\"PropertyValueSpecification\",\"valueRequired\":true,\"valueName\":\"search_term_string\"}}],\"inLanguage\":\"en-US\"},{\"@type\":\"Organization\",\"@id\":\"https:\/\/provansadekor.rs\/#organization\",\"name\":\"Provansa Dekor Cve\u0107ara Beograd\",\"url\":\"https:\/\/provansadekor.rs\/\",\"logo\":{\"@type\":\"ImageObject\",\"inLanguage\":\"en-US\",\"@id\":\"https:\/\/provansadekor.rs\/#\/schema\/logo\/image\/\",\"url\":\"https:\/\/provansadekor.rs\/wp-content\/uploads\/2022\/03\/logo-provansa.jpg\",\"contentUrl\":\"https:\/\/provansadekor.rs\/wp-content\/uploads\/2022\/03\/logo-provansa.jpg\",\"width\":200,\"height\":200,\"caption\":\"Provansa Dekor Cve\u0107ara Beograd\"},\"image\":{\"@id\":\"https:\/\/provansadekor.rs\/#\/schema\/logo\/image\/\"},\"sameAs\":[\"https:\/\/www.facebook.com\/provansadekor\",\"https:\/\/www.instagram.com\/provansadekor\/\"]}]}<\/script>\n<!-- \/ Yoast SEO Premium plugin. -->","yoast_head_json":{"title":"Happy birthday arrangement in a basket - Provence Decor","description":"Awaken the child in someone. The most beautiful emotions from childhood woven into flowers and its cheerful combination of colors. Order an arrangement in our online flower shop, and there is also home delivery. Birthday arrangement in a basket, flower delivery Belgrade\u00a0","robots":{"index":"index","follow":"follow","max-snippet":"max-snippet:-1","max-image-preview":"max-image-preview:large","max-video-preview":"max-video-preview:-1"},"canonical":"https:\/\/provansadekor.rs\/en\/proizvod\/arrangement-basket-07\/","og_locale":"en_US","og_type":"article","og_title":"Veseli rodjendanski aran\u017eman u korpi","og_description":"Probudite dete u nekome. Najlep\u0161e emocije iz detinjstva satkane u cve\u0107u i njegovoj veseloj kombinaciji boja. Naru\u010dite aran\u017eman u na\u0161oj online cve\u0107ari, a tu je i dostava na ku\u0107nu adresu.Rodjendanski aran\u017eman u korpi, dostava cve\u0107a Beograd\u00a0","og_url":"https:\/\/provansadekor.rs\/en\/proizvod\/arrangement-basket-07\/","og_site_name":"Provansa Dekor","article_publisher":"https:\/\/www.facebook.com\/provansadekor","article_modified_time":"2026-03-13T10:36:35+00:00","og_image":[{"width":1280,"height":1280,"url":"https:\/\/provansadekor.rs\/wp-content\/uploads\/2019\/11\/IMG-1016166b30d6e7c1a708852e09c01955-V.jpg","type":"image\/jpeg"}],"twitter_card":"summary_large_image","twitter_misc":{"Est. reading time":"1 minute"},"schema":{"@context":"https:\/\/schema.org","@graph":[{"@type":["WebPage","ItemPage"],"@id":"https:\/\/provansadekor.rs\/proizvod\/aranzman-korpa-07\/","url":"https:\/\/provansadekor.rs\/proizvod\/aranzman-korpa-07\/","name":"Happy birthday arrangement in a basket - Provence Decor","isPartOf":{"@id":"https:\/\/provansadekor.rs\/#website"},"primaryImageOfPage":{"@id":"https:\/\/provansadekor.rs\/proizvod\/aranzman-korpa-07\/#primaryimage"},"image":{"@id":"https:\/\/provansadekor.rs\/proizvod\/aranzman-korpa-07\/#primaryimage"},"thumbnailUrl":"https:\/\/provansadekor.rs\/wp-content\/uploads\/2019\/11\/IMG-1016166b30d6e7c1a708852e09c01955-V.jpg","datePublished":"2019-11-15T09:30:46+00:00","dateModified":"2026-03-13T10:36:35+00:00","description":"Awaken the child in someone. The most beautiful emotions from childhood woven into flowers and its cheerful combination of colors. Order an arrangement in our online flower shop, and there is also home delivery. Birthday arrangement in a basket, flower delivery Belgrade\u00a0","breadcrumb":{"@id":"https:\/\/provansadekor.rs\/proizvod\/aranzman-korpa-07\/#breadcrumb"},"inLanguage":"en-US","potentialAction":[{"@type":"ReadAction","target":["https:\/\/provansadekor.rs\/proizvod\/aranzman-korpa-07\/"]}]},{"@type":"ImageObject","inLanguage":"en-US","@id":"https:\/\/provansadekor.rs\/proizvod\/aranzman-korpa-07\/#primaryimage","url":"https:\/\/provansadekor.rs\/wp-content\/uploads\/2019\/11\/IMG-1016166b30d6e7c1a708852e09c01955-V.jpg","contentUrl":"https:\/\/provansadekor.rs\/wp-content\/uploads\/2019\/11\/IMG-1016166b30d6e7c1a708852e09c01955-V.jpg","width":1280,"height":1280},{"@type":"BreadcrumbList","@id":"https:\/\/provansadekor.rs\/proizvod\/aranzman-korpa-07\/#breadcrumb","itemListElement":[{"@type":"ListItem","position":1,"name":"\u041f\u043e\u0447\u0435\u0442\u043d\u0430","item":"https:\/\/provansadekor.rs\/"},{"@type":"ListItem","position":2,"name":"\u041f\u0440\u043e\u0438\u0437\u0432\u043e\u0434\u0438","item":"https:\/\/provansadekor.rs\/shop\/"},{"@type":"ListItem","position":3,"name":"Veseli rodjendanski aran\u017eman u korpi"}]},{"@type":"WebSite","@id":"https:\/\/provansadekor.rs\/#website","url":"https:\/\/provansadekor.rs\/","name":"Provence Decor","description":"Flower delivery Belgrade - Event organization and decoration - Landscaping","publisher":{"@id":"https:\/\/provansadekor.rs\/#organization"},"potentialAction":[{"@type":"SearchAction","target":{"@type":"EntryPoint","urlTemplate":"https:\/\/provansadekor.rs\/?s={search_term_string}"},"query-input":{"@type":"PropertyValueSpecification","valueRequired":true,"valueName":"search_term_string"}}],"inLanguage":"en-US"},{"@type":"Organization","@id":"https:\/\/provansadekor.rs\/#organization","name":"Provence Decor Flower Shop Belgrade","url":"https:\/\/provansadekor.rs\/","logo":{"@type":"ImageObject","inLanguage":"en-US","@id":"https:\/\/provansadekor.rs\/#\/schema\/logo\/image\/","url":"https:\/\/provansadekor.rs\/wp-content\/uploads\/2022\/03\/logo-provansa.jpg","contentUrl":"https:\/\/provansadekor.rs\/wp-content\/uploads\/2022\/03\/logo-provansa.jpg","width":200,"height":200,"caption":"Provansa Dekor Cve\u0107ara Beograd"},"image":{"@id":"https:\/\/provansadekor.rs\/#\/schema\/logo\/image\/"},"sameAs":["https:\/\/www.facebook.com\/provansadekor","https:\/\/www.instagram.com\/provansadekor\/"]}]}},"_links":{"self":[{"href":"https:\/\/provansadekor.rs\/en\/wp-json\/wp\/v2\/product\/4960","targetHints":{"allow":["GET"]}}],"collection":[{"href":"https:\/\/provansadekor.rs\/en\/wp-json\/wp\/v2\/product"}],"about":[{"href":"https:\/\/provansadekor.rs\/en\/wp-json\/wp\/v2\/types\/product"}],"version-history":[{"count":5,"href":"https:\/\/provansadekor.rs\/en\/wp-json\/wp\/v2\/product\/4960\/revisions"}],"predecessor-version":[{"id":77250,"href":"https:\/\/provansadekor.rs\/en\/wp-json\/wp\/v2\/product\/4960\/revisions\/77250"}],"wp:featuredmedia":[{"embeddable":true,"href":"https:\/\/provansadekor.rs\/en\/wp-json\/wp\/v2\/media\/4953"}],"wp:attachment":[{"href":"https:\/\/provansadekor.rs\/en\/wp-json\/wp\/v2\/media?parent=4960"}],"wp:term":[{"taxonomy":"product_brand","embeddable":true,"href":"https:\/\/provansadekor.rs\/en\/wp-json\/wp\/v2\/product_brand?post=4960"},{"taxonomy":"product_cat","embeddable":true,"href":"https:\/\/provansadekor.rs\/en\/wp-json\/wp\/v2\/product_cat?post=4960"},{"taxonomy":"product_tag","embeddable":true,"href":"https:\/\/provansadekor.rs\/en\/wp-json\/wp\/v2\/product_tag?post=4960"}],"curies":[{"name":"wp","href":"https:\/\/api.w.org\/{rel}","templated":true}]}}