{"id":4901,"date":"2019-11-14T11:21:58","date_gmt":"2019-11-14T11:21:58","guid":{"rendered":"http:\/\/provansadekor.rs\/?post_type=product&#038;p=4901"},"modified":"2026-03-13T11:36:37","modified_gmt":"2026-03-13T10:36:37","slug":"box-aranzman-07","status":"publish","type":"product","link":"https:\/\/provansadekor.rs\/en\/proizvod\/box-arrangement-07\/","title":{"rendered":"White letter in red roses"},"content":{"rendered":"<p>Kinds of<strong> flowers in the arrangement: rose<\/strong> in white and red.<\/p>\n<p>Accompanying decoration: round box in black color, red bow made of satin ribbon, bow made of red lace ribbon, white bow made of thin satin ribbon, decorative wooden leaf.<\/p>\n<p>Make the name that is in your mind bear yours in yours. This creative gift idea comes to life every time the white roses form a letter. The eternal red and white combination will best accompany this idea as a birthday gift, an anniversary gift, coming of age, and in general a gift for any occasion.<\/p>\n<h2 style=\"text-align: center;\"><strong>Flower box roses, arrangement delivery in Belgrade<\/strong><\/h2>","protected":false},"excerpt":{"rendered":"<p>Types of flowers in the arrangement: rose in white and red. Accompanying decoration: round box in black color, red bow made of satin ribbon, bow made of red lace ribbon, white bow made of thin satin ribbon, decorative wooden leaf. Make the name that is in your mind bear yours in yours. This creative gift idea will liven up every [...]<\/p>","protected":false},"featured_media":4883,"template":"","meta":[],"product_brand":[],"product_cat":[146],"product_tag":[318],"class_list":{"0":"post-4901","1":"product","2":"type-product","3":"status-publish","4":"has-post-thumbnail","6":"product_cat-cvece-u-kutiji","7":"product_tag-crvene-ruze","9":"first","10":"instock","11":"featured","12":"shipping-taxable","13":"purchasable","14":"product-type-simple"},"yoast_head":"<!-- This site is optimized with the Yoast SEO Premium plugin v20.9 (Yoast SEO v26.5) - https:\/\/yoast.com\/wordpress\/plugins\/seo\/ -->\n<title>Belo slovo u crvenim ru\u017eama &#8211; Provansa Dekor<\/title>\n<meta name=\"description\" content=\"Vrste cve\u0107a u aran\u017emanu: ru\u017ea u beloj i crvenoj boji. Cvetni box ru\u017ea, dostava aran\u017emana u Beogradu\" \/>\n<meta name=\"robots\" content=\"index, follow, max-snippet:-1, max-image-preview:large, max-video-preview:-1\" \/>\n<link rel=\"canonical\" href=\"https:\/\/provansadekor.rs\/en\/proizvod\/box-arrangement-07\/\" \/>\n<meta property=\"og:locale\" content=\"en_US\" \/>\n<meta property=\"og:type\" content=\"article\" \/>\n<meta property=\"og:title\" content=\"Belo slovo u crvenim ru\u017eama\" \/>\n<meta property=\"og:description\" content=\"Vrste cve\u0107a u aran\u017emanu: ru\u017ea u beloj i crvenoj boji. Cvetni box ru\u017ea, dostava aran\u017emana u Beogradu\" \/>\n<meta property=\"og:url\" content=\"https:\/\/provansadekor.rs\/en\/proizvod\/box-arrangement-07\/\" \/>\n<meta property=\"og:site_name\" content=\"Provansa Dekor\" \/>\n<meta property=\"article:publisher\" content=\"https:\/\/www.facebook.com\/provansadekor\" \/>\n<meta property=\"article:modified_time\" content=\"2026-03-13T10:36:37+00:00\" \/>\n<meta property=\"og:image\" content=\"https:\/\/provansadekor.rs\/wp-content\/uploads\/2019\/11\/1212-2.jpg\" \/>\n\t<meta property=\"og:image:width\" content=\"1600\" \/>\n\t<meta property=\"og:image:height\" content=\"1600\" \/>\n\t<meta property=\"og:image:type\" content=\"image\/jpeg\" \/>\n<meta name=\"twitter:card\" content=\"summary_large_image\" \/>\n<meta name=\"twitter:label1\" content=\"Est. reading time\" \/>\n\t<meta name=\"twitter:data1\" content=\"1 minute\" \/>\n<script type=\"application\/ld+json\" class=\"yoast-schema-graph\">{\"@context\":\"https:\/\/schema.org\",\"@graph\":[{\"@type\":[\"WebPage\",\"ItemPage\"],\"@id\":\"https:\/\/provansadekor.rs\/proizvod\/box-aranzman-07\/\",\"url\":\"https:\/\/provansadekor.rs\/proizvod\/box-aranzman-07\/\",\"name\":\"Belo slovo u crvenim ru\u017eama &#8211; Provansa Dekor\",\"isPartOf\":{\"@id\":\"https:\/\/provansadekor.rs\/#website\"},\"primaryImageOfPage\":{\"@id\":\"https:\/\/provansadekor.rs\/proizvod\/box-aranzman-07\/#primaryimage\"},\"image\":{\"@id\":\"https:\/\/provansadekor.rs\/proizvod\/box-aranzman-07\/#primaryimage\"},\"thumbnailUrl\":\"https:\/\/provansadekor.rs\/wp-content\/uploads\/2019\/11\/1212-2.jpg\",\"datePublished\":\"2019-11-14T11:21:58+00:00\",\"dateModified\":\"2026-03-13T10:36:37+00:00\",\"description\":\"Vrste cve\u0107a u aran\u017emanu: ru\u017ea u beloj i crvenoj boji. Cvetni box ru\u017ea, dostava aran\u017emana u Beogradu\",\"breadcrumb\":{\"@id\":\"https:\/\/provansadekor.rs\/proizvod\/box-aranzman-07\/#breadcrumb\"},\"inLanguage\":\"en-US\",\"potentialAction\":[{\"@type\":\"ReadAction\",\"target\":[\"https:\/\/provansadekor.rs\/proizvod\/box-aranzman-07\/\"]}]},{\"@type\":\"ImageObject\",\"inLanguage\":\"en-US\",\"@id\":\"https:\/\/provansadekor.rs\/proizvod\/box-aranzman-07\/#primaryimage\",\"url\":\"https:\/\/provansadekor.rs\/wp-content\/uploads\/2019\/11\/1212-2.jpg\",\"contentUrl\":\"https:\/\/provansadekor.rs\/wp-content\/uploads\/2019\/11\/1212-2.jpg\",\"width\":1600,\"height\":1600},{\"@type\":\"BreadcrumbList\",\"@id\":\"https:\/\/provansadekor.rs\/proizvod\/box-aranzman-07\/#breadcrumb\",\"itemListElement\":[{\"@type\":\"ListItem\",\"position\":1,\"name\":\"\u041f\u043e\u0447\u0435\u0442\u043d\u0430\",\"item\":\"https:\/\/provansadekor.rs\/\"},{\"@type\":\"ListItem\",\"position\":2,\"name\":\"\u041f\u0440\u043e\u0438\u0437\u0432\u043e\u0434\u0438\",\"item\":\"https:\/\/provansadekor.rs\/shop\/\"},{\"@type\":\"ListItem\",\"position\":3,\"name\":\"Belo slovo u crvenim ru\u017eama\"}]},{\"@type\":\"WebSite\",\"@id\":\"https:\/\/provansadekor.rs\/#website\",\"url\":\"https:\/\/provansadekor.rs\/\",\"name\":\"Provansa Dekor\",\"description\":\"Dostava cve\u0107a Beograd - Organizacija i Dekoracija doga\u0111aja - Ure\u0111enje zelenih povr\u0161ina\",\"publisher\":{\"@id\":\"https:\/\/provansadekor.rs\/#organization\"},\"potentialAction\":[{\"@type\":\"SearchAction\",\"target\":{\"@type\":\"EntryPoint\",\"urlTemplate\":\"https:\/\/provansadekor.rs\/?s={search_term_string}\"},\"query-input\":{\"@type\":\"PropertyValueSpecification\",\"valueRequired\":true,\"valueName\":\"search_term_string\"}}],\"inLanguage\":\"en-US\"},{\"@type\":\"Organization\",\"@id\":\"https:\/\/provansadekor.rs\/#organization\",\"name\":\"Provansa Dekor Cve\u0107ara Beograd\",\"url\":\"https:\/\/provansadekor.rs\/\",\"logo\":{\"@type\":\"ImageObject\",\"inLanguage\":\"en-US\",\"@id\":\"https:\/\/provansadekor.rs\/#\/schema\/logo\/image\/\",\"url\":\"https:\/\/provansadekor.rs\/wp-content\/uploads\/2022\/03\/logo-provansa.jpg\",\"contentUrl\":\"https:\/\/provansadekor.rs\/wp-content\/uploads\/2022\/03\/logo-provansa.jpg\",\"width\":200,\"height\":200,\"caption\":\"Provansa Dekor Cve\u0107ara Beograd\"},\"image\":{\"@id\":\"https:\/\/provansadekor.rs\/#\/schema\/logo\/image\/\"},\"sameAs\":[\"https:\/\/www.facebook.com\/provansadekor\",\"https:\/\/www.instagram.com\/provansadekor\/\"]}]}<\/script>\n<!-- \/ Yoast SEO Premium plugin. -->","yoast_head_json":{"title":"White letters in red roses - Provence Decor","description":"Types of flowers in the arrangement: rose in white and red. Flower box roses, arrangement delivery in Belgrade","robots":{"index":"index","follow":"follow","max-snippet":"max-snippet:-1","max-image-preview":"max-image-preview:large","max-video-preview":"max-video-preview:-1"},"canonical":"https:\/\/provansadekor.rs\/en\/proizvod\/box-arrangement-07\/","og_locale":"en_US","og_type":"article","og_title":"Belo slovo u crvenim ru\u017eama","og_description":"Vrste cve\u0107a u aran\u017emanu: ru\u017ea u beloj i crvenoj boji. Cvetni box ru\u017ea, dostava aran\u017emana u Beogradu","og_url":"https:\/\/provansadekor.rs\/en\/proizvod\/box-arrangement-07\/","og_site_name":"Provansa Dekor","article_publisher":"https:\/\/www.facebook.com\/provansadekor","article_modified_time":"2026-03-13T10:36:37+00:00","og_image":[{"width":1600,"height":1600,"url":"https:\/\/provansadekor.rs\/wp-content\/uploads\/2019\/11\/1212-2.jpg","type":"image\/jpeg"}],"twitter_card":"summary_large_image","twitter_misc":{"Est. reading time":"1 minute"},"schema":{"@context":"https:\/\/schema.org","@graph":[{"@type":["WebPage","ItemPage"],"@id":"https:\/\/provansadekor.rs\/proizvod\/box-aranzman-07\/","url":"https:\/\/provansadekor.rs\/proizvod\/box-aranzman-07\/","name":"White letters in red roses - Provence Decor","isPartOf":{"@id":"https:\/\/provansadekor.rs\/#website"},"primaryImageOfPage":{"@id":"https:\/\/provansadekor.rs\/proizvod\/box-aranzman-07\/#primaryimage"},"image":{"@id":"https:\/\/provansadekor.rs\/proizvod\/box-aranzman-07\/#primaryimage"},"thumbnailUrl":"https:\/\/provansadekor.rs\/wp-content\/uploads\/2019\/11\/1212-2.jpg","datePublished":"2019-11-14T11:21:58+00:00","dateModified":"2026-03-13T10:36:37+00:00","description":"Types of flowers in the arrangement: rose in white and red. Flower box roses, arrangement delivery in Belgrade","breadcrumb":{"@id":"https:\/\/provansadekor.rs\/proizvod\/box-aranzman-07\/#breadcrumb"},"inLanguage":"en-US","potentialAction":[{"@type":"ReadAction","target":["https:\/\/provansadekor.rs\/proizvod\/box-aranzman-07\/"]}]},{"@type":"ImageObject","inLanguage":"en-US","@id":"https:\/\/provansadekor.rs\/proizvod\/box-aranzman-07\/#primaryimage","url":"https:\/\/provansadekor.rs\/wp-content\/uploads\/2019\/11\/1212-2.jpg","contentUrl":"https:\/\/provansadekor.rs\/wp-content\/uploads\/2019\/11\/1212-2.jpg","width":1600,"height":1600},{"@type":"BreadcrumbList","@id":"https:\/\/provansadekor.rs\/proizvod\/box-aranzman-07\/#breadcrumb","itemListElement":[{"@type":"ListItem","position":1,"name":"\u041f\u043e\u0447\u0435\u0442\u043d\u0430","item":"https:\/\/provansadekor.rs\/"},{"@type":"ListItem","position":2,"name":"\u041f\u0440\u043e\u0438\u0437\u0432\u043e\u0434\u0438","item":"https:\/\/provansadekor.rs\/shop\/"},{"@type":"ListItem","position":3,"name":"Belo slovo u crvenim ru\u017eama"}]},{"@type":"WebSite","@id":"https:\/\/provansadekor.rs\/#website","url":"https:\/\/provansadekor.rs\/","name":"Provence Decor","description":"Flower delivery Belgrade - Event organization and decoration - Landscaping","publisher":{"@id":"https:\/\/provansadekor.rs\/#organization"},"potentialAction":[{"@type":"SearchAction","target":{"@type":"EntryPoint","urlTemplate":"https:\/\/provansadekor.rs\/?s={search_term_string}"},"query-input":{"@type":"PropertyValueSpecification","valueRequired":true,"valueName":"search_term_string"}}],"inLanguage":"en-US"},{"@type":"Organization","@id":"https:\/\/provansadekor.rs\/#organization","name":"Provence Decor Flower Shop Belgrade","url":"https:\/\/provansadekor.rs\/","logo":{"@type":"ImageObject","inLanguage":"en-US","@id":"https:\/\/provansadekor.rs\/#\/schema\/logo\/image\/","url":"https:\/\/provansadekor.rs\/wp-content\/uploads\/2022\/03\/logo-provansa.jpg","contentUrl":"https:\/\/provansadekor.rs\/wp-content\/uploads\/2022\/03\/logo-provansa.jpg","width":200,"height":200,"caption":"Provansa Dekor Cve\u0107ara Beograd"},"image":{"@id":"https:\/\/provansadekor.rs\/#\/schema\/logo\/image\/"},"sameAs":["https:\/\/www.facebook.com\/provansadekor","https:\/\/www.instagram.com\/provansadekor\/"]}]}},"_links":{"self":[{"href":"https:\/\/provansadekor.rs\/en\/wp-json\/wp\/v2\/product\/4901","targetHints":{"allow":["GET"]}}],"collection":[{"href":"https:\/\/provansadekor.rs\/en\/wp-json\/wp\/v2\/product"}],"about":[{"href":"https:\/\/provansadekor.rs\/en\/wp-json\/wp\/v2\/types\/product"}],"version-history":[{"count":4,"href":"https:\/\/provansadekor.rs\/en\/wp-json\/wp\/v2\/product\/4901\/revisions"}],"predecessor-version":[{"id":67458,"href":"https:\/\/provansadekor.rs\/en\/wp-json\/wp\/v2\/product\/4901\/revisions\/67458"}],"wp:featuredmedia":[{"embeddable":true,"href":"https:\/\/provansadekor.rs\/en\/wp-json\/wp\/v2\/media\/4883"}],"wp:attachment":[{"href":"https:\/\/provansadekor.rs\/en\/wp-json\/wp\/v2\/media?parent=4901"}],"wp:term":[{"taxonomy":"product_brand","embeddable":true,"href":"https:\/\/provansadekor.rs\/en\/wp-json\/wp\/v2\/product_brand?post=4901"},{"taxonomy":"product_cat","embeddable":true,"href":"https:\/\/provansadekor.rs\/en\/wp-json\/wp\/v2\/product_cat?post=4901"},{"taxonomy":"product_tag","embeddable":true,"href":"https:\/\/provansadekor.rs\/en\/wp-json\/wp\/v2\/product_tag?post=4901"}],"curies":[{"name":"wp","href":"https:\/\/api.w.org\/{rel}","templated":true}]}}