{"id":48856,"date":"2022-02-11T04:02:01","date_gmt":"2022-02-11T03:02:01","guid":{"rendered":"http:\/\/provansadekor.rs\/?post_type=product&#038;p=48856"},"modified":"2026-03-13T11:33:59","modified_gmt":"2026-03-13T10:33:59","slug":"cvetni-roze-zagrljaj","status":"publish","type":"product","link":"https:\/\/provansadekor.rs\/en\/proizvod\/floral-pink-hug\/","title":{"rendered":"A floral pink hug"},"content":{"rendered":"<p>Kinds of <strong>flowers in an arrangement<\/strong>: <strong>pink rose, light pink rose, pink lisianthus, pink carnation, mini white carnation, pink limonium, gypsophila, pampas, eucalyptus.<\/strong><\/p>\n<p>Accompanying <strong>decoration<\/strong>: round tall pink plush box, light pink satin ribbon bow, lilac satin ribbon bow.<\/p>\n<p><strong>Elegant and gentle<\/strong> a combination of cut <strong>rose flowers<\/strong> and carnation complemented by lisianthus and small flowers rounding off this irresistible creation.<br \/>\nPink <strong>flower arrangement<\/strong> for every occasion is waiting for you in ours <strong>online florists<\/strong>, available 24\/7.<\/p>\n<h2 style=\"text-align: center;\"><strong>Pink flower arrangement - Cve\u0107ara Belgrade\u00a0<\/strong><\/h2>","protected":false},"excerpt":{"rendered":"<p>Types of flowers in the arrangement: pink rose, light pink rose, pink lisianthus, pink carnation, mini white carnation, pink limonium, gypsophila, pampas, eucalyptus. Accompanying decoration: round tall pink plush box, light pink satin ribbon bow, lilac satin ribbon bow. An elegant and delicate combination of cut flowers of roses and carnations, complemented by lisianthus and small flowers that round off [\u2026]<\/p>","protected":false},"featured_media":68420,"template":"","meta":[],"product_brand":[],"product_cat":[169,146],"product_tag":[],"class_list":{"0":"post-48856","1":"product","2":"type-product","3":"status-publish","4":"has-post-thumbnail","6":"product_cat-dan-zaljubljenih","7":"product_cat-cvece-u-kutiji","9":"first","10":"instock","11":"shipping-taxable","12":"purchasable","13":"product-type-simple"},"yoast_head":"<!-- This site is optimized with the Yoast SEO Premium plugin v20.9 (Yoast SEO v26.5) - https:\/\/yoast.com\/wordpress\/plugins\/seo\/ -->\n<title>Cvetni roze zagrljaj &#8211; Provansa Dekor<\/title>\n<meta name=\"description\" content=\"Roze cvetni aran\u017eman za svaku priliku \u010deka vas u na\u0161oj online cve\u0107ari, dostupnoj 24\/7.Roze cvetni aran\u017eman - Cve\u0107ara Beograd\u00a0\" \/>\n<meta name=\"robots\" content=\"index, follow, max-snippet:-1, max-image-preview:large, max-video-preview:-1\" \/>\n<link rel=\"canonical\" href=\"https:\/\/provansadekor.rs\/en\/proizvod\/floral-pink-hug\/\" \/>\n<meta property=\"og:locale\" content=\"en_US\" \/>\n<meta property=\"og:type\" content=\"article\" \/>\n<meta property=\"og:title\" content=\"Cvetni roze zagrljaj\" \/>\n<meta property=\"og:description\" content=\"Roze cvetni aran\u017eman za svaku priliku \u010deka vas u na\u0161oj online cve\u0107ari, dostupnoj 24\/7.Roze cvetni aran\u017eman - Cve\u0107ara Beograd\u00a0\" \/>\n<meta property=\"og:url\" content=\"https:\/\/provansadekor.rs\/en\/proizvod\/floral-pink-hug\/\" \/>\n<meta property=\"og:site_name\" content=\"Provansa Dekor\" \/>\n<meta property=\"article:publisher\" content=\"https:\/\/www.facebook.com\/provansadekor\" \/>\n<meta property=\"article:modified_time\" content=\"2026-03-13T10:33:59+00:00\" \/>\n<meta property=\"og:image\" content=\"https:\/\/provansadekor.rs\/wp-content\/uploads\/2022\/10\/12-2.jpg\" \/>\n\t<meta property=\"og:image:width\" content=\"900\" \/>\n\t<meta property=\"og:image:height\" content=\"900\" \/>\n\t<meta property=\"og:image:type\" content=\"image\/jpeg\" \/>\n<meta name=\"twitter:card\" content=\"summary_large_image\" \/>\n<meta name=\"twitter:label1\" content=\"Est. reading time\" \/>\n\t<meta name=\"twitter:data1\" content=\"1 minute\" \/>\n<script type=\"application\/ld+json\" class=\"yoast-schema-graph\">{\"@context\":\"https:\/\/schema.org\",\"@graph\":[{\"@type\":[\"WebPage\",\"ItemPage\"],\"@id\":\"https:\/\/provansadekor.rs\/proizvod\/cvetni-roze-zagrljaj\/\",\"url\":\"https:\/\/provansadekor.rs\/proizvod\/cvetni-roze-zagrljaj\/\",\"name\":\"Cvetni roze zagrljaj &#8211; Provansa Dekor\",\"isPartOf\":{\"@id\":\"https:\/\/provansadekor.rs\/#website\"},\"primaryImageOfPage\":{\"@id\":\"https:\/\/provansadekor.rs\/proizvod\/cvetni-roze-zagrljaj\/#primaryimage\"},\"image\":{\"@id\":\"https:\/\/provansadekor.rs\/proizvod\/cvetni-roze-zagrljaj\/#primaryimage\"},\"thumbnailUrl\":\"https:\/\/provansadekor.rs\/wp-content\/uploads\/2022\/10\/12-2.jpg\",\"datePublished\":\"2022-02-11T03:02:01+00:00\",\"dateModified\":\"2026-03-13T10:33:59+00:00\",\"description\":\"Roze cvetni aran\u017eman za svaku priliku \u010deka vas u na\u0161oj online cve\u0107ari, dostupnoj 24\/7.Roze cvetni aran\u017eman - Cve\u0107ara Beograd\u00a0\",\"breadcrumb\":{\"@id\":\"https:\/\/provansadekor.rs\/proizvod\/cvetni-roze-zagrljaj\/#breadcrumb\"},\"inLanguage\":\"en-US\",\"potentialAction\":[{\"@type\":\"ReadAction\",\"target\":[\"https:\/\/provansadekor.rs\/proizvod\/cvetni-roze-zagrljaj\/\"]}]},{\"@type\":\"ImageObject\",\"inLanguage\":\"en-US\",\"@id\":\"https:\/\/provansadekor.rs\/proizvod\/cvetni-roze-zagrljaj\/#primaryimage\",\"url\":\"https:\/\/provansadekor.rs\/wp-content\/uploads\/2022\/10\/12-2.jpg\",\"contentUrl\":\"https:\/\/provansadekor.rs\/wp-content\/uploads\/2022\/10\/12-2.jpg\",\"width\":900,\"height\":900},{\"@type\":\"BreadcrumbList\",\"@id\":\"https:\/\/provansadekor.rs\/proizvod\/cvetni-roze-zagrljaj\/#breadcrumb\",\"itemListElement\":[{\"@type\":\"ListItem\",\"position\":1,\"name\":\"\u041f\u043e\u0447\u0435\u0442\u043d\u0430\",\"item\":\"https:\/\/provansadekor.rs\/\"},{\"@type\":\"ListItem\",\"position\":2,\"name\":\"\u041f\u0440\u043e\u0438\u0437\u0432\u043e\u0434\u0438\",\"item\":\"https:\/\/provansadekor.rs\/shop\/\"},{\"@type\":\"ListItem\",\"position\":3,\"name\":\"Cvetni roze zagrljaj\"}]},{\"@type\":\"WebSite\",\"@id\":\"https:\/\/provansadekor.rs\/#website\",\"url\":\"https:\/\/provansadekor.rs\/\",\"name\":\"Provansa Dekor\",\"description\":\"Dostava cve\u0107a Beograd - Organizacija i Dekoracija doga\u0111aja - Ure\u0111enje zelenih povr\u0161ina\",\"publisher\":{\"@id\":\"https:\/\/provansadekor.rs\/#organization\"},\"potentialAction\":[{\"@type\":\"SearchAction\",\"target\":{\"@type\":\"EntryPoint\",\"urlTemplate\":\"https:\/\/provansadekor.rs\/?s={search_term_string}\"},\"query-input\":{\"@type\":\"PropertyValueSpecification\",\"valueRequired\":true,\"valueName\":\"search_term_string\"}}],\"inLanguage\":\"en-US\"},{\"@type\":\"Organization\",\"@id\":\"https:\/\/provansadekor.rs\/#organization\",\"name\":\"Provansa Dekor Cve\u0107ara Beograd\",\"url\":\"https:\/\/provansadekor.rs\/\",\"logo\":{\"@type\":\"ImageObject\",\"inLanguage\":\"en-US\",\"@id\":\"https:\/\/provansadekor.rs\/#\/schema\/logo\/image\/\",\"url\":\"https:\/\/provansadekor.rs\/wp-content\/uploads\/2022\/03\/logo-provansa.jpg\",\"contentUrl\":\"https:\/\/provansadekor.rs\/wp-content\/uploads\/2022\/03\/logo-provansa.jpg\",\"width\":200,\"height\":200,\"caption\":\"Provansa Dekor Cve\u0107ara Beograd\"},\"image\":{\"@id\":\"https:\/\/provansadekor.rs\/#\/schema\/logo\/image\/\"},\"sameAs\":[\"https:\/\/www.facebook.com\/provansadekor\",\"https:\/\/www.instagram.com\/provansadekor\/\"]}]}<\/script>\n<!-- \/ Yoast SEO Premium plugin. -->","yoast_head_json":{"title":"Floral pink hug - Provence Decor","description":"A pink flower arrangement for any occasion awaits you in our online flower shop, available 24\/7. Pink flower arrangement - Flower Shop Belgrade\u00a0","robots":{"index":"index","follow":"follow","max-snippet":"max-snippet:-1","max-image-preview":"max-image-preview:large","max-video-preview":"max-video-preview:-1"},"canonical":"https:\/\/provansadekor.rs\/en\/proizvod\/floral-pink-hug\/","og_locale":"en_US","og_type":"article","og_title":"Cvetni roze zagrljaj","og_description":"Roze cvetni aran\u017eman za svaku priliku \u010deka vas u na\u0161oj online cve\u0107ari, dostupnoj 24\/7.Roze cvetni aran\u017eman - Cve\u0107ara Beograd\u00a0","og_url":"https:\/\/provansadekor.rs\/en\/proizvod\/floral-pink-hug\/","og_site_name":"Provansa Dekor","article_publisher":"https:\/\/www.facebook.com\/provansadekor","article_modified_time":"2026-03-13T10:33:59+00:00","og_image":[{"width":900,"height":900,"url":"https:\/\/provansadekor.rs\/wp-content\/uploads\/2022\/10\/12-2.jpg","type":"image\/jpeg"}],"twitter_card":"summary_large_image","twitter_misc":{"Est. reading time":"1 minute"},"schema":{"@context":"https:\/\/schema.org","@graph":[{"@type":["WebPage","ItemPage"],"@id":"https:\/\/provansadekor.rs\/proizvod\/cvetni-roze-zagrljaj\/","url":"https:\/\/provansadekor.rs\/proizvod\/cvetni-roze-zagrljaj\/","name":"Floral pink hug - Provence Decor","isPartOf":{"@id":"https:\/\/provansadekor.rs\/#website"},"primaryImageOfPage":{"@id":"https:\/\/provansadekor.rs\/proizvod\/cvetni-roze-zagrljaj\/#primaryimage"},"image":{"@id":"https:\/\/provansadekor.rs\/proizvod\/cvetni-roze-zagrljaj\/#primaryimage"},"thumbnailUrl":"https:\/\/provansadekor.rs\/wp-content\/uploads\/2022\/10\/12-2.jpg","datePublished":"2022-02-11T03:02:01+00:00","dateModified":"2026-03-13T10:33:59+00:00","description":"A pink flower arrangement for any occasion awaits you in our online flower shop, available 24\/7. Pink flower arrangement - Flower Shop Belgrade\u00a0","breadcrumb":{"@id":"https:\/\/provansadekor.rs\/proizvod\/cvetni-roze-zagrljaj\/#breadcrumb"},"inLanguage":"en-US","potentialAction":[{"@type":"ReadAction","target":["https:\/\/provansadekor.rs\/proizvod\/cvetni-roze-zagrljaj\/"]}]},{"@type":"ImageObject","inLanguage":"en-US","@id":"https:\/\/provansadekor.rs\/proizvod\/cvetni-roze-zagrljaj\/#primaryimage","url":"https:\/\/provansadekor.rs\/wp-content\/uploads\/2022\/10\/12-2.jpg","contentUrl":"https:\/\/provansadekor.rs\/wp-content\/uploads\/2022\/10\/12-2.jpg","width":900,"height":900},{"@type":"BreadcrumbList","@id":"https:\/\/provansadekor.rs\/proizvod\/cvetni-roze-zagrljaj\/#breadcrumb","itemListElement":[{"@type":"ListItem","position":1,"name":"\u041f\u043e\u0447\u0435\u0442\u043d\u0430","item":"https:\/\/provansadekor.rs\/"},{"@type":"ListItem","position":2,"name":"\u041f\u0440\u043e\u0438\u0437\u0432\u043e\u0434\u0438","item":"https:\/\/provansadekor.rs\/shop\/"},{"@type":"ListItem","position":3,"name":"Cvetni roze zagrljaj"}]},{"@type":"WebSite","@id":"https:\/\/provansadekor.rs\/#website","url":"https:\/\/provansadekor.rs\/","name":"Provence Decor","description":"Flower delivery Belgrade - Event organization and decoration - Landscaping","publisher":{"@id":"https:\/\/provansadekor.rs\/#organization"},"potentialAction":[{"@type":"SearchAction","target":{"@type":"EntryPoint","urlTemplate":"https:\/\/provansadekor.rs\/?s={search_term_string}"},"query-input":{"@type":"PropertyValueSpecification","valueRequired":true,"valueName":"search_term_string"}}],"inLanguage":"en-US"},{"@type":"Organization","@id":"https:\/\/provansadekor.rs\/#organization","name":"Provence Decor Flower Shop Belgrade","url":"https:\/\/provansadekor.rs\/","logo":{"@type":"ImageObject","inLanguage":"en-US","@id":"https:\/\/provansadekor.rs\/#\/schema\/logo\/image\/","url":"https:\/\/provansadekor.rs\/wp-content\/uploads\/2022\/03\/logo-provansa.jpg","contentUrl":"https:\/\/provansadekor.rs\/wp-content\/uploads\/2022\/03\/logo-provansa.jpg","width":200,"height":200,"caption":"Provansa Dekor Cve\u0107ara Beograd"},"image":{"@id":"https:\/\/provansadekor.rs\/#\/schema\/logo\/image\/"},"sameAs":["https:\/\/www.facebook.com\/provansadekor","https:\/\/www.instagram.com\/provansadekor\/"]}]}},"_links":{"self":[{"href":"https:\/\/provansadekor.rs\/en\/wp-json\/wp\/v2\/product\/48856","targetHints":{"allow":["GET"]}}],"collection":[{"href":"https:\/\/provansadekor.rs\/en\/wp-json\/wp\/v2\/product"}],"about":[{"href":"https:\/\/provansadekor.rs\/en\/wp-json\/wp\/v2\/types\/product"}],"version-history":[{"count":11,"href":"https:\/\/provansadekor.rs\/en\/wp-json\/wp\/v2\/product\/48856\/revisions"}],"predecessor-version":[{"id":70570,"href":"https:\/\/provansadekor.rs\/en\/wp-json\/wp\/v2\/product\/48856\/revisions\/70570"}],"wp:featuredmedia":[{"embeddable":true,"href":"https:\/\/provansadekor.rs\/en\/wp-json\/wp\/v2\/media\/68420"}],"wp:attachment":[{"href":"https:\/\/provansadekor.rs\/en\/wp-json\/wp\/v2\/media?parent=48856"}],"wp:term":[{"taxonomy":"product_brand","embeddable":true,"href":"https:\/\/provansadekor.rs\/en\/wp-json\/wp\/v2\/product_brand?post=48856"},{"taxonomy":"product_cat","embeddable":true,"href":"https:\/\/provansadekor.rs\/en\/wp-json\/wp\/v2\/product_cat?post=48856"},{"taxonomy":"product_tag","embeddable":true,"href":"https:\/\/provansadekor.rs\/en\/wp-json\/wp\/v2\/product_tag?post=48856"}],"curies":[{"name":"wp","href":"https:\/\/api.w.org\/{rel}","templated":true}]}}