{"id":48850,"date":"2022-02-11T03:59:27","date_gmt":"2022-02-11T02:59:27","guid":{"rendered":"http:\/\/provansadekor.rs\/?post_type=product&#038;p=48850"},"modified":"2026-03-07T16:05:12","modified_gmt":"2026-03-07T15:05:12","slug":"slatki-poljubac-lila-ruza-u-aranzmanu","status":"publish","type":"product","link":"https:\/\/provansadekor.rs\/en\/proizvod\/sweet-kiss-lilac-rose-in-arrangement\/","title":{"rendered":"A sweet kiss of lilac roses in an arrangement"},"content":{"rendered":"<p><em>Kinds of <strong>flowers in an arrangement<\/strong><\/em>: lila ru\u017ea, beli lizijantus,hrizantema, eukaliptus, limonium.<\/p>\n<p><em>Accompanying decoration<\/em>:\u00a0 drvena kockasta kutija, lila ma\u0161na<\/p>\n<p><strong>Flowers in a pink box<\/strong>e, kockastog oblika, ne\u017ena kombinacija govori svoju ne\u017enu pri\u010du,\u00a0 savr\u0161en poklon va\u0161oj voljenoj osobi. Priklju\u010dite joj se i ulep\u0161ajte joj dan.<\/p>\n<p>Product declaration, country of origin and manufacturer are available on the label of the product itself.<\/p>\n<h2 style=\"text-align: center;\"><strong>Flowers in a box, Flower Delivery<\/strong><\/h2>\n<p>&nbsp;<\/p>","protected":false},"excerpt":{"rendered":"<p>Vrste cve\u0107a u aran\u017emanu: lila ru\u017ea, beli lizijantus,hrizantema, eukaliptus, limonium. Prate\u0107a dekoracija:\u00a0 drvena kockasta kutija, lila ma\u0161na Cve\u0107e u kutiji roze boje, kockastog oblika, ne\u017ena kombinacija govori svoju ne\u017enu pri\u010du,\u00a0 savr\u0161en poklon va\u0161oj voljenoj osobi. Priklju\u010dite joj se i ulep\u0161ajte joj dan. Deklaracija proizvoda, zemlja porekla i proizvodja\u010d su dostupni na etiketi samog proizvoda. Cve\u0107e [&hellip;]<\/p>","protected":false},"featured_media":84375,"template":"","meta":[],"product_brand":[324],"product_cat":[320,116],"product_tag":[323],"class_list":{"0":"post-48850","1":"product","2":"type-product","3":"status-publish","4":"has-post-thumbnail","6":"product_brand-jesen-2025-by-provansa-dekor","7":"product_cat-8-mart","8":"product_cat-cvetni-aranzmani","9":"product_tag-sept25","11":"first","12":"instock","13":"shipping-taxable","14":"purchasable","15":"product-type-simple"},"yoast_head":"<!-- This site is optimized with the Yoast SEO Premium plugin v20.9 (Yoast SEO v26.5) - https:\/\/yoast.com\/wordpress\/plugins\/seo\/ -->\n<title>Slatki poljubac lila ru\u017ea u aran\u017emanu &#8211; Provansa Dekor<\/title>\n<meta name=\"description\" content=\"Cve\u0107e u kutiji crne boje, kru\u017enog oblika i prozirnog uzvi\u0161enja sa \u010dokoladicama. Ne\u017ena kombinacija lila ru\u017ea, krem lizijantusa i \u010di\u010dka govori svoju ne\u017enu pri\u010du. Priklju\u010dite joj se i zasladite ne\u010diji dan.Cve\u0107e u kutiji, Dostava Cve\u0107a\" \/>\n<meta name=\"robots\" content=\"index, follow, max-snippet:-1, max-image-preview:large, max-video-preview:-1\" \/>\n<link rel=\"canonical\" href=\"https:\/\/provansadekor.rs\/en\/proizvod\/sweet-kiss-lilac-rose-in-arrangement\/\" \/>\n<meta property=\"og:locale\" content=\"en_US\" \/>\n<meta property=\"og:type\" content=\"article\" \/>\n<meta property=\"og:title\" content=\"Slatki poljubac lila ru\u017ea u aran\u017emanu\" \/>\n<meta property=\"og:description\" content=\"Cve\u0107e u kutiji crne boje, kru\u017enog oblika i prozirnog uzvi\u0161enja sa \u010dokoladicama. Ne\u017ena kombinacija lila ru\u017ea, krem lizijantusa i \u010di\u010dka govori svoju ne\u017enu pri\u010du. Priklju\u010dite joj se i zasladite ne\u010diji dan.Cve\u0107e u kutiji, Dostava Cve\u0107a\" \/>\n<meta property=\"og:url\" content=\"https:\/\/provansadekor.rs\/en\/proizvod\/sweet-kiss-lilac-rose-in-arrangement\/\" \/>\n<meta property=\"og:site_name\" content=\"Provansa Dekor\" \/>\n<meta property=\"article:publisher\" content=\"https:\/\/www.facebook.com\/provansadekor\" \/>\n<meta property=\"article:modified_time\" content=\"2026-03-07T15:05:12+00:00\" \/>\n<meta property=\"og:image\" content=\"https:\/\/provansadekor.rs\/wp-content\/uploads\/2025\/07\/DSC_9140-scaled.jpg\" \/>\n\t<meta property=\"og:image:width\" content=\"2560\" \/>\n\t<meta property=\"og:image:height\" content=\"1761\" \/>\n\t<meta property=\"og:image:type\" content=\"image\/jpeg\" \/>\n<meta name=\"twitter:card\" content=\"summary_large_image\" \/>\n<meta name=\"twitter:label1\" content=\"Est. reading time\" \/>\n\t<meta name=\"twitter:data1\" content=\"1 minute\" \/>\n<script type=\"application\/ld+json\" class=\"yoast-schema-graph\">{\"@context\":\"https:\/\/schema.org\",\"@graph\":[{\"@type\":[\"WebPage\",\"ItemPage\"],\"@id\":\"https:\/\/provansadekor.rs\/proizvod\/slatki-poljubac-lila-ruza-u-aranzmanu\/\",\"url\":\"https:\/\/provansadekor.rs\/proizvod\/slatki-poljubac-lila-ruza-u-aranzmanu\/\",\"name\":\"Slatki poljubac lila ru\u017ea u aran\u017emanu &#8211; Provansa Dekor\",\"isPartOf\":{\"@id\":\"https:\/\/provansadekor.rs\/#website\"},\"primaryImageOfPage\":{\"@id\":\"https:\/\/provansadekor.rs\/proizvod\/slatki-poljubac-lila-ruza-u-aranzmanu\/#primaryimage\"},\"image\":{\"@id\":\"https:\/\/provansadekor.rs\/proizvod\/slatki-poljubac-lila-ruza-u-aranzmanu\/#primaryimage\"},\"thumbnailUrl\":\"https:\/\/provansadekor.rs\/wp-content\/uploads\/2025\/07\/DSC_9140-scaled.jpg\",\"datePublished\":\"2022-02-11T02:59:27+00:00\",\"dateModified\":\"2026-03-07T15:05:12+00:00\",\"description\":\"Cve\u0107e u kutiji crne boje, kru\u017enog oblika i prozirnog uzvi\u0161enja sa \u010dokoladicama. Ne\u017ena kombinacija lila ru\u017ea, krem lizijantusa i \u010di\u010dka govori svoju ne\u017enu pri\u010du. Priklju\u010dite joj se i zasladite ne\u010diji dan.Cve\u0107e u kutiji, Dostava Cve\u0107a\",\"breadcrumb\":{\"@id\":\"https:\/\/provansadekor.rs\/proizvod\/slatki-poljubac-lila-ruza-u-aranzmanu\/#breadcrumb\"},\"inLanguage\":\"en-US\",\"potentialAction\":[{\"@type\":\"ReadAction\",\"target\":[\"https:\/\/provansadekor.rs\/proizvod\/slatki-poljubac-lila-ruza-u-aranzmanu\/\"]}]},{\"@type\":\"ImageObject\",\"inLanguage\":\"en-US\",\"@id\":\"https:\/\/provansadekor.rs\/proizvod\/slatki-poljubac-lila-ruza-u-aranzmanu\/#primaryimage\",\"url\":\"https:\/\/provansadekor.rs\/wp-content\/uploads\/2025\/07\/DSC_9140-scaled.jpg\",\"contentUrl\":\"https:\/\/provansadekor.rs\/wp-content\/uploads\/2025\/07\/DSC_9140-scaled.jpg\",\"width\":2560,\"height\":1761},{\"@type\":\"BreadcrumbList\",\"@id\":\"https:\/\/provansadekor.rs\/proizvod\/slatki-poljubac-lila-ruza-u-aranzmanu\/#breadcrumb\",\"itemListElement\":[{\"@type\":\"ListItem\",\"position\":1,\"name\":\"\u041f\u043e\u0447\u0435\u0442\u043d\u0430\",\"item\":\"https:\/\/provansadekor.rs\/\"},{\"@type\":\"ListItem\",\"position\":2,\"name\":\"\u041f\u0440\u043e\u0438\u0437\u0432\u043e\u0434\u0438\",\"item\":\"https:\/\/provansadekor.rs\/shop\/\"},{\"@type\":\"ListItem\",\"position\":3,\"name\":\"Slatki poljubac lila ru\u017ea u aran\u017emanu\"}]},{\"@type\":\"WebSite\",\"@id\":\"https:\/\/provansadekor.rs\/#website\",\"url\":\"https:\/\/provansadekor.rs\/\",\"name\":\"Provansa Dekor\",\"description\":\"Dostava cve\u0107a Beograd - Organizacija i Dekoracija doga\u0111aja - Ure\u0111enje zelenih povr\u0161ina\",\"publisher\":{\"@id\":\"https:\/\/provansadekor.rs\/#organization\"},\"potentialAction\":[{\"@type\":\"SearchAction\",\"target\":{\"@type\":\"EntryPoint\",\"urlTemplate\":\"https:\/\/provansadekor.rs\/?s={search_term_string}\"},\"query-input\":{\"@type\":\"PropertyValueSpecification\",\"valueRequired\":true,\"valueName\":\"search_term_string\"}}],\"inLanguage\":\"en-US\"},{\"@type\":\"Organization\",\"@id\":\"https:\/\/provansadekor.rs\/#organization\",\"name\":\"Provansa Dekor Cve\u0107ara Beograd\",\"url\":\"https:\/\/provansadekor.rs\/\",\"logo\":{\"@type\":\"ImageObject\",\"inLanguage\":\"en-US\",\"@id\":\"https:\/\/provansadekor.rs\/#\/schema\/logo\/image\/\",\"url\":\"https:\/\/provansadekor.rs\/wp-content\/uploads\/2022\/03\/logo-provansa.jpg\",\"contentUrl\":\"https:\/\/provansadekor.rs\/wp-content\/uploads\/2022\/03\/logo-provansa.jpg\",\"width\":200,\"height\":200,\"caption\":\"Provansa Dekor Cve\u0107ara Beograd\"},\"image\":{\"@id\":\"https:\/\/provansadekor.rs\/#\/schema\/logo\/image\/\"},\"sameAs\":[\"https:\/\/www.facebook.com\/provansadekor\",\"https:\/\/www.instagram.com\/provansadekor\/\"]}]}<\/script>\n<!-- \/ Yoast SEO Premium plugin. -->","yoast_head_json":{"title":"A sweet kiss of lilac roses in an arrangement - Provence Decor","description":"Flowers in a black box, circular in shape and transparent elevation with chocolate bars. The delicate combination of lilac roses, cream lisianthus and thistle tells its gentle story. Join her and sweeten someone&#039;s day. Flowers in a box, Flower Delivery","robots":{"index":"index","follow":"follow","max-snippet":"max-snippet:-1","max-image-preview":"max-image-preview:large","max-video-preview":"max-video-preview:-1"},"canonical":"https:\/\/provansadekor.rs\/en\/proizvod\/sweet-kiss-lilac-rose-in-arrangement\/","og_locale":"en_US","og_type":"article","og_title":"Slatki poljubac lila ru\u017ea u aran\u017emanu","og_description":"Cve\u0107e u kutiji crne boje, kru\u017enog oblika i prozirnog uzvi\u0161enja sa \u010dokoladicama. Ne\u017ena kombinacija lila ru\u017ea, krem lizijantusa i \u010di\u010dka govori svoju ne\u017enu pri\u010du. Priklju\u010dite joj se i zasladite ne\u010diji dan.Cve\u0107e u kutiji, Dostava Cve\u0107a","og_url":"https:\/\/provansadekor.rs\/en\/proizvod\/sweet-kiss-lilac-rose-in-arrangement\/","og_site_name":"Provansa Dekor","article_publisher":"https:\/\/www.facebook.com\/provansadekor","article_modified_time":"2026-03-07T15:05:12+00:00","og_image":[{"width":2560,"height":1761,"url":"https:\/\/provansadekor.rs\/wp-content\/uploads\/2025\/07\/DSC_9140-scaled.jpg","type":"image\/jpeg"}],"twitter_card":"summary_large_image","twitter_misc":{"Est. reading time":"1 minute"},"schema":{"@context":"https:\/\/schema.org","@graph":[{"@type":["WebPage","ItemPage"],"@id":"https:\/\/provansadekor.rs\/proizvod\/slatki-poljubac-lila-ruza-u-aranzmanu\/","url":"https:\/\/provansadekor.rs\/proizvod\/slatki-poljubac-lila-ruza-u-aranzmanu\/","name":"A sweet kiss of lilac roses in an arrangement - Provence Decor","isPartOf":{"@id":"https:\/\/provansadekor.rs\/#website"},"primaryImageOfPage":{"@id":"https:\/\/provansadekor.rs\/proizvod\/slatki-poljubac-lila-ruza-u-aranzmanu\/#primaryimage"},"image":{"@id":"https:\/\/provansadekor.rs\/proizvod\/slatki-poljubac-lila-ruza-u-aranzmanu\/#primaryimage"},"thumbnailUrl":"https:\/\/provansadekor.rs\/wp-content\/uploads\/2025\/07\/DSC_9140-scaled.jpg","datePublished":"2022-02-11T02:59:27+00:00","dateModified":"2026-03-07T15:05:12+00:00","description":"Flowers in a black box, circular in shape and transparent elevation with chocolate bars. The delicate combination of lilac roses, cream lisianthus and thistle tells its gentle story. Join her and sweeten someone&#039;s day. Flowers in a box, Flower Delivery","breadcrumb":{"@id":"https:\/\/provansadekor.rs\/proizvod\/slatki-poljubac-lila-ruza-u-aranzmanu\/#breadcrumb"},"inLanguage":"en-US","potentialAction":[{"@type":"ReadAction","target":["https:\/\/provansadekor.rs\/proizvod\/slatki-poljubac-lila-ruza-u-aranzmanu\/"]}]},{"@type":"ImageObject","inLanguage":"en-US","@id":"https:\/\/provansadekor.rs\/proizvod\/slatki-poljubac-lila-ruza-u-aranzmanu\/#primaryimage","url":"https:\/\/provansadekor.rs\/wp-content\/uploads\/2025\/07\/DSC_9140-scaled.jpg","contentUrl":"https:\/\/provansadekor.rs\/wp-content\/uploads\/2025\/07\/DSC_9140-scaled.jpg","width":2560,"height":1761},{"@type":"BreadcrumbList","@id":"https:\/\/provansadekor.rs\/proizvod\/slatki-poljubac-lila-ruza-u-aranzmanu\/#breadcrumb","itemListElement":[{"@type":"ListItem","position":1,"name":"\u041f\u043e\u0447\u0435\u0442\u043d\u0430","item":"https:\/\/provansadekor.rs\/"},{"@type":"ListItem","position":2,"name":"\u041f\u0440\u043e\u0438\u0437\u0432\u043e\u0434\u0438","item":"https:\/\/provansadekor.rs\/shop\/"},{"@type":"ListItem","position":3,"name":"Slatki poljubac lila ru\u017ea u aran\u017emanu"}]},{"@type":"WebSite","@id":"https:\/\/provansadekor.rs\/#website","url":"https:\/\/provansadekor.rs\/","name":"Provence Decor","description":"Flower delivery Belgrade - Event organization and decoration - Landscaping","publisher":{"@id":"https:\/\/provansadekor.rs\/#organization"},"potentialAction":[{"@type":"SearchAction","target":{"@type":"EntryPoint","urlTemplate":"https:\/\/provansadekor.rs\/?s={search_term_string}"},"query-input":{"@type":"PropertyValueSpecification","valueRequired":true,"valueName":"search_term_string"}}],"inLanguage":"en-US"},{"@type":"Organization","@id":"https:\/\/provansadekor.rs\/#organization","name":"Provence Decor Flower Shop Belgrade","url":"https:\/\/provansadekor.rs\/","logo":{"@type":"ImageObject","inLanguage":"en-US","@id":"https:\/\/provansadekor.rs\/#\/schema\/logo\/image\/","url":"https:\/\/provansadekor.rs\/wp-content\/uploads\/2022\/03\/logo-provansa.jpg","contentUrl":"https:\/\/provansadekor.rs\/wp-content\/uploads\/2022\/03\/logo-provansa.jpg","width":200,"height":200,"caption":"Provansa Dekor Cve\u0107ara Beograd"},"image":{"@id":"https:\/\/provansadekor.rs\/#\/schema\/logo\/image\/"},"sameAs":["https:\/\/www.facebook.com\/provansadekor","https:\/\/www.instagram.com\/provansadekor\/"]}]}},"_links":{"self":[{"href":"https:\/\/provansadekor.rs\/en\/wp-json\/wp\/v2\/product\/48850","targetHints":{"allow":["GET"]}}],"collection":[{"href":"https:\/\/provansadekor.rs\/en\/wp-json\/wp\/v2\/product"}],"about":[{"href":"https:\/\/provansadekor.rs\/en\/wp-json\/wp\/v2\/types\/product"}],"version-history":[{"count":14,"href":"https:\/\/provansadekor.rs\/en\/wp-json\/wp\/v2\/product\/48850\/revisions"}],"predecessor-version":[{"id":84388,"href":"https:\/\/provansadekor.rs\/en\/wp-json\/wp\/v2\/product\/48850\/revisions\/84388"}],"wp:featuredmedia":[{"embeddable":true,"href":"https:\/\/provansadekor.rs\/en\/wp-json\/wp\/v2\/media\/84375"}],"wp:attachment":[{"href":"https:\/\/provansadekor.rs\/en\/wp-json\/wp\/v2\/media?parent=48850"}],"wp:term":[{"taxonomy":"product_brand","embeddable":true,"href":"https:\/\/provansadekor.rs\/en\/wp-json\/wp\/v2\/product_brand?post=48850"},{"taxonomy":"product_cat","embeddable":true,"href":"https:\/\/provansadekor.rs\/en\/wp-json\/wp\/v2\/product_cat?post=48850"},{"taxonomy":"product_tag","embeddable":true,"href":"https:\/\/provansadekor.rs\/en\/wp-json\/wp\/v2\/product_tag?post=48850"}],"curies":[{"name":"wp","href":"https:\/\/api.w.org\/{rel}","templated":true}]}}