{"id":48820,"date":"2022-02-11T03:44:36","date_gmt":"2022-02-11T02:44:36","guid":{"rendered":"http:\/\/provansadekor.rs\/?post_type=product&#038;p=48820"},"modified":"2026-03-13T11:34:00","modified_gmt":"2026-03-13T10:34:00","slug":"fisek-ljubavi","status":"publish","type":"product","link":"https:\/\/provansadekor.rs\/en\/proizvod\/fisek-love\/","title":{"rendered":"A fisque of love"},"content":{"rendered":"<p>Kinds of <strong>flowers in the bouquet: red rose<\/strong>.<\/p>\n<p>Accompanying decoration: black lace, white natural paper, bow of burgundy-black striped ribbon, bow of burgundy satin ribbon.<\/p>\n<p>Enchanting <strong>red roses<\/strong> tied with black lace, they convey the feeling of burning love and warmth, which is enveloped by white natural paper in the shape of fiche.<\/p>\n<p>Stir up the emotions and give the gift of this enchantment <strong>a bouquet of red roses<\/strong>.<\/p>\n<p>Easy and simple <strong>order online<\/strong>, and it is also fast and safe <strong>delivery<\/strong>.<\/p>","protected":false},"excerpt":{"rendered":"<p>Vrste cve\u0107a u buketu: crvena ru\u017ea. Prate\u0107a dekoracija: crna \u010dipka, beli natur papir, ma\u0161na od bordo-crne prugaste trake, ma\u0161na od bordo satenske trake. Zanosne crvene ru\u017ee svezane crnom \u010dipkom odaju ose\u0107aj razbuktale ljubavi i topline koju obavija beli natur papir u obliku fi\u0161eka. Razbuktajte emocije i poklonite ovaj zanosti buket crvenih ru\u017ea. Lako i jednostavno [&hellip;]<\/p>","protected":false},"featured_media":49257,"template":"","meta":[],"product_brand":[],"product_cat":[169],"product_tag":[],"class_list":{"0":"post-48820","1":"product","2":"type-product","3":"status-publish","4":"has-post-thumbnail","6":"product_cat-dan-zaljubljenih","8":"first","9":"instock","10":"shipping-taxable","11":"purchasable","12":"product-type-simple"},"yoast_head":"<!-- This site is optimized with the Yoast SEO Premium plugin v20.9 (Yoast SEO v26.5) - https:\/\/yoast.com\/wordpress\/plugins\/seo\/ -->\n<title>Fi\u0161ek ljubavi &#8211; Provansa Dekor<\/title>\n<meta name=\"description\" content=\"Razbuktajte emocije i poklonite ovaj zanosti buket crvenih ru\u017ea.Lako i jednostavno poru\u010dite online, a tu je i brza i sigurna dostava.\" \/>\n<meta name=\"robots\" content=\"index, follow, max-snippet:-1, max-image-preview:large, max-video-preview:-1\" \/>\n<link rel=\"canonical\" href=\"https:\/\/provansadekor.rs\/en\/proizvod\/fisek-love\/\" \/>\n<meta property=\"og:locale\" content=\"en_US\" \/>\n<meta property=\"og:type\" content=\"article\" \/>\n<meta property=\"og:title\" content=\"Fi\u0161ek ljubavi\" \/>\n<meta property=\"og:description\" content=\"Razbuktajte emocije i poklonite ovaj zanosti buket crvenih ru\u017ea.Lako i jednostavno poru\u010dite online, a tu je i brza i sigurna dostava.\" \/>\n<meta property=\"og:url\" content=\"https:\/\/provansadekor.rs\/en\/proizvod\/fisek-love\/\" \/>\n<meta property=\"og:site_name\" content=\"Provansa Dekor\" \/>\n<meta property=\"article:publisher\" content=\"https:\/\/www.facebook.com\/provansadekor\" \/>\n<meta property=\"article:modified_time\" content=\"2026-03-13T10:34:00+00:00\" \/>\n<meta property=\"og:image\" content=\"https:\/\/provansadekor.rs\/wp-content\/uploads\/2022\/02\/SAS-9689-1.jpg\" \/>\n\t<meta property=\"og:image:width\" content=\"1000\" \/>\n\t<meta property=\"og:image:height\" content=\"1000\" \/>\n\t<meta property=\"og:image:type\" content=\"image\/jpeg\" \/>\n<meta name=\"twitter:card\" content=\"summary_large_image\" \/>\n<meta name=\"twitter:label1\" content=\"Est. reading time\" \/>\n\t<meta name=\"twitter:data1\" content=\"1 minute\" \/>\n<script type=\"application\/ld+json\" class=\"yoast-schema-graph\">{\"@context\":\"https:\/\/schema.org\",\"@graph\":[{\"@type\":[\"WebPage\",\"ItemPage\"],\"@id\":\"https:\/\/provansadekor.rs\/proizvod\/fisek-ljubavi\/\",\"url\":\"https:\/\/provansadekor.rs\/proizvod\/fisek-ljubavi\/\",\"name\":\"Fi\u0161ek ljubavi &#8211; Provansa Dekor\",\"isPartOf\":{\"@id\":\"https:\/\/provansadekor.rs\/#website\"},\"primaryImageOfPage\":{\"@id\":\"https:\/\/provansadekor.rs\/proizvod\/fisek-ljubavi\/#primaryimage\"},\"image\":{\"@id\":\"https:\/\/provansadekor.rs\/proizvod\/fisek-ljubavi\/#primaryimage\"},\"thumbnailUrl\":\"https:\/\/provansadekor.rs\/wp-content\/uploads\/2022\/02\/SAS-9689-1.jpg\",\"datePublished\":\"2022-02-11T02:44:36+00:00\",\"dateModified\":\"2026-03-13T10:34:00+00:00\",\"description\":\"Razbuktajte emocije i poklonite ovaj zanosti buket crvenih ru\u017ea.Lako i jednostavno poru\u010dite online, a tu je i brza i sigurna dostava.\",\"breadcrumb\":{\"@id\":\"https:\/\/provansadekor.rs\/proizvod\/fisek-ljubavi\/#breadcrumb\"},\"inLanguage\":\"en-US\",\"potentialAction\":[{\"@type\":\"ReadAction\",\"target\":[\"https:\/\/provansadekor.rs\/proizvod\/fisek-ljubavi\/\"]}]},{\"@type\":\"ImageObject\",\"inLanguage\":\"en-US\",\"@id\":\"https:\/\/provansadekor.rs\/proizvod\/fisek-ljubavi\/#primaryimage\",\"url\":\"https:\/\/provansadekor.rs\/wp-content\/uploads\/2022\/02\/SAS-9689-1.jpg\",\"contentUrl\":\"https:\/\/provansadekor.rs\/wp-content\/uploads\/2022\/02\/SAS-9689-1.jpg\",\"width\":1000,\"height\":1000},{\"@type\":\"BreadcrumbList\",\"@id\":\"https:\/\/provansadekor.rs\/proizvod\/fisek-ljubavi\/#breadcrumb\",\"itemListElement\":[{\"@type\":\"ListItem\",\"position\":1,\"name\":\"\u041f\u043e\u0447\u0435\u0442\u043d\u0430\",\"item\":\"https:\/\/provansadekor.rs\/\"},{\"@type\":\"ListItem\",\"position\":2,\"name\":\"\u041f\u0440\u043e\u0438\u0437\u0432\u043e\u0434\u0438\",\"item\":\"https:\/\/provansadekor.rs\/shop\/\"},{\"@type\":\"ListItem\",\"position\":3,\"name\":\"Fi\u0161ek ljubavi\"}]},{\"@type\":\"WebSite\",\"@id\":\"https:\/\/provansadekor.rs\/#website\",\"url\":\"https:\/\/provansadekor.rs\/\",\"name\":\"Provansa Dekor\",\"description\":\"Dostava cve\u0107a Beograd - Organizacija i Dekoracija doga\u0111aja - Ure\u0111enje zelenih povr\u0161ina\",\"publisher\":{\"@id\":\"https:\/\/provansadekor.rs\/#organization\"},\"potentialAction\":[{\"@type\":\"SearchAction\",\"target\":{\"@type\":\"EntryPoint\",\"urlTemplate\":\"https:\/\/provansadekor.rs\/?s={search_term_string}\"},\"query-input\":{\"@type\":\"PropertyValueSpecification\",\"valueRequired\":true,\"valueName\":\"search_term_string\"}}],\"inLanguage\":\"en-US\"},{\"@type\":\"Organization\",\"@id\":\"https:\/\/provansadekor.rs\/#organization\",\"name\":\"Provansa Dekor Cve\u0107ara Beograd\",\"url\":\"https:\/\/provansadekor.rs\/\",\"logo\":{\"@type\":\"ImageObject\",\"inLanguage\":\"en-US\",\"@id\":\"https:\/\/provansadekor.rs\/#\/schema\/logo\/image\/\",\"url\":\"https:\/\/provansadekor.rs\/wp-content\/uploads\/2022\/03\/logo-provansa.jpg\",\"contentUrl\":\"https:\/\/provansadekor.rs\/wp-content\/uploads\/2022\/03\/logo-provansa.jpg\",\"width\":200,\"height\":200,\"caption\":\"Provansa Dekor Cve\u0107ara Beograd\"},\"image\":{\"@id\":\"https:\/\/provansadekor.rs\/#\/schema\/logo\/image\/\"},\"sameAs\":[\"https:\/\/www.facebook.com\/provansadekor\",\"https:\/\/www.instagram.com\/provansadekor\/\"]}]}<\/script>\n<!-- \/ Yoast SEO Premium plugin. -->","yoast_head_json":{"title":"Fisek of love - Provence Decor","description":"Ignite your emotions and give this lovely bouquet of red roses as a gift. Easy and simple to order online, and there is fast and safe delivery.","robots":{"index":"index","follow":"follow","max-snippet":"max-snippet:-1","max-image-preview":"max-image-preview:large","max-video-preview":"max-video-preview:-1"},"canonical":"https:\/\/provansadekor.rs\/en\/proizvod\/fisek-love\/","og_locale":"en_US","og_type":"article","og_title":"Fi\u0161ek ljubavi","og_description":"Razbuktajte emocije i poklonite ovaj zanosti buket crvenih ru\u017ea.Lako i jednostavno poru\u010dite online, a tu je i brza i sigurna dostava.","og_url":"https:\/\/provansadekor.rs\/en\/proizvod\/fisek-love\/","og_site_name":"Provansa Dekor","article_publisher":"https:\/\/www.facebook.com\/provansadekor","article_modified_time":"2026-03-13T10:34:00+00:00","og_image":[{"width":1000,"height":1000,"url":"https:\/\/provansadekor.rs\/wp-content\/uploads\/2022\/02\/SAS-9689-1.jpg","type":"image\/jpeg"}],"twitter_card":"summary_large_image","twitter_misc":{"Est. reading time":"1 minute"},"schema":{"@context":"https:\/\/schema.org","@graph":[{"@type":["WebPage","ItemPage"],"@id":"https:\/\/provansadekor.rs\/proizvod\/fisek-ljubavi\/","url":"https:\/\/provansadekor.rs\/proizvod\/fisek-ljubavi\/","name":"Fisek of love - Provence Decor","isPartOf":{"@id":"https:\/\/provansadekor.rs\/#website"},"primaryImageOfPage":{"@id":"https:\/\/provansadekor.rs\/proizvod\/fisek-ljubavi\/#primaryimage"},"image":{"@id":"https:\/\/provansadekor.rs\/proizvod\/fisek-ljubavi\/#primaryimage"},"thumbnailUrl":"https:\/\/provansadekor.rs\/wp-content\/uploads\/2022\/02\/SAS-9689-1.jpg","datePublished":"2022-02-11T02:44:36+00:00","dateModified":"2026-03-13T10:34:00+00:00","description":"Ignite your emotions and give this lovely bouquet of red roses as a gift. Easy and simple to order online, and there is fast and safe delivery.","breadcrumb":{"@id":"https:\/\/provansadekor.rs\/proizvod\/fisek-ljubavi\/#breadcrumb"},"inLanguage":"en-US","potentialAction":[{"@type":"ReadAction","target":["https:\/\/provansadekor.rs\/proizvod\/fisek-ljubavi\/"]}]},{"@type":"ImageObject","inLanguage":"en-US","@id":"https:\/\/provansadekor.rs\/proizvod\/fisek-ljubavi\/#primaryimage","url":"https:\/\/provansadekor.rs\/wp-content\/uploads\/2022\/02\/SAS-9689-1.jpg","contentUrl":"https:\/\/provansadekor.rs\/wp-content\/uploads\/2022\/02\/SAS-9689-1.jpg","width":1000,"height":1000},{"@type":"BreadcrumbList","@id":"https:\/\/provansadekor.rs\/proizvod\/fisek-ljubavi\/#breadcrumb","itemListElement":[{"@type":"ListItem","position":1,"name":"\u041f\u043e\u0447\u0435\u0442\u043d\u0430","item":"https:\/\/provansadekor.rs\/"},{"@type":"ListItem","position":2,"name":"\u041f\u0440\u043e\u0438\u0437\u0432\u043e\u0434\u0438","item":"https:\/\/provansadekor.rs\/shop\/"},{"@type":"ListItem","position":3,"name":"Fi\u0161ek ljubavi"}]},{"@type":"WebSite","@id":"https:\/\/provansadekor.rs\/#website","url":"https:\/\/provansadekor.rs\/","name":"Provence Decor","description":"Flower delivery Belgrade - Event organization and decoration - Landscaping","publisher":{"@id":"https:\/\/provansadekor.rs\/#organization"},"potentialAction":[{"@type":"SearchAction","target":{"@type":"EntryPoint","urlTemplate":"https:\/\/provansadekor.rs\/?s={search_term_string}"},"query-input":{"@type":"PropertyValueSpecification","valueRequired":true,"valueName":"search_term_string"}}],"inLanguage":"en-US"},{"@type":"Organization","@id":"https:\/\/provansadekor.rs\/#organization","name":"Provence Decor Flower Shop Belgrade","url":"https:\/\/provansadekor.rs\/","logo":{"@type":"ImageObject","inLanguage":"en-US","@id":"https:\/\/provansadekor.rs\/#\/schema\/logo\/image\/","url":"https:\/\/provansadekor.rs\/wp-content\/uploads\/2022\/03\/logo-provansa.jpg","contentUrl":"https:\/\/provansadekor.rs\/wp-content\/uploads\/2022\/03\/logo-provansa.jpg","width":200,"height":200,"caption":"Provansa Dekor Cve\u0107ara Beograd"},"image":{"@id":"https:\/\/provansadekor.rs\/#\/schema\/logo\/image\/"},"sameAs":["https:\/\/www.facebook.com\/provansadekor","https:\/\/www.instagram.com\/provansadekor\/"]}]}},"_links":{"self":[{"href":"https:\/\/provansadekor.rs\/en\/wp-json\/wp\/v2\/product\/48820","targetHints":{"allow":["GET"]}}],"collection":[{"href":"https:\/\/provansadekor.rs\/en\/wp-json\/wp\/v2\/product"}],"about":[{"href":"https:\/\/provansadekor.rs\/en\/wp-json\/wp\/v2\/types\/product"}],"version-history":[{"count":5,"href":"https:\/\/provansadekor.rs\/en\/wp-json\/wp\/v2\/product\/48820\/revisions"}],"predecessor-version":[{"id":67655,"href":"https:\/\/provansadekor.rs\/en\/wp-json\/wp\/v2\/product\/48820\/revisions\/67655"}],"wp:featuredmedia":[{"embeddable":true,"href":"https:\/\/provansadekor.rs\/en\/wp-json\/wp\/v2\/media\/49257"}],"wp:attachment":[{"href":"https:\/\/provansadekor.rs\/en\/wp-json\/wp\/v2\/media?parent=48820"}],"wp:term":[{"taxonomy":"product_brand","embeddable":true,"href":"https:\/\/provansadekor.rs\/en\/wp-json\/wp\/v2\/product_brand?post=48820"},{"taxonomy":"product_cat","embeddable":true,"href":"https:\/\/provansadekor.rs\/en\/wp-json\/wp\/v2\/product_cat?post=48820"},{"taxonomy":"product_tag","embeddable":true,"href":"https:\/\/provansadekor.rs\/en\/wp-json\/wp\/v2\/product_tag?post=48820"}],"curies":[{"name":"wp","href":"https:\/\/api.w.org\/{rel}","templated":true}]}}