{"id":4831,"date":"2022-02-08T09:37:25","date_gmt":"2022-02-08T08:37:25","guid":{"rendered":"http:\/\/provansadekor.rs\/?post_type=product&#038;p=4831"},"modified":"2026-03-13T11:34:01","modified_gmt":"2026-03-13T10:34:01","slug":"socan-cvetni-aranzman-u-box-u","status":"publish","type":"product","link":"https:\/\/provansadekor.rs\/en\/proizvod\/succulent-flower-arrangement-in-a-box\/","title":{"rendered":"Succulent flower arrangement in a box"},"content":{"rendered":"<p><em>Kinds of <strong>flowers in an arrangement<\/strong><\/em>: cream lisianthus, green carnation, white chrysanthemum, yoko ono chrysanthemum, eucalyptus, pampas, brunia.<\/p>\n<p>Accompanying <strong>decoration<\/strong>: decorative cotton sticks, white box, striped brown-white ribbon bow, Adore chocolate, drink, apple.<\/p>\n<p>Unique and creative<strong> flower arrangement<\/strong>. The combination of fluttering flowers and vitamins with chocolate and drink will stand out on its own. Be unique and choose your arrangement in the online flower shop, and there is also home delivery.<\/p>\n<p>Product declaration, country of origin and manufacturer are available on the label of the product itself.<\/p>\n<h2 style=\"text-align: center;\">Flower arrangement in a box, <em><strong>flower shop Belgrade\u00a0<\/strong><\/em><\/h2>","protected":false},"excerpt":{"rendered":"<p>Types of flowers in the arrangement: cream lisianthus, green carnation, white chrysanthemum, yoko ono chrysanthemum, eucalyptus, pampas, brunia. Accompanying decoration: decorative cotton sticks, white box, striped brown-white ribbon bow, Adore chocolate, drink, apple. A unique and creative flower arrangement. The combination of fluttering flowers and vitamins with chocolate and drink will stand out on its own. Be unique and choose [\u2026]<\/p>","protected":false},"featured_media":66945,"template":"","meta":[],"product_brand":[325],"product_cat":[164,146],"product_tag":[],"class_list":{"0":"post-4831","1":"product","2":"type-product","3":"status-publish","4":"has-post-thumbnail","6":"product_brand-slavska-kolekcija-2025","7":"product_cat-poklon-za-slavu","8":"product_cat-cvece-u-kutiji","10":"first","11":"instock","12":"featured","13":"shipping-taxable","14":"purchasable","15":"product-type-simple"},"yoast_head":"<!-- This site is optimized with the Yoast SEO Premium plugin v20.9 (Yoast SEO v26.5) - https:\/\/yoast.com\/wordpress\/plugins\/seo\/ -->\n<title>So\u010dan cvetni aran\u017eman u box-u &#8211;<\/title>\n<meta name=\"description\" content=\"Jedinstven i kreativan cvetni aran\u017eman. Kombinacija lepr\u0161avog cve\u0107a i vitamina sa \u010dokoladom i pi\u0107em izdvoji\u0107e se sama od sebe.\" \/>\n<meta name=\"robots\" content=\"index, follow, max-snippet:-1, max-image-preview:large, max-video-preview:-1\" \/>\n<link rel=\"canonical\" href=\"https:\/\/provansadekor.rs\/en\/proizvod\/succulent-flower-arrangement-in-a-box\/\" \/>\n<meta property=\"og:locale\" content=\"en_US\" \/>\n<meta property=\"og:type\" content=\"article\" \/>\n<meta property=\"og:title\" content=\"So\u010dan cvetni aran\u017eman u box-u\" \/>\n<meta property=\"og:description\" content=\"Jedinstven i kreativan cvetni aran\u017eman. Kombinacija lepr\u0161avog cve\u0107a i vitamina sa \u010dokoladom i pi\u0107em izdvoji\u0107e se sama od sebe.\" \/>\n<meta property=\"og:url\" content=\"https:\/\/provansadekor.rs\/en\/proizvod\/succulent-flower-arrangement-in-a-box\/\" \/>\n<meta property=\"og:site_name\" content=\"Provansa Dekor\" \/>\n<meta property=\"article:publisher\" content=\"https:\/\/www.facebook.com\/provansadekor\" \/>\n<meta property=\"article:modified_time\" content=\"2026-03-13T10:34:01+00:00\" \/>\n<meta property=\"og:image\" content=\"https:\/\/provansadekor.rs\/wp-content\/uploads\/2022\/10\/3.jpg\" \/>\n\t<meta property=\"og:image:width\" content=\"900\" \/>\n\t<meta property=\"og:image:height\" content=\"900\" \/>\n\t<meta property=\"og:image:type\" content=\"image\/jpeg\" \/>\n<meta name=\"twitter:card\" content=\"summary_large_image\" \/>\n<meta name=\"twitter:label1\" content=\"Est. reading time\" \/>\n\t<meta name=\"twitter:data1\" content=\"1 minute\" \/>\n<script type=\"application\/ld+json\" class=\"yoast-schema-graph\">{\"@context\":\"https:\/\/schema.org\",\"@graph\":[{\"@type\":[\"WebPage\",\"ItemPage\"],\"@id\":\"https:\/\/provansadekor.rs\/proizvod\/socan-cvetni-aranzman-u-box-u\/\",\"url\":\"https:\/\/provansadekor.rs\/proizvod\/socan-cvetni-aranzman-u-box-u\/\",\"name\":\"So\u010dan cvetni aran\u017eman u box-u &#8211;\",\"isPartOf\":{\"@id\":\"https:\/\/provansadekor.rs\/#website\"},\"primaryImageOfPage\":{\"@id\":\"https:\/\/provansadekor.rs\/proizvod\/socan-cvetni-aranzman-u-box-u\/#primaryimage\"},\"image\":{\"@id\":\"https:\/\/provansadekor.rs\/proizvod\/socan-cvetni-aranzman-u-box-u\/#primaryimage\"},\"thumbnailUrl\":\"https:\/\/provansadekor.rs\/wp-content\/uploads\/2022\/10\/3.jpg\",\"datePublished\":\"2022-02-08T08:37:25+00:00\",\"dateModified\":\"2026-03-13T10:34:01+00:00\",\"description\":\"Jedinstven i kreativan cvetni aran\u017eman. Kombinacija lepr\u0161avog cve\u0107a i vitamina sa \u010dokoladom i pi\u0107em izdvoji\u0107e se sama od sebe.\",\"breadcrumb\":{\"@id\":\"https:\/\/provansadekor.rs\/proizvod\/socan-cvetni-aranzman-u-box-u\/#breadcrumb\"},\"inLanguage\":\"en-US\",\"potentialAction\":[{\"@type\":\"ReadAction\",\"target\":[\"https:\/\/provansadekor.rs\/proizvod\/socan-cvetni-aranzman-u-box-u\/\"]}]},{\"@type\":\"ImageObject\",\"inLanguage\":\"en-US\",\"@id\":\"https:\/\/provansadekor.rs\/proizvod\/socan-cvetni-aranzman-u-box-u\/#primaryimage\",\"url\":\"https:\/\/provansadekor.rs\/wp-content\/uploads\/2022\/10\/3.jpg\",\"contentUrl\":\"https:\/\/provansadekor.rs\/wp-content\/uploads\/2022\/10\/3.jpg\",\"width\":900,\"height\":900},{\"@type\":\"BreadcrumbList\",\"@id\":\"https:\/\/provansadekor.rs\/proizvod\/socan-cvetni-aranzman-u-box-u\/#breadcrumb\",\"itemListElement\":[{\"@type\":\"ListItem\",\"position\":1,\"name\":\"\u041f\u043e\u0447\u0435\u0442\u043d\u0430\",\"item\":\"https:\/\/provansadekor.rs\/\"},{\"@type\":\"ListItem\",\"position\":2,\"name\":\"\u041f\u0440\u043e\u0438\u0437\u0432\u043e\u0434\u0438\",\"item\":\"https:\/\/provansadekor.rs\/shop\/\"},{\"@type\":\"ListItem\",\"position\":3,\"name\":\"So\u010dan cvetni aran\u017eman u box-u\"}]},{\"@type\":\"WebSite\",\"@id\":\"https:\/\/provansadekor.rs\/#website\",\"url\":\"https:\/\/provansadekor.rs\/\",\"name\":\"Provansa Dekor\",\"description\":\"Dostava cve\u0107a Beograd - Organizacija i Dekoracija doga\u0111aja - Ure\u0111enje zelenih povr\u0161ina\",\"publisher\":{\"@id\":\"https:\/\/provansadekor.rs\/#organization\"},\"potentialAction\":[{\"@type\":\"SearchAction\",\"target\":{\"@type\":\"EntryPoint\",\"urlTemplate\":\"https:\/\/provansadekor.rs\/?s={search_term_string}\"},\"query-input\":{\"@type\":\"PropertyValueSpecification\",\"valueRequired\":true,\"valueName\":\"search_term_string\"}}],\"inLanguage\":\"en-US\"},{\"@type\":\"Organization\",\"@id\":\"https:\/\/provansadekor.rs\/#organization\",\"name\":\"Provansa Dekor Cve\u0107ara Beograd\",\"url\":\"https:\/\/provansadekor.rs\/\",\"logo\":{\"@type\":\"ImageObject\",\"inLanguage\":\"en-US\",\"@id\":\"https:\/\/provansadekor.rs\/#\/schema\/logo\/image\/\",\"url\":\"https:\/\/provansadekor.rs\/wp-content\/uploads\/2022\/03\/logo-provansa.jpg\",\"contentUrl\":\"https:\/\/provansadekor.rs\/wp-content\/uploads\/2022\/03\/logo-provansa.jpg\",\"width\":200,\"height\":200,\"caption\":\"Provansa Dekor Cve\u0107ara Beograd\"},\"image\":{\"@id\":\"https:\/\/provansadekor.rs\/#\/schema\/logo\/image\/\"},\"sameAs\":[\"https:\/\/www.facebook.com\/provansadekor\",\"https:\/\/www.instagram.com\/provansadekor\/\"]}]}<\/script>\n<!-- \/ Yoast SEO Premium plugin. -->","yoast_head_json":{"title":"Succulent flower arrangement in a box -","description":"A unique and creative flower arrangement. The combination of fluttering flowers and vitamins with chocolate and drink will stand out on its own.","robots":{"index":"index","follow":"follow","max-snippet":"max-snippet:-1","max-image-preview":"max-image-preview:large","max-video-preview":"max-video-preview:-1"},"canonical":"https:\/\/provansadekor.rs\/en\/proizvod\/succulent-flower-arrangement-in-a-box\/","og_locale":"en_US","og_type":"article","og_title":"So\u010dan cvetni aran\u017eman u box-u","og_description":"Jedinstven i kreativan cvetni aran\u017eman. Kombinacija lepr\u0161avog cve\u0107a i vitamina sa \u010dokoladom i pi\u0107em izdvoji\u0107e se sama od sebe.","og_url":"https:\/\/provansadekor.rs\/en\/proizvod\/succulent-flower-arrangement-in-a-box\/","og_site_name":"Provansa Dekor","article_publisher":"https:\/\/www.facebook.com\/provansadekor","article_modified_time":"2026-03-13T10:34:01+00:00","og_image":[{"width":900,"height":900,"url":"https:\/\/provansadekor.rs\/wp-content\/uploads\/2022\/10\/3.jpg","type":"image\/jpeg"}],"twitter_card":"summary_large_image","twitter_misc":{"Est. reading time":"1 minute"},"schema":{"@context":"https:\/\/schema.org","@graph":[{"@type":["WebPage","ItemPage"],"@id":"https:\/\/provansadekor.rs\/proizvod\/socan-cvetni-aranzman-u-box-u\/","url":"https:\/\/provansadekor.rs\/proizvod\/socan-cvetni-aranzman-u-box-u\/","name":"Succulent flower arrangement in a box -","isPartOf":{"@id":"https:\/\/provansadekor.rs\/#website"},"primaryImageOfPage":{"@id":"https:\/\/provansadekor.rs\/proizvod\/socan-cvetni-aranzman-u-box-u\/#primaryimage"},"image":{"@id":"https:\/\/provansadekor.rs\/proizvod\/socan-cvetni-aranzman-u-box-u\/#primaryimage"},"thumbnailUrl":"https:\/\/provansadekor.rs\/wp-content\/uploads\/2022\/10\/3.jpg","datePublished":"2022-02-08T08:37:25+00:00","dateModified":"2026-03-13T10:34:01+00:00","description":"A unique and creative flower arrangement. The combination of fluttering flowers and vitamins with chocolate and drink will stand out on its own.","breadcrumb":{"@id":"https:\/\/provansadekor.rs\/proizvod\/socan-cvetni-aranzman-u-box-u\/#breadcrumb"},"inLanguage":"en-US","potentialAction":[{"@type":"ReadAction","target":["https:\/\/provansadekor.rs\/proizvod\/socan-cvetni-aranzman-u-box-u\/"]}]},{"@type":"ImageObject","inLanguage":"en-US","@id":"https:\/\/provansadekor.rs\/proizvod\/socan-cvetni-aranzman-u-box-u\/#primaryimage","url":"https:\/\/provansadekor.rs\/wp-content\/uploads\/2022\/10\/3.jpg","contentUrl":"https:\/\/provansadekor.rs\/wp-content\/uploads\/2022\/10\/3.jpg","width":900,"height":900},{"@type":"BreadcrumbList","@id":"https:\/\/provansadekor.rs\/proizvod\/socan-cvetni-aranzman-u-box-u\/#breadcrumb","itemListElement":[{"@type":"ListItem","position":1,"name":"\u041f\u043e\u0447\u0435\u0442\u043d\u0430","item":"https:\/\/provansadekor.rs\/"},{"@type":"ListItem","position":2,"name":"\u041f\u0440\u043e\u0438\u0437\u0432\u043e\u0434\u0438","item":"https:\/\/provansadekor.rs\/shop\/"},{"@type":"ListItem","position":3,"name":"So\u010dan cvetni aran\u017eman u box-u"}]},{"@type":"WebSite","@id":"https:\/\/provansadekor.rs\/#website","url":"https:\/\/provansadekor.rs\/","name":"Provence Decor","description":"Flower delivery Belgrade - Event organization and decoration - Landscaping","publisher":{"@id":"https:\/\/provansadekor.rs\/#organization"},"potentialAction":[{"@type":"SearchAction","target":{"@type":"EntryPoint","urlTemplate":"https:\/\/provansadekor.rs\/?s={search_term_string}"},"query-input":{"@type":"PropertyValueSpecification","valueRequired":true,"valueName":"search_term_string"}}],"inLanguage":"en-US"},{"@type":"Organization","@id":"https:\/\/provansadekor.rs\/#organization","name":"Provence Decor Flower Shop Belgrade","url":"https:\/\/provansadekor.rs\/","logo":{"@type":"ImageObject","inLanguage":"en-US","@id":"https:\/\/provansadekor.rs\/#\/schema\/logo\/image\/","url":"https:\/\/provansadekor.rs\/wp-content\/uploads\/2022\/03\/logo-provansa.jpg","contentUrl":"https:\/\/provansadekor.rs\/wp-content\/uploads\/2022\/03\/logo-provansa.jpg","width":200,"height":200,"caption":"Provansa Dekor Cve\u0107ara Beograd"},"image":{"@id":"https:\/\/provansadekor.rs\/#\/schema\/logo\/image\/"},"sameAs":["https:\/\/www.facebook.com\/provansadekor","https:\/\/www.instagram.com\/provansadekor\/"]}]}},"_links":{"self":[{"href":"https:\/\/provansadekor.rs\/en\/wp-json\/wp\/v2\/product\/4831","targetHints":{"allow":["GET"]}}],"collection":[{"href":"https:\/\/provansadekor.rs\/en\/wp-json\/wp\/v2\/product"}],"about":[{"href":"https:\/\/provansadekor.rs\/en\/wp-json\/wp\/v2\/types\/product"}],"version-history":[{"count":9,"href":"https:\/\/provansadekor.rs\/en\/wp-json\/wp\/v2\/product\/4831\/revisions"}],"predecessor-version":[{"id":77137,"href":"https:\/\/provansadekor.rs\/en\/wp-json\/wp\/v2\/product\/4831\/revisions\/77137"}],"wp:featuredmedia":[{"embeddable":true,"href":"https:\/\/provansadekor.rs\/en\/wp-json\/wp\/v2\/media\/66945"}],"wp:attachment":[{"href":"https:\/\/provansadekor.rs\/en\/wp-json\/wp\/v2\/media?parent=4831"}],"wp:term":[{"taxonomy":"product_brand","embeddable":true,"href":"https:\/\/provansadekor.rs\/en\/wp-json\/wp\/v2\/product_brand?post=4831"},{"taxonomy":"product_cat","embeddable":true,"href":"https:\/\/provansadekor.rs\/en\/wp-json\/wp\/v2\/product_cat?post=4831"},{"taxonomy":"product_tag","embeddable":true,"href":"https:\/\/provansadekor.rs\/en\/wp-json\/wp\/v2\/product_tag?post=4831"}],"curies":[{"name":"wp","href":"https:\/\/api.w.org\/{rel}","templated":true}]}}