{"id":4724,"date":"2022-02-03T19:07:43","date_gmt":"2022-02-03T18:07:43","guid":{"rendered":"http:\/\/provansadekor.rs\/?post_type=product&#038;p=4724"},"modified":"2026-03-13T11:34:35","modified_gmt":"2026-03-13T10:34:35","slug":"lep-i-koristan-buket-za-bebe","status":"publish","type":"product","link":"https:\/\/provansadekor.rs\/en\/proizvod\/beautiful-and-useful-bouquet-for-babies\/","title":{"rendered":"A beautiful and useful bouquet for babies"},"content":{"rendered":"<p>Kinds of <strong>flowers in the bouquet: white rose<\/strong>, cream lisianthus, white lily, white mini carnation, eucalyptus.<\/p>\n<p>Accompanying decoration: blue teddy bear, blue blanket, plastic bottle, brush, socks, cap, bodysuit, Hipp wipes and cosmetics (lotion and baby bath). Decorative paper in shades of blue and green, natron paper, blue decorative paper, striped blue and white ribbon bow, blue satin ribbon bow.<\/p>\n<p>This gorgeous one <strong>bouquet of flowers<\/strong> and phenomenal, extremely useful products, in addition to beautifying, will make the first days of parenthood easier.<\/p>\n<p><strong>Order online<\/strong>, and we deliver to your home address quickly and safely.<\/p>\n<p>Product declaration, country of origin and manufacturer are available on the label of the product itself.<\/p>\n<h2 style=\"text-align: center;\">Baby bouquet, flower delivery<strong>yes<\/strong>\u00a0 and gifts in Belgrade<\/h2>","protected":false},"excerpt":{"rendered":"<p>Vrste cve\u0107a u buketu: bela ru\u017ea, krem lizijantus, beli ljiljan, beli mini karanfil, eukaliptus. Prate\u0107a dekoracija: plavi pli\u0161ani meda, plavo \u0107ebence, plasti\u010dna fla\u0161ica, \u010detka, \u010darapice, kapica, bodi, Hipp maramice i kozmetika( losion i kupka za bebe). Ukrasni papir u plavo-zelenim nijansama, natron papir, plavi ukrasni papir, ma\u0161na od prugaste plavo-bele trake, ma\u0161na od plave satenske [&hellip;]<\/p>","protected":false},"featured_media":69870,"template":"","meta":[],"product_brand":[],"product_cat":[163],"product_tag":[],"class_list":{"0":"post-4724","1":"product","2":"type-product","3":"status-publish","4":"has-post-thumbnail","6":"product_cat-poklon-za-bebe","8":"first","9":"instock","10":"shipping-taxable","11":"purchasable","12":"product-type-simple"},"yoast_head":"<!-- This site is optimized with the Yoast SEO Premium plugin v20.9 (Yoast SEO v26.5) - https:\/\/yoast.com\/wordpress\/plugins\/seo\/ -->\n<title>Lep i koristan buket za bebe &#8211; Provansa Dekor<\/title>\n<meta name=\"description\" content=\"Pamu\u010dne pelene sa dezenomMu\u017eicka lutkaHippo kozmetika (Losion za telo, krema za lice, mleko za telo, ulja za telo)Termo \u0107ebe\" \/>\n<meta name=\"robots\" content=\"index, follow, max-snippet:-1, max-image-preview:large, max-video-preview:-1\" \/>\n<link rel=\"canonical\" href=\"https:\/\/provansadekor.rs\/en\/proizvod\/beautiful-and-useful-bouquet-for-babies\/\" \/>\n<meta property=\"og:locale\" content=\"en_US\" \/>\n<meta property=\"og:type\" content=\"article\" \/>\n<meta property=\"og:title\" content=\"Lep i koristan buket za bebe\" \/>\n<meta property=\"og:description\" content=\"Pamu\u010dne pelene sa dezenomMu\u017eicka lutkaHippo kozmetika (Losion za telo, krema za lice, mleko za telo, ulja za telo)Termo \u0107ebe\" \/>\n<meta property=\"og:url\" content=\"https:\/\/provansadekor.rs\/en\/proizvod\/beautiful-and-useful-bouquet-for-babies\/\" \/>\n<meta property=\"og:site_name\" content=\"Provansa Dekor\" \/>\n<meta property=\"article:publisher\" content=\"https:\/\/www.facebook.com\/provansadekor\" \/>\n<meta property=\"article:modified_time\" content=\"2026-03-13T10:34:35+00:00\" \/>\n<meta property=\"og:image\" content=\"https:\/\/provansadekor.rs\/wp-content\/uploads\/2022\/11\/2-9.jpg\" \/>\n\t<meta property=\"og:image:width\" content=\"900\" \/>\n\t<meta property=\"og:image:height\" content=\"900\" \/>\n\t<meta property=\"og:image:type\" content=\"image\/jpeg\" \/>\n<meta name=\"twitter:card\" content=\"summary_large_image\" \/>\n<meta name=\"twitter:label1\" content=\"Est. reading time\" \/>\n\t<meta name=\"twitter:data1\" content=\"1 minute\" \/>\n<script type=\"application\/ld+json\" class=\"yoast-schema-graph\">{\"@context\":\"https:\/\/schema.org\",\"@graph\":[{\"@type\":[\"WebPage\",\"ItemPage\"],\"@id\":\"https:\/\/provansadekor.rs\/proizvod\/lep-i-koristan-buket-za-bebe\/\",\"url\":\"https:\/\/provansadekor.rs\/proizvod\/lep-i-koristan-buket-za-bebe\/\",\"name\":\"Lep i koristan buket za bebe &#8211; Provansa Dekor\",\"isPartOf\":{\"@id\":\"https:\/\/provansadekor.rs\/#website\"},\"primaryImageOfPage\":{\"@id\":\"https:\/\/provansadekor.rs\/proizvod\/lep-i-koristan-buket-za-bebe\/#primaryimage\"},\"image\":{\"@id\":\"https:\/\/provansadekor.rs\/proizvod\/lep-i-koristan-buket-za-bebe\/#primaryimage\"},\"thumbnailUrl\":\"https:\/\/provansadekor.rs\/wp-content\/uploads\/2022\/11\/2-9.jpg\",\"datePublished\":\"2022-02-03T18:07:43+00:00\",\"dateModified\":\"2026-03-13T10:34:35+00:00\",\"description\":\"Pamu\u010dne pelene sa dezenomMu\u017eicka lutkaHippo kozmetika (Losion za telo, krema za lice, mleko za telo, ulja za telo)Termo \u0107ebe\",\"breadcrumb\":{\"@id\":\"https:\/\/provansadekor.rs\/proizvod\/lep-i-koristan-buket-za-bebe\/#breadcrumb\"},\"inLanguage\":\"en-US\",\"potentialAction\":[{\"@type\":\"ReadAction\",\"target\":[\"https:\/\/provansadekor.rs\/proizvod\/lep-i-koristan-buket-za-bebe\/\"]}]},{\"@type\":\"ImageObject\",\"inLanguage\":\"en-US\",\"@id\":\"https:\/\/provansadekor.rs\/proizvod\/lep-i-koristan-buket-za-bebe\/#primaryimage\",\"url\":\"https:\/\/provansadekor.rs\/wp-content\/uploads\/2022\/11\/2-9.jpg\",\"contentUrl\":\"https:\/\/provansadekor.rs\/wp-content\/uploads\/2022\/11\/2-9.jpg\",\"width\":900,\"height\":900},{\"@type\":\"BreadcrumbList\",\"@id\":\"https:\/\/provansadekor.rs\/proizvod\/lep-i-koristan-buket-za-bebe\/#breadcrumb\",\"itemListElement\":[{\"@type\":\"ListItem\",\"position\":1,\"name\":\"\u041f\u043e\u0447\u0435\u0442\u043d\u0430\",\"item\":\"https:\/\/provansadekor.rs\/\"},{\"@type\":\"ListItem\",\"position\":2,\"name\":\"\u041f\u0440\u043e\u0438\u0437\u0432\u043e\u0434\u0438\",\"item\":\"https:\/\/provansadekor.rs\/shop\/\"},{\"@type\":\"ListItem\",\"position\":3,\"name\":\"Lep i koristan buket za bebe\"}]},{\"@type\":\"WebSite\",\"@id\":\"https:\/\/provansadekor.rs\/#website\",\"url\":\"https:\/\/provansadekor.rs\/\",\"name\":\"Provansa Dekor\",\"description\":\"Dostava cve\u0107a Beograd - Organizacija i Dekoracija doga\u0111aja - Ure\u0111enje zelenih povr\u0161ina\",\"publisher\":{\"@id\":\"https:\/\/provansadekor.rs\/#organization\"},\"potentialAction\":[{\"@type\":\"SearchAction\",\"target\":{\"@type\":\"EntryPoint\",\"urlTemplate\":\"https:\/\/provansadekor.rs\/?s={search_term_string}\"},\"query-input\":{\"@type\":\"PropertyValueSpecification\",\"valueRequired\":true,\"valueName\":\"search_term_string\"}}],\"inLanguage\":\"en-US\"},{\"@type\":\"Organization\",\"@id\":\"https:\/\/provansadekor.rs\/#organization\",\"name\":\"Provansa Dekor Cve\u0107ara Beograd\",\"url\":\"https:\/\/provansadekor.rs\/\",\"logo\":{\"@type\":\"ImageObject\",\"inLanguage\":\"en-US\",\"@id\":\"https:\/\/provansadekor.rs\/#\/schema\/logo\/image\/\",\"url\":\"https:\/\/provansadekor.rs\/wp-content\/uploads\/2022\/03\/logo-provansa.jpg\",\"contentUrl\":\"https:\/\/provansadekor.rs\/wp-content\/uploads\/2022\/03\/logo-provansa.jpg\",\"width\":200,\"height\":200,\"caption\":\"Provansa Dekor Cve\u0107ara Beograd\"},\"image\":{\"@id\":\"https:\/\/provansadekor.rs\/#\/schema\/logo\/image\/\"},\"sameAs\":[\"https:\/\/www.facebook.com\/provansadekor\",\"https:\/\/www.instagram.com\/provansadekor\/\"]}]}<\/script>\n<!-- \/ Yoast SEO Premium plugin. -->","yoast_head_json":{"title":"A beautiful and useful bouquet for babies - Provence Decor","description":"Patterned cotton diapers Male dollHippo cosmetics (Body lotion, face cream, body milk, body oils)Thermo blanket","robots":{"index":"index","follow":"follow","max-snippet":"max-snippet:-1","max-image-preview":"max-image-preview:large","max-video-preview":"max-video-preview:-1"},"canonical":"https:\/\/provansadekor.rs\/en\/proizvod\/beautiful-and-useful-bouquet-for-babies\/","og_locale":"en_US","og_type":"article","og_title":"Lep i koristan buket za bebe","og_description":"Pamu\u010dne pelene sa dezenomMu\u017eicka lutkaHippo kozmetika (Losion za telo, krema za lice, mleko za telo, ulja za telo)Termo \u0107ebe","og_url":"https:\/\/provansadekor.rs\/en\/proizvod\/beautiful-and-useful-bouquet-for-babies\/","og_site_name":"Provansa Dekor","article_publisher":"https:\/\/www.facebook.com\/provansadekor","article_modified_time":"2026-03-13T10:34:35+00:00","og_image":[{"width":900,"height":900,"url":"https:\/\/provansadekor.rs\/wp-content\/uploads\/2022\/11\/2-9.jpg","type":"image\/jpeg"}],"twitter_card":"summary_large_image","twitter_misc":{"Est. reading time":"1 minute"},"schema":{"@context":"https:\/\/schema.org","@graph":[{"@type":["WebPage","ItemPage"],"@id":"https:\/\/provansadekor.rs\/proizvod\/lep-i-koristan-buket-za-bebe\/","url":"https:\/\/provansadekor.rs\/proizvod\/lep-i-koristan-buket-za-bebe\/","name":"A beautiful and useful bouquet for babies - Provence Decor","isPartOf":{"@id":"https:\/\/provansadekor.rs\/#website"},"primaryImageOfPage":{"@id":"https:\/\/provansadekor.rs\/proizvod\/lep-i-koristan-buket-za-bebe\/#primaryimage"},"image":{"@id":"https:\/\/provansadekor.rs\/proizvod\/lep-i-koristan-buket-za-bebe\/#primaryimage"},"thumbnailUrl":"https:\/\/provansadekor.rs\/wp-content\/uploads\/2022\/11\/2-9.jpg","datePublished":"2022-02-03T18:07:43+00:00","dateModified":"2026-03-13T10:34:35+00:00","description":"Patterned cotton diapers Male dollHippo cosmetics (Body lotion, face cream, body milk, body oils)Thermo blanket","breadcrumb":{"@id":"https:\/\/provansadekor.rs\/proizvod\/lep-i-koristan-buket-za-bebe\/#breadcrumb"},"inLanguage":"en-US","potentialAction":[{"@type":"ReadAction","target":["https:\/\/provansadekor.rs\/proizvod\/lep-i-koristan-buket-za-bebe\/"]}]},{"@type":"ImageObject","inLanguage":"en-US","@id":"https:\/\/provansadekor.rs\/proizvod\/lep-i-koristan-buket-za-bebe\/#primaryimage","url":"https:\/\/provansadekor.rs\/wp-content\/uploads\/2022\/11\/2-9.jpg","contentUrl":"https:\/\/provansadekor.rs\/wp-content\/uploads\/2022\/11\/2-9.jpg","width":900,"height":900},{"@type":"BreadcrumbList","@id":"https:\/\/provansadekor.rs\/proizvod\/lep-i-koristan-buket-za-bebe\/#breadcrumb","itemListElement":[{"@type":"ListItem","position":1,"name":"\u041f\u043e\u0447\u0435\u0442\u043d\u0430","item":"https:\/\/provansadekor.rs\/"},{"@type":"ListItem","position":2,"name":"\u041f\u0440\u043e\u0438\u0437\u0432\u043e\u0434\u0438","item":"https:\/\/provansadekor.rs\/shop\/"},{"@type":"ListItem","position":3,"name":"Lep i koristan buket za bebe"}]},{"@type":"WebSite","@id":"https:\/\/provansadekor.rs\/#website","url":"https:\/\/provansadekor.rs\/","name":"Provence Decor","description":"Flower delivery Belgrade - Event organization and decoration - Landscaping","publisher":{"@id":"https:\/\/provansadekor.rs\/#organization"},"potentialAction":[{"@type":"SearchAction","target":{"@type":"EntryPoint","urlTemplate":"https:\/\/provansadekor.rs\/?s={search_term_string}"},"query-input":{"@type":"PropertyValueSpecification","valueRequired":true,"valueName":"search_term_string"}}],"inLanguage":"en-US"},{"@type":"Organization","@id":"https:\/\/provansadekor.rs\/#organization","name":"Provence Decor Flower Shop Belgrade","url":"https:\/\/provansadekor.rs\/","logo":{"@type":"ImageObject","inLanguage":"en-US","@id":"https:\/\/provansadekor.rs\/#\/schema\/logo\/image\/","url":"https:\/\/provansadekor.rs\/wp-content\/uploads\/2022\/03\/logo-provansa.jpg","contentUrl":"https:\/\/provansadekor.rs\/wp-content\/uploads\/2022\/03\/logo-provansa.jpg","width":200,"height":200,"caption":"Provansa Dekor Cve\u0107ara Beograd"},"image":{"@id":"https:\/\/provansadekor.rs\/#\/schema\/logo\/image\/"},"sameAs":["https:\/\/www.facebook.com\/provansadekor","https:\/\/www.instagram.com\/provansadekor\/"]}]}},"_links":{"self":[{"href":"https:\/\/provansadekor.rs\/en\/wp-json\/wp\/v2\/product\/4724","targetHints":{"allow":["GET"]}}],"collection":[{"href":"https:\/\/provansadekor.rs\/en\/wp-json\/wp\/v2\/product"}],"about":[{"href":"https:\/\/provansadekor.rs\/en\/wp-json\/wp\/v2\/types\/product"}],"version-history":[{"count":9,"href":"https:\/\/provansadekor.rs\/en\/wp-json\/wp\/v2\/product\/4724\/revisions"}],"predecessor-version":[{"id":77216,"href":"https:\/\/provansadekor.rs\/en\/wp-json\/wp\/v2\/product\/4724\/revisions\/77216"}],"wp:featuredmedia":[{"embeddable":true,"href":"https:\/\/provansadekor.rs\/en\/wp-json\/wp\/v2\/media\/69870"}],"wp:attachment":[{"href":"https:\/\/provansadekor.rs\/en\/wp-json\/wp\/v2\/media?parent=4724"}],"wp:term":[{"taxonomy":"product_brand","embeddable":true,"href":"https:\/\/provansadekor.rs\/en\/wp-json\/wp\/v2\/product_brand?post=4724"},{"taxonomy":"product_cat","embeddable":true,"href":"https:\/\/provansadekor.rs\/en\/wp-json\/wp\/v2\/product_cat?post=4724"},{"taxonomy":"product_tag","embeddable":true,"href":"https:\/\/provansadekor.rs\/en\/wp-json\/wp\/v2\/product_tag?post=4724"}],"curies":[{"name":"wp","href":"https:\/\/api.w.org\/{rel}","templated":true}]}}