{"id":4716,"date":"2019-11-08T13:56:35","date_gmt":"2019-11-08T12:56:35","guid":{"rendered":"http:\/\/provansadekor.rs\/?post_type=product&#038;p=4716"},"modified":"2026-03-18T16:21:25","modified_gmt":"2026-03-18T15:21:25","slug":"101-bela-ruza-sa-ferrerom-kao-savrsen-spoj-u-box-u","status":"publish","type":"product","link":"https:\/\/provansadekor.rs\/en\/proizvod\/101-white-rose-with-ferrera-as-a-perfect-match-in-a-box\/","title":{"rendered":"101 Rose as glamor in a box"},"content":{"rendered":"<h2>101 White rose with ferrera<\/h2>\n<p><a href=\"https:\/\/provansadekor.rs\/kategorija-proizvoda\/101-ruza\/\"><strong>101 White rose<\/strong><\/a> with ferrera for taste and smell.<\/p>\n<p><em>Types of flowers in an arrangement<\/em>: white roses.<\/p>\n<p><em>Accompanying decoration<\/em>: white decorative round box, pampas, ferrero rocher, gold satin bow and blue and white striped decorative bow.<\/p>\n<p>A perfect combination <strong>101 roses<\/strong> in white color with sweet bites of ferrero rocher packed in a white round box with a combination of two bows.<\/p>\n<p>More precisely, the entire experience of this gift exudes glamour. Taking pictures and passing word of mouth on how beautiful it is is inevitable, as are the lasting memories that will be created. If a person likes soft colors, this gift will make a great impression on them. We must also mention that this one <strong>101 roses<\/strong> even more glamorous live!!!<\/p>\n<h2><a href=\"https:\/\/provansadekor.rs\/online-cvecara\/\"><strong>Flower delivery<\/strong><\/a> is free for <strong>White City<\/strong>.<\/h2>","protected":false},"excerpt":{"rendered":"<p>101 Bela ru\u017ea sa ferrerom 101 Bela ru\u017ea sa ferrerom za ukus i miris. Vrste cve\u0107a u aran\u017emanu: bele ru\u017ee. Prate\u0107a dekoracija: bela dekorativna okrugla kutija, pampas, ferrero rocher, zlatna satenska ma\u0161na i prugasta dekorativna ma\u0161na u plavo-beloj boji. Savr\u0161ena kombinacija 101 ru\u017ee u beloj boji sa slatkim zalogajima ferrero rochera upakovane u beli okrugli [&hellip;]<\/p>","protected":false},"featured_media":4701,"template":"","meta":[],"product_brand":[],"product_cat":[162],"product_tag":[],"class_list":{"0":"post-4716","1":"product","2":"type-product","3":"status-publish","4":"has-post-thumbnail","6":"product_cat-101-ruza","8":"first","9":"instock","10":"shipping-taxable","11":"purchasable","12":"product-type-simple"},"yoast_head":"<!-- This site is optimized with the Yoast SEO Premium plugin v20.9 (Yoast SEO v26.5) - https:\/\/yoast.com\/wordpress\/plugins\/seo\/ -->\n<title>101 Bela ru\u017ea sa ferrerom &#8211; Provansa Dekor<\/title>\n<meta name=\"description\" content=\"Savr\u0161ena kombinacija 101 bela ru\u017ea sa ferrerom predstavlja slatki zalogaj upakovan u beli okrugli box sa kombinacijom dve ma\u0161ne.\" \/>\n<meta name=\"robots\" content=\"index, follow, max-snippet:-1, max-image-preview:large, max-video-preview:-1\" \/>\n<link rel=\"canonical\" href=\"https:\/\/provansadekor.rs\/en\/proizvod\/101-white-rose-with-ferrera-as-a-perfect-match-in-a-box\/\" \/>\n<meta property=\"og:locale\" content=\"en_US\" \/>\n<meta property=\"og:type\" content=\"article\" \/>\n<meta property=\"og:title\" content=\"101 Ru\u017ea kao glamur u kutiji\" \/>\n<meta property=\"og:description\" content=\"Savr\u0161ena kombinacija 101 bela ru\u017ea sa ferrerom predstavlja slatki zalogaj upakovan u beli okrugli box sa kombinacijom dve ma\u0161ne.\" \/>\n<meta property=\"og:url\" content=\"https:\/\/provansadekor.rs\/en\/proizvod\/101-white-rose-with-ferrera-as-a-perfect-match-in-a-box\/\" \/>\n<meta property=\"og:site_name\" content=\"Provansa Dekor\" \/>\n<meta property=\"article:publisher\" content=\"https:\/\/www.facebook.com\/provansadekor\" \/>\n<meta property=\"article:modified_time\" content=\"2026-03-18T15:21:25+00:00\" \/>\n<meta property=\"og:image\" content=\"https:\/\/provansadekor.rs\/wp-content\/uploads\/2019\/11\/IMG-068488304012b2d881e372182eb10ff0-V.jpg\" \/>\n\t<meta property=\"og:image:width\" content=\"1600\" \/>\n\t<meta property=\"og:image:height\" content=\"1600\" \/>\n\t<meta property=\"og:image:type\" content=\"image\/jpeg\" \/>\n<meta name=\"twitter:card\" content=\"summary_large_image\" \/>\n<meta name=\"twitter:label1\" content=\"Est. reading time\" \/>\n\t<meta name=\"twitter:data1\" content=\"1 minute\" \/>\n<script type=\"application\/ld+json\" class=\"yoast-schema-graph\">{\"@context\":\"https:\/\/schema.org\",\"@graph\":[{\"@type\":[\"WebPage\",\"ItemPage\"],\"@id\":\"https:\/\/provansadekor.rs\/proizvod\/101-bela-ruza-sa-ferrerom-kao-savrsen-spoj-u-box-u\/\",\"url\":\"https:\/\/provansadekor.rs\/proizvod\/101-bela-ruza-sa-ferrerom-kao-savrsen-spoj-u-box-u\/\",\"name\":\"101 Bela ru\u017ea sa ferrerom &#8211; Provansa Dekor\",\"isPartOf\":{\"@id\":\"https:\/\/provansadekor.rs\/#website\"},\"primaryImageOfPage\":{\"@id\":\"https:\/\/provansadekor.rs\/proizvod\/101-bela-ruza-sa-ferrerom-kao-savrsen-spoj-u-box-u\/#primaryimage\"},\"image\":{\"@id\":\"https:\/\/provansadekor.rs\/proizvod\/101-bela-ruza-sa-ferrerom-kao-savrsen-spoj-u-box-u\/#primaryimage\"},\"thumbnailUrl\":\"https:\/\/provansadekor.rs\/wp-content\/uploads\/2019\/11\/IMG-068488304012b2d881e372182eb10ff0-V.jpg\",\"datePublished\":\"2019-11-08T12:56:35+00:00\",\"dateModified\":\"2026-03-18T15:21:25+00:00\",\"description\":\"Savr\u0161ena kombinacija 101 bela ru\u017ea sa ferrerom predstavlja slatki zalogaj upakovan u beli okrugli box sa kombinacijom dve ma\u0161ne.\",\"breadcrumb\":{\"@id\":\"https:\/\/provansadekor.rs\/proizvod\/101-bela-ruza-sa-ferrerom-kao-savrsen-spoj-u-box-u\/#breadcrumb\"},\"inLanguage\":\"en-US\",\"potentialAction\":[{\"@type\":\"ReadAction\",\"target\":[\"https:\/\/provansadekor.rs\/proizvod\/101-bela-ruza-sa-ferrerom-kao-savrsen-spoj-u-box-u\/\"]}]},{\"@type\":\"ImageObject\",\"inLanguage\":\"en-US\",\"@id\":\"https:\/\/provansadekor.rs\/proizvod\/101-bela-ruza-sa-ferrerom-kao-savrsen-spoj-u-box-u\/#primaryimage\",\"url\":\"https:\/\/provansadekor.rs\/wp-content\/uploads\/2019\/11\/IMG-068488304012b2d881e372182eb10ff0-V.jpg\",\"contentUrl\":\"https:\/\/provansadekor.rs\/wp-content\/uploads\/2019\/11\/IMG-068488304012b2d881e372182eb10ff0-V.jpg\",\"width\":1600,\"height\":1600,\"caption\":\"101 bela ruza sa ferrerom - cve\u0107ara Provansa Dekor - Dostava cve\u0107a Beograd\"},{\"@type\":\"BreadcrumbList\",\"@id\":\"https:\/\/provansadekor.rs\/proizvod\/101-bela-ruza-sa-ferrerom-kao-savrsen-spoj-u-box-u\/#breadcrumb\",\"itemListElement\":[{\"@type\":\"ListItem\",\"position\":1,\"name\":\"\u041f\u043e\u0447\u0435\u0442\u043d\u0430\",\"item\":\"https:\/\/provansadekor.rs\/\"},{\"@type\":\"ListItem\",\"position\":2,\"name\":\"\u041f\u0440\u043e\u0438\u0437\u0432\u043e\u0434\u0438\",\"item\":\"https:\/\/provansadekor.rs\/shop\/\"},{\"@type\":\"ListItem\",\"position\":3,\"name\":\"101 Ru\u017ea kao glamur u kutiji\"}]},{\"@type\":\"WebSite\",\"@id\":\"https:\/\/provansadekor.rs\/#website\",\"url\":\"https:\/\/provansadekor.rs\/\",\"name\":\"Provansa Dekor\",\"description\":\"Dostava cve\u0107a Beograd - Organizacija i Dekoracija doga\u0111aja - Ure\u0111enje zelenih povr\u0161ina\",\"publisher\":{\"@id\":\"https:\/\/provansadekor.rs\/#organization\"},\"potentialAction\":[{\"@type\":\"SearchAction\",\"target\":{\"@type\":\"EntryPoint\",\"urlTemplate\":\"https:\/\/provansadekor.rs\/?s={search_term_string}\"},\"query-input\":{\"@type\":\"PropertyValueSpecification\",\"valueRequired\":true,\"valueName\":\"search_term_string\"}}],\"inLanguage\":\"en-US\"},{\"@type\":\"Organization\",\"@id\":\"https:\/\/provansadekor.rs\/#organization\",\"name\":\"Provansa Dekor Cve\u0107ara Beograd\",\"url\":\"https:\/\/provansadekor.rs\/\",\"logo\":{\"@type\":\"ImageObject\",\"inLanguage\":\"en-US\",\"@id\":\"https:\/\/provansadekor.rs\/#\/schema\/logo\/image\/\",\"url\":\"https:\/\/provansadekor.rs\/wp-content\/uploads\/2022\/03\/logo-provansa.jpg\",\"contentUrl\":\"https:\/\/provansadekor.rs\/wp-content\/uploads\/2022\/03\/logo-provansa.jpg\",\"width\":200,\"height\":200,\"caption\":\"Provansa Dekor Cve\u0107ara Beograd\"},\"image\":{\"@id\":\"https:\/\/provansadekor.rs\/#\/schema\/logo\/image\/\"},\"sameAs\":[\"https:\/\/www.facebook.com\/provansadekor\",\"https:\/\/www.instagram.com\/provansadekor\/\"]}]}<\/script>\n<!-- \/ Yoast SEO Premium plugin. -->","yoast_head_json":{"title":"101 White rose with ferrera - Provence Decor","description":"The perfect combination of 101 white roses with ferrera is a sweet bite packed in a white round box with a combination of two bows.","robots":{"index":"index","follow":"follow","max-snippet":"max-snippet:-1","max-image-preview":"max-image-preview:large","max-video-preview":"max-video-preview:-1"},"canonical":"https:\/\/provansadekor.rs\/en\/proizvod\/101-white-rose-with-ferrera-as-a-perfect-match-in-a-box\/","og_locale":"en_US","og_type":"article","og_title":"101 Ru\u017ea kao glamur u kutiji","og_description":"Savr\u0161ena kombinacija 101 bela ru\u017ea sa ferrerom predstavlja slatki zalogaj upakovan u beli okrugli box sa kombinacijom dve ma\u0161ne.","og_url":"https:\/\/provansadekor.rs\/en\/proizvod\/101-white-rose-with-ferrera-as-a-perfect-match-in-a-box\/","og_site_name":"Provansa Dekor","article_publisher":"https:\/\/www.facebook.com\/provansadekor","article_modified_time":"2026-03-18T15:21:25+00:00","og_image":[{"width":1600,"height":1600,"url":"https:\/\/provansadekor.rs\/wp-content\/uploads\/2019\/11\/IMG-068488304012b2d881e372182eb10ff0-V.jpg","type":"image\/jpeg"}],"twitter_card":"summary_large_image","twitter_misc":{"Est. reading time":"1 minute"},"schema":{"@context":"https:\/\/schema.org","@graph":[{"@type":["WebPage","ItemPage"],"@id":"https:\/\/provansadekor.rs\/proizvod\/101-bela-ruza-sa-ferrerom-kao-savrsen-spoj-u-box-u\/","url":"https:\/\/provansadekor.rs\/proizvod\/101-bela-ruza-sa-ferrerom-kao-savrsen-spoj-u-box-u\/","name":"101 White rose with ferrera - Provence Decor","isPartOf":{"@id":"https:\/\/provansadekor.rs\/#website"},"primaryImageOfPage":{"@id":"https:\/\/provansadekor.rs\/proizvod\/101-bela-ruza-sa-ferrerom-kao-savrsen-spoj-u-box-u\/#primaryimage"},"image":{"@id":"https:\/\/provansadekor.rs\/proizvod\/101-bela-ruza-sa-ferrerom-kao-savrsen-spoj-u-box-u\/#primaryimage"},"thumbnailUrl":"https:\/\/provansadekor.rs\/wp-content\/uploads\/2019\/11\/IMG-068488304012b2d881e372182eb10ff0-V.jpg","datePublished":"2019-11-08T12:56:35+00:00","dateModified":"2026-03-18T15:21:25+00:00","description":"The perfect combination of 101 white roses with ferrera is a sweet bite packed in a white round box with a combination of two bows.","breadcrumb":{"@id":"https:\/\/provansadekor.rs\/proizvod\/101-bela-ruza-sa-ferrerom-kao-savrsen-spoj-u-box-u\/#breadcrumb"},"inLanguage":"en-US","potentialAction":[{"@type":"ReadAction","target":["https:\/\/provansadekor.rs\/proizvod\/101-bela-ruza-sa-ferrerom-kao-savrsen-spoj-u-box-u\/"]}]},{"@type":"ImageObject","inLanguage":"en-US","@id":"https:\/\/provansadekor.rs\/proizvod\/101-bela-ruza-sa-ferrerom-kao-savrsen-spoj-u-box-u\/#primaryimage","url":"https:\/\/provansadekor.rs\/wp-content\/uploads\/2019\/11\/IMG-068488304012b2d881e372182eb10ff0-V.jpg","contentUrl":"https:\/\/provansadekor.rs\/wp-content\/uploads\/2019\/11\/IMG-068488304012b2d881e372182eb10ff0-V.jpg","width":1600,"height":1600,"caption":"101 bela ruza sa ferrerom - cve\u0107ara Provansa Dekor - Dostava cve\u0107a Beograd"},{"@type":"BreadcrumbList","@id":"https:\/\/provansadekor.rs\/proizvod\/101-bela-ruza-sa-ferrerom-kao-savrsen-spoj-u-box-u\/#breadcrumb","itemListElement":[{"@type":"ListItem","position":1,"name":"\u041f\u043e\u0447\u0435\u0442\u043d\u0430","item":"https:\/\/provansadekor.rs\/"},{"@type":"ListItem","position":2,"name":"\u041f\u0440\u043e\u0438\u0437\u0432\u043e\u0434\u0438","item":"https:\/\/provansadekor.rs\/shop\/"},{"@type":"ListItem","position":3,"name":"101 Ru\u017ea kao glamur u kutiji"}]},{"@type":"WebSite","@id":"https:\/\/provansadekor.rs\/#website","url":"https:\/\/provansadekor.rs\/","name":"Provence Decor","description":"Flower delivery Belgrade - Event organization and decoration - Landscaping","publisher":{"@id":"https:\/\/provansadekor.rs\/#organization"},"potentialAction":[{"@type":"SearchAction","target":{"@type":"EntryPoint","urlTemplate":"https:\/\/provansadekor.rs\/?s={search_term_string}"},"query-input":{"@type":"PropertyValueSpecification","valueRequired":true,"valueName":"search_term_string"}}],"inLanguage":"en-US"},{"@type":"Organization","@id":"https:\/\/provansadekor.rs\/#organization","name":"Provence Decor Flower Shop Belgrade","url":"https:\/\/provansadekor.rs\/","logo":{"@type":"ImageObject","inLanguage":"en-US","@id":"https:\/\/provansadekor.rs\/#\/schema\/logo\/image\/","url":"https:\/\/provansadekor.rs\/wp-content\/uploads\/2022\/03\/logo-provansa.jpg","contentUrl":"https:\/\/provansadekor.rs\/wp-content\/uploads\/2022\/03\/logo-provansa.jpg","width":200,"height":200,"caption":"Provansa Dekor Cve\u0107ara Beograd"},"image":{"@id":"https:\/\/provansadekor.rs\/#\/schema\/logo\/image\/"},"sameAs":["https:\/\/www.facebook.com\/provansadekor","https:\/\/www.instagram.com\/provansadekor\/"]}]}},"_links":{"self":[{"href":"https:\/\/provansadekor.rs\/en\/wp-json\/wp\/v2\/product\/4716","targetHints":{"allow":["GET"]}}],"collection":[{"href":"https:\/\/provansadekor.rs\/en\/wp-json\/wp\/v2\/product"}],"about":[{"href":"https:\/\/provansadekor.rs\/en\/wp-json\/wp\/v2\/types\/product"}],"version-history":[{"count":5,"href":"https:\/\/provansadekor.rs\/en\/wp-json\/wp\/v2\/product\/4716\/revisions"}],"predecessor-version":[{"id":70603,"href":"https:\/\/provansadekor.rs\/en\/wp-json\/wp\/v2\/product\/4716\/revisions\/70603"}],"wp:featuredmedia":[{"embeddable":true,"href":"https:\/\/provansadekor.rs\/en\/wp-json\/wp\/v2\/media\/4701"}],"wp:attachment":[{"href":"https:\/\/provansadekor.rs\/en\/wp-json\/wp\/v2\/media?parent=4716"}],"wp:term":[{"taxonomy":"product_brand","embeddable":true,"href":"https:\/\/provansadekor.rs\/en\/wp-json\/wp\/v2\/product_brand?post=4716"},{"taxonomy":"product_cat","embeddable":true,"href":"https:\/\/provansadekor.rs\/en\/wp-json\/wp\/v2\/product_cat?post=4716"},{"taxonomy":"product_tag","embeddable":true,"href":"https:\/\/provansadekor.rs\/en\/wp-json\/wp\/v2\/product_tag?post=4716"}],"curies":[{"name":"wp","href":"https:\/\/api.w.org\/{rel}","templated":true}]}}