{"id":4711,"date":"2019-11-08T13:31:10","date_gmt":"2019-11-08T12:31:10","guid":{"rendered":"http:\/\/provansadekor.rs\/?post_type=product&#038;p=4711"},"modified":"2026-03-18T16:21:44","modified_gmt":"2026-03-18T15:21:44","slug":"101-crvena-ruza-u-buketu-za-dodir-luksuza","status":"publish","type":"product","link":"https:\/\/provansadekor.rs\/en\/proizvod\/101-red-rose-in-a-bouquet-for-a-touch-of-luxury\/","title":{"rendered":"101 Rose in a bouquet for a touch of luxury"},"content":{"rendered":"<div class=\"main-content col-lg-9\">\n<div id=\"primary\" class=\"content-area\">\n<h2>101 Red rose in a bouquet<\/h2>\n<p>101 Red rose in a bouquet for moments of elegance and luxury.<\/p>\n<p><em>Types of flowers in a bouquet<\/em>:<strong> red roses.<\/strong><\/p>\n<p><em>Accompanying decoration<\/em>: turquoise decorative paper, double bow in pink and burgundy.<\/p>\n<p><strong>A bouquet<\/strong> made of <strong>101 red roses<\/strong>, with pretty turquoise decorative paper and a matching combination of bows. The skilled hands of our arrangers will make this huge <strong>bouquet<\/strong> about a meter high and half a meter in diameter, prepare as a perfect creation just for you. Push the boundaries of luxury.<\/p>\n<div id=\"product-16134\" class=\"product type-product post-16134 status-publish first instock product_cat-101-ruza has-post-thumbnail featured shipping-taxable purchasable product-type-simple product-layout-default\">\n<div id=\"product-tab\" class=\"woocommerce-tabs woocommerce-tabs-s7fckep7 resp-htabs\">\n<div class=\"resp-tabs-container\">\n<div id=\"tab-description\" class=\"tab-content resp-tab-content resp-tab-content-active\" aria-labelledby=\"tab_item-0\">\n<h3>Choose Your Ideal Gift<\/h3>\n<ul>\n<li>\n<h4>101 roses,<\/h4>\n<\/li>\n<li>\n<h4>201, 301\u2026 even 1001 roses!<\/h4>\n<\/li>\n<li>\n<h4>bouquets of roses,<\/h4>\n<\/li>\n<li>\n<h4>101 A Rose in a Box,<\/h4>\n<\/li>\n<li>\n<h4>Luxury arrangements and gifts.<\/h4>\n<\/li>\n<\/ul>\n<p>There is nothing that will send a message as loud and clear as roses. And that&#039;s no more and no less than 101! Maybe\u00a0<a href=\"https:\/\/provansadekor.rs\/kategorija-proizvoda\/101-ruza\/\"><strong>101 roses<\/strong><\/a>\u00a0not enough? Imagine this: We will create any arrangement you can imagine from\u00a0<strong>201 roses,<\/strong>\u00a0<strong>301 roses,<\/strong>\u00a0<strong>501 roses\u2026\u00a0<\/strong>And even an arrangement of\u00a0<strong>1001 roses<\/strong>.<\/p>\n<\/div>\n<\/div>\n<\/div>\n<\/div>\n<h2><a href=\"https:\/\/provansadekor.rs\/online-cvecara\/\">Flower delivery, Belgrade<\/a><\/h2>\n<\/div>\n<\/div>\n<div class=\"col-lg-3 sidebar porto-woo-product-sidebar right-sidebar mobile-sidebar\">\n<div class=\"pin-wrapper\">\n<div class=\"sticky-active\" data-plugin-sticky=\"\" data-plugin-options=\"{&quot;autoInit&quot;: true, &quot;minWidth&quot;: 992, &quot;containerSelector&quot;: &quot;.main-content-wrap&quot;,&quot;autoFit&quot;:true, &quot;paddingOffsetBottom&quot;: 10}\">\n<div class=\"sidebar-content\">\n<aside id=\"block-widget-2\" class=\"widget widget-block\">\n<div class=\"block\">\n<div class=\"porto-block\">\n<div class=\"vc_row wpb_row row\">\n<div class=\"vc_column_container col-md-12\">\n<div class=\"wpb_wrapper vc_column-inner\">\n<div class=\"porto-feature-box wpb_content_element feature-bottom-margin m-b-md\">\n<div class=\"feature-box feature-box-primary feature-box-style-2\">\n<div class=\"feature-box-icon feature-box-icon-primary\"><\/div>\n<\/div>\n<\/div>\n<\/div>\n<\/div>\n<\/div>\n<\/div>\n<\/div>\n<\/aside>\n<\/div>\n<\/div>\n<\/div>\n<\/div>","protected":false},"excerpt":{"rendered":"<p>101 Crvena ru\u017ea u buketu 101 Crvena ru\u017ea u buketu za trenutke elegancije i luksuza. Vrste cve\u0107a u buketu: crvene ru\u017ee. Prate\u0107a dekoracija: tirkizni ukrasni papir, dupla ma\u0161na u roze i bordo boji. Buket napravljen od 101 crvene ru\u017ee, sa lepim tirkiznim ukrasnim papirom i prikladnom kombinacijom ma\u0161ni. Ve\u0161te ruke na\u0161ih aran\u017eera \u0107e ovaj ogromni [&hellip;]<\/p>","protected":false},"featured_media":16120,"template":"","meta":[],"product_brand":[],"product_cat":[320,162,169],"product_tag":[319,318],"class_list":{"0":"post-4711","1":"product","2":"type-product","3":"status-publish","4":"has-post-thumbnail","6":"product_cat-8-mart","7":"product_cat-101-ruza","8":"product_cat-dan-zaljubljenih","9":"product_tag-101-crvena-ruza","10":"product_tag-crvene-ruze","12":"first","13":"instock","14":"shipping-taxable","15":"purchasable","16":"product-type-simple"},"yoast_head":"<!-- This site is optimized with the Yoast SEO Premium plugin v20.9 (Yoast SEO v26.5) - https:\/\/yoast.com\/wordpress\/plugins\/seo\/ -->\n<title>101 Crvena ru\u017ea u buketu &#8211; Provansa Dekor<\/title>\n<meta name=\"description\" content=\"101 Crvena ru\u017ea u buketu, od crvenih ru\u017ea, u savr\u0161enom aran\u017emanu za vas. Izabrali smo svaku ru\u010dno. Dostava cve\u0107a Beograd 24\/7\" \/>\n<meta name=\"robots\" content=\"index, follow, max-snippet:-1, max-image-preview:large, max-video-preview:-1\" \/>\n<link rel=\"canonical\" href=\"https:\/\/provansadekor.rs\/en\/proizvod\/101-red-rose-in-a-bouquet-for-a-touch-of-luxury\/\" \/>\n<meta property=\"og:locale\" content=\"en_US\" \/>\n<meta property=\"og:type\" content=\"article\" \/>\n<meta property=\"og:title\" content=\"101 Ru\u017ea u buketu za dodir luksuza\" \/>\n<meta property=\"og:description\" content=\"101 Crvena ru\u017ea u buketu, od crvenih ru\u017ea, u savr\u0161enom aran\u017emanu za vas. Izabrali smo svaku ru\u010dno. Dostava cve\u0107a Beograd 24\/7\" \/>\n<meta property=\"og:url\" content=\"https:\/\/provansadekor.rs\/en\/proizvod\/101-red-rose-in-a-bouquet-for-a-touch-of-luxury\/\" \/>\n<meta property=\"og:site_name\" content=\"Provansa Dekor\" \/>\n<meta property=\"article:publisher\" content=\"https:\/\/www.facebook.com\/provansadekor\" \/>\n<meta property=\"article:modified_time\" content=\"2026-03-18T15:21:44+00:00\" \/>\n<meta property=\"og:image\" content=\"https:\/\/provansadekor.rs\/wp-content\/uploads\/2020\/08\/IMG-6962dea5bbc46fff8d90dcf3e751c16e-V.jpg\" \/>\n\t<meta property=\"og:image:width\" content=\"1200\" \/>\n\t<meta property=\"og:image:height\" content=\"1600\" \/>\n\t<meta property=\"og:image:type\" content=\"image\/jpeg\" \/>\n<meta name=\"twitter:card\" content=\"summary_large_image\" \/>\n<meta name=\"twitter:label1\" content=\"Est. reading time\" \/>\n\t<meta name=\"twitter:data1\" content=\"2 minutes\" \/>\n<script type=\"application\/ld+json\" class=\"yoast-schema-graph\">{\"@context\":\"https:\/\/schema.org\",\"@graph\":[{\"@type\":[\"WebPage\",\"ItemPage\"],\"@id\":\"https:\/\/provansadekor.rs\/proizvod\/101-crvena-ruza-u-buketu-za-dodir-luksuza\/\",\"url\":\"https:\/\/provansadekor.rs\/proizvod\/101-crvena-ruza-u-buketu-za-dodir-luksuza\/\",\"name\":\"101 Crvena ru\u017ea u buketu &#8211; Provansa Dekor\",\"isPartOf\":{\"@id\":\"https:\/\/provansadekor.rs\/#website\"},\"primaryImageOfPage\":{\"@id\":\"https:\/\/provansadekor.rs\/proizvod\/101-crvena-ruza-u-buketu-za-dodir-luksuza\/#primaryimage\"},\"image\":{\"@id\":\"https:\/\/provansadekor.rs\/proizvod\/101-crvena-ruza-u-buketu-za-dodir-luksuza\/#primaryimage\"},\"thumbnailUrl\":\"https:\/\/provansadekor.rs\/wp-content\/uploads\/2020\/08\/IMG-6962dea5bbc46fff8d90dcf3e751c16e-V.jpg\",\"datePublished\":\"2019-11-08T12:31:10+00:00\",\"dateModified\":\"2026-03-18T15:21:44+00:00\",\"description\":\"101 Crvena ru\u017ea u buketu, od crvenih ru\u017ea, u savr\u0161enom aran\u017emanu za vas. Izabrali smo svaku ru\u010dno. Dostava cve\u0107a Beograd 24\/7\",\"breadcrumb\":{\"@id\":\"https:\/\/provansadekor.rs\/proizvod\/101-crvena-ruza-u-buketu-za-dodir-luksuza\/#breadcrumb\"},\"inLanguage\":\"en-US\",\"potentialAction\":[{\"@type\":\"ReadAction\",\"target\":[\"https:\/\/provansadekor.rs\/proizvod\/101-crvena-ruza-u-buketu-za-dodir-luksuza\/\"]}]},{\"@type\":\"ImageObject\",\"inLanguage\":\"en-US\",\"@id\":\"https:\/\/provansadekor.rs\/proizvod\/101-crvena-ruza-u-buketu-za-dodir-luksuza\/#primaryimage\",\"url\":\"https:\/\/provansadekor.rs\/wp-content\/uploads\/2020\/08\/IMG-6962dea5bbc46fff8d90dcf3e751c16e-V.jpg\",\"contentUrl\":\"https:\/\/provansadekor.rs\/wp-content\/uploads\/2020\/08\/IMG-6962dea5bbc46fff8d90dcf3e751c16e-V.jpg\",\"width\":1200,\"height\":1600,\"caption\":\"101 Crvena ru\u017ea u buketu - Dostava cve\u0107a Beograd - Cve\u0107ara Provansa Dekor\"},{\"@type\":\"BreadcrumbList\",\"@id\":\"https:\/\/provansadekor.rs\/proizvod\/101-crvena-ruza-u-buketu-za-dodir-luksuza\/#breadcrumb\",\"itemListElement\":[{\"@type\":\"ListItem\",\"position\":1,\"name\":\"\u041f\u043e\u0447\u0435\u0442\u043d\u0430\",\"item\":\"https:\/\/provansadekor.rs\/\"},{\"@type\":\"ListItem\",\"position\":2,\"name\":\"\u041f\u0440\u043e\u0438\u0437\u0432\u043e\u0434\u0438\",\"item\":\"https:\/\/provansadekor.rs\/shop\/\"},{\"@type\":\"ListItem\",\"position\":3,\"name\":\"101 Ru\u017ea u buketu za dodir luksuza\"}]},{\"@type\":\"WebSite\",\"@id\":\"https:\/\/provansadekor.rs\/#website\",\"url\":\"https:\/\/provansadekor.rs\/\",\"name\":\"Provansa Dekor\",\"description\":\"Dostava cve\u0107a Beograd - Organizacija i Dekoracija doga\u0111aja - Ure\u0111enje zelenih povr\u0161ina\",\"publisher\":{\"@id\":\"https:\/\/provansadekor.rs\/#organization\"},\"potentialAction\":[{\"@type\":\"SearchAction\",\"target\":{\"@type\":\"EntryPoint\",\"urlTemplate\":\"https:\/\/provansadekor.rs\/?s={search_term_string}\"},\"query-input\":{\"@type\":\"PropertyValueSpecification\",\"valueRequired\":true,\"valueName\":\"search_term_string\"}}],\"inLanguage\":\"en-US\"},{\"@type\":\"Organization\",\"@id\":\"https:\/\/provansadekor.rs\/#organization\",\"name\":\"Provansa Dekor Cve\u0107ara Beograd\",\"url\":\"https:\/\/provansadekor.rs\/\",\"logo\":{\"@type\":\"ImageObject\",\"inLanguage\":\"en-US\",\"@id\":\"https:\/\/provansadekor.rs\/#\/schema\/logo\/image\/\",\"url\":\"https:\/\/provansadekor.rs\/wp-content\/uploads\/2022\/03\/logo-provansa.jpg\",\"contentUrl\":\"https:\/\/provansadekor.rs\/wp-content\/uploads\/2022\/03\/logo-provansa.jpg\",\"width\":200,\"height\":200,\"caption\":\"Provansa Dekor Cve\u0107ara Beograd\"},\"image\":{\"@id\":\"https:\/\/provansadekor.rs\/#\/schema\/logo\/image\/\"},\"sameAs\":[\"https:\/\/www.facebook.com\/provansadekor\",\"https:\/\/www.instagram.com\/provansadekor\/\"]}]}<\/script>\n<!-- \/ Yoast SEO Premium plugin. -->","yoast_head_json":{"title":"101 Red rose in a bouquet - Provence Decor","description":"101 Red rose in a bouquet, made of red roses, in a perfect arrangement for you. We handpicked each one. Flower delivery Belgrade 24\/7","robots":{"index":"index","follow":"follow","max-snippet":"max-snippet:-1","max-image-preview":"max-image-preview:large","max-video-preview":"max-video-preview:-1"},"canonical":"https:\/\/provansadekor.rs\/en\/proizvod\/101-red-rose-in-a-bouquet-for-a-touch-of-luxury\/","og_locale":"en_US","og_type":"article","og_title":"101 Ru\u017ea u buketu za dodir luksuza","og_description":"101 Crvena ru\u017ea u buketu, od crvenih ru\u017ea, u savr\u0161enom aran\u017emanu za vas. Izabrali smo svaku ru\u010dno. Dostava cve\u0107a Beograd 24\/7","og_url":"https:\/\/provansadekor.rs\/en\/proizvod\/101-red-rose-in-a-bouquet-for-a-touch-of-luxury\/","og_site_name":"Provansa Dekor","article_publisher":"https:\/\/www.facebook.com\/provansadekor","article_modified_time":"2026-03-18T15:21:44+00:00","og_image":[{"width":1200,"height":1600,"url":"https:\/\/provansadekor.rs\/wp-content\/uploads\/2020\/08\/IMG-6962dea5bbc46fff8d90dcf3e751c16e-V.jpg","type":"image\/jpeg"}],"twitter_card":"summary_large_image","twitter_misc":{"Est. reading time":"2 minutes"},"schema":{"@context":"https:\/\/schema.org","@graph":[{"@type":["WebPage","ItemPage"],"@id":"https:\/\/provansadekor.rs\/proizvod\/101-crvena-ruza-u-buketu-za-dodir-luksuza\/","url":"https:\/\/provansadekor.rs\/proizvod\/101-crvena-ruza-u-buketu-za-dodir-luksuza\/","name":"101 Red rose in a bouquet - Provence Decor","isPartOf":{"@id":"https:\/\/provansadekor.rs\/#website"},"primaryImageOfPage":{"@id":"https:\/\/provansadekor.rs\/proizvod\/101-crvena-ruza-u-buketu-za-dodir-luksuza\/#primaryimage"},"image":{"@id":"https:\/\/provansadekor.rs\/proizvod\/101-crvena-ruza-u-buketu-za-dodir-luksuza\/#primaryimage"},"thumbnailUrl":"https:\/\/provansadekor.rs\/wp-content\/uploads\/2020\/08\/IMG-6962dea5bbc46fff8d90dcf3e751c16e-V.jpg","datePublished":"2019-11-08T12:31:10+00:00","dateModified":"2026-03-18T15:21:44+00:00","description":"101 Red rose in a bouquet, made of red roses, in a perfect arrangement for you. We handpicked each one. Flower delivery Belgrade 24\/7","breadcrumb":{"@id":"https:\/\/provansadekor.rs\/proizvod\/101-crvena-ruza-u-buketu-za-dodir-luksuza\/#breadcrumb"},"inLanguage":"en-US","potentialAction":[{"@type":"ReadAction","target":["https:\/\/provansadekor.rs\/proizvod\/101-crvena-ruza-u-buketu-za-dodir-luksuza\/"]}]},{"@type":"ImageObject","inLanguage":"en-US","@id":"https:\/\/provansadekor.rs\/proizvod\/101-crvena-ruza-u-buketu-za-dodir-luksuza\/#primaryimage","url":"https:\/\/provansadekor.rs\/wp-content\/uploads\/2020\/08\/IMG-6962dea5bbc46fff8d90dcf3e751c16e-V.jpg","contentUrl":"https:\/\/provansadekor.rs\/wp-content\/uploads\/2020\/08\/IMG-6962dea5bbc46fff8d90dcf3e751c16e-V.jpg","width":1200,"height":1600,"caption":"101 Crvena ru\u017ea u buketu - Dostava cve\u0107a Beograd - Cve\u0107ara Provansa Dekor"},{"@type":"BreadcrumbList","@id":"https:\/\/provansadekor.rs\/proizvod\/101-crvena-ruza-u-buketu-za-dodir-luksuza\/#breadcrumb","itemListElement":[{"@type":"ListItem","position":1,"name":"\u041f\u043e\u0447\u0435\u0442\u043d\u0430","item":"https:\/\/provansadekor.rs\/"},{"@type":"ListItem","position":2,"name":"\u041f\u0440\u043e\u0438\u0437\u0432\u043e\u0434\u0438","item":"https:\/\/provansadekor.rs\/shop\/"},{"@type":"ListItem","position":3,"name":"101 Ru\u017ea u buketu za dodir luksuza"}]},{"@type":"WebSite","@id":"https:\/\/provansadekor.rs\/#website","url":"https:\/\/provansadekor.rs\/","name":"Provence Decor","description":"Flower delivery Belgrade - Event organization and decoration - Landscaping","publisher":{"@id":"https:\/\/provansadekor.rs\/#organization"},"potentialAction":[{"@type":"SearchAction","target":{"@type":"EntryPoint","urlTemplate":"https:\/\/provansadekor.rs\/?s={search_term_string}"},"query-input":{"@type":"PropertyValueSpecification","valueRequired":true,"valueName":"search_term_string"}}],"inLanguage":"en-US"},{"@type":"Organization","@id":"https:\/\/provansadekor.rs\/#organization","name":"Provence Decor Flower Shop Belgrade","url":"https:\/\/provansadekor.rs\/","logo":{"@type":"ImageObject","inLanguage":"en-US","@id":"https:\/\/provansadekor.rs\/#\/schema\/logo\/image\/","url":"https:\/\/provansadekor.rs\/wp-content\/uploads\/2022\/03\/logo-provansa.jpg","contentUrl":"https:\/\/provansadekor.rs\/wp-content\/uploads\/2022\/03\/logo-provansa.jpg","width":200,"height":200,"caption":"Provansa Dekor Cve\u0107ara Beograd"},"image":{"@id":"https:\/\/provansadekor.rs\/#\/schema\/logo\/image\/"},"sameAs":["https:\/\/www.facebook.com\/provansadekor","https:\/\/www.instagram.com\/provansadekor\/"]}]}},"_links":{"self":[{"href":"https:\/\/provansadekor.rs\/en\/wp-json\/wp\/v2\/product\/4711","targetHints":{"allow":["GET"]}}],"collection":[{"href":"https:\/\/provansadekor.rs\/en\/wp-json\/wp\/v2\/product"}],"about":[{"href":"https:\/\/provansadekor.rs\/en\/wp-json\/wp\/v2\/types\/product"}],"version-history":[{"count":7,"href":"https:\/\/provansadekor.rs\/en\/wp-json\/wp\/v2\/product\/4711\/revisions"}],"predecessor-version":[{"id":70604,"href":"https:\/\/provansadekor.rs\/en\/wp-json\/wp\/v2\/product\/4711\/revisions\/70604"}],"wp:featuredmedia":[{"embeddable":true,"href":"https:\/\/provansadekor.rs\/en\/wp-json\/wp\/v2\/media\/16120"}],"wp:attachment":[{"href":"https:\/\/provansadekor.rs\/en\/wp-json\/wp\/v2\/media?parent=4711"}],"wp:term":[{"taxonomy":"product_brand","embeddable":true,"href":"https:\/\/provansadekor.rs\/en\/wp-json\/wp\/v2\/product_brand?post=4711"},{"taxonomy":"product_cat","embeddable":true,"href":"https:\/\/provansadekor.rs\/en\/wp-json\/wp\/v2\/product_cat?post=4711"},{"taxonomy":"product_tag","embeddable":true,"href":"https:\/\/provansadekor.rs\/en\/wp-json\/wp\/v2\/product_tag?post=4711"}],"curies":[{"name":"wp","href":"https:\/\/api.w.org\/{rel}","templated":true}]}}