{"id":4679,"date":"2019-10-29T10:21:24","date_gmt":"2019-10-29T09:21:24","guid":{"rendered":"http:\/\/provansadekor.rs\/?post_type=product&#038;p=4679"},"modified":"2026-03-18T16:22:16","modified_gmt":"2026-03-18T15:22:16","slug":"101-ruza-08","status":"publish","type":"product","link":"https:\/\/provansadekor.rs\/en\/proizvod\/101-ruza-08\/","title":{"rendered":"101 A rose in a bouquet - 03"},"content":{"rendered":"<p>Savr\u0161en moderan dizajn ove <strong>101 roses<\/strong> zasigurno \u0107e izmamiti osmeh onome ko ga dobije a ostavi\u0107e i jak utisak na onoga ko ga \u0161alje. Savr\u0161en je za po\u010detak poslovne saradnje ili samo kao jedno veliko hvala nekome ko je to zaslu\u017eio. Pe\u010dat na pri\u010du stavlja troslojna ma\u0161na sa imitacijom dragog kamena kao dekorativni detalj u sredini.<\/p>\n<h2>Free delivery of flowers in the territory of Belgrade.<\/h2>","protected":false},"excerpt":{"rendered":"<p>Savr\u0161en moderan dizajn ove 101 ru\u017ee zasigurno \u0107e izmamiti osmeh onome ko ga dobije a ostavi\u0107e i jak utisak na onoga ko ga \u0161alje. Savr\u0161en je za po\u010detak poslovne saradnje ili samo kao jedno veliko hvala nekome ko je to zaslu\u017eio. Pe\u010dat na pri\u010du stavlja troslojna ma\u0161na sa imitacijom dragog kamena kao dekorativni detalj u [&hellip;]<\/p>","protected":false},"featured_media":4669,"template":"","meta":[],"product_brand":[],"product_cat":[162],"product_tag":[319,318],"class_list":{"0":"post-4679","1":"product","2":"type-product","3":"status-publish","4":"has-post-thumbnail","6":"product_cat-101-ruza","7":"product_tag-101-crvena-ruza","8":"product_tag-crvene-ruze","10":"first","11":"instock","12":"shipping-taxable","13":"purchasable","14":"product-type-simple"},"yoast_head":"<!-- This site is optimized with the Yoast SEO Premium plugin v20.9 (Yoast SEO v26.5) - https:\/\/yoast.com\/wordpress\/plugins\/seo\/ -->\n<title>101 Ru\u017ea u buketu - 03 &#8211; Provansa Dekor<\/title>\n<meta name=\"description\" content=\"Savr\u0161en moderan dizajn ove 101 ru\u017ee zasigurno \u0107e izmamiti osmeh onome ko ga dobije a ostavi\u0107e i jak utisak na onoga ko ga \u0161alje.\" \/>\n<meta name=\"robots\" content=\"index, follow, max-snippet:-1, max-image-preview:large, max-video-preview:-1\" \/>\n<link rel=\"canonical\" href=\"https:\/\/provansadekor.rs\/en\/proizvod\/101-ruza-08\/\" \/>\n<meta property=\"og:locale\" content=\"en_US\" \/>\n<meta property=\"og:type\" content=\"article\" \/>\n<meta property=\"og:title\" content=\"101 Ru\u017ea u buketu - 03\" \/>\n<meta property=\"og:description\" content=\"Savr\u0161en moderan dizajn ove 101 ru\u017ee zasigurno \u0107e izmamiti osmeh onome ko ga dobije a ostavi\u0107e i jak utisak na onoga ko ga \u0161alje.\" \/>\n<meta property=\"og:url\" content=\"https:\/\/provansadekor.rs\/en\/proizvod\/101-ruza-08\/\" \/>\n<meta property=\"og:site_name\" content=\"Provansa Dekor\" \/>\n<meta property=\"article:publisher\" content=\"https:\/\/www.facebook.com\/provansadekor\" \/>\n<meta property=\"article:modified_time\" content=\"2026-03-18T15:22:16+00:00\" \/>\n<meta property=\"og:image\" content=\"https:\/\/provansadekor.rs\/wp-content\/uploads\/2019\/10\/101-bez-5.jpg\" \/>\n\t<meta property=\"og:image:width\" content=\"1600\" \/>\n\t<meta property=\"og:image:height\" content=\"1600\" \/>\n\t<meta property=\"og:image:type\" content=\"image\/jpeg\" \/>\n<meta name=\"twitter:card\" content=\"summary_large_image\" \/>\n<meta name=\"twitter:label1\" content=\"Est. reading time\" \/>\n\t<meta name=\"twitter:data1\" content=\"1 minute\" \/>\n<script type=\"application\/ld+json\" class=\"yoast-schema-graph\">{\"@context\":\"https:\/\/schema.org\",\"@graph\":[{\"@type\":[\"WebPage\",\"ItemPage\"],\"@id\":\"https:\/\/provansadekor.rs\/proizvod\/101-ruza-08\/\",\"url\":\"https:\/\/provansadekor.rs\/proizvod\/101-ruza-08\/\",\"name\":\"101 Ru\u017ea u buketu - 03 &#8211; Provansa Dekor\",\"isPartOf\":{\"@id\":\"https:\/\/provansadekor.rs\/#website\"},\"primaryImageOfPage\":{\"@id\":\"https:\/\/provansadekor.rs\/proizvod\/101-ruza-08\/#primaryimage\"},\"image\":{\"@id\":\"https:\/\/provansadekor.rs\/proizvod\/101-ruza-08\/#primaryimage\"},\"thumbnailUrl\":\"https:\/\/provansadekor.rs\/wp-content\/uploads\/2019\/10\/101-bez-5.jpg\",\"datePublished\":\"2019-10-29T09:21:24+00:00\",\"dateModified\":\"2026-03-18T15:22:16+00:00\",\"description\":\"Savr\u0161en moderan dizajn ove 101 ru\u017ee zasigurno \u0107e izmamiti osmeh onome ko ga dobije a ostavi\u0107e i jak utisak na onoga ko ga \u0161alje.\",\"breadcrumb\":{\"@id\":\"https:\/\/provansadekor.rs\/proizvod\/101-ruza-08\/#breadcrumb\"},\"inLanguage\":\"en-US\",\"potentialAction\":[{\"@type\":\"ReadAction\",\"target\":[\"https:\/\/provansadekor.rs\/proizvod\/101-ruza-08\/\"]}]},{\"@type\":\"ImageObject\",\"inLanguage\":\"en-US\",\"@id\":\"https:\/\/provansadekor.rs\/proizvod\/101-ruza-08\/#primaryimage\",\"url\":\"https:\/\/provansadekor.rs\/wp-content\/uploads\/2019\/10\/101-bez-5.jpg\",\"contentUrl\":\"https:\/\/provansadekor.rs\/wp-content\/uploads\/2019\/10\/101-bez-5.jpg\",\"width\":1600,\"height\":1600},{\"@type\":\"BreadcrumbList\",\"@id\":\"https:\/\/provansadekor.rs\/proizvod\/101-ruza-08\/#breadcrumb\",\"itemListElement\":[{\"@type\":\"ListItem\",\"position\":1,\"name\":\"\u041f\u043e\u0447\u0435\u0442\u043d\u0430\",\"item\":\"https:\/\/provansadekor.rs\/\"},{\"@type\":\"ListItem\",\"position\":2,\"name\":\"\u041f\u0440\u043e\u0438\u0437\u0432\u043e\u0434\u0438\",\"item\":\"https:\/\/provansadekor.rs\/shop\/\"},{\"@type\":\"ListItem\",\"position\":3,\"name\":\"101 Ru\u017ea u buketu &#8211; 03\"}]},{\"@type\":\"WebSite\",\"@id\":\"https:\/\/provansadekor.rs\/#website\",\"url\":\"https:\/\/provansadekor.rs\/\",\"name\":\"Provansa Dekor\",\"description\":\"Dostava cve\u0107a Beograd - Organizacija i Dekoracija doga\u0111aja - Ure\u0111enje zelenih povr\u0161ina\",\"publisher\":{\"@id\":\"https:\/\/provansadekor.rs\/#organization\"},\"potentialAction\":[{\"@type\":\"SearchAction\",\"target\":{\"@type\":\"EntryPoint\",\"urlTemplate\":\"https:\/\/provansadekor.rs\/?s={search_term_string}\"},\"query-input\":{\"@type\":\"PropertyValueSpecification\",\"valueRequired\":true,\"valueName\":\"search_term_string\"}}],\"inLanguage\":\"en-US\"},{\"@type\":\"Organization\",\"@id\":\"https:\/\/provansadekor.rs\/#organization\",\"name\":\"Provansa Dekor Cve\u0107ara Beograd\",\"url\":\"https:\/\/provansadekor.rs\/\",\"logo\":{\"@type\":\"ImageObject\",\"inLanguage\":\"en-US\",\"@id\":\"https:\/\/provansadekor.rs\/#\/schema\/logo\/image\/\",\"url\":\"https:\/\/provansadekor.rs\/wp-content\/uploads\/2022\/03\/logo-provansa.jpg\",\"contentUrl\":\"https:\/\/provansadekor.rs\/wp-content\/uploads\/2022\/03\/logo-provansa.jpg\",\"width\":200,\"height\":200,\"caption\":\"Provansa Dekor Cve\u0107ara Beograd\"},\"image\":{\"@id\":\"https:\/\/provansadekor.rs\/#\/schema\/logo\/image\/\"},\"sameAs\":[\"https:\/\/www.facebook.com\/provansadekor\",\"https:\/\/www.instagram.com\/provansadekor\/\"]}]}<\/script>\n<!-- \/ Yoast SEO Premium plugin. -->","yoast_head_json":{"title":"101 Ru\u017ea u buketu - 03 &#8211; Provansa Dekor","description":"Savr\u0161en moderan dizajn ove 101 ru\u017ee zasigurno \u0107e izmamiti osmeh onome ko ga dobije a ostavi\u0107e i jak utisak na onoga ko ga \u0161alje.","robots":{"index":"index","follow":"follow","max-snippet":"max-snippet:-1","max-image-preview":"max-image-preview:large","max-video-preview":"max-video-preview:-1"},"canonical":"https:\/\/provansadekor.rs\/en\/proizvod\/101-ruza-08\/","og_locale":"en_US","og_type":"article","og_title":"101 Ru\u017ea u buketu - 03","og_description":"Savr\u0161en moderan dizajn ove 101 ru\u017ee zasigurno \u0107e izmamiti osmeh onome ko ga dobije a ostavi\u0107e i jak utisak na onoga ko ga \u0161alje.","og_url":"https:\/\/provansadekor.rs\/en\/proizvod\/101-ruza-08\/","og_site_name":"Provansa Dekor","article_publisher":"https:\/\/www.facebook.com\/provansadekor","article_modified_time":"2026-03-18T15:22:16+00:00","og_image":[{"width":1600,"height":1600,"url":"https:\/\/provansadekor.rs\/wp-content\/uploads\/2019\/10\/101-bez-5.jpg","type":"image\/jpeg"}],"twitter_card":"summary_large_image","twitter_misc":{"Est. reading time":"1 minute"},"schema":{"@context":"https:\/\/schema.org","@graph":[{"@type":["WebPage","ItemPage"],"@id":"https:\/\/provansadekor.rs\/proizvod\/101-ruza-08\/","url":"https:\/\/provansadekor.rs\/proizvod\/101-ruza-08\/","name":"101 Ru\u017ea u buketu - 03 &#8211; Provansa Dekor","isPartOf":{"@id":"https:\/\/provansadekor.rs\/#website"},"primaryImageOfPage":{"@id":"https:\/\/provansadekor.rs\/proizvod\/101-ruza-08\/#primaryimage"},"image":{"@id":"https:\/\/provansadekor.rs\/proizvod\/101-ruza-08\/#primaryimage"},"thumbnailUrl":"https:\/\/provansadekor.rs\/wp-content\/uploads\/2019\/10\/101-bez-5.jpg","datePublished":"2019-10-29T09:21:24+00:00","dateModified":"2026-03-18T15:22:16+00:00","description":"Savr\u0161en moderan dizajn ove 101 ru\u017ee zasigurno \u0107e izmamiti osmeh onome ko ga dobije a ostavi\u0107e i jak utisak na onoga ko ga \u0161alje.","breadcrumb":{"@id":"https:\/\/provansadekor.rs\/proizvod\/101-ruza-08\/#breadcrumb"},"inLanguage":"en-US","potentialAction":[{"@type":"ReadAction","target":["https:\/\/provansadekor.rs\/proizvod\/101-ruza-08\/"]}]},{"@type":"ImageObject","inLanguage":"en-US","@id":"https:\/\/provansadekor.rs\/proizvod\/101-ruza-08\/#primaryimage","url":"https:\/\/provansadekor.rs\/wp-content\/uploads\/2019\/10\/101-bez-5.jpg","contentUrl":"https:\/\/provansadekor.rs\/wp-content\/uploads\/2019\/10\/101-bez-5.jpg","width":1600,"height":1600},{"@type":"BreadcrumbList","@id":"https:\/\/provansadekor.rs\/proizvod\/101-ruza-08\/#breadcrumb","itemListElement":[{"@type":"ListItem","position":1,"name":"\u041f\u043e\u0447\u0435\u0442\u043d\u0430","item":"https:\/\/provansadekor.rs\/"},{"@type":"ListItem","position":2,"name":"\u041f\u0440\u043e\u0438\u0437\u0432\u043e\u0434\u0438","item":"https:\/\/provansadekor.rs\/shop\/"},{"@type":"ListItem","position":3,"name":"101 Ru\u017ea u buketu &#8211; 03"}]},{"@type":"WebSite","@id":"https:\/\/provansadekor.rs\/#website","url":"https:\/\/provansadekor.rs\/","name":"Provence Decor","description":"Flower delivery Belgrade - Event organization and decoration - Landscaping","publisher":{"@id":"https:\/\/provansadekor.rs\/#organization"},"potentialAction":[{"@type":"SearchAction","target":{"@type":"EntryPoint","urlTemplate":"https:\/\/provansadekor.rs\/?s={search_term_string}"},"query-input":{"@type":"PropertyValueSpecification","valueRequired":true,"valueName":"search_term_string"}}],"inLanguage":"en-US"},{"@type":"Organization","@id":"https:\/\/provansadekor.rs\/#organization","name":"Provence Decor Flower Shop Belgrade","url":"https:\/\/provansadekor.rs\/","logo":{"@type":"ImageObject","inLanguage":"en-US","@id":"https:\/\/provansadekor.rs\/#\/schema\/logo\/image\/","url":"https:\/\/provansadekor.rs\/wp-content\/uploads\/2022\/03\/logo-provansa.jpg","contentUrl":"https:\/\/provansadekor.rs\/wp-content\/uploads\/2022\/03\/logo-provansa.jpg","width":200,"height":200,"caption":"Provansa Dekor Cve\u0107ara Beograd"},"image":{"@id":"https:\/\/provansadekor.rs\/#\/schema\/logo\/image\/"},"sameAs":["https:\/\/www.facebook.com\/provansadekor","https:\/\/www.instagram.com\/provansadekor\/"]}]}},"_links":{"self":[{"href":"https:\/\/provansadekor.rs\/en\/wp-json\/wp\/v2\/product\/4679","targetHints":{"allow":["GET"]}}],"collection":[{"href":"https:\/\/provansadekor.rs\/en\/wp-json\/wp\/v2\/product"}],"about":[{"href":"https:\/\/provansadekor.rs\/en\/wp-json\/wp\/v2\/types\/product"}],"version-history":[{"count":2,"href":"https:\/\/provansadekor.rs\/en\/wp-json\/wp\/v2\/product\/4679\/revisions"}],"predecessor-version":[{"id":67209,"href":"https:\/\/provansadekor.rs\/en\/wp-json\/wp\/v2\/product\/4679\/revisions\/67209"}],"wp:featuredmedia":[{"embeddable":true,"href":"https:\/\/provansadekor.rs\/en\/wp-json\/wp\/v2\/media\/4669"}],"wp:attachment":[{"href":"https:\/\/provansadekor.rs\/en\/wp-json\/wp\/v2\/media?parent=4679"}],"wp:term":[{"taxonomy":"product_brand","embeddable":true,"href":"https:\/\/provansadekor.rs\/en\/wp-json\/wp\/v2\/product_brand?post=4679"},{"taxonomy":"product_cat","embeddable":true,"href":"https:\/\/provansadekor.rs\/en\/wp-json\/wp\/v2\/product_cat?post=4679"},{"taxonomy":"product_tag","embeddable":true,"href":"https:\/\/provansadekor.rs\/en\/wp-json\/wp\/v2\/product_tag?post=4679"}],"curies":[{"name":"wp","href":"https:\/\/api.w.org\/{rel}","templated":true}]}}