{"id":4635,"date":"2019-10-19T21:36:03","date_gmt":"2019-10-19T21:36:03","guid":{"rendered":"http:\/\/provansadekor.rs\/?post_type=product&#038;p=4635"},"modified":"2026-03-08T16:28:36","modified_gmt":"2026-03-08T15:28:36","slug":"aranzman-crvenih-ruza-sa-dozom-luksuza","status":"publish","type":"product","link":"https:\/\/provansadekor.rs\/en\/proizvod\/arrangement-of-red-roses-with-a-touch-of-luxury\/","title":{"rendered":"An arrangement of red roses with a touch of luxury"},"content":{"rendered":"<p><em>Species<strong> flowers in an arrangement<\/strong><\/em>: <strong>red roses<\/strong>, fresh green eucalyptus.<\/p>\n<p><em>Accompanying <strong>decoration<\/strong><\/em><strong>:<\/strong> black round plush box, colorful bow.<\/p>\n<p>Fantastic combination c<strong>red roses<\/strong> and eucalyptus in a black plush box. <strong>Flower arrangement<\/strong> which will complete your important dates and make your loved ones happy. We choose carefully for you <strong>the best quality flowers<\/strong>.<\/p>\n<h2 style=\"text-align: center;\">Arrangement of red roses, Delivery of flowers<\/h2>\n<p>&nbsp;<\/p>","protected":false},"excerpt":{"rendered":"<p>Type of flowers in the arrangement: red roses, fresh green eucalyptus. Accompanying decoration: black round plush box, colorful bow. A fantastic combination of red roses and eucalyptus in a black plush box. A flower arrangement that will complement your important dates and make your loved ones happy. We carefully select the best quality flowers for you. Arrangement of red roses, Delivery of flowers &nbsp;<\/p>","protected":false},"featured_media":70765,"template":"","meta":[],"product_brand":[327],"product_cat":[320,169,146],"product_tag":[318],"class_list":{"0":"post-4635","1":"product","2":"type-product","3":"status-publish","4":"has-post-thumbnail","6":"product_brand-do5","7":"product_cat-8-mart","8":"product_cat-dan-zaljubljenih","9":"product_cat-cvece-u-kutiji","10":"product_tag-crvene-ruze","12":"first","13":"instock","14":"featured","15":"shipping-taxable","16":"purchasable","17":"product-type-simple"},"yoast_head":"<!-- This site is optimized with the Yoast SEO Premium plugin v20.9 (Yoast SEO v26.5) - https:\/\/yoast.com\/wordpress\/plugins\/seo\/ -->\n<title>Aran\u017eman crvenih ru\u017ea sa dozom luksuza &#8211; Provansa Dekor<\/title>\n<meta name=\"description\" content=\"Fantasti\u010dna kombinacija crvenih ru\u017ea i eukaliptusa u crnom pli\u0161anom boksu. Cvetni aran\u017eman koji \u0107e upotpuniti vama bitne datume. Dostava cve\u0107a\" \/>\n<meta name=\"robots\" content=\"index, follow, max-snippet:-1, max-image-preview:large, max-video-preview:-1\" \/>\n<link rel=\"canonical\" href=\"https:\/\/provansadekor.rs\/en\/proizvod\/arrangement-of-red-roses-with-a-touch-of-luxury\/\" \/>\n<meta property=\"og:locale\" content=\"en_US\" \/>\n<meta property=\"og:type\" content=\"article\" \/>\n<meta property=\"og:title\" content=\"Aran\u017eman crvenih ru\u017ea sa dozom luksuza\" \/>\n<meta property=\"og:description\" content=\"Fantasti\u010dna kombinacija crvenih ru\u017ea i eukaliptusa u crnom pli\u0161anom boksu. Cvetni aran\u017eman koji \u0107e upotpuniti vama bitne datume. Dostava cve\u0107a\" \/>\n<meta property=\"og:url\" content=\"https:\/\/provansadekor.rs\/en\/proizvod\/arrangement-of-red-roses-with-a-touch-of-luxury\/\" \/>\n<meta property=\"og:site_name\" content=\"Provansa Dekor\" \/>\n<meta property=\"article:publisher\" content=\"https:\/\/www.facebook.com\/provansadekor\" \/>\n<meta property=\"article:modified_time\" content=\"2026-03-08T15:28:36+00:00\" \/>\n<meta property=\"og:image\" content=\"https:\/\/provansadekor.rs\/wp-content\/uploads\/2023\/03\/125.jpg\" \/>\n\t<meta property=\"og:image:width\" content=\"900\" \/>\n\t<meta property=\"og:image:height\" content=\"900\" \/>\n\t<meta property=\"og:image:type\" content=\"image\/jpeg\" \/>\n<meta name=\"twitter:card\" content=\"summary_large_image\" \/>\n<meta name=\"twitter:label1\" content=\"Est. reading time\" \/>\n\t<meta name=\"twitter:data1\" content=\"1 minute\" \/>\n<script type=\"application\/ld+json\" class=\"yoast-schema-graph\">{\"@context\":\"https:\/\/schema.org\",\"@graph\":[{\"@type\":[\"WebPage\",\"ItemPage\"],\"@id\":\"https:\/\/provansadekor.rs\/proizvod\/aranzman-crvenih-ruza-sa-dozom-luksuza\/\",\"url\":\"https:\/\/provansadekor.rs\/proizvod\/aranzman-crvenih-ruza-sa-dozom-luksuza\/\",\"name\":\"Aran\u017eman crvenih ru\u017ea sa dozom luksuza &#8211; Provansa Dekor\",\"isPartOf\":{\"@id\":\"https:\/\/provansadekor.rs\/#website\"},\"primaryImageOfPage\":{\"@id\":\"https:\/\/provansadekor.rs\/proizvod\/aranzman-crvenih-ruza-sa-dozom-luksuza\/#primaryimage\"},\"image\":{\"@id\":\"https:\/\/provansadekor.rs\/proizvod\/aranzman-crvenih-ruza-sa-dozom-luksuza\/#primaryimage\"},\"thumbnailUrl\":\"https:\/\/provansadekor.rs\/wp-content\/uploads\/2023\/03\/125.jpg\",\"datePublished\":\"2019-10-19T21:36:03+00:00\",\"dateModified\":\"2026-03-08T15:28:36+00:00\",\"description\":\"Fantasti\u010dna kombinacija crvenih ru\u017ea i eukaliptusa u crnom pli\u0161anom boksu. Cvetni aran\u017eman koji \u0107e upotpuniti vama bitne datume. Dostava cve\u0107a\",\"breadcrumb\":{\"@id\":\"https:\/\/provansadekor.rs\/proizvod\/aranzman-crvenih-ruza-sa-dozom-luksuza\/#breadcrumb\"},\"inLanguage\":\"en-US\",\"potentialAction\":[{\"@type\":\"ReadAction\",\"target\":[\"https:\/\/provansadekor.rs\/proizvod\/aranzman-crvenih-ruza-sa-dozom-luksuza\/\"]}]},{\"@type\":\"ImageObject\",\"inLanguage\":\"en-US\",\"@id\":\"https:\/\/provansadekor.rs\/proizvod\/aranzman-crvenih-ruza-sa-dozom-luksuza\/#primaryimage\",\"url\":\"https:\/\/provansadekor.rs\/wp-content\/uploads\/2023\/03\/125.jpg\",\"contentUrl\":\"https:\/\/provansadekor.rs\/wp-content\/uploads\/2023\/03\/125.jpg\",\"width\":900,\"height\":900},{\"@type\":\"BreadcrumbList\",\"@id\":\"https:\/\/provansadekor.rs\/proizvod\/aranzman-crvenih-ruza-sa-dozom-luksuza\/#breadcrumb\",\"itemListElement\":[{\"@type\":\"ListItem\",\"position\":1,\"name\":\"\u041f\u043e\u0447\u0435\u0442\u043d\u0430\",\"item\":\"https:\/\/provansadekor.rs\/\"},{\"@type\":\"ListItem\",\"position\":2,\"name\":\"\u041f\u0440\u043e\u0438\u0437\u0432\u043e\u0434\u0438\",\"item\":\"https:\/\/provansadekor.rs\/shop\/\"},{\"@type\":\"ListItem\",\"position\":3,\"name\":\"Aran\u017eman crvenih ru\u017ea sa dozom luksuza\"}]},{\"@type\":\"WebSite\",\"@id\":\"https:\/\/provansadekor.rs\/#website\",\"url\":\"https:\/\/provansadekor.rs\/\",\"name\":\"Provansa Dekor\",\"description\":\"Dostava cve\u0107a Beograd - Organizacija i Dekoracija doga\u0111aja - Ure\u0111enje zelenih povr\u0161ina\",\"publisher\":{\"@id\":\"https:\/\/provansadekor.rs\/#organization\"},\"potentialAction\":[{\"@type\":\"SearchAction\",\"target\":{\"@type\":\"EntryPoint\",\"urlTemplate\":\"https:\/\/provansadekor.rs\/?s={search_term_string}\"},\"query-input\":{\"@type\":\"PropertyValueSpecification\",\"valueRequired\":true,\"valueName\":\"search_term_string\"}}],\"inLanguage\":\"en-US\"},{\"@type\":\"Organization\",\"@id\":\"https:\/\/provansadekor.rs\/#organization\",\"name\":\"Provansa Dekor Cve\u0107ara Beograd\",\"url\":\"https:\/\/provansadekor.rs\/\",\"logo\":{\"@type\":\"ImageObject\",\"inLanguage\":\"en-US\",\"@id\":\"https:\/\/provansadekor.rs\/#\/schema\/logo\/image\/\",\"url\":\"https:\/\/provansadekor.rs\/wp-content\/uploads\/2022\/03\/logo-provansa.jpg\",\"contentUrl\":\"https:\/\/provansadekor.rs\/wp-content\/uploads\/2022\/03\/logo-provansa.jpg\",\"width\":200,\"height\":200,\"caption\":\"Provansa Dekor Cve\u0107ara Beograd\"},\"image\":{\"@id\":\"https:\/\/provansadekor.rs\/#\/schema\/logo\/image\/\"},\"sameAs\":[\"https:\/\/www.facebook.com\/provansadekor\",\"https:\/\/www.instagram.com\/provansadekor\/\"]}]}<\/script>\n<!-- \/ Yoast SEO Premium plugin. -->","yoast_head_json":{"title":"Arrangement of red roses with a touch of luxury - Provence Decor","description":"A fantastic combination of red roses and eucalyptus in a black plush box. A flower arrangement that will complement your important dates. Flower delivery","robots":{"index":"index","follow":"follow","max-snippet":"max-snippet:-1","max-image-preview":"max-image-preview:large","max-video-preview":"max-video-preview:-1"},"canonical":"https:\/\/provansadekor.rs\/en\/proizvod\/arrangement-of-red-roses-with-a-touch-of-luxury\/","og_locale":"en_US","og_type":"article","og_title":"Aran\u017eman crvenih ru\u017ea sa dozom luksuza","og_description":"Fantasti\u010dna kombinacija crvenih ru\u017ea i eukaliptusa u crnom pli\u0161anom boksu. Cvetni aran\u017eman koji \u0107e upotpuniti vama bitne datume. Dostava cve\u0107a","og_url":"https:\/\/provansadekor.rs\/en\/proizvod\/arrangement-of-red-roses-with-a-touch-of-luxury\/","og_site_name":"Provansa Dekor","article_publisher":"https:\/\/www.facebook.com\/provansadekor","article_modified_time":"2026-03-08T15:28:36+00:00","og_image":[{"width":900,"height":900,"url":"https:\/\/provansadekor.rs\/wp-content\/uploads\/2023\/03\/125.jpg","type":"image\/jpeg"}],"twitter_card":"summary_large_image","twitter_misc":{"Est. reading time":"1 minute"},"schema":{"@context":"https:\/\/schema.org","@graph":[{"@type":["WebPage","ItemPage"],"@id":"https:\/\/provansadekor.rs\/proizvod\/aranzman-crvenih-ruza-sa-dozom-luksuza\/","url":"https:\/\/provansadekor.rs\/proizvod\/aranzman-crvenih-ruza-sa-dozom-luksuza\/","name":"Arrangement of red roses with a touch of luxury - Provence Decor","isPartOf":{"@id":"https:\/\/provansadekor.rs\/#website"},"primaryImageOfPage":{"@id":"https:\/\/provansadekor.rs\/proizvod\/aranzman-crvenih-ruza-sa-dozom-luksuza\/#primaryimage"},"image":{"@id":"https:\/\/provansadekor.rs\/proizvod\/aranzman-crvenih-ruza-sa-dozom-luksuza\/#primaryimage"},"thumbnailUrl":"https:\/\/provansadekor.rs\/wp-content\/uploads\/2023\/03\/125.jpg","datePublished":"2019-10-19T21:36:03+00:00","dateModified":"2026-03-08T15:28:36+00:00","description":"A fantastic combination of red roses and eucalyptus in a black plush box. A flower arrangement that will complement your important dates. Flower delivery","breadcrumb":{"@id":"https:\/\/provansadekor.rs\/proizvod\/aranzman-crvenih-ruza-sa-dozom-luksuza\/#breadcrumb"},"inLanguage":"en-US","potentialAction":[{"@type":"ReadAction","target":["https:\/\/provansadekor.rs\/proizvod\/aranzman-crvenih-ruza-sa-dozom-luksuza\/"]}]},{"@type":"ImageObject","inLanguage":"en-US","@id":"https:\/\/provansadekor.rs\/proizvod\/aranzman-crvenih-ruza-sa-dozom-luksuza\/#primaryimage","url":"https:\/\/provansadekor.rs\/wp-content\/uploads\/2023\/03\/125.jpg","contentUrl":"https:\/\/provansadekor.rs\/wp-content\/uploads\/2023\/03\/125.jpg","width":900,"height":900},{"@type":"BreadcrumbList","@id":"https:\/\/provansadekor.rs\/proizvod\/aranzman-crvenih-ruza-sa-dozom-luksuza\/#breadcrumb","itemListElement":[{"@type":"ListItem","position":1,"name":"\u041f\u043e\u0447\u0435\u0442\u043d\u0430","item":"https:\/\/provansadekor.rs\/"},{"@type":"ListItem","position":2,"name":"\u041f\u0440\u043e\u0438\u0437\u0432\u043e\u0434\u0438","item":"https:\/\/provansadekor.rs\/shop\/"},{"@type":"ListItem","position":3,"name":"Aran\u017eman crvenih ru\u017ea sa dozom luksuza"}]},{"@type":"WebSite","@id":"https:\/\/provansadekor.rs\/#website","url":"https:\/\/provansadekor.rs\/","name":"Provence Decor","description":"Flower delivery Belgrade - Event organization and decoration - Landscaping","publisher":{"@id":"https:\/\/provansadekor.rs\/#organization"},"potentialAction":[{"@type":"SearchAction","target":{"@type":"EntryPoint","urlTemplate":"https:\/\/provansadekor.rs\/?s={search_term_string}"},"query-input":{"@type":"PropertyValueSpecification","valueRequired":true,"valueName":"search_term_string"}}],"inLanguage":"en-US"},{"@type":"Organization","@id":"https:\/\/provansadekor.rs\/#organization","name":"Provence Decor Flower Shop Belgrade","url":"https:\/\/provansadekor.rs\/","logo":{"@type":"ImageObject","inLanguage":"en-US","@id":"https:\/\/provansadekor.rs\/#\/schema\/logo\/image\/","url":"https:\/\/provansadekor.rs\/wp-content\/uploads\/2022\/03\/logo-provansa.jpg","contentUrl":"https:\/\/provansadekor.rs\/wp-content\/uploads\/2022\/03\/logo-provansa.jpg","width":200,"height":200,"caption":"Provansa Dekor Cve\u0107ara Beograd"},"image":{"@id":"https:\/\/provansadekor.rs\/#\/schema\/logo\/image\/"},"sameAs":["https:\/\/www.facebook.com\/provansadekor","https:\/\/www.instagram.com\/provansadekor\/"]}]}},"_links":{"self":[{"href":"https:\/\/provansadekor.rs\/en\/wp-json\/wp\/v2\/product\/4635","targetHints":{"allow":["GET"]}}],"collection":[{"href":"https:\/\/provansadekor.rs\/en\/wp-json\/wp\/v2\/product"}],"about":[{"href":"https:\/\/provansadekor.rs\/en\/wp-json\/wp\/v2\/types\/product"}],"version-history":[{"count":7,"href":"https:\/\/provansadekor.rs\/en\/wp-json\/wp\/v2\/product\/4635\/revisions"}],"predecessor-version":[{"id":67414,"href":"https:\/\/provansadekor.rs\/en\/wp-json\/wp\/v2\/product\/4635\/revisions\/67414"}],"wp:featuredmedia":[{"embeddable":true,"href":"https:\/\/provansadekor.rs\/en\/wp-json\/wp\/v2\/media\/70765"}],"wp:attachment":[{"href":"https:\/\/provansadekor.rs\/en\/wp-json\/wp\/v2\/media?parent=4635"}],"wp:term":[{"taxonomy":"product_brand","embeddable":true,"href":"https:\/\/provansadekor.rs\/en\/wp-json\/wp\/v2\/product_brand?post=4635"},{"taxonomy":"product_cat","embeddable":true,"href":"https:\/\/provansadekor.rs\/en\/wp-json\/wp\/v2\/product_cat?post=4635"},{"taxonomy":"product_tag","embeddable":true,"href":"https:\/\/provansadekor.rs\/en\/wp-json\/wp\/v2\/product_tag?post=4635"}],"curies":[{"name":"wp","href":"https:\/\/api.w.org\/{rel}","templated":true}]}}