{"id":4632,"date":"2019-10-19T21:15:16","date_gmt":"2019-10-19T21:15:16","guid":{"rendered":"http:\/\/provansadekor.rs\/?post_type=product&#038;p=4632"},"modified":"2026-03-13T11:36:42","modified_gmt":"2026-03-13T10:36:42","slug":"prefinjeni-aranzman-roze-ruza","status":"publish","type":"product","link":"https:\/\/provansadekor.rs\/en\/proizvod\/refined-arrangement-pink-rose\/","title":{"rendered":"A refined arrangement of pink roses"},"content":{"rendered":"<p>Kinds of <strong>flowers in an arrangement<\/strong>: <strong>pink rose<\/strong>.<\/p>\n<p>Accompanying decoration: white circular box, bow made of pink satin ribbon, bow made of gray transparent ribbon.<\/p>\n<p><strong>Flower box arrangement<\/strong> of the most beautiful pink roses, which was created to knock even the most resistant off their feet. The refined choice of colors made this arrangement an ideal gift for any occasion. Order this one <strong>flower box<\/strong> as a gift for a birthday, anniversary, coming of age, Valentine&#039;s Day, or any other occasion that is important to you.<\/p>\n<h2 style=\"text-align: center;\"><strong>Flower box arrangement - Cve\u0107ara Belgrade<\/strong><\/h2>","protected":false},"excerpt":{"rendered":"<p>Types of flowers in the arrangement: pink rose. Accompanying decoration: white circular box, bow made of pink satin ribbon, bow made of gray transparent ribbon. A flower box arrangement of the most beautiful pink roses, which was created to knock even the most resistant off their feet. The refined choice of colors made this arrangement an ideal gift for any occasion. Order this flower box as [\u2026]<\/p>","protected":false},"featured_media":68862,"template":"","meta":[],"product_brand":[],"product_cat":[169,146],"product_tag":[],"class_list":{"0":"post-4632","1":"product","2":"type-product","3":"status-publish","4":"has-post-thumbnail","6":"product_cat-dan-zaljubljenih","7":"product_cat-cvece-u-kutiji","9":"first","10":"instock","11":"featured","12":"shipping-taxable","13":"purchasable","14":"product-type-simple"},"yoast_head":"<!-- This site is optimized with the Yoast SEO Premium plugin v20.9 (Yoast SEO v26.5) - https:\/\/yoast.com\/wordpress\/plugins\/seo\/ -->\n<title>Prefinjeni aran\u017eman roze ru\u017ea &#8211; Provansa Dekor<\/title>\n<meta name=\"description\" content=\"Cvetni box aran\u017eman najlep\u0161ih roze ru\u017ea koji je kreiran da obori s nogu i najotpornije. Vrste cve\u0107a u aran\u017emanu: roze ru\u017ea.\" \/>\n<meta name=\"robots\" content=\"index, follow, max-snippet:-1, max-image-preview:large, max-video-preview:-1\" \/>\n<link rel=\"canonical\" href=\"https:\/\/provansadekor.rs\/en\/proizvod\/refined-arrangement-pink-rose\/\" \/>\n<meta property=\"og:locale\" content=\"en_US\" \/>\n<meta property=\"og:type\" content=\"article\" \/>\n<meta property=\"og:title\" content=\"Prefinjeni aran\u017eman roze ru\u017ea\" \/>\n<meta property=\"og:description\" content=\"Cvetni box aran\u017eman najlep\u0161ih roze ru\u017ea koji je kreiran da obori s nogu i najotpornije. Vrste cve\u0107a u aran\u017emanu: roze ru\u017ea.\" \/>\n<meta property=\"og:url\" content=\"https:\/\/provansadekor.rs\/en\/proizvod\/refined-arrangement-pink-rose\/\" \/>\n<meta property=\"og:site_name\" content=\"Provansa Dekor\" \/>\n<meta property=\"article:publisher\" content=\"https:\/\/www.facebook.com\/provansadekor\" \/>\n<meta property=\"article:modified_time\" content=\"2026-03-13T10:36:42+00:00\" \/>\n<meta property=\"og:image\" content=\"https:\/\/provansadekor.rs\/wp-content\/uploads\/2022\/11\/2-1.jpg\" \/>\n\t<meta property=\"og:image:width\" content=\"900\" \/>\n\t<meta property=\"og:image:height\" content=\"900\" \/>\n\t<meta property=\"og:image:type\" content=\"image\/jpeg\" \/>\n<meta name=\"twitter:card\" content=\"summary_large_image\" \/>\n<meta name=\"twitter:label1\" content=\"Est. reading time\" \/>\n\t<meta name=\"twitter:data1\" content=\"1 minute\" \/>\n<script type=\"application\/ld+json\" class=\"yoast-schema-graph\">{\"@context\":\"https:\/\/schema.org\",\"@graph\":[{\"@type\":[\"WebPage\",\"ItemPage\"],\"@id\":\"https:\/\/provansadekor.rs\/proizvod\/prefinjeni-aranzman-roze-ruza\/\",\"url\":\"https:\/\/provansadekor.rs\/proizvod\/prefinjeni-aranzman-roze-ruza\/\",\"name\":\"Prefinjeni aran\u017eman roze ru\u017ea &#8211; Provansa Dekor\",\"isPartOf\":{\"@id\":\"https:\/\/provansadekor.rs\/#website\"},\"primaryImageOfPage\":{\"@id\":\"https:\/\/provansadekor.rs\/proizvod\/prefinjeni-aranzman-roze-ruza\/#primaryimage\"},\"image\":{\"@id\":\"https:\/\/provansadekor.rs\/proizvod\/prefinjeni-aranzman-roze-ruza\/#primaryimage\"},\"thumbnailUrl\":\"https:\/\/provansadekor.rs\/wp-content\/uploads\/2022\/11\/2-1.jpg\",\"datePublished\":\"2019-10-19T21:15:16+00:00\",\"dateModified\":\"2026-03-13T10:36:42+00:00\",\"description\":\"Cvetni box aran\u017eman najlep\u0161ih roze ru\u017ea koji je kreiran da obori s nogu i najotpornije. Vrste cve\u0107a u aran\u017emanu: roze ru\u017ea.\",\"breadcrumb\":{\"@id\":\"https:\/\/provansadekor.rs\/proizvod\/prefinjeni-aranzman-roze-ruza\/#breadcrumb\"},\"inLanguage\":\"en-US\",\"potentialAction\":[{\"@type\":\"ReadAction\",\"target\":[\"https:\/\/provansadekor.rs\/proizvod\/prefinjeni-aranzman-roze-ruza\/\"]}]},{\"@type\":\"ImageObject\",\"inLanguage\":\"en-US\",\"@id\":\"https:\/\/provansadekor.rs\/proizvod\/prefinjeni-aranzman-roze-ruza\/#primaryimage\",\"url\":\"https:\/\/provansadekor.rs\/wp-content\/uploads\/2022\/11\/2-1.jpg\",\"contentUrl\":\"https:\/\/provansadekor.rs\/wp-content\/uploads\/2022\/11\/2-1.jpg\",\"width\":900,\"height\":900},{\"@type\":\"BreadcrumbList\",\"@id\":\"https:\/\/provansadekor.rs\/proizvod\/prefinjeni-aranzman-roze-ruza\/#breadcrumb\",\"itemListElement\":[{\"@type\":\"ListItem\",\"position\":1,\"name\":\"\u041f\u043e\u0447\u0435\u0442\u043d\u0430\",\"item\":\"https:\/\/provansadekor.rs\/\"},{\"@type\":\"ListItem\",\"position\":2,\"name\":\"\u041f\u0440\u043e\u0438\u0437\u0432\u043e\u0434\u0438\",\"item\":\"https:\/\/provansadekor.rs\/shop\/\"},{\"@type\":\"ListItem\",\"position\":3,\"name\":\"Prefinjeni aran\u017eman roze ru\u017ea\"}]},{\"@type\":\"WebSite\",\"@id\":\"https:\/\/provansadekor.rs\/#website\",\"url\":\"https:\/\/provansadekor.rs\/\",\"name\":\"Provansa Dekor\",\"description\":\"Dostava cve\u0107a Beograd - Organizacija i Dekoracija doga\u0111aja - Ure\u0111enje zelenih povr\u0161ina\",\"publisher\":{\"@id\":\"https:\/\/provansadekor.rs\/#organization\"},\"potentialAction\":[{\"@type\":\"SearchAction\",\"target\":{\"@type\":\"EntryPoint\",\"urlTemplate\":\"https:\/\/provansadekor.rs\/?s={search_term_string}\"},\"query-input\":{\"@type\":\"PropertyValueSpecification\",\"valueRequired\":true,\"valueName\":\"search_term_string\"}}],\"inLanguage\":\"en-US\"},{\"@type\":\"Organization\",\"@id\":\"https:\/\/provansadekor.rs\/#organization\",\"name\":\"Provansa Dekor Cve\u0107ara Beograd\",\"url\":\"https:\/\/provansadekor.rs\/\",\"logo\":{\"@type\":\"ImageObject\",\"inLanguage\":\"en-US\",\"@id\":\"https:\/\/provansadekor.rs\/#\/schema\/logo\/image\/\",\"url\":\"https:\/\/provansadekor.rs\/wp-content\/uploads\/2022\/03\/logo-provansa.jpg\",\"contentUrl\":\"https:\/\/provansadekor.rs\/wp-content\/uploads\/2022\/03\/logo-provansa.jpg\",\"width\":200,\"height\":200,\"caption\":\"Provansa Dekor Cve\u0107ara Beograd\"},\"image\":{\"@id\":\"https:\/\/provansadekor.rs\/#\/schema\/logo\/image\/\"},\"sameAs\":[\"https:\/\/www.facebook.com\/provansadekor\",\"https:\/\/www.instagram.com\/provansadekor\/\"]}]}<\/script>\n<!-- \/ Yoast SEO Premium plugin. -->","yoast_head_json":{"title":"Refined arrangement of pink roses - Provence Decor","description":"A flower box arrangement of the most beautiful pink roses, which was created to knock even the most resistant off their feet. Types of flowers in the arrangement: pink rose.","robots":{"index":"index","follow":"follow","max-snippet":"max-snippet:-1","max-image-preview":"max-image-preview:large","max-video-preview":"max-video-preview:-1"},"canonical":"https:\/\/provansadekor.rs\/en\/proizvod\/refined-arrangement-pink-rose\/","og_locale":"en_US","og_type":"article","og_title":"Prefinjeni aran\u017eman roze ru\u017ea","og_description":"Cvetni box aran\u017eman najlep\u0161ih roze ru\u017ea koji je kreiran da obori s nogu i najotpornije. Vrste cve\u0107a u aran\u017emanu: roze ru\u017ea.","og_url":"https:\/\/provansadekor.rs\/en\/proizvod\/refined-arrangement-pink-rose\/","og_site_name":"Provansa Dekor","article_publisher":"https:\/\/www.facebook.com\/provansadekor","article_modified_time":"2026-03-13T10:36:42+00:00","og_image":[{"width":900,"height":900,"url":"https:\/\/provansadekor.rs\/wp-content\/uploads\/2022\/11\/2-1.jpg","type":"image\/jpeg"}],"twitter_card":"summary_large_image","twitter_misc":{"Est. reading time":"1 minute"},"schema":{"@context":"https:\/\/schema.org","@graph":[{"@type":["WebPage","ItemPage"],"@id":"https:\/\/provansadekor.rs\/proizvod\/prefinjeni-aranzman-roze-ruza\/","url":"https:\/\/provansadekor.rs\/proizvod\/prefinjeni-aranzman-roze-ruza\/","name":"Refined arrangement of pink roses - Provence Decor","isPartOf":{"@id":"https:\/\/provansadekor.rs\/#website"},"primaryImageOfPage":{"@id":"https:\/\/provansadekor.rs\/proizvod\/prefinjeni-aranzman-roze-ruza\/#primaryimage"},"image":{"@id":"https:\/\/provansadekor.rs\/proizvod\/prefinjeni-aranzman-roze-ruza\/#primaryimage"},"thumbnailUrl":"https:\/\/provansadekor.rs\/wp-content\/uploads\/2022\/11\/2-1.jpg","datePublished":"2019-10-19T21:15:16+00:00","dateModified":"2026-03-13T10:36:42+00:00","description":"A flower box arrangement of the most beautiful pink roses, which was created to knock even the most resistant off their feet. Types of flowers in the arrangement: pink rose.","breadcrumb":{"@id":"https:\/\/provansadekor.rs\/proizvod\/prefinjeni-aranzman-roze-ruza\/#breadcrumb"},"inLanguage":"en-US","potentialAction":[{"@type":"ReadAction","target":["https:\/\/provansadekor.rs\/proizvod\/prefinjeni-aranzman-roze-ruza\/"]}]},{"@type":"ImageObject","inLanguage":"en-US","@id":"https:\/\/provansadekor.rs\/proizvod\/prefinjeni-aranzman-roze-ruza\/#primaryimage","url":"https:\/\/provansadekor.rs\/wp-content\/uploads\/2022\/11\/2-1.jpg","contentUrl":"https:\/\/provansadekor.rs\/wp-content\/uploads\/2022\/11\/2-1.jpg","width":900,"height":900},{"@type":"BreadcrumbList","@id":"https:\/\/provansadekor.rs\/proizvod\/prefinjeni-aranzman-roze-ruza\/#breadcrumb","itemListElement":[{"@type":"ListItem","position":1,"name":"\u041f\u043e\u0447\u0435\u0442\u043d\u0430","item":"https:\/\/provansadekor.rs\/"},{"@type":"ListItem","position":2,"name":"\u041f\u0440\u043e\u0438\u0437\u0432\u043e\u0434\u0438","item":"https:\/\/provansadekor.rs\/shop\/"},{"@type":"ListItem","position":3,"name":"Prefinjeni aran\u017eman roze ru\u017ea"}]},{"@type":"WebSite","@id":"https:\/\/provansadekor.rs\/#website","url":"https:\/\/provansadekor.rs\/","name":"Provence Decor","description":"Flower delivery Belgrade - Event organization and decoration - Landscaping","publisher":{"@id":"https:\/\/provansadekor.rs\/#organization"},"potentialAction":[{"@type":"SearchAction","target":{"@type":"EntryPoint","urlTemplate":"https:\/\/provansadekor.rs\/?s={search_term_string}"},"query-input":{"@type":"PropertyValueSpecification","valueRequired":true,"valueName":"search_term_string"}}],"inLanguage":"en-US"},{"@type":"Organization","@id":"https:\/\/provansadekor.rs\/#organization","name":"Provence Decor Flower Shop Belgrade","url":"https:\/\/provansadekor.rs\/","logo":{"@type":"ImageObject","inLanguage":"en-US","@id":"https:\/\/provansadekor.rs\/#\/schema\/logo\/image\/","url":"https:\/\/provansadekor.rs\/wp-content\/uploads\/2022\/03\/logo-provansa.jpg","contentUrl":"https:\/\/provansadekor.rs\/wp-content\/uploads\/2022\/03\/logo-provansa.jpg","width":200,"height":200,"caption":"Provansa Dekor Cve\u0107ara Beograd"},"image":{"@id":"https:\/\/provansadekor.rs\/#\/schema\/logo\/image\/"},"sameAs":["https:\/\/www.facebook.com\/provansadekor","https:\/\/www.instagram.com\/provansadekor\/"]}]}},"_links":{"self":[{"href":"https:\/\/provansadekor.rs\/en\/wp-json\/wp\/v2\/product\/4632","targetHints":{"allow":["GET"]}}],"collection":[{"href":"https:\/\/provansadekor.rs\/en\/wp-json\/wp\/v2\/product"}],"about":[{"href":"https:\/\/provansadekor.rs\/en\/wp-json\/wp\/v2\/types\/product"}],"version-history":[{"count":5,"href":"https:\/\/provansadekor.rs\/en\/wp-json\/wp\/v2\/product\/4632\/revisions"}],"predecessor-version":[{"id":68865,"href":"https:\/\/provansadekor.rs\/en\/wp-json\/wp\/v2\/product\/4632\/revisions\/68865"}],"wp:featuredmedia":[{"embeddable":true,"href":"https:\/\/provansadekor.rs\/en\/wp-json\/wp\/v2\/media\/68862"}],"wp:attachment":[{"href":"https:\/\/provansadekor.rs\/en\/wp-json\/wp\/v2\/media?parent=4632"}],"wp:term":[{"taxonomy":"product_brand","embeddable":true,"href":"https:\/\/provansadekor.rs\/en\/wp-json\/wp\/v2\/product_brand?post=4632"},{"taxonomy":"product_cat","embeddable":true,"href":"https:\/\/provansadekor.rs\/en\/wp-json\/wp\/v2\/product_cat?post=4632"},{"taxonomy":"product_tag","embeddable":true,"href":"https:\/\/provansadekor.rs\/en\/wp-json\/wp\/v2\/product_tag?post=4632"}],"curies":[{"name":"wp","href":"https:\/\/api.w.org\/{rel}","templated":true}]}}