{"id":4542,"date":"2019-09-11T12:57:28","date_gmt":"2019-09-11T12:57:28","guid":{"rendered":"http:\/\/provansadekor.rs\/?post_type=product&#038;p=4542"},"modified":"2026-03-07T16:05:29","modified_gmt":"2026-03-07T15:05:29","slug":"box-aranzman-15-2","status":"publish","type":"product","link":"https:\/\/provansadekor.rs\/en\/proizvod\/box-arrangement-15-2\/","title":{"rendered":"Rajski sladunjavi box sa medom"},"content":{"rendered":"<p>Kinds of <strong>flowers in an arrangement:<\/strong> bela ru\u017ea, beli lizijantus,limonijum i eukaliptus<\/p>\n<p>Accompanying <strong>decoration:<\/strong> pli\u0161ani meda<\/p>\n<p>A perfect combination of carefully selected<strong> flowers <\/strong>\u00a0is an original gift for any occasion, regardless of whether it is a birthday celebration, graduation, anniversary or another date important to you. Order yours <strong>flower arrangement<\/strong>, and we will deliver it to the desired address.<\/p>\n<h2 style=\"text-align: center;\"><strong>Flowers and chocolate pralines in an arrangement, Cve\u0107ara Online\u00a0<\/strong><\/h2>","protected":false},"excerpt":{"rendered":"<p>Vrste cve\u0107a u aran\u017emanu: bela ru\u017ea, beli lizijantus,limonijum i eukaliptus Prate\u0107a dekoracija: pli\u0161ani meda Savr\u0161ena kombinacija pa\u017eljivo biranog cve\u0107a \u00a0predstavlja originalni poklon za svaku priliku, bez obzira da li je to proslava rodjendana, diplomiranje, godi\u0161njica ili drugi Vama bitan datum. Poru\u010dite svoj cvetni aran\u017eman, a mi \u0107emo ga dostaviti na \u017eeljenu adresu. Cve\u0107e i \u010dokoladne [&hellip;]<\/p>","protected":false},"featured_media":84384,"template":"","meta":[],"product_brand":[],"product_cat":[320,169,163,116],"product_tag":[],"class_list":{"0":"post-4542","1":"product","2":"type-product","3":"status-publish","4":"has-post-thumbnail","6":"product_cat-8-mart","7":"product_cat-dan-zaljubljenih","8":"product_cat-poklon-za-bebe","9":"product_cat-cvetni-aranzmani","11":"first","12":"instock","13":"shipping-taxable","14":"purchasable","15":"product-type-simple"},"yoast_head":"<!-- This site is optimized with the Yoast SEO Premium plugin v20.9 (Yoast SEO v26.5) - https:\/\/yoast.com\/wordpress\/plugins\/seo\/ -->\n<title>Rajski sladunjavi box sa medom &#8211; Provansa Dekor<\/title>\n<meta name=\"description\" content=\"Cve\u0107e i \u010dokoladne praline u aran\u017emanu: bela ru\u017ea, roze lizijantus, beli lizijantus, roze alstromerija, bela hrizantema, hrizantema yoko ono...Cve\u0107ara Online\u00a0\" \/>\n<meta name=\"robots\" content=\"index, follow, max-snippet:-1, max-image-preview:large, max-video-preview:-1\" \/>\n<link rel=\"canonical\" href=\"https:\/\/provansadekor.rs\/en\/proizvod\/box-arrangement-15-2\/\" \/>\n<meta property=\"og:locale\" content=\"en_US\" \/>\n<meta property=\"og:type\" content=\"article\" \/>\n<meta property=\"og:title\" content=\"Rajski sladunjavi box sa medom\" \/>\n<meta property=\"og:description\" content=\"Cve\u0107e i \u010dokoladne praline u aran\u017emanu: bela ru\u017ea, roze lizijantus, beli lizijantus, roze alstromerija, bela hrizantema, hrizantema yoko ono...Cve\u0107ara Online\u00a0\" \/>\n<meta property=\"og:url\" content=\"https:\/\/provansadekor.rs\/en\/proizvod\/box-arrangement-15-2\/\" \/>\n<meta property=\"og:site_name\" content=\"Provansa Dekor\" \/>\n<meta property=\"article:publisher\" content=\"https:\/\/www.facebook.com\/provansadekor\" \/>\n<meta property=\"article:modified_time\" content=\"2026-03-07T15:05:29+00:00\" \/>\n<meta property=\"og:image\" content=\"https:\/\/provansadekor.rs\/wp-content\/uploads\/2025\/07\/DSC_9217-scaled.jpg\" \/>\n\t<meta property=\"og:image:width\" content=\"2560\" \/>\n\t<meta property=\"og:image:height\" content=\"1851\" \/>\n\t<meta property=\"og:image:type\" content=\"image\/jpeg\" \/>\n<meta name=\"twitter:card\" content=\"summary_large_image\" \/>\n<meta name=\"twitter:label1\" content=\"Est. reading time\" \/>\n\t<meta name=\"twitter:data1\" content=\"1 minute\" \/>\n<script type=\"application\/ld+json\" class=\"yoast-schema-graph\">{\"@context\":\"https:\/\/schema.org\",\"@graph\":[{\"@type\":[\"WebPage\",\"ItemPage\"],\"@id\":\"https:\/\/provansadekor.rs\/proizvod\/box-aranzman-15-2\/\",\"url\":\"https:\/\/provansadekor.rs\/proizvod\/box-aranzman-15-2\/\",\"name\":\"Rajski sladunjavi box sa medom &#8211; Provansa Dekor\",\"isPartOf\":{\"@id\":\"https:\/\/provansadekor.rs\/#website\"},\"primaryImageOfPage\":{\"@id\":\"https:\/\/provansadekor.rs\/proizvod\/box-aranzman-15-2\/#primaryimage\"},\"image\":{\"@id\":\"https:\/\/provansadekor.rs\/proizvod\/box-aranzman-15-2\/#primaryimage\"},\"thumbnailUrl\":\"https:\/\/provansadekor.rs\/wp-content\/uploads\/2025\/07\/DSC_9217-scaled.jpg\",\"datePublished\":\"2019-09-11T12:57:28+00:00\",\"dateModified\":\"2026-03-07T15:05:29+00:00\",\"description\":\"Cve\u0107e i \u010dokoladne praline u aran\u017emanu: bela ru\u017ea, roze lizijantus, beli lizijantus, roze alstromerija, bela hrizantema, hrizantema yoko ono...Cve\u0107ara Online\u00a0\",\"breadcrumb\":{\"@id\":\"https:\/\/provansadekor.rs\/proizvod\/box-aranzman-15-2\/#breadcrumb\"},\"inLanguage\":\"en-US\",\"potentialAction\":[{\"@type\":\"ReadAction\",\"target\":[\"https:\/\/provansadekor.rs\/proizvod\/box-aranzman-15-2\/\"]}]},{\"@type\":\"ImageObject\",\"inLanguage\":\"en-US\",\"@id\":\"https:\/\/provansadekor.rs\/proizvod\/box-aranzman-15-2\/#primaryimage\",\"url\":\"https:\/\/provansadekor.rs\/wp-content\/uploads\/2025\/07\/DSC_9217-scaled.jpg\",\"contentUrl\":\"https:\/\/provansadekor.rs\/wp-content\/uploads\/2025\/07\/DSC_9217-scaled.jpg\",\"width\":2560,\"height\":1851},{\"@type\":\"BreadcrumbList\",\"@id\":\"https:\/\/provansadekor.rs\/proizvod\/box-aranzman-15-2\/#breadcrumb\",\"itemListElement\":[{\"@type\":\"ListItem\",\"position\":1,\"name\":\"\u041f\u043e\u0447\u0435\u0442\u043d\u0430\",\"item\":\"https:\/\/provansadekor.rs\/\"},{\"@type\":\"ListItem\",\"position\":2,\"name\":\"\u041f\u0440\u043e\u0438\u0437\u0432\u043e\u0434\u0438\",\"item\":\"https:\/\/provansadekor.rs\/shop\/\"},{\"@type\":\"ListItem\",\"position\":3,\"name\":\"Rajski sladunjavi box sa medom\"}]},{\"@type\":\"WebSite\",\"@id\":\"https:\/\/provansadekor.rs\/#website\",\"url\":\"https:\/\/provansadekor.rs\/\",\"name\":\"Provansa Dekor\",\"description\":\"Dostava cve\u0107a Beograd - Organizacija i Dekoracija doga\u0111aja - Ure\u0111enje zelenih povr\u0161ina\",\"publisher\":{\"@id\":\"https:\/\/provansadekor.rs\/#organization\"},\"potentialAction\":[{\"@type\":\"SearchAction\",\"target\":{\"@type\":\"EntryPoint\",\"urlTemplate\":\"https:\/\/provansadekor.rs\/?s={search_term_string}\"},\"query-input\":{\"@type\":\"PropertyValueSpecification\",\"valueRequired\":true,\"valueName\":\"search_term_string\"}}],\"inLanguage\":\"en-US\"},{\"@type\":\"Organization\",\"@id\":\"https:\/\/provansadekor.rs\/#organization\",\"name\":\"Provansa Dekor Cve\u0107ara Beograd\",\"url\":\"https:\/\/provansadekor.rs\/\",\"logo\":{\"@type\":\"ImageObject\",\"inLanguage\":\"en-US\",\"@id\":\"https:\/\/provansadekor.rs\/#\/schema\/logo\/image\/\",\"url\":\"https:\/\/provansadekor.rs\/wp-content\/uploads\/2022\/03\/logo-provansa.jpg\",\"contentUrl\":\"https:\/\/provansadekor.rs\/wp-content\/uploads\/2022\/03\/logo-provansa.jpg\",\"width\":200,\"height\":200,\"caption\":\"Provansa Dekor Cve\u0107ara Beograd\"},\"image\":{\"@id\":\"https:\/\/provansadekor.rs\/#\/schema\/logo\/image\/\"},\"sameAs\":[\"https:\/\/www.facebook.com\/provansadekor\",\"https:\/\/www.instagram.com\/provansadekor\/\"]}]}<\/script>\n<!-- \/ Yoast SEO Premium plugin. -->","yoast_head_json":{"title":"Rajski sladunjavi box sa medom &#8211; Provansa Dekor","description":"Flowers and chocolate pralines in an arrangement: white rose, pink lisianthus, white lisianthus, pink alstroemeria, white chrysanthemum, yoko ono chrysanthemum... Florist Online\u00a0","robots":{"index":"index","follow":"follow","max-snippet":"max-snippet:-1","max-image-preview":"max-image-preview:large","max-video-preview":"max-video-preview:-1"},"canonical":"https:\/\/provansadekor.rs\/en\/proizvod\/box-arrangement-15-2\/","og_locale":"en_US","og_type":"article","og_title":"Rajski sladunjavi box sa medom","og_description":"Cve\u0107e i \u010dokoladne praline u aran\u017emanu: bela ru\u017ea, roze lizijantus, beli lizijantus, roze alstromerija, bela hrizantema, hrizantema yoko ono...Cve\u0107ara Online\u00a0","og_url":"https:\/\/provansadekor.rs\/en\/proizvod\/box-arrangement-15-2\/","og_site_name":"Provansa Dekor","article_publisher":"https:\/\/www.facebook.com\/provansadekor","article_modified_time":"2026-03-07T15:05:29+00:00","og_image":[{"width":2560,"height":1851,"url":"https:\/\/provansadekor.rs\/wp-content\/uploads\/2025\/07\/DSC_9217-scaled.jpg","type":"image\/jpeg"}],"twitter_card":"summary_large_image","twitter_misc":{"Est. reading time":"1 minute"},"schema":{"@context":"https:\/\/schema.org","@graph":[{"@type":["WebPage","ItemPage"],"@id":"https:\/\/provansadekor.rs\/proizvod\/box-aranzman-15-2\/","url":"https:\/\/provansadekor.rs\/proizvod\/box-aranzman-15-2\/","name":"Rajski sladunjavi box sa medom &#8211; Provansa Dekor","isPartOf":{"@id":"https:\/\/provansadekor.rs\/#website"},"primaryImageOfPage":{"@id":"https:\/\/provansadekor.rs\/proizvod\/box-aranzman-15-2\/#primaryimage"},"image":{"@id":"https:\/\/provansadekor.rs\/proizvod\/box-aranzman-15-2\/#primaryimage"},"thumbnailUrl":"https:\/\/provansadekor.rs\/wp-content\/uploads\/2025\/07\/DSC_9217-scaled.jpg","datePublished":"2019-09-11T12:57:28+00:00","dateModified":"2026-03-07T15:05:29+00:00","description":"Flowers and chocolate pralines in an arrangement: white rose, pink lisianthus, white lisianthus, pink alstroemeria, white chrysanthemum, yoko ono chrysanthemum... Florist Online\u00a0","breadcrumb":{"@id":"https:\/\/provansadekor.rs\/proizvod\/box-aranzman-15-2\/#breadcrumb"},"inLanguage":"en-US","potentialAction":[{"@type":"ReadAction","target":["https:\/\/provansadekor.rs\/proizvod\/box-aranzman-15-2\/"]}]},{"@type":"ImageObject","inLanguage":"en-US","@id":"https:\/\/provansadekor.rs\/proizvod\/box-aranzman-15-2\/#primaryimage","url":"https:\/\/provansadekor.rs\/wp-content\/uploads\/2025\/07\/DSC_9217-scaled.jpg","contentUrl":"https:\/\/provansadekor.rs\/wp-content\/uploads\/2025\/07\/DSC_9217-scaled.jpg","width":2560,"height":1851},{"@type":"BreadcrumbList","@id":"https:\/\/provansadekor.rs\/proizvod\/box-aranzman-15-2\/#breadcrumb","itemListElement":[{"@type":"ListItem","position":1,"name":"\u041f\u043e\u0447\u0435\u0442\u043d\u0430","item":"https:\/\/provansadekor.rs\/"},{"@type":"ListItem","position":2,"name":"\u041f\u0440\u043e\u0438\u0437\u0432\u043e\u0434\u0438","item":"https:\/\/provansadekor.rs\/shop\/"},{"@type":"ListItem","position":3,"name":"Rajski sladunjavi box sa medom"}]},{"@type":"WebSite","@id":"https:\/\/provansadekor.rs\/#website","url":"https:\/\/provansadekor.rs\/","name":"Provence Decor","description":"Flower delivery Belgrade - Event organization and decoration - Landscaping","publisher":{"@id":"https:\/\/provansadekor.rs\/#organization"},"potentialAction":[{"@type":"SearchAction","target":{"@type":"EntryPoint","urlTemplate":"https:\/\/provansadekor.rs\/?s={search_term_string}"},"query-input":{"@type":"PropertyValueSpecification","valueRequired":true,"valueName":"search_term_string"}}],"inLanguage":"en-US"},{"@type":"Organization","@id":"https:\/\/provansadekor.rs\/#organization","name":"Provence Decor Flower Shop Belgrade","url":"https:\/\/provansadekor.rs\/","logo":{"@type":"ImageObject","inLanguage":"en-US","@id":"https:\/\/provansadekor.rs\/#\/schema\/logo\/image\/","url":"https:\/\/provansadekor.rs\/wp-content\/uploads\/2022\/03\/logo-provansa.jpg","contentUrl":"https:\/\/provansadekor.rs\/wp-content\/uploads\/2022\/03\/logo-provansa.jpg","width":200,"height":200,"caption":"Provansa Dekor Cve\u0107ara Beograd"},"image":{"@id":"https:\/\/provansadekor.rs\/#\/schema\/logo\/image\/"},"sameAs":["https:\/\/www.facebook.com\/provansadekor","https:\/\/www.instagram.com\/provansadekor\/"]}]}},"_links":{"self":[{"href":"https:\/\/provansadekor.rs\/en\/wp-json\/wp\/v2\/product\/4542","targetHints":{"allow":["GET"]}}],"collection":[{"href":"https:\/\/provansadekor.rs\/en\/wp-json\/wp\/v2\/product"}],"about":[{"href":"https:\/\/provansadekor.rs\/en\/wp-json\/wp\/v2\/types\/product"}],"version-history":[{"count":6,"href":"https:\/\/provansadekor.rs\/en\/wp-json\/wp\/v2\/product\/4542\/revisions"}],"predecessor-version":[{"id":84390,"href":"https:\/\/provansadekor.rs\/en\/wp-json\/wp\/v2\/product\/4542\/revisions\/84390"}],"wp:featuredmedia":[{"embeddable":true,"href":"https:\/\/provansadekor.rs\/en\/wp-json\/wp\/v2\/media\/84384"}],"wp:attachment":[{"href":"https:\/\/provansadekor.rs\/en\/wp-json\/wp\/v2\/media?parent=4542"}],"wp:term":[{"taxonomy":"product_brand","embeddable":true,"href":"https:\/\/provansadekor.rs\/en\/wp-json\/wp\/v2\/product_brand?post=4542"},{"taxonomy":"product_cat","embeddable":true,"href":"https:\/\/provansadekor.rs\/en\/wp-json\/wp\/v2\/product_cat?post=4542"},{"taxonomy":"product_tag","embeddable":true,"href":"https:\/\/provansadekor.rs\/en\/wp-json\/wp\/v2\/product_tag?post=4542"}],"curies":[{"name":"wp","href":"https:\/\/api.w.org\/{rel}","templated":true}]}}