{"id":4536,"date":"2019-09-11T12:47:15","date_gmt":"2019-09-11T12:47:15","guid":{"rendered":"http:\/\/provansadekor.rs\/?post_type=product&#038;p=4536"},"modified":"2026-03-13T11:36:43","modified_gmt":"2026-03-13T10:36:43","slug":"buket-07-2","status":"publish","type":"product","link":"https:\/\/provansadekor.rs\/en\/proizvod\/bouquet-07-2\/","title":{"rendered":"Seductive bouquet of red roses in lace"},"content":{"rendered":"<p>Kinds of<strong> flowers in the bouquet: red rose,<\/strong> aspidistra, mountain grass.<\/p>\n<p>Accompanying decoration: decorative black lace, red satin ribbon bow, decorative locket.<\/p>\n<p>A unique creation of fresh <strong>red roses<\/strong> with greenery made up of aspidistra leaves and strands of berggrass, wrapped in the most beautiful black lace. Order this bouquet and leave your signature in someone&#039;s heart.<\/p>\n<p>Our <strong>online flower shop<\/strong> is here for you seven days a week, and ordering online has never been easier.<\/p>\n<h2 style=\"text-align: center;\">A bouquet of reds <strong>rose, Online Flower Shop Belgrade\u00a0<\/strong><\/h2>","protected":false},"excerpt":{"rendered":"<p>Types of flowers in the bouquet: red rose, aspidistra, mountain grass. Accompanying decoration: decorative black lace, red satin ribbon bow, decorative locket. A unique creation of fresh red roses with greenery made up of aspidistra leaves and strands of berggrass, wrapped in the most beautiful black lace. Order this bouquet and leave your signature in someone&#039;s heart. Our online flower shop is here for [\u2026]<\/p>","protected":false},"featured_media":4533,"template":"","meta":[],"product_brand":[],"product_cat":[115],"product_tag":[318],"class_list":{"0":"post-4536","1":"product","2":"type-product","3":"status-publish","4":"has-post-thumbnail","6":"product_cat-buketi-cveca","7":"product_tag-crvene-ruze","9":"first","10":"instock","11":"featured","12":"shipping-taxable","13":"purchasable","14":"product-type-simple"},"yoast_head":"<!-- This site is optimized with the Yoast SEO Premium plugin v20.9 (Yoast SEO v26.5) - https:\/\/yoast.com\/wordpress\/plugins\/seo\/ -->\n<title>Zavodljivi buket crvenih ru\u017ea u \u010dipki &#8211; Provansa Dekor<\/title>\n<meta name=\"description\" content=\"Jedinstvena kreacija sve\u017eih crvenih ru\u017ea sa zelenilom koje \u010dine aspidistra listovi i niti bergrasa, uvijena u najlep\u0161u crnu \u010dipku.\" \/>\n<meta name=\"robots\" content=\"index, follow, max-snippet:-1, max-image-preview:large, max-video-preview:-1\" \/>\n<link rel=\"canonical\" href=\"https:\/\/provansadekor.rs\/en\/proizvod\/bouquet-07-2\/\" \/>\n<meta property=\"og:locale\" content=\"en_US\" \/>\n<meta property=\"og:type\" content=\"article\" \/>\n<meta property=\"og:title\" content=\"Zavodljivi buket crvenih ru\u017ea u \u010dipki\" \/>\n<meta property=\"og:description\" content=\"Jedinstvena kreacija sve\u017eih crvenih ru\u017ea sa zelenilom koje \u010dine aspidistra listovi i niti bergrasa, uvijena u najlep\u0161u crnu \u010dipku.\" \/>\n<meta property=\"og:url\" content=\"https:\/\/provansadekor.rs\/en\/proizvod\/bouquet-07-2\/\" \/>\n<meta property=\"og:site_name\" content=\"Provansa Dekor\" \/>\n<meta property=\"article:publisher\" content=\"https:\/\/www.facebook.com\/provansadekor\" \/>\n<meta property=\"article:modified_time\" content=\"2026-03-13T10:36:43+00:00\" \/>\n<meta property=\"og:image\" content=\"https:\/\/provansadekor.rs\/wp-content\/uploads\/2019\/09\/Buket-39-ruza-1.jpg\" \/>\n\t<meta property=\"og:image:width\" content=\"960\" \/>\n\t<meta property=\"og:image:height\" content=\"1280\" \/>\n\t<meta property=\"og:image:type\" content=\"image\/jpeg\" \/>\n<meta name=\"twitter:card\" content=\"summary_large_image\" \/>\n<meta name=\"twitter:label1\" content=\"Est. reading time\" \/>\n\t<meta name=\"twitter:data1\" content=\"1 minute\" \/>\n<script type=\"application\/ld+json\" class=\"yoast-schema-graph\">{\"@context\":\"https:\/\/schema.org\",\"@graph\":[{\"@type\":[\"WebPage\",\"ItemPage\"],\"@id\":\"https:\/\/provansadekor.rs\/proizvod\/buket-07-2\/\",\"url\":\"https:\/\/provansadekor.rs\/proizvod\/buket-07-2\/\",\"name\":\"Zavodljivi buket crvenih ru\u017ea u \u010dipki &#8211; Provansa Dekor\",\"isPartOf\":{\"@id\":\"https:\/\/provansadekor.rs\/#website\"},\"primaryImageOfPage\":{\"@id\":\"https:\/\/provansadekor.rs\/proizvod\/buket-07-2\/#primaryimage\"},\"image\":{\"@id\":\"https:\/\/provansadekor.rs\/proizvod\/buket-07-2\/#primaryimage\"},\"thumbnailUrl\":\"https:\/\/provansadekor.rs\/wp-content\/uploads\/2019\/09\/Buket-39-ruza-1.jpg\",\"datePublished\":\"2019-09-11T12:47:15+00:00\",\"dateModified\":\"2026-03-13T10:36:43+00:00\",\"description\":\"Jedinstvena kreacija sve\u017eih crvenih ru\u017ea sa zelenilom koje \u010dine aspidistra listovi i niti bergrasa, uvijena u najlep\u0161u crnu \u010dipku.\",\"breadcrumb\":{\"@id\":\"https:\/\/provansadekor.rs\/proizvod\/buket-07-2\/#breadcrumb\"},\"inLanguage\":\"en-US\",\"potentialAction\":[{\"@type\":\"ReadAction\",\"target\":[\"https:\/\/provansadekor.rs\/proizvod\/buket-07-2\/\"]}]},{\"@type\":\"ImageObject\",\"inLanguage\":\"en-US\",\"@id\":\"https:\/\/provansadekor.rs\/proizvod\/buket-07-2\/#primaryimage\",\"url\":\"https:\/\/provansadekor.rs\/wp-content\/uploads\/2019\/09\/Buket-39-ruza-1.jpg\",\"contentUrl\":\"https:\/\/provansadekor.rs\/wp-content\/uploads\/2019\/09\/Buket-39-ruza-1.jpg\",\"width\":960,\"height\":1280},{\"@type\":\"BreadcrumbList\",\"@id\":\"https:\/\/provansadekor.rs\/proizvod\/buket-07-2\/#breadcrumb\",\"itemListElement\":[{\"@type\":\"ListItem\",\"position\":1,\"name\":\"\u041f\u043e\u0447\u0435\u0442\u043d\u0430\",\"item\":\"https:\/\/provansadekor.rs\/\"},{\"@type\":\"ListItem\",\"position\":2,\"name\":\"\u041f\u0440\u043e\u0438\u0437\u0432\u043e\u0434\u0438\",\"item\":\"https:\/\/provansadekor.rs\/shop\/\"},{\"@type\":\"ListItem\",\"position\":3,\"name\":\"Zavodljivi buket crvenih ru\u017ea u \u010dipki\"}]},{\"@type\":\"WebSite\",\"@id\":\"https:\/\/provansadekor.rs\/#website\",\"url\":\"https:\/\/provansadekor.rs\/\",\"name\":\"Provansa Dekor\",\"description\":\"Dostava cve\u0107a Beograd - Organizacija i Dekoracija doga\u0111aja - Ure\u0111enje zelenih povr\u0161ina\",\"publisher\":{\"@id\":\"https:\/\/provansadekor.rs\/#organization\"},\"potentialAction\":[{\"@type\":\"SearchAction\",\"target\":{\"@type\":\"EntryPoint\",\"urlTemplate\":\"https:\/\/provansadekor.rs\/?s={search_term_string}\"},\"query-input\":{\"@type\":\"PropertyValueSpecification\",\"valueRequired\":true,\"valueName\":\"search_term_string\"}}],\"inLanguage\":\"en-US\"},{\"@type\":\"Organization\",\"@id\":\"https:\/\/provansadekor.rs\/#organization\",\"name\":\"Provansa Dekor Cve\u0107ara Beograd\",\"url\":\"https:\/\/provansadekor.rs\/\",\"logo\":{\"@type\":\"ImageObject\",\"inLanguage\":\"en-US\",\"@id\":\"https:\/\/provansadekor.rs\/#\/schema\/logo\/image\/\",\"url\":\"https:\/\/provansadekor.rs\/wp-content\/uploads\/2022\/03\/logo-provansa.jpg\",\"contentUrl\":\"https:\/\/provansadekor.rs\/wp-content\/uploads\/2022\/03\/logo-provansa.jpg\",\"width\":200,\"height\":200,\"caption\":\"Provansa Dekor Cve\u0107ara Beograd\"},\"image\":{\"@id\":\"https:\/\/provansadekor.rs\/#\/schema\/logo\/image\/\"},\"sameAs\":[\"https:\/\/www.facebook.com\/provansadekor\",\"https:\/\/www.instagram.com\/provansadekor\/\"]}]}<\/script>\n<!-- \/ Yoast SEO Premium plugin. -->","yoast_head_json":{"title":"Seductive bouquet of red roses in lace - Provence Decor","description":"A unique creation of fresh red roses with greenery made up of aspidistra leaves and strands of berggrass, wrapped in the most beautiful black lace.","robots":{"index":"index","follow":"follow","max-snippet":"max-snippet:-1","max-image-preview":"max-image-preview:large","max-video-preview":"max-video-preview:-1"},"canonical":"https:\/\/provansadekor.rs\/en\/proizvod\/bouquet-07-2\/","og_locale":"en_US","og_type":"article","og_title":"Zavodljivi buket crvenih ru\u017ea u \u010dipki","og_description":"Jedinstvena kreacija sve\u017eih crvenih ru\u017ea sa zelenilom koje \u010dine aspidistra listovi i niti bergrasa, uvijena u najlep\u0161u crnu \u010dipku.","og_url":"https:\/\/provansadekor.rs\/en\/proizvod\/bouquet-07-2\/","og_site_name":"Provansa Dekor","article_publisher":"https:\/\/www.facebook.com\/provansadekor","article_modified_time":"2026-03-13T10:36:43+00:00","og_image":[{"width":960,"height":1280,"url":"https:\/\/provansadekor.rs\/wp-content\/uploads\/2019\/09\/Buket-39-ruza-1.jpg","type":"image\/jpeg"}],"twitter_card":"summary_large_image","twitter_misc":{"Est. reading time":"1 minute"},"schema":{"@context":"https:\/\/schema.org","@graph":[{"@type":["WebPage","ItemPage"],"@id":"https:\/\/provansadekor.rs\/proizvod\/buket-07-2\/","url":"https:\/\/provansadekor.rs\/proizvod\/buket-07-2\/","name":"Seductive bouquet of red roses in lace - Provence Decor","isPartOf":{"@id":"https:\/\/provansadekor.rs\/#website"},"primaryImageOfPage":{"@id":"https:\/\/provansadekor.rs\/proizvod\/buket-07-2\/#primaryimage"},"image":{"@id":"https:\/\/provansadekor.rs\/proizvod\/buket-07-2\/#primaryimage"},"thumbnailUrl":"https:\/\/provansadekor.rs\/wp-content\/uploads\/2019\/09\/Buket-39-ruza-1.jpg","datePublished":"2019-09-11T12:47:15+00:00","dateModified":"2026-03-13T10:36:43+00:00","description":"A unique creation of fresh red roses with greenery made up of aspidistra leaves and strands of berggrass, wrapped in the most beautiful black lace.","breadcrumb":{"@id":"https:\/\/provansadekor.rs\/proizvod\/buket-07-2\/#breadcrumb"},"inLanguage":"en-US","potentialAction":[{"@type":"ReadAction","target":["https:\/\/provansadekor.rs\/proizvod\/buket-07-2\/"]}]},{"@type":"ImageObject","inLanguage":"en-US","@id":"https:\/\/provansadekor.rs\/proizvod\/buket-07-2\/#primaryimage","url":"https:\/\/provansadekor.rs\/wp-content\/uploads\/2019\/09\/Buket-39-ruza-1.jpg","contentUrl":"https:\/\/provansadekor.rs\/wp-content\/uploads\/2019\/09\/Buket-39-ruza-1.jpg","width":960,"height":1280},{"@type":"BreadcrumbList","@id":"https:\/\/provansadekor.rs\/proizvod\/buket-07-2\/#breadcrumb","itemListElement":[{"@type":"ListItem","position":1,"name":"\u041f\u043e\u0447\u0435\u0442\u043d\u0430","item":"https:\/\/provansadekor.rs\/"},{"@type":"ListItem","position":2,"name":"\u041f\u0440\u043e\u0438\u0437\u0432\u043e\u0434\u0438","item":"https:\/\/provansadekor.rs\/shop\/"},{"@type":"ListItem","position":3,"name":"Zavodljivi buket crvenih ru\u017ea u \u010dipki"}]},{"@type":"WebSite","@id":"https:\/\/provansadekor.rs\/#website","url":"https:\/\/provansadekor.rs\/","name":"Provence Decor","description":"Flower delivery Belgrade - Event organization and decoration - Landscaping","publisher":{"@id":"https:\/\/provansadekor.rs\/#organization"},"potentialAction":[{"@type":"SearchAction","target":{"@type":"EntryPoint","urlTemplate":"https:\/\/provansadekor.rs\/?s={search_term_string}"},"query-input":{"@type":"PropertyValueSpecification","valueRequired":true,"valueName":"search_term_string"}}],"inLanguage":"en-US"},{"@type":"Organization","@id":"https:\/\/provansadekor.rs\/#organization","name":"Provence Decor Flower Shop Belgrade","url":"https:\/\/provansadekor.rs\/","logo":{"@type":"ImageObject","inLanguage":"en-US","@id":"https:\/\/provansadekor.rs\/#\/schema\/logo\/image\/","url":"https:\/\/provansadekor.rs\/wp-content\/uploads\/2022\/03\/logo-provansa.jpg","contentUrl":"https:\/\/provansadekor.rs\/wp-content\/uploads\/2022\/03\/logo-provansa.jpg","width":200,"height":200,"caption":"Provansa Dekor Cve\u0107ara Beograd"},"image":{"@id":"https:\/\/provansadekor.rs\/#\/schema\/logo\/image\/"},"sameAs":["https:\/\/www.facebook.com\/provansadekor","https:\/\/www.instagram.com\/provansadekor\/"]}]}},"_links":{"self":[{"href":"https:\/\/provansadekor.rs\/en\/wp-json\/wp\/v2\/product\/4536","targetHints":{"allow":["GET"]}}],"collection":[{"href":"https:\/\/provansadekor.rs\/en\/wp-json\/wp\/v2\/product"}],"about":[{"href":"https:\/\/provansadekor.rs\/en\/wp-json\/wp\/v2\/types\/product"}],"version-history":[{"count":5,"href":"https:\/\/provansadekor.rs\/en\/wp-json\/wp\/v2\/product\/4536\/revisions"}],"predecessor-version":[{"id":67346,"href":"https:\/\/provansadekor.rs\/en\/wp-json\/wp\/v2\/product\/4536\/revisions\/67346"}],"wp:featuredmedia":[{"embeddable":true,"href":"https:\/\/provansadekor.rs\/en\/wp-json\/wp\/v2\/media\/4533"}],"wp:attachment":[{"href":"https:\/\/provansadekor.rs\/en\/wp-json\/wp\/v2\/media?parent=4536"}],"wp:term":[{"taxonomy":"product_brand","embeddable":true,"href":"https:\/\/provansadekor.rs\/en\/wp-json\/wp\/v2\/product_brand?post=4536"},{"taxonomy":"product_cat","embeddable":true,"href":"https:\/\/provansadekor.rs\/en\/wp-json\/wp\/v2\/product_cat?post=4536"},{"taxonomy":"product_tag","embeddable":true,"href":"https:\/\/provansadekor.rs\/en\/wp-json\/wp\/v2\/product_tag?post=4536"}],"curies":[{"name":"wp","href":"https:\/\/api.w.org\/{rel}","templated":true}]}}