{"id":4532,"date":"2022-02-05T05:23:19","date_gmt":"2022-02-05T04:23:19","guid":{"rendered":"http:\/\/provansadekor.rs\/?post_type=product&#038;p=4532"},"modified":"2026-03-13T11:34:25","modified_gmt":"2026-03-13T10:34:25","slug":"velika-rajska-korpa-i-plisani-meda-sa-vise-vrsta-ekskluzivnog-cveca","status":"publish","type":"product","link":"https:\/\/provansadekor.rs\/en\/proizvod\/large-paradise-basket-and-pleated-meda-with-multiple-kinds-of-exclusive-flowers\/","title":{"rendered":"A large basket of paradise and a teddy bear with several types of exclusive flowers"},"content":{"rendered":"<p><em>Kinds of <strong>flowers in an arrangement:<\/strong><\/em> White hydrangea (chrysanthemum), lilac, white and <strong>pink roses<\/strong>, cyclamen alstroemeria, pink carnation, pink and white lisianthus, white freesia, yoko-ono chrysanthemum, eucalyptus<\/p>\n<p><em>Accompanying decoration:<\/em> White woven wicker basket, white teddy bear, pink decorative bow, handmade wooden plaque (spike) with inscription.<\/p>\n<p>Awaken the feeling of a fairy tale in someone with a carefully selected, sumptuous combination <strong>flowers<\/strong> in an exquisite hand-woven white basket. An unmistakable gift that will accompany a lavish wedding, birthday or celebration of the birth of a child.<\/p>\n<p>Product declaration, country of origin and manufacturer are available on the label of the product itself.<\/p>\n<h2 style=\"text-align: center;\"><strong>A luxurious arrangement with several types of exclusive flowers<\/strong><\/h2>\n<p>&nbsp;<\/p>","protected":false},"excerpt":{"rendered":"<p>Types of flowers in the arrangement: White hydrangea (chrysanthemum), lilac, white and pink roses, alstroemeria cyclamen, pink carnation, pink and white lisianthus, white freesia, yoko-ono chrysanthemum, eucalyptus. Accompanying decoration: White woven wicker basket, white teddy bears , pink decorative bow, handmade wooden plaque (spade) with an inscription. Awaken someone to a fairy tale feeling with a carefully selected, sumptuous [\u2026]<\/p>","protected":false},"featured_media":47240,"template":"","meta":[],"product_brand":[],"product_cat":[169,168],"product_tag":[],"class_list":{"0":"post-4532","1":"product","2":"type-product","3":"status-publish","4":"has-post-thumbnail","6":"product_cat-dan-zaljubljenih","7":"product_cat-luksuzni-aranzmani","9":"first","10":"instock","11":"featured","12":"shipping-taxable","13":"purchasable","14":"product-type-simple"},"yoast_head":"<!-- This site is optimized with the Yoast SEO Premium plugin v20.9 (Yoast SEO v26.5) - https:\/\/yoast.com\/wordpress\/plugins\/seo\/ -->\n<title>Velika rajska korpa i pli\u0161ani meda sa vi\u0161e vrsta ekskluzivnog cve\u0107a<\/title>\n<meta name=\"description\" content=\"Probudite u nekome ose\u0107aj bajke pa\u017eljivo odabranom, rasko\u0161nom kombinacijom cve\u0107a u izuzetnoj ru\u010dno pletenoj beloj korpi. Dostava cve\u0107a\" \/>\n<meta name=\"robots\" content=\"index, follow, max-snippet:-1, max-image-preview:large, max-video-preview:-1\" \/>\n<link rel=\"canonical\" href=\"https:\/\/provansadekor.rs\/en\/proizvod\/large-paradise-basket-and-pleated-meda-with-multiple-kinds-of-exclusive-flowers\/\" \/>\n<meta property=\"og:locale\" content=\"en_US\" \/>\n<meta property=\"og:type\" content=\"article\" \/>\n<meta property=\"og:title\" content=\"Velika rajska korpa i pli\u0161ani meda sa vi\u0161e vrsta ekskluzivnog cve\u0107a\" \/>\n<meta property=\"og:description\" content=\"Probudite u nekome ose\u0107aj bajke pa\u017eljivo odabranom, rasko\u0161nom kombinacijom cve\u0107a u izuzetnoj ru\u010dno pletenoj beloj korpi. Dostava cve\u0107a\" \/>\n<meta property=\"og:url\" content=\"https:\/\/provansadekor.rs\/en\/proizvod\/large-paradise-basket-and-pleated-meda-with-multiple-kinds-of-exclusive-flowers\/\" \/>\n<meta property=\"og:site_name\" content=\"Provansa Dekor\" \/>\n<meta property=\"article:publisher\" content=\"https:\/\/www.facebook.com\/provansadekor\" \/>\n<meta property=\"article:modified_time\" content=\"2026-03-13T10:34:25+00:00\" \/>\n<meta property=\"og:image\" content=\"https:\/\/provansadekor.rs\/wp-content\/uploads\/2019\/09\/Aranzman-Korpa-02-1.jpg\" \/>\n\t<meta property=\"og:image:width\" content=\"685\" \/>\n\t<meta property=\"og:image:height\" content=\"800\" \/>\n\t<meta property=\"og:image:type\" content=\"image\/jpeg\" \/>\n<meta name=\"twitter:card\" content=\"summary_large_image\" \/>\n<meta name=\"twitter:label1\" content=\"Est. reading time\" \/>\n\t<meta name=\"twitter:data1\" content=\"1 minute\" \/>\n<script type=\"application\/ld+json\" class=\"yoast-schema-graph\">{\"@context\":\"https:\/\/schema.org\",\"@graph\":[{\"@type\":[\"WebPage\",\"ItemPage\"],\"@id\":\"https:\/\/provansadekor.rs\/proizvod\/velika-rajska-korpa-i-plisani-meda-sa-vise-vrsta-ekskluzivnog-cveca\/\",\"url\":\"https:\/\/provansadekor.rs\/proizvod\/velika-rajska-korpa-i-plisani-meda-sa-vise-vrsta-ekskluzivnog-cveca\/\",\"name\":\"Velika rajska korpa i pli\u0161ani meda sa vi\u0161e vrsta ekskluzivnog cve\u0107a\",\"isPartOf\":{\"@id\":\"https:\/\/provansadekor.rs\/#website\"},\"primaryImageOfPage\":{\"@id\":\"https:\/\/provansadekor.rs\/proizvod\/velika-rajska-korpa-i-plisani-meda-sa-vise-vrsta-ekskluzivnog-cveca\/#primaryimage\"},\"image\":{\"@id\":\"https:\/\/provansadekor.rs\/proizvod\/velika-rajska-korpa-i-plisani-meda-sa-vise-vrsta-ekskluzivnog-cveca\/#primaryimage\"},\"thumbnailUrl\":\"https:\/\/provansadekor.rs\/wp-content\/uploads\/2019\/09\/Aranzman-Korpa-02-1.jpg\",\"datePublished\":\"2022-02-05T04:23:19+00:00\",\"dateModified\":\"2026-03-13T10:34:25+00:00\",\"description\":\"Probudite u nekome ose\u0107aj bajke pa\u017eljivo odabranom, rasko\u0161nom kombinacijom cve\u0107a u izuzetnoj ru\u010dno pletenoj beloj korpi. Dostava cve\u0107a\",\"breadcrumb\":{\"@id\":\"https:\/\/provansadekor.rs\/proizvod\/velika-rajska-korpa-i-plisani-meda-sa-vise-vrsta-ekskluzivnog-cveca\/#breadcrumb\"},\"inLanguage\":\"en-US\",\"potentialAction\":[{\"@type\":\"ReadAction\",\"target\":[\"https:\/\/provansadekor.rs\/proizvod\/velika-rajska-korpa-i-plisani-meda-sa-vise-vrsta-ekskluzivnog-cveca\/\"]}]},{\"@type\":\"ImageObject\",\"inLanguage\":\"en-US\",\"@id\":\"https:\/\/provansadekor.rs\/proizvod\/velika-rajska-korpa-i-plisani-meda-sa-vise-vrsta-ekskluzivnog-cveca\/#primaryimage\",\"url\":\"https:\/\/provansadekor.rs\/wp-content\/uploads\/2019\/09\/Aranzman-Korpa-02-1.jpg\",\"contentUrl\":\"https:\/\/provansadekor.rs\/wp-content\/uploads\/2019\/09\/Aranzman-Korpa-02-1.jpg\",\"width\":685,\"height\":800},{\"@type\":\"BreadcrumbList\",\"@id\":\"https:\/\/provansadekor.rs\/proizvod\/velika-rajska-korpa-i-plisani-meda-sa-vise-vrsta-ekskluzivnog-cveca\/#breadcrumb\",\"itemListElement\":[{\"@type\":\"ListItem\",\"position\":1,\"name\":\"\u041f\u043e\u0447\u0435\u0442\u043d\u0430\",\"item\":\"https:\/\/provansadekor.rs\/\"},{\"@type\":\"ListItem\",\"position\":2,\"name\":\"\u041f\u0440\u043e\u0438\u0437\u0432\u043e\u0434\u0438\",\"item\":\"https:\/\/provansadekor.rs\/shop\/\"},{\"@type\":\"ListItem\",\"position\":3,\"name\":\"Velika rajska korpa i pli\u0161ani meda sa vi\u0161e vrsta ekskluzivnog cve\u0107a\"}]},{\"@type\":\"WebSite\",\"@id\":\"https:\/\/provansadekor.rs\/#website\",\"url\":\"https:\/\/provansadekor.rs\/\",\"name\":\"Provansa Dekor\",\"description\":\"Dostava cve\u0107a Beograd - Organizacija i Dekoracija doga\u0111aja - Ure\u0111enje zelenih povr\u0161ina\",\"publisher\":{\"@id\":\"https:\/\/provansadekor.rs\/#organization\"},\"potentialAction\":[{\"@type\":\"SearchAction\",\"target\":{\"@type\":\"EntryPoint\",\"urlTemplate\":\"https:\/\/provansadekor.rs\/?s={search_term_string}\"},\"query-input\":{\"@type\":\"PropertyValueSpecification\",\"valueRequired\":true,\"valueName\":\"search_term_string\"}}],\"inLanguage\":\"en-US\"},{\"@type\":\"Organization\",\"@id\":\"https:\/\/provansadekor.rs\/#organization\",\"name\":\"Provansa Dekor Cve\u0107ara Beograd\",\"url\":\"https:\/\/provansadekor.rs\/\",\"logo\":{\"@type\":\"ImageObject\",\"inLanguage\":\"en-US\",\"@id\":\"https:\/\/provansadekor.rs\/#\/schema\/logo\/image\/\",\"url\":\"https:\/\/provansadekor.rs\/wp-content\/uploads\/2022\/03\/logo-provansa.jpg\",\"contentUrl\":\"https:\/\/provansadekor.rs\/wp-content\/uploads\/2022\/03\/logo-provansa.jpg\",\"width\":200,\"height\":200,\"caption\":\"Provansa Dekor Cve\u0107ara Beograd\"},\"image\":{\"@id\":\"https:\/\/provansadekor.rs\/#\/schema\/logo\/image\/\"},\"sameAs\":[\"https:\/\/www.facebook.com\/provansadekor\",\"https:\/\/www.instagram.com\/provansadekor\/\"]}]}<\/script>\n<!-- \/ Yoast SEO Premium plugin. -->","yoast_head_json":{"title":"A large basket of paradise and a teddy bear with several types of exclusive flowers","description":"Awaken someone&#039;s sense of fairy tale with a carefully selected, sumptuous combination of flowers in an exquisite hand-woven white basket. Flower delivery","robots":{"index":"index","follow":"follow","max-snippet":"max-snippet:-1","max-image-preview":"max-image-preview:large","max-video-preview":"max-video-preview:-1"},"canonical":"https:\/\/provansadekor.rs\/en\/proizvod\/large-paradise-basket-and-pleated-meda-with-multiple-kinds-of-exclusive-flowers\/","og_locale":"en_US","og_type":"article","og_title":"Velika rajska korpa i pli\u0161ani meda sa vi\u0161e vrsta ekskluzivnog cve\u0107a","og_description":"Probudite u nekome ose\u0107aj bajke pa\u017eljivo odabranom, rasko\u0161nom kombinacijom cve\u0107a u izuzetnoj ru\u010dno pletenoj beloj korpi. Dostava cve\u0107a","og_url":"https:\/\/provansadekor.rs\/en\/proizvod\/large-paradise-basket-and-pleated-meda-with-multiple-kinds-of-exclusive-flowers\/","og_site_name":"Provansa Dekor","article_publisher":"https:\/\/www.facebook.com\/provansadekor","article_modified_time":"2026-03-13T10:34:25+00:00","og_image":[{"width":685,"height":800,"url":"https:\/\/provansadekor.rs\/wp-content\/uploads\/2019\/09\/Aranzman-Korpa-02-1.jpg","type":"image\/jpeg"}],"twitter_card":"summary_large_image","twitter_misc":{"Est. reading time":"1 minute"},"schema":{"@context":"https:\/\/schema.org","@graph":[{"@type":["WebPage","ItemPage"],"@id":"https:\/\/provansadekor.rs\/proizvod\/velika-rajska-korpa-i-plisani-meda-sa-vise-vrsta-ekskluzivnog-cveca\/","url":"https:\/\/provansadekor.rs\/proizvod\/velika-rajska-korpa-i-plisani-meda-sa-vise-vrsta-ekskluzivnog-cveca\/","name":"A large basket of paradise and a teddy bear with several types of exclusive flowers","isPartOf":{"@id":"https:\/\/provansadekor.rs\/#website"},"primaryImageOfPage":{"@id":"https:\/\/provansadekor.rs\/proizvod\/velika-rajska-korpa-i-plisani-meda-sa-vise-vrsta-ekskluzivnog-cveca\/#primaryimage"},"image":{"@id":"https:\/\/provansadekor.rs\/proizvod\/velika-rajska-korpa-i-plisani-meda-sa-vise-vrsta-ekskluzivnog-cveca\/#primaryimage"},"thumbnailUrl":"https:\/\/provansadekor.rs\/wp-content\/uploads\/2019\/09\/Aranzman-Korpa-02-1.jpg","datePublished":"2022-02-05T04:23:19+00:00","dateModified":"2026-03-13T10:34:25+00:00","description":"Awaken someone&#039;s sense of fairy tale with a carefully selected, sumptuous combination of flowers in an exquisite hand-woven white basket. Flower delivery","breadcrumb":{"@id":"https:\/\/provansadekor.rs\/proizvod\/velika-rajska-korpa-i-plisani-meda-sa-vise-vrsta-ekskluzivnog-cveca\/#breadcrumb"},"inLanguage":"en-US","potentialAction":[{"@type":"ReadAction","target":["https:\/\/provansadekor.rs\/proizvod\/velika-rajska-korpa-i-plisani-meda-sa-vise-vrsta-ekskluzivnog-cveca\/"]}]},{"@type":"ImageObject","inLanguage":"en-US","@id":"https:\/\/provansadekor.rs\/proizvod\/velika-rajska-korpa-i-plisani-meda-sa-vise-vrsta-ekskluzivnog-cveca\/#primaryimage","url":"https:\/\/provansadekor.rs\/wp-content\/uploads\/2019\/09\/Aranzman-Korpa-02-1.jpg","contentUrl":"https:\/\/provansadekor.rs\/wp-content\/uploads\/2019\/09\/Aranzman-Korpa-02-1.jpg","width":685,"height":800},{"@type":"BreadcrumbList","@id":"https:\/\/provansadekor.rs\/proizvod\/velika-rajska-korpa-i-plisani-meda-sa-vise-vrsta-ekskluzivnog-cveca\/#breadcrumb","itemListElement":[{"@type":"ListItem","position":1,"name":"\u041f\u043e\u0447\u0435\u0442\u043d\u0430","item":"https:\/\/provansadekor.rs\/"},{"@type":"ListItem","position":2,"name":"\u041f\u0440\u043e\u0438\u0437\u0432\u043e\u0434\u0438","item":"https:\/\/provansadekor.rs\/shop\/"},{"@type":"ListItem","position":3,"name":"Velika rajska korpa i pli\u0161ani meda sa vi\u0161e vrsta ekskluzivnog cve\u0107a"}]},{"@type":"WebSite","@id":"https:\/\/provansadekor.rs\/#website","url":"https:\/\/provansadekor.rs\/","name":"Provence Decor","description":"Flower delivery Belgrade - Event organization and decoration - Landscaping","publisher":{"@id":"https:\/\/provansadekor.rs\/#organization"},"potentialAction":[{"@type":"SearchAction","target":{"@type":"EntryPoint","urlTemplate":"https:\/\/provansadekor.rs\/?s={search_term_string}"},"query-input":{"@type":"PropertyValueSpecification","valueRequired":true,"valueName":"search_term_string"}}],"inLanguage":"en-US"},{"@type":"Organization","@id":"https:\/\/provansadekor.rs\/#organization","name":"Provence Decor Flower Shop Belgrade","url":"https:\/\/provansadekor.rs\/","logo":{"@type":"ImageObject","inLanguage":"en-US","@id":"https:\/\/provansadekor.rs\/#\/schema\/logo\/image\/","url":"https:\/\/provansadekor.rs\/wp-content\/uploads\/2022\/03\/logo-provansa.jpg","contentUrl":"https:\/\/provansadekor.rs\/wp-content\/uploads\/2022\/03\/logo-provansa.jpg","width":200,"height":200,"caption":"Provansa Dekor Cve\u0107ara Beograd"},"image":{"@id":"https:\/\/provansadekor.rs\/#\/schema\/logo\/image\/"},"sameAs":["https:\/\/www.facebook.com\/provansadekor","https:\/\/www.instagram.com\/provansadekor\/"]}]}},"_links":{"self":[{"href":"https:\/\/provansadekor.rs\/en\/wp-json\/wp\/v2\/product\/4532","targetHints":{"allow":["GET"]}}],"collection":[{"href":"https:\/\/provansadekor.rs\/en\/wp-json\/wp\/v2\/product"}],"about":[{"href":"https:\/\/provansadekor.rs\/en\/wp-json\/wp\/v2\/types\/product"}],"version-history":[{"count":7,"href":"https:\/\/provansadekor.rs\/en\/wp-json\/wp\/v2\/product\/4532\/revisions"}],"predecessor-version":[{"id":77241,"href":"https:\/\/provansadekor.rs\/en\/wp-json\/wp\/v2\/product\/4532\/revisions\/77241"}],"wp:featuredmedia":[{"embeddable":true,"href":"https:\/\/provansadekor.rs\/en\/wp-json\/wp\/v2\/media\/47240"}],"wp:attachment":[{"href":"https:\/\/provansadekor.rs\/en\/wp-json\/wp\/v2\/media?parent=4532"}],"wp:term":[{"taxonomy":"product_brand","embeddable":true,"href":"https:\/\/provansadekor.rs\/en\/wp-json\/wp\/v2\/product_brand?post=4532"},{"taxonomy":"product_cat","embeddable":true,"href":"https:\/\/provansadekor.rs\/en\/wp-json\/wp\/v2\/product_cat?post=4532"},{"taxonomy":"product_tag","embeddable":true,"href":"https:\/\/provansadekor.rs\/en\/wp-json\/wp\/v2\/product_tag?post=4532"}],"curies":[{"name":"wp","href":"https:\/\/api.w.org\/{rel}","templated":true}]}}