{"id":4504,"date":"2019-09-03T19:21:15","date_gmt":"2019-09-03T17:21:15","guid":{"rendered":"http:\/\/provansadekor.rs\/?post_type=product&#038;p=4504"},"modified":"2026-03-18T16:22:27","modified_gmt":"2026-03-18T15:22:27","slug":"101-crvena-ruza-u-kutiji","status":"publish","type":"product","link":"https:\/\/provansadekor.rs\/en\/proizvod\/101-red-rose-in-a-box\/","title":{"rendered":"101 Rose for moments of sensation"},"content":{"rendered":"<h2>101 Red rose in a box<\/h2>\n<p>101 Red rose in a box for maximum surprises.<\/p>\n<p><em>Types of flowers in an arrangement<\/em>: red <strong>roses<\/strong>.<\/p>\n<p><em>Accompanying decoration<\/em>: black decorative box, white satin bow, burgundy satin bow.<\/p>\n<p>Give her something that no one has done before. Except the color combination is unmistakable, this one <a href=\"https:\/\/provansadekor.rs\/kategorija-proizvoda\/101-ruza\/\"><strong>101 roses<\/strong><\/a>, to whomever it is intended, leaves no text. <strong>Roses in a box<\/strong> are perfect for painting, be sure to make lots of beautiful photos.<\/p>\n<p>All arrangements are made from freshly picked flowers and created especially for you.<\/p>\n<div class=\"main-content col-lg-9\">\n<div id=\"primary\" class=\"content-area\">\n<div id=\"product-16134\" class=\"product type-product post-16134 status-publish first instock product_cat-101-ruza has-post-thumbnail featured shipping-taxable purchasable product-type-simple product-layout-default\">\n<div id=\"product-tab\" class=\"woocommerce-tabs woocommerce-tabs-s7fckep7 resp-htabs\">\n<div class=\"resp-tabs-container\">\n<div id=\"tab-description\" class=\"tab-content resp-tab-content resp-tab-content-active\" aria-labelledby=\"tab_item-0\">\n<h3>Choose Your Ideal Gift<\/h3>\n<ul>\n<li>\n<h4>101 roses,<\/h4>\n<\/li>\n<li>\n<h4>201, 301\u2026 even 1001 roses!<\/h4>\n<\/li>\n<li>\n<h4>bouquets of roses,<\/h4>\n<\/li>\n<li>\n<h4>101 A Rose in a Box,<\/h4>\n<\/li>\n<li>\n<h4>Luxury arrangements and gifts.<\/h4>\n<\/li>\n<\/ul>\n<\/div>\n<\/div>\n<\/div>\n<\/div>\n<h2><a href=\"https:\/\/provansadekor.rs\/online-cvecara\/\">Flower delivery<\/a>, White City<\/h2>\n<\/div>\n<\/div>","protected":false},"excerpt":{"rendered":"<p>101 Red rose in a box 101 Red rose in a box for maximum surprises. Types of flowers in the arrangement: red roses. Accompanying decoration: black decorative box, white satin bow, burgundy satin bow. Give her something that no one has done before. Apart from the unmistakable color combination, these 101 roses, whoever they are intended for, are speechless. [\u2026]<\/p>","protected":false},"featured_media":4508,"template":"","meta":[],"product_brand":[],"product_cat":[162,169],"product_tag":[319,318],"class_list":{"0":"post-4504","1":"product","2":"type-product","3":"status-publish","4":"has-post-thumbnail","6":"product_cat-101-ruza","7":"product_cat-dan-zaljubljenih","8":"product_tag-101-crvena-ruza","9":"product_tag-crvene-ruze","11":"first","12":"instock","13":"featured","14":"shipping-taxable","15":"purchasable","16":"product-type-simple"},"yoast_head":"<!-- This site is optimized with the Yoast SEO Premium plugin v20.9 (Yoast SEO v26.5) - https:\/\/yoast.com\/wordpress\/plugins\/seo\/ -->\n<title>101 Crvena ru\u017ea u kutiji za ljubav &#8211; Provansa Dekor<\/title>\n<meta name=\"description\" content=\"101 Crvena ru\u017ea u kutiji bi\u0107e dostavljena va\u0161oj dragoj osobi kada vi to po\u017eelite, savr\u0161ene za slikanje, budite sigurni da \u0107e napraviti predivne fotografija.\" \/>\n<meta name=\"robots\" content=\"index, follow, max-snippet:-1, max-image-preview:large, max-video-preview:-1\" \/>\n<link rel=\"canonical\" href=\"https:\/\/provansadekor.rs\/en\/proizvod\/101-red-rose-in-a-box\/\" \/>\n<meta property=\"og:locale\" content=\"en_US\" \/>\n<meta property=\"og:type\" content=\"article\" \/>\n<meta property=\"og:title\" content=\"101 Ru\u017ea za trenutke senzacije\" \/>\n<meta property=\"og:description\" content=\"101 Crvena ru\u017ea u kutiji bi\u0107e dostavljena va\u0161oj dragoj osobi kada vi to po\u017eelite, savr\u0161ene za slikanje, budite sigurni da \u0107e napraviti predivne fotografija.\" \/>\n<meta property=\"og:url\" content=\"https:\/\/provansadekor.rs\/en\/proizvod\/101-red-rose-in-a-box\/\" \/>\n<meta property=\"og:site_name\" content=\"Provansa Dekor\" \/>\n<meta property=\"article:publisher\" content=\"https:\/\/www.facebook.com\/provansadekor\" \/>\n<meta property=\"article:modified_time\" content=\"2026-03-18T15:22:27+00:00\" \/>\n<meta property=\"og:image\" content=\"https:\/\/provansadekor.rs\/wp-content\/uploads\/2019\/09\/box-101-1.jpg\" \/>\n\t<meta property=\"og:image:width\" content=\"1280\" \/>\n\t<meta property=\"og:image:height\" content=\"1280\" \/>\n\t<meta property=\"og:image:type\" content=\"image\/jpeg\" \/>\n<meta name=\"twitter:card\" content=\"summary_large_image\" \/>\n<meta name=\"twitter:label1\" content=\"Est. reading time\" \/>\n\t<meta name=\"twitter:data1\" content=\"1 minute\" \/>\n<script type=\"application\/ld+json\" class=\"yoast-schema-graph\">{\"@context\":\"https:\/\/schema.org\",\"@graph\":[{\"@type\":[\"WebPage\",\"ItemPage\"],\"@id\":\"https:\/\/provansadekor.rs\/proizvod\/101-crvena-ruza-u-kutiji\/\",\"url\":\"https:\/\/provansadekor.rs\/proizvod\/101-crvena-ruza-u-kutiji\/\",\"name\":\"101 Crvena ru\u017ea u kutiji za ljubav &#8211; Provansa Dekor\",\"isPartOf\":{\"@id\":\"https:\/\/provansadekor.rs\/#website\"},\"primaryImageOfPage\":{\"@id\":\"https:\/\/provansadekor.rs\/proizvod\/101-crvena-ruza-u-kutiji\/#primaryimage\"},\"image\":{\"@id\":\"https:\/\/provansadekor.rs\/proizvod\/101-crvena-ruza-u-kutiji\/#primaryimage\"},\"thumbnailUrl\":\"https:\/\/provansadekor.rs\/wp-content\/uploads\/2019\/09\/box-101-1.jpg\",\"datePublished\":\"2019-09-03T17:21:15+00:00\",\"dateModified\":\"2026-03-18T15:22:27+00:00\",\"description\":\"101 Crvena ru\u017ea u kutiji bi\u0107e dostavljena va\u0161oj dragoj osobi kada vi to po\u017eelite, savr\u0161ene za slikanje, budite sigurni da \u0107e napraviti predivne fotografija.\",\"breadcrumb\":{\"@id\":\"https:\/\/provansadekor.rs\/proizvod\/101-crvena-ruza-u-kutiji\/#breadcrumb\"},\"inLanguage\":\"en-US\",\"potentialAction\":[{\"@type\":\"ReadAction\",\"target\":[\"https:\/\/provansadekor.rs\/proizvod\/101-crvena-ruza-u-kutiji\/\"]}]},{\"@type\":\"ImageObject\",\"inLanguage\":\"en-US\",\"@id\":\"https:\/\/provansadekor.rs\/proizvod\/101-crvena-ruza-u-kutiji\/#primaryimage\",\"url\":\"https:\/\/provansadekor.rs\/wp-content\/uploads\/2019\/09\/box-101-1.jpg\",\"contentUrl\":\"https:\/\/provansadekor.rs\/wp-content\/uploads\/2019\/09\/box-101-1.jpg\",\"width\":1280,\"height\":1280,\"caption\":\"101 crvena ru\u017ea u kutiji - Cve\u0107ara Provansa Dekor Beograd - Dostava Cve\u0107a\"},{\"@type\":\"BreadcrumbList\",\"@id\":\"https:\/\/provansadekor.rs\/proizvod\/101-crvena-ruza-u-kutiji\/#breadcrumb\",\"itemListElement\":[{\"@type\":\"ListItem\",\"position\":1,\"name\":\"\u041f\u043e\u0447\u0435\u0442\u043d\u0430\",\"item\":\"https:\/\/provansadekor.rs\/\"},{\"@type\":\"ListItem\",\"position\":2,\"name\":\"\u041f\u0440\u043e\u0438\u0437\u0432\u043e\u0434\u0438\",\"item\":\"https:\/\/provansadekor.rs\/shop\/\"},{\"@type\":\"ListItem\",\"position\":3,\"name\":\"101 Ru\u017ea za trenutke senzacije\"}]},{\"@type\":\"WebSite\",\"@id\":\"https:\/\/provansadekor.rs\/#website\",\"url\":\"https:\/\/provansadekor.rs\/\",\"name\":\"Provansa Dekor\",\"description\":\"Dostava cve\u0107a Beograd - Organizacija i Dekoracija doga\u0111aja - Ure\u0111enje zelenih povr\u0161ina\",\"publisher\":{\"@id\":\"https:\/\/provansadekor.rs\/#organization\"},\"potentialAction\":[{\"@type\":\"SearchAction\",\"target\":{\"@type\":\"EntryPoint\",\"urlTemplate\":\"https:\/\/provansadekor.rs\/?s={search_term_string}\"},\"query-input\":{\"@type\":\"PropertyValueSpecification\",\"valueRequired\":true,\"valueName\":\"search_term_string\"}}],\"inLanguage\":\"en-US\"},{\"@type\":\"Organization\",\"@id\":\"https:\/\/provansadekor.rs\/#organization\",\"name\":\"Provansa Dekor Cve\u0107ara Beograd\",\"url\":\"https:\/\/provansadekor.rs\/\",\"logo\":{\"@type\":\"ImageObject\",\"inLanguage\":\"en-US\",\"@id\":\"https:\/\/provansadekor.rs\/#\/schema\/logo\/image\/\",\"url\":\"https:\/\/provansadekor.rs\/wp-content\/uploads\/2022\/03\/logo-provansa.jpg\",\"contentUrl\":\"https:\/\/provansadekor.rs\/wp-content\/uploads\/2022\/03\/logo-provansa.jpg\",\"width\":200,\"height\":200,\"caption\":\"Provansa Dekor Cve\u0107ara Beograd\"},\"image\":{\"@id\":\"https:\/\/provansadekor.rs\/#\/schema\/logo\/image\/\"},\"sameAs\":[\"https:\/\/www.facebook.com\/provansadekor\",\"https:\/\/www.instagram.com\/provansadekor\/\"]}]}<\/script>\n<!-- \/ Yoast SEO Premium plugin. -->","yoast_head_json":{"title":"101 Red rose in a box for love - Provence Decor","description":"101 Red roses in a box will be delivered to your loved one when you want it, perfect for taking pictures, be sure it will make a beautiful photo.","robots":{"index":"index","follow":"follow","max-snippet":"max-snippet:-1","max-image-preview":"max-image-preview:large","max-video-preview":"max-video-preview:-1"},"canonical":"https:\/\/provansadekor.rs\/en\/proizvod\/101-red-rose-in-a-box\/","og_locale":"en_US","og_type":"article","og_title":"101 Ru\u017ea za trenutke senzacije","og_description":"101 Crvena ru\u017ea u kutiji bi\u0107e dostavljena va\u0161oj dragoj osobi kada vi to po\u017eelite, savr\u0161ene za slikanje, budite sigurni da \u0107e napraviti predivne fotografija.","og_url":"https:\/\/provansadekor.rs\/en\/proizvod\/101-red-rose-in-a-box\/","og_site_name":"Provansa Dekor","article_publisher":"https:\/\/www.facebook.com\/provansadekor","article_modified_time":"2026-03-18T15:22:27+00:00","og_image":[{"width":1280,"height":1280,"url":"https:\/\/provansadekor.rs\/wp-content\/uploads\/2019\/09\/box-101-1.jpg","type":"image\/jpeg"}],"twitter_card":"summary_large_image","twitter_misc":{"Est. reading time":"1 minute"},"schema":{"@context":"https:\/\/schema.org","@graph":[{"@type":["WebPage","ItemPage"],"@id":"https:\/\/provansadekor.rs\/proizvod\/101-crvena-ruza-u-kutiji\/","url":"https:\/\/provansadekor.rs\/proizvod\/101-crvena-ruza-u-kutiji\/","name":"101 Red rose in a box for love - Provence Decor","isPartOf":{"@id":"https:\/\/provansadekor.rs\/#website"},"primaryImageOfPage":{"@id":"https:\/\/provansadekor.rs\/proizvod\/101-crvena-ruza-u-kutiji\/#primaryimage"},"image":{"@id":"https:\/\/provansadekor.rs\/proizvod\/101-crvena-ruza-u-kutiji\/#primaryimage"},"thumbnailUrl":"https:\/\/provansadekor.rs\/wp-content\/uploads\/2019\/09\/box-101-1.jpg","datePublished":"2019-09-03T17:21:15+00:00","dateModified":"2026-03-18T15:22:27+00:00","description":"101 Red roses in a box will be delivered to your loved one when you want it, perfect for taking pictures, be sure it will make a beautiful photo.","breadcrumb":{"@id":"https:\/\/provansadekor.rs\/proizvod\/101-crvena-ruza-u-kutiji\/#breadcrumb"},"inLanguage":"en-US","potentialAction":[{"@type":"ReadAction","target":["https:\/\/provansadekor.rs\/proizvod\/101-crvena-ruza-u-kutiji\/"]}]},{"@type":"ImageObject","inLanguage":"en-US","@id":"https:\/\/provansadekor.rs\/proizvod\/101-crvena-ruza-u-kutiji\/#primaryimage","url":"https:\/\/provansadekor.rs\/wp-content\/uploads\/2019\/09\/box-101-1.jpg","contentUrl":"https:\/\/provansadekor.rs\/wp-content\/uploads\/2019\/09\/box-101-1.jpg","width":1280,"height":1280,"caption":"101 crvena ru\u017ea u kutiji - Cve\u0107ara Provansa Dekor Beograd - Dostava Cve\u0107a"},{"@type":"BreadcrumbList","@id":"https:\/\/provansadekor.rs\/proizvod\/101-crvena-ruza-u-kutiji\/#breadcrumb","itemListElement":[{"@type":"ListItem","position":1,"name":"\u041f\u043e\u0447\u0435\u0442\u043d\u0430","item":"https:\/\/provansadekor.rs\/"},{"@type":"ListItem","position":2,"name":"\u041f\u0440\u043e\u0438\u0437\u0432\u043e\u0434\u0438","item":"https:\/\/provansadekor.rs\/shop\/"},{"@type":"ListItem","position":3,"name":"101 Ru\u017ea za trenutke senzacije"}]},{"@type":"WebSite","@id":"https:\/\/provansadekor.rs\/#website","url":"https:\/\/provansadekor.rs\/","name":"Provence Decor","description":"Flower delivery Belgrade - Event organization and decoration - Landscaping","publisher":{"@id":"https:\/\/provansadekor.rs\/#organization"},"potentialAction":[{"@type":"SearchAction","target":{"@type":"EntryPoint","urlTemplate":"https:\/\/provansadekor.rs\/?s={search_term_string}"},"query-input":{"@type":"PropertyValueSpecification","valueRequired":true,"valueName":"search_term_string"}}],"inLanguage":"en-US"},{"@type":"Organization","@id":"https:\/\/provansadekor.rs\/#organization","name":"Provence Decor Flower Shop Belgrade","url":"https:\/\/provansadekor.rs\/","logo":{"@type":"ImageObject","inLanguage":"en-US","@id":"https:\/\/provansadekor.rs\/#\/schema\/logo\/image\/","url":"https:\/\/provansadekor.rs\/wp-content\/uploads\/2022\/03\/logo-provansa.jpg","contentUrl":"https:\/\/provansadekor.rs\/wp-content\/uploads\/2022\/03\/logo-provansa.jpg","width":200,"height":200,"caption":"Provansa Dekor Cve\u0107ara Beograd"},"image":{"@id":"https:\/\/provansadekor.rs\/#\/schema\/logo\/image\/"},"sameAs":["https:\/\/www.facebook.com\/provansadekor","https:\/\/www.instagram.com\/provansadekor\/"]}]}},"_links":{"self":[{"href":"https:\/\/provansadekor.rs\/en\/wp-json\/wp\/v2\/product\/4504","targetHints":{"allow":["GET"]}}],"collection":[{"href":"https:\/\/provansadekor.rs\/en\/wp-json\/wp\/v2\/product"}],"about":[{"href":"https:\/\/provansadekor.rs\/en\/wp-json\/wp\/v2\/types\/product"}],"version-history":[{"count":6,"href":"https:\/\/provansadekor.rs\/en\/wp-json\/wp\/v2\/product\/4504\/revisions"}],"predecessor-version":[{"id":70607,"href":"https:\/\/provansadekor.rs\/en\/wp-json\/wp\/v2\/product\/4504\/revisions\/70607"}],"wp:featuredmedia":[{"embeddable":true,"href":"https:\/\/provansadekor.rs\/en\/wp-json\/wp\/v2\/media\/4508"}],"wp:attachment":[{"href":"https:\/\/provansadekor.rs\/en\/wp-json\/wp\/v2\/media?parent=4504"}],"wp:term":[{"taxonomy":"product_brand","embeddable":true,"href":"https:\/\/provansadekor.rs\/en\/wp-json\/wp\/v2\/product_brand?post=4504"},{"taxonomy":"product_cat","embeddable":true,"href":"https:\/\/provansadekor.rs\/en\/wp-json\/wp\/v2\/product_cat?post=4504"},{"taxonomy":"product_tag","embeddable":true,"href":"https:\/\/provansadekor.rs\/en\/wp-json\/wp\/v2\/product_tag?post=4504"}],"curies":[{"name":"wp","href":"https:\/\/api.w.org\/{rel}","templated":true}]}}