{"id":4486,"date":"2019-08-19T21:37:18","date_gmt":"2019-08-19T19:37:18","guid":{"rendered":"http:\/\/provansadekor.rs\/?post_type=product&#038;p=4486"},"modified":"2026-03-18T16:22:53","modified_gmt":"2026-03-18T15:22:53","slug":"101-ruza-za-strasti-u-korpi","status":"publish","type":"product","link":"https:\/\/provansadekor.rs\/en\/proizvod\/101-roses-for-passions-in-a-basket\/","title":{"rendered":"101 Rose for passions in a basket"},"content":{"rendered":"<h2>101 A rose in a large basket<\/h2>\n<p><a href=\"https:\/\/provansadekor.rs\/kategorija-proizvoda\/101-ruza\/\"><strong>101 roses <\/strong><\/a>in a large basket that will ignite the fire in her eyes and awaken passion.<\/p>\n<p><em>Kinds of <strong>flowers in an arrangement<\/strong>in<\/em>:<strong> red roses<\/strong>.<\/p>\n<p><em>Accompanying decoration<\/em>: wicker basket, small teddy bear.<\/p>\n<p>Give her a white wicker basket full of red roses. You can later use the basket for picnics, for painting, for fruit, and the most important thing is that using it will always remind you of this fantastic gift. Always here for you!<\/p>\n<h2 style=\"text-align: center;\"><a href=\"https:\/\/provansadekor.rs\/online-cvecara\/\">Flower delivery<em><strong>\u0107a, Belgrade<\/strong><\/em><\/a><\/h2>","protected":false},"excerpt":{"rendered":"<p>101 Ru\u017ea u velikoj korpi 101 Ru\u017ea u velikoj korpi koja \u0107e u njenim o\u010dima raspiriti \u017ear i probuditi strast. Vrste cve\u0107a u aran\u017emanu: crvene ru\u017ee. Prate\u0107a dekoracija: pletena korpa od pru\u0107a, mali pli\u0161ani meda. Poklonite joj belu pletenu korpu prepunu crvenih ru\u017ea. Korpu mo\u017eete kasnije\u00a0 koristiti za piknike, za slikanje, za vo\u0107e, a najva\u017enije [&hellip;]<\/p>","protected":false},"featured_media":64527,"template":"","meta":[],"product_brand":[],"product_cat":[162],"product_tag":[319,318],"class_list":{"0":"post-4486","1":"product","2":"type-product","3":"status-publish","4":"has-post-thumbnail","6":"product_cat-101-ruza","7":"product_tag-101-crvena-ruza","8":"product_tag-crvene-ruze","10":"first","11":"instock","12":"shipping-taxable","13":"purchasable","14":"product-type-simple"},"yoast_head":"<!-- This site is optimized with the Yoast SEO Premium plugin v20.9 (Yoast SEO v26.5) - https:\/\/yoast.com\/wordpress\/plugins\/seo\/ -->\n<title>101 Ru\u017ea u velikoj korpi strasti &#8211; Provansa Dekor<\/title>\n<meta name=\"description\" content=\"101 Ru\u017ea u velikoj korpi pravi je poklon prepun crvenih ru\u017ea. Korpu mo\u017eete kasnije\u00a0 koristiti za piknike, za slikanje ili vo\u0107e.\" \/>\n<meta name=\"robots\" content=\"index, follow, max-snippet:-1, max-image-preview:large, max-video-preview:-1\" \/>\n<link rel=\"canonical\" href=\"https:\/\/provansadekor.rs\/en\/proizvod\/101-roses-for-passions-in-a-basket\/\" \/>\n<meta property=\"og:locale\" content=\"en_US\" \/>\n<meta property=\"og:type\" content=\"article\" \/>\n<meta property=\"og:title\" content=\"101 Ru\u017ea za strasti u korpi\" \/>\n<meta property=\"og:description\" content=\"101 Ru\u017ea u velikoj korpi pravi je poklon prepun crvenih ru\u017ea. Korpu mo\u017eete kasnije\u00a0 koristiti za piknike, za slikanje ili vo\u0107e.\" \/>\n<meta property=\"og:url\" content=\"https:\/\/provansadekor.rs\/en\/proizvod\/101-roses-for-passions-in-a-basket\/\" \/>\n<meta property=\"og:site_name\" content=\"Provansa Dekor\" \/>\n<meta property=\"article:publisher\" content=\"https:\/\/www.facebook.com\/provansadekor\" \/>\n<meta property=\"article:modified_time\" content=\"2026-03-18T15:22:53+00:00\" \/>\n<meta property=\"og:image\" content=\"https:\/\/provansadekor.rs\/wp-content\/uploads\/2022\/08\/44.jpg\" \/>\n\t<meta property=\"og:image:width\" content=\"900\" \/>\n\t<meta property=\"og:image:height\" content=\"900\" \/>\n\t<meta property=\"og:image:type\" content=\"image\/jpeg\" \/>\n<meta name=\"twitter:card\" content=\"summary_large_image\" \/>\n<meta name=\"twitter:label1\" content=\"Est. reading time\" \/>\n\t<meta name=\"twitter:data1\" content=\"1 minute\" \/>\n<script type=\"application\/ld+json\" class=\"yoast-schema-graph\">{\"@context\":\"https:\/\/schema.org\",\"@graph\":[{\"@type\":[\"WebPage\",\"ItemPage\"],\"@id\":\"https:\/\/provansadekor.rs\/proizvod\/101-ruza-za-strasti-u-korpi\/\",\"url\":\"https:\/\/provansadekor.rs\/proizvod\/101-ruza-za-strasti-u-korpi\/\",\"name\":\"101 Ru\u017ea u velikoj korpi strasti &#8211; Provansa Dekor\",\"isPartOf\":{\"@id\":\"https:\/\/provansadekor.rs\/#website\"},\"primaryImageOfPage\":{\"@id\":\"https:\/\/provansadekor.rs\/proizvod\/101-ruza-za-strasti-u-korpi\/#primaryimage\"},\"image\":{\"@id\":\"https:\/\/provansadekor.rs\/proizvod\/101-ruza-za-strasti-u-korpi\/#primaryimage\"},\"thumbnailUrl\":\"https:\/\/provansadekor.rs\/wp-content\/uploads\/2022\/08\/44.jpg\",\"datePublished\":\"2019-08-19T19:37:18+00:00\",\"dateModified\":\"2026-03-18T15:22:53+00:00\",\"description\":\"101 Ru\u017ea u velikoj korpi pravi je poklon prepun crvenih ru\u017ea. Korpu mo\u017eete kasnije\u00a0 koristiti za piknike, za slikanje ili vo\u0107e.\",\"breadcrumb\":{\"@id\":\"https:\/\/provansadekor.rs\/proizvod\/101-ruza-za-strasti-u-korpi\/#breadcrumb\"},\"inLanguage\":\"en-US\",\"potentialAction\":[{\"@type\":\"ReadAction\",\"target\":[\"https:\/\/provansadekor.rs\/proizvod\/101-ruza-za-strasti-u-korpi\/\"]}]},{\"@type\":\"ImageObject\",\"inLanguage\":\"en-US\",\"@id\":\"https:\/\/provansadekor.rs\/proizvod\/101-ruza-za-strasti-u-korpi\/#primaryimage\",\"url\":\"https:\/\/provansadekor.rs\/wp-content\/uploads\/2022\/08\/44.jpg\",\"contentUrl\":\"https:\/\/provansadekor.rs\/wp-content\/uploads\/2022\/08\/44.jpg\",\"width\":900,\"height\":900,\"caption\":\"101 Ru\u017ea u korpi - Cve\u0107ara Provansa Dekor - Dostava Cve\u0107a Beograd\"},{\"@type\":\"BreadcrumbList\",\"@id\":\"https:\/\/provansadekor.rs\/proizvod\/101-ruza-za-strasti-u-korpi\/#breadcrumb\",\"itemListElement\":[{\"@type\":\"ListItem\",\"position\":1,\"name\":\"\u041f\u043e\u0447\u0435\u0442\u043d\u0430\",\"item\":\"https:\/\/provansadekor.rs\/\"},{\"@type\":\"ListItem\",\"position\":2,\"name\":\"\u041f\u0440\u043e\u0438\u0437\u0432\u043e\u0434\u0438\",\"item\":\"https:\/\/provansadekor.rs\/shop\/\"},{\"@type\":\"ListItem\",\"position\":3,\"name\":\"101 Ru\u017ea za strasti u korpi\"}]},{\"@type\":\"WebSite\",\"@id\":\"https:\/\/provansadekor.rs\/#website\",\"url\":\"https:\/\/provansadekor.rs\/\",\"name\":\"Provansa Dekor\",\"description\":\"Dostava cve\u0107a Beograd - Organizacija i Dekoracija doga\u0111aja - Ure\u0111enje zelenih povr\u0161ina\",\"publisher\":{\"@id\":\"https:\/\/provansadekor.rs\/#organization\"},\"potentialAction\":[{\"@type\":\"SearchAction\",\"target\":{\"@type\":\"EntryPoint\",\"urlTemplate\":\"https:\/\/provansadekor.rs\/?s={search_term_string}\"},\"query-input\":{\"@type\":\"PropertyValueSpecification\",\"valueRequired\":true,\"valueName\":\"search_term_string\"}}],\"inLanguage\":\"en-US\"},{\"@type\":\"Organization\",\"@id\":\"https:\/\/provansadekor.rs\/#organization\",\"name\":\"Provansa Dekor Cve\u0107ara Beograd\",\"url\":\"https:\/\/provansadekor.rs\/\",\"logo\":{\"@type\":\"ImageObject\",\"inLanguage\":\"en-US\",\"@id\":\"https:\/\/provansadekor.rs\/#\/schema\/logo\/image\/\",\"url\":\"https:\/\/provansadekor.rs\/wp-content\/uploads\/2022\/03\/logo-provansa.jpg\",\"contentUrl\":\"https:\/\/provansadekor.rs\/wp-content\/uploads\/2022\/03\/logo-provansa.jpg\",\"width\":200,\"height\":200,\"caption\":\"Provansa Dekor Cve\u0107ara Beograd\"},\"image\":{\"@id\":\"https:\/\/provansadekor.rs\/#\/schema\/logo\/image\/\"},\"sameAs\":[\"https:\/\/www.facebook.com\/provansadekor\",\"https:\/\/www.instagram.com\/provansadekor\/\"]}]}<\/script>\n<!-- \/ Yoast SEO Premium plugin. -->","yoast_head_json":{"title":"101 Rose in a big basket of passion - Provence Decor","description":"101 A rose in a large basket is a real gift full of red roses. You can later use the basket for picnics, for painting or fruit.","robots":{"index":"index","follow":"follow","max-snippet":"max-snippet:-1","max-image-preview":"max-image-preview:large","max-video-preview":"max-video-preview:-1"},"canonical":"https:\/\/provansadekor.rs\/en\/proizvod\/101-roses-for-passions-in-a-basket\/","og_locale":"en_US","og_type":"article","og_title":"101 Ru\u017ea za strasti u korpi","og_description":"101 Ru\u017ea u velikoj korpi pravi je poklon prepun crvenih ru\u017ea. Korpu mo\u017eete kasnije\u00a0 koristiti za piknike, za slikanje ili vo\u0107e.","og_url":"https:\/\/provansadekor.rs\/en\/proizvod\/101-roses-for-passions-in-a-basket\/","og_site_name":"Provansa Dekor","article_publisher":"https:\/\/www.facebook.com\/provansadekor","article_modified_time":"2026-03-18T15:22:53+00:00","og_image":[{"width":900,"height":900,"url":"https:\/\/provansadekor.rs\/wp-content\/uploads\/2022\/08\/44.jpg","type":"image\/jpeg"}],"twitter_card":"summary_large_image","twitter_misc":{"Est. reading time":"1 minute"},"schema":{"@context":"https:\/\/schema.org","@graph":[{"@type":["WebPage","ItemPage"],"@id":"https:\/\/provansadekor.rs\/proizvod\/101-ruza-za-strasti-u-korpi\/","url":"https:\/\/provansadekor.rs\/proizvod\/101-ruza-za-strasti-u-korpi\/","name":"101 Rose in a big basket of passion - Provence Decor","isPartOf":{"@id":"https:\/\/provansadekor.rs\/#website"},"primaryImageOfPage":{"@id":"https:\/\/provansadekor.rs\/proizvod\/101-ruza-za-strasti-u-korpi\/#primaryimage"},"image":{"@id":"https:\/\/provansadekor.rs\/proizvod\/101-ruza-za-strasti-u-korpi\/#primaryimage"},"thumbnailUrl":"https:\/\/provansadekor.rs\/wp-content\/uploads\/2022\/08\/44.jpg","datePublished":"2019-08-19T19:37:18+00:00","dateModified":"2026-03-18T15:22:53+00:00","description":"101 A rose in a large basket is a real gift full of red roses. You can later use the basket for picnics, for painting or fruit.","breadcrumb":{"@id":"https:\/\/provansadekor.rs\/proizvod\/101-ruza-za-strasti-u-korpi\/#breadcrumb"},"inLanguage":"en-US","potentialAction":[{"@type":"ReadAction","target":["https:\/\/provansadekor.rs\/proizvod\/101-ruza-za-strasti-u-korpi\/"]}]},{"@type":"ImageObject","inLanguage":"en-US","@id":"https:\/\/provansadekor.rs\/proizvod\/101-ruza-za-strasti-u-korpi\/#primaryimage","url":"https:\/\/provansadekor.rs\/wp-content\/uploads\/2022\/08\/44.jpg","contentUrl":"https:\/\/provansadekor.rs\/wp-content\/uploads\/2022\/08\/44.jpg","width":900,"height":900,"caption":"101 Ru\u017ea u korpi - Cve\u0107ara Provansa Dekor - Dostava Cve\u0107a Beograd"},{"@type":"BreadcrumbList","@id":"https:\/\/provansadekor.rs\/proizvod\/101-ruza-za-strasti-u-korpi\/#breadcrumb","itemListElement":[{"@type":"ListItem","position":1,"name":"\u041f\u043e\u0447\u0435\u0442\u043d\u0430","item":"https:\/\/provansadekor.rs\/"},{"@type":"ListItem","position":2,"name":"\u041f\u0440\u043e\u0438\u0437\u0432\u043e\u0434\u0438","item":"https:\/\/provansadekor.rs\/shop\/"},{"@type":"ListItem","position":3,"name":"101 Ru\u017ea za strasti u korpi"}]},{"@type":"WebSite","@id":"https:\/\/provansadekor.rs\/#website","url":"https:\/\/provansadekor.rs\/","name":"Provence Decor","description":"Flower delivery Belgrade - Event organization and decoration - Landscaping","publisher":{"@id":"https:\/\/provansadekor.rs\/#organization"},"potentialAction":[{"@type":"SearchAction","target":{"@type":"EntryPoint","urlTemplate":"https:\/\/provansadekor.rs\/?s={search_term_string}"},"query-input":{"@type":"PropertyValueSpecification","valueRequired":true,"valueName":"search_term_string"}}],"inLanguage":"en-US"},{"@type":"Organization","@id":"https:\/\/provansadekor.rs\/#organization","name":"Provence Decor Flower Shop Belgrade","url":"https:\/\/provansadekor.rs\/","logo":{"@type":"ImageObject","inLanguage":"en-US","@id":"https:\/\/provansadekor.rs\/#\/schema\/logo\/image\/","url":"https:\/\/provansadekor.rs\/wp-content\/uploads\/2022\/03\/logo-provansa.jpg","contentUrl":"https:\/\/provansadekor.rs\/wp-content\/uploads\/2022\/03\/logo-provansa.jpg","width":200,"height":200,"caption":"Provansa Dekor Cve\u0107ara Beograd"},"image":{"@id":"https:\/\/provansadekor.rs\/#\/schema\/logo\/image\/"},"sameAs":["https:\/\/www.facebook.com\/provansadekor","https:\/\/www.instagram.com\/provansadekor\/"]}]}},"_links":{"self":[{"href":"https:\/\/provansadekor.rs\/en\/wp-json\/wp\/v2\/product\/4486","targetHints":{"allow":["GET"]}}],"collection":[{"href":"https:\/\/provansadekor.rs\/en\/wp-json\/wp\/v2\/product"}],"about":[{"href":"https:\/\/provansadekor.rs\/en\/wp-json\/wp\/v2\/types\/product"}],"version-history":[{"count":10,"href":"https:\/\/provansadekor.rs\/en\/wp-json\/wp\/v2\/product\/4486\/revisions"}],"predecessor-version":[{"id":70609,"href":"https:\/\/provansadekor.rs\/en\/wp-json\/wp\/v2\/product\/4486\/revisions\/70609"}],"wp:featuredmedia":[{"embeddable":true,"href":"https:\/\/provansadekor.rs\/en\/wp-json\/wp\/v2\/media\/64527"}],"wp:attachment":[{"href":"https:\/\/provansadekor.rs\/en\/wp-json\/wp\/v2\/media?parent=4486"}],"wp:term":[{"taxonomy":"product_brand","embeddable":true,"href":"https:\/\/provansadekor.rs\/en\/wp-json\/wp\/v2\/product_brand?post=4486"},{"taxonomy":"product_cat","embeddable":true,"href":"https:\/\/provansadekor.rs\/en\/wp-json\/wp\/v2\/product_cat?post=4486"},{"taxonomy":"product_tag","embeddable":true,"href":"https:\/\/provansadekor.rs\/en\/wp-json\/wp\/v2\/product_tag?post=4486"}],"curies":[{"name":"wp","href":"https:\/\/api.w.org\/{rel}","templated":true}]}}