{"id":4472,"date":"2019-08-15T14:10:30","date_gmt":"2019-08-15T12:10:30","guid":{"rendered":"http:\/\/provansadekor.rs\/?post_type=product&#038;p=4472"},"modified":"2026-03-07T16:05:29","modified_gmt":"2026-03-07T15:05:29","slug":"rustican-aranzman-ruza-sa-picem-i-cokoladom","status":"publish","type":"product","link":"https:\/\/provansadekor.rs\/en\/proizvod\/rustican-arrangement-rose-with-pizza-and-chocolate\/","title":{"rendered":"A rustic arrangement of roses with a drink and chocolate"},"content":{"rendered":"<p><em>Types of flowers in <strong>arrangement<\/strong><\/em>: apricot <strong>roses<\/strong>, senecia, pampas.<\/p>\n<p><em>Accompanying decoration<\/em>: white box, striped white-brown ribbon bow, Moet drink, Ferrero Rocher chocolate.<\/p>\n<p>Melt someone&#039;s heart with this interesting combination of cheerful apricots <strong>a rose<\/strong> and rustic packaging, sweeten your day with chocolate pralines and warm your soul with a drink.<\/p>\n<p>A complete experience is hidden in ours<strong> online florists<\/strong> along with <strong>home delivery<\/strong>.<\/p>\n<p>Product declaration, country of origin and manufacturer are available on the label of the product itself.<\/p>\n<h2 style=\"text-align: center;\">Rose arrangement with drink and chocolate, delivery <strong>to the home address<\/strong>.<\/h2>","protected":false},"excerpt":{"rendered":"<p>Vrste cve\u0107a u aran\u017emanu: kajsija ru\u017ee, senecija, pampas. Prate\u0107a dekoracija: beli box, ma\u0161na od prugaste belo-braon trake, pi\u0107e Moet, \u010dokolada Ferrero Rocher. Istopite ne\u010dije srce ovom interesantnom kombinacijom veselih kajsija ru\u017ea i rusti\u010dnog pakovanja, zasladite dan \u010dokoladnim pralinama i zagrejte du\u0161u pi\u0107em. Jedan kompletan do\u017eivljaj krije se u na\u0161oj online cve\u0107ari uz dostavu na ku\u0107nu [&hellip;]<\/p>","protected":false},"featured_media":67013,"template":"","meta":[],"product_brand":[],"product_cat":[320,168,146],"product_tag":[],"class_list":{"0":"post-4472","1":"product","2":"type-product","3":"status-publish","4":"has-post-thumbnail","6":"product_cat-8-mart","7":"product_cat-luksuzni-aranzmani","8":"product_cat-cvece-u-kutiji","10":"first","11":"instock","12":"shipping-taxable","13":"purchasable","14":"product-type-simple"},"yoast_head":"<!-- This site is optimized with the Yoast SEO Premium plugin v20.9 (Yoast SEO v26.5) - https:\/\/yoast.com\/wordpress\/plugins\/seo\/ -->\n<title>Rusti\u010dan aran\u017eman ru\u017ea sa pi\u0107em i \u010dokoladom &#8211; Provansa Dekor<\/title>\n<meta name=\"description\" content=\"Aran\u017eman ru\u017ea sa pi\u0107em i \u010dokoladom, Kombinacija veselih ru\u017ea i rusti\u010dnog pakovanja, zasladite dan \u010dokoladnim pralinama i zagrejte du\u0161u pi\u0107em. Dostava na ku\u0107nu adresu.\" \/>\n<meta name=\"robots\" content=\"index, follow, max-snippet:-1, max-image-preview:large, max-video-preview:-1\" \/>\n<link rel=\"canonical\" href=\"https:\/\/provansadekor.rs\/en\/proizvod\/rustican-arrangement-rose-with-pizza-and-chocolate\/\" \/>\n<meta property=\"og:locale\" content=\"en_US\" \/>\n<meta property=\"og:type\" content=\"article\" \/>\n<meta property=\"og:title\" content=\"Rusti\u010dan aran\u017eman ru\u017ea sa pi\u0107em i \u010dokoladom\" \/>\n<meta property=\"og:description\" content=\"Aran\u017eman ru\u017ea sa pi\u0107em i \u010dokoladom, Kombinacija veselih ru\u017ea i rusti\u010dnog pakovanja, zasladite dan \u010dokoladnim pralinama i zagrejte du\u0161u pi\u0107em. Dostava na ku\u0107nu adresu.\" \/>\n<meta property=\"og:url\" content=\"https:\/\/provansadekor.rs\/en\/proizvod\/rustican-arrangement-rose-with-pizza-and-chocolate\/\" \/>\n<meta property=\"og:site_name\" content=\"Provansa Dekor\" \/>\n<meta property=\"article:publisher\" content=\"https:\/\/www.facebook.com\/provansadekor\" \/>\n<meta property=\"article:modified_time\" content=\"2026-03-07T15:05:29+00:00\" \/>\n<meta property=\"og:image\" content=\"https:\/\/provansadekor.rs\/wp-content\/uploads\/2022\/10\/15.jpg\" \/>\n\t<meta property=\"og:image:width\" content=\"900\" \/>\n\t<meta property=\"og:image:height\" content=\"900\" \/>\n\t<meta property=\"og:image:type\" content=\"image\/jpeg\" \/>\n<meta name=\"twitter:card\" content=\"summary_large_image\" \/>\n<meta name=\"twitter:label1\" content=\"Est. reading time\" \/>\n\t<meta name=\"twitter:data1\" content=\"1 minute\" \/>\n<script type=\"application\/ld+json\" class=\"yoast-schema-graph\">{\"@context\":\"https:\/\/schema.org\",\"@graph\":[{\"@type\":[\"WebPage\",\"ItemPage\"],\"@id\":\"https:\/\/provansadekor.rs\/proizvod\/rustican-aranzman-ruza-sa-picem-i-cokoladom\/\",\"url\":\"https:\/\/provansadekor.rs\/proizvod\/rustican-aranzman-ruza-sa-picem-i-cokoladom\/\",\"name\":\"Rusti\u010dan aran\u017eman ru\u017ea sa pi\u0107em i \u010dokoladom &#8211; Provansa Dekor\",\"isPartOf\":{\"@id\":\"https:\/\/provansadekor.rs\/#website\"},\"primaryImageOfPage\":{\"@id\":\"https:\/\/provansadekor.rs\/proizvod\/rustican-aranzman-ruza-sa-picem-i-cokoladom\/#primaryimage\"},\"image\":{\"@id\":\"https:\/\/provansadekor.rs\/proizvod\/rustican-aranzman-ruza-sa-picem-i-cokoladom\/#primaryimage\"},\"thumbnailUrl\":\"https:\/\/provansadekor.rs\/wp-content\/uploads\/2022\/10\/15.jpg\",\"datePublished\":\"2019-08-15T12:10:30+00:00\",\"dateModified\":\"2026-03-07T15:05:29+00:00\",\"description\":\"Aran\u017eman ru\u017ea sa pi\u0107em i \u010dokoladom, Kombinacija veselih ru\u017ea i rusti\u010dnog pakovanja, zasladite dan \u010dokoladnim pralinama i zagrejte du\u0161u pi\u0107em. Dostava na ku\u0107nu adresu.\",\"breadcrumb\":{\"@id\":\"https:\/\/provansadekor.rs\/proizvod\/rustican-aranzman-ruza-sa-picem-i-cokoladom\/#breadcrumb\"},\"inLanguage\":\"en-US\",\"potentialAction\":[{\"@type\":\"ReadAction\",\"target\":[\"https:\/\/provansadekor.rs\/proizvod\/rustican-aranzman-ruza-sa-picem-i-cokoladom\/\"]}]},{\"@type\":\"ImageObject\",\"inLanguage\":\"en-US\",\"@id\":\"https:\/\/provansadekor.rs\/proizvod\/rustican-aranzman-ruza-sa-picem-i-cokoladom\/#primaryimage\",\"url\":\"https:\/\/provansadekor.rs\/wp-content\/uploads\/2022\/10\/15.jpg\",\"contentUrl\":\"https:\/\/provansadekor.rs\/wp-content\/uploads\/2022\/10\/15.jpg\",\"width\":900,\"height\":900},{\"@type\":\"BreadcrumbList\",\"@id\":\"https:\/\/provansadekor.rs\/proizvod\/rustican-aranzman-ruza-sa-picem-i-cokoladom\/#breadcrumb\",\"itemListElement\":[{\"@type\":\"ListItem\",\"position\":1,\"name\":\"\u041f\u043e\u0447\u0435\u0442\u043d\u0430\",\"item\":\"https:\/\/provansadekor.rs\/\"},{\"@type\":\"ListItem\",\"position\":2,\"name\":\"\u041f\u0440\u043e\u0438\u0437\u0432\u043e\u0434\u0438\",\"item\":\"https:\/\/provansadekor.rs\/shop\/\"},{\"@type\":\"ListItem\",\"position\":3,\"name\":\"Rusti\u010dan aran\u017eman ru\u017ea sa pi\u0107em i \u010dokoladom\"}]},{\"@type\":\"WebSite\",\"@id\":\"https:\/\/provansadekor.rs\/#website\",\"url\":\"https:\/\/provansadekor.rs\/\",\"name\":\"Provansa Dekor\",\"description\":\"Dostava cve\u0107a Beograd - Organizacija i Dekoracija doga\u0111aja - Ure\u0111enje zelenih povr\u0161ina\",\"publisher\":{\"@id\":\"https:\/\/provansadekor.rs\/#organization\"},\"potentialAction\":[{\"@type\":\"SearchAction\",\"target\":{\"@type\":\"EntryPoint\",\"urlTemplate\":\"https:\/\/provansadekor.rs\/?s={search_term_string}\"},\"query-input\":{\"@type\":\"PropertyValueSpecification\",\"valueRequired\":true,\"valueName\":\"search_term_string\"}}],\"inLanguage\":\"en-US\"},{\"@type\":\"Organization\",\"@id\":\"https:\/\/provansadekor.rs\/#organization\",\"name\":\"Provansa Dekor Cve\u0107ara Beograd\",\"url\":\"https:\/\/provansadekor.rs\/\",\"logo\":{\"@type\":\"ImageObject\",\"inLanguage\":\"en-US\",\"@id\":\"https:\/\/provansadekor.rs\/#\/schema\/logo\/image\/\",\"url\":\"https:\/\/provansadekor.rs\/wp-content\/uploads\/2022\/03\/logo-provansa.jpg\",\"contentUrl\":\"https:\/\/provansadekor.rs\/wp-content\/uploads\/2022\/03\/logo-provansa.jpg\",\"width\":200,\"height\":200,\"caption\":\"Provansa Dekor Cve\u0107ara Beograd\"},\"image\":{\"@id\":\"https:\/\/provansadekor.rs\/#\/schema\/logo\/image\/\"},\"sameAs\":[\"https:\/\/www.facebook.com\/provansadekor\",\"https:\/\/www.instagram.com\/provansadekor\/\"]}]}<\/script>\n<!-- \/ Yoast SEO Premium plugin. -->","yoast_head_json":{"title":"Rustic arrangement of roses with drinks and chocolate - Provence Decor","description":"Arrangement of roses with drink and chocolate, A combination of cheerful roses and rustic packaging, sweeten your day with chocolate pralines and warm your soul with a drink. Home delivery.","robots":{"index":"index","follow":"follow","max-snippet":"max-snippet:-1","max-image-preview":"max-image-preview:large","max-video-preview":"max-video-preview:-1"},"canonical":"https:\/\/provansadekor.rs\/en\/proizvod\/rustican-arrangement-rose-with-pizza-and-chocolate\/","og_locale":"en_US","og_type":"article","og_title":"Rusti\u010dan aran\u017eman ru\u017ea sa pi\u0107em i \u010dokoladom","og_description":"Aran\u017eman ru\u017ea sa pi\u0107em i \u010dokoladom, Kombinacija veselih ru\u017ea i rusti\u010dnog pakovanja, zasladite dan \u010dokoladnim pralinama i zagrejte du\u0161u pi\u0107em. Dostava na ku\u0107nu adresu.","og_url":"https:\/\/provansadekor.rs\/en\/proizvod\/rustican-arrangement-rose-with-pizza-and-chocolate\/","og_site_name":"Provansa Dekor","article_publisher":"https:\/\/www.facebook.com\/provansadekor","article_modified_time":"2026-03-07T15:05:29+00:00","og_image":[{"width":900,"height":900,"url":"https:\/\/provansadekor.rs\/wp-content\/uploads\/2022\/10\/15.jpg","type":"image\/jpeg"}],"twitter_card":"summary_large_image","twitter_misc":{"Est. reading time":"1 minute"},"schema":{"@context":"https:\/\/schema.org","@graph":[{"@type":["WebPage","ItemPage"],"@id":"https:\/\/provansadekor.rs\/proizvod\/rustican-aranzman-ruza-sa-picem-i-cokoladom\/","url":"https:\/\/provansadekor.rs\/proizvod\/rustican-aranzman-ruza-sa-picem-i-cokoladom\/","name":"Rustic arrangement of roses with drinks and chocolate - Provence Decor","isPartOf":{"@id":"https:\/\/provansadekor.rs\/#website"},"primaryImageOfPage":{"@id":"https:\/\/provansadekor.rs\/proizvod\/rustican-aranzman-ruza-sa-picem-i-cokoladom\/#primaryimage"},"image":{"@id":"https:\/\/provansadekor.rs\/proizvod\/rustican-aranzman-ruza-sa-picem-i-cokoladom\/#primaryimage"},"thumbnailUrl":"https:\/\/provansadekor.rs\/wp-content\/uploads\/2022\/10\/15.jpg","datePublished":"2019-08-15T12:10:30+00:00","dateModified":"2026-03-07T15:05:29+00:00","description":"Arrangement of roses with drink and chocolate, A combination of cheerful roses and rustic packaging, sweeten your day with chocolate pralines and warm your soul with a drink. Home delivery.","breadcrumb":{"@id":"https:\/\/provansadekor.rs\/proizvod\/rustican-aranzman-ruza-sa-picem-i-cokoladom\/#breadcrumb"},"inLanguage":"en-US","potentialAction":[{"@type":"ReadAction","target":["https:\/\/provansadekor.rs\/proizvod\/rustican-aranzman-ruza-sa-picem-i-cokoladom\/"]}]},{"@type":"ImageObject","inLanguage":"en-US","@id":"https:\/\/provansadekor.rs\/proizvod\/rustican-aranzman-ruza-sa-picem-i-cokoladom\/#primaryimage","url":"https:\/\/provansadekor.rs\/wp-content\/uploads\/2022\/10\/15.jpg","contentUrl":"https:\/\/provansadekor.rs\/wp-content\/uploads\/2022\/10\/15.jpg","width":900,"height":900},{"@type":"BreadcrumbList","@id":"https:\/\/provansadekor.rs\/proizvod\/rustican-aranzman-ruza-sa-picem-i-cokoladom\/#breadcrumb","itemListElement":[{"@type":"ListItem","position":1,"name":"\u041f\u043e\u0447\u0435\u0442\u043d\u0430","item":"https:\/\/provansadekor.rs\/"},{"@type":"ListItem","position":2,"name":"\u041f\u0440\u043e\u0438\u0437\u0432\u043e\u0434\u0438","item":"https:\/\/provansadekor.rs\/shop\/"},{"@type":"ListItem","position":3,"name":"Rusti\u010dan aran\u017eman ru\u017ea sa pi\u0107em i \u010dokoladom"}]},{"@type":"WebSite","@id":"https:\/\/provansadekor.rs\/#website","url":"https:\/\/provansadekor.rs\/","name":"Provence Decor","description":"Flower delivery Belgrade - Event organization and decoration - Landscaping","publisher":{"@id":"https:\/\/provansadekor.rs\/#organization"},"potentialAction":[{"@type":"SearchAction","target":{"@type":"EntryPoint","urlTemplate":"https:\/\/provansadekor.rs\/?s={search_term_string}"},"query-input":{"@type":"PropertyValueSpecification","valueRequired":true,"valueName":"search_term_string"}}],"inLanguage":"en-US"},{"@type":"Organization","@id":"https:\/\/provansadekor.rs\/#organization","name":"Provence Decor Flower Shop Belgrade","url":"https:\/\/provansadekor.rs\/","logo":{"@type":"ImageObject","inLanguage":"en-US","@id":"https:\/\/provansadekor.rs\/#\/schema\/logo\/image\/","url":"https:\/\/provansadekor.rs\/wp-content\/uploads\/2022\/03\/logo-provansa.jpg","contentUrl":"https:\/\/provansadekor.rs\/wp-content\/uploads\/2022\/03\/logo-provansa.jpg","width":200,"height":200,"caption":"Provansa Dekor Cve\u0107ara Beograd"},"image":{"@id":"https:\/\/provansadekor.rs\/#\/schema\/logo\/image\/"},"sameAs":["https:\/\/www.facebook.com\/provansadekor","https:\/\/www.instagram.com\/provansadekor\/"]}]}},"_links":{"self":[{"href":"https:\/\/provansadekor.rs\/en\/wp-json\/wp\/v2\/product\/4472","targetHints":{"allow":["GET"]}}],"collection":[{"href":"https:\/\/provansadekor.rs\/en\/wp-json\/wp\/v2\/product"}],"about":[{"href":"https:\/\/provansadekor.rs\/en\/wp-json\/wp\/v2\/types\/product"}],"version-history":[{"count":7,"href":"https:\/\/provansadekor.rs\/en\/wp-json\/wp\/v2\/product\/4472\/revisions"}],"predecessor-version":[{"id":77164,"href":"https:\/\/provansadekor.rs\/en\/wp-json\/wp\/v2\/product\/4472\/revisions\/77164"}],"wp:featuredmedia":[{"embeddable":true,"href":"https:\/\/provansadekor.rs\/en\/wp-json\/wp\/v2\/media\/67013"}],"wp:attachment":[{"href":"https:\/\/provansadekor.rs\/en\/wp-json\/wp\/v2\/media?parent=4472"}],"wp:term":[{"taxonomy":"product_brand","embeddable":true,"href":"https:\/\/provansadekor.rs\/en\/wp-json\/wp\/v2\/product_brand?post=4472"},{"taxonomy":"product_cat","embeddable":true,"href":"https:\/\/provansadekor.rs\/en\/wp-json\/wp\/v2\/product_cat?post=4472"},{"taxonomy":"product_tag","embeddable":true,"href":"https:\/\/provansadekor.rs\/en\/wp-json\/wp\/v2\/product_tag?post=4472"}],"curies":[{"name":"wp","href":"https:\/\/api.w.org\/{rel}","templated":true}]}}